{"id":9999,"date":"2021-10-11T19:30:05","date_gmt":"2021-10-11T19:30:05","guid":{"rendered":"https:\/\/techmastermx.ddns.net\/producto\/sierras-para-metales-3\/"},"modified":"2023-09-13T17:01:18","modified_gmt":"2023-09-14T00:01:18","slug":"sierras-para-metales-3","status":"publish","type":"product","link":"https:\/\/techmasterdemexico.com\/en\/producto\/sierras-para-metales-3\/","title":{"rendered":"Sierras para metales"},"content":{"rendered":"<ul>\n<li>Empu\u00f1adura frontal ergon\u00f3mica para mayor comodidad y control<\/li>\n<li>Empu\u00f1adura de confort termopl\u00e1stica<\/li>\n<li>Mecanismo tensor con resorte para un cambio r\u00e1pido de la cuchilla<\/li>\n<li>Doble posicionamiento de la hoja, para corte normal a ras o en \u00e1ngulo de 55<\/li>\n<li>Alta tensi\u00f3n de la hoja para cortes m\u00e1s rectos, precisos y r\u00e1pidos<\/li>\n<li>Incluye (1) cuchilla<\/li>\n<\/ul>\n","protected":false},"excerpt":{"rendered":"<p>Empu\u00f1adura frontal ergon\u00f3mica para mayor comodidad y control Empu\u00f1adura de confort termopl\u00e1stica Mecanismo tensor con resorte para un cambio r\u00e1pido de la cuchilla Doble posicionamiento de la hoja, para corte normal a ras o en \u00e1ngulo de 55 Alta tensi\u00f3n de la hoja para cortes m\u00e1s rectos, precisos y r\u00e1pidos Incluye (1) cuchilla<\/p>\n","protected":false},"featured_media":20682,"template":"","meta":{"_acf_changed":false},"pwb-brand":[98],"product_brand":[],"product_cat":[366,289,287,48],"product_tag":[],"class_list":{"0":"post-9999","1":"product","2":"type-product","3":"status-publish","4":"has-post-thumbnail","6":"pwb-brand-snap-on","7":"product_cat-todos-los-productos","8":"product_cat-herramientas-de-corte-herramientas-manuales-generales","9":"product_cat-herramientas-manuales-generales","10":"product_cat-snap-on","12":"first","13":"instock","14":"taxable","15":"shipping-taxable","16":"product-type-simple"},"acf":[],"yoast_head":"<!-- This site is optimized with the Yoast SEO plugin v27.2 - https:\/\/yoast.com\/product\/yoast-seo-wordpress\/ -->\n<title>Sierras para metales - Techmaster de Mexico<\/title>\n<meta name=\"robots\" content=\"index, follow, max-snippet:-1, max-image-preview:large, max-video-preview:-1\" \/>\n<link rel=\"canonical\" href=\"https:\/\/techmasterdemexico.com\/producto\/sierras-para-metales-3\/\" \/>\n<meta property=\"og:locale\" content=\"en_US\" \/>\n<meta property=\"og:type\" content=\"article\" \/>\n<meta property=\"og:title\" content=\"Sierras para metales - Techmaster de Mexico\" \/>\n<meta property=\"og:description\" content=\"Empu\u00f1adura frontal ergon\u00f3mica para mayor comodidad y control Empu\u00f1adura de confort termopl\u00e1stica Mecanismo tensor con resorte para un cambio r\u00e1pido de la cuchilla Doble posicionamiento de la hoja, para corte normal a ras o en \u00e1ngulo de 55 Alta tensi\u00f3n de la hoja para cortes m\u00e1s rectos, precisos y r\u00e1pidos Incluye (1) cuchilla\" \/>\n<meta property=\"og:url\" content=\"https:\/\/techmasterdemexico.com\/producto\/sierras-para-metales-3\/\" \/>\n<meta property=\"og:site_name\" content=\"Techmaster de Mexico\" \/>\n<meta property=\"article:modified_time\" content=\"2023-09-14T00:01:18+00:00\" \/>\n<meta property=\"og:image\" content=\"https:\/\/techmasterdemexico.com\/wp-content\/uploads\/snap-on-HSG325.png\" \/>\n\t<meta property=\"og:image:width\" content=\"1000\" \/>\n\t<meta property=\"og:image:height\" content=\"1000\" \/>\n\t<meta property=\"og:image:type\" content=\"image\/png\" \/>\n<meta name=\"twitter:card\" content=\"summary_large_image\" \/>\n<script type=\"application\/ld+json\" class=\"yoast-schema-graph\">{\"@context\":\"https:\/\/schema.org\",\"@graph\":[{\"@type\":\"WebPage\",\"@id\":\"https:\/\/techmasterdemexico.com\/producto\/sierras-para-metales-3\/\",\"url\":\"https:\/\/techmasterdemexico.com\/producto\/sierras-para-metales-3\/\",\"name\":\"Sierras para metales - Techmaster de Mexico\",\"isPartOf\":{\"@id\":\"https:\/\/techmasterdemexico.com\/#website\"},\"primaryImageOfPage\":{\"@id\":\"https:\/\/techmasterdemexico.com\/producto\/sierras-para-metales-3\/#primaryimage\"},\"image\":{\"@id\":\"https:\/\/techmasterdemexico.com\/producto\/sierras-para-metales-3\/#primaryimage\"},\"thumbnailUrl\":\"https:\/\/techmasterdemexico.com\/wp-content\/uploads\/snap-on-HSG325.png\",\"datePublished\":\"2021-10-11T19:30:05+00:00\",\"dateModified\":\"2023-09-14T00:01:18+00:00\",\"breadcrumb\":{\"@id\":\"https:\/\/techmasterdemexico.com\/producto\/sierras-para-metales-3\/#breadcrumb\"},\"inLanguage\":\"en-US\",\"potentialAction\":[{\"@type\":\"ReadAction\",\"target\":[\"https:\/\/techmasterdemexico.com\/producto\/sierras-para-metales-3\/\"]}]},{\"@type\":\"ImageObject\",\"inLanguage\":\"en-US\",\"@id\":\"https:\/\/techmasterdemexico.com\/producto\/sierras-para-metales-3\/#primaryimage\",\"url\":\"https:\/\/techmasterdemexico.com\/wp-content\/uploads\/snap-on-HSG325.png\",\"contentUrl\":\"https:\/\/techmasterdemexico.com\/wp-content\/uploads\/snap-on-HSG325.png\",\"width\":1000,\"height\":1000},{\"@type\":\"BreadcrumbList\",\"@id\":\"https:\/\/techmasterdemexico.com\/producto\/sierras-para-metales-3\/#breadcrumb\",\"itemListElement\":[{\"@type\":\"ListItem\",\"position\":1,\"name\":\"Portada\",\"item\":\"https:\/\/techmasterdemexico.com\/\"},{\"@type\":\"ListItem\",\"position\":2,\"name\":\"Sierras para metales\"}]},{\"@type\":\"WebSite\",\"@id\":\"https:\/\/techmasterdemexico.com\/#website\",\"url\":\"https:\/\/techmasterdemexico.com\/\",\"name\":\"Techmaster de Mexico\",\"description\":\"\",\"potentialAction\":[{\"@type\":\"SearchAction\",\"target\":{\"@type\":\"EntryPoint\",\"urlTemplate\":\"https:\/\/techmasterdemexico.com\/?s={search_term_string}\"},\"query-input\":{\"@type\":\"PropertyValueSpecification\",\"valueRequired\":true,\"valueName\":\"search_term_string\"}}],\"inLanguage\":\"en-US\"}]}<\/script>\n<!-- \/ Yoast SEO plugin. -->","yoast_head_json":{"title":"Sierras para metales - Techmaster de Mexico","robots":{"index":"index","follow":"follow","max-snippet":"max-snippet:-1","max-image-preview":"max-image-preview:large","max-video-preview":"max-video-preview:-1"},"canonical":"https:\/\/techmasterdemexico.com\/producto\/sierras-para-metales-3\/","og_locale":"en_US","og_type":"article","og_title":"Sierras para metales - Techmaster de Mexico","og_description":"Empu\u00f1adura frontal ergon\u00f3mica para mayor comodidad y control Empu\u00f1adura de confort termopl\u00e1stica Mecanismo tensor con resorte para un cambio r\u00e1pido de la cuchilla Doble posicionamiento de la hoja, para corte normal a ras o en \u00e1ngulo de 55 Alta tensi\u00f3n de la hoja para cortes m\u00e1s rectos, precisos y r\u00e1pidos Incluye (1) cuchilla","og_url":"https:\/\/techmasterdemexico.com\/producto\/sierras-para-metales-3\/","og_site_name":"Techmaster de Mexico","article_modified_time":"2023-09-14T00:01:18+00:00","og_image":[{"width":1000,"height":1000,"url":"https:\/\/techmasterdemexico.com\/wp-content\/uploads\/snap-on-HSG325.png","type":"image\/png"}],"twitter_card":"summary_large_image","schema":{"@context":"https:\/\/schema.org","@graph":[{"@type":"WebPage","@id":"https:\/\/techmasterdemexico.com\/producto\/sierras-para-metales-3\/","url":"https:\/\/techmasterdemexico.com\/producto\/sierras-para-metales-3\/","name":"Sierras para metales - Techmaster de Mexico","isPartOf":{"@id":"https:\/\/techmasterdemexico.com\/#website"},"primaryImageOfPage":{"@id":"https:\/\/techmasterdemexico.com\/producto\/sierras-para-metales-3\/#primaryimage"},"image":{"@id":"https:\/\/techmasterdemexico.com\/producto\/sierras-para-metales-3\/#primaryimage"},"thumbnailUrl":"https:\/\/techmasterdemexico.com\/wp-content\/uploads\/snap-on-HSG325.png","datePublished":"2021-10-11T19:30:05+00:00","dateModified":"2023-09-14T00:01:18+00:00","breadcrumb":{"@id":"https:\/\/techmasterdemexico.com\/producto\/sierras-para-metales-3\/#breadcrumb"},"inLanguage":"en-US","potentialAction":[{"@type":"ReadAction","target":["https:\/\/techmasterdemexico.com\/producto\/sierras-para-metales-3\/"]}]},{"@type":"ImageObject","inLanguage":"en-US","@id":"https:\/\/techmasterdemexico.com\/producto\/sierras-para-metales-3\/#primaryimage","url":"https:\/\/techmasterdemexico.com\/wp-content\/uploads\/snap-on-HSG325.png","contentUrl":"https:\/\/techmasterdemexico.com\/wp-content\/uploads\/snap-on-HSG325.png","width":1000,"height":1000},{"@type":"BreadcrumbList","@id":"https:\/\/techmasterdemexico.com\/producto\/sierras-para-metales-3\/#breadcrumb","itemListElement":[{"@type":"ListItem","position":1,"name":"Portada","item":"https:\/\/techmasterdemexico.com\/"},{"@type":"ListItem","position":2,"name":"Sierras para metales"}]},{"@type":"WebSite","@id":"https:\/\/techmasterdemexico.com\/#website","url":"https:\/\/techmasterdemexico.com\/","name":"Techmaster de Mexico","description":"","potentialAction":[{"@type":"SearchAction","target":{"@type":"EntryPoint","urlTemplate":"https:\/\/techmasterdemexico.com\/?s={search_term_string}"},"query-input":{"@type":"PropertyValueSpecification","valueRequired":true,"valueName":"search_term_string"}}],"inLanguage":"en-US"}]}},"brands":[{"id":98,"name":"Snap On","slug":"snap-on"}],"_links":{"self":[{"href":"https:\/\/techmasterdemexico.com\/en\/wp-json\/wp\/v2\/product\/9999","targetHints":{"allow":["GET"]}}],"collection":[{"href":"https:\/\/techmasterdemexico.com\/en\/wp-json\/wp\/v2\/product"}],"about":[{"href":"https:\/\/techmasterdemexico.com\/en\/wp-json\/wp\/v2\/types\/product"}],"wp:featuredmedia":[{"embeddable":true,"href":"https:\/\/techmasterdemexico.com\/en\/wp-json\/wp\/v2\/media\/20682"}],"wp:attachment":[{"href":"https:\/\/techmasterdemexico.com\/en\/wp-json\/wp\/v2\/media?parent=9999"}],"wp:term":[{"taxonomy":"pwb-brand","embeddable":true,"href":"https:\/\/techmasterdemexico.com\/en\/wp-json\/wp\/v2\/pwb-brand?post=9999"},{"taxonomy":"product_brand","embeddable":true,"href":"https:\/\/techmasterdemexico.com\/en\/wp-json\/wp\/v2\/product_brand?post=9999"},{"taxonomy":"product_cat","embeddable":true,"href":"https:\/\/techmasterdemexico.com\/en\/wp-json\/wp\/v2\/product_cat?post=9999"},{"taxonomy":"product_tag","embeddable":true,"href":"https:\/\/techmasterdemexico.com\/en\/wp-json\/wp\/v2\/product_tag?post=9999"}],"curies":[{"name":"wp","href":"https:\/\/api.w.org\/{rel}","templated":true}]}}