{"id":9994,"date":"2021-10-11T19:30:02","date_gmt":"2021-10-11T19:30:02","guid":{"rendered":"https:\/\/techmastermx.ddns.net\/producto\/tijeras-multiherramientas\/"},"modified":"2023-09-13T17:30:21","modified_gmt":"2023-09-14T00:30:21","slug":"tijeras-multiherramientas","status":"publish","type":"product","link":"https:\/\/techmasterdemexico.com\/en\/producto\/tijeras-multiherramientas\/","title":{"rendered":"Tijeras \/ Multiherramientas"},"content":{"rendered":"<ul>\n<li>Se manejan con una sola mano, lo que permite a los profesionales resolver r\u00e1pidamente los problemas que tengan a mano<\/li>\n<li>Mangos con acabado Cerakote rojo exclusivo de Snap-on\u00ae para una mayor resistencia al desgaste<\/li>\n<li>Mecanismo de bloqueo de alta resistencia mejorado<\/li>\n<li>Orgullosamente fabricadas en EE.UU. por Gerber\u00ae, el l\u00edder de la industria en multiherramientas<\/li>\n<li>Los cortaalambres y pelacables giratorios de carburo se pueden rotar a medida que se desgasta el filo, y se sustituyen cuando se necesita un juego nuevo<\/li>\n<li>La hoja reemplazable Remgrit\u00ae est\u00e1 dise\u00f1ada para cortar materiales extremadamente duros<\/li>\n<li>La hoja parcialmente dentada extragrande es ideal para abrir paquetes y otros objetos del taller<\/li>\n<li>Todas las herramientas est\u00e1n recubiertas de \u00f3xido negro, lo que les confiere una resistencia superior a la corrosi\u00f3n<\/li>\n<li>La lista completa de herramientas incluye: alicates, cortaalambres de carburo, tijeras, abrebotellas, regla estampada en el mango, destornilladores PHILLIPS\u00ae\/de cabeza plana, limas finas\/gruesas, etc.<\/li>\n<li>El logotipo de Snap-on\u00ae est\u00e1 grabado en el mango y viene con una funda de la marca Snap-on\u00ae (SEKG94-SH)<\/li>\n<\/ul>\n<p>&nbsp;<\/p>\n<p>Especificaciones<\/p>\n<ul>\n<li>Peso, oz 8.5<\/li>\n<li>Ancho de la mand\u00edbula, pulg 2<\/li>\n<li>Pa\u00eds de origen USA<\/li>\n<li>Material de la hoja Acero 420HC<\/li>\n<li>Longitud cerrada, pulgadas 5<\/li>\n<li>Longitud abierto, pulgadas 6-5\/8<\/li>\n<\/ul>\n","protected":false},"excerpt":{"rendered":"<p>Se manejan con una sola mano, lo que permite a los profesionales resolver r\u00e1pidamente los problemas que tengan a mano Mangos con acabado Cerakote rojo exclusivo de Snap-on\u00ae para una mayor resistencia al desgaste Mecanismo de bloqueo de alta resistencia mejorado Orgullosamente fabricadas en EE.UU. por Gerber\u00ae, el l\u00edder de la industria en multiherramientas Los [&hellip;]<\/p>\n","protected":false},"featured_media":20694,"template":"","meta":{"_acf_changed":false},"pwb-brand":[98],"product_brand":[],"product_cat":[366,289,287,48],"product_tag":[],"class_list":{"0":"post-9994","1":"product","2":"type-product","3":"status-publish","4":"has-post-thumbnail","6":"pwb-brand-snap-on","7":"product_cat-todos-los-productos","8":"product_cat-herramientas-de-corte-herramientas-manuales-generales","9":"product_cat-herramientas-manuales-generales","10":"product_cat-snap-on","12":"first","13":"instock","14":"taxable","15":"shipping-taxable","16":"product-type-simple"},"acf":[],"yoast_head":"<!-- This site is optimized with the Yoast SEO plugin v27.2 - https:\/\/yoast.com\/product\/yoast-seo-wordpress\/ -->\n<title>Tijeras \/ Multiherramientas - Techmaster de Mexico<\/title>\n<meta name=\"robots\" content=\"index, follow, max-snippet:-1, max-image-preview:large, max-video-preview:-1\" \/>\n<link rel=\"canonical\" href=\"https:\/\/techmasterdemexico.com\/producto\/tijeras-multiherramientas\/\" \/>\n<meta property=\"og:locale\" content=\"en_US\" \/>\n<meta property=\"og:type\" content=\"article\" \/>\n<meta property=\"og:title\" content=\"Tijeras \/ Multiherramientas - Techmaster de Mexico\" \/>\n<meta property=\"og:description\" content=\"Se manejan con una sola mano, lo que permite a los profesionales resolver r\u00e1pidamente los problemas que tengan a mano Mangos con acabado Cerakote rojo exclusivo de Snap-on\u00ae para una mayor resistencia al desgaste Mecanismo de bloqueo de alta resistencia mejorado Orgullosamente fabricadas en EE.UU. por Gerber\u00ae, el l\u00edder de la industria en multiherramientas Los [&hellip;]\" \/>\n<meta property=\"og:url\" content=\"https:\/\/techmasterdemexico.com\/producto\/tijeras-multiherramientas\/\" \/>\n<meta property=\"og:site_name\" content=\"Techmaster de Mexico\" \/>\n<meta property=\"article:modified_time\" content=\"2023-09-14T00:30:21+00:00\" \/>\n<meta property=\"og:image\" content=\"https:\/\/techmasterdemexico.com\/wp-content\/uploads\/snap-on-SMT97R.png\" \/>\n\t<meta property=\"og:image:width\" content=\"1000\" \/>\n\t<meta property=\"og:image:height\" content=\"1000\" \/>\n\t<meta property=\"og:image:type\" content=\"image\/png\" \/>\n<meta name=\"twitter:card\" content=\"summary_large_image\" \/>\n<meta name=\"twitter:label1\" content=\"Est. reading time\" \/>\n\t<meta name=\"twitter:data1\" content=\"1 minute\" \/>\n<script type=\"application\/ld+json\" class=\"yoast-schema-graph\">{\"@context\":\"https:\/\/schema.org\",\"@graph\":[{\"@type\":\"WebPage\",\"@id\":\"https:\/\/techmasterdemexico.com\/producto\/tijeras-multiherramientas\/\",\"url\":\"https:\/\/techmasterdemexico.com\/producto\/tijeras-multiherramientas\/\",\"name\":\"Tijeras \/ Multiherramientas - Techmaster de Mexico\",\"isPartOf\":{\"@id\":\"https:\/\/techmasterdemexico.com\/#website\"},\"primaryImageOfPage\":{\"@id\":\"https:\/\/techmasterdemexico.com\/producto\/tijeras-multiherramientas\/#primaryimage\"},\"image\":{\"@id\":\"https:\/\/techmasterdemexico.com\/producto\/tijeras-multiherramientas\/#primaryimage\"},\"thumbnailUrl\":\"https:\/\/techmasterdemexico.com\/wp-content\/uploads\/snap-on-SMT97R.png\",\"datePublished\":\"2021-10-11T19:30:02+00:00\",\"dateModified\":\"2023-09-14T00:30:21+00:00\",\"breadcrumb\":{\"@id\":\"https:\/\/techmasterdemexico.com\/producto\/tijeras-multiherramientas\/#breadcrumb\"},\"inLanguage\":\"en-US\",\"potentialAction\":[{\"@type\":\"ReadAction\",\"target\":[\"https:\/\/techmasterdemexico.com\/producto\/tijeras-multiherramientas\/\"]}]},{\"@type\":\"ImageObject\",\"inLanguage\":\"en-US\",\"@id\":\"https:\/\/techmasterdemexico.com\/producto\/tijeras-multiherramientas\/#primaryimage\",\"url\":\"https:\/\/techmasterdemexico.com\/wp-content\/uploads\/snap-on-SMT97R.png\",\"contentUrl\":\"https:\/\/techmasterdemexico.com\/wp-content\/uploads\/snap-on-SMT97R.png\",\"width\":1000,\"height\":1000},{\"@type\":\"BreadcrumbList\",\"@id\":\"https:\/\/techmasterdemexico.com\/producto\/tijeras-multiherramientas\/#breadcrumb\",\"itemListElement\":[{\"@type\":\"ListItem\",\"position\":1,\"name\":\"Portada\",\"item\":\"https:\/\/techmasterdemexico.com\/\"},{\"@type\":\"ListItem\",\"position\":2,\"name\":\"Tijeras \/ Multiherramientas\"}]},{\"@type\":\"WebSite\",\"@id\":\"https:\/\/techmasterdemexico.com\/#website\",\"url\":\"https:\/\/techmasterdemexico.com\/\",\"name\":\"Techmaster de Mexico\",\"description\":\"\",\"potentialAction\":[{\"@type\":\"SearchAction\",\"target\":{\"@type\":\"EntryPoint\",\"urlTemplate\":\"https:\/\/techmasterdemexico.com\/?s={search_term_string}\"},\"query-input\":{\"@type\":\"PropertyValueSpecification\",\"valueRequired\":true,\"valueName\":\"search_term_string\"}}],\"inLanguage\":\"en-US\"}]}<\/script>\n<!-- \/ Yoast SEO plugin. -->","yoast_head_json":{"title":"Tijeras \/ Multiherramientas - Techmaster de Mexico","robots":{"index":"index","follow":"follow","max-snippet":"max-snippet:-1","max-image-preview":"max-image-preview:large","max-video-preview":"max-video-preview:-1"},"canonical":"https:\/\/techmasterdemexico.com\/producto\/tijeras-multiherramientas\/","og_locale":"en_US","og_type":"article","og_title":"Tijeras \/ Multiherramientas - Techmaster de Mexico","og_description":"Se manejan con una sola mano, lo que permite a los profesionales resolver r\u00e1pidamente los problemas que tengan a mano Mangos con acabado Cerakote rojo exclusivo de Snap-on\u00ae para una mayor resistencia al desgaste Mecanismo de bloqueo de alta resistencia mejorado Orgullosamente fabricadas en EE.UU. por Gerber\u00ae, el l\u00edder de la industria en multiherramientas Los [&hellip;]","og_url":"https:\/\/techmasterdemexico.com\/producto\/tijeras-multiherramientas\/","og_site_name":"Techmaster de Mexico","article_modified_time":"2023-09-14T00:30:21+00:00","og_image":[{"width":1000,"height":1000,"url":"https:\/\/techmasterdemexico.com\/wp-content\/uploads\/snap-on-SMT97R.png","type":"image\/png"}],"twitter_card":"summary_large_image","twitter_misc":{"Est. reading time":"1 minute"},"schema":{"@context":"https:\/\/schema.org","@graph":[{"@type":"WebPage","@id":"https:\/\/techmasterdemexico.com\/producto\/tijeras-multiherramientas\/","url":"https:\/\/techmasterdemexico.com\/producto\/tijeras-multiherramientas\/","name":"Tijeras \/ Multiherramientas - Techmaster de Mexico","isPartOf":{"@id":"https:\/\/techmasterdemexico.com\/#website"},"primaryImageOfPage":{"@id":"https:\/\/techmasterdemexico.com\/producto\/tijeras-multiherramientas\/#primaryimage"},"image":{"@id":"https:\/\/techmasterdemexico.com\/producto\/tijeras-multiherramientas\/#primaryimage"},"thumbnailUrl":"https:\/\/techmasterdemexico.com\/wp-content\/uploads\/snap-on-SMT97R.png","datePublished":"2021-10-11T19:30:02+00:00","dateModified":"2023-09-14T00:30:21+00:00","breadcrumb":{"@id":"https:\/\/techmasterdemexico.com\/producto\/tijeras-multiherramientas\/#breadcrumb"},"inLanguage":"en-US","potentialAction":[{"@type":"ReadAction","target":["https:\/\/techmasterdemexico.com\/producto\/tijeras-multiherramientas\/"]}]},{"@type":"ImageObject","inLanguage":"en-US","@id":"https:\/\/techmasterdemexico.com\/producto\/tijeras-multiherramientas\/#primaryimage","url":"https:\/\/techmasterdemexico.com\/wp-content\/uploads\/snap-on-SMT97R.png","contentUrl":"https:\/\/techmasterdemexico.com\/wp-content\/uploads\/snap-on-SMT97R.png","width":1000,"height":1000},{"@type":"BreadcrumbList","@id":"https:\/\/techmasterdemexico.com\/producto\/tijeras-multiherramientas\/#breadcrumb","itemListElement":[{"@type":"ListItem","position":1,"name":"Portada","item":"https:\/\/techmasterdemexico.com\/"},{"@type":"ListItem","position":2,"name":"Tijeras \/ Multiherramientas"}]},{"@type":"WebSite","@id":"https:\/\/techmasterdemexico.com\/#website","url":"https:\/\/techmasterdemexico.com\/","name":"Techmaster de Mexico","description":"","potentialAction":[{"@type":"SearchAction","target":{"@type":"EntryPoint","urlTemplate":"https:\/\/techmasterdemexico.com\/?s={search_term_string}"},"query-input":{"@type":"PropertyValueSpecification","valueRequired":true,"valueName":"search_term_string"}}],"inLanguage":"en-US"}]}},"brands":[{"id":98,"name":"Snap On","slug":"snap-on"}],"_links":{"self":[{"href":"https:\/\/techmasterdemexico.com\/en\/wp-json\/wp\/v2\/product\/9994","targetHints":{"allow":["GET"]}}],"collection":[{"href":"https:\/\/techmasterdemexico.com\/en\/wp-json\/wp\/v2\/product"}],"about":[{"href":"https:\/\/techmasterdemexico.com\/en\/wp-json\/wp\/v2\/types\/product"}],"wp:featuredmedia":[{"embeddable":true,"href":"https:\/\/techmasterdemexico.com\/en\/wp-json\/wp\/v2\/media\/20694"}],"wp:attachment":[{"href":"https:\/\/techmasterdemexico.com\/en\/wp-json\/wp\/v2\/media?parent=9994"}],"wp:term":[{"taxonomy":"pwb-brand","embeddable":true,"href":"https:\/\/techmasterdemexico.com\/en\/wp-json\/wp\/v2\/pwb-brand?post=9994"},{"taxonomy":"product_brand","embeddable":true,"href":"https:\/\/techmasterdemexico.com\/en\/wp-json\/wp\/v2\/product_brand?post=9994"},{"taxonomy":"product_cat","embeddable":true,"href":"https:\/\/techmasterdemexico.com\/en\/wp-json\/wp\/v2\/product_cat?post=9994"},{"taxonomy":"product_tag","embeddable":true,"href":"https:\/\/techmasterdemexico.com\/en\/wp-json\/wp\/v2\/product_tag?post=9994"}],"curies":[{"name":"wp","href":"https:\/\/api.w.org\/{rel}","templated":true}]}}