{"id":9879,"date":"2021-10-07T17:35:29","date_gmt":"2021-10-07T17:35:29","guid":{"rendered":"https:\/\/techmastermx.ddns.net\/producto\/destornillador-de-control-de-par\/"},"modified":"2022-05-12T04:45:47","modified_gmt":"2022-05-12T04:45:47","slug":"destornillador-de-control-de-par","status":"publish","type":"product","link":"https:\/\/techmasterdemexico.com\/en\/producto\/destornillador-de-control-de-par\/","title":{"rendered":"Destornillador de control de par"},"content":{"rendered":"<ul>\n<li>Tama\u00f1o de entrada de aire: 1\/4 &#8220;NPT<\/li>\n<li>Tama\u00f1o de manguera recomendado: 1\/4 &#8220;(6 mm) (serie 1OT, 1ST)<\/li>\n<li>Rendimiento nominal a una presi\u00f3n de aire de 90 psig (6,2 bar)<\/li>\n<\/ul>\n","protected":false},"excerpt":{"rendered":"<ul>\n<li>Empujar para iniciar<\/li>\n<li>Reversible<\/li>\n<li>Bot\u00f3n de bloqueo inverso<\/li>\n<li>Ajuste del embrague externo<\/li>\n<\/ul>\n<p>&nbsp;<\/p>\n<p>Rendimiento:<\/p>\n<ul>\n<li>Par de torsi\u00f3n: 5 pulg lb (0,6 Nm) &#8211; 50 pulg lb (5,5 Nm)<\/li>\n<li>Velocidad: 725 rpm &#8211; 2.800 rpm<\/li>\n<\/ul>\n<p>&nbsp;<\/p>\n<p>Equipamiento estandar:<\/p>\n<ul>\n<li>Lista de partes<\/li>\n<li>Manual de instrucciones y seguridad<\/li>\n<li>Agarre c\u00f3modo<\/li>\n<li>Fianza de suspensi\u00f3n (modelos en l\u00ednea)<\/li>\n<li>Todos los resortes de embrague aplicables<\/li>\n<\/ul>\n","protected":false},"featured_media":10164,"template":"","meta":{"_acf_changed":false},"pwb-brand":[214],"product_brand":[],"product_cat":[366,231,228,47],"product_tag":[],"class_list":{"0":"post-9879","1":"product","2":"type-product","3":"status-publish","4":"has-post-thumbnail","6":"pwb-brand-sioux","7":"product_cat-todos-los-productos","8":"product_cat-destornilladores-de-control-de-par","9":"product_cat-herramientas-de-ensamblaje","10":"product_cat-sioux","12":"first","13":"instock","14":"taxable","15":"shipping-taxable","16":"product-type-simple"},"acf":[],"yoast_head":"<!-- This site is optimized with the Yoast SEO plugin v27.4 - https:\/\/yoast.com\/product\/yoast-seo-wordpress\/ -->\n<title>Destornillador de control de par - Techmaster de Mexico<\/title>\n<meta name=\"robots\" content=\"index, follow, max-snippet:-1, max-image-preview:large, max-video-preview:-1\" \/>\n<link rel=\"canonical\" href=\"https:\/\/techmasterdemexico.com\/producto\/destornillador-de-control-de-par\/\" \/>\n<meta property=\"og:locale\" content=\"en_US\" \/>\n<meta property=\"og:type\" content=\"article\" \/>\n<meta property=\"og:title\" content=\"Destornillador de control de par - Techmaster de Mexico\" \/>\n<meta property=\"og:description\" content=\"[:en]  Empujar para iniciar  Reversible  Bot\u00f3n de bloqueo inverso  Ajuste del embrague externo  &nbsp;  Rendimiento:   Par de torsi\u00f3n: 5 pulg lb (0,6 Nm) - 50 pulg lb (5,5 Nm)  Velocidad: 725 rpm - 2.800 rpm  &nbsp;  Equipamiento estandar:   Lista de partes  Manual de instrucciones y seguridad  Agarre c\u00f3modo  Fianza de suspensi\u00f3n (modelos en l\u00ednea)  Todos los resortes de embrague aplicables [:]\" \/>\n<meta property=\"og:url\" content=\"https:\/\/techmasterdemexico.com\/producto\/destornillador-de-control-de-par\/\" \/>\n<meta property=\"og:site_name\" content=\"Techmaster de Mexico\" \/>\n<meta property=\"article:modified_time\" content=\"2022-05-12T04:45:47+00:00\" \/>\n<meta property=\"og:image\" content=\"https:\/\/techmasterdemexico.com\/wp-content\/uploads\/2021\/10\/1OT2208Q.jpg\" \/>\n\t<meta property=\"og:image:width\" content=\"350\" \/>\n\t<meta property=\"og:image:height\" content=\"350\" \/>\n\t<meta property=\"og:image:type\" content=\"image\/jpeg\" \/>\n<meta name=\"twitter:card\" content=\"summary_large_image\" \/>\n<script type=\"application\/ld+json\" class=\"yoast-schema-graph\">{\"@context\":\"https:\\\/\\\/schema.org\",\"@graph\":[{\"@type\":\"WebPage\",\"@id\":\"https:\\\/\\\/techmasterdemexico.com\\\/producto\\\/destornillador-de-control-de-par\\\/\",\"url\":\"https:\\\/\\\/techmasterdemexico.com\\\/producto\\\/destornillador-de-control-de-par\\\/\",\"name\":\"Destornillador de control de par - Techmaster de Mexico\",\"isPartOf\":{\"@id\":\"https:\\\/\\\/techmasterdemexico.com\\\/#website\"},\"primaryImageOfPage\":{\"@id\":\"https:\\\/\\\/techmasterdemexico.com\\\/producto\\\/destornillador-de-control-de-par\\\/#primaryimage\"},\"image\":{\"@id\":\"https:\\\/\\\/techmasterdemexico.com\\\/producto\\\/destornillador-de-control-de-par\\\/#primaryimage\"},\"thumbnailUrl\":\"https:\\\/\\\/techmasterdemexico.com\\\/wp-content\\\/uploads\\\/2021\\\/10\\\/1OT2208Q.jpg\",\"datePublished\":\"2021-10-07T17:35:29+00:00\",\"dateModified\":\"2022-05-12T04:45:47+00:00\",\"breadcrumb\":{\"@id\":\"https:\\\/\\\/techmasterdemexico.com\\\/producto\\\/destornillador-de-control-de-par\\\/#breadcrumb\"},\"inLanguage\":\"en-US\",\"potentialAction\":[{\"@type\":\"ReadAction\",\"target\":[\"https:\\\/\\\/techmasterdemexico.com\\\/producto\\\/destornillador-de-control-de-par\\\/\"]}]},{\"@type\":\"ImageObject\",\"inLanguage\":\"en-US\",\"@id\":\"https:\\\/\\\/techmasterdemexico.com\\\/producto\\\/destornillador-de-control-de-par\\\/#primaryimage\",\"url\":\"https:\\\/\\\/techmasterdemexico.com\\\/wp-content\\\/uploads\\\/2021\\\/10\\\/1OT2208Q.jpg\",\"contentUrl\":\"https:\\\/\\\/techmasterdemexico.com\\\/wp-content\\\/uploads\\\/2021\\\/10\\\/1OT2208Q.jpg\",\"width\":350,\"height\":350},{\"@type\":\"BreadcrumbList\",\"@id\":\"https:\\\/\\\/techmasterdemexico.com\\\/producto\\\/destornillador-de-control-de-par\\\/#breadcrumb\",\"itemListElement\":[{\"@type\":\"ListItem\",\"position\":1,\"name\":\"Portada\",\"item\":\"https:\\\/\\\/techmasterdemexico.com\\\/\"},{\"@type\":\"ListItem\",\"position\":2,\"name\":\"Destornillador de control de par\"}]},{\"@type\":\"WebSite\",\"@id\":\"https:\\\/\\\/techmasterdemexico.com\\\/#website\",\"url\":\"https:\\\/\\\/techmasterdemexico.com\\\/\",\"name\":\"Techmaster de Mexico\",\"description\":\"\",\"potentialAction\":[{\"@type\":\"SearchAction\",\"target\":{\"@type\":\"EntryPoint\",\"urlTemplate\":\"https:\\\/\\\/techmasterdemexico.com\\\/?s={search_term_string}\"},\"query-input\":{\"@type\":\"PropertyValueSpecification\",\"valueRequired\":true,\"valueName\":\"search_term_string\"}}],\"inLanguage\":\"en-US\"}]}<\/script>\n<!-- \/ Yoast SEO plugin. -->","yoast_head_json":{"title":"Destornillador de control de par - Techmaster de Mexico","robots":{"index":"index","follow":"follow","max-snippet":"max-snippet:-1","max-image-preview":"max-image-preview:large","max-video-preview":"max-video-preview:-1"},"canonical":"https:\/\/techmasterdemexico.com\/producto\/destornillador-de-control-de-par\/","og_locale":"en_US","og_type":"article","og_title":"Destornillador de control de par - Techmaster de Mexico","og_description":"[:en]  Empujar para iniciar  Reversible  Bot\u00f3n de bloqueo inverso  Ajuste del embrague externo  &nbsp;  Rendimiento:   Par de torsi\u00f3n: 5 pulg lb (0,6 Nm) - 50 pulg lb (5,5 Nm)  Velocidad: 725 rpm - 2.800 rpm  &nbsp;  Equipamiento estandar:   Lista de partes  Manual de instrucciones y seguridad  Agarre c\u00f3modo  Fianza de suspensi\u00f3n (modelos en l\u00ednea)  Todos los resortes de embrague aplicables [:]","og_url":"https:\/\/techmasterdemexico.com\/producto\/destornillador-de-control-de-par\/","og_site_name":"Techmaster de Mexico","article_modified_time":"2022-05-12T04:45:47+00:00","og_image":[{"width":350,"height":350,"url":"https:\/\/techmasterdemexico.com\/wp-content\/uploads\/2021\/10\/1OT2208Q.jpg","type":"image\/jpeg"}],"twitter_card":"summary_large_image","schema":{"@context":"https:\/\/schema.org","@graph":[{"@type":"WebPage","@id":"https:\/\/techmasterdemexico.com\/producto\/destornillador-de-control-de-par\/","url":"https:\/\/techmasterdemexico.com\/producto\/destornillador-de-control-de-par\/","name":"Destornillador de control de par - Techmaster de Mexico","isPartOf":{"@id":"https:\/\/techmasterdemexico.com\/#website"},"primaryImageOfPage":{"@id":"https:\/\/techmasterdemexico.com\/producto\/destornillador-de-control-de-par\/#primaryimage"},"image":{"@id":"https:\/\/techmasterdemexico.com\/producto\/destornillador-de-control-de-par\/#primaryimage"},"thumbnailUrl":"https:\/\/techmasterdemexico.com\/wp-content\/uploads\/2021\/10\/1OT2208Q.jpg","datePublished":"2021-10-07T17:35:29+00:00","dateModified":"2022-05-12T04:45:47+00:00","breadcrumb":{"@id":"https:\/\/techmasterdemexico.com\/producto\/destornillador-de-control-de-par\/#breadcrumb"},"inLanguage":"en-US","potentialAction":[{"@type":"ReadAction","target":["https:\/\/techmasterdemexico.com\/producto\/destornillador-de-control-de-par\/"]}]},{"@type":"ImageObject","inLanguage":"en-US","@id":"https:\/\/techmasterdemexico.com\/producto\/destornillador-de-control-de-par\/#primaryimage","url":"https:\/\/techmasterdemexico.com\/wp-content\/uploads\/2021\/10\/1OT2208Q.jpg","contentUrl":"https:\/\/techmasterdemexico.com\/wp-content\/uploads\/2021\/10\/1OT2208Q.jpg","width":350,"height":350},{"@type":"BreadcrumbList","@id":"https:\/\/techmasterdemexico.com\/producto\/destornillador-de-control-de-par\/#breadcrumb","itemListElement":[{"@type":"ListItem","position":1,"name":"Portada","item":"https:\/\/techmasterdemexico.com\/"},{"@type":"ListItem","position":2,"name":"Destornillador de control de par"}]},{"@type":"WebSite","@id":"https:\/\/techmasterdemexico.com\/#website","url":"https:\/\/techmasterdemexico.com\/","name":"Techmaster de Mexico","description":"","potentialAction":[{"@type":"SearchAction","target":{"@type":"EntryPoint","urlTemplate":"https:\/\/techmasterdemexico.com\/?s={search_term_string}"},"query-input":{"@type":"PropertyValueSpecification","valueRequired":true,"valueName":"search_term_string"}}],"inLanguage":"en-US"}]}},"brands":[{"id":214,"name":"Sioux","slug":"sioux"}],"_links":{"self":[{"href":"https:\/\/techmasterdemexico.com\/en\/wp-json\/wp\/v2\/product\/9879","targetHints":{"allow":["GET"]}}],"collection":[{"href":"https:\/\/techmasterdemexico.com\/en\/wp-json\/wp\/v2\/product"}],"about":[{"href":"https:\/\/techmasterdemexico.com\/en\/wp-json\/wp\/v2\/types\/product"}],"wp:featuredmedia":[{"embeddable":true,"href":"https:\/\/techmasterdemexico.com\/en\/wp-json\/wp\/v2\/media\/10164"}],"wp:attachment":[{"href":"https:\/\/techmasterdemexico.com\/en\/wp-json\/wp\/v2\/media?parent=9879"}],"wp:term":[{"taxonomy":"pwb-brand","embeddable":true,"href":"https:\/\/techmasterdemexico.com\/en\/wp-json\/wp\/v2\/pwb-brand?post=9879"},{"taxonomy":"product_brand","embeddable":true,"href":"https:\/\/techmasterdemexico.com\/en\/wp-json\/wp\/v2\/product_brand?post=9879"},{"taxonomy":"product_cat","embeddable":true,"href":"https:\/\/techmasterdemexico.com\/en\/wp-json\/wp\/v2\/product_cat?post=9879"},{"taxonomy":"product_tag","embeddable":true,"href":"https:\/\/techmasterdemexico.com\/en\/wp-json\/wp\/v2\/product_tag?post=9879"}],"curies":[{"name":"wp","href":"https:\/\/api.w.org\/{rel}","templated":true}]}}