{"id":9853,"date":"2021-10-07T17:35:12","date_gmt":"2021-10-07T17:35:12","guid":{"rendered":"https:\/\/techmastermx.ddns.net\/producto\/lijadoras-orbitales-aleatorias-serie-signature-3\/"},"modified":"2022-05-12T04:47:00","modified_gmt":"2022-05-12T04:47:00","slug":"lijadoras-orbitales-aleatorias-serie-signature-3","status":"publish","type":"product","link":"https:\/\/techmasterdemexico.com\/en\/producto\/lijadoras-orbitales-aleatorias-serie-signature-3\/","title":{"rendered":"Lijadoras orbitales aleatorias serie Signature"},"content":{"rendered":"<ul>\n<li>Tama\u00f1o de entrada de aire: 1\/4 &#8220;NPT<\/li>\n<li>Tama\u00f1o de manguera recomendado: 3\/8 &#8220;(10 mm)<\/li>\n<li>Rendimiento nominal a una presi\u00f3n de aire de 90 psig (6,2 bar)<\/li>\n<\/ul>\n","protected":false},"excerpt":{"rendered":"<ul>\n<li>Di\u00e1metros de \u00f3rbita de 3\/32 &#8220;(3 mm), 3\/16&#8221; (5 mm) y 3\/8 &#8220;(10 mm)<\/li>\n<li>Control de velocidad incorporado<\/li>\n<li>Agarre ergon\u00f3mico indexable de 24 posiciones<\/li>\n<li>Sin vac\u00edo, vac\u00edo Venturi y vac\u00edo remoto<\/li>\n<\/ul>\n<p>&nbsp;<\/p>\n<p>Rendimiento:<\/p>\n<ul>\n<li>Potencia: 0,25 CV (0,19 kW)<\/li>\n<li>Velocidad: 12.000 rpm<\/li>\n<\/ul>\n<p>&nbsp;<\/p>\n<p>Equipamiento estandar:<\/p>\n<ul>\n<li>Lista de partes<\/li>\n<li>Manual de instrucciones y seguridad<\/li>\n<li>Agarre c\u00f3modo<\/li>\n<li>Almohadilla de respaldo y llave<\/li>\n<\/ul>\n","protected":false},"featured_media":10193,"template":"","meta":{"_acf_changed":false},"pwb-brand":[214],"product_brand":[],"product_cat":[366,217,219,47],"product_tag":[],"class_list":{"0":"post-9853","1":"product","2":"type-product","3":"status-publish","4":"has-post-thumbnail","6":"pwb-brand-sioux","7":"product_cat-todos-los-productos","8":"product_cat-herramientas-de-acabados","9":"product_cat-lijadoras-aleatorias-serie-signature","10":"product_cat-sioux","12":"first","13":"instock","14":"taxable","15":"shipping-taxable","16":"product-type-simple"},"acf":[],"yoast_head":"<!-- This site is optimized with the Yoast SEO plugin v27.4 - https:\/\/yoast.com\/product\/yoast-seo-wordpress\/ -->\n<title>Lijadoras orbitales aleatorias serie Signature - Techmaster de Mexico<\/title>\n<meta name=\"robots\" content=\"index, follow, max-snippet:-1, max-image-preview:large, max-video-preview:-1\" \/>\n<link rel=\"canonical\" href=\"https:\/\/techmasterdemexico.com\/producto\/lijadoras-orbitales-aleatorias-serie-signature-3\/\" \/>\n<meta property=\"og:locale\" content=\"en_US\" \/>\n<meta property=\"og:type\" content=\"article\" \/>\n<meta property=\"og:title\" content=\"Lijadoras orbitales aleatorias serie Signature - Techmaster de Mexico\" \/>\n<meta property=\"og:description\" content=\"Di\u00e1metros de \u00f3rbita de 3\/32 &quot;(3 mm), 3\/16&quot; (5 mm) y 3\/8 &quot;(10 mm)  Control de velocidad incorporado  Agarre ergon\u00f3mico indexable de 24 posiciones  Sin vac\u00edo, vac\u00edo Venturi y vac\u00edo remoto  &nbsp;  Rendimiento:   Potencia: 0,25 CV (0,19 kW)  Velocidad: 12.000 rpm  &nbsp;  Equipamiento estandar:   Lista de partes  Manual de instrucciones y seguridad  Agarre c\u00f3modo  Almohadilla de respaldo y llave\" \/>\n<meta property=\"og:url\" content=\"https:\/\/techmasterdemexico.com\/producto\/lijadoras-orbitales-aleatorias-serie-signature-3\/\" \/>\n<meta property=\"og:site_name\" content=\"Techmaster de Mexico\" \/>\n<meta property=\"article:modified_time\" content=\"2022-05-12T04:47:00+00:00\" \/>\n<meta property=\"og:image\" content=\"https:\/\/techmasterdemexico.com\/wp-content\/uploads\/2021\/10\/RO2512_50FRP__48014.1628008661.jpg\" \/>\n\t<meta property=\"og:image:width\" content=\"500\" \/>\n\t<meta property=\"og:image:height\" content=\"500\" \/>\n\t<meta property=\"og:image:type\" content=\"image\/jpeg\" \/>\n<meta name=\"twitter:card\" content=\"summary_large_image\" \/>\n<script type=\"application\/ld+json\" class=\"yoast-schema-graph\">{\"@context\":\"https:\\\/\\\/schema.org\",\"@graph\":[{\"@type\":\"WebPage\",\"@id\":\"https:\\\/\\\/techmasterdemexico.com\\\/producto\\\/lijadoras-orbitales-aleatorias-serie-signature-3\\\/\",\"url\":\"https:\\\/\\\/techmasterdemexico.com\\\/producto\\\/lijadoras-orbitales-aleatorias-serie-signature-3\\\/\",\"name\":\"Lijadoras orbitales aleatorias serie Signature - Techmaster de Mexico\",\"isPartOf\":{\"@id\":\"https:\\\/\\\/techmasterdemexico.com\\\/#website\"},\"primaryImageOfPage\":{\"@id\":\"https:\\\/\\\/techmasterdemexico.com\\\/producto\\\/lijadoras-orbitales-aleatorias-serie-signature-3\\\/#primaryimage\"},\"image\":{\"@id\":\"https:\\\/\\\/techmasterdemexico.com\\\/producto\\\/lijadoras-orbitales-aleatorias-serie-signature-3\\\/#primaryimage\"},\"thumbnailUrl\":\"https:\\\/\\\/techmasterdemexico.com\\\/wp-content\\\/uploads\\\/2021\\\/10\\\/RO2512_50FRP__48014.1628008661.jpg\",\"datePublished\":\"2021-10-07T17:35:12+00:00\",\"dateModified\":\"2022-05-12T04:47:00+00:00\",\"breadcrumb\":{\"@id\":\"https:\\\/\\\/techmasterdemexico.com\\\/producto\\\/lijadoras-orbitales-aleatorias-serie-signature-3\\\/#breadcrumb\"},\"inLanguage\":\"en-US\",\"potentialAction\":[{\"@type\":\"ReadAction\",\"target\":[\"https:\\\/\\\/techmasterdemexico.com\\\/producto\\\/lijadoras-orbitales-aleatorias-serie-signature-3\\\/\"]}]},{\"@type\":\"ImageObject\",\"inLanguage\":\"en-US\",\"@id\":\"https:\\\/\\\/techmasterdemexico.com\\\/producto\\\/lijadoras-orbitales-aleatorias-serie-signature-3\\\/#primaryimage\",\"url\":\"https:\\\/\\\/techmasterdemexico.com\\\/wp-content\\\/uploads\\\/2021\\\/10\\\/RO2512_50FRP__48014.1628008661.jpg\",\"contentUrl\":\"https:\\\/\\\/techmasterdemexico.com\\\/wp-content\\\/uploads\\\/2021\\\/10\\\/RO2512_50FRP__48014.1628008661.jpg\",\"width\":500,\"height\":500},{\"@type\":\"BreadcrumbList\",\"@id\":\"https:\\\/\\\/techmasterdemexico.com\\\/producto\\\/lijadoras-orbitales-aleatorias-serie-signature-3\\\/#breadcrumb\",\"itemListElement\":[{\"@type\":\"ListItem\",\"position\":1,\"name\":\"Portada\",\"item\":\"https:\\\/\\\/techmasterdemexico.com\\\/\"},{\"@type\":\"ListItem\",\"position\":2,\"name\":\"Lijadoras orbitales aleatorias serie Signature\"}]},{\"@type\":\"WebSite\",\"@id\":\"https:\\\/\\\/techmasterdemexico.com\\\/#website\",\"url\":\"https:\\\/\\\/techmasterdemexico.com\\\/\",\"name\":\"Techmaster de Mexico\",\"description\":\"\",\"potentialAction\":[{\"@type\":\"SearchAction\",\"target\":{\"@type\":\"EntryPoint\",\"urlTemplate\":\"https:\\\/\\\/techmasterdemexico.com\\\/?s={search_term_string}\"},\"query-input\":{\"@type\":\"PropertyValueSpecification\",\"valueRequired\":true,\"valueName\":\"search_term_string\"}}],\"inLanguage\":\"en-US\"}]}<\/script>\n<!-- \/ Yoast SEO plugin. -->","yoast_head_json":{"title":"Lijadoras orbitales aleatorias serie Signature - Techmaster de Mexico","robots":{"index":"index","follow":"follow","max-snippet":"max-snippet:-1","max-image-preview":"max-image-preview:large","max-video-preview":"max-video-preview:-1"},"canonical":"https:\/\/techmasterdemexico.com\/producto\/lijadoras-orbitales-aleatorias-serie-signature-3\/","og_locale":"en_US","og_type":"article","og_title":"Lijadoras orbitales aleatorias serie Signature - Techmaster de Mexico","og_description":"Di\u00e1metros de \u00f3rbita de 3\/32 \"(3 mm), 3\/16\" (5 mm) y 3\/8 \"(10 mm)  Control de velocidad incorporado  Agarre ergon\u00f3mico indexable de 24 posiciones  Sin vac\u00edo, vac\u00edo Venturi y vac\u00edo remoto  &nbsp;  Rendimiento:   Potencia: 0,25 CV (0,19 kW)  Velocidad: 12.000 rpm  &nbsp;  Equipamiento estandar:   Lista de partes  Manual de instrucciones y seguridad  Agarre c\u00f3modo  Almohadilla de respaldo y llave","og_url":"https:\/\/techmasterdemexico.com\/producto\/lijadoras-orbitales-aleatorias-serie-signature-3\/","og_site_name":"Techmaster de Mexico","article_modified_time":"2022-05-12T04:47:00+00:00","og_image":[{"width":500,"height":500,"url":"https:\/\/techmasterdemexico.com\/wp-content\/uploads\/2021\/10\/RO2512_50FRP__48014.1628008661.jpg","type":"image\/jpeg"}],"twitter_card":"summary_large_image","schema":{"@context":"https:\/\/schema.org","@graph":[{"@type":"WebPage","@id":"https:\/\/techmasterdemexico.com\/producto\/lijadoras-orbitales-aleatorias-serie-signature-3\/","url":"https:\/\/techmasterdemexico.com\/producto\/lijadoras-orbitales-aleatorias-serie-signature-3\/","name":"Lijadoras orbitales aleatorias serie Signature - Techmaster de Mexico","isPartOf":{"@id":"https:\/\/techmasterdemexico.com\/#website"},"primaryImageOfPage":{"@id":"https:\/\/techmasterdemexico.com\/producto\/lijadoras-orbitales-aleatorias-serie-signature-3\/#primaryimage"},"image":{"@id":"https:\/\/techmasterdemexico.com\/producto\/lijadoras-orbitales-aleatorias-serie-signature-3\/#primaryimage"},"thumbnailUrl":"https:\/\/techmasterdemexico.com\/wp-content\/uploads\/2021\/10\/RO2512_50FRP__48014.1628008661.jpg","datePublished":"2021-10-07T17:35:12+00:00","dateModified":"2022-05-12T04:47:00+00:00","breadcrumb":{"@id":"https:\/\/techmasterdemexico.com\/producto\/lijadoras-orbitales-aleatorias-serie-signature-3\/#breadcrumb"},"inLanguage":"en-US","potentialAction":[{"@type":"ReadAction","target":["https:\/\/techmasterdemexico.com\/producto\/lijadoras-orbitales-aleatorias-serie-signature-3\/"]}]},{"@type":"ImageObject","inLanguage":"en-US","@id":"https:\/\/techmasterdemexico.com\/producto\/lijadoras-orbitales-aleatorias-serie-signature-3\/#primaryimage","url":"https:\/\/techmasterdemexico.com\/wp-content\/uploads\/2021\/10\/RO2512_50FRP__48014.1628008661.jpg","contentUrl":"https:\/\/techmasterdemexico.com\/wp-content\/uploads\/2021\/10\/RO2512_50FRP__48014.1628008661.jpg","width":500,"height":500},{"@type":"BreadcrumbList","@id":"https:\/\/techmasterdemexico.com\/producto\/lijadoras-orbitales-aleatorias-serie-signature-3\/#breadcrumb","itemListElement":[{"@type":"ListItem","position":1,"name":"Portada","item":"https:\/\/techmasterdemexico.com\/"},{"@type":"ListItem","position":2,"name":"Lijadoras orbitales aleatorias serie Signature"}]},{"@type":"WebSite","@id":"https:\/\/techmasterdemexico.com\/#website","url":"https:\/\/techmasterdemexico.com\/","name":"Techmaster de Mexico","description":"","potentialAction":[{"@type":"SearchAction","target":{"@type":"EntryPoint","urlTemplate":"https:\/\/techmasterdemexico.com\/?s={search_term_string}"},"query-input":{"@type":"PropertyValueSpecification","valueRequired":true,"valueName":"search_term_string"}}],"inLanguage":"en-US"}]}},"brands":[{"id":214,"name":"Sioux","slug":"sioux"}],"_links":{"self":[{"href":"https:\/\/techmasterdemexico.com\/en\/wp-json\/wp\/v2\/product\/9853","targetHints":{"allow":["GET"]}}],"collection":[{"href":"https:\/\/techmasterdemexico.com\/en\/wp-json\/wp\/v2\/product"}],"about":[{"href":"https:\/\/techmasterdemexico.com\/en\/wp-json\/wp\/v2\/types\/product"}],"wp:featuredmedia":[{"embeddable":true,"href":"https:\/\/techmasterdemexico.com\/en\/wp-json\/wp\/v2\/media\/10193"}],"wp:attachment":[{"href":"https:\/\/techmasterdemexico.com\/en\/wp-json\/wp\/v2\/media?parent=9853"}],"wp:term":[{"taxonomy":"pwb-brand","embeddable":true,"href":"https:\/\/techmasterdemexico.com\/en\/wp-json\/wp\/v2\/pwb-brand?post=9853"},{"taxonomy":"product_brand","embeddable":true,"href":"https:\/\/techmasterdemexico.com\/en\/wp-json\/wp\/v2\/product_brand?post=9853"},{"taxonomy":"product_cat","embeddable":true,"href":"https:\/\/techmasterdemexico.com\/en\/wp-json\/wp\/v2\/product_cat?post=9853"},{"taxonomy":"product_tag","embeddable":true,"href":"https:\/\/techmasterdemexico.com\/en\/wp-json\/wp\/v2\/product_tag?post=9853"}],"curies":[{"name":"wp","href":"https:\/\/api.w.org\/{rel}","templated":true}]}}