{"id":9742,"date":"2021-09-28T17:32:11","date_gmt":"2021-09-28T17:32:11","guid":{"rendered":"https:\/\/techmastermx.ddns.net\/?post_type=product&#038;p=9742"},"modified":"2022-05-12T04:47:43","modified_gmt":"2022-05-12T04:47:43","slug":"termometros-de-infrarrojos-fluke-66-y-68","status":"publish","type":"product","link":"https:\/\/techmasterdemexico.com\/en\/producto\/termometros-de-infrarrojos-fluke-66-y-68\/","title":{"rendered":"Term\u00f3metros de infrarrojos Fluke 66 y 68"},"content":{"rendered":"<p>Term\u00f3metros por infrarrojos port\u00e1tiles 68 de Fluke<\/p>\n<div id=\"fluke-product-display-overview\">\n<div id=\"product-overview\">\n<div id=\"overview_content\">\n<p>Con m\u00e1s de 20 a\u00f1os de experiencia en termometr\u00eda, Fluke sabe lo que se dice en cuestiones de temperatura. Por este motivo, hoy d\u00eda, somos capaces de ofrecerle lo \u00faltimo en accesorios, sondas e instrumentos de medida de temperatura por infrarrojos sin contacto, as\u00ed como nuestra gran experiencia en una amplia gama de aplicaciones. Todo ello respaldado por la seguridad que Fluke brinda en todas sus herramientas con las mejores garant\u00edas del sector y un excepcional servicio al cliente.<\/p>\n<\/div>\n<\/div>\n<\/div>\n","protected":false},"excerpt":{"rendered":"<p>Term\u00f3metros por infrarrojos port\u00e1tiles 68 de Fluke Con m\u00e1s de 20 a\u00f1os de experiencia en termometr\u00eda, Fluke sabe lo que se dice en cuestiones de temperatura. Por este motivo, hoy d\u00eda, somos capaces de ofrecerle lo \u00faltimo en accesorios, sondas e instrumentos de medida de temperatura por infrarrojos sin contacto, as\u00ed como nuestra gran experiencia [&hellip;]<\/p>\n","protected":false},"featured_media":9743,"template":"","meta":{"_acf_changed":false},"pwb-brand":[31],"product_brand":[],"product_cat":[366,30,51],"product_tag":[],"class_list":{"0":"post-9742","1":"product","2":"type-product","3":"status-publish","4":"has-post-thumbnail","6":"pwb-brand-fluke","7":"product_cat-todos-los-productos","8":"product_cat-fluke","9":"product_cat-termometros-infrarrojos","11":"first","12":"instock","13":"taxable","14":"shipping-taxable","15":"product-type-simple"},"acf":[],"yoast_head":"<!-- This site is optimized with the Yoast SEO plugin v27.4 - https:\/\/yoast.com\/product\/yoast-seo-wordpress\/ -->\n<title>Term\u00f3metros de infrarrojos Fluke 66 y 68 - Techmaster de Mexico<\/title>\n<meta name=\"robots\" content=\"index, follow, max-snippet:-1, max-image-preview:large, max-video-preview:-1\" \/>\n<link rel=\"canonical\" href=\"https:\/\/techmasterdemexico.com\/producto\/termometros-de-infrarrojos-fluke-66-y-68\/\" \/>\n<meta property=\"og:locale\" content=\"en_US\" \/>\n<meta property=\"og:type\" content=\"article\" \/>\n<meta property=\"og:title\" content=\"Term\u00f3metros de infrarrojos Fluke 66 y 68 - Techmaster de Mexico\" \/>\n<meta property=\"og:description\" content=\"Term\u00f3metros por infrarrojos port\u00e1tiles 68 de Fluke Con m\u00e1s de 20 a\u00f1os de experiencia en termometr\u00eda, Fluke sabe lo que se dice en cuestiones de temperatura. Por este motivo, hoy d\u00eda, somos capaces de ofrecerle lo \u00faltimo en accesorios, sondas e instrumentos de medida de temperatura por infrarrojos sin contacto, as\u00ed como nuestra gran experiencia [&hellip;]\" \/>\n<meta property=\"og:url\" content=\"https:\/\/techmasterdemexico.com\/producto\/termometros-de-infrarrojos-fluke-66-y-68\/\" \/>\n<meta property=\"og:site_name\" content=\"Techmaster de Mexico\" \/>\n<meta property=\"article:modified_time\" content=\"2022-05-12T04:47:43+00:00\" \/>\n<meta property=\"og:image\" content=\"https:\/\/techmasterdemexico.com\/wp-content\/uploads\/2021\/09\/68-01-1500x1000-1.png\" \/>\n\t<meta property=\"og:image:width\" content=\"820\" \/>\n\t<meta property=\"og:image:height\" content=\"820\" \/>\n\t<meta property=\"og:image:type\" content=\"image\/png\" \/>\n<meta name=\"twitter:card\" content=\"summary_large_image\" \/>\n<script type=\"application\/ld+json\" class=\"yoast-schema-graph\">{\"@context\":\"https:\\\/\\\/schema.org\",\"@graph\":[{\"@type\":\"WebPage\",\"@id\":\"https:\\\/\\\/techmasterdemexico.com\\\/producto\\\/termometros-de-infrarrojos-fluke-66-y-68\\\/\",\"url\":\"https:\\\/\\\/techmasterdemexico.com\\\/producto\\\/termometros-de-infrarrojos-fluke-66-y-68\\\/\",\"name\":\"Term\u00f3metros de infrarrojos Fluke 66 y 68 - Techmaster de Mexico\",\"isPartOf\":{\"@id\":\"https:\\\/\\\/techmasterdemexico.com\\\/#website\"},\"primaryImageOfPage\":{\"@id\":\"https:\\\/\\\/techmasterdemexico.com\\\/producto\\\/termometros-de-infrarrojos-fluke-66-y-68\\\/#primaryimage\"},\"image\":{\"@id\":\"https:\\\/\\\/techmasterdemexico.com\\\/producto\\\/termometros-de-infrarrojos-fluke-66-y-68\\\/#primaryimage\"},\"thumbnailUrl\":\"https:\\\/\\\/techmasterdemexico.com\\\/wp-content\\\/uploads\\\/2021\\\/09\\\/68-01-1500x1000-1.png\",\"datePublished\":\"2021-09-28T17:32:11+00:00\",\"dateModified\":\"2022-05-12T04:47:43+00:00\",\"breadcrumb\":{\"@id\":\"https:\\\/\\\/techmasterdemexico.com\\\/producto\\\/termometros-de-infrarrojos-fluke-66-y-68\\\/#breadcrumb\"},\"inLanguage\":\"en-US\",\"potentialAction\":[{\"@type\":\"ReadAction\",\"target\":[\"https:\\\/\\\/techmasterdemexico.com\\\/producto\\\/termometros-de-infrarrojos-fluke-66-y-68\\\/\"]}]},{\"@type\":\"ImageObject\",\"inLanguage\":\"en-US\",\"@id\":\"https:\\\/\\\/techmasterdemexico.com\\\/producto\\\/termometros-de-infrarrojos-fluke-66-y-68\\\/#primaryimage\",\"url\":\"https:\\\/\\\/techmasterdemexico.com\\\/wp-content\\\/uploads\\\/2021\\\/09\\\/68-01-1500x1000-1.png\",\"contentUrl\":\"https:\\\/\\\/techmasterdemexico.com\\\/wp-content\\\/uploads\\\/2021\\\/09\\\/68-01-1500x1000-1.png\",\"width\":820,\"height\":820},{\"@type\":\"BreadcrumbList\",\"@id\":\"https:\\\/\\\/techmasterdemexico.com\\\/producto\\\/termometros-de-infrarrojos-fluke-66-y-68\\\/#breadcrumb\",\"itemListElement\":[{\"@type\":\"ListItem\",\"position\":1,\"name\":\"Portada\",\"item\":\"https:\\\/\\\/techmasterdemexico.com\\\/\"},{\"@type\":\"ListItem\",\"position\":2,\"name\":\"Term\u00f3metros de infrarrojos Fluke 66 y 68\"}]},{\"@type\":\"WebSite\",\"@id\":\"https:\\\/\\\/techmasterdemexico.com\\\/#website\",\"url\":\"https:\\\/\\\/techmasterdemexico.com\\\/\",\"name\":\"Techmaster de Mexico\",\"description\":\"\",\"potentialAction\":[{\"@type\":\"SearchAction\",\"target\":{\"@type\":\"EntryPoint\",\"urlTemplate\":\"https:\\\/\\\/techmasterdemexico.com\\\/?s={search_term_string}\"},\"query-input\":{\"@type\":\"PropertyValueSpecification\",\"valueRequired\":true,\"valueName\":\"search_term_string\"}}],\"inLanguage\":\"en-US\"}]}<\/script>\n<!-- \/ Yoast SEO plugin. -->","yoast_head_json":{"title":"Term\u00f3metros de infrarrojos Fluke 66 y 68 - Techmaster de Mexico","robots":{"index":"index","follow":"follow","max-snippet":"max-snippet:-1","max-image-preview":"max-image-preview:large","max-video-preview":"max-video-preview:-1"},"canonical":"https:\/\/techmasterdemexico.com\/producto\/termometros-de-infrarrojos-fluke-66-y-68\/","og_locale":"en_US","og_type":"article","og_title":"Term\u00f3metros de infrarrojos Fluke 66 y 68 - Techmaster de Mexico","og_description":"Term\u00f3metros por infrarrojos port\u00e1tiles 68 de Fluke Con m\u00e1s de 20 a\u00f1os de experiencia en termometr\u00eda, Fluke sabe lo que se dice en cuestiones de temperatura. Por este motivo, hoy d\u00eda, somos capaces de ofrecerle lo \u00faltimo en accesorios, sondas e instrumentos de medida de temperatura por infrarrojos sin contacto, as\u00ed como nuestra gran experiencia [&hellip;]","og_url":"https:\/\/techmasterdemexico.com\/producto\/termometros-de-infrarrojos-fluke-66-y-68\/","og_site_name":"Techmaster de Mexico","article_modified_time":"2022-05-12T04:47:43+00:00","og_image":[{"width":820,"height":820,"url":"https:\/\/techmasterdemexico.com\/wp-content\/uploads\/2021\/09\/68-01-1500x1000-1.png","type":"image\/png"}],"twitter_card":"summary_large_image","schema":{"@context":"https:\/\/schema.org","@graph":[{"@type":"WebPage","@id":"https:\/\/techmasterdemexico.com\/producto\/termometros-de-infrarrojos-fluke-66-y-68\/","url":"https:\/\/techmasterdemexico.com\/producto\/termometros-de-infrarrojos-fluke-66-y-68\/","name":"Term\u00f3metros de infrarrojos Fluke 66 y 68 - Techmaster de Mexico","isPartOf":{"@id":"https:\/\/techmasterdemexico.com\/#website"},"primaryImageOfPage":{"@id":"https:\/\/techmasterdemexico.com\/producto\/termometros-de-infrarrojos-fluke-66-y-68\/#primaryimage"},"image":{"@id":"https:\/\/techmasterdemexico.com\/producto\/termometros-de-infrarrojos-fluke-66-y-68\/#primaryimage"},"thumbnailUrl":"https:\/\/techmasterdemexico.com\/wp-content\/uploads\/2021\/09\/68-01-1500x1000-1.png","datePublished":"2021-09-28T17:32:11+00:00","dateModified":"2022-05-12T04:47:43+00:00","breadcrumb":{"@id":"https:\/\/techmasterdemexico.com\/producto\/termometros-de-infrarrojos-fluke-66-y-68\/#breadcrumb"},"inLanguage":"en-US","potentialAction":[{"@type":"ReadAction","target":["https:\/\/techmasterdemexico.com\/producto\/termometros-de-infrarrojos-fluke-66-y-68\/"]}]},{"@type":"ImageObject","inLanguage":"en-US","@id":"https:\/\/techmasterdemexico.com\/producto\/termometros-de-infrarrojos-fluke-66-y-68\/#primaryimage","url":"https:\/\/techmasterdemexico.com\/wp-content\/uploads\/2021\/09\/68-01-1500x1000-1.png","contentUrl":"https:\/\/techmasterdemexico.com\/wp-content\/uploads\/2021\/09\/68-01-1500x1000-1.png","width":820,"height":820},{"@type":"BreadcrumbList","@id":"https:\/\/techmasterdemexico.com\/producto\/termometros-de-infrarrojos-fluke-66-y-68\/#breadcrumb","itemListElement":[{"@type":"ListItem","position":1,"name":"Portada","item":"https:\/\/techmasterdemexico.com\/"},{"@type":"ListItem","position":2,"name":"Term\u00f3metros de infrarrojos Fluke 66 y 68"}]},{"@type":"WebSite","@id":"https:\/\/techmasterdemexico.com\/#website","url":"https:\/\/techmasterdemexico.com\/","name":"Techmaster de Mexico","description":"","potentialAction":[{"@type":"SearchAction","target":{"@type":"EntryPoint","urlTemplate":"https:\/\/techmasterdemexico.com\/?s={search_term_string}"},"query-input":{"@type":"PropertyValueSpecification","valueRequired":true,"valueName":"search_term_string"}}],"inLanguage":"en-US"}]}},"brands":[{"id":31,"name":"Fluke","slug":"fluke"}],"_links":{"self":[{"href":"https:\/\/techmasterdemexico.com\/en\/wp-json\/wp\/v2\/product\/9742","targetHints":{"allow":["GET"]}}],"collection":[{"href":"https:\/\/techmasterdemexico.com\/en\/wp-json\/wp\/v2\/product"}],"about":[{"href":"https:\/\/techmasterdemexico.com\/en\/wp-json\/wp\/v2\/types\/product"}],"wp:featuredmedia":[{"embeddable":true,"href":"https:\/\/techmasterdemexico.com\/en\/wp-json\/wp\/v2\/media\/9743"}],"wp:attachment":[{"href":"https:\/\/techmasterdemexico.com\/en\/wp-json\/wp\/v2\/media?parent=9742"}],"wp:term":[{"taxonomy":"pwb-brand","embeddable":true,"href":"https:\/\/techmasterdemexico.com\/en\/wp-json\/wp\/v2\/pwb-brand?post=9742"},{"taxonomy":"product_brand","embeddable":true,"href":"https:\/\/techmasterdemexico.com\/en\/wp-json\/wp\/v2\/product_brand?post=9742"},{"taxonomy":"product_cat","embeddable":true,"href":"https:\/\/techmasterdemexico.com\/en\/wp-json\/wp\/v2\/product_cat?post=9742"},{"taxonomy":"product_tag","embeddable":true,"href":"https:\/\/techmasterdemexico.com\/en\/wp-json\/wp\/v2\/product_tag?post=9742"}],"curies":[{"name":"wp","href":"https:\/\/api.w.org\/{rel}","templated":true}]}}