{"id":9739,"date":"2021-09-28T17:21:42","date_gmt":"2021-09-28T17:21:42","guid":{"rendered":"https:\/\/techmastermx.ddns.net\/?post_type=product&#038;p=9739"},"modified":"2022-05-12T04:48:13","modified_gmt":"2022-05-12T04:48:13","slug":"english-termometro-ir-y-de-contacto-fluke-566","status":"publish","type":"product","link":"https:\/\/techmasterdemexico.com\/en\/producto\/english-termometro-ir-y-de-contacto-fluke-566\/","title":{"rendered":"Term\u00f3metro IR y de contacto Fluke 566"},"content":{"rendered":"<p>Term\u00f3metro IR y de contacto Fluke 568<\/p>\n<div id=\"fluke-product-display-overview\">\n<div id=\"product-overview\">\n<div id=\"overview_content\">\n<p>El term\u00f3metro Fluke 568 es un term\u00f3metro IR y de contacto dos en uno equipado con una innovadora pantalla de matriz de puntos.<\/p>\n<p>Los term\u00f3metros por infrarrojos 568 y 566 de Fluke con puntero l\u00e1ser simplifican las mediciones m\u00e1s complejas gracias a su sencilla interfaz con men\u00fas en pantalla (disponibles en 6 idiomas) y tres botones de navegaci\u00f3n. Navegue r\u00e1pidamente por sus caracter\u00edsticas avanzadas y configure la emisividad, inicie el registro de los datos o active y desactive las alarmas, con solo pulsar un bot\u00f3n varias veces.<\/p>\n<p>Con un dise\u00f1o ergon\u00f3mico, de f\u00e1cil uso y resistente, los term\u00f3metros dos en uno de contacto y sin contacto Fluke 568 y 566 pueden usarse en entornos industriales, el\u00e9ctricos y mec\u00e1nicos. Estos instrumentos superan a cualquier otro term\u00f3metro IR (o pir\u00f3metro) ayud\u00e1ndole a trabajar de forma m\u00e1s eficiente en un mayor n\u00famero de aplicaciones.<\/p>\n<\/div>\n<\/div>\n<\/div>\n","protected":false},"excerpt":{"rendered":"<div id=\"keyfeature_content\" data-readmore=\"\" aria-expanded=\"true\">\n<ul>\n<li>Analice los datos y determine tendencias de forma sencilla con el software integrado Formularios FlukeView\u00ae software<\/li>\n<li>Descargue con rapidez la informaci\u00f3n almacenada mediante una conexi\u00f3n USB<\/li>\n<li>Consulte sus datos directamente con un port\u00e1til a trav\u00e9s de su conexi\u00f3n USB, sin tener que abandonar la instalaci\u00f3n<\/li>\n<li>Ampl\u00ede la duraci\u00f3n de la bater\u00eda alimentando el term\u00f3metro digital a trav\u00e9s de la conexi\u00f3n USB de un port\u00e1til<\/li>\n<\/ul>\n<\/div>\n","protected":false},"featured_media":9741,"template":"","meta":{"_acf_changed":false},"pwb-brand":[31],"product_brand":[],"product_cat":[366,30,51],"product_tag":[],"class_list":{"0":"post-9739","1":"product","2":"type-product","3":"status-publish","4":"has-post-thumbnail","6":"pwb-brand-fluke","7":"product_cat-todos-los-productos","8":"product_cat-fluke","9":"product_cat-termometros-infrarrojos","11":"first","12":"instock","13":"taxable","14":"shipping-taxable","15":"product-type-simple"},"acf":[],"yoast_head":"<!-- This site is optimized with the Yoast SEO plugin v27.5 - https:\/\/yoast.com\/product\/yoast-seo-wordpress\/ -->\n<title>Term\u00f3metro IR y de contacto Fluke 566 - Techmaster de Mexico<\/title>\n<meta name=\"robots\" content=\"index, follow, max-snippet:-1, max-image-preview:large, max-video-preview:-1\" \/>\n<link rel=\"canonical\" href=\"https:\/\/techmasterdemexico.com\/producto\/english-termometro-ir-y-de-contacto-fluke-566\/\" \/>\n<meta property=\"og:locale\" content=\"en_US\" \/>\n<meta property=\"og:type\" content=\"article\" \/>\n<meta property=\"og:title\" content=\"Term\u00f3metro IR y de contacto Fluke 566 - Techmaster de Mexico\" \/>\n<meta property=\"og:description\" content=\"Analice los datos y determine tendencias de forma sencilla con el software integrado Formularios FlukeView\u00ae software   Descargue con rapidez la informaci\u00f3n almacenada mediante una conexi\u00f3n USB   Consulte sus datos directamente con un port\u00e1til a trav\u00e9s de su conexi\u00f3n USB, sin tener que abandonar la instalaci\u00f3n   Ampl\u00ede la duraci\u00f3n de la bater\u00eda alimentando el term\u00f3metro digital a trav\u00e9s de la conexi\u00f3n USB de un port\u00e1til\" \/>\n<meta property=\"og:url\" content=\"https:\/\/techmasterdemexico.com\/producto\/english-termometro-ir-y-de-contacto-fluke-566\/\" \/>\n<meta property=\"og:site_name\" content=\"Techmaster de Mexico\" \/>\n<meta property=\"article:modified_time\" content=\"2022-05-12T04:48:13+00:00\" \/>\n<meta property=\"og:image\" content=\"https:\/\/techmasterdemexico.com\/wp-content\/uploads\/2021\/09\/F-566-hero-image.png\" \/>\n\t<meta property=\"og:image:width\" content=\"820\" \/>\n\t<meta property=\"og:image:height\" content=\"820\" \/>\n\t<meta property=\"og:image:type\" content=\"image\/png\" \/>\n<meta name=\"twitter:card\" content=\"summary_large_image\" \/>\n<meta name=\"twitter:label1\" content=\"Est. reading time\" \/>\n\t<meta name=\"twitter:data1\" content=\"1 minute\" \/>\n<script type=\"application\/ld+json\" class=\"yoast-schema-graph\">{\"@context\":\"https:\\\/\\\/schema.org\",\"@graph\":[{\"@type\":\"WebPage\",\"@id\":\"https:\\\/\\\/techmasterdemexico.com\\\/producto\\\/english-termometro-ir-y-de-contacto-fluke-566\\\/\",\"url\":\"https:\\\/\\\/techmasterdemexico.com\\\/producto\\\/english-termometro-ir-y-de-contacto-fluke-566\\\/\",\"name\":\"Term\u00f3metro IR y de contacto Fluke 566 - Techmaster de Mexico\",\"isPartOf\":{\"@id\":\"https:\\\/\\\/techmasterdemexico.com\\\/#website\"},\"primaryImageOfPage\":{\"@id\":\"https:\\\/\\\/techmasterdemexico.com\\\/producto\\\/english-termometro-ir-y-de-contacto-fluke-566\\\/#primaryimage\"},\"image\":{\"@id\":\"https:\\\/\\\/techmasterdemexico.com\\\/producto\\\/english-termometro-ir-y-de-contacto-fluke-566\\\/#primaryimage\"},\"thumbnailUrl\":\"https:\\\/\\\/techmasterdemexico.com\\\/wp-content\\\/uploads\\\/2021\\\/09\\\/F-566-hero-image.png\",\"datePublished\":\"2021-09-28T17:21:42+00:00\",\"dateModified\":\"2022-05-12T04:48:13+00:00\",\"breadcrumb\":{\"@id\":\"https:\\\/\\\/techmasterdemexico.com\\\/producto\\\/english-termometro-ir-y-de-contacto-fluke-566\\\/#breadcrumb\"},\"inLanguage\":\"en-US\",\"potentialAction\":[{\"@type\":\"ReadAction\",\"target\":[\"https:\\\/\\\/techmasterdemexico.com\\\/producto\\\/english-termometro-ir-y-de-contacto-fluke-566\\\/\"]}]},{\"@type\":\"ImageObject\",\"inLanguage\":\"en-US\",\"@id\":\"https:\\\/\\\/techmasterdemexico.com\\\/producto\\\/english-termometro-ir-y-de-contacto-fluke-566\\\/#primaryimage\",\"url\":\"https:\\\/\\\/techmasterdemexico.com\\\/wp-content\\\/uploads\\\/2021\\\/09\\\/F-566-hero-image.png\",\"contentUrl\":\"https:\\\/\\\/techmasterdemexico.com\\\/wp-content\\\/uploads\\\/2021\\\/09\\\/F-566-hero-image.png\",\"width\":820,\"height\":820},{\"@type\":\"BreadcrumbList\",\"@id\":\"https:\\\/\\\/techmasterdemexico.com\\\/producto\\\/english-termometro-ir-y-de-contacto-fluke-566\\\/#breadcrumb\",\"itemListElement\":[{\"@type\":\"ListItem\",\"position\":1,\"name\":\"Portada\",\"item\":\"https:\\\/\\\/techmasterdemexico.com\\\/\"},{\"@type\":\"ListItem\",\"position\":2,\"name\":\"Term\u00f3metro IR y de contacto Fluke 566\"}]},{\"@type\":\"WebSite\",\"@id\":\"https:\\\/\\\/techmasterdemexico.com\\\/#website\",\"url\":\"https:\\\/\\\/techmasterdemexico.com\\\/\",\"name\":\"Techmaster de Mexico\",\"description\":\"\",\"potentialAction\":[{\"@type\":\"SearchAction\",\"target\":{\"@type\":\"EntryPoint\",\"urlTemplate\":\"https:\\\/\\\/techmasterdemexico.com\\\/?s={search_term_string}\"},\"query-input\":{\"@type\":\"PropertyValueSpecification\",\"valueRequired\":true,\"valueName\":\"search_term_string\"}}],\"inLanguage\":\"en-US\"}]}<\/script>\n<!-- \/ Yoast SEO plugin. -->","yoast_head_json":{"title":"Term\u00f3metro IR y de contacto Fluke 566 - Techmaster de Mexico","robots":{"index":"index","follow":"follow","max-snippet":"max-snippet:-1","max-image-preview":"max-image-preview:large","max-video-preview":"max-video-preview:-1"},"canonical":"https:\/\/techmasterdemexico.com\/producto\/english-termometro-ir-y-de-contacto-fluke-566\/","og_locale":"en_US","og_type":"article","og_title":"Term\u00f3metro IR y de contacto Fluke 566 - Techmaster de Mexico","og_description":"Analice los datos y determine tendencias de forma sencilla con el software integrado Formularios FlukeView\u00ae software   Descargue con rapidez la informaci\u00f3n almacenada mediante una conexi\u00f3n USB   Consulte sus datos directamente con un port\u00e1til a trav\u00e9s de su conexi\u00f3n USB, sin tener que abandonar la instalaci\u00f3n   Ampl\u00ede la duraci\u00f3n de la bater\u00eda alimentando el term\u00f3metro digital a trav\u00e9s de la conexi\u00f3n USB de un port\u00e1til","og_url":"https:\/\/techmasterdemexico.com\/producto\/english-termometro-ir-y-de-contacto-fluke-566\/","og_site_name":"Techmaster de Mexico","article_modified_time":"2022-05-12T04:48:13+00:00","og_image":[{"width":820,"height":820,"url":"https:\/\/techmasterdemexico.com\/wp-content\/uploads\/2021\/09\/F-566-hero-image.png","type":"image\/png"}],"twitter_card":"summary_large_image","twitter_misc":{"Est. reading time":"1 minute"},"schema":{"@context":"https:\/\/schema.org","@graph":[{"@type":"WebPage","@id":"https:\/\/techmasterdemexico.com\/producto\/english-termometro-ir-y-de-contacto-fluke-566\/","url":"https:\/\/techmasterdemexico.com\/producto\/english-termometro-ir-y-de-contacto-fluke-566\/","name":"Term\u00f3metro IR y de contacto Fluke 566 - Techmaster de Mexico","isPartOf":{"@id":"https:\/\/techmasterdemexico.com\/#website"},"primaryImageOfPage":{"@id":"https:\/\/techmasterdemexico.com\/producto\/english-termometro-ir-y-de-contacto-fluke-566\/#primaryimage"},"image":{"@id":"https:\/\/techmasterdemexico.com\/producto\/english-termometro-ir-y-de-contacto-fluke-566\/#primaryimage"},"thumbnailUrl":"https:\/\/techmasterdemexico.com\/wp-content\/uploads\/2021\/09\/F-566-hero-image.png","datePublished":"2021-09-28T17:21:42+00:00","dateModified":"2022-05-12T04:48:13+00:00","breadcrumb":{"@id":"https:\/\/techmasterdemexico.com\/producto\/english-termometro-ir-y-de-contacto-fluke-566\/#breadcrumb"},"inLanguage":"en-US","potentialAction":[{"@type":"ReadAction","target":["https:\/\/techmasterdemexico.com\/producto\/english-termometro-ir-y-de-contacto-fluke-566\/"]}]},{"@type":"ImageObject","inLanguage":"en-US","@id":"https:\/\/techmasterdemexico.com\/producto\/english-termometro-ir-y-de-contacto-fluke-566\/#primaryimage","url":"https:\/\/techmasterdemexico.com\/wp-content\/uploads\/2021\/09\/F-566-hero-image.png","contentUrl":"https:\/\/techmasterdemexico.com\/wp-content\/uploads\/2021\/09\/F-566-hero-image.png","width":820,"height":820},{"@type":"BreadcrumbList","@id":"https:\/\/techmasterdemexico.com\/producto\/english-termometro-ir-y-de-contacto-fluke-566\/#breadcrumb","itemListElement":[{"@type":"ListItem","position":1,"name":"Portada","item":"https:\/\/techmasterdemexico.com\/"},{"@type":"ListItem","position":2,"name":"Term\u00f3metro IR y de contacto Fluke 566"}]},{"@type":"WebSite","@id":"https:\/\/techmasterdemexico.com\/#website","url":"https:\/\/techmasterdemexico.com\/","name":"Techmaster de Mexico","description":"","potentialAction":[{"@type":"SearchAction","target":{"@type":"EntryPoint","urlTemplate":"https:\/\/techmasterdemexico.com\/?s={search_term_string}"},"query-input":{"@type":"PropertyValueSpecification","valueRequired":true,"valueName":"search_term_string"}}],"inLanguage":"en-US"}]}},"brands":[{"id":31,"name":"Fluke","slug":"fluke"}],"_links":{"self":[{"href":"https:\/\/techmasterdemexico.com\/en\/wp-json\/wp\/v2\/product\/9739","targetHints":{"allow":["GET"]}}],"collection":[{"href":"https:\/\/techmasterdemexico.com\/en\/wp-json\/wp\/v2\/product"}],"about":[{"href":"https:\/\/techmasterdemexico.com\/en\/wp-json\/wp\/v2\/types\/product"}],"wp:featuredmedia":[{"embeddable":true,"href":"https:\/\/techmasterdemexico.com\/en\/wp-json\/wp\/v2\/media\/9741"}],"wp:attachment":[{"href":"https:\/\/techmasterdemexico.com\/en\/wp-json\/wp\/v2\/media?parent=9739"}],"wp:term":[{"taxonomy":"pwb-brand","embeddable":true,"href":"https:\/\/techmasterdemexico.com\/en\/wp-json\/wp\/v2\/pwb-brand?post=9739"},{"taxonomy":"product_brand","embeddable":true,"href":"https:\/\/techmasterdemexico.com\/en\/wp-json\/wp\/v2\/product_brand?post=9739"},{"taxonomy":"product_cat","embeddable":true,"href":"https:\/\/techmasterdemexico.com\/en\/wp-json\/wp\/v2\/product_cat?post=9739"},{"taxonomy":"product_tag","embeddable":true,"href":"https:\/\/techmasterdemexico.com\/en\/wp-json\/wp\/v2\/product_tag?post=9739"}],"curies":[{"name":"wp","href":"https:\/\/api.w.org\/{rel}","templated":true}]}}