{"id":9710,"date":"2021-09-23T23:04:08","date_gmt":"2021-09-23T23:04:08","guid":{"rendered":"https:\/\/techmastermx.ddns.net\/producto\/calibrador-de-presion-fluke-717\/"},"modified":"2022-05-12T04:48:14","modified_gmt":"2022-05-12T04:48:14","slug":"calibrador-de-presion-fluke-717","status":"publish","type":"product","link":"https:\/\/techmasterdemexico.com\/en\/producto\/calibrador-de-presion-fluke-717\/","title":{"rendered":"Calibrador de presi\u00f3n Fluke 717"},"content":{"rendered":"<p>Los calibradores de presi\u00f3n Fluke 717 ofrecen un rendimiento sobresaliente, durabilidad y fiabilidad. Se trata de una herramienta compacta, ligera y de c\u00f3modo transporte. Gracias a una interfaz de botones de pulsaci\u00f3n parecida a la de los calibradores multifunci\u00f3n de procesos documentadores de la serie Fluke 750, el calibrador de presi\u00f3n Fluke 717 es f\u00e1cil de usar. Est\u00e1 protegido frente a las interferencias electromagn\u00e9ticas, el polvo y las salpicaduras. La tapa extra\u00edble del compartimento de la bater\u00eda facilita una r\u00e1pida sustituci\u00f3n. El calibrador de presi\u00f3n Fluke 717 es compatible con los m\u00f3dulos para presi\u00f3n diferencial, de man\u00f3metros y absoluta Fluke 700Pxx para incrementar la funcionalidad.<\/p>\n","protected":false},"excerpt":{"rendered":"<ul>\n<li>Mida la presi\u00f3n: 0.05 % de escala m\u00e1ximo con sensor interno hasta 5000 psi\/345 bar (modelo 5000G)<\/li>\n<li>Medida de mA con precisi\u00f3n del 0.015 % y resoluci\u00f3n de 0.001 mA, generando alimentaci\u00f3n de lazo de 24 V<\/li>\n<li>Medida de presiones de hasta 10,000 psi\/700 bar usando uno de los 29 m\u00f3dulos de presi\u00f3n Fluke 700Pxx<\/li>\n<li>Acoplamiento de presi\u00f3n hembra NPT 1\/8<\/li>\n<li>Compatible con gases y l\u00edquidos no corrosivos<\/li>\n<li>Hasta once unidades de ingenier\u00eda diferentes<\/li>\n<li>Funciones de registro de cero, m\u00ednimos y m\u00e1ximos y de retenci\u00f3n de datos en pantalla<\/li>\n<li>Calibraci\u00f3n de instrumentos P\/I con medida simult\u00e1nea de la corriente y la presi\u00f3n<\/li>\n<li>Esta prueba simult\u00e1nea de presi\u00f3n y corriente captura los valores de configuraci\u00f3n, restablecimiento y banda inactiva de un conmutador de presi\u00f3n<\/li>\n<li>C\u00e1lculo de % de error de mediciones de mA para una r\u00e1pida toma de decisiones del tipo pasa\/ no pasa<\/li>\n<li>Bater\u00eda de larga duraci\u00f3n<\/li>\n<li>Funda con compartimento para los cables de prueba<\/li>\n<li>Compatible con el sistema magn\u00e9tico de sujeci\u00f3n de herramientas Toolpack<\/li>\n<li>Nueva prueba de conmutador<\/li>\n<\/ul>\n","protected":false},"featured_media":9711,"template":"","meta":{"_acf_changed":false},"pwb-brand":[31],"product_brand":[],"product_cat":[366,195,30,193],"product_tag":[],"class_list":{"0":"post-9710","1":"product","2":"type-product","3":"status-publish","4":"has-post-thumbnail","6":"pwb-brand-fluke","7":"product_cat-todos-los-productos","8":"product_cat-calibradores-de-presion-herramientas-de-calibracion","9":"product_cat-fluke","10":"product_cat-herramientas-de-calibracion","12":"first","13":"instock","14":"taxable","15":"shipping-taxable","16":"product-type-simple"},"acf":[],"yoast_head":"<!-- This site is optimized with the Yoast SEO plugin v27.4 - https:\/\/yoast.com\/product\/yoast-seo-wordpress\/ -->\n<title>Calibrador de presi\u00f3n Fluke 717 - Techmaster de Mexico<\/title>\n<meta name=\"robots\" content=\"index, follow, max-snippet:-1, max-image-preview:large, max-video-preview:-1\" \/>\n<link rel=\"canonical\" href=\"https:\/\/techmasterdemexico.com\/producto\/calibrador-de-presion-fluke-717\/\" \/>\n<meta property=\"og:locale\" content=\"en_US\" \/>\n<meta property=\"og:type\" content=\"article\" \/>\n<meta property=\"og:title\" content=\"Calibrador de presi\u00f3n Fluke 717 - Techmaster de Mexico\" \/>\n<meta property=\"og:description\" content=\"Mida la presi\u00f3n: 0.05 % de escala m\u00e1ximo con sensor interno hasta 5000 psi\/345 bar (modelo 5000G)  Medida de mA con precisi\u00f3n del 0.015 % y resoluci\u00f3n de 0.001 mA, generando alimentaci\u00f3n de lazo de 24 V  Medida de presiones de hasta 10,000 psi\/700 bar usando uno de los 29 m\u00f3dulos de presi\u00f3n Fluke 700Pxx  Acoplamiento de presi\u00f3n hembra NPT 1\/8  Compatible con gases y l\u00edquidos no corrosivos  Hasta once unidades de ingenier\u00eda diferentes  Funciones de registro de cero, m\u00ednimos y m\u00e1ximos y de retenci\u00f3n de datos en pantalla  Calibraci\u00f3n de instrumentos P\/I con medida simult\u00e1nea de la corriente y la presi\u00f3n  Esta prueba simult\u00e1nea de presi\u00f3n y corriente captura los valores de configuraci\u00f3n, restablecimiento y banda inactiva de un conmutador de presi\u00f3n  C\u00e1lculo de % de error de mediciones de mA para una r\u00e1pida toma de decisiones del tipo pasa\/ no pasa  Bater\u00eda de larga duraci\u00f3n  Funda con compartimento para los cables de prueba  Compatible con el sistema magn\u00e9tico de sujeci\u00f3n de herramientas Toolpack  Nueva prueba de conmutador\" \/>\n<meta property=\"og:url\" content=\"https:\/\/techmasterdemexico.com\/producto\/calibrador-de-presion-fluke-717\/\" \/>\n<meta property=\"og:site_name\" content=\"Techmaster de Mexico\" \/>\n<meta property=\"article:modified_time\" content=\"2022-05-12T04:48:14+00:00\" \/>\n<meta property=\"og:image\" content=\"https:\/\/techmasterdemexico.com\/wp-content\/uploads\/2021\/09\/F-717-3000g_01a_h-1500x1000-1.png\" \/>\n\t<meta property=\"og:image:width\" content=\"410\" \/>\n\t<meta property=\"og:image:height\" content=\"410\" \/>\n\t<meta property=\"og:image:type\" content=\"image\/png\" \/>\n<meta name=\"twitter:card\" content=\"summary_large_image\" \/>\n<meta name=\"twitter:label1\" content=\"Est. reading time\" \/>\n\t<meta name=\"twitter:data1\" content=\"1 minute\" \/>\n<script type=\"application\/ld+json\" class=\"yoast-schema-graph\">{\"@context\":\"https:\\\/\\\/schema.org\",\"@graph\":[{\"@type\":\"WebPage\",\"@id\":\"https:\\\/\\\/techmasterdemexico.com\\\/producto\\\/calibrador-de-presion-fluke-717\\\/\",\"url\":\"https:\\\/\\\/techmasterdemexico.com\\\/producto\\\/calibrador-de-presion-fluke-717\\\/\",\"name\":\"Calibrador de presi\u00f3n Fluke 717 - Techmaster de Mexico\",\"isPartOf\":{\"@id\":\"https:\\\/\\\/techmasterdemexico.com\\\/#website\"},\"primaryImageOfPage\":{\"@id\":\"https:\\\/\\\/techmasterdemexico.com\\\/producto\\\/calibrador-de-presion-fluke-717\\\/#primaryimage\"},\"image\":{\"@id\":\"https:\\\/\\\/techmasterdemexico.com\\\/producto\\\/calibrador-de-presion-fluke-717\\\/#primaryimage\"},\"thumbnailUrl\":\"https:\\\/\\\/techmasterdemexico.com\\\/wp-content\\\/uploads\\\/2021\\\/09\\\/F-717-3000g_01a_h-1500x1000-1.png\",\"datePublished\":\"2021-09-23T23:04:08+00:00\",\"dateModified\":\"2022-05-12T04:48:14+00:00\",\"breadcrumb\":{\"@id\":\"https:\\\/\\\/techmasterdemexico.com\\\/producto\\\/calibrador-de-presion-fluke-717\\\/#breadcrumb\"},\"inLanguage\":\"en-US\",\"potentialAction\":[{\"@type\":\"ReadAction\",\"target\":[\"https:\\\/\\\/techmasterdemexico.com\\\/producto\\\/calibrador-de-presion-fluke-717\\\/\"]}]},{\"@type\":\"ImageObject\",\"inLanguage\":\"en-US\",\"@id\":\"https:\\\/\\\/techmasterdemexico.com\\\/producto\\\/calibrador-de-presion-fluke-717\\\/#primaryimage\",\"url\":\"https:\\\/\\\/techmasterdemexico.com\\\/wp-content\\\/uploads\\\/2021\\\/09\\\/F-717-3000g_01a_h-1500x1000-1.png\",\"contentUrl\":\"https:\\\/\\\/techmasterdemexico.com\\\/wp-content\\\/uploads\\\/2021\\\/09\\\/F-717-3000g_01a_h-1500x1000-1.png\",\"width\":410,\"height\":410},{\"@type\":\"BreadcrumbList\",\"@id\":\"https:\\\/\\\/techmasterdemexico.com\\\/producto\\\/calibrador-de-presion-fluke-717\\\/#breadcrumb\",\"itemListElement\":[{\"@type\":\"ListItem\",\"position\":1,\"name\":\"Portada\",\"item\":\"https:\\\/\\\/techmasterdemexico.com\\\/\"},{\"@type\":\"ListItem\",\"position\":2,\"name\":\"Calibrador de presi\u00f3n Fluke 717\"}]},{\"@type\":\"WebSite\",\"@id\":\"https:\\\/\\\/techmasterdemexico.com\\\/#website\",\"url\":\"https:\\\/\\\/techmasterdemexico.com\\\/\",\"name\":\"Techmaster de Mexico\",\"description\":\"\",\"potentialAction\":[{\"@type\":\"SearchAction\",\"target\":{\"@type\":\"EntryPoint\",\"urlTemplate\":\"https:\\\/\\\/techmasterdemexico.com\\\/?s={search_term_string}\"},\"query-input\":{\"@type\":\"PropertyValueSpecification\",\"valueRequired\":true,\"valueName\":\"search_term_string\"}}],\"inLanguage\":\"en-US\"}]}<\/script>\n<!-- \/ Yoast SEO plugin. -->","yoast_head_json":{"title":"Calibrador de presi\u00f3n Fluke 717 - Techmaster de Mexico","robots":{"index":"index","follow":"follow","max-snippet":"max-snippet:-1","max-image-preview":"max-image-preview:large","max-video-preview":"max-video-preview:-1"},"canonical":"https:\/\/techmasterdemexico.com\/producto\/calibrador-de-presion-fluke-717\/","og_locale":"en_US","og_type":"article","og_title":"Calibrador de presi\u00f3n Fluke 717 - Techmaster de Mexico","og_description":"Mida la presi\u00f3n: 0.05 % de escala m\u00e1ximo con sensor interno hasta 5000 psi\/345 bar (modelo 5000G)  Medida de mA con precisi\u00f3n del 0.015 % y resoluci\u00f3n de 0.001 mA, generando alimentaci\u00f3n de lazo de 24 V  Medida de presiones de hasta 10,000 psi\/700 bar usando uno de los 29 m\u00f3dulos de presi\u00f3n Fluke 700Pxx  Acoplamiento de presi\u00f3n hembra NPT 1\/8  Compatible con gases y l\u00edquidos no corrosivos  Hasta once unidades de ingenier\u00eda diferentes  Funciones de registro de cero, m\u00ednimos y m\u00e1ximos y de retenci\u00f3n de datos en pantalla  Calibraci\u00f3n de instrumentos P\/I con medida simult\u00e1nea de la corriente y la presi\u00f3n  Esta prueba simult\u00e1nea de presi\u00f3n y corriente captura los valores de configuraci\u00f3n, restablecimiento y banda inactiva de un conmutador de presi\u00f3n  C\u00e1lculo de % de error de mediciones de mA para una r\u00e1pida toma de decisiones del tipo pasa\/ no pasa  Bater\u00eda de larga duraci\u00f3n  Funda con compartimento para los cables de prueba  Compatible con el sistema magn\u00e9tico de sujeci\u00f3n de herramientas Toolpack  Nueva prueba de conmutador","og_url":"https:\/\/techmasterdemexico.com\/producto\/calibrador-de-presion-fluke-717\/","og_site_name":"Techmaster de Mexico","article_modified_time":"2022-05-12T04:48:14+00:00","og_image":[{"width":410,"height":410,"url":"https:\/\/techmasterdemexico.com\/wp-content\/uploads\/2021\/09\/F-717-3000g_01a_h-1500x1000-1.png","type":"image\/png"}],"twitter_card":"summary_large_image","twitter_misc":{"Est. reading time":"1 minute"},"schema":{"@context":"https:\/\/schema.org","@graph":[{"@type":"WebPage","@id":"https:\/\/techmasterdemexico.com\/producto\/calibrador-de-presion-fluke-717\/","url":"https:\/\/techmasterdemexico.com\/producto\/calibrador-de-presion-fluke-717\/","name":"Calibrador de presi\u00f3n Fluke 717 - Techmaster de Mexico","isPartOf":{"@id":"https:\/\/techmasterdemexico.com\/#website"},"primaryImageOfPage":{"@id":"https:\/\/techmasterdemexico.com\/producto\/calibrador-de-presion-fluke-717\/#primaryimage"},"image":{"@id":"https:\/\/techmasterdemexico.com\/producto\/calibrador-de-presion-fluke-717\/#primaryimage"},"thumbnailUrl":"https:\/\/techmasterdemexico.com\/wp-content\/uploads\/2021\/09\/F-717-3000g_01a_h-1500x1000-1.png","datePublished":"2021-09-23T23:04:08+00:00","dateModified":"2022-05-12T04:48:14+00:00","breadcrumb":{"@id":"https:\/\/techmasterdemexico.com\/producto\/calibrador-de-presion-fluke-717\/#breadcrumb"},"inLanguage":"en-US","potentialAction":[{"@type":"ReadAction","target":["https:\/\/techmasterdemexico.com\/producto\/calibrador-de-presion-fluke-717\/"]}]},{"@type":"ImageObject","inLanguage":"en-US","@id":"https:\/\/techmasterdemexico.com\/producto\/calibrador-de-presion-fluke-717\/#primaryimage","url":"https:\/\/techmasterdemexico.com\/wp-content\/uploads\/2021\/09\/F-717-3000g_01a_h-1500x1000-1.png","contentUrl":"https:\/\/techmasterdemexico.com\/wp-content\/uploads\/2021\/09\/F-717-3000g_01a_h-1500x1000-1.png","width":410,"height":410},{"@type":"BreadcrumbList","@id":"https:\/\/techmasterdemexico.com\/producto\/calibrador-de-presion-fluke-717\/#breadcrumb","itemListElement":[{"@type":"ListItem","position":1,"name":"Portada","item":"https:\/\/techmasterdemexico.com\/"},{"@type":"ListItem","position":2,"name":"Calibrador de presi\u00f3n Fluke 717"}]},{"@type":"WebSite","@id":"https:\/\/techmasterdemexico.com\/#website","url":"https:\/\/techmasterdemexico.com\/","name":"Techmaster de Mexico","description":"","potentialAction":[{"@type":"SearchAction","target":{"@type":"EntryPoint","urlTemplate":"https:\/\/techmasterdemexico.com\/?s={search_term_string}"},"query-input":{"@type":"PropertyValueSpecification","valueRequired":true,"valueName":"search_term_string"}}],"inLanguage":"en-US"}]}},"brands":[{"id":31,"name":"Fluke","slug":"fluke"}],"_links":{"self":[{"href":"https:\/\/techmasterdemexico.com\/en\/wp-json\/wp\/v2\/product\/9710","targetHints":{"allow":["GET"]}}],"collection":[{"href":"https:\/\/techmasterdemexico.com\/en\/wp-json\/wp\/v2\/product"}],"about":[{"href":"https:\/\/techmasterdemexico.com\/en\/wp-json\/wp\/v2\/types\/product"}],"wp:featuredmedia":[{"embeddable":true,"href":"https:\/\/techmasterdemexico.com\/en\/wp-json\/wp\/v2\/media\/9711"}],"wp:attachment":[{"href":"https:\/\/techmasterdemexico.com\/en\/wp-json\/wp\/v2\/media?parent=9710"}],"wp:term":[{"taxonomy":"pwb-brand","embeddable":true,"href":"https:\/\/techmasterdemexico.com\/en\/wp-json\/wp\/v2\/pwb-brand?post=9710"},{"taxonomy":"product_brand","embeddable":true,"href":"https:\/\/techmasterdemexico.com\/en\/wp-json\/wp\/v2\/product_brand?post=9710"},{"taxonomy":"product_cat","embeddable":true,"href":"https:\/\/techmasterdemexico.com\/en\/wp-json\/wp\/v2\/product_cat?post=9710"},{"taxonomy":"product_tag","embeddable":true,"href":"https:\/\/techmasterdemexico.com\/en\/wp-json\/wp\/v2\/product_tag?post=9710"}],"curies":[{"name":"wp","href":"https:\/\/api.w.org\/{rel}","templated":true}]}}