{"id":9709,"date":"2021-09-23T23:04:08","date_gmt":"2021-09-23T23:04:08","guid":{"rendered":"https:\/\/techmastermx.ddns.net\/producto\/multimetro-de-procesos-fluke-789-processmeter-con-fluke-connect\/"},"modified":"2022-05-12T04:48:13","modified_gmt":"2022-05-12T04:48:13","slug":"multimetro-de-procesos-fluke-789-processmeter-con-fluke-connect","status":"publish","type":"product","link":"https:\/\/techmasterdemexico.com\/en\/producto\/multimetro-de-procesos-fluke-789-processmeter-con-fluke-connect\/","title":{"rendered":"Mult\u00edmetro de procesos Fluke 789 ProcessMeter\u2122 con Fluke Connect\u00ae"},"content":{"rendered":"<p>Mult\u00edmetro de procesos Fluke 789 ProcessMeter\u2122 con Fluke Connect\u00ae<\/p>\n<p>Ahora compatible con la aplicaci\u00f3n Fluke Connect\u00ae<\/p>\n<p>Fluke 789 ProcessMeter es la herramienta definitiva de soluci\u00f3n de problemas para electricistas y profesionales que usan instrumentos, ya que combina la funcionalidad de un calibrador de lazo de corriente y la potencia de un mult\u00edmetro digital. Al equipar el 789 con un m\u00f3dulo de medici\u00f3n de temperatura y las capacidades inal\u00e1mbricas de registro de datos Fluke Connect\u00ae con las llamadas de video de ShareLive\u2122 (se vende por separado), los t\u00e9cnicos de procesos ahora podr\u00e1n hacer mucho m\u00e1s mientras llevan consigo mucho menos. Y con su resistor HART\u00ae incorporado, seleccionable, de 250 ohmios, elimina la necesidad de llevar consigo un resistor adicional.<\/p>\n","protected":false},"excerpt":{"rendered":"<p>Alimentaci\u00f3n de lazo de 24 voltios<\/p>\n<p>Gran pantalla doble<\/p>\n<p>Luz de fondo mejorada con 2 niveles de brillo<\/p>\n<p>Capacidad de se\u00f1al de 1200 ohmios en generaci\u00f3n de mA<\/p>\n<p>Configuraci\u00f3n para el modo HART con alimentaci\u00f3n de lazo y un resistor de 250 ohmios incorporado<\/p>\n<p>Botones 0 % a 100 % para verificaciones de alcance r\u00e1pidas.<\/p>\n<p>Fusibles con acceso desde el exterior para facilitar la sustituci\u00f3n<\/p>\n<p>Puerto infrarrojo para procesar datos en el software FlukeView Forms (V2.1)<\/p>\n<p><strong>Caracter\u00edsticas de Fluke 789 que tambi\u00e9n se incluyen en el Fluke 787:<\/strong><\/p>\n<p>Mult\u00edmetro digital de verdadero valor eficaz con un rango de 1000 V, 440 mA<\/p>\n<p>Precisi\u00f3n de voltaje CC de 0.1 %<\/p>\n<p>Precisi\u00f3n de CC de 0.05 %<\/p>\n<p>Medida de frecuencia hasta 20 kHz<\/p>\n<p>Modos Min\/Max\/Medio\/Hold\/Relativo<\/p>\n<p>Prueba de diodos y se\u00f1al ac\u00fastica de continuidad<\/p>\n<p>Lectura simult\u00e1nea de mA y porcentaje<\/p>\n<p>Fuente de corriente \/ calibrador de corriente de lazo \/ simulador de 20 mA CC<\/p>\n<p>Incremento manual (100 %, 25 %, Ajuste grueso, Ajuste fino) adem\u00e1s de funciones de incremento y rampa autom\u00e1ticas<\/p>\n<p>Bater\u00edas con acceso desde el exterior para facilitar su sustituci\u00f3n<\/p>\n<p><strong>Homologaci\u00f3n de seguridad<\/strong><\/p>\n<p>Cumple con las normas EN61010-1 CAT III para 1000 voltios y EN61010-1 CAT IV para 600 voltios.<\/p>\n","protected":false},"featured_media":9714,"template":"","meta":{"_acf_changed":false},"pwb-brand":[31],"product_brand":[],"product_cat":[366,194,30,193],"product_tag":[],"class_list":{"0":"post-9709","1":"product","2":"type-product","3":"status-publish","4":"has-post-thumbnail","6":"pwb-brand-fluke","7":"product_cat-todos-los-productos","8":"product_cat-calibradores-de-lazo","9":"product_cat-fluke","10":"product_cat-herramientas-de-calibracion","12":"first","13":"instock","14":"taxable","15":"shipping-taxable","16":"product-type-simple"},"acf":[],"yoast_head":"<!-- This site is optimized with the Yoast SEO plugin v27.5 - https:\/\/yoast.com\/product\/yoast-seo-wordpress\/ -->\n<title>Mult\u00edmetro de procesos Fluke 789 ProcessMeter\u2122 con Fluke Connect\u00ae - Techmaster de Mexico<\/title>\n<meta name=\"robots\" content=\"index, follow, max-snippet:-1, max-image-preview:large, max-video-preview:-1\" \/>\n<link rel=\"canonical\" href=\"https:\/\/techmasterdemexico.com\/producto\/multimetro-de-procesos-fluke-789-processmeter-con-fluke-connect\/\" \/>\n<meta property=\"og:locale\" content=\"en_US\" \/>\n<meta property=\"og:type\" content=\"article\" \/>\n<meta property=\"og:title\" content=\"Mult\u00edmetro de procesos Fluke 789 ProcessMeter\u2122 con Fluke Connect\u00ae - Techmaster de Mexico\" \/>\n<meta property=\"og:description\" content=\"Alimentaci\u00f3n de lazo de 24 voltios  Gran pantalla doble  Luz de fondo mejorada con 2 niveles de brillo  Capacidad de se\u00f1al de 1200 ohmios en generaci\u00f3n de mA  Configuraci\u00f3n para el modo HART con alimentaci\u00f3n de lazo y un resistor de 250 ohmios incorporado  Botones 0 % a 100 % para verificaciones de alcance r\u00e1pidas.  Fusibles con acceso desde el exterior para facilitar la sustituci\u00f3n  Puerto infrarrojo para procesar datos en el software FlukeView Forms (V2.1)   Caracter\u00edsticas de Fluke 789 que tambi\u00e9n se incluyen en el Fluke 787:   Mult\u00edmetro digital de verdadero valor eficaz con un rango de 1000 V, 440 mA  Precisi\u00f3n de voltaje CC de 0.1 %  Precisi\u00f3n de CC de 0.05 %  Medida de frecuencia hasta 20 kHz  Modos Min\/Max\/Medio\/Hold\/Relativo  Prueba de diodos y se\u00f1al ac\u00fastica de continuidad  Lectura simult\u00e1nea de mA y porcentaje  Fuente de corriente \/ calibrador de corriente de lazo \/ simulador de 20 mA CC  Incremento manual (100 %, 25 %, Ajuste grueso, Ajuste fino) adem\u00e1s de funciones de incremento y rampa autom\u00e1ticas  Bater\u00edas con acceso desde el exterior para facilitar su sustituci\u00f3n   Homologaci\u00f3n de seguridad   Cumple con las normas EN61010-1 CAT III para 1000 voltios y EN61010-1 CAT IV para 600 voltios.\" \/>\n<meta property=\"og:url\" content=\"https:\/\/techmasterdemexico.com\/producto\/multimetro-de-procesos-fluke-789-processmeter-con-fluke-connect\/\" \/>\n<meta property=\"og:site_name\" content=\"Techmaster de Mexico\" \/>\n<meta property=\"article:modified_time\" content=\"2022-05-12T04:48:13+00:00\" \/>\n<meta property=\"og:image\" content=\"https:\/\/techmasterdemexico.com\/wp-content\/uploads\/2021\/09\/F-717-3000g_01a_h-1500x1000-1-1.png\" \/>\n\t<meta property=\"og:image:width\" content=\"410\" \/>\n\t<meta property=\"og:image:height\" content=\"410\" \/>\n\t<meta property=\"og:image:type\" content=\"image\/png\" \/>\n<meta name=\"twitter:card\" content=\"summary_large_image\" \/>\n<meta name=\"twitter:label1\" content=\"Est. reading time\" \/>\n\t<meta name=\"twitter:data1\" content=\"1 minute\" \/>\n<script type=\"application\/ld+json\" class=\"yoast-schema-graph\">{\"@context\":\"https:\\\/\\\/schema.org\",\"@graph\":[{\"@type\":\"WebPage\",\"@id\":\"https:\\\/\\\/techmasterdemexico.com\\\/producto\\\/multimetro-de-procesos-fluke-789-processmeter-con-fluke-connect\\\/\",\"url\":\"https:\\\/\\\/techmasterdemexico.com\\\/producto\\\/multimetro-de-procesos-fluke-789-processmeter-con-fluke-connect\\\/\",\"name\":\"Mult\u00edmetro de procesos Fluke 789 ProcessMeter\u2122 con Fluke Connect\u00ae - Techmaster de Mexico\",\"isPartOf\":{\"@id\":\"https:\\\/\\\/techmasterdemexico.com\\\/#website\"},\"primaryImageOfPage\":{\"@id\":\"https:\\\/\\\/techmasterdemexico.com\\\/producto\\\/multimetro-de-procesos-fluke-789-processmeter-con-fluke-connect\\\/#primaryimage\"},\"image\":{\"@id\":\"https:\\\/\\\/techmasterdemexico.com\\\/producto\\\/multimetro-de-procesos-fluke-789-processmeter-con-fluke-connect\\\/#primaryimage\"},\"thumbnailUrl\":\"https:\\\/\\\/techmasterdemexico.com\\\/wp-content\\\/uploads\\\/2021\\\/09\\\/F-717-3000g_01a_h-1500x1000-1-1.png\",\"datePublished\":\"2021-09-23T23:04:08+00:00\",\"dateModified\":\"2022-05-12T04:48:13+00:00\",\"breadcrumb\":{\"@id\":\"https:\\\/\\\/techmasterdemexico.com\\\/producto\\\/multimetro-de-procesos-fluke-789-processmeter-con-fluke-connect\\\/#breadcrumb\"},\"inLanguage\":\"en-US\",\"potentialAction\":[{\"@type\":\"ReadAction\",\"target\":[\"https:\\\/\\\/techmasterdemexico.com\\\/producto\\\/multimetro-de-procesos-fluke-789-processmeter-con-fluke-connect\\\/\"]}]},{\"@type\":\"ImageObject\",\"inLanguage\":\"en-US\",\"@id\":\"https:\\\/\\\/techmasterdemexico.com\\\/producto\\\/multimetro-de-procesos-fluke-789-processmeter-con-fluke-connect\\\/#primaryimage\",\"url\":\"https:\\\/\\\/techmasterdemexico.com\\\/wp-content\\\/uploads\\\/2021\\\/09\\\/F-717-3000g_01a_h-1500x1000-1-1.png\",\"contentUrl\":\"https:\\\/\\\/techmasterdemexico.com\\\/wp-content\\\/uploads\\\/2021\\\/09\\\/F-717-3000g_01a_h-1500x1000-1-1.png\",\"width\":410,\"height\":410},{\"@type\":\"BreadcrumbList\",\"@id\":\"https:\\\/\\\/techmasterdemexico.com\\\/producto\\\/multimetro-de-procesos-fluke-789-processmeter-con-fluke-connect\\\/#breadcrumb\",\"itemListElement\":[{\"@type\":\"ListItem\",\"position\":1,\"name\":\"Portada\",\"item\":\"https:\\\/\\\/techmasterdemexico.com\\\/\"},{\"@type\":\"ListItem\",\"position\":2,\"name\":\"Mult\u00edmetro de procesos Fluke 789 ProcessMeter\u2122 con Fluke Connect\u00ae\"}]},{\"@type\":\"WebSite\",\"@id\":\"https:\\\/\\\/techmasterdemexico.com\\\/#website\",\"url\":\"https:\\\/\\\/techmasterdemexico.com\\\/\",\"name\":\"Techmaster de Mexico\",\"description\":\"\",\"potentialAction\":[{\"@type\":\"SearchAction\",\"target\":{\"@type\":\"EntryPoint\",\"urlTemplate\":\"https:\\\/\\\/techmasterdemexico.com\\\/?s={search_term_string}\"},\"query-input\":{\"@type\":\"PropertyValueSpecification\",\"valueRequired\":true,\"valueName\":\"search_term_string\"}}],\"inLanguage\":\"en-US\"}]}<\/script>\n<!-- \/ Yoast SEO plugin. -->","yoast_head_json":{"title":"Mult\u00edmetro de procesos Fluke 789 ProcessMeter\u2122 con Fluke Connect\u00ae - Techmaster de Mexico","robots":{"index":"index","follow":"follow","max-snippet":"max-snippet:-1","max-image-preview":"max-image-preview:large","max-video-preview":"max-video-preview:-1"},"canonical":"https:\/\/techmasterdemexico.com\/producto\/multimetro-de-procesos-fluke-789-processmeter-con-fluke-connect\/","og_locale":"en_US","og_type":"article","og_title":"Mult\u00edmetro de procesos Fluke 789 ProcessMeter\u2122 con Fluke Connect\u00ae - Techmaster de Mexico","og_description":"Alimentaci\u00f3n de lazo de 24 voltios  Gran pantalla doble  Luz de fondo mejorada con 2 niveles de brillo  Capacidad de se\u00f1al de 1200 ohmios en generaci\u00f3n de mA  Configuraci\u00f3n para el modo HART con alimentaci\u00f3n de lazo y un resistor de 250 ohmios incorporado  Botones 0 % a 100 % para verificaciones de alcance r\u00e1pidas.  Fusibles con acceso desde el exterior para facilitar la sustituci\u00f3n  Puerto infrarrojo para procesar datos en el software FlukeView Forms (V2.1)   Caracter\u00edsticas de Fluke 789 que tambi\u00e9n se incluyen en el Fluke 787:   Mult\u00edmetro digital de verdadero valor eficaz con un rango de 1000 V, 440 mA  Precisi\u00f3n de voltaje CC de 0.1 %  Precisi\u00f3n de CC de 0.05 %  Medida de frecuencia hasta 20 kHz  Modos Min\/Max\/Medio\/Hold\/Relativo  Prueba de diodos y se\u00f1al ac\u00fastica de continuidad  Lectura simult\u00e1nea de mA y porcentaje  Fuente de corriente \/ calibrador de corriente de lazo \/ simulador de 20 mA CC  Incremento manual (100 %, 25 %, Ajuste grueso, Ajuste fino) adem\u00e1s de funciones de incremento y rampa autom\u00e1ticas  Bater\u00edas con acceso desde el exterior para facilitar su sustituci\u00f3n   Homologaci\u00f3n de seguridad   Cumple con las normas EN61010-1 CAT III para 1000 voltios y EN61010-1 CAT IV para 600 voltios.","og_url":"https:\/\/techmasterdemexico.com\/producto\/multimetro-de-procesos-fluke-789-processmeter-con-fluke-connect\/","og_site_name":"Techmaster de Mexico","article_modified_time":"2022-05-12T04:48:13+00:00","og_image":[{"width":410,"height":410,"url":"https:\/\/techmasterdemexico.com\/wp-content\/uploads\/2021\/09\/F-717-3000g_01a_h-1500x1000-1-1.png","type":"image\/png"}],"twitter_card":"summary_large_image","twitter_misc":{"Est. reading time":"1 minute"},"schema":{"@context":"https:\/\/schema.org","@graph":[{"@type":"WebPage","@id":"https:\/\/techmasterdemexico.com\/producto\/multimetro-de-procesos-fluke-789-processmeter-con-fluke-connect\/","url":"https:\/\/techmasterdemexico.com\/producto\/multimetro-de-procesos-fluke-789-processmeter-con-fluke-connect\/","name":"Mult\u00edmetro de procesos Fluke 789 ProcessMeter\u2122 con Fluke Connect\u00ae - Techmaster de Mexico","isPartOf":{"@id":"https:\/\/techmasterdemexico.com\/#website"},"primaryImageOfPage":{"@id":"https:\/\/techmasterdemexico.com\/producto\/multimetro-de-procesos-fluke-789-processmeter-con-fluke-connect\/#primaryimage"},"image":{"@id":"https:\/\/techmasterdemexico.com\/producto\/multimetro-de-procesos-fluke-789-processmeter-con-fluke-connect\/#primaryimage"},"thumbnailUrl":"https:\/\/techmasterdemexico.com\/wp-content\/uploads\/2021\/09\/F-717-3000g_01a_h-1500x1000-1-1.png","datePublished":"2021-09-23T23:04:08+00:00","dateModified":"2022-05-12T04:48:13+00:00","breadcrumb":{"@id":"https:\/\/techmasterdemexico.com\/producto\/multimetro-de-procesos-fluke-789-processmeter-con-fluke-connect\/#breadcrumb"},"inLanguage":"en-US","potentialAction":[{"@type":"ReadAction","target":["https:\/\/techmasterdemexico.com\/producto\/multimetro-de-procesos-fluke-789-processmeter-con-fluke-connect\/"]}]},{"@type":"ImageObject","inLanguage":"en-US","@id":"https:\/\/techmasterdemexico.com\/producto\/multimetro-de-procesos-fluke-789-processmeter-con-fluke-connect\/#primaryimage","url":"https:\/\/techmasterdemexico.com\/wp-content\/uploads\/2021\/09\/F-717-3000g_01a_h-1500x1000-1-1.png","contentUrl":"https:\/\/techmasterdemexico.com\/wp-content\/uploads\/2021\/09\/F-717-3000g_01a_h-1500x1000-1-1.png","width":410,"height":410},{"@type":"BreadcrumbList","@id":"https:\/\/techmasterdemexico.com\/producto\/multimetro-de-procesos-fluke-789-processmeter-con-fluke-connect\/#breadcrumb","itemListElement":[{"@type":"ListItem","position":1,"name":"Portada","item":"https:\/\/techmasterdemexico.com\/"},{"@type":"ListItem","position":2,"name":"Mult\u00edmetro de procesos Fluke 789 ProcessMeter\u2122 con Fluke Connect\u00ae"}]},{"@type":"WebSite","@id":"https:\/\/techmasterdemexico.com\/#website","url":"https:\/\/techmasterdemexico.com\/","name":"Techmaster de Mexico","description":"","potentialAction":[{"@type":"SearchAction","target":{"@type":"EntryPoint","urlTemplate":"https:\/\/techmasterdemexico.com\/?s={search_term_string}"},"query-input":{"@type":"PropertyValueSpecification","valueRequired":true,"valueName":"search_term_string"}}],"inLanguage":"en-US"}]}},"brands":[{"id":31,"name":"Fluke","slug":"fluke"}],"_links":{"self":[{"href":"https:\/\/techmasterdemexico.com\/en\/wp-json\/wp\/v2\/product\/9709","targetHints":{"allow":["GET"]}}],"collection":[{"href":"https:\/\/techmasterdemexico.com\/en\/wp-json\/wp\/v2\/product"}],"about":[{"href":"https:\/\/techmasterdemexico.com\/en\/wp-json\/wp\/v2\/types\/product"}],"wp:featuredmedia":[{"embeddable":true,"href":"https:\/\/techmasterdemexico.com\/en\/wp-json\/wp\/v2\/media\/9714"}],"wp:attachment":[{"href":"https:\/\/techmasterdemexico.com\/en\/wp-json\/wp\/v2\/media?parent=9709"}],"wp:term":[{"taxonomy":"pwb-brand","embeddable":true,"href":"https:\/\/techmasterdemexico.com\/en\/wp-json\/wp\/v2\/pwb-brand?post=9709"},{"taxonomy":"product_brand","embeddable":true,"href":"https:\/\/techmasterdemexico.com\/en\/wp-json\/wp\/v2\/product_brand?post=9709"},{"taxonomy":"product_cat","embeddable":true,"href":"https:\/\/techmasterdemexico.com\/en\/wp-json\/wp\/v2\/product_cat?post=9709"},{"taxonomy":"product_tag","embeddable":true,"href":"https:\/\/techmasterdemexico.com\/en\/wp-json\/wp\/v2\/product_tag?post=9709"}],"curies":[{"name":"wp","href":"https:\/\/api.w.org\/{rel}","templated":true}]}}