{"id":9708,"date":"2021-09-23T23:04:07","date_gmt":"2021-09-23T23:04:07","guid":{"rendered":"https:\/\/techmastermx.ddns.net\/producto\/fluke-787b-processmeter\/"},"modified":"2022-05-12T04:48:15","modified_gmt":"2022-05-12T04:48:15","slug":"fluke-787b-processmeter","status":"publish","type":"product","link":"https:\/\/techmasterdemexico.com\/en\/producto\/fluke-787b-processmeter\/","title":{"rendered":"Fluke 787B ProcessMeter\u2122"},"content":{"rendered":"<p>Fluke 787B ProcessMeter\u2122<\/p>\n<p>Los mult\u00edmetros ProcessMeter\u2122 Fluke 787B cuentan con el doble de capacidad para solucionar problemas, gracias a la combinaci\u00f3n de la potencia de un mult\u00edmetro digital con clasificaci\u00f3n de seguridad y un calibrador de lazo de mA en una sola herramienta de pruebas compacta. Sobre la base de las capacidades de medici\u00f3n de confianza del mult\u00edmetro digital Fluke 87, el 787B tambi\u00e9n cuenta con la capacidad de medir, generar y simular mA con la precisi\u00f3n y resoluci\u00f3n que espera de un calibrador de lazo de mA de Fluke, lo que proporciona una herramienta ideal para solucionar problemas y calibrar aplicaciones de lazos de corriente. Con la compatibilidad del software para computadoras de escritorio y la aplicaci\u00f3n m\u00f3vil de Fluke Connect\u00ae, los t\u00e9cnicos pueden supervisar, registrar y compartir datos con su equipo de manera inal\u00e1mbrica desde el terreno en cualquier momento y desde cualquier lugar*.<\/p>\n<p>*Requiere el m\u00f3dulo Fluke IR3000FC (no incluido). No todos los modelos se encuentran disponibles en todos los pa\u00edses. Consulte con su representante Fluke local.<\/p>\n","protected":false},"excerpt":{"rendered":"<p>Fuente\/medici\u00f3n\/simulaci\u00f3n de corriente de CC de 20 mA<\/p>\n<p>Lectura simult\u00e1nea de mA y porcentaje<\/p>\n<p>Mult\u00edmetro digital dise\u00f1ado para cumplir con las normas IEC 61010 CAT III y 600 V CAT IV para 1000 voltios<\/p>\n<p>Compatibilidad con Fluke Connect\u00ae para registrar datos de forma inal\u00e1mbrica (con el m\u00f3dulo IR3000FC)*<\/p>\n<p>Mult\u00edmetro digital de precisi\u00f3n de verdadero valor eficaz de 1000 V, 440 mA<\/p>\n<p>Medida de frecuencia hasta 20 kHz<\/p>\n<p>Modos Min\/Max\/Medio\/Hold\/Relativo<\/p>\n<p>Comprobaci\u00f3n de diodos y se\u00f1al ac\u00fastica de continuidad<\/p>\n<p>Incremento manual (100%, 25%, Ajuste grueso, Ajuste fino) adem\u00e1s de funciones de incremento y rampa autom\u00e1ticas<\/p>\n<p>Bater\u00edas con acceso desde el exterior para facilitar su sustituci\u00f3n<\/p>\n","protected":false},"featured_media":9719,"template":"","meta":{"_acf_changed":false},"pwb-brand":[31],"product_brand":[],"product_cat":[366,194,30,193],"product_tag":[],"class_list":{"0":"post-9708","1":"product","2":"type-product","3":"status-publish","4":"has-post-thumbnail","6":"pwb-brand-fluke","7":"product_cat-todos-los-productos","8":"product_cat-calibradores-de-lazo","9":"product_cat-fluke","10":"product_cat-herramientas-de-calibracion","12":"first","13":"instock","14":"taxable","15":"shipping-taxable","16":"product-type-simple"},"acf":[],"yoast_head":"<!-- This site is optimized with the Yoast SEO plugin v27.4 - https:\/\/yoast.com\/product\/yoast-seo-wordpress\/ -->\n<title>Fluke 787B ProcessMeter\u2122 - Techmaster de Mexico<\/title>\n<meta name=\"robots\" content=\"index, follow, max-snippet:-1, max-image-preview:large, max-video-preview:-1\" \/>\n<link rel=\"canonical\" href=\"https:\/\/techmasterdemexico.com\/producto\/fluke-787b-processmeter\/\" \/>\n<meta property=\"og:locale\" content=\"en_US\" \/>\n<meta property=\"og:type\" content=\"article\" \/>\n<meta property=\"og:title\" content=\"Fluke 787B ProcessMeter\u2122 - Techmaster de Mexico\" \/>\n<meta property=\"og:description\" content=\"Fuente\/medici\u00f3n\/simulaci\u00f3n de corriente de CC de 20 mA  Lectura simult\u00e1nea de mA y porcentaje  Mult\u00edmetro digital dise\u00f1ado para cumplir con las normas IEC 61010 CAT III y 600 V CAT IV para 1000 voltios  Compatibilidad con Fluke Connect\u00ae para registrar datos de forma inal\u00e1mbrica (con el m\u00f3dulo IR3000FC)*  Mult\u00edmetro digital de precisi\u00f3n de verdadero valor eficaz de 1000 V, 440 mA  Medida de frecuencia hasta 20 kHz  Modos Min\/Max\/Medio\/Hold\/Relativo  Comprobaci\u00f3n de diodos y se\u00f1al ac\u00fastica de continuidad  Incremento manual (100%, 25%, Ajuste grueso, Ajuste fino) adem\u00e1s de funciones de incremento y rampa autom\u00e1ticas  Bater\u00edas con acceso desde el exterior para facilitar su sustituci\u00f3n\" \/>\n<meta property=\"og:url\" content=\"https:\/\/techmasterdemexico.com\/producto\/fluke-787b-processmeter\/\" \/>\n<meta property=\"og:site_name\" content=\"Techmaster de Mexico\" \/>\n<meta property=\"article:modified_time\" content=\"2022-05-12T04:48:15+00:00\" \/>\n<meta property=\"og:image\" content=\"https:\/\/techmasterdemexico.com\/wp-content\/uploads\/2021\/09\/F_787b_01b_1500x1000-1.png\" \/>\n\t<meta property=\"og:image:width\" content=\"410\" \/>\n\t<meta property=\"og:image:height\" content=\"410\" \/>\n\t<meta property=\"og:image:type\" content=\"image\/png\" \/>\n<meta name=\"twitter:card\" content=\"summary_large_image\" \/>\n<meta name=\"twitter:label1\" content=\"Est. reading time\" \/>\n\t<meta name=\"twitter:data1\" content=\"1 minute\" \/>\n<script type=\"application\/ld+json\" class=\"yoast-schema-graph\">{\"@context\":\"https:\\\/\\\/schema.org\",\"@graph\":[{\"@type\":\"WebPage\",\"@id\":\"https:\\\/\\\/techmasterdemexico.com\\\/producto\\\/fluke-787b-processmeter\\\/\",\"url\":\"https:\\\/\\\/techmasterdemexico.com\\\/producto\\\/fluke-787b-processmeter\\\/\",\"name\":\"Fluke 787B ProcessMeter\u2122 - Techmaster de Mexico\",\"isPartOf\":{\"@id\":\"https:\\\/\\\/techmasterdemexico.com\\\/#website\"},\"primaryImageOfPage\":{\"@id\":\"https:\\\/\\\/techmasterdemexico.com\\\/producto\\\/fluke-787b-processmeter\\\/#primaryimage\"},\"image\":{\"@id\":\"https:\\\/\\\/techmasterdemexico.com\\\/producto\\\/fluke-787b-processmeter\\\/#primaryimage\"},\"thumbnailUrl\":\"https:\\\/\\\/techmasterdemexico.com\\\/wp-content\\\/uploads\\\/2021\\\/09\\\/F_787b_01b_1500x1000-1.png\",\"datePublished\":\"2021-09-23T23:04:07+00:00\",\"dateModified\":\"2022-05-12T04:48:15+00:00\",\"breadcrumb\":{\"@id\":\"https:\\\/\\\/techmasterdemexico.com\\\/producto\\\/fluke-787b-processmeter\\\/#breadcrumb\"},\"inLanguage\":\"en-US\",\"potentialAction\":[{\"@type\":\"ReadAction\",\"target\":[\"https:\\\/\\\/techmasterdemexico.com\\\/producto\\\/fluke-787b-processmeter\\\/\"]}]},{\"@type\":\"ImageObject\",\"inLanguage\":\"en-US\",\"@id\":\"https:\\\/\\\/techmasterdemexico.com\\\/producto\\\/fluke-787b-processmeter\\\/#primaryimage\",\"url\":\"https:\\\/\\\/techmasterdemexico.com\\\/wp-content\\\/uploads\\\/2021\\\/09\\\/F_787b_01b_1500x1000-1.png\",\"contentUrl\":\"https:\\\/\\\/techmasterdemexico.com\\\/wp-content\\\/uploads\\\/2021\\\/09\\\/F_787b_01b_1500x1000-1.png\",\"width\":410,\"height\":410},{\"@type\":\"BreadcrumbList\",\"@id\":\"https:\\\/\\\/techmasterdemexico.com\\\/producto\\\/fluke-787b-processmeter\\\/#breadcrumb\",\"itemListElement\":[{\"@type\":\"ListItem\",\"position\":1,\"name\":\"Portada\",\"item\":\"https:\\\/\\\/techmasterdemexico.com\\\/\"},{\"@type\":\"ListItem\",\"position\":2,\"name\":\"Fluke 787B ProcessMeter\u2122\"}]},{\"@type\":\"WebSite\",\"@id\":\"https:\\\/\\\/techmasterdemexico.com\\\/#website\",\"url\":\"https:\\\/\\\/techmasterdemexico.com\\\/\",\"name\":\"Techmaster de Mexico\",\"description\":\"\",\"potentialAction\":[{\"@type\":\"SearchAction\",\"target\":{\"@type\":\"EntryPoint\",\"urlTemplate\":\"https:\\\/\\\/techmasterdemexico.com\\\/?s={search_term_string}\"},\"query-input\":{\"@type\":\"PropertyValueSpecification\",\"valueRequired\":true,\"valueName\":\"search_term_string\"}}],\"inLanguage\":\"en-US\"}]}<\/script>\n<!-- \/ Yoast SEO plugin. -->","yoast_head_json":{"title":"Fluke 787B ProcessMeter\u2122 - Techmaster de Mexico","robots":{"index":"index","follow":"follow","max-snippet":"max-snippet:-1","max-image-preview":"max-image-preview:large","max-video-preview":"max-video-preview:-1"},"canonical":"https:\/\/techmasterdemexico.com\/producto\/fluke-787b-processmeter\/","og_locale":"en_US","og_type":"article","og_title":"Fluke 787B ProcessMeter\u2122 - Techmaster de Mexico","og_description":"Fuente\/medici\u00f3n\/simulaci\u00f3n de corriente de CC de 20 mA  Lectura simult\u00e1nea de mA y porcentaje  Mult\u00edmetro digital dise\u00f1ado para cumplir con las normas IEC 61010 CAT III y 600 V CAT IV para 1000 voltios  Compatibilidad con Fluke Connect\u00ae para registrar datos de forma inal\u00e1mbrica (con el m\u00f3dulo IR3000FC)*  Mult\u00edmetro digital de precisi\u00f3n de verdadero valor eficaz de 1000 V, 440 mA  Medida de frecuencia hasta 20 kHz  Modos Min\/Max\/Medio\/Hold\/Relativo  Comprobaci\u00f3n de diodos y se\u00f1al ac\u00fastica de continuidad  Incremento manual (100%, 25%, Ajuste grueso, Ajuste fino) adem\u00e1s de funciones de incremento y rampa autom\u00e1ticas  Bater\u00edas con acceso desde el exterior para facilitar su sustituci\u00f3n","og_url":"https:\/\/techmasterdemexico.com\/producto\/fluke-787b-processmeter\/","og_site_name":"Techmaster de Mexico","article_modified_time":"2022-05-12T04:48:15+00:00","og_image":[{"width":410,"height":410,"url":"https:\/\/techmasterdemexico.com\/wp-content\/uploads\/2021\/09\/F_787b_01b_1500x1000-1.png","type":"image\/png"}],"twitter_card":"summary_large_image","twitter_misc":{"Est. reading time":"1 minute"},"schema":{"@context":"https:\/\/schema.org","@graph":[{"@type":"WebPage","@id":"https:\/\/techmasterdemexico.com\/producto\/fluke-787b-processmeter\/","url":"https:\/\/techmasterdemexico.com\/producto\/fluke-787b-processmeter\/","name":"Fluke 787B ProcessMeter\u2122 - Techmaster de Mexico","isPartOf":{"@id":"https:\/\/techmasterdemexico.com\/#website"},"primaryImageOfPage":{"@id":"https:\/\/techmasterdemexico.com\/producto\/fluke-787b-processmeter\/#primaryimage"},"image":{"@id":"https:\/\/techmasterdemexico.com\/producto\/fluke-787b-processmeter\/#primaryimage"},"thumbnailUrl":"https:\/\/techmasterdemexico.com\/wp-content\/uploads\/2021\/09\/F_787b_01b_1500x1000-1.png","datePublished":"2021-09-23T23:04:07+00:00","dateModified":"2022-05-12T04:48:15+00:00","breadcrumb":{"@id":"https:\/\/techmasterdemexico.com\/producto\/fluke-787b-processmeter\/#breadcrumb"},"inLanguage":"en-US","potentialAction":[{"@type":"ReadAction","target":["https:\/\/techmasterdemexico.com\/producto\/fluke-787b-processmeter\/"]}]},{"@type":"ImageObject","inLanguage":"en-US","@id":"https:\/\/techmasterdemexico.com\/producto\/fluke-787b-processmeter\/#primaryimage","url":"https:\/\/techmasterdemexico.com\/wp-content\/uploads\/2021\/09\/F_787b_01b_1500x1000-1.png","contentUrl":"https:\/\/techmasterdemexico.com\/wp-content\/uploads\/2021\/09\/F_787b_01b_1500x1000-1.png","width":410,"height":410},{"@type":"BreadcrumbList","@id":"https:\/\/techmasterdemexico.com\/producto\/fluke-787b-processmeter\/#breadcrumb","itemListElement":[{"@type":"ListItem","position":1,"name":"Portada","item":"https:\/\/techmasterdemexico.com\/"},{"@type":"ListItem","position":2,"name":"Fluke 787B ProcessMeter\u2122"}]},{"@type":"WebSite","@id":"https:\/\/techmasterdemexico.com\/#website","url":"https:\/\/techmasterdemexico.com\/","name":"Techmaster de Mexico","description":"","potentialAction":[{"@type":"SearchAction","target":{"@type":"EntryPoint","urlTemplate":"https:\/\/techmasterdemexico.com\/?s={search_term_string}"},"query-input":{"@type":"PropertyValueSpecification","valueRequired":true,"valueName":"search_term_string"}}],"inLanguage":"en-US"}]}},"brands":[{"id":31,"name":"Fluke","slug":"fluke"}],"_links":{"self":[{"href":"https:\/\/techmasterdemexico.com\/en\/wp-json\/wp\/v2\/product\/9708","targetHints":{"allow":["GET"]}}],"collection":[{"href":"https:\/\/techmasterdemexico.com\/en\/wp-json\/wp\/v2\/product"}],"about":[{"href":"https:\/\/techmasterdemexico.com\/en\/wp-json\/wp\/v2\/types\/product"}],"wp:featuredmedia":[{"embeddable":true,"href":"https:\/\/techmasterdemexico.com\/en\/wp-json\/wp\/v2\/media\/9719"}],"wp:attachment":[{"href":"https:\/\/techmasterdemexico.com\/en\/wp-json\/wp\/v2\/media?parent=9708"}],"wp:term":[{"taxonomy":"pwb-brand","embeddable":true,"href":"https:\/\/techmasterdemexico.com\/en\/wp-json\/wp\/v2\/pwb-brand?post=9708"},{"taxonomy":"product_brand","embeddable":true,"href":"https:\/\/techmasterdemexico.com\/en\/wp-json\/wp\/v2\/product_brand?post=9708"},{"taxonomy":"product_cat","embeddable":true,"href":"https:\/\/techmasterdemexico.com\/en\/wp-json\/wp\/v2\/product_cat?post=9708"},{"taxonomy":"product_tag","embeddable":true,"href":"https:\/\/techmasterdemexico.com\/en\/wp-json\/wp\/v2\/product_tag?post=9708"}],"curies":[{"name":"wp","href":"https:\/\/api.w.org\/{rel}","templated":true}]}}