{"id":9707,"date":"2021-09-23T23:04:07","date_gmt":"2021-09-23T23:04:07","guid":{"rendered":"https:\/\/techmastermx.ddns.net\/producto\/pinza-amperimetrica-ma-para-procesos-fluke-771\/"},"modified":"2022-05-12T04:48:14","modified_gmt":"2022-05-12T04:48:14","slug":"pinza-amperimetrica-ma-para-procesos-fluke-771","status":"publish","type":"product","link":"https:\/\/techmasterdemexico.com\/en\/producto\/pinza-amperimetrica-ma-para-procesos-fluke-771\/","title":{"rendered":"Pinza amperim\u00e9trica mA para procesos Fluke 771"},"content":{"rendered":"<p>\u00bfNecesita que el d\u00eda tenga m\u00e1s horas?<\/p>\n<p>Ahorre tiempo SIN interrumpir el circuito en las mediciones de las se\u00f1ales de 4 a 20 mA.<\/p>\n<p>Si pierde tiempo al:<\/p>\n<p>retirar los cables e interrumpir los circuitos para tomar medidas de mA;<\/p>\n<p>llamar al centro de control para aislar circuitos;<\/p>\n<p>comprobar las entradas y salidas anal\u00f3gicas en una consola;<\/p>\n<p>resolver los problemas de dispositivos con entrada y salida de mA;<\/p>\n<p>reparar los circuitos intermitentes o err\u00e1ticos de 4 a 20 mA.<\/p>\n<p>volviendo a la tienda a por m\u00e1s instrumentos?<\/p>\n<p>Si necesita m\u00e1s tiempo en su ocupado d\u00eda observe cuidadosamente las pinzas amperim\u00e9tricas para medir miliamperios Fluke 771 Est\u00e1 dise\u00f1ado para ahorrarle tiempo y dinero suprimiendo las actividades que consumen su tiempo. Ahora, puede solucionar y reparar los circuitos de 4 a 20 mA sin interrumpirlos y sin parar el sistema.<\/p>\n<p>A continuaci\u00f3n encontrar\u00e1 algunas maneras espec\u00edficas en las que las pinzas amperim\u00e9tricas Fluke 771 le ayudar\u00e1n:<\/p>\n<p>Caracter\u00edsticas de las pinzas amperim\u00e9tricas para medici\u00f3n de miliamperios<\/p>\n<p>Mide las se\u00f1ales de mA de un PLC y la se\u00f1al anal\u00f3gica de entrada\/salida del sistema de control sin interrumpir los circuitos.<\/p>\n<p>Mide corrientes de bajo rango<\/p>\n<p>Relaciona la indicaci\u00f3n de procesos con valores f\u00edsicos reales<\/p>\n<p>Medici\u00f3n de las se\u00f1ales de salida de los transmisores sin interrumpir el lazo<\/p>\n<p>Mantiene y detecta problemas en equipos de procesos y automatizaci\u00f3n sin abrir los circuitos.<\/p>\n<p>No interrumpe los procesos<\/p>\n<p>Pinza desmontable con cable de extensi\u00f3n<\/p>\n<p>Medidas en zonas de dif\u00edcil acceso.<\/p>\n<p>Permite realizar medidas en situaciones complicadas<\/p>\n<p>Foco de medici\u00f3n<\/p>\n<p>Ilumina cables dif\u00edciles de ver en zonas con iluminaci\u00f3n insuficiente<\/p>\n<p>El proceso de medida es m\u00e1s f\u00e1cil y r\u00e1pido<\/p>\n<p>Mida hasta un intervalo de 99.9 mA sin contacto<\/p>\n<p>Amplio rango de medidas<\/p>\n<p>Mide se\u00f1ales de 10 a 50 mA en sistemas de control antiguos<\/p>\n<p>Apagado autom\u00e1tico<\/p>\n<p>Desconexi\u00f3n autom\u00e1tica del foco y la retroiluminaci\u00f3n despu\u00e9s de 15 minutos y 2 minutos respectivamente.<\/p>\n<p>Ahorra vida \u00fatil de la bater\u00eda<\/p>\n<p>\u00bfDesea suministro en lazo integrado? Considere la pinza amperim\u00e9trica para medici\u00f3n de miliamperios Fluke 772.<\/p>\n","protected":false},"excerpt":{"rendered":"<p>La pinza amperim\u00e9trica de mA 771 incluye:<\/p>\n<p>Mejor precisi\u00f3n de su categor\u00eda: 0.2 %<\/p>\n<p>Resoluci\u00f3n y sensibilidad de 0.01 mA<\/p>\n<p>Se\u00f1ales de medici\u00f3n de 4 a 20 mA sin \u201cinterrumpir el circuito\u201d.<\/p>\n<p>Medici\u00f3n de se\u00f1ales en mA para E\/S anal\u00f3gica del sistema de control y del PLC<\/p>\n<p>Pantalla doble con iluminaci\u00f3n de fondo, con la medici\u00f3n en mA y el porcentaje del intervalo de 4 a 20 mA<\/p>\n<p>Foco para iluminar cables en zonas con iluminaci\u00f3n insuficiente<\/p>\n<p>Pinza desmontable con cable de extensi\u00f3n para mediciones en lugares estrechos.<\/p>\n<p>Medici\u00f3n de se\u00f1ales de 10 a 50 mA en sistemas de control m\u00e1s antiguos usando el rango de 99.9 mA<\/p>\n<p>Cambio autom\u00e1tico de la salida de 4 a 20 mA para comprobaci\u00f3n a distancia<\/p>\n<p>Caracter\u00edsticas de ahorro de energ\u00eda, desconexi\u00f3n autom\u00e1tica, desconexi\u00f3n de retroiluminaci\u00f3n para prolongar la vida \u00fatil de las bater\u00edas<\/p>\n<p>La funci\u00f3n de retenci\u00f3n captura y muestra las mediciones en continuo cambio<\/p>\n","protected":false},"featured_media":9724,"template":"","meta":{"_acf_changed":false},"pwb-brand":[31],"product_brand":[],"product_cat":[366,194,30,193],"product_tag":[],"class_list":{"0":"post-9707","1":"product","2":"type-product","3":"status-publish","4":"has-post-thumbnail","6":"pwb-brand-fluke","7":"product_cat-todos-los-productos","8":"product_cat-calibradores-de-lazo","9":"product_cat-fluke","10":"product_cat-herramientas-de-calibracion","12":"first","13":"instock","14":"taxable","15":"shipping-taxable","16":"product-type-simple"},"acf":[],"yoast_head":"<!-- This site is optimized with the Yoast SEO plugin v27.4 - https:\/\/yoast.com\/product\/yoast-seo-wordpress\/ -->\n<title>Pinza amperim\u00e9trica mA para procesos Fluke 771 - Techmaster de Mexico<\/title>\n<meta name=\"robots\" content=\"index, follow, max-snippet:-1, max-image-preview:large, max-video-preview:-1\" \/>\n<link rel=\"canonical\" href=\"https:\/\/techmasterdemexico.com\/producto\/pinza-amperimetrica-ma-para-procesos-fluke-771\/\" \/>\n<meta property=\"og:locale\" content=\"en_US\" \/>\n<meta property=\"og:type\" content=\"article\" \/>\n<meta property=\"og:title\" content=\"Pinza amperim\u00e9trica mA para procesos Fluke 771 - Techmaster de Mexico\" \/>\n<meta property=\"og:description\" content=\"La pinza amperim\u00e9trica de mA 771 incluye:   Mejor precisi\u00f3n de su categor\u00eda: 0.2 %  Resoluci\u00f3n y sensibilidad de 0.01 mA  Se\u00f1ales de medici\u00f3n de 4 a 20 mA sin \u201cinterrumpir el circuito\u201d.  Medici\u00f3n de se\u00f1ales en mA para E\/S anal\u00f3gica del sistema de control y del PLC  Pantalla doble con iluminaci\u00f3n de fondo, con la medici\u00f3n en mA y el porcentaje del intervalo de 4 a 20 mA  Foco para iluminar cables en zonas con iluminaci\u00f3n insuficiente  Pinza desmontable con cable de extensi\u00f3n para mediciones en lugares estrechos.  Medici\u00f3n de se\u00f1ales de 10 a 50 mA en sistemas de control m\u00e1s antiguos usando el rango de 99.9 mA  Cambio autom\u00e1tico de la salida de 4 a 20 mA para comprobaci\u00f3n a distancia  Caracter\u00edsticas de ahorro de energ\u00eda, desconexi\u00f3n autom\u00e1tica, desconexi\u00f3n de retroiluminaci\u00f3n para prolongar la vida \u00fatil de las bater\u00edas  La funci\u00f3n de retenci\u00f3n captura y muestra las mediciones en continuo cambio\" \/>\n<meta property=\"og:url\" content=\"https:\/\/techmasterdemexico.com\/producto\/pinza-amperimetrica-ma-para-procesos-fluke-771\/\" \/>\n<meta property=\"og:site_name\" content=\"Techmaster de Mexico\" \/>\n<meta property=\"article:modified_time\" content=\"2022-05-12T04:48:14+00:00\" \/>\n<meta property=\"og:image\" content=\"https:\/\/techmasterdemexico.com\/wp-content\/uploads\/2021\/09\/771_c_nr-8795-1500x1000-1.png\" \/>\n\t<meta property=\"og:image:width\" content=\"410\" \/>\n\t<meta property=\"og:image:height\" content=\"410\" \/>\n\t<meta property=\"og:image:type\" content=\"image\/png\" \/>\n<meta name=\"twitter:card\" content=\"summary_large_image\" \/>\n<meta name=\"twitter:label1\" content=\"Est. reading time\" \/>\n\t<meta name=\"twitter:data1\" content=\"2 minutes\" \/>\n<script type=\"application\/ld+json\" class=\"yoast-schema-graph\">{\"@context\":\"https:\\\/\\\/schema.org\",\"@graph\":[{\"@type\":\"WebPage\",\"@id\":\"https:\\\/\\\/techmasterdemexico.com\\\/producto\\\/pinza-amperimetrica-ma-para-procesos-fluke-771\\\/\",\"url\":\"https:\\\/\\\/techmasterdemexico.com\\\/producto\\\/pinza-amperimetrica-ma-para-procesos-fluke-771\\\/\",\"name\":\"Pinza amperim\u00e9trica mA para procesos Fluke 771 - Techmaster de Mexico\",\"isPartOf\":{\"@id\":\"https:\\\/\\\/techmasterdemexico.com\\\/#website\"},\"primaryImageOfPage\":{\"@id\":\"https:\\\/\\\/techmasterdemexico.com\\\/producto\\\/pinza-amperimetrica-ma-para-procesos-fluke-771\\\/#primaryimage\"},\"image\":{\"@id\":\"https:\\\/\\\/techmasterdemexico.com\\\/producto\\\/pinza-amperimetrica-ma-para-procesos-fluke-771\\\/#primaryimage\"},\"thumbnailUrl\":\"https:\\\/\\\/techmasterdemexico.com\\\/wp-content\\\/uploads\\\/2021\\\/09\\\/771_c_nr-8795-1500x1000-1.png\",\"datePublished\":\"2021-09-23T23:04:07+00:00\",\"dateModified\":\"2022-05-12T04:48:14+00:00\",\"breadcrumb\":{\"@id\":\"https:\\\/\\\/techmasterdemexico.com\\\/producto\\\/pinza-amperimetrica-ma-para-procesos-fluke-771\\\/#breadcrumb\"},\"inLanguage\":\"en-US\",\"potentialAction\":[{\"@type\":\"ReadAction\",\"target\":[\"https:\\\/\\\/techmasterdemexico.com\\\/producto\\\/pinza-amperimetrica-ma-para-procesos-fluke-771\\\/\"]}]},{\"@type\":\"ImageObject\",\"inLanguage\":\"en-US\",\"@id\":\"https:\\\/\\\/techmasterdemexico.com\\\/producto\\\/pinza-amperimetrica-ma-para-procesos-fluke-771\\\/#primaryimage\",\"url\":\"https:\\\/\\\/techmasterdemexico.com\\\/wp-content\\\/uploads\\\/2021\\\/09\\\/771_c_nr-8795-1500x1000-1.png\",\"contentUrl\":\"https:\\\/\\\/techmasterdemexico.com\\\/wp-content\\\/uploads\\\/2021\\\/09\\\/771_c_nr-8795-1500x1000-1.png\",\"width\":410,\"height\":410},{\"@type\":\"BreadcrumbList\",\"@id\":\"https:\\\/\\\/techmasterdemexico.com\\\/producto\\\/pinza-amperimetrica-ma-para-procesos-fluke-771\\\/#breadcrumb\",\"itemListElement\":[{\"@type\":\"ListItem\",\"position\":1,\"name\":\"Portada\",\"item\":\"https:\\\/\\\/techmasterdemexico.com\\\/\"},{\"@type\":\"ListItem\",\"position\":2,\"name\":\"Pinza amperim\u00e9trica mA para procesos Fluke 771\"}]},{\"@type\":\"WebSite\",\"@id\":\"https:\\\/\\\/techmasterdemexico.com\\\/#website\",\"url\":\"https:\\\/\\\/techmasterdemexico.com\\\/\",\"name\":\"Techmaster de Mexico\",\"description\":\"\",\"potentialAction\":[{\"@type\":\"SearchAction\",\"target\":{\"@type\":\"EntryPoint\",\"urlTemplate\":\"https:\\\/\\\/techmasterdemexico.com\\\/?s={search_term_string}\"},\"query-input\":{\"@type\":\"PropertyValueSpecification\",\"valueRequired\":true,\"valueName\":\"search_term_string\"}}],\"inLanguage\":\"en-US\"}]}<\/script>\n<!-- \/ Yoast SEO plugin. -->","yoast_head_json":{"title":"Pinza amperim\u00e9trica mA para procesos Fluke 771 - Techmaster de Mexico","robots":{"index":"index","follow":"follow","max-snippet":"max-snippet:-1","max-image-preview":"max-image-preview:large","max-video-preview":"max-video-preview:-1"},"canonical":"https:\/\/techmasterdemexico.com\/producto\/pinza-amperimetrica-ma-para-procesos-fluke-771\/","og_locale":"en_US","og_type":"article","og_title":"Pinza amperim\u00e9trica mA para procesos Fluke 771 - Techmaster de Mexico","og_description":"La pinza amperim\u00e9trica de mA 771 incluye:   Mejor precisi\u00f3n de su categor\u00eda: 0.2 %  Resoluci\u00f3n y sensibilidad de 0.01 mA  Se\u00f1ales de medici\u00f3n de 4 a 20 mA sin \u201cinterrumpir el circuito\u201d.  Medici\u00f3n de se\u00f1ales en mA para E\/S anal\u00f3gica del sistema de control y del PLC  Pantalla doble con iluminaci\u00f3n de fondo, con la medici\u00f3n en mA y el porcentaje del intervalo de 4 a 20 mA  Foco para iluminar cables en zonas con iluminaci\u00f3n insuficiente  Pinza desmontable con cable de extensi\u00f3n para mediciones en lugares estrechos.  Medici\u00f3n de se\u00f1ales de 10 a 50 mA en sistemas de control m\u00e1s antiguos usando el rango de 99.9 mA  Cambio autom\u00e1tico de la salida de 4 a 20 mA para comprobaci\u00f3n a distancia  Caracter\u00edsticas de ahorro de energ\u00eda, desconexi\u00f3n autom\u00e1tica, desconexi\u00f3n de retroiluminaci\u00f3n para prolongar la vida \u00fatil de las bater\u00edas  La funci\u00f3n de retenci\u00f3n captura y muestra las mediciones en continuo cambio","og_url":"https:\/\/techmasterdemexico.com\/producto\/pinza-amperimetrica-ma-para-procesos-fluke-771\/","og_site_name":"Techmaster de Mexico","article_modified_time":"2022-05-12T04:48:14+00:00","og_image":[{"width":410,"height":410,"url":"https:\/\/techmasterdemexico.com\/wp-content\/uploads\/2021\/09\/771_c_nr-8795-1500x1000-1.png","type":"image\/png"}],"twitter_card":"summary_large_image","twitter_misc":{"Est. reading time":"2 minutes"},"schema":{"@context":"https:\/\/schema.org","@graph":[{"@type":"WebPage","@id":"https:\/\/techmasterdemexico.com\/producto\/pinza-amperimetrica-ma-para-procesos-fluke-771\/","url":"https:\/\/techmasterdemexico.com\/producto\/pinza-amperimetrica-ma-para-procesos-fluke-771\/","name":"Pinza amperim\u00e9trica mA para procesos Fluke 771 - Techmaster de Mexico","isPartOf":{"@id":"https:\/\/techmasterdemexico.com\/#website"},"primaryImageOfPage":{"@id":"https:\/\/techmasterdemexico.com\/producto\/pinza-amperimetrica-ma-para-procesos-fluke-771\/#primaryimage"},"image":{"@id":"https:\/\/techmasterdemexico.com\/producto\/pinza-amperimetrica-ma-para-procesos-fluke-771\/#primaryimage"},"thumbnailUrl":"https:\/\/techmasterdemexico.com\/wp-content\/uploads\/2021\/09\/771_c_nr-8795-1500x1000-1.png","datePublished":"2021-09-23T23:04:07+00:00","dateModified":"2022-05-12T04:48:14+00:00","breadcrumb":{"@id":"https:\/\/techmasterdemexico.com\/producto\/pinza-amperimetrica-ma-para-procesos-fluke-771\/#breadcrumb"},"inLanguage":"en-US","potentialAction":[{"@type":"ReadAction","target":["https:\/\/techmasterdemexico.com\/producto\/pinza-amperimetrica-ma-para-procesos-fluke-771\/"]}]},{"@type":"ImageObject","inLanguage":"en-US","@id":"https:\/\/techmasterdemexico.com\/producto\/pinza-amperimetrica-ma-para-procesos-fluke-771\/#primaryimage","url":"https:\/\/techmasterdemexico.com\/wp-content\/uploads\/2021\/09\/771_c_nr-8795-1500x1000-1.png","contentUrl":"https:\/\/techmasterdemexico.com\/wp-content\/uploads\/2021\/09\/771_c_nr-8795-1500x1000-1.png","width":410,"height":410},{"@type":"BreadcrumbList","@id":"https:\/\/techmasterdemexico.com\/producto\/pinza-amperimetrica-ma-para-procesos-fluke-771\/#breadcrumb","itemListElement":[{"@type":"ListItem","position":1,"name":"Portada","item":"https:\/\/techmasterdemexico.com\/"},{"@type":"ListItem","position":2,"name":"Pinza amperim\u00e9trica mA para procesos Fluke 771"}]},{"@type":"WebSite","@id":"https:\/\/techmasterdemexico.com\/#website","url":"https:\/\/techmasterdemexico.com\/","name":"Techmaster de Mexico","description":"","potentialAction":[{"@type":"SearchAction","target":{"@type":"EntryPoint","urlTemplate":"https:\/\/techmasterdemexico.com\/?s={search_term_string}"},"query-input":{"@type":"PropertyValueSpecification","valueRequired":true,"valueName":"search_term_string"}}],"inLanguage":"en-US"}]}},"brands":[{"id":31,"name":"Fluke","slug":"fluke"}],"_links":{"self":[{"href":"https:\/\/techmasterdemexico.com\/en\/wp-json\/wp\/v2\/product\/9707","targetHints":{"allow":["GET"]}}],"collection":[{"href":"https:\/\/techmasterdemexico.com\/en\/wp-json\/wp\/v2\/product"}],"about":[{"href":"https:\/\/techmasterdemexico.com\/en\/wp-json\/wp\/v2\/types\/product"}],"wp:featuredmedia":[{"embeddable":true,"href":"https:\/\/techmasterdemexico.com\/en\/wp-json\/wp\/v2\/media\/9724"}],"wp:attachment":[{"href":"https:\/\/techmasterdemexico.com\/en\/wp-json\/wp\/v2\/media?parent=9707"}],"wp:term":[{"taxonomy":"pwb-brand","embeddable":true,"href":"https:\/\/techmasterdemexico.com\/en\/wp-json\/wp\/v2\/pwb-brand?post=9707"},{"taxonomy":"product_brand","embeddable":true,"href":"https:\/\/techmasterdemexico.com\/en\/wp-json\/wp\/v2\/product_brand?post=9707"},{"taxonomy":"product_cat","embeddable":true,"href":"https:\/\/techmasterdemexico.com\/en\/wp-json\/wp\/v2\/product_cat?post=9707"},{"taxonomy":"product_tag","embeddable":true,"href":"https:\/\/techmasterdemexico.com\/en\/wp-json\/wp\/v2\/product_tag?post=9707"}],"curies":[{"name":"wp","href":"https:\/\/api.w.org\/{rel}","templated":true}]}}