{"id":9706,"date":"2021-09-23T23:04:06","date_gmt":"2021-09-23T23:04:06","guid":{"rendered":"https:\/\/techmastermx.ddns.net\/producto\/fluke-715-v-ma-calibradores-de-lazo\/"},"modified":"2022-05-12T04:48:16","modified_gmt":"2022-05-12T04:48:16","slug":"fluke-715-v-ma-calibradores-de-lazo","status":"publish","type":"product","link":"https:\/\/techmasterdemexico.com\/en\/producto\/fluke-715-v-ma-calibradores-de-lazo\/","title":{"rendered":"Fluke 715 V\/mA &#8211; Calibradores de lazo"},"content":{"rendered":"<p>Fluke 715 V\/mA &#8211; Calibradores de lazo<\/p>\n<p>El calibrador de V\/mA Fluke 715 ofrece caracter\u00edsticas de rendimiento, durabilidad y fiabilidad sobresalientes. Acompa\u00f1a a la resistente serie 80 de mult\u00edmetros digitales Fluke. Se trata de una herramienta compacta, ligera y de c\u00f3modo transporte, que se distingue, adem\u00e1s, por su f\u00e1cil manejo gracias a una interfaz de botones parecida a la de los calibradores multifunci\u00f3n de procesos documentadores de la serie 740 de Fluke. Est\u00e1 protegido frente a las interferencias electromagn\u00e9ticas, el polvo y las salpicaduras. La tapa extra\u00edble del compartimento de la bater\u00eda facilita una r\u00e1pida sustituci\u00f3n.<\/p>\n","protected":false},"excerpt":{"rendered":"<p>Mide se\u00f1ales de corriente de lazo (0-20 mA, 4-20 mA) con una alta precisi\u00f3n del 0,015% y resoluci\u00f3n de 1 mA<\/p>\n<p>Mide se\u00f1ales de salida de tensi\u00f3n de l\u00edneas de comunicaci\u00f3n y transmisores<\/p>\n<p>Genera o simula corrientes de lazo de 24 mA<\/p>\n<p>Genera tensiones de 100 mV o 10V<\/p>\n<p>Alimentaci\u00f3n de lazo de 24 V con medida simult\u00e1nea de la corriente<\/p>\n<p>Mejora en las medidas de corriente y tensi\u00f3n, y precisi\u00f3n en la generaci\u00f3n<\/p>\n<p>Mayor vida \u00fatil de la bater\u00eda<\/p>\n<p>Resistor HART de 250 ohmios con alimentaci\u00f3n de lazo<\/p>\n<p>Funda con compartimento para los cables de prueba<\/p>\n<p>Compatible con el sistema magn\u00e9tico de sujeci\u00f3n del kit de herramientas<\/p>\n<p>Funci\u00f3n de salida de rampa lineal y de incremento<\/p>\n<p>Ajustes de escala y cero configurables<\/p>\n<p><strong>Including:<\/strong><\/p>\n<p>Protective yellow holster with test lead storage<\/p>\n<p>Instructions sheet (14 languages)<\/p>\n<p>Single 9V alkaline battery<\/p>\n<p>Test leads and alligator clips<\/p>\n<p>NIST- traceable calibration report and data<\/p>\n","protected":false},"featured_media":9736,"template":"","meta":{"_acf_changed":false},"pwb-brand":[31],"product_brand":[],"product_cat":[366,194,30,193],"product_tag":[],"class_list":{"0":"post-9706","1":"product","2":"type-product","3":"status-publish","4":"has-post-thumbnail","6":"pwb-brand-fluke","7":"product_cat-todos-los-productos","8":"product_cat-calibradores-de-lazo","9":"product_cat-fluke","10":"product_cat-herramientas-de-calibracion","12":"first","13":"instock","14":"taxable","15":"shipping-taxable","16":"product-type-simple"},"acf":[],"yoast_head":"<!-- This site is optimized with the Yoast SEO plugin v27.5 - https:\/\/yoast.com\/product\/yoast-seo-wordpress\/ -->\n<title>Fluke 715 V\/mA - Calibradores de lazo - Techmaster de Mexico<\/title>\n<meta name=\"robots\" content=\"index, follow, max-snippet:-1, max-image-preview:large, max-video-preview:-1\" \/>\n<link rel=\"canonical\" href=\"https:\/\/techmasterdemexico.com\/producto\/fluke-715-v-ma-calibradores-de-lazo\/\" \/>\n<meta property=\"og:locale\" content=\"en_US\" \/>\n<meta property=\"og:type\" content=\"article\" \/>\n<meta property=\"og:title\" content=\"Fluke 715 V\/mA - Calibradores de lazo - Techmaster de Mexico\" \/>\n<meta property=\"og:description\" content=\"Mide se\u00f1ales de corriente de lazo (0-20 mA, 4-20 mA) con una alta precisi\u00f3n del 0,015% y resoluci\u00f3n de 1 mA  Mide se\u00f1ales de salida de tensi\u00f3n de l\u00edneas de comunicaci\u00f3n y transmisores  Genera o simula corrientes de lazo de 24 mA  Genera tensiones de 100 mV o 10V  Alimentaci\u00f3n de lazo de 24 V con medida simult\u00e1nea de la corriente  Mejora en las medidas de corriente y tensi\u00f3n, y precisi\u00f3n en la generaci\u00f3n  Mayor vida \u00fatil de la bater\u00eda  Resistor HART de 250 ohmios con alimentaci\u00f3n de lazo  Funda con compartimento para los cables de prueba  Compatible con el sistema magn\u00e9tico de sujeci\u00f3n del kit de herramientas  Funci\u00f3n de salida de rampa lineal y de incremento  Ajustes de escala y cero configurables   Including:   Protective yellow holster with test lead storage  Instructions sheet (14 languages)  Single 9V alkaline battery  Test leads and alligator clips  NIST- traceable calibration report and data\" \/>\n<meta property=\"og:url\" content=\"https:\/\/techmasterdemexico.com\/producto\/fluke-715-v-ma-calibradores-de-lazo\/\" \/>\n<meta property=\"og:site_name\" content=\"Techmaster de Mexico\" \/>\n<meta property=\"article:modified_time\" content=\"2022-05-12T04:48:16+00:00\" \/>\n<meta property=\"og:image\" content=\"https:\/\/techmasterdemexico.com\/wp-content\/uploads\/2021\/09\/715V-mA_03_h_1500x1000_1.jpg\" \/>\n\t<meta property=\"og:image:width\" content=\"410\" \/>\n\t<meta property=\"og:image:height\" content=\"410\" \/>\n\t<meta property=\"og:image:type\" content=\"image\/jpeg\" \/>\n<meta name=\"twitter:card\" content=\"summary_large_image\" \/>\n<meta name=\"twitter:label1\" content=\"Est. reading time\" \/>\n\t<meta name=\"twitter:data1\" content=\"1 minute\" \/>\n<script type=\"application\/ld+json\" class=\"yoast-schema-graph\">{\"@context\":\"https:\\\/\\\/schema.org\",\"@graph\":[{\"@type\":\"WebPage\",\"@id\":\"https:\\\/\\\/techmasterdemexico.com\\\/producto\\\/fluke-715-v-ma-calibradores-de-lazo\\\/\",\"url\":\"https:\\\/\\\/techmasterdemexico.com\\\/producto\\\/fluke-715-v-ma-calibradores-de-lazo\\\/\",\"name\":\"Fluke 715 V\\\/mA - Calibradores de lazo - Techmaster de Mexico\",\"isPartOf\":{\"@id\":\"https:\\\/\\\/techmasterdemexico.com\\\/#website\"},\"primaryImageOfPage\":{\"@id\":\"https:\\\/\\\/techmasterdemexico.com\\\/producto\\\/fluke-715-v-ma-calibradores-de-lazo\\\/#primaryimage\"},\"image\":{\"@id\":\"https:\\\/\\\/techmasterdemexico.com\\\/producto\\\/fluke-715-v-ma-calibradores-de-lazo\\\/#primaryimage\"},\"thumbnailUrl\":\"https:\\\/\\\/techmasterdemexico.com\\\/wp-content\\\/uploads\\\/2021\\\/09\\\/715V-mA_03_h_1500x1000_1.jpg\",\"datePublished\":\"2021-09-23T23:04:06+00:00\",\"dateModified\":\"2022-05-12T04:48:16+00:00\",\"breadcrumb\":{\"@id\":\"https:\\\/\\\/techmasterdemexico.com\\\/producto\\\/fluke-715-v-ma-calibradores-de-lazo\\\/#breadcrumb\"},\"inLanguage\":\"en-US\",\"potentialAction\":[{\"@type\":\"ReadAction\",\"target\":[\"https:\\\/\\\/techmasterdemexico.com\\\/producto\\\/fluke-715-v-ma-calibradores-de-lazo\\\/\"]}]},{\"@type\":\"ImageObject\",\"inLanguage\":\"en-US\",\"@id\":\"https:\\\/\\\/techmasterdemexico.com\\\/producto\\\/fluke-715-v-ma-calibradores-de-lazo\\\/#primaryimage\",\"url\":\"https:\\\/\\\/techmasterdemexico.com\\\/wp-content\\\/uploads\\\/2021\\\/09\\\/715V-mA_03_h_1500x1000_1.jpg\",\"contentUrl\":\"https:\\\/\\\/techmasterdemexico.com\\\/wp-content\\\/uploads\\\/2021\\\/09\\\/715V-mA_03_h_1500x1000_1.jpg\",\"width\":410,\"height\":410},{\"@type\":\"BreadcrumbList\",\"@id\":\"https:\\\/\\\/techmasterdemexico.com\\\/producto\\\/fluke-715-v-ma-calibradores-de-lazo\\\/#breadcrumb\",\"itemListElement\":[{\"@type\":\"ListItem\",\"position\":1,\"name\":\"Portada\",\"item\":\"https:\\\/\\\/techmasterdemexico.com\\\/\"},{\"@type\":\"ListItem\",\"position\":2,\"name\":\"Fluke 715 V\\\/mA &#8211; Calibradores de lazo\"}]},{\"@type\":\"WebSite\",\"@id\":\"https:\\\/\\\/techmasterdemexico.com\\\/#website\",\"url\":\"https:\\\/\\\/techmasterdemexico.com\\\/\",\"name\":\"Techmaster de Mexico\",\"description\":\"\",\"potentialAction\":[{\"@type\":\"SearchAction\",\"target\":{\"@type\":\"EntryPoint\",\"urlTemplate\":\"https:\\\/\\\/techmasterdemexico.com\\\/?s={search_term_string}\"},\"query-input\":{\"@type\":\"PropertyValueSpecification\",\"valueRequired\":true,\"valueName\":\"search_term_string\"}}],\"inLanguage\":\"en-US\"}]}<\/script>\n<!-- \/ Yoast SEO plugin. -->","yoast_head_json":{"title":"Fluke 715 V\/mA - Calibradores de lazo - Techmaster de Mexico","robots":{"index":"index","follow":"follow","max-snippet":"max-snippet:-1","max-image-preview":"max-image-preview:large","max-video-preview":"max-video-preview:-1"},"canonical":"https:\/\/techmasterdemexico.com\/producto\/fluke-715-v-ma-calibradores-de-lazo\/","og_locale":"en_US","og_type":"article","og_title":"Fluke 715 V\/mA - Calibradores de lazo - Techmaster de Mexico","og_description":"Mide se\u00f1ales de corriente de lazo (0-20 mA, 4-20 mA) con una alta precisi\u00f3n del 0,015% y resoluci\u00f3n de 1 mA  Mide se\u00f1ales de salida de tensi\u00f3n de l\u00edneas de comunicaci\u00f3n y transmisores  Genera o simula corrientes de lazo de 24 mA  Genera tensiones de 100 mV o 10V  Alimentaci\u00f3n de lazo de 24 V con medida simult\u00e1nea de la corriente  Mejora en las medidas de corriente y tensi\u00f3n, y precisi\u00f3n en la generaci\u00f3n  Mayor vida \u00fatil de la bater\u00eda  Resistor HART de 250 ohmios con alimentaci\u00f3n de lazo  Funda con compartimento para los cables de prueba  Compatible con el sistema magn\u00e9tico de sujeci\u00f3n del kit de herramientas  Funci\u00f3n de salida de rampa lineal y de incremento  Ajustes de escala y cero configurables   Including:   Protective yellow holster with test lead storage  Instructions sheet (14 languages)  Single 9V alkaline battery  Test leads and alligator clips  NIST- traceable calibration report and data","og_url":"https:\/\/techmasterdemexico.com\/producto\/fluke-715-v-ma-calibradores-de-lazo\/","og_site_name":"Techmaster de Mexico","article_modified_time":"2022-05-12T04:48:16+00:00","og_image":[{"width":410,"height":410,"url":"https:\/\/techmasterdemexico.com\/wp-content\/uploads\/2021\/09\/715V-mA_03_h_1500x1000_1.jpg","type":"image\/jpeg"}],"twitter_card":"summary_large_image","twitter_misc":{"Est. reading time":"1 minute"},"schema":{"@context":"https:\/\/schema.org","@graph":[{"@type":"WebPage","@id":"https:\/\/techmasterdemexico.com\/producto\/fluke-715-v-ma-calibradores-de-lazo\/","url":"https:\/\/techmasterdemexico.com\/producto\/fluke-715-v-ma-calibradores-de-lazo\/","name":"Fluke 715 V\/mA - Calibradores de lazo - Techmaster de Mexico","isPartOf":{"@id":"https:\/\/techmasterdemexico.com\/#website"},"primaryImageOfPage":{"@id":"https:\/\/techmasterdemexico.com\/producto\/fluke-715-v-ma-calibradores-de-lazo\/#primaryimage"},"image":{"@id":"https:\/\/techmasterdemexico.com\/producto\/fluke-715-v-ma-calibradores-de-lazo\/#primaryimage"},"thumbnailUrl":"https:\/\/techmasterdemexico.com\/wp-content\/uploads\/2021\/09\/715V-mA_03_h_1500x1000_1.jpg","datePublished":"2021-09-23T23:04:06+00:00","dateModified":"2022-05-12T04:48:16+00:00","breadcrumb":{"@id":"https:\/\/techmasterdemexico.com\/producto\/fluke-715-v-ma-calibradores-de-lazo\/#breadcrumb"},"inLanguage":"en-US","potentialAction":[{"@type":"ReadAction","target":["https:\/\/techmasterdemexico.com\/producto\/fluke-715-v-ma-calibradores-de-lazo\/"]}]},{"@type":"ImageObject","inLanguage":"en-US","@id":"https:\/\/techmasterdemexico.com\/producto\/fluke-715-v-ma-calibradores-de-lazo\/#primaryimage","url":"https:\/\/techmasterdemexico.com\/wp-content\/uploads\/2021\/09\/715V-mA_03_h_1500x1000_1.jpg","contentUrl":"https:\/\/techmasterdemexico.com\/wp-content\/uploads\/2021\/09\/715V-mA_03_h_1500x1000_1.jpg","width":410,"height":410},{"@type":"BreadcrumbList","@id":"https:\/\/techmasterdemexico.com\/producto\/fluke-715-v-ma-calibradores-de-lazo\/#breadcrumb","itemListElement":[{"@type":"ListItem","position":1,"name":"Portada","item":"https:\/\/techmasterdemexico.com\/"},{"@type":"ListItem","position":2,"name":"Fluke 715 V\/mA &#8211; Calibradores de lazo"}]},{"@type":"WebSite","@id":"https:\/\/techmasterdemexico.com\/#website","url":"https:\/\/techmasterdemexico.com\/","name":"Techmaster de Mexico","description":"","potentialAction":[{"@type":"SearchAction","target":{"@type":"EntryPoint","urlTemplate":"https:\/\/techmasterdemexico.com\/?s={search_term_string}"},"query-input":{"@type":"PropertyValueSpecification","valueRequired":true,"valueName":"search_term_string"}}],"inLanguage":"en-US"}]}},"brands":[{"id":31,"name":"Fluke","slug":"fluke"}],"_links":{"self":[{"href":"https:\/\/techmasterdemexico.com\/en\/wp-json\/wp\/v2\/product\/9706","targetHints":{"allow":["GET"]}}],"collection":[{"href":"https:\/\/techmasterdemexico.com\/en\/wp-json\/wp\/v2\/product"}],"about":[{"href":"https:\/\/techmasterdemexico.com\/en\/wp-json\/wp\/v2\/types\/product"}],"wp:featuredmedia":[{"embeddable":true,"href":"https:\/\/techmasterdemexico.com\/en\/wp-json\/wp\/v2\/media\/9736"}],"wp:attachment":[{"href":"https:\/\/techmasterdemexico.com\/en\/wp-json\/wp\/v2\/media?parent=9706"}],"wp:term":[{"taxonomy":"pwb-brand","embeddable":true,"href":"https:\/\/techmasterdemexico.com\/en\/wp-json\/wp\/v2\/pwb-brand?post=9706"},{"taxonomy":"product_brand","embeddable":true,"href":"https:\/\/techmasterdemexico.com\/en\/wp-json\/wp\/v2\/product_brand?post=9706"},{"taxonomy":"product_cat","embeddable":true,"href":"https:\/\/techmasterdemexico.com\/en\/wp-json\/wp\/v2\/product_cat?post=9706"},{"taxonomy":"product_tag","embeddable":true,"href":"https:\/\/techmasterdemexico.com\/en\/wp-json\/wp\/v2\/product_tag?post=9706"}],"curies":[{"name":"wp","href":"https:\/\/api.w.org\/{rel}","templated":true}]}}