{"id":9705,"date":"2021-09-23T23:04:06","date_gmt":"2021-09-23T23:04:06","guid":{"rendered":"https:\/\/techmastermx.ddns.net\/producto\/comprobador-de-valvulas-de-lazo-de-ma-fluke-710\/"},"modified":"2022-05-12T04:48:15","modified_gmt":"2022-05-12T04:48:15","slug":"comprobador-de-valvulas-de-lazo-de-ma-fluke-710","status":"publish","type":"product","link":"https:\/\/techmasterdemexico.com\/en\/producto\/comprobador-de-valvulas-de-lazo-de-ma-fluke-710\/","title":{"rendered":"Comprobador de v\u00e1lvulas de lazo de mA Fluke 710"},"content":{"rendered":"<p>Comprobador de v\u00e1lvulas de lazo de mA Fluke 710<\/p>\n<p>La comprobaci\u00f3n de las v\u00e1lvulas de control inteligentes ahora es m\u00e1s f\u00e1cil que nunca<\/p>\n<p>El calibrador de lazo para comprobaci\u00f3n de v\u00e1lvulas Fluke 710 se ha dise\u00f1ado para permitir que los usuarios realicen pruebas de forma r\u00e1pida y f\u00e1cil en v\u00e1lvulas inteligentes de control HART. El 710 ofrece procedimientos de comprobaci\u00f3n integrados y una interfaz de usuario intuitiva que permite a los usuarios comprobar las v\u00e1lvulas de forma r\u00e1pida y f\u00e1cil. Adem\u00e1s, los resultados de la comprobaci\u00f3n r\u00e1pida de las v\u00e1lvulas permiten realizar un diagn\u00f3stico de un simple vistazo para que pueda tomar decisiones de mantenimiento con m\u00e1s rapidez que nunca. Los resultados de la prueba r\u00e1pida del estado de la v\u00e1lvula indican si el estado de funcionamiento de la v\u00e1lvula es bueno, reducido o malo, lo que le permitir\u00e1 decidir r\u00e1pidamente si es necesario realizar un mantenimiento adicional.<\/p>\n<p>Comprobaci\u00f3n de v\u00e1lvulas y comunicaci\u00f3n HART en un calibrador de lazo de precisi\u00f3n<\/p>\n<p>Gracias a la funci\u00f3n de comunicaci\u00f3n HART, integrada en el calibrador de lazo de comprobaci\u00f3n de v\u00e1lvulas 710, los usuarios pueden generar una se\u00f1al de 4-20 mA para desplazar la v\u00e1lvula de control inteligente e interpretar la se\u00f1al de informaci\u00f3n HART de la v\u00e1lvula para determinar si la v\u00e1lvula se est\u00e1 desplazando a la posici\u00f3n prevista. Adem\u00e1s de informaci\u00f3n sobre la posici\u00f3n se puede determinar la presi\u00f3n medida que proporciona la I\/P interna de la v\u00e1lvula (que desplaza la v\u00e1lvula) mediante el protocolo de comunicaci\u00f3n HART.<\/p>\n<p>El 710 incorpora con procedimientos de comprobaci\u00f3n que aumentan y cambian autom\u00e1ticamente la se\u00f1al de mA y supervisan la informaci\u00f3n de presi\u00f3n y posici\u00f3n HART de la v\u00e1lvula de control, lo que le proporciona una mejor informaci\u00f3n general del estado de la v\u00e1lvula con solo pulsar un bot\u00f3n.<\/p>\n<p>Comprobaciones de v\u00e1lvulas preconfiguradas, respuestas de un vistazo<\/p>\n<p>Entre las funciones de comprobaci\u00f3n de v\u00e1lvulas integradas en el 710 se encuentran:<\/p>\n<p>Comprobaci\u00f3n manual: cambie de forma manual la se\u00f1al de mA y visualice la informaci\u00f3n variable sobre la posici\u00f3n y la presi\u00f3n HART.<\/p>\n<p>Funci\u00f3n de rampa para todo el rango de la se\u00f1al de mA de 4 a 20 a 4 mA mientras registra la posici\u00f3n 0-100-0% o la presi\u00f3n aplicada que desplaza la v\u00e1lvula de 0-100-0%.<\/p>\n<p>Escalonamiento de la se\u00f1al de mA en la entrada de la v\u00e1lvula en pasos y evaluaci\u00f3n de la respuesta de la v\u00e1lvula a los cambios de la entrada de mA.<\/p>\n<p>Pruebas de velocidad para determinar la rapidez con la que la v\u00e1lvula se puede abrir o cerrar.<\/p>\n<p>Pruebas de impacto y de recorrido parcial que ayudan a comprobar las v\u00e1lvulas en una parte de su rango para que se puedan comprobar en un proceso en tiempo real.<\/p>\n<p>El software ValveTrack\u2122 permite realizar an\u00e1lisis y generar tendencias a posteriori<\/p>\n<p>Las pruebas de la v\u00e1lvula que se registran y se guardan en la memoria del 710 pueden cargarse en el software de an\u00e1lisis ValveTrack\u2122 (incluido).<\/p>\n<p>El software ValveTrack\u2122 le permite:<\/p>\n<p>Cargar, imprimir y trazar las pruebas de las v\u00e1lvulas registradas realizadas sobre el terreno<\/p>\n<p>Comparar las pruebas cargadas previamente con otras m\u00e1s recientes<\/p>\n<p>Visualizar el historial de pruebas de la v\u00e1lvula con la etiqueta de identificaci\u00f3n de HART<\/p>\n<p>Exportar los datos de las pruebas de la v\u00e1lvula a CSV para an\u00e1lisis adicional en Microsoft Excel\u00ae<\/p>\n<p>Ahorre tiempo, obtenga respuestas<\/p>\n<p>Adem\u00e1s, el modelo 710 ofrece:<\/p>\n<p>Registro de datos HART sobre el terreno. Una vez registrados por el modelo 710 sobre el terreno, el software ValveTrack\u2122 puede cargar la configuraci\u00f3n HART de hasta (20) dispositivos HART en su planta y generar datos a la salida en formato (.csv) y (.txt).<\/p>\n<p>Los datos de las mediciones de lazo de mA registradas y los datos HART se pueden registrar en un transmisor concreto para la resoluci\u00f3n de problemas y calibraci\u00f3n de lazos. La funci\u00f3n de registro de datos ofrece una captura seleccionable con intervalos de registro de entre 1 y 60 segundos y una capacidad de registro para almacenar 4910 registros o 99 sesiones individuales. Cada registro contiene la medida de mA y las cuatro variables del proceso.<\/p>\n<p>Caracter\u00edsticas del producto<\/p>\n<p>Procedimientos de comprobaci\u00f3n de la v\u00e1lvula que ofrecen una evaluaci\u00f3n de estado bueno, reducido o malo de la v\u00e1lvula de control<\/p>\n<p>Comunicaci\u00f3n HART gen\u00e9rica<\/p>\n<p>La mejor precisi\u00f3n de mA de su categor\u00eda en un valor de medida o alimentaci\u00f3n del 0,01%<\/p>\n<p>Dise\u00f1o resistente y compacto<\/p>\n<p>Interfaz de usuario intuitiva con un bot\u00f3n giratorio de selecci\u00f3n r\u00e1pida para facilitar la configuraci\u00f3n y el uso<\/p>\n<p>Alimentaci\u00f3n de lazo de 24 V CC con modo de medida de mA (-25% a 125%)<\/p>\n<p>Resoluci\u00f3n de 1 \u00b5A en los rangos de mA y 1 mV en rangos de tensi\u00f3n<\/p>\n<p>Resistencia de 250 \u2126 integrada y seleccionable para comunicaciones HART<\/p>\n<p>Conexi\u00f3n simple de dos hilos para todo tipo de medidas<\/p>\n<p>Apagado autom\u00e1tico para ahorrar bater\u00eda<\/p>\n<p>Tiempo variable de paso y rampa en segundos<\/p>\n<p>Comunicaci\u00f3n HART<\/p>\n<p>El Fluke 710 incluye un m\u00f3dem HART integrado para comunicar los siguientes comandos HART:<\/p>\n<p>Lectura de la informaci\u00f3n de PV del sensor<\/p>\n<p>Lectura de la informaci\u00f3n de PV de salida<\/p>\n<p>Lectura y escritura del tipo de unidad de PV, etiqueta de identificaci\u00f3n, descripci\u00f3n y mensaje<\/p>\n<p>Lectura y escritura de los rangos de PV (superior e inferior)<\/p>\n<p>Activaci\u00f3n\/desactivaci\u00f3n del modo de corriente fija<\/p>\n<p>Definici\u00f3n de compensaci\u00f3n a cero<\/p>\n<p>Ajuste a cero del convertidor D\/A (salida de 4 mA)<\/p>\n<p>Ajuste de la ganancia del convertidor D\/A (salida de 20 mA)<\/p>\n<p>Comandos HART para las v\u00e1lvulas<\/p>\n<p>El modelo 710 incluye los siguientes comandos HART exclusivos y compatibles con las v\u00e1lvulas de control:<\/p>\n<p>Ajuste autom\u00e1tico del controlador de la v\u00e1lvula<\/p>\n<p>Adem\u00e1s, el dispositivo Fluke 710 ofrece:<\/p>\n<p>Registro de datos HART sobre el terreno. Una vez registrados por el modelo 710 sobre el terreno, el software ValveTrack\u2122 puede cargar la configuraci\u00f3n HART de hasta (0 dispositivos HART en su planta y generar datos a la salida en formato .csv o .txt.<\/p>\n<p>Las medidas de lazo de mA con registro de datos y los datos HART se pueden registrar desde un transmisor concreto para solucionar problemas y ajustar el lazo. La funci\u00f3n de registro de datos ofrece una captura seleccionable con intervalos de registro de entre 1 y 6 segundos y una capacidad de registro para almacenar 4910 registros o 99 sesiones individuales. Cada registro contiene la medida de mA y las cuatro variables del proceso.<\/p>\n","protected":false},"excerpt":{"rendered":"<p>Entre las principales funciones de comprobaci\u00f3n de las v\u00e1lvulas se incluyen: comprobaci\u00f3n de firma de v\u00e1lvula preconfigurada, comprobaci\u00f3n de velocidad, comprobaci\u00f3n de paso, pruebas manuales y pruebas de impacto\/recorrido parcial<\/p>\n<p>Entre las principales funciones del calibrador de lazo se incluyen: fuente de mA, simulaci\u00f3n de mA, lectura de mA, lectura de mA\/alimentaci\u00f3n de lazo y lectura de tensi\u00f3n<\/p>\n<p>El software ValveTrack\u2122 permite cargar los datos en un PC para realizar un an\u00e1lisis m\u00e1s exhaustivo de las medidas de la v\u00e1lvula que se registran y se guardan en la memoria del 710<\/p>\n","protected":false},"featured_media":9730,"template":"","meta":{"_acf_changed":false},"pwb-brand":[31],"product_brand":[],"product_cat":[366,194,30,193],"product_tag":[],"class_list":{"0":"post-9705","1":"product","2":"type-product","3":"status-publish","4":"has-post-thumbnail","6":"pwb-brand-fluke","7":"product_cat-todos-los-productos","8":"product_cat-calibradores-de-lazo","9":"product_cat-fluke","10":"product_cat-herramientas-de-calibracion","12":"first","13":"instock","14":"taxable","15":"shipping-taxable","16":"product-type-simple"},"acf":[],"yoast_head":"<!-- This site is optimized with the Yoast SEO plugin v27.4 - https:\/\/yoast.com\/product\/yoast-seo-wordpress\/ -->\n<title>Comprobador de v\u00e1lvulas de lazo de mA Fluke 710 - Techmaster de Mexico<\/title>\n<meta name=\"robots\" content=\"index, follow, max-snippet:-1, max-image-preview:large, max-video-preview:-1\" \/>\n<link rel=\"canonical\" href=\"https:\/\/techmasterdemexico.com\/producto\/comprobador-de-valvulas-de-lazo-de-ma-fluke-710\/\" \/>\n<meta property=\"og:locale\" content=\"en_US\" \/>\n<meta property=\"og:type\" content=\"article\" \/>\n<meta property=\"og:title\" content=\"Comprobador de v\u00e1lvulas de lazo de mA Fluke 710 - Techmaster de Mexico\" \/>\n<meta property=\"og:description\" content=\"Entre las principales funciones de comprobaci\u00f3n de las v\u00e1lvulas se incluyen: comprobaci\u00f3n de firma de v\u00e1lvula preconfigurada, comprobaci\u00f3n de velocidad, comprobaci\u00f3n de paso, pruebas manuales y pruebas de impacto\/recorrido parcial  Entre las principales funciones del calibrador de lazo se incluyen: fuente de mA, simulaci\u00f3n de mA, lectura de mA, lectura de mA\/alimentaci\u00f3n de lazo y lectura de tensi\u00f3n  El software ValveTrack\u2122 permite cargar los datos en un PC para realizar un an\u00e1lisis m\u00e1s exhaustivo de las medidas de la v\u00e1lvula que se registran y se guardan en la memoria del 710\" \/>\n<meta property=\"og:url\" content=\"https:\/\/techmasterdemexico.com\/producto\/comprobador-de-valvulas-de-lazo-de-ma-fluke-710\/\" \/>\n<meta property=\"og:site_name\" content=\"Techmaster de Mexico\" \/>\n<meta property=\"article:modified_time\" content=\"2022-05-12T04:48:15+00:00\" \/>\n<meta property=\"og:image\" content=\"https:\/\/techmasterdemexico.com\/wp-content\/uploads\/2021\/09\/F-710_01c_c_1500x1000_1.png\" \/>\n\t<meta property=\"og:image:width\" content=\"410\" \/>\n\t<meta property=\"og:image:height\" content=\"410\" \/>\n\t<meta property=\"og:image:type\" content=\"image\/png\" \/>\n<meta name=\"twitter:card\" content=\"summary_large_image\" \/>\n<meta name=\"twitter:label1\" content=\"Est. reading time\" \/>\n\t<meta name=\"twitter:data1\" content=\"6 minutes\" \/>\n<script type=\"application\/ld+json\" class=\"yoast-schema-graph\">{\"@context\":\"https:\\\/\\\/schema.org\",\"@graph\":[{\"@type\":\"WebPage\",\"@id\":\"https:\\\/\\\/techmasterdemexico.com\\\/producto\\\/comprobador-de-valvulas-de-lazo-de-ma-fluke-710\\\/\",\"url\":\"https:\\\/\\\/techmasterdemexico.com\\\/producto\\\/comprobador-de-valvulas-de-lazo-de-ma-fluke-710\\\/\",\"name\":\"Comprobador de v\u00e1lvulas de lazo de mA Fluke 710 - Techmaster de Mexico\",\"isPartOf\":{\"@id\":\"https:\\\/\\\/techmasterdemexico.com\\\/#website\"},\"primaryImageOfPage\":{\"@id\":\"https:\\\/\\\/techmasterdemexico.com\\\/producto\\\/comprobador-de-valvulas-de-lazo-de-ma-fluke-710\\\/#primaryimage\"},\"image\":{\"@id\":\"https:\\\/\\\/techmasterdemexico.com\\\/producto\\\/comprobador-de-valvulas-de-lazo-de-ma-fluke-710\\\/#primaryimage\"},\"thumbnailUrl\":\"https:\\\/\\\/techmasterdemexico.com\\\/wp-content\\\/uploads\\\/2021\\\/09\\\/F-710_01c_c_1500x1000_1.png\",\"datePublished\":\"2021-09-23T23:04:06+00:00\",\"dateModified\":\"2022-05-12T04:48:15+00:00\",\"breadcrumb\":{\"@id\":\"https:\\\/\\\/techmasterdemexico.com\\\/producto\\\/comprobador-de-valvulas-de-lazo-de-ma-fluke-710\\\/#breadcrumb\"},\"inLanguage\":\"en-US\",\"potentialAction\":[{\"@type\":\"ReadAction\",\"target\":[\"https:\\\/\\\/techmasterdemexico.com\\\/producto\\\/comprobador-de-valvulas-de-lazo-de-ma-fluke-710\\\/\"]}]},{\"@type\":\"ImageObject\",\"inLanguage\":\"en-US\",\"@id\":\"https:\\\/\\\/techmasterdemexico.com\\\/producto\\\/comprobador-de-valvulas-de-lazo-de-ma-fluke-710\\\/#primaryimage\",\"url\":\"https:\\\/\\\/techmasterdemexico.com\\\/wp-content\\\/uploads\\\/2021\\\/09\\\/F-710_01c_c_1500x1000_1.png\",\"contentUrl\":\"https:\\\/\\\/techmasterdemexico.com\\\/wp-content\\\/uploads\\\/2021\\\/09\\\/F-710_01c_c_1500x1000_1.png\",\"width\":410,\"height\":410},{\"@type\":\"BreadcrumbList\",\"@id\":\"https:\\\/\\\/techmasterdemexico.com\\\/producto\\\/comprobador-de-valvulas-de-lazo-de-ma-fluke-710\\\/#breadcrumb\",\"itemListElement\":[{\"@type\":\"ListItem\",\"position\":1,\"name\":\"Portada\",\"item\":\"https:\\\/\\\/techmasterdemexico.com\\\/\"},{\"@type\":\"ListItem\",\"position\":2,\"name\":\"Comprobador de v\u00e1lvulas de lazo de mA Fluke 710\"}]},{\"@type\":\"WebSite\",\"@id\":\"https:\\\/\\\/techmasterdemexico.com\\\/#website\",\"url\":\"https:\\\/\\\/techmasterdemexico.com\\\/\",\"name\":\"Techmaster de Mexico\",\"description\":\"\",\"potentialAction\":[{\"@type\":\"SearchAction\",\"target\":{\"@type\":\"EntryPoint\",\"urlTemplate\":\"https:\\\/\\\/techmasterdemexico.com\\\/?s={search_term_string}\"},\"query-input\":{\"@type\":\"PropertyValueSpecification\",\"valueRequired\":true,\"valueName\":\"search_term_string\"}}],\"inLanguage\":\"en-US\"}]}<\/script>\n<!-- \/ Yoast SEO plugin. -->","yoast_head_json":{"title":"Comprobador de v\u00e1lvulas de lazo de mA Fluke 710 - Techmaster de Mexico","robots":{"index":"index","follow":"follow","max-snippet":"max-snippet:-1","max-image-preview":"max-image-preview:large","max-video-preview":"max-video-preview:-1"},"canonical":"https:\/\/techmasterdemexico.com\/producto\/comprobador-de-valvulas-de-lazo-de-ma-fluke-710\/","og_locale":"en_US","og_type":"article","og_title":"Comprobador de v\u00e1lvulas de lazo de mA Fluke 710 - Techmaster de Mexico","og_description":"Entre las principales funciones de comprobaci\u00f3n de las v\u00e1lvulas se incluyen: comprobaci\u00f3n de firma de v\u00e1lvula preconfigurada, comprobaci\u00f3n de velocidad, comprobaci\u00f3n de paso, pruebas manuales y pruebas de impacto\/recorrido parcial  Entre las principales funciones del calibrador de lazo se incluyen: fuente de mA, simulaci\u00f3n de mA, lectura de mA, lectura de mA\/alimentaci\u00f3n de lazo y lectura de tensi\u00f3n  El software ValveTrack\u2122 permite cargar los datos en un PC para realizar un an\u00e1lisis m\u00e1s exhaustivo de las medidas de la v\u00e1lvula que se registran y se guardan en la memoria del 710","og_url":"https:\/\/techmasterdemexico.com\/producto\/comprobador-de-valvulas-de-lazo-de-ma-fluke-710\/","og_site_name":"Techmaster de Mexico","article_modified_time":"2022-05-12T04:48:15+00:00","og_image":[{"width":410,"height":410,"url":"https:\/\/techmasterdemexico.com\/wp-content\/uploads\/2021\/09\/F-710_01c_c_1500x1000_1.png","type":"image\/png"}],"twitter_card":"summary_large_image","twitter_misc":{"Est. reading time":"6 minutes"},"schema":{"@context":"https:\/\/schema.org","@graph":[{"@type":"WebPage","@id":"https:\/\/techmasterdemexico.com\/producto\/comprobador-de-valvulas-de-lazo-de-ma-fluke-710\/","url":"https:\/\/techmasterdemexico.com\/producto\/comprobador-de-valvulas-de-lazo-de-ma-fluke-710\/","name":"Comprobador de v\u00e1lvulas de lazo de mA Fluke 710 - Techmaster de Mexico","isPartOf":{"@id":"https:\/\/techmasterdemexico.com\/#website"},"primaryImageOfPage":{"@id":"https:\/\/techmasterdemexico.com\/producto\/comprobador-de-valvulas-de-lazo-de-ma-fluke-710\/#primaryimage"},"image":{"@id":"https:\/\/techmasterdemexico.com\/producto\/comprobador-de-valvulas-de-lazo-de-ma-fluke-710\/#primaryimage"},"thumbnailUrl":"https:\/\/techmasterdemexico.com\/wp-content\/uploads\/2021\/09\/F-710_01c_c_1500x1000_1.png","datePublished":"2021-09-23T23:04:06+00:00","dateModified":"2022-05-12T04:48:15+00:00","breadcrumb":{"@id":"https:\/\/techmasterdemexico.com\/producto\/comprobador-de-valvulas-de-lazo-de-ma-fluke-710\/#breadcrumb"},"inLanguage":"en-US","potentialAction":[{"@type":"ReadAction","target":["https:\/\/techmasterdemexico.com\/producto\/comprobador-de-valvulas-de-lazo-de-ma-fluke-710\/"]}]},{"@type":"ImageObject","inLanguage":"en-US","@id":"https:\/\/techmasterdemexico.com\/producto\/comprobador-de-valvulas-de-lazo-de-ma-fluke-710\/#primaryimage","url":"https:\/\/techmasterdemexico.com\/wp-content\/uploads\/2021\/09\/F-710_01c_c_1500x1000_1.png","contentUrl":"https:\/\/techmasterdemexico.com\/wp-content\/uploads\/2021\/09\/F-710_01c_c_1500x1000_1.png","width":410,"height":410},{"@type":"BreadcrumbList","@id":"https:\/\/techmasterdemexico.com\/producto\/comprobador-de-valvulas-de-lazo-de-ma-fluke-710\/#breadcrumb","itemListElement":[{"@type":"ListItem","position":1,"name":"Portada","item":"https:\/\/techmasterdemexico.com\/"},{"@type":"ListItem","position":2,"name":"Comprobador de v\u00e1lvulas de lazo de mA Fluke 710"}]},{"@type":"WebSite","@id":"https:\/\/techmasterdemexico.com\/#website","url":"https:\/\/techmasterdemexico.com\/","name":"Techmaster de Mexico","description":"","potentialAction":[{"@type":"SearchAction","target":{"@type":"EntryPoint","urlTemplate":"https:\/\/techmasterdemexico.com\/?s={search_term_string}"},"query-input":{"@type":"PropertyValueSpecification","valueRequired":true,"valueName":"search_term_string"}}],"inLanguage":"en-US"}]}},"brands":[{"id":31,"name":"Fluke","slug":"fluke"}],"_links":{"self":[{"href":"https:\/\/techmasterdemexico.com\/en\/wp-json\/wp\/v2\/product\/9705","targetHints":{"allow":["GET"]}}],"collection":[{"href":"https:\/\/techmasterdemexico.com\/en\/wp-json\/wp\/v2\/product"}],"about":[{"href":"https:\/\/techmasterdemexico.com\/en\/wp-json\/wp\/v2\/types\/product"}],"wp:featuredmedia":[{"embeddable":true,"href":"https:\/\/techmasterdemexico.com\/en\/wp-json\/wp\/v2\/media\/9730"}],"wp:attachment":[{"href":"https:\/\/techmasterdemexico.com\/en\/wp-json\/wp\/v2\/media?parent=9705"}],"wp:term":[{"taxonomy":"pwb-brand","embeddable":true,"href":"https:\/\/techmasterdemexico.com\/en\/wp-json\/wp\/v2\/pwb-brand?post=9705"},{"taxonomy":"product_brand","embeddable":true,"href":"https:\/\/techmasterdemexico.com\/en\/wp-json\/wp\/v2\/product_brand?post=9705"},{"taxonomy":"product_cat","embeddable":true,"href":"https:\/\/techmasterdemexico.com\/en\/wp-json\/wp\/v2\/product_cat?post=9705"},{"taxonomy":"product_tag","embeddable":true,"href":"https:\/\/techmasterdemexico.com\/en\/wp-json\/wp\/v2\/product_tag?post=9705"}],"curies":[{"name":"wp","href":"https:\/\/api.w.org\/{rel}","templated":true}]}}