{"id":9702,"date":"2021-09-23T23:04:04","date_gmt":"2021-09-23T23:04:04","guid":{"rendered":"https:\/\/techmastermx.ddns.net\/producto\/camara-termografica-fija-rse600\/"},"modified":"2022-05-12T04:48:18","modified_gmt":"2022-05-12T04:48:18","slug":"camara-termografica-fija-rse600","status":"publish","type":"product","link":"https:\/\/techmasterdemexico.com\/en\/producto\/camara-termografica-fija-rse600\/","title":{"rendered":"C\u00e1mara termogr\u00e1fica fija RSE600"},"content":{"rendered":"<p>C\u00e1mara termogr\u00e1fica fija Fluke RSE600<\/p>\n<p>Cuando los infrarrojos perciben m\u00e1s que el ojo humano.<\/p>\n<p>Presentamos las primeras c\u00e1maras termogr\u00e1ficas fijas y totalmente radiom\u00e9tricas de Fluke: la serie RSE. Equipadas con funciones avanzadas y extensiones de software para MATLAB\u00ae y LabVIEW\u00ae, son los instrumentos ideales para la transmisi\u00f3n continua y el an\u00e1lisis de datos infrarrojos.<\/p>\n<p>A\u00f1ada a su equipo una c\u00e1mara RSE600, dise\u00f1ada para cubrir las necesidades de los \u00e1mbitos de la investigaci\u00f3n, la ciencia y la ingenier\u00eda, y mejore sus procedimientos de evaluaci\u00f3n y garant\u00eda de calidad. Transmita de forma continua hasta 60 secuencias de datos por segundo directamente a su ordenador para controlar min\u00fasculas diferencias de temperatura y analice los v\u00eddeos imagen por imagen a distancia con el software SmartView\u00ae. Mejore su experiencia de visualizaci\u00f3n con las lentes opcionales adicionales apropiadas para distintas aplicaciones (analizar desde una distancia o obtener detalles de primeros planos).<\/p>\n<p>No se conforme con ver el calor. Transm\u00edtalo, m\u00eddalo y anal\u00edcelo.<\/p>\n<p>Con las extensiones para MATLAB\u00ae y LabVIEW\u00ae, las c\u00e1maras termogr\u00e1ficas RSE son ideales para comprobaci\u00f3n y desarrollo. \u00bfBusca un software m\u00e1s robusto para controlar y archivar los datos de fabricaci\u00f3n por procesos 24 horas al d\u00eda, 7 d\u00edas a la semana? Le recomendamos la serie ThermoView\u00ae de Fluke Process Instruments.<\/p>\n","protected":false},"excerpt":{"rendered":"<ul>\n<li>La compatibilidad con el software MATLAB\u00ae y LabVIEW\u00ae permite a los usuarios integrar datos de infrarrojos, im\u00e1genes y v\u00eddeos para potenciar el an\u00e1lisis de I+D<\/li>\n<li>Resoluci\u00f3n de 640 x 480<\/li>\n<li>Vea todos los detalles necesarios con las lentes inteligentes opcionales: lente teleobjetivo 2x y 4x, gran angular y lentes macro<\/li>\n<li>Optimice las im\u00e1genes, genere informes personalizables y exporte las im\u00e1genes al formato elegido con el software SmartView\u00ae<\/li>\n<li>Conecte de forma inal\u00e1mbrica su c\u00e1mara al sistema Fluke Connect\u00ae para compartir y editar im\u00e1genes f\u00e1cilmente<\/li>\n<\/ul>\n","protected":false},"featured_media":9752,"template":"","meta":{"_acf_changed":false},"pwb-brand":[31],"product_brand":[],"product_cat":[366,131,186,30],"product_tag":[],"class_list":{"0":"post-9702","1":"product","2":"type-product","3":"status-publish","4":"has-post-thumbnail","6":"pwb-brand-fluke","7":"product_cat-todos-los-productos","8":"product_cat-camaras-termograficas","9":"product_cat-camaras-termograficas-montadas","10":"product_cat-fluke","12":"first","13":"instock","14":"taxable","15":"shipping-taxable","16":"product-type-simple"},"acf":[],"yoast_head":"<!-- This site is optimized with the Yoast SEO plugin v27.4 - https:\/\/yoast.com\/product\/yoast-seo-wordpress\/ -->\n<title>C\u00e1mara termogr\u00e1fica fija RSE600 - Techmaster de Mexico<\/title>\n<meta name=\"robots\" content=\"index, follow, max-snippet:-1, max-image-preview:large, max-video-preview:-1\" \/>\n<link rel=\"canonical\" href=\"https:\/\/techmasterdemexico.com\/producto\/camara-termografica-fija-rse600\/\" \/>\n<meta property=\"og:locale\" content=\"en_US\" \/>\n<meta property=\"og:type\" content=\"article\" \/>\n<meta property=\"og:title\" content=\"C\u00e1mara termogr\u00e1fica fija RSE600 - Techmaster de Mexico\" \/>\n<meta property=\"og:description\" content=\"La compatibilidad con el software MATLAB\u00ae y LabVIEW\u00ae permite a los usuarios integrar datos de infrarrojos, im\u00e1genes y v\u00eddeos para potenciar el an\u00e1lisis de I+D   Resoluci\u00f3n de 640 x 480   Vea todos los detalles necesarios con las lentes inteligentes opcionales: lente teleobjetivo 2x y 4x, gran angular y lentes macro   Optimice las im\u00e1genes, genere informes personalizables y exporte las im\u00e1genes al formato elegido con el software SmartView\u00ae   Conecte de forma inal\u00e1mbrica su c\u00e1mara al sistema Fluke Connect\u00ae para compartir y editar im\u00e1genes f\u00e1cilmente\" \/>\n<meta property=\"og:url\" content=\"https:\/\/techmasterdemexico.com\/producto\/camara-termografica-fija-rse600\/\" \/>\n<meta property=\"og:site_name\" content=\"Techmaster de Mexico\" \/>\n<meta property=\"article:modified_time\" content=\"2022-05-12T04:48:18+00:00\" \/>\n<meta property=\"og:image\" content=\"https:\/\/techmasterdemexico.com\/wp-content\/uploads\/2021\/09\/RS600.png\" \/>\n\t<meta property=\"og:image:width\" content=\"600\" \/>\n\t<meta property=\"og:image:height\" content=\"600\" \/>\n\t<meta property=\"og:image:type\" content=\"image\/png\" \/>\n<meta name=\"twitter:card\" content=\"summary_large_image\" \/>\n<meta name=\"twitter:label1\" content=\"Est. reading time\" \/>\n\t<meta name=\"twitter:data1\" content=\"1 minute\" \/>\n<script type=\"application\/ld+json\" class=\"yoast-schema-graph\">{\"@context\":\"https:\\\/\\\/schema.org\",\"@graph\":[{\"@type\":\"WebPage\",\"@id\":\"https:\\\/\\\/techmasterdemexico.com\\\/producto\\\/camara-termografica-fija-rse600\\\/\",\"url\":\"https:\\\/\\\/techmasterdemexico.com\\\/producto\\\/camara-termografica-fija-rse600\\\/\",\"name\":\"C\u00e1mara termogr\u00e1fica fija RSE600 - Techmaster de Mexico\",\"isPartOf\":{\"@id\":\"https:\\\/\\\/techmasterdemexico.com\\\/#website\"},\"primaryImageOfPage\":{\"@id\":\"https:\\\/\\\/techmasterdemexico.com\\\/producto\\\/camara-termografica-fija-rse600\\\/#primaryimage\"},\"image\":{\"@id\":\"https:\\\/\\\/techmasterdemexico.com\\\/producto\\\/camara-termografica-fija-rse600\\\/#primaryimage\"},\"thumbnailUrl\":\"https:\\\/\\\/techmasterdemexico.com\\\/wp-content\\\/uploads\\\/2021\\\/09\\\/RS600.png\",\"datePublished\":\"2021-09-23T23:04:04+00:00\",\"dateModified\":\"2022-05-12T04:48:18+00:00\",\"breadcrumb\":{\"@id\":\"https:\\\/\\\/techmasterdemexico.com\\\/producto\\\/camara-termografica-fija-rse600\\\/#breadcrumb\"},\"inLanguage\":\"en-US\",\"potentialAction\":[{\"@type\":\"ReadAction\",\"target\":[\"https:\\\/\\\/techmasterdemexico.com\\\/producto\\\/camara-termografica-fija-rse600\\\/\"]}]},{\"@type\":\"ImageObject\",\"inLanguage\":\"en-US\",\"@id\":\"https:\\\/\\\/techmasterdemexico.com\\\/producto\\\/camara-termografica-fija-rse600\\\/#primaryimage\",\"url\":\"https:\\\/\\\/techmasterdemexico.com\\\/wp-content\\\/uploads\\\/2021\\\/09\\\/RS600.png\",\"contentUrl\":\"https:\\\/\\\/techmasterdemexico.com\\\/wp-content\\\/uploads\\\/2021\\\/09\\\/RS600.png\",\"width\":600,\"height\":600},{\"@type\":\"BreadcrumbList\",\"@id\":\"https:\\\/\\\/techmasterdemexico.com\\\/producto\\\/camara-termografica-fija-rse600\\\/#breadcrumb\",\"itemListElement\":[{\"@type\":\"ListItem\",\"position\":1,\"name\":\"Portada\",\"item\":\"https:\\\/\\\/techmasterdemexico.com\\\/\"},{\"@type\":\"ListItem\",\"position\":2,\"name\":\"C\u00e1mara termogr\u00e1fica fija RSE600\"}]},{\"@type\":\"WebSite\",\"@id\":\"https:\\\/\\\/techmasterdemexico.com\\\/#website\",\"url\":\"https:\\\/\\\/techmasterdemexico.com\\\/\",\"name\":\"Techmaster de Mexico\",\"description\":\"\",\"potentialAction\":[{\"@type\":\"SearchAction\",\"target\":{\"@type\":\"EntryPoint\",\"urlTemplate\":\"https:\\\/\\\/techmasterdemexico.com\\\/?s={search_term_string}\"},\"query-input\":{\"@type\":\"PropertyValueSpecification\",\"valueRequired\":true,\"valueName\":\"search_term_string\"}}],\"inLanguage\":\"en-US\"}]}<\/script>\n<!-- \/ Yoast SEO plugin. -->","yoast_head_json":{"title":"C\u00e1mara termogr\u00e1fica fija RSE600 - Techmaster de Mexico","robots":{"index":"index","follow":"follow","max-snippet":"max-snippet:-1","max-image-preview":"max-image-preview:large","max-video-preview":"max-video-preview:-1"},"canonical":"https:\/\/techmasterdemexico.com\/producto\/camara-termografica-fija-rse600\/","og_locale":"en_US","og_type":"article","og_title":"C\u00e1mara termogr\u00e1fica fija RSE600 - Techmaster de Mexico","og_description":"La compatibilidad con el software MATLAB\u00ae y LabVIEW\u00ae permite a los usuarios integrar datos de infrarrojos, im\u00e1genes y v\u00eddeos para potenciar el an\u00e1lisis de I+D   Resoluci\u00f3n de 640 x 480   Vea todos los detalles necesarios con las lentes inteligentes opcionales: lente teleobjetivo 2x y 4x, gran angular y lentes macro   Optimice las im\u00e1genes, genere informes personalizables y exporte las im\u00e1genes al formato elegido con el software SmartView\u00ae   Conecte de forma inal\u00e1mbrica su c\u00e1mara al sistema Fluke Connect\u00ae para compartir y editar im\u00e1genes f\u00e1cilmente","og_url":"https:\/\/techmasterdemexico.com\/producto\/camara-termografica-fija-rse600\/","og_site_name":"Techmaster de Mexico","article_modified_time":"2022-05-12T04:48:18+00:00","og_image":[{"width":600,"height":600,"url":"https:\/\/techmasterdemexico.com\/wp-content\/uploads\/2021\/09\/RS600.png","type":"image\/png"}],"twitter_card":"summary_large_image","twitter_misc":{"Est. reading time":"1 minute"},"schema":{"@context":"https:\/\/schema.org","@graph":[{"@type":"WebPage","@id":"https:\/\/techmasterdemexico.com\/producto\/camara-termografica-fija-rse600\/","url":"https:\/\/techmasterdemexico.com\/producto\/camara-termografica-fija-rse600\/","name":"C\u00e1mara termogr\u00e1fica fija RSE600 - Techmaster de Mexico","isPartOf":{"@id":"https:\/\/techmasterdemexico.com\/#website"},"primaryImageOfPage":{"@id":"https:\/\/techmasterdemexico.com\/producto\/camara-termografica-fija-rse600\/#primaryimage"},"image":{"@id":"https:\/\/techmasterdemexico.com\/producto\/camara-termografica-fija-rse600\/#primaryimage"},"thumbnailUrl":"https:\/\/techmasterdemexico.com\/wp-content\/uploads\/2021\/09\/RS600.png","datePublished":"2021-09-23T23:04:04+00:00","dateModified":"2022-05-12T04:48:18+00:00","breadcrumb":{"@id":"https:\/\/techmasterdemexico.com\/producto\/camara-termografica-fija-rse600\/#breadcrumb"},"inLanguage":"en-US","potentialAction":[{"@type":"ReadAction","target":["https:\/\/techmasterdemexico.com\/producto\/camara-termografica-fija-rse600\/"]}]},{"@type":"ImageObject","inLanguage":"en-US","@id":"https:\/\/techmasterdemexico.com\/producto\/camara-termografica-fija-rse600\/#primaryimage","url":"https:\/\/techmasterdemexico.com\/wp-content\/uploads\/2021\/09\/RS600.png","contentUrl":"https:\/\/techmasterdemexico.com\/wp-content\/uploads\/2021\/09\/RS600.png","width":600,"height":600},{"@type":"BreadcrumbList","@id":"https:\/\/techmasterdemexico.com\/producto\/camara-termografica-fija-rse600\/#breadcrumb","itemListElement":[{"@type":"ListItem","position":1,"name":"Portada","item":"https:\/\/techmasterdemexico.com\/"},{"@type":"ListItem","position":2,"name":"C\u00e1mara termogr\u00e1fica fija RSE600"}]},{"@type":"WebSite","@id":"https:\/\/techmasterdemexico.com\/#website","url":"https:\/\/techmasterdemexico.com\/","name":"Techmaster de Mexico","description":"","potentialAction":[{"@type":"SearchAction","target":{"@type":"EntryPoint","urlTemplate":"https:\/\/techmasterdemexico.com\/?s={search_term_string}"},"query-input":{"@type":"PropertyValueSpecification","valueRequired":true,"valueName":"search_term_string"}}],"inLanguage":"en-US"}]}},"brands":[{"id":31,"name":"Fluke","slug":"fluke"}],"_links":{"self":[{"href":"https:\/\/techmasterdemexico.com\/en\/wp-json\/wp\/v2\/product\/9702","targetHints":{"allow":["GET"]}}],"collection":[{"href":"https:\/\/techmasterdemexico.com\/en\/wp-json\/wp\/v2\/product"}],"about":[{"href":"https:\/\/techmasterdemexico.com\/en\/wp-json\/wp\/v2\/types\/product"}],"wp:featuredmedia":[{"embeddable":true,"href":"https:\/\/techmasterdemexico.com\/en\/wp-json\/wp\/v2\/media\/9752"}],"wp:attachment":[{"href":"https:\/\/techmasterdemexico.com\/en\/wp-json\/wp\/v2\/media?parent=9702"}],"wp:term":[{"taxonomy":"pwb-brand","embeddable":true,"href":"https:\/\/techmasterdemexico.com\/en\/wp-json\/wp\/v2\/pwb-brand?post=9702"},{"taxonomy":"product_brand","embeddable":true,"href":"https:\/\/techmasterdemexico.com\/en\/wp-json\/wp\/v2\/product_brand?post=9702"},{"taxonomy":"product_cat","embeddable":true,"href":"https:\/\/techmasterdemexico.com\/en\/wp-json\/wp\/v2\/product_cat?post=9702"},{"taxonomy":"product_tag","embeddable":true,"href":"https:\/\/techmasterdemexico.com\/en\/wp-json\/wp\/v2\/product_tag?post=9702"}],"curies":[{"name":"wp","href":"https:\/\/api.w.org\/{rel}","templated":true}]}}