{"id":9701,"date":"2021-09-23T23:04:04","date_gmt":"2021-09-23T23:04:04","guid":{"rendered":"https:\/\/techmastermx.ddns.net\/producto\/detector-de-gas\/"},"modified":"2022-05-12T04:48:17","modified_gmt":"2022-05-12T04:48:17","slug":"detector-de-gas","status":"publish","type":"product","link":"https:\/\/techmasterdemexico.com\/en\/producto\/detector-de-gas\/","title":{"rendered":"Detector de gas"},"content":{"rendered":"<p>Detector de fuga de gas Fluke Ti450 SF6<\/p>\n<p>Infrarrojos para el d\u00eda a d\u00eda. Detecci\u00f3n de gas SF6 cuando la necesita.<\/p>\n<p>Mejore su eficiencia y ahorre dinero con una c\u00e1mara termogr\u00e1fica de alto rendimiento con detecci\u00f3n avanzada de SF6; disfrute de dos funciones cr\u00edticas en un mismo instrumento. Y lo mejor de todo es que este instrumento es lo suficientemente asequible para su adquisici\u00f3n, as\u00ed que podr\u00e1 realizar inspecciones de gas y por infrarrojos siempre que lo desee sin necesidad de afrontar costosos gastos de alquiler ni contratar a profesionales.Lleve dos instrumentos en uno. A un precio excepcional.<\/p>\n<p>Dise\u00f1ada para ofrecer la m\u00e1xima fiabilidad.<\/p>\n<p>Basado en la tecnolog\u00eda de la c\u00e1mara con empu\u00f1adura tipo pistola con el mejor rendimiento de Fluke, el Fluke Ti450 SF6 permite cambiar r\u00e1pidamente entre gas e infrarrojo, facilitando as\u00ed pasar de un modo a otro sobre el terreno.<\/p>\n<p>Dos soluciones cr\u00edticas en una c\u00e1mara termogr\u00e1fica excepcional.<\/p>\n<p>El nuevo detector de fuga de gas Ti450 SF6 destaca por rendimiento y precio. Con la comodidad de la empu\u00f1adura tipo pistola y el sencillo sistema de &#8220;apuntar y disparar&#8221; resulta f\u00e1cil diagnosticar hasta los puntos m\u00e1s dif\u00edciles. La funci\u00f3n a\u00f1adida de detecci\u00f3n de gas SF6 le permite obtener el an\u00e1lisis que necesita en cualquier momento y en cualquier lugar.<\/p>\n<p>Las empresas ya no est\u00e1n atrapadas en la complicada posici\u00f3n de tener que realizar inspecciones, rastrear las fugas de SF6 y gestionar los costes extraordinariamente altos de adquirir o alquilar el equipo necesario.<\/p>\n","protected":false},"excerpt":{"rendered":"<ul>\n<li>Detecta la localizaci\u00f3n de la fuga de gas SF6 sin desconectar el equipo<\/li>\n<li>Bot\u00f3n de entrada\/salida r\u00e1pida que permite cambiar r\u00e1pidamente entre modo de imagen de gas y modo infrarrojo<\/li>\n<li>Resoluci\u00f3n de 320 x 240 para im\u00e1genes infrarrojas y de gas; aumenta hasta 640 x 480 solo en modo infrarrojo<\/li>\n<li>Obtenga im\u00e1genes enfocadas en los modos infrarrojo y de gas con solo pulsar un bot\u00f3n gracias al autofocus LaserSharp\u00ae<\/li>\n<li>Conecte de forma inal\u00e1mbrica su c\u00e1mara al sistema Fluke Connect\u00ae para tomar decisiones con m\u00e1s rapidez. Los miembros del equipo pueden ver los mismos datos y colaborar en la identificaci\u00f3n del problema o autorizar el trabajo antes de que usted abandone el lugar de inspecci\u00f3n.<\/li>\n<li>Sin necesidad de l\u00e1piz y papel:<\/li>\n<li>El sistema de anotaci\u00f3n IR PhotoNotes\u2122 captura im\u00e1genes digitales con detalles del equipo, como los n\u00fameros de serie y las condiciones del \u00e1rea de alrededor<\/li>\n<li>Registre cualquier nota adicional mediante anotaciones de voz y gu\u00e1rdelas con la imagen<\/li>\n<li>Vea detalles adicionales con las lentes inteligentes opcionales, sin necesidad de recalibrar el instrumento al cambiar las lentes entre c\u00e1maras compatibles<\/li>\n<li>Optimice las im\u00e1genes, realice an\u00e1lisis, genere informes r\u00e1pidos y personalizables y exporte las im\u00e1genes al formato elegido con el software SmartView\u00ae, incluido con la compra<\/li>\n<li>Capture im\u00e1genes infrarrojas n\u00edtidas, precisas y enfocadas en todo el campo de visi\u00f3n con el enfoque MultiSharp\u2122<\/li>\n<li>Dise\u00f1o peque\u00f1o y ligero, cabe sin problemas en su caja de herramientas<\/li>\n<\/ul>\n","protected":false},"featured_media":9755,"template":"","meta":{"_acf_changed":false},"pwb-brand":[31],"product_brand":[],"product_cat":[366,131,184,30],"product_tag":[],"class_list":{"0":"post-9701","1":"product","2":"type-product","3":"status-publish","4":"has-post-thumbnail","6":"pwb-brand-fluke","7":"product_cat-todos-los-productos","8":"product_cat-camaras-termograficas","9":"product_cat-camaras-termograficas-de-deteccion-de-gas","10":"product_cat-fluke","12":"first","13":"instock","14":"taxable","15":"shipping-taxable","16":"product-type-simple"},"acf":[],"yoast_head":"<!-- This site is optimized with the Yoast SEO plugin v27.4 - https:\/\/yoast.com\/product\/yoast-seo-wordpress\/ -->\n<title>Detector de gas - Techmaster de Mexico<\/title>\n<meta name=\"robots\" content=\"index, follow, max-snippet:-1, max-image-preview:large, max-video-preview:-1\" \/>\n<link rel=\"canonical\" href=\"https:\/\/techmasterdemexico.com\/producto\/detector-de-gas\/\" \/>\n<meta property=\"og:locale\" content=\"en_US\" \/>\n<meta property=\"og:type\" content=\"article\" \/>\n<meta property=\"og:title\" content=\"Detector de gas - Techmaster de Mexico\" \/>\n<meta property=\"og:description\" content=\"Detecta la localizaci\u00f3n de la fuga de gas SF6 sin desconectar el equipo   Bot\u00f3n de entrada\/salida r\u00e1pida que permite cambiar r\u00e1pidamente entre modo de imagen de gas y modo infrarrojo   Resoluci\u00f3n de 320 x 240 para im\u00e1genes infrarrojas y de gas; aumenta hasta 640 x 480 solo en modo infrarrojo   Obtenga im\u00e1genes enfocadas en los modos infrarrojo y de gas con solo pulsar un bot\u00f3n gracias al autofocus LaserSharp\u00ae   Conecte de forma inal\u00e1mbrica su c\u00e1mara al sistema Fluke Connect\u00ae para tomar decisiones con m\u00e1s rapidez. Los miembros del equipo pueden ver los mismos datos y colaborar en la identificaci\u00f3n del problema o autorizar el trabajo antes de que usted abandone el lugar de inspecci\u00f3n.   Sin necesidad de l\u00e1piz y papel:   El sistema de anotaci\u00f3n IR PhotoNotes\u2122 captura im\u00e1genes digitales con detalles del equipo, como los n\u00fameros de serie y las condiciones del \u00e1rea de alrededor   Registre cualquier nota adicional mediante anotaciones de voz y gu\u00e1rdelas con la imagen   Vea detalles adicionales con las lentes inteligentes opcionales, sin necesidad de recalibrar el instrumento al cambiar las lentes entre c\u00e1maras compatibles   Optimice las im\u00e1genes, realice an\u00e1lisis, genere informes r\u00e1pidos y personalizables y exporte las im\u00e1genes al formato elegido con el software SmartView\u00ae, incluido con la compra   Capture im\u00e1genes infrarrojas n\u00edtidas, precisas y enfocadas en todo el campo de visi\u00f3n con el enfoque MultiSharp\u2122   Dise\u00f1o peque\u00f1o y ligero, cabe sin problemas en su caja de herramientas\" \/>\n<meta property=\"og:url\" content=\"https:\/\/techmasterdemexico.com\/producto\/detector-de-gas\/\" \/>\n<meta property=\"og:site_name\" content=\"Techmaster de Mexico\" \/>\n<meta property=\"article:modified_time\" content=\"2022-05-12T04:48:17+00:00\" \/>\n<meta property=\"og:image\" content=\"https:\/\/techmasterdemexico.com\/wp-content\/uploads\/2021\/09\/ti450-sf6-600-600.jpg\" \/>\n\t<meta property=\"og:image:width\" content=\"600\" \/>\n\t<meta property=\"og:image:height\" content=\"600\" \/>\n\t<meta property=\"og:image:type\" content=\"image\/jpeg\" \/>\n<meta name=\"twitter:card\" content=\"summary_large_image\" \/>\n<meta name=\"twitter:label1\" content=\"Est. reading time\" \/>\n\t<meta name=\"twitter:data1\" content=\"1 minute\" \/>\n<script type=\"application\/ld+json\" class=\"yoast-schema-graph\">{\"@context\":\"https:\\\/\\\/schema.org\",\"@graph\":[{\"@type\":\"WebPage\",\"@id\":\"https:\\\/\\\/techmasterdemexico.com\\\/producto\\\/detector-de-gas\\\/\",\"url\":\"https:\\\/\\\/techmasterdemexico.com\\\/producto\\\/detector-de-gas\\\/\",\"name\":\"Detector de gas - Techmaster de Mexico\",\"isPartOf\":{\"@id\":\"https:\\\/\\\/techmasterdemexico.com\\\/#website\"},\"primaryImageOfPage\":{\"@id\":\"https:\\\/\\\/techmasterdemexico.com\\\/producto\\\/detector-de-gas\\\/#primaryimage\"},\"image\":{\"@id\":\"https:\\\/\\\/techmasterdemexico.com\\\/producto\\\/detector-de-gas\\\/#primaryimage\"},\"thumbnailUrl\":\"https:\\\/\\\/techmasterdemexico.com\\\/wp-content\\\/uploads\\\/2021\\\/09\\\/ti450-sf6-600-600.jpg\",\"datePublished\":\"2021-09-23T23:04:04+00:00\",\"dateModified\":\"2022-05-12T04:48:17+00:00\",\"breadcrumb\":{\"@id\":\"https:\\\/\\\/techmasterdemexico.com\\\/producto\\\/detector-de-gas\\\/#breadcrumb\"},\"inLanguage\":\"en-US\",\"potentialAction\":[{\"@type\":\"ReadAction\",\"target\":[\"https:\\\/\\\/techmasterdemexico.com\\\/producto\\\/detector-de-gas\\\/\"]}]},{\"@type\":\"ImageObject\",\"inLanguage\":\"en-US\",\"@id\":\"https:\\\/\\\/techmasterdemexico.com\\\/producto\\\/detector-de-gas\\\/#primaryimage\",\"url\":\"https:\\\/\\\/techmasterdemexico.com\\\/wp-content\\\/uploads\\\/2021\\\/09\\\/ti450-sf6-600-600.jpg\",\"contentUrl\":\"https:\\\/\\\/techmasterdemexico.com\\\/wp-content\\\/uploads\\\/2021\\\/09\\\/ti450-sf6-600-600.jpg\",\"width\":600,\"height\":600},{\"@type\":\"BreadcrumbList\",\"@id\":\"https:\\\/\\\/techmasterdemexico.com\\\/producto\\\/detector-de-gas\\\/#breadcrumb\",\"itemListElement\":[{\"@type\":\"ListItem\",\"position\":1,\"name\":\"Portada\",\"item\":\"https:\\\/\\\/techmasterdemexico.com\\\/\"},{\"@type\":\"ListItem\",\"position\":2,\"name\":\"Detector de gas\"}]},{\"@type\":\"WebSite\",\"@id\":\"https:\\\/\\\/techmasterdemexico.com\\\/#website\",\"url\":\"https:\\\/\\\/techmasterdemexico.com\\\/\",\"name\":\"Techmaster de Mexico\",\"description\":\"\",\"potentialAction\":[{\"@type\":\"SearchAction\",\"target\":{\"@type\":\"EntryPoint\",\"urlTemplate\":\"https:\\\/\\\/techmasterdemexico.com\\\/?s={search_term_string}\"},\"query-input\":{\"@type\":\"PropertyValueSpecification\",\"valueRequired\":true,\"valueName\":\"search_term_string\"}}],\"inLanguage\":\"en-US\"}]}<\/script>\n<!-- \/ Yoast SEO plugin. -->","yoast_head_json":{"title":"Detector de gas - Techmaster de Mexico","robots":{"index":"index","follow":"follow","max-snippet":"max-snippet:-1","max-image-preview":"max-image-preview:large","max-video-preview":"max-video-preview:-1"},"canonical":"https:\/\/techmasterdemexico.com\/producto\/detector-de-gas\/","og_locale":"en_US","og_type":"article","og_title":"Detector de gas - Techmaster de Mexico","og_description":"Detecta la localizaci\u00f3n de la fuga de gas SF6 sin desconectar el equipo   Bot\u00f3n de entrada\/salida r\u00e1pida que permite cambiar r\u00e1pidamente entre modo de imagen de gas y modo infrarrojo   Resoluci\u00f3n de 320 x 240 para im\u00e1genes infrarrojas y de gas; aumenta hasta 640 x 480 solo en modo infrarrojo   Obtenga im\u00e1genes enfocadas en los modos infrarrojo y de gas con solo pulsar un bot\u00f3n gracias al autofocus LaserSharp\u00ae   Conecte de forma inal\u00e1mbrica su c\u00e1mara al sistema Fluke Connect\u00ae para tomar decisiones con m\u00e1s rapidez. Los miembros del equipo pueden ver los mismos datos y colaborar en la identificaci\u00f3n del problema o autorizar el trabajo antes de que usted abandone el lugar de inspecci\u00f3n.   Sin necesidad de l\u00e1piz y papel:   El sistema de anotaci\u00f3n IR PhotoNotes\u2122 captura im\u00e1genes digitales con detalles del equipo, como los n\u00fameros de serie y las condiciones del \u00e1rea de alrededor   Registre cualquier nota adicional mediante anotaciones de voz y gu\u00e1rdelas con la imagen   Vea detalles adicionales con las lentes inteligentes opcionales, sin necesidad de recalibrar el instrumento al cambiar las lentes entre c\u00e1maras compatibles   Optimice las im\u00e1genes, realice an\u00e1lisis, genere informes r\u00e1pidos y personalizables y exporte las im\u00e1genes al formato elegido con el software SmartView\u00ae, incluido con la compra   Capture im\u00e1genes infrarrojas n\u00edtidas, precisas y enfocadas en todo el campo de visi\u00f3n con el enfoque MultiSharp\u2122   Dise\u00f1o peque\u00f1o y ligero, cabe sin problemas en su caja de herramientas","og_url":"https:\/\/techmasterdemexico.com\/producto\/detector-de-gas\/","og_site_name":"Techmaster de Mexico","article_modified_time":"2022-05-12T04:48:17+00:00","og_image":[{"width":600,"height":600,"url":"https:\/\/techmasterdemexico.com\/wp-content\/uploads\/2021\/09\/ti450-sf6-600-600.jpg","type":"image\/jpeg"}],"twitter_card":"summary_large_image","twitter_misc":{"Est. reading time":"1 minute"},"schema":{"@context":"https:\/\/schema.org","@graph":[{"@type":"WebPage","@id":"https:\/\/techmasterdemexico.com\/producto\/detector-de-gas\/","url":"https:\/\/techmasterdemexico.com\/producto\/detector-de-gas\/","name":"Detector de gas - Techmaster de Mexico","isPartOf":{"@id":"https:\/\/techmasterdemexico.com\/#website"},"primaryImageOfPage":{"@id":"https:\/\/techmasterdemexico.com\/producto\/detector-de-gas\/#primaryimage"},"image":{"@id":"https:\/\/techmasterdemexico.com\/producto\/detector-de-gas\/#primaryimage"},"thumbnailUrl":"https:\/\/techmasterdemexico.com\/wp-content\/uploads\/2021\/09\/ti450-sf6-600-600.jpg","datePublished":"2021-09-23T23:04:04+00:00","dateModified":"2022-05-12T04:48:17+00:00","breadcrumb":{"@id":"https:\/\/techmasterdemexico.com\/producto\/detector-de-gas\/#breadcrumb"},"inLanguage":"en-US","potentialAction":[{"@type":"ReadAction","target":["https:\/\/techmasterdemexico.com\/producto\/detector-de-gas\/"]}]},{"@type":"ImageObject","inLanguage":"en-US","@id":"https:\/\/techmasterdemexico.com\/producto\/detector-de-gas\/#primaryimage","url":"https:\/\/techmasterdemexico.com\/wp-content\/uploads\/2021\/09\/ti450-sf6-600-600.jpg","contentUrl":"https:\/\/techmasterdemexico.com\/wp-content\/uploads\/2021\/09\/ti450-sf6-600-600.jpg","width":600,"height":600},{"@type":"BreadcrumbList","@id":"https:\/\/techmasterdemexico.com\/producto\/detector-de-gas\/#breadcrumb","itemListElement":[{"@type":"ListItem","position":1,"name":"Portada","item":"https:\/\/techmasterdemexico.com\/"},{"@type":"ListItem","position":2,"name":"Detector de gas"}]},{"@type":"WebSite","@id":"https:\/\/techmasterdemexico.com\/#website","url":"https:\/\/techmasterdemexico.com\/","name":"Techmaster de Mexico","description":"","potentialAction":[{"@type":"SearchAction","target":{"@type":"EntryPoint","urlTemplate":"https:\/\/techmasterdemexico.com\/?s={search_term_string}"},"query-input":{"@type":"PropertyValueSpecification","valueRequired":true,"valueName":"search_term_string"}}],"inLanguage":"en-US"}]}},"brands":[{"id":31,"name":"Fluke","slug":"fluke"}],"_links":{"self":[{"href":"https:\/\/techmasterdemexico.com\/en\/wp-json\/wp\/v2\/product\/9701","targetHints":{"allow":["GET"]}}],"collection":[{"href":"https:\/\/techmasterdemexico.com\/en\/wp-json\/wp\/v2\/product"}],"about":[{"href":"https:\/\/techmasterdemexico.com\/en\/wp-json\/wp\/v2\/types\/product"}],"wp:featuredmedia":[{"embeddable":true,"href":"https:\/\/techmasterdemexico.com\/en\/wp-json\/wp\/v2\/media\/9755"}],"wp:attachment":[{"href":"https:\/\/techmasterdemexico.com\/en\/wp-json\/wp\/v2\/media?parent=9701"}],"wp:term":[{"taxonomy":"pwb-brand","embeddable":true,"href":"https:\/\/techmasterdemexico.com\/en\/wp-json\/wp\/v2\/pwb-brand?post=9701"},{"taxonomy":"product_brand","embeddable":true,"href":"https:\/\/techmasterdemexico.com\/en\/wp-json\/wp\/v2\/product_brand?post=9701"},{"taxonomy":"product_cat","embeddable":true,"href":"https:\/\/techmasterdemexico.com\/en\/wp-json\/wp\/v2\/product_cat?post=9701"},{"taxonomy":"product_tag","embeddable":true,"href":"https:\/\/techmasterdemexico.com\/en\/wp-json\/wp\/v2\/product_tag?post=9701"}],"curies":[{"name":"wp","href":"https:\/\/api.w.org\/{rel}","templated":true}]}}