{"id":9700,"date":"2021-09-23T23:04:03","date_gmt":"2021-09-23T23:04:03","guid":{"rendered":"https:\/\/techmastermx.ddns.net\/producto\/ventana-para-mediciones-electricas-fluke-pq400\/"},"modified":"2022-05-12T04:48:18","modified_gmt":"2022-05-12T04:48:18","slug":"ventana-para-mediciones-electricas-fluke-pq400","status":"publish","type":"product","link":"https:\/\/techmasterdemexico.com\/en\/producto\/ventana-para-mediciones-electricas-fluke-pq400\/","title":{"rendered":"Ventana para mediciones el\u00e9ctricas Fluke PQ400"},"content":{"rendered":"<p>Ventana para medidas el\u00e9ctricas Fluke PQ400<\/p>\n<p>La ventana para medidas el\u00e9ctricas Fluke PQ400 permite la conexi\u00f3n de equipos de medici\u00f3n trif\u00e1sicos a paneles con tensi\u00f3n, sin necesidad de abrir la puerta del panel o utilizar un equipo de protecci\u00f3n individual (EPI)1 adicional.<\/p>\n<p>Rendimiento sin comprometer la calidad. Seguridad sin sacrificios.<\/p>\n<p>La ventana Fluke PQ400 le permite acceder a los datos cr\u00edticos que necesita sobre calidad el\u00e9ctrica y energ\u00eda, adem\u00e1s de reducir el tiempo de comprobaci\u00f3n y de mantenerle seguro.<\/p>\n<ul>\n<li>Reduce el riesgo de descargas de arco el\u00e9ctrico y electrocuciones, a la vez que aumenta la seguridad de sus trabajadores.<\/li>\n<li>Reduce los costes de mantenimiento y los tiempos de inactividad mediante la realizaci\u00f3n de mediciones cr\u00edticas de la energ\u00eda y la calidad el\u00e9ctrica sin necesidad de abrir la puerta del panel, lo que permite el registro y control en cualquier momento sin interrumpir el funcionamiento.<\/li>\n<li>Reduce los requisitos de permiso de trabajo y los procesos al reducir los riesgos asociados a la realizaci\u00f3n de mediciones en paneles abiertos, lo que supone un ahorro de tiempo y esfuerzo.<\/li>\n<li>Aumenta la eficiencia de las mediciones y reduce la necesidad de un EPI1 para descargas de arco el\u00e9ctrico, lo que ahorra tiempo y aumenta la eficiencia y la comodidad del operario.<\/li>\n<\/ul>\n<p>Funciones<\/p>\n<ul>\n<li>Los sensores de tensi\u00f3n y corriente de conexi\u00f3n permanente ubicados dentro del panel el\u00e9ctrico permiten realizar mediciones de la energ\u00eda y la calidad el\u00e9ctrica mediante puntos de acceso externos sin necesidad de abrir la puerta del panel, lo que reduce el riesgo para el operario.<\/li>\n<li>Las conexiones de tensi\u00f3n y corriente para tensiones trif\u00e1sicas, neutro y tierra sirven para la mayor\u00eda de las mediciones.<\/li>\n<li>La detecci\u00f3n autom\u00e1tica de sondas para los registradores de energ\u00eda y calidad el\u00e9ctrica y las pinzas compatibles con las series 1740 y 1730 de Fluke, eliminan la necesidad de abrir el armario para comprobar el modelo de pinza.<\/li>\n<li>La rotaci\u00f3n completa de 360 grados permite orientar la ventana PQ400 en cualquier direcci\u00f3n.<\/li>\n<li>Instalaci\u00f3n sencilla utilizando una broca escalonada y una perforadora electrohidr\u00e1ulica (114,3 mm\/4,5 pulg. de di\u00e1metro).<\/li>\n<li>Categor\u00edas CAT IV 600 V y CAT III 1000 V conforme a IEC61010-2-30.<\/li>\n<li>La compatibilidad con los cables de prueba de tensi\u00f3n con toma de seguridad y aislamiento est\u00e1ndar de 4 mm facilitan las conexiones de tensi\u00f3n, aumentan la seguridad reduciendo el riesgo de contacto accidental con componentes el\u00e9ctricos activos y reducen la necesidad de adquirir cables de tensi\u00f3n especializados.<\/li>\n<\/ul>\n<p>C\u00f3mo funciona<\/p>\n<p>La ventana para medidas el\u00e9ctricas Fluke PQ400 es una interfaz de instalaci\u00f3n permanente que ofrece a los t\u00e9cnicos acceso casi instant\u00e1neo a los paneles el\u00e9ctricos para realizar mediciones cr\u00edticas de la energ\u00eda y la calidad el\u00e9ctrica. La PQ400 se instala utilizando una broca escalonada est\u00e1ndar y una perforadora electrohidr\u00e1ulica (di\u00e1metro de orificio de 114,3 mm\/4,5 pulg.), y permite a los usuarios realizar conexiones a tierra, de corriente y de tensi\u00f3n trif\u00e1sicas que cubren la mayor\u00eda de las configuraciones de medici\u00f3n. Una vez instalada, los usuarios pueden desbloquear la cubierta de la ventana, levantar la tapa y conectar los cables de tensi\u00f3n del registrador o analizador de una forma muy sencilla. A continuaci\u00f3n, hay que conectar los cables de los sensores de corriente y comenzar a realizar las mediciones cr\u00edticas. Una vez realizadas, solo hay que quitar las conexiones de tensi\u00f3n y corriente de la interfaz del panel frontal y cerrar la tapa de la ventana, sin quitar las conexiones internas para utilizarlas en el futuro.<\/p>\n","protected":false},"excerpt":{"rendered":"<ul>\n<li>Reduzca el riesgo. Se puede acceder a las conexiones de tensi\u00f3n y corriente de instalaci\u00f3n permanente sin abrir la puerta del panel<\/li>\n<li>Mayor eficiencia. Conecte r\u00e1pidamente su registrador o analizador y comience a efectuar mediciones m\u00e1s r\u00e1pido que nunca<\/li>\n<li>Instalaci\u00f3n m\u00e1s f\u00e1cil. Una broca escalonada est\u00e1ndar y una perforadora electrohidr\u00e1ulica permiten montar la ventana en el panel r\u00e1pidamente y de manera sencilla<\/li>\n<\/ul>\n","protected":false},"featured_media":9762,"template":"","meta":{"_acf_changed":false},"pwb-brand":[31],"product_brand":[],"product_cat":[366,132,30,191],"product_tag":[],"class_list":{"0":"post-9700","1":"product","2":"type-product","3":"status-publish","4":"has-post-thumbnail","6":"pwb-brand-fluke","7":"product_cat-todos-los-productos","8":"product_cat-calidad-electrica","9":"product_cat-fluke","10":"product_cat-registradores-de-potencia-y-energia","12":"first","13":"instock","14":"taxable","15":"shipping-taxable","16":"product-type-simple"},"acf":[],"yoast_head":"<!-- This site is optimized with the Yoast SEO plugin v27.4 - https:\/\/yoast.com\/product\/yoast-seo-wordpress\/ -->\n<title>Ventana para mediciones el\u00e9ctricas Fluke PQ400 - Techmaster de Mexico<\/title>\n<meta name=\"robots\" content=\"index, follow, max-snippet:-1, max-image-preview:large, max-video-preview:-1\" \/>\n<link rel=\"canonical\" href=\"https:\/\/techmasterdemexico.com\/producto\/ventana-para-mediciones-electricas-fluke-pq400\/\" \/>\n<meta property=\"og:locale\" content=\"en_US\" \/>\n<meta property=\"og:type\" content=\"article\" \/>\n<meta property=\"og:title\" content=\"Ventana para mediciones el\u00e9ctricas Fluke PQ400 - Techmaster de Mexico\" \/>\n<meta property=\"og:description\" content=\"Reduzca el riesgo. Se puede acceder a las conexiones de tensi\u00f3n y corriente de instalaci\u00f3n permanente sin abrir la puerta del panel   Mayor eficiencia. Conecte r\u00e1pidamente su registrador o analizador y comience a efectuar mediciones m\u00e1s r\u00e1pido que nunca   Instalaci\u00f3n m\u00e1s f\u00e1cil. Una broca escalonada est\u00e1ndar y una perforadora electrohidr\u00e1ulica permiten montar la ventana en el panel r\u00e1pidamente y de manera sencilla\" \/>\n<meta property=\"og:url\" content=\"https:\/\/techmasterdemexico.com\/producto\/ventana-para-mediciones-electricas-fluke-pq400\/\" \/>\n<meta property=\"og:site_name\" content=\"Techmaster de Mexico\" \/>\n<meta property=\"article:modified_time\" content=\"2022-05-12T04:48:18+00:00\" \/>\n<meta property=\"og:image\" content=\"https:\/\/techmasterdemexico.com\/wp-content\/uploads\/2021\/09\/Untitled-5.png\" \/>\n\t<meta property=\"og:image:width\" content=\"600\" \/>\n\t<meta property=\"og:image:height\" content=\"600\" \/>\n\t<meta property=\"og:image:type\" content=\"image\/png\" \/>\n<meta name=\"twitter:card\" content=\"summary_large_image\" \/>\n<meta name=\"twitter:label1\" content=\"Est. reading time\" \/>\n\t<meta name=\"twitter:data1\" content=\"3 minutes\" \/>\n<script type=\"application\/ld+json\" class=\"yoast-schema-graph\">{\"@context\":\"https:\\\/\\\/schema.org\",\"@graph\":[{\"@type\":\"WebPage\",\"@id\":\"https:\\\/\\\/techmasterdemexico.com\\\/producto\\\/ventana-para-mediciones-electricas-fluke-pq400\\\/\",\"url\":\"https:\\\/\\\/techmasterdemexico.com\\\/producto\\\/ventana-para-mediciones-electricas-fluke-pq400\\\/\",\"name\":\"Ventana para mediciones el\u00e9ctricas Fluke PQ400 - Techmaster de Mexico\",\"isPartOf\":{\"@id\":\"https:\\\/\\\/techmasterdemexico.com\\\/#website\"},\"primaryImageOfPage\":{\"@id\":\"https:\\\/\\\/techmasterdemexico.com\\\/producto\\\/ventana-para-mediciones-electricas-fluke-pq400\\\/#primaryimage\"},\"image\":{\"@id\":\"https:\\\/\\\/techmasterdemexico.com\\\/producto\\\/ventana-para-mediciones-electricas-fluke-pq400\\\/#primaryimage\"},\"thumbnailUrl\":\"https:\\\/\\\/techmasterdemexico.com\\\/wp-content\\\/uploads\\\/2021\\\/09\\\/Untitled-5.png\",\"datePublished\":\"2021-09-23T23:04:03+00:00\",\"dateModified\":\"2022-05-12T04:48:18+00:00\",\"breadcrumb\":{\"@id\":\"https:\\\/\\\/techmasterdemexico.com\\\/producto\\\/ventana-para-mediciones-electricas-fluke-pq400\\\/#breadcrumb\"},\"inLanguage\":\"en-US\",\"potentialAction\":[{\"@type\":\"ReadAction\",\"target\":[\"https:\\\/\\\/techmasterdemexico.com\\\/producto\\\/ventana-para-mediciones-electricas-fluke-pq400\\\/\"]}]},{\"@type\":\"ImageObject\",\"inLanguage\":\"en-US\",\"@id\":\"https:\\\/\\\/techmasterdemexico.com\\\/producto\\\/ventana-para-mediciones-electricas-fluke-pq400\\\/#primaryimage\",\"url\":\"https:\\\/\\\/techmasterdemexico.com\\\/wp-content\\\/uploads\\\/2021\\\/09\\\/Untitled-5.png\",\"contentUrl\":\"https:\\\/\\\/techmasterdemexico.com\\\/wp-content\\\/uploads\\\/2021\\\/09\\\/Untitled-5.png\",\"width\":600,\"height\":600},{\"@type\":\"BreadcrumbList\",\"@id\":\"https:\\\/\\\/techmasterdemexico.com\\\/producto\\\/ventana-para-mediciones-electricas-fluke-pq400\\\/#breadcrumb\",\"itemListElement\":[{\"@type\":\"ListItem\",\"position\":1,\"name\":\"Portada\",\"item\":\"https:\\\/\\\/techmasterdemexico.com\\\/\"},{\"@type\":\"ListItem\",\"position\":2,\"name\":\"Ventana para mediciones el\u00e9ctricas Fluke PQ400\"}]},{\"@type\":\"WebSite\",\"@id\":\"https:\\\/\\\/techmasterdemexico.com\\\/#website\",\"url\":\"https:\\\/\\\/techmasterdemexico.com\\\/\",\"name\":\"Techmaster de Mexico\",\"description\":\"\",\"potentialAction\":[{\"@type\":\"SearchAction\",\"target\":{\"@type\":\"EntryPoint\",\"urlTemplate\":\"https:\\\/\\\/techmasterdemexico.com\\\/?s={search_term_string}\"},\"query-input\":{\"@type\":\"PropertyValueSpecification\",\"valueRequired\":true,\"valueName\":\"search_term_string\"}}],\"inLanguage\":\"en-US\"}]}<\/script>\n<!-- \/ Yoast SEO plugin. -->","yoast_head_json":{"title":"Ventana para mediciones el\u00e9ctricas Fluke PQ400 - Techmaster de Mexico","robots":{"index":"index","follow":"follow","max-snippet":"max-snippet:-1","max-image-preview":"max-image-preview:large","max-video-preview":"max-video-preview:-1"},"canonical":"https:\/\/techmasterdemexico.com\/producto\/ventana-para-mediciones-electricas-fluke-pq400\/","og_locale":"en_US","og_type":"article","og_title":"Ventana para mediciones el\u00e9ctricas Fluke PQ400 - Techmaster de Mexico","og_description":"Reduzca el riesgo. Se puede acceder a las conexiones de tensi\u00f3n y corriente de instalaci\u00f3n permanente sin abrir la puerta del panel   Mayor eficiencia. Conecte r\u00e1pidamente su registrador o analizador y comience a efectuar mediciones m\u00e1s r\u00e1pido que nunca   Instalaci\u00f3n m\u00e1s f\u00e1cil. Una broca escalonada est\u00e1ndar y una perforadora electrohidr\u00e1ulica permiten montar la ventana en el panel r\u00e1pidamente y de manera sencilla","og_url":"https:\/\/techmasterdemexico.com\/producto\/ventana-para-mediciones-electricas-fluke-pq400\/","og_site_name":"Techmaster de Mexico","article_modified_time":"2022-05-12T04:48:18+00:00","og_image":[{"width":600,"height":600,"url":"https:\/\/techmasterdemexico.com\/wp-content\/uploads\/2021\/09\/Untitled-5.png","type":"image\/png"}],"twitter_card":"summary_large_image","twitter_misc":{"Est. reading time":"3 minutes"},"schema":{"@context":"https:\/\/schema.org","@graph":[{"@type":"WebPage","@id":"https:\/\/techmasterdemexico.com\/producto\/ventana-para-mediciones-electricas-fluke-pq400\/","url":"https:\/\/techmasterdemexico.com\/producto\/ventana-para-mediciones-electricas-fluke-pq400\/","name":"Ventana para mediciones el\u00e9ctricas Fluke PQ400 - Techmaster de Mexico","isPartOf":{"@id":"https:\/\/techmasterdemexico.com\/#website"},"primaryImageOfPage":{"@id":"https:\/\/techmasterdemexico.com\/producto\/ventana-para-mediciones-electricas-fluke-pq400\/#primaryimage"},"image":{"@id":"https:\/\/techmasterdemexico.com\/producto\/ventana-para-mediciones-electricas-fluke-pq400\/#primaryimage"},"thumbnailUrl":"https:\/\/techmasterdemexico.com\/wp-content\/uploads\/2021\/09\/Untitled-5.png","datePublished":"2021-09-23T23:04:03+00:00","dateModified":"2022-05-12T04:48:18+00:00","breadcrumb":{"@id":"https:\/\/techmasterdemexico.com\/producto\/ventana-para-mediciones-electricas-fluke-pq400\/#breadcrumb"},"inLanguage":"en-US","potentialAction":[{"@type":"ReadAction","target":["https:\/\/techmasterdemexico.com\/producto\/ventana-para-mediciones-electricas-fluke-pq400\/"]}]},{"@type":"ImageObject","inLanguage":"en-US","@id":"https:\/\/techmasterdemexico.com\/producto\/ventana-para-mediciones-electricas-fluke-pq400\/#primaryimage","url":"https:\/\/techmasterdemexico.com\/wp-content\/uploads\/2021\/09\/Untitled-5.png","contentUrl":"https:\/\/techmasterdemexico.com\/wp-content\/uploads\/2021\/09\/Untitled-5.png","width":600,"height":600},{"@type":"BreadcrumbList","@id":"https:\/\/techmasterdemexico.com\/producto\/ventana-para-mediciones-electricas-fluke-pq400\/#breadcrumb","itemListElement":[{"@type":"ListItem","position":1,"name":"Portada","item":"https:\/\/techmasterdemexico.com\/"},{"@type":"ListItem","position":2,"name":"Ventana para mediciones el\u00e9ctricas Fluke PQ400"}]},{"@type":"WebSite","@id":"https:\/\/techmasterdemexico.com\/#website","url":"https:\/\/techmasterdemexico.com\/","name":"Techmaster de Mexico","description":"","potentialAction":[{"@type":"SearchAction","target":{"@type":"EntryPoint","urlTemplate":"https:\/\/techmasterdemexico.com\/?s={search_term_string}"},"query-input":{"@type":"PropertyValueSpecification","valueRequired":true,"valueName":"search_term_string"}}],"inLanguage":"en-US"}]}},"brands":[{"id":31,"name":"Fluke","slug":"fluke"}],"_links":{"self":[{"href":"https:\/\/techmasterdemexico.com\/en\/wp-json\/wp\/v2\/product\/9700","targetHints":{"allow":["GET"]}}],"collection":[{"href":"https:\/\/techmasterdemexico.com\/en\/wp-json\/wp\/v2\/product"}],"about":[{"href":"https:\/\/techmasterdemexico.com\/en\/wp-json\/wp\/v2\/types\/product"}],"wp:featuredmedia":[{"embeddable":true,"href":"https:\/\/techmasterdemexico.com\/en\/wp-json\/wp\/v2\/media\/9762"}],"wp:attachment":[{"href":"https:\/\/techmasterdemexico.com\/en\/wp-json\/wp\/v2\/media?parent=9700"}],"wp:term":[{"taxonomy":"pwb-brand","embeddable":true,"href":"https:\/\/techmasterdemexico.com\/en\/wp-json\/wp\/v2\/pwb-brand?post=9700"},{"taxonomy":"product_brand","embeddable":true,"href":"https:\/\/techmasterdemexico.com\/en\/wp-json\/wp\/v2\/product_brand?post=9700"},{"taxonomy":"product_cat","embeddable":true,"href":"https:\/\/techmasterdemexico.com\/en\/wp-json\/wp\/v2\/product_cat?post=9700"},{"taxonomy":"product_tag","embeddable":true,"href":"https:\/\/techmasterdemexico.com\/en\/wp-json\/wp\/v2\/product_tag?post=9700"}],"curies":[{"name":"wp","href":"https:\/\/api.w.org\/{rel}","templated":true}]}}