{"id":9699,"date":"2021-09-23T23:04:03","date_gmt":"2021-09-23T23:04:03","guid":{"rendered":"https:\/\/techmastermx.ddns.net\/producto\/registrador-trifasico-de-calidad-electrica-fluke-1735\/"},"modified":"2022-05-12T04:48:18","modified_gmt":"2022-05-12T04:48:18","slug":"registrador-trifasico-de-calidad-electrica-fluke-1735","status":"publish","type":"product","link":"https:\/\/techmasterdemexico.com\/en\/producto\/registrador-trifasico-de-calidad-electrica-fluke-1735\/","title":{"rendered":"Registrador trif\u00e1sico de calidad el\u00e9ctrica Fluke 1735"},"content":{"rendered":"<p>Registrador trif\u00e1sico de calidad el\u00e9ctrica Fluke 1735<\/p>\n<p>Registros de calidad el\u00e9ctrica, estudios de carga el\u00e9ctrica y comprobaciones del consumo de energ\u00eda simplificados<\/p>\n<p>El registrador trif\u00e1sico de datos el\u00e9ctricos Fluke 1735 es la herramienta de an\u00e1lisis de energ\u00eda y calidad el\u00e9ctrica m\u00e1s vers\u00e1til y polivalente del mercado por su precio y es ideal para realizar estudios de energ\u00eda y registros b\u00e1sicos de la calidad de la energ\u00eda. Configure el registrador en segundos gracias a su pantalla en color y a sus sondas de corriente flexibles. Adem\u00e1s, el analizador de calidad el\u00e9ctrica es capaz de medir la inmensa mayor\u00eda de los par\u00e1metros de energ\u00eda el\u00e9ctrica y arm\u00f3nicos, y de capturar eventos de voltaje.<\/p>\n<p>Aplicaciones m\u00e1s comunes:<\/p>\n<ul>\n<li>Estudios de carga: verifique la capacidad del sistema el\u00e9ctrico antes de agregar cargas<\/li>\n<li>Evaluaciones de energ\u00eda: calcule el consumo antes y despu\u00e9s de las mejoras para justificar los dispositivos de ahorro de energ\u00eda.<\/li>\n<li>Medidas de los arm\u00f3nicos: identifique problemas causados por arm\u00f3nicos que puedan da\u00f1ar o afectar a equipos cr\u00edticos.<\/li>\n<li>Captura de eventos de voltaje: supervise las fluctuaciones que provocan falsos reinicios o disparos inesperados del interruptor autom\u00e1tico<\/li>\n<\/ul>\n","protected":false},"excerpt":{"rendered":"<ul>\n<li>Registre la potencia y los par\u00e1metros asociados de hasta 45 d\u00edas<\/li>\n<li>Monitorice la demanda de potencia m\u00e1xima en periodos promedio definidos por el usuario<\/li>\n<li>Confirme las ventajas de las mejoras de eficacia con las pruebas de consumo de energ\u00eda<\/li>\n<li>Mida la distorsi\u00f3n de los arm\u00f3nicos causada por las cargas de los equipos electr\u00f3nicos<\/li>\n<li>Mejore la confiabilidad capturando las ca\u00eddas y aumentos de voltaje de los cambios de carga<\/li>\n<li>Confirme f\u00e1cilmente la configuraci\u00f3n del instrumento con la pantalla a color de formas de onda y tendencias<\/li>\n<li>Mida las tres fases y el neutro con las cuatro sondas flexibles que se incluyen<\/li>\n<li>Vea gr\u00e1ficos y genere informes con el software de Power Log que se incluye<\/li>\n<li>Dise\u00f1o robusto y compacto, con estuche IP65, categor\u00eda CAT III 600 V y garant\u00eda de dos a\u00f1os<\/li>\n<\/ul>\n","protected":false},"featured_media":9759,"template":"","meta":{"_acf_changed":false},"pwb-brand":[31],"product_brand":[],"product_cat":[366,132,30,191],"product_tag":[],"class_list":{"0":"post-9699","1":"product","2":"type-product","3":"status-publish","4":"has-post-thumbnail","6":"pwb-brand-fluke","7":"product_cat-todos-los-productos","8":"product_cat-calidad-electrica","9":"product_cat-fluke","10":"product_cat-registradores-de-potencia-y-energia","12":"first","13":"instock","14":"taxable","15":"shipping-taxable","16":"product-type-simple"},"acf":[],"yoast_head":"<!-- This site is optimized with the Yoast SEO plugin v27.4 - https:\/\/yoast.com\/product\/yoast-seo-wordpress\/ -->\n<title>Registrador trif\u00e1sico de calidad el\u00e9ctrica Fluke 1735 - Techmaster de Mexico<\/title>\n<meta name=\"robots\" content=\"index, follow, max-snippet:-1, max-image-preview:large, max-video-preview:-1\" \/>\n<link rel=\"canonical\" href=\"https:\/\/techmasterdemexico.com\/producto\/registrador-trifasico-de-calidad-electrica-fluke-1735\/\" \/>\n<meta property=\"og:locale\" content=\"en_US\" \/>\n<meta property=\"og:type\" content=\"article\" \/>\n<meta property=\"og:title\" content=\"Registrador trif\u00e1sico de calidad el\u00e9ctrica Fluke 1735 - Techmaster de Mexico\" \/>\n<meta property=\"og:description\" content=\"Registre la potencia y los par\u00e1metros asociados de hasta 45 d\u00edas   Monitorice la demanda de potencia m\u00e1xima en periodos promedio definidos por el usuario   Confirme las ventajas de las mejoras de eficacia con las pruebas de consumo de energ\u00eda   Mida la distorsi\u00f3n de los arm\u00f3nicos causada por las cargas de los equipos electr\u00f3nicos   Mejore la confiabilidad capturando las ca\u00eddas y aumentos de voltaje de los cambios de carga   Confirme f\u00e1cilmente la configuraci\u00f3n del instrumento con la pantalla a color de formas de onda y tendencias   Mida las tres fases y el neutro con las cuatro sondas flexibles que se incluyen   Vea gr\u00e1ficos y genere informes con el software de Power Log que se incluye   Dise\u00f1o robusto y compacto, con estuche IP65, categor\u00eda CAT III 600 V y garant\u00eda de dos a\u00f1os\" \/>\n<meta property=\"og:url\" content=\"https:\/\/techmasterdemexico.com\/producto\/registrador-trifasico-de-calidad-electrica-fluke-1735\/\" \/>\n<meta property=\"og:site_name\" content=\"Techmaster de Mexico\" \/>\n<meta property=\"article:modified_time\" content=\"2022-05-12T04:48:18+00:00\" \/>\n<meta property=\"og:image\" content=\"https:\/\/techmasterdemexico.com\/wp-content\/uploads\/2021\/09\/Untitled-3.png\" \/>\n\t<meta property=\"og:image:width\" content=\"600\" \/>\n\t<meta property=\"og:image:height\" content=\"600\" \/>\n\t<meta property=\"og:image:type\" content=\"image\/png\" \/>\n<meta name=\"twitter:card\" content=\"summary_large_image\" \/>\n<meta name=\"twitter:label1\" content=\"Est. reading time\" \/>\n\t<meta name=\"twitter:data1\" content=\"1 minute\" \/>\n<script type=\"application\/ld+json\" class=\"yoast-schema-graph\">{\"@context\":\"https:\\\/\\\/schema.org\",\"@graph\":[{\"@type\":\"WebPage\",\"@id\":\"https:\\\/\\\/techmasterdemexico.com\\\/producto\\\/registrador-trifasico-de-calidad-electrica-fluke-1735\\\/\",\"url\":\"https:\\\/\\\/techmasterdemexico.com\\\/producto\\\/registrador-trifasico-de-calidad-electrica-fluke-1735\\\/\",\"name\":\"Registrador trif\u00e1sico de calidad el\u00e9ctrica Fluke 1735 - Techmaster de Mexico\",\"isPartOf\":{\"@id\":\"https:\\\/\\\/techmasterdemexico.com\\\/#website\"},\"primaryImageOfPage\":{\"@id\":\"https:\\\/\\\/techmasterdemexico.com\\\/producto\\\/registrador-trifasico-de-calidad-electrica-fluke-1735\\\/#primaryimage\"},\"image\":{\"@id\":\"https:\\\/\\\/techmasterdemexico.com\\\/producto\\\/registrador-trifasico-de-calidad-electrica-fluke-1735\\\/#primaryimage\"},\"thumbnailUrl\":\"https:\\\/\\\/techmasterdemexico.com\\\/wp-content\\\/uploads\\\/2021\\\/09\\\/Untitled-3.png\",\"datePublished\":\"2021-09-23T23:04:03+00:00\",\"dateModified\":\"2022-05-12T04:48:18+00:00\",\"breadcrumb\":{\"@id\":\"https:\\\/\\\/techmasterdemexico.com\\\/producto\\\/registrador-trifasico-de-calidad-electrica-fluke-1735\\\/#breadcrumb\"},\"inLanguage\":\"en-US\",\"potentialAction\":[{\"@type\":\"ReadAction\",\"target\":[\"https:\\\/\\\/techmasterdemexico.com\\\/producto\\\/registrador-trifasico-de-calidad-electrica-fluke-1735\\\/\"]}]},{\"@type\":\"ImageObject\",\"inLanguage\":\"en-US\",\"@id\":\"https:\\\/\\\/techmasterdemexico.com\\\/producto\\\/registrador-trifasico-de-calidad-electrica-fluke-1735\\\/#primaryimage\",\"url\":\"https:\\\/\\\/techmasterdemexico.com\\\/wp-content\\\/uploads\\\/2021\\\/09\\\/Untitled-3.png\",\"contentUrl\":\"https:\\\/\\\/techmasterdemexico.com\\\/wp-content\\\/uploads\\\/2021\\\/09\\\/Untitled-3.png\",\"width\":600,\"height\":600},{\"@type\":\"BreadcrumbList\",\"@id\":\"https:\\\/\\\/techmasterdemexico.com\\\/producto\\\/registrador-trifasico-de-calidad-electrica-fluke-1735\\\/#breadcrumb\",\"itemListElement\":[{\"@type\":\"ListItem\",\"position\":1,\"name\":\"Portada\",\"item\":\"https:\\\/\\\/techmasterdemexico.com\\\/\"},{\"@type\":\"ListItem\",\"position\":2,\"name\":\"Registrador trif\u00e1sico de calidad el\u00e9ctrica Fluke 1735\"}]},{\"@type\":\"WebSite\",\"@id\":\"https:\\\/\\\/techmasterdemexico.com\\\/#website\",\"url\":\"https:\\\/\\\/techmasterdemexico.com\\\/\",\"name\":\"Techmaster de Mexico\",\"description\":\"\",\"potentialAction\":[{\"@type\":\"SearchAction\",\"target\":{\"@type\":\"EntryPoint\",\"urlTemplate\":\"https:\\\/\\\/techmasterdemexico.com\\\/?s={search_term_string}\"},\"query-input\":{\"@type\":\"PropertyValueSpecification\",\"valueRequired\":true,\"valueName\":\"search_term_string\"}}],\"inLanguage\":\"en-US\"}]}<\/script>\n<!-- \/ Yoast SEO plugin. -->","yoast_head_json":{"title":"Registrador trif\u00e1sico de calidad el\u00e9ctrica Fluke 1735 - Techmaster de Mexico","robots":{"index":"index","follow":"follow","max-snippet":"max-snippet:-1","max-image-preview":"max-image-preview:large","max-video-preview":"max-video-preview:-1"},"canonical":"https:\/\/techmasterdemexico.com\/producto\/registrador-trifasico-de-calidad-electrica-fluke-1735\/","og_locale":"en_US","og_type":"article","og_title":"Registrador trif\u00e1sico de calidad el\u00e9ctrica Fluke 1735 - Techmaster de Mexico","og_description":"Registre la potencia y los par\u00e1metros asociados de hasta 45 d\u00edas   Monitorice la demanda de potencia m\u00e1xima en periodos promedio definidos por el usuario   Confirme las ventajas de las mejoras de eficacia con las pruebas de consumo de energ\u00eda   Mida la distorsi\u00f3n de los arm\u00f3nicos causada por las cargas de los equipos electr\u00f3nicos   Mejore la confiabilidad capturando las ca\u00eddas y aumentos de voltaje de los cambios de carga   Confirme f\u00e1cilmente la configuraci\u00f3n del instrumento con la pantalla a color de formas de onda y tendencias   Mida las tres fases y el neutro con las cuatro sondas flexibles que se incluyen   Vea gr\u00e1ficos y genere informes con el software de Power Log que se incluye   Dise\u00f1o robusto y compacto, con estuche IP65, categor\u00eda CAT III 600 V y garant\u00eda de dos a\u00f1os","og_url":"https:\/\/techmasterdemexico.com\/producto\/registrador-trifasico-de-calidad-electrica-fluke-1735\/","og_site_name":"Techmaster de Mexico","article_modified_time":"2022-05-12T04:48:18+00:00","og_image":[{"width":600,"height":600,"url":"https:\/\/techmasterdemexico.com\/wp-content\/uploads\/2021\/09\/Untitled-3.png","type":"image\/png"}],"twitter_card":"summary_large_image","twitter_misc":{"Est. reading time":"1 minute"},"schema":{"@context":"https:\/\/schema.org","@graph":[{"@type":"WebPage","@id":"https:\/\/techmasterdemexico.com\/producto\/registrador-trifasico-de-calidad-electrica-fluke-1735\/","url":"https:\/\/techmasterdemexico.com\/producto\/registrador-trifasico-de-calidad-electrica-fluke-1735\/","name":"Registrador trif\u00e1sico de calidad el\u00e9ctrica Fluke 1735 - Techmaster de Mexico","isPartOf":{"@id":"https:\/\/techmasterdemexico.com\/#website"},"primaryImageOfPage":{"@id":"https:\/\/techmasterdemexico.com\/producto\/registrador-trifasico-de-calidad-electrica-fluke-1735\/#primaryimage"},"image":{"@id":"https:\/\/techmasterdemexico.com\/producto\/registrador-trifasico-de-calidad-electrica-fluke-1735\/#primaryimage"},"thumbnailUrl":"https:\/\/techmasterdemexico.com\/wp-content\/uploads\/2021\/09\/Untitled-3.png","datePublished":"2021-09-23T23:04:03+00:00","dateModified":"2022-05-12T04:48:18+00:00","breadcrumb":{"@id":"https:\/\/techmasterdemexico.com\/producto\/registrador-trifasico-de-calidad-electrica-fluke-1735\/#breadcrumb"},"inLanguage":"en-US","potentialAction":[{"@type":"ReadAction","target":["https:\/\/techmasterdemexico.com\/producto\/registrador-trifasico-de-calidad-electrica-fluke-1735\/"]}]},{"@type":"ImageObject","inLanguage":"en-US","@id":"https:\/\/techmasterdemexico.com\/producto\/registrador-trifasico-de-calidad-electrica-fluke-1735\/#primaryimage","url":"https:\/\/techmasterdemexico.com\/wp-content\/uploads\/2021\/09\/Untitled-3.png","contentUrl":"https:\/\/techmasterdemexico.com\/wp-content\/uploads\/2021\/09\/Untitled-3.png","width":600,"height":600},{"@type":"BreadcrumbList","@id":"https:\/\/techmasterdemexico.com\/producto\/registrador-trifasico-de-calidad-electrica-fluke-1735\/#breadcrumb","itemListElement":[{"@type":"ListItem","position":1,"name":"Portada","item":"https:\/\/techmasterdemexico.com\/"},{"@type":"ListItem","position":2,"name":"Registrador trif\u00e1sico de calidad el\u00e9ctrica Fluke 1735"}]},{"@type":"WebSite","@id":"https:\/\/techmasterdemexico.com\/#website","url":"https:\/\/techmasterdemexico.com\/","name":"Techmaster de Mexico","description":"","potentialAction":[{"@type":"SearchAction","target":{"@type":"EntryPoint","urlTemplate":"https:\/\/techmasterdemexico.com\/?s={search_term_string}"},"query-input":{"@type":"PropertyValueSpecification","valueRequired":true,"valueName":"search_term_string"}}],"inLanguage":"en-US"}]}},"brands":[{"id":31,"name":"Fluke","slug":"fluke"}],"_links":{"self":[{"href":"https:\/\/techmasterdemexico.com\/en\/wp-json\/wp\/v2\/product\/9699","targetHints":{"allow":["GET"]}}],"collection":[{"href":"https:\/\/techmasterdemexico.com\/en\/wp-json\/wp\/v2\/product"}],"about":[{"href":"https:\/\/techmasterdemexico.com\/en\/wp-json\/wp\/v2\/types\/product"}],"wp:featuredmedia":[{"embeddable":true,"href":"https:\/\/techmasterdemexico.com\/en\/wp-json\/wp\/v2\/media\/9759"}],"wp:attachment":[{"href":"https:\/\/techmasterdemexico.com\/en\/wp-json\/wp\/v2\/media?parent=9699"}],"wp:term":[{"taxonomy":"pwb-brand","embeddable":true,"href":"https:\/\/techmasterdemexico.com\/en\/wp-json\/wp\/v2\/pwb-brand?post=9699"},{"taxonomy":"product_brand","embeddable":true,"href":"https:\/\/techmasterdemexico.com\/en\/wp-json\/wp\/v2\/product_brand?post=9699"},{"taxonomy":"product_cat","embeddable":true,"href":"https:\/\/techmasterdemexico.com\/en\/wp-json\/wp\/v2\/product_cat?post=9699"},{"taxonomy":"product_tag","embeddable":true,"href":"https:\/\/techmasterdemexico.com\/en\/wp-json\/wp\/v2\/product_tag?post=9699"}],"curies":[{"name":"wp","href":"https:\/\/api.w.org\/{rel}","templated":true}]}}