{"id":9695,"date":"2021-09-23T23:04:00","date_gmt":"2021-09-23T23:04:00","guid":{"rendered":"https:\/\/techmastermx.ddns.net\/producto\/analizadores-de-calidad-electrica-de-alta-precision-norma-de-fluke-norma-4000\/"},"modified":"2022-05-12T04:48:20","modified_gmt":"2022-05-12T04:48:20","slug":"analizadores-de-calidad-electrica-de-alta-precision-norma-de-fluke-norma-4000","status":"publish","type":"product","link":"https:\/\/techmasterdemexico.com\/en\/producto\/analizadores-de-calidad-electrica-de-alta-precision-norma-de-fluke-norma-4000\/","title":{"rendered":"Analizadores de calidad el\u00e9ctrica de alta precisi\u00f3n Norma de Fluke Norma 4000"},"content":{"rendered":"<p>Analizadores de calidad el\u00e9ctrica de alta precisi\u00f3n Norma de Fluke Norma 4000<\/p>\n<p>Fiabilidad y medidas de alta precisi\u00f3n para la comprobaci\u00f3n y desarrollo de sistemas electr\u00f3nicos de potencia<\/p>\n<p>El analizador compacto de calidad el\u00e9ctrica Fluke Norma 4000 proporciona la \u00faltima tecnolog\u00eda de medici\u00f3n para ayudar a los ingenieros a desarrollar y probar motores, inversores, iluminaci\u00f3n, fuentes de alimentaci\u00f3n, transformadores y componentes de automoci\u00f3n.<\/p>\n<p>Los instrumentos, basados en una arquitectura patentada de alto ancho de banda, permiten realizar medidas de alta precisi\u00f3n de voltaje y corriente monof\u00e1sica y trif\u00e1sica, an\u00e1lisis de arm\u00f3nicos, an\u00e1lisis de la transformada r\u00e1pida de Fourier (FFT), as\u00ed como c\u00e1lculos de potencia y otros valores derivados.<\/p>\n<p>El dispositivo Fluke Norma 4000 es un analizador de potencia trif\u00e1sico robusto de gran precisi\u00f3n que ofrece una incomparable relaci\u00f3n calidad-precio y est\u00e1 dise\u00f1ado para un uso sencillo y fiable tanto en aplicaciones de trabajo en campo como en laboratorios y bancos de pruebas.<\/p>\n<p>Aplicaciones<\/p>\n<ul>\n<li>Motores el\u00e9ctricos, variadores de velocidad e inversores: gracias a las funciones de c\u00e1lculo din\u00e1mico de par y de an\u00e1lisis detallado del espectro, las p\u00e9rdidas de conmutaci\u00f3n provocadas por el inversor se miden de forma precisa y se realiza una evaluaci\u00f3n detallada de los transitorios de par y de los arm\u00f3nicos a frecuencias m\u00e1s altas.<\/li>\n<li>Variadores de velocidad e inversores: la medida simult\u00e1nea de los par\u00e1metros de potencia el\u00e9ctrica y mec\u00e1nica en la misma ventana de tiempo permite a los usuarios observar la influencia de un componente sobre el otro o sobre el sistema completo.<\/li>\n<li>Sistemas de iluminaci\u00f3n: un amplio ancho de banda de hasta 10 MHz y una alta velocidad de muestreo de hasta 1 MHz proporcionan un an\u00e1lisis detallado de la se\u00f1al a la salida de los balastros. Una t\u00e9cnica shunt \u00fanica permite realizar medidas de potencia a frecuencias muy altas. La medida simult\u00e1nea de la potencia de entrada y salida proporciona un c\u00e1lculo al instante de las p\u00e9rdidas del balastro.<\/li>\n<li>Transformadores: las medidas sincr\u00f3nicas de la potencia de seis fases permiten realizar c\u00e1lculos de p\u00e9rdidas y eficacia de alta precisi\u00f3n de los grandes transformadores de potencia con factores de potencia muy bajos. Asimismo, es posible realizar mediciones sincr\u00f3nicas de la resistencia de las bobinas de las fases del transformador.<\/li>\n<li>Automoci\u00f3n: las mediciones s\u00edncronas de entrada el\u00e9ctrica y salida mec\u00e1nica proporcionan datos completos sobre la eficacia y las p\u00e9rdidas de los componentes individuales, as\u00ed como de todo el sistema motor.<\/li>\n<\/ul>\n","protected":false},"excerpt":{"rendered":"<p>Id\u00f3neo para las pruebas de campo, el analizador trif\u00e1sico de calidad el\u00e9ctrica Fluke Norma 4000 resulta f\u00e1cil de usar y adem\u00e1s ofrece una incomparable relaci\u00f3n calidad-precio. Entre sus caracter\u00edsticas se incluyen: 1 a 3 fases de potencia, pantalla en color de 5.7 in \/ 144 mm, an\u00e1lisis de arm\u00f3nicos, modo osciloscopio, visualizaci\u00f3n diagrama de vectores, funci\u00f3n de registrador, software para PC Fluke NormaView y memoria RAM de 4 MB ampliable.<\/p>\n<ul>\n<li>Su dise\u00f1o compacto facilita el transporte y ahorra espacio de trabajo.<\/li>\n<li>La sencilla interfaz de usuario garantiza un manejo f\u00e1cil e intuitivo.<\/li>\n<li>Una serie de configuraciones est\u00e1ndar permite a los usuarios escoger las funciones exactas necesarias para su propia aplicaci\u00f3n.<\/li>\n<li>La adquisici\u00f3n simult\u00e1nea en paralelo de datos de todas las fases permite ver de forma precisa los eventos din\u00e1micos en todas las fases exactamente en el mismo momento.<\/li>\n<li>Todas las entradas est\u00e1n aisladas galv\u00e1nicamente para evitar problemas de cortocircuitos en cualquier aplicaci\u00f3n.<\/li>\n<li>Los arm\u00f3nicos de voltaje, corriente y potencia se pueden medir hasta el arm\u00f3nico 40.\u00ba, para un an\u00e1lisis completo.<\/li>\n<li>La unidad b\u00e1sica incluye an\u00e1lisis FFT, diagrama de vectores y modo de osciloscopio digital (DSO) para una capacidad de an\u00e1lisis completa.<\/li>\n<li>Tiempo medio seleccionable por el usuario: desde 15 ms hasta 3.600 s, para mediciones din\u00e1micas.<\/li>\n<li>Memoria integrada de 4 MB (ampliable a 128 MB) para el almacenamiento de los valores medidos.<\/li>\n<li>Incluye de serie una conexi\u00f3n r\u00e1pida y sencilla a un PC \u2013 RS232 y USB; IEEE-488, Ethernet o USB 2.0 opcionales.<\/li>\n<li>Interfaz de procesos PI1 para medir el par y la velocidad con sensores externos; adem\u00e1s de cuatro salidas anal\u00f3gicas para un uso sencillo en aplicaciones de motores y variadores de velocidad.<\/li>\n<li>Velocidades de muestreo de 341 kHz o 1 MHz para un an\u00e1lisis detallado de la se\u00f1al.<\/li>\n<li>Ancho de banda de CC a 3 o 10 MHz para una precisi\u00f3n fiable de las medidas.<\/li>\n<li>Software para PC Fluke NormaView para descarga de datos, an\u00e1lisis y generaci\u00f3n de informes.<\/li>\n<\/ul>\n","protected":false},"featured_media":9771,"template":"","meta":{"_acf_changed":false},"pwb-brand":[31],"product_brand":[],"product_cat":[366,188,132,30],"product_tag":[],"class_list":{"0":"post-9695","1":"product","2":"type-product","3":"status-publish","4":"has-post-thumbnail","6":"pwb-brand-fluke","7":"product_cat-todos-los-productos","8":"product_cat-analizadores-de-potencia-de-precision","9":"product_cat-calidad-electrica","10":"product_cat-fluke","12":"first","13":"instock","14":"taxable","15":"shipping-taxable","16":"product-type-simple"},"acf":[],"yoast_head":"<!-- This site is optimized with the Yoast SEO plugin v27.4 - https:\/\/yoast.com\/product\/yoast-seo-wordpress\/ -->\n<title>Analizadores de calidad el\u00e9ctrica de alta precisi\u00f3n Norma de Fluke Norma 4000 - Techmaster de Mexico<\/title>\n<meta name=\"robots\" content=\"index, follow, max-snippet:-1, max-image-preview:large, max-video-preview:-1\" \/>\n<link rel=\"canonical\" href=\"https:\/\/techmasterdemexico.com\/producto\/analizadores-de-calidad-electrica-de-alta-precision-norma-de-fluke-norma-4000\/\" \/>\n<meta property=\"og:locale\" content=\"en_US\" \/>\n<meta property=\"og:type\" content=\"article\" \/>\n<meta property=\"og:title\" content=\"Analizadores de calidad el\u00e9ctrica de alta precisi\u00f3n Norma de Fluke Norma 4000 - Techmaster de Mexico\" \/>\n<meta property=\"og:description\" content=\"Id\u00f3neo para las pruebas de campo, el analizador trif\u00e1sico de calidad el\u00e9ctrica Fluke Norma 4000 resulta f\u00e1cil de usar y adem\u00e1s ofrece una incomparable relaci\u00f3n calidad-precio. Entre sus caracter\u00edsticas se incluyen: 1 a 3 fases de potencia, pantalla en color de 5.7 in \/ 144 mm, an\u00e1lisis de arm\u00f3nicos, modo osciloscopio, visualizaci\u00f3n diagrama de vectores, funci\u00f3n de registrador, software para PC Fluke NormaView y memoria RAM de 4 MB ampliable.    Su dise\u00f1o compacto facilita el transporte y ahorra espacio de trabajo.   La sencilla interfaz de usuario garantiza un manejo f\u00e1cil e intuitivo.   Una serie de configuraciones est\u00e1ndar permite a los usuarios escoger las funciones exactas necesarias para su propia aplicaci\u00f3n.   La adquisici\u00f3n simult\u00e1nea en paralelo de datos de todas las fases permite ver de forma precisa los eventos din\u00e1micos en todas las fases exactamente en el mismo momento.   Todas las entradas est\u00e1n aisladas galv\u00e1nicamente para evitar problemas de cortocircuitos en cualquier aplicaci\u00f3n.   Los arm\u00f3nicos de voltaje, corriente y potencia se pueden medir hasta el arm\u00f3nico 40.\u00ba, para un an\u00e1lisis completo.   La unidad b\u00e1sica incluye an\u00e1lisis FFT, diagrama de vectores y modo de osciloscopio digital (DSO) para una capacidad de an\u00e1lisis completa.   Tiempo medio seleccionable por el usuario: desde 15 ms hasta 3.600 s, para mediciones din\u00e1micas.   Memoria integrada de 4 MB (ampliable a 128 MB) para el almacenamiento de los valores medidos.   Incluye de serie una conexi\u00f3n r\u00e1pida y sencilla a un PC \u2013 RS232 y USB; IEEE-488, Ethernet o USB 2.0 opcionales.   Interfaz de procesos PI1 para medir el par y la velocidad con sensores externos; adem\u00e1s de cuatro salidas anal\u00f3gicas para un uso sencillo en aplicaciones de motores y variadores de velocidad.   Velocidades de muestreo de 341 kHz o 1 MHz para un an\u00e1lisis detallado de la se\u00f1al.   Ancho de banda de CC a 3 o 10 MHz para una precisi\u00f3n fiable de las medidas.   Software para PC Fluke NormaView para descarga de datos, an\u00e1lisis y generaci\u00f3n de informes.\" \/>\n<meta property=\"og:url\" content=\"https:\/\/techmasterdemexico.com\/producto\/analizadores-de-calidad-electrica-de-alta-precision-norma-de-fluke-norma-4000\/\" \/>\n<meta property=\"og:site_name\" content=\"Techmaster de Mexico\" \/>\n<meta property=\"article:modified_time\" content=\"2022-05-12T04:48:20+00:00\" \/>\n<meta property=\"og:image\" content=\"https:\/\/techmasterdemexico.com\/wp-content\/uploads\/2021\/09\/400.png\" \/>\n\t<meta property=\"og:image:width\" content=\"600\" \/>\n\t<meta property=\"og:image:height\" content=\"600\" \/>\n\t<meta property=\"og:image:type\" content=\"image\/png\" \/>\n<meta name=\"twitter:card\" content=\"summary_large_image\" \/>\n<meta name=\"twitter:label1\" content=\"Est. reading time\" \/>\n\t<meta name=\"twitter:data1\" content=\"2 minutes\" \/>\n<script type=\"application\/ld+json\" class=\"yoast-schema-graph\">{\"@context\":\"https:\\\/\\\/schema.org\",\"@graph\":[{\"@type\":\"WebPage\",\"@id\":\"https:\\\/\\\/techmasterdemexico.com\\\/producto\\\/analizadores-de-calidad-electrica-de-alta-precision-norma-de-fluke-norma-4000\\\/\",\"url\":\"https:\\\/\\\/techmasterdemexico.com\\\/producto\\\/analizadores-de-calidad-electrica-de-alta-precision-norma-de-fluke-norma-4000\\\/\",\"name\":\"Analizadores de calidad el\u00e9ctrica de alta precisi\u00f3n Norma de Fluke Norma 4000 - Techmaster de Mexico\",\"isPartOf\":{\"@id\":\"https:\\\/\\\/techmasterdemexico.com\\\/#website\"},\"primaryImageOfPage\":{\"@id\":\"https:\\\/\\\/techmasterdemexico.com\\\/producto\\\/analizadores-de-calidad-electrica-de-alta-precision-norma-de-fluke-norma-4000\\\/#primaryimage\"},\"image\":{\"@id\":\"https:\\\/\\\/techmasterdemexico.com\\\/producto\\\/analizadores-de-calidad-electrica-de-alta-precision-norma-de-fluke-norma-4000\\\/#primaryimage\"},\"thumbnailUrl\":\"https:\\\/\\\/techmasterdemexico.com\\\/wp-content\\\/uploads\\\/2021\\\/09\\\/400.png\",\"datePublished\":\"2021-09-23T23:04:00+00:00\",\"dateModified\":\"2022-05-12T04:48:20+00:00\",\"breadcrumb\":{\"@id\":\"https:\\\/\\\/techmasterdemexico.com\\\/producto\\\/analizadores-de-calidad-electrica-de-alta-precision-norma-de-fluke-norma-4000\\\/#breadcrumb\"},\"inLanguage\":\"en-US\",\"potentialAction\":[{\"@type\":\"ReadAction\",\"target\":[\"https:\\\/\\\/techmasterdemexico.com\\\/producto\\\/analizadores-de-calidad-electrica-de-alta-precision-norma-de-fluke-norma-4000\\\/\"]}]},{\"@type\":\"ImageObject\",\"inLanguage\":\"en-US\",\"@id\":\"https:\\\/\\\/techmasterdemexico.com\\\/producto\\\/analizadores-de-calidad-electrica-de-alta-precision-norma-de-fluke-norma-4000\\\/#primaryimage\",\"url\":\"https:\\\/\\\/techmasterdemexico.com\\\/wp-content\\\/uploads\\\/2021\\\/09\\\/400.png\",\"contentUrl\":\"https:\\\/\\\/techmasterdemexico.com\\\/wp-content\\\/uploads\\\/2021\\\/09\\\/400.png\",\"width\":600,\"height\":600},{\"@type\":\"BreadcrumbList\",\"@id\":\"https:\\\/\\\/techmasterdemexico.com\\\/producto\\\/analizadores-de-calidad-electrica-de-alta-precision-norma-de-fluke-norma-4000\\\/#breadcrumb\",\"itemListElement\":[{\"@type\":\"ListItem\",\"position\":1,\"name\":\"Portada\",\"item\":\"https:\\\/\\\/techmasterdemexico.com\\\/\"},{\"@type\":\"ListItem\",\"position\":2,\"name\":\"Analizadores de calidad el\u00e9ctrica de alta precisi\u00f3n Norma de Fluke Norma 4000\"}]},{\"@type\":\"WebSite\",\"@id\":\"https:\\\/\\\/techmasterdemexico.com\\\/#website\",\"url\":\"https:\\\/\\\/techmasterdemexico.com\\\/\",\"name\":\"Techmaster de Mexico\",\"description\":\"\",\"potentialAction\":[{\"@type\":\"SearchAction\",\"target\":{\"@type\":\"EntryPoint\",\"urlTemplate\":\"https:\\\/\\\/techmasterdemexico.com\\\/?s={search_term_string}\"},\"query-input\":{\"@type\":\"PropertyValueSpecification\",\"valueRequired\":true,\"valueName\":\"search_term_string\"}}],\"inLanguage\":\"en-US\"}]}<\/script>\n<!-- \/ Yoast SEO plugin. -->","yoast_head_json":{"title":"Analizadores de calidad el\u00e9ctrica de alta precisi\u00f3n Norma de Fluke Norma 4000 - Techmaster de Mexico","robots":{"index":"index","follow":"follow","max-snippet":"max-snippet:-1","max-image-preview":"max-image-preview:large","max-video-preview":"max-video-preview:-1"},"canonical":"https:\/\/techmasterdemexico.com\/producto\/analizadores-de-calidad-electrica-de-alta-precision-norma-de-fluke-norma-4000\/","og_locale":"en_US","og_type":"article","og_title":"Analizadores de calidad el\u00e9ctrica de alta precisi\u00f3n Norma de Fluke Norma 4000 - Techmaster de Mexico","og_description":"Id\u00f3neo para las pruebas de campo, el analizador trif\u00e1sico de calidad el\u00e9ctrica Fluke Norma 4000 resulta f\u00e1cil de usar y adem\u00e1s ofrece una incomparable relaci\u00f3n calidad-precio. Entre sus caracter\u00edsticas se incluyen: 1 a 3 fases de potencia, pantalla en color de 5.7 in \/ 144 mm, an\u00e1lisis de arm\u00f3nicos, modo osciloscopio, visualizaci\u00f3n diagrama de vectores, funci\u00f3n de registrador, software para PC Fluke NormaView y memoria RAM de 4 MB ampliable.    Su dise\u00f1o compacto facilita el transporte y ahorra espacio de trabajo.   La sencilla interfaz de usuario garantiza un manejo f\u00e1cil e intuitivo.   Una serie de configuraciones est\u00e1ndar permite a los usuarios escoger las funciones exactas necesarias para su propia aplicaci\u00f3n.   La adquisici\u00f3n simult\u00e1nea en paralelo de datos de todas las fases permite ver de forma precisa los eventos din\u00e1micos en todas las fases exactamente en el mismo momento.   Todas las entradas est\u00e1n aisladas galv\u00e1nicamente para evitar problemas de cortocircuitos en cualquier aplicaci\u00f3n.   Los arm\u00f3nicos de voltaje, corriente y potencia se pueden medir hasta el arm\u00f3nico 40.\u00ba, para un an\u00e1lisis completo.   La unidad b\u00e1sica incluye an\u00e1lisis FFT, diagrama de vectores y modo de osciloscopio digital (DSO) para una capacidad de an\u00e1lisis completa.   Tiempo medio seleccionable por el usuario: desde 15 ms hasta 3.600 s, para mediciones din\u00e1micas.   Memoria integrada de 4 MB (ampliable a 128 MB) para el almacenamiento de los valores medidos.   Incluye de serie una conexi\u00f3n r\u00e1pida y sencilla a un PC \u2013 RS232 y USB; IEEE-488, Ethernet o USB 2.0 opcionales.   Interfaz de procesos PI1 para medir el par y la velocidad con sensores externos; adem\u00e1s de cuatro salidas anal\u00f3gicas para un uso sencillo en aplicaciones de motores y variadores de velocidad.   Velocidades de muestreo de 341 kHz o 1 MHz para un an\u00e1lisis detallado de la se\u00f1al.   Ancho de banda de CC a 3 o 10 MHz para una precisi\u00f3n fiable de las medidas.   Software para PC Fluke NormaView para descarga de datos, an\u00e1lisis y generaci\u00f3n de informes.","og_url":"https:\/\/techmasterdemexico.com\/producto\/analizadores-de-calidad-electrica-de-alta-precision-norma-de-fluke-norma-4000\/","og_site_name":"Techmaster de Mexico","article_modified_time":"2022-05-12T04:48:20+00:00","og_image":[{"width":600,"height":600,"url":"https:\/\/techmasterdemexico.com\/wp-content\/uploads\/2021\/09\/400.png","type":"image\/png"}],"twitter_card":"summary_large_image","twitter_misc":{"Est. reading time":"2 minutes"},"schema":{"@context":"https:\/\/schema.org","@graph":[{"@type":"WebPage","@id":"https:\/\/techmasterdemexico.com\/producto\/analizadores-de-calidad-electrica-de-alta-precision-norma-de-fluke-norma-4000\/","url":"https:\/\/techmasterdemexico.com\/producto\/analizadores-de-calidad-electrica-de-alta-precision-norma-de-fluke-norma-4000\/","name":"Analizadores de calidad el\u00e9ctrica de alta precisi\u00f3n Norma de Fluke Norma 4000 - Techmaster de Mexico","isPartOf":{"@id":"https:\/\/techmasterdemexico.com\/#website"},"primaryImageOfPage":{"@id":"https:\/\/techmasterdemexico.com\/producto\/analizadores-de-calidad-electrica-de-alta-precision-norma-de-fluke-norma-4000\/#primaryimage"},"image":{"@id":"https:\/\/techmasterdemexico.com\/producto\/analizadores-de-calidad-electrica-de-alta-precision-norma-de-fluke-norma-4000\/#primaryimage"},"thumbnailUrl":"https:\/\/techmasterdemexico.com\/wp-content\/uploads\/2021\/09\/400.png","datePublished":"2021-09-23T23:04:00+00:00","dateModified":"2022-05-12T04:48:20+00:00","breadcrumb":{"@id":"https:\/\/techmasterdemexico.com\/producto\/analizadores-de-calidad-electrica-de-alta-precision-norma-de-fluke-norma-4000\/#breadcrumb"},"inLanguage":"en-US","potentialAction":[{"@type":"ReadAction","target":["https:\/\/techmasterdemexico.com\/producto\/analizadores-de-calidad-electrica-de-alta-precision-norma-de-fluke-norma-4000\/"]}]},{"@type":"ImageObject","inLanguage":"en-US","@id":"https:\/\/techmasterdemexico.com\/producto\/analizadores-de-calidad-electrica-de-alta-precision-norma-de-fluke-norma-4000\/#primaryimage","url":"https:\/\/techmasterdemexico.com\/wp-content\/uploads\/2021\/09\/400.png","contentUrl":"https:\/\/techmasterdemexico.com\/wp-content\/uploads\/2021\/09\/400.png","width":600,"height":600},{"@type":"BreadcrumbList","@id":"https:\/\/techmasterdemexico.com\/producto\/analizadores-de-calidad-electrica-de-alta-precision-norma-de-fluke-norma-4000\/#breadcrumb","itemListElement":[{"@type":"ListItem","position":1,"name":"Portada","item":"https:\/\/techmasterdemexico.com\/"},{"@type":"ListItem","position":2,"name":"Analizadores de calidad el\u00e9ctrica de alta precisi\u00f3n Norma de Fluke Norma 4000"}]},{"@type":"WebSite","@id":"https:\/\/techmasterdemexico.com\/#website","url":"https:\/\/techmasterdemexico.com\/","name":"Techmaster de Mexico","description":"","potentialAction":[{"@type":"SearchAction","target":{"@type":"EntryPoint","urlTemplate":"https:\/\/techmasterdemexico.com\/?s={search_term_string}"},"query-input":{"@type":"PropertyValueSpecification","valueRequired":true,"valueName":"search_term_string"}}],"inLanguage":"en-US"}]}},"brands":[{"id":31,"name":"Fluke","slug":"fluke"}],"_links":{"self":[{"href":"https:\/\/techmasterdemexico.com\/en\/wp-json\/wp\/v2\/product\/9695","targetHints":{"allow":["GET"]}}],"collection":[{"href":"https:\/\/techmasterdemexico.com\/en\/wp-json\/wp\/v2\/product"}],"about":[{"href":"https:\/\/techmasterdemexico.com\/en\/wp-json\/wp\/v2\/types\/product"}],"wp:featuredmedia":[{"embeddable":true,"href":"https:\/\/techmasterdemexico.com\/en\/wp-json\/wp\/v2\/media\/9771"}],"wp:attachment":[{"href":"https:\/\/techmasterdemexico.com\/en\/wp-json\/wp\/v2\/media?parent=9695"}],"wp:term":[{"taxonomy":"pwb-brand","embeddable":true,"href":"https:\/\/techmasterdemexico.com\/en\/wp-json\/wp\/v2\/pwb-brand?post=9695"},{"taxonomy":"product_brand","embeddable":true,"href":"https:\/\/techmasterdemexico.com\/en\/wp-json\/wp\/v2\/product_brand?post=9695"},{"taxonomy":"product_cat","embeddable":true,"href":"https:\/\/techmasterdemexico.com\/en\/wp-json\/wp\/v2\/product_cat?post=9695"},{"taxonomy":"product_tag","embeddable":true,"href":"https:\/\/techmasterdemexico.com\/en\/wp-json\/wp\/v2\/product_tag?post=9695"}],"curies":[{"name":"wp","href":"https:\/\/api.w.org\/{rel}","templated":true}]}}