{"id":9693,"date":"2021-09-23T22:26:29","date_gmt":"2021-09-23T22:26:29","guid":{"rendered":"https:\/\/techmastermx.ddns.net\/?post_type=product&#038;p=9693"},"modified":"2022-05-12T04:48:20","modified_gmt":"2022-05-12T04:48:20","slug":"registradores-trifasicos-de-calidad-electrica-1736-y-1738-de-fluke-copia","status":"publish","type":"product","link":"https:\/\/techmasterdemexico.com\/en\/producto\/registradores-trifasicos-de-calidad-electrica-1736-y-1738-de-fluke-copia\/","title":{"rendered":"Registradores trif\u00e1sicos de calidad el\u00e9ctrica 1736"},"content":{"rendered":"<p>Registradores trif\u00e1sicos de calidad el\u00e9ctrica 1736\u00a0 de Fluke<\/p>\n<p>Los registradores trif\u00e1sicos 1736 y 1738 de Fluke, compatibles con la app y el software Fluke Connect\u00ae, le proporcionan los datos necesarios para tomar decisiones adecuadas y en tiempo real acerca de calidad el\u00e9ctrica y consumo Son los instrumentos perfectos para llevar a cabo estudios de energ\u00eda y registros de la calidad el\u00e9ctrica. Los modelos 1736 y 1738 capturan y registran m\u00e1s de 500 par\u00e1metros de calidad el\u00e9ctrica para proporcionar mayor visibilidad en los datos necesarios para optimizar la fiabilidad y el ahorro. Con el registrador avanzado de calidad el\u00e9ctrica 1738 de Fluke puede realizar an\u00e1lisis avanzados con una funci\u00f3n mejorada de resumen del estado de la energ\u00eda el\u00e9ctrica (EN50160) que le ofrece r\u00e1pidamente informaci\u00f3n sobre el estado general del sistema el\u00e9ctrico. El resumen del estado de la calidad el\u00e9ctrica consiste en una evaluaci\u00f3n de los datos registrados basada en medidas detalladas de la calidad el\u00e9ctrica, incluida la forma de onda del evento visible, para proporcionar mayor visibilidad en los datos necesarios para optimizar la fiabilidad del sistema y los ahorros.<\/p>\n<p>La interfaz de usuario mejorada, las sondas flexibles de corriente y la funci\u00f3n de verificaci\u00f3n de medida inteligente, que permite reducir los errores de medida verificando de forma digital y corregir errores de conexi\u00f3n habituales, hacen la configuraci\u00f3n m\u00e1s f\u00e1cil que nunca y reducen la incertidumbre de medida. Acceda a los datos y comp\u00e1rtalos con su equipo de forma remota a trav\u00e9s de la app Fluke Connect\u00ae. As\u00ed podr\u00e1 mantener distancias de trabajo seguras y tomar decisiones importantes en tiempo real, reduciendo al mismo tiempo la necesidad de equipos de protecci\u00f3n, el n\u00famero de visitas al emplazamiento y las comprobaciones. Tambi\u00e9n puede realizar cuadros y gr\u00e1ficos con las medidas de forma f\u00e1cil y r\u00e1pida para ayudar a identificar problemas y crear informes detallados con el paquete de software incluido Fluke Energy Analyze Plus. De forma opcional, puede crear informes IEEE519 que le den una mejor perspectiva de los niveles arm\u00f3nicos, la tensi\u00f3n, la distorsi\u00f3n de la corriente y la corriente de carga (se requiere licencia).<\/p>\n<p>Otras caracter\u00edsticas \u00fatiles:<\/p>\n<ul>\n<li>Presenta los datos de forma local en el registrador a trav\u00e9s de la app para m\u00f3vil y el software Fluke Connect o a trav\u00e9s de los servicios de la infraestructura Wi-Fi de sus instalaciones<\/li>\n<li>Mide las tres fases y el neutro con cuatro sondas de corriente flexibles (incluidas)<\/li>\n<li>Alimente el instrumento de forma directa desde el circuito medido<\/li>\n<li>Revise los valores medidos durante las sesiones de registro antes de descargarlos para realizar un an\u00e1lisis en tiempo real<\/li>\n<li>Incluye im\u00e1genes de la forma de onda del evento y el perfil del verdadero valor eficaz de alta resoluci\u00f3n con el 1738, junto con la fecha, el registro horario y la gravedad para capturar bajadas, aumentos y corrientes de entrada y ayudar a detallar el origen de los problemas de calidad el\u00e9ctrica<\/li>\n<li>El 1738 tambi\u00e9n indica al instante el estado de la calidad el\u00e9ctrica a trav\u00e9s de un resumen<\/li>\n<li>Cuenta con una pantalla t\u00e1ctil brillante a color para realizar an\u00e1lisis y comprobaciones de datos sobre el terreno<\/li>\n<li>Ayuda a capturar los datos correctos cada vez con una interfaz de usuario gr\u00e1fica r\u00e1pida y con instrucciones<\/li>\n<li>Reduce la incertidumbre con respecto a sus conexiones con la funci\u00f3n de verificaci\u00f3n inteligente<\/li>\n<li>Le permite completar configuraciones a trav\u00e9s del panel frontal o la app Fluke Connect en su smartphone<\/li>\n<li>Ofrece un registro completamente integrado con otros dispositivos Fluke Connect para registrar de forma simult\u00e1nea hasta dos par\u00e1metros de medida adicionales en un m\u00f3dulo o mult\u00edmetro digital inal\u00e1mbrico de Fluke Connect*<\/li>\n<li>Se suministra con el software de aplicaci\u00f3n Energy Plus, que permite analizar cualquier detalle sobre el consumo y la calidad el\u00e9ctrica, as\u00ed como crear informes automatizados<\/li>\n<\/ul>\n<p>Registre los par\u00e1metros m\u00e1s comunes<\/p>\n<p>Los modelos 1736 y 1738, dise\u00f1ados para medir los par\u00e1metros m\u00e1s cr\u00edticos de potencia trif\u00e1sica, pueden registrar tensiones de verdadero valor eficaz, corrientes de verdadero valor eficaz, eventos de tensi\u00f3n y corriente, THD de tensi\u00f3n y corriente, arm\u00f3nicos de tensi\u00f3n y corriente hasta el 50\u00ba arm\u00f3nico, potencia activa, potencia reactiva, factor de potencia, energ\u00eda activa, energ\u00eda reactiva, y muchos datos m\u00e1s. Los modelos 1736 y 1738 poseen memoria suficiente para m\u00e1s de un a\u00f1o de registros y pueden descubrir problemas intermitentes o dif\u00edciles de encontrar que, de otro modo, podr\u00edan pasarse por alto.<\/p>\n<p>An\u00e1lisis y generaci\u00f3n de informes<\/p>\n<p>Capturar los datos de registro es solo una parte del trabajo. Una vez capturados los datos necesita crear informaci\u00f3n \u00fatil e informes que puedan compartirse f\u00e1cilmente y sean comprensibles para su empresa o sus clientes. El software Fluke Energy Analyze Plus facilita el trabajo. Con los potentes instrumentos de an\u00e1lisis y la capacidad de creaci\u00f3n de informes personalizados en pocos minutos ser\u00e1 capaz de comunicar sus hallazgos y solucionar los problemas r\u00e1pidamente, optimizando as\u00ed la fiabilidad y el ahorro en el sistema.<\/p>","protected":false},"excerpt":{"rendered":"<p>Los registradores trif\u00e1sicos de calidad el\u00e9ctrica 1736 y 1738 de Fluke son instrumentos vers\u00e1tiles y compatibles con Fluke Connect para realizar estudios de consumo el\u00e9ctrico, cargas y calidad el\u00e9ctrica.<\/p>\n<ul>\n<li>Principales medidas: Capture y registre autom\u00e1ticamente los valores de tensi\u00f3n, corriente, energ\u00eda, arm\u00f3nicos y calidad el\u00e9ctrica asociada, y capture ca\u00eddas, subidas y sobrecargas de la corriente con im\u00e1genes de la forma de onda del evento y perfiles de alta resoluci\u00f3n del verdadero valor eficaz.<\/li>\n<li>Alimentaci\u00f3n pr\u00e1ctica del instrumento: Alimentaci\u00f3n directa del instrumento desde el circuito medido<\/li>\n<li>Software de aplicaci\u00f3n Energy Analyze Plus: Descargue y analice cualquier detalle de consumo de energ\u00eda y estado de la calidad el\u00e9ctrica con nuestro informe autom\u00e1tico y utilice el resumen integrado de estado de la calidad el\u00e9ctrica para comprender el estado del sistema en un instante<\/li>\n<\/ul>\n","protected":false},"featured_media":8896,"template":"","meta":{"_acf_changed":false},"pwb-brand":[31],"product_brand":[],"product_cat":[366,189,132,30],"product_tag":[],"class_list":{"0":"post-9693","1":"product","2":"type-product","3":"status-publish","4":"has-post-thumbnail","6":"pwb-brand-fluke","7":"product_cat-todos-los-productos","8":"product_cat-analizadores-de-problemas-de-calidad-electrica","9":"product_cat-calidad-electrica","10":"product_cat-fluke","12":"first","13":"instock","14":"taxable","15":"shipping-taxable","16":"product-type-simple"},"acf":[],"yoast_head":"<!-- This site is optimized with the Yoast SEO plugin v27.4 - https:\/\/yoast.com\/product\/yoast-seo-wordpress\/ -->\n<title>Registradores trif\u00e1sicos de calidad el\u00e9ctrica 1736 - Techmaster de Mexico<\/title>\n<meta name=\"robots\" content=\"index, follow, max-snippet:-1, max-image-preview:large, max-video-preview:-1\" \/>\n<link rel=\"canonical\" href=\"https:\/\/techmasterdemexico.com\/producto\/registradores-trifasicos-de-calidad-electrica-1736-y-1738-de-fluke-copia\/\" \/>\n<meta property=\"og:locale\" content=\"en_US\" \/>\n<meta property=\"og:type\" content=\"article\" \/>\n<meta property=\"og:title\" content=\"Registradores trif\u00e1sicos de calidad el\u00e9ctrica 1736 - Techmaster de Mexico\" \/>\n<meta property=\"og:description\" content=\"Los registradores trif\u00e1sicos de calidad el\u00e9ctrica 1736 y 1738 de Fluke son instrumentos vers\u00e1tiles y compatibles con Fluke Connect para realizar estudios de consumo el\u00e9ctrico, cargas y calidad el\u00e9ctrica.    Principales medidas: Capture y registre autom\u00e1ticamente los valores de tensi\u00f3n, corriente, energ\u00eda, arm\u00f3nicos y calidad el\u00e9ctrica asociada, y capture ca\u00eddas, subidas y sobrecargas de la corriente con im\u00e1genes de la forma de onda del evento y perfiles de alta resoluci\u00f3n del verdadero valor eficaz.   Alimentaci\u00f3n pr\u00e1ctica del instrumento: Alimentaci\u00f3n directa del instrumento desde el circuito medido   Software de aplicaci\u00f3n Energy Analyze Plus: Descargue y analice cualquier detalle de consumo de energ\u00eda y estado de la calidad el\u00e9ctrica con nuestro informe autom\u00e1tico y utilice el resumen integrado de estado de la calidad el\u00e9ctrica para comprender el estado del sistema en un instante\" \/>\n<meta property=\"og:url\" content=\"https:\/\/techmasterdemexico.com\/producto\/registradores-trifasicos-de-calidad-electrica-1736-y-1738-de-fluke-copia\/\" \/>\n<meta property=\"og:site_name\" content=\"Techmaster de Mexico\" \/>\n<meta property=\"article:modified_time\" content=\"2022-05-12T04:48:20+00:00\" \/>\n<meta property=\"og:image\" content=\"https:\/\/techmasterdemexico.com\/wp-content\/uploads\/2021\/08\/1-40.jpg\" \/>\n\t<meta property=\"og:image:width\" content=\"500\" \/>\n\t<meta property=\"og:image:height\" content=\"500\" \/>\n\t<meta property=\"og:image:type\" content=\"image\/jpeg\" \/>\n<meta name=\"twitter:card\" content=\"summary_large_image\" \/>\n<meta name=\"twitter:label1\" content=\"Est. reading time\" \/>\n\t<meta name=\"twitter:data1\" content=\"9 minutes\" \/>\n<script type=\"application\/ld+json\" class=\"yoast-schema-graph\">{\"@context\":\"https:\\\/\\\/schema.org\",\"@graph\":[{\"@type\":\"WebPage\",\"@id\":\"https:\\\/\\\/techmasterdemexico.com\\\/producto\\\/registradores-trifasicos-de-calidad-electrica-1736-y-1738-de-fluke-copia\\\/\",\"url\":\"https:\\\/\\\/techmasterdemexico.com\\\/producto\\\/registradores-trifasicos-de-calidad-electrica-1736-y-1738-de-fluke-copia\\\/\",\"name\":\"Registradores trif\u00e1sicos de calidad el\u00e9ctrica 1736 - Techmaster de Mexico\",\"isPartOf\":{\"@id\":\"https:\\\/\\\/techmasterdemexico.com\\\/#website\"},\"primaryImageOfPage\":{\"@id\":\"https:\\\/\\\/techmasterdemexico.com\\\/producto\\\/registradores-trifasicos-de-calidad-electrica-1736-y-1738-de-fluke-copia\\\/#primaryimage\"},\"image\":{\"@id\":\"https:\\\/\\\/techmasterdemexico.com\\\/producto\\\/registradores-trifasicos-de-calidad-electrica-1736-y-1738-de-fluke-copia\\\/#primaryimage\"},\"thumbnailUrl\":\"https:\\\/\\\/techmasterdemexico.com\\\/wp-content\\\/uploads\\\/2021\\\/08\\\/1-40.jpg\",\"datePublished\":\"2021-09-23T22:26:29+00:00\",\"dateModified\":\"2022-05-12T04:48:20+00:00\",\"breadcrumb\":{\"@id\":\"https:\\\/\\\/techmasterdemexico.com\\\/producto\\\/registradores-trifasicos-de-calidad-electrica-1736-y-1738-de-fluke-copia\\\/#breadcrumb\"},\"inLanguage\":\"en-US\",\"potentialAction\":[{\"@type\":\"ReadAction\",\"target\":[\"https:\\\/\\\/techmasterdemexico.com\\\/producto\\\/registradores-trifasicos-de-calidad-electrica-1736-y-1738-de-fluke-copia\\\/\"]}]},{\"@type\":\"ImageObject\",\"inLanguage\":\"en-US\",\"@id\":\"https:\\\/\\\/techmasterdemexico.com\\\/producto\\\/registradores-trifasicos-de-calidad-electrica-1736-y-1738-de-fluke-copia\\\/#primaryimage\",\"url\":\"https:\\\/\\\/techmasterdemexico.com\\\/wp-content\\\/uploads\\\/2021\\\/08\\\/1-40.jpg\",\"contentUrl\":\"https:\\\/\\\/techmasterdemexico.com\\\/wp-content\\\/uploads\\\/2021\\\/08\\\/1-40.jpg\",\"width\":500,\"height\":500},{\"@type\":\"BreadcrumbList\",\"@id\":\"https:\\\/\\\/techmasterdemexico.com\\\/producto\\\/registradores-trifasicos-de-calidad-electrica-1736-y-1738-de-fluke-copia\\\/#breadcrumb\",\"itemListElement\":[{\"@type\":\"ListItem\",\"position\":1,\"name\":\"Portada\",\"item\":\"https:\\\/\\\/techmasterdemexico.com\\\/\"},{\"@type\":\"ListItem\",\"position\":2,\"name\":\"Registradores trif\u00e1sicos de calidad el\u00e9ctrica 1736\"}]},{\"@type\":\"WebSite\",\"@id\":\"https:\\\/\\\/techmasterdemexico.com\\\/#website\",\"url\":\"https:\\\/\\\/techmasterdemexico.com\\\/\",\"name\":\"Techmaster de Mexico\",\"description\":\"\",\"potentialAction\":[{\"@type\":\"SearchAction\",\"target\":{\"@type\":\"EntryPoint\",\"urlTemplate\":\"https:\\\/\\\/techmasterdemexico.com\\\/?s={search_term_string}\"},\"query-input\":{\"@type\":\"PropertyValueSpecification\",\"valueRequired\":true,\"valueName\":\"search_term_string\"}}],\"inLanguage\":\"en-US\"}]}<\/script>\n<!-- \/ Yoast SEO plugin. -->","yoast_head_json":{"title":"Registradores trif\u00e1sicos de calidad el\u00e9ctrica 1736 - Techmaster de Mexico","robots":{"index":"index","follow":"follow","max-snippet":"max-snippet:-1","max-image-preview":"max-image-preview:large","max-video-preview":"max-video-preview:-1"},"canonical":"https:\/\/techmasterdemexico.com\/producto\/registradores-trifasicos-de-calidad-electrica-1736-y-1738-de-fluke-copia\/","og_locale":"en_US","og_type":"article","og_title":"Registradores trif\u00e1sicos de calidad el\u00e9ctrica 1736 - Techmaster de Mexico","og_description":"Los registradores trif\u00e1sicos de calidad el\u00e9ctrica 1736 y 1738 de Fluke son instrumentos vers\u00e1tiles y compatibles con Fluke Connect para realizar estudios de consumo el\u00e9ctrico, cargas y calidad el\u00e9ctrica.    Principales medidas: Capture y registre autom\u00e1ticamente los valores de tensi\u00f3n, corriente, energ\u00eda, arm\u00f3nicos y calidad el\u00e9ctrica asociada, y capture ca\u00eddas, subidas y sobrecargas de la corriente con im\u00e1genes de la forma de onda del evento y perfiles de alta resoluci\u00f3n del verdadero valor eficaz.   Alimentaci\u00f3n pr\u00e1ctica del instrumento: Alimentaci\u00f3n directa del instrumento desde el circuito medido   Software de aplicaci\u00f3n Energy Analyze Plus: Descargue y analice cualquier detalle de consumo de energ\u00eda y estado de la calidad el\u00e9ctrica con nuestro informe autom\u00e1tico y utilice el resumen integrado de estado de la calidad el\u00e9ctrica para comprender el estado del sistema en un instante","og_url":"https:\/\/techmasterdemexico.com\/producto\/registradores-trifasicos-de-calidad-electrica-1736-y-1738-de-fluke-copia\/","og_site_name":"Techmaster de Mexico","article_modified_time":"2022-05-12T04:48:20+00:00","og_image":[{"width":500,"height":500,"url":"https:\/\/techmasterdemexico.com\/wp-content\/uploads\/2021\/08\/1-40.jpg","type":"image\/jpeg"}],"twitter_card":"summary_large_image","twitter_misc":{"Est. reading time":"9 minutes"},"schema":{"@context":"https:\/\/schema.org","@graph":[{"@type":"WebPage","@id":"https:\/\/techmasterdemexico.com\/producto\/registradores-trifasicos-de-calidad-electrica-1736-y-1738-de-fluke-copia\/","url":"https:\/\/techmasterdemexico.com\/producto\/registradores-trifasicos-de-calidad-electrica-1736-y-1738-de-fluke-copia\/","name":"Registradores trif\u00e1sicos de calidad el\u00e9ctrica 1736 - Techmaster de Mexico","isPartOf":{"@id":"https:\/\/techmasterdemexico.com\/#website"},"primaryImageOfPage":{"@id":"https:\/\/techmasterdemexico.com\/producto\/registradores-trifasicos-de-calidad-electrica-1736-y-1738-de-fluke-copia\/#primaryimage"},"image":{"@id":"https:\/\/techmasterdemexico.com\/producto\/registradores-trifasicos-de-calidad-electrica-1736-y-1738-de-fluke-copia\/#primaryimage"},"thumbnailUrl":"https:\/\/techmasterdemexico.com\/wp-content\/uploads\/2021\/08\/1-40.jpg","datePublished":"2021-09-23T22:26:29+00:00","dateModified":"2022-05-12T04:48:20+00:00","breadcrumb":{"@id":"https:\/\/techmasterdemexico.com\/producto\/registradores-trifasicos-de-calidad-electrica-1736-y-1738-de-fluke-copia\/#breadcrumb"},"inLanguage":"en-US","potentialAction":[{"@type":"ReadAction","target":["https:\/\/techmasterdemexico.com\/producto\/registradores-trifasicos-de-calidad-electrica-1736-y-1738-de-fluke-copia\/"]}]},{"@type":"ImageObject","inLanguage":"en-US","@id":"https:\/\/techmasterdemexico.com\/producto\/registradores-trifasicos-de-calidad-electrica-1736-y-1738-de-fluke-copia\/#primaryimage","url":"https:\/\/techmasterdemexico.com\/wp-content\/uploads\/2021\/08\/1-40.jpg","contentUrl":"https:\/\/techmasterdemexico.com\/wp-content\/uploads\/2021\/08\/1-40.jpg","width":500,"height":500},{"@type":"BreadcrumbList","@id":"https:\/\/techmasterdemexico.com\/producto\/registradores-trifasicos-de-calidad-electrica-1736-y-1738-de-fluke-copia\/#breadcrumb","itemListElement":[{"@type":"ListItem","position":1,"name":"Portada","item":"https:\/\/techmasterdemexico.com\/"},{"@type":"ListItem","position":2,"name":"Registradores trif\u00e1sicos de calidad el\u00e9ctrica 1736"}]},{"@type":"WebSite","@id":"https:\/\/techmasterdemexico.com\/#website","url":"https:\/\/techmasterdemexico.com\/","name":"Techmaster de Mexico","description":"","potentialAction":[{"@type":"SearchAction","target":{"@type":"EntryPoint","urlTemplate":"https:\/\/techmasterdemexico.com\/?s={search_term_string}"},"query-input":{"@type":"PropertyValueSpecification","valueRequired":true,"valueName":"search_term_string"}}],"inLanguage":"en-US"}]}},"brands":[{"id":31,"name":"Fluke","slug":"fluke"}],"_links":{"self":[{"href":"https:\/\/techmasterdemexico.com\/en\/wp-json\/wp\/v2\/product\/9693","targetHints":{"allow":["GET"]}}],"collection":[{"href":"https:\/\/techmasterdemexico.com\/en\/wp-json\/wp\/v2\/product"}],"about":[{"href":"https:\/\/techmasterdemexico.com\/en\/wp-json\/wp\/v2\/types\/product"}],"wp:featuredmedia":[{"embeddable":true,"href":"https:\/\/techmasterdemexico.com\/en\/wp-json\/wp\/v2\/media\/8896"}],"wp:attachment":[{"href":"https:\/\/techmasterdemexico.com\/en\/wp-json\/wp\/v2\/media?parent=9693"}],"wp:term":[{"taxonomy":"pwb-brand","embeddable":true,"href":"https:\/\/techmasterdemexico.com\/en\/wp-json\/wp\/v2\/pwb-brand?post=9693"},{"taxonomy":"product_brand","embeddable":true,"href":"https:\/\/techmasterdemexico.com\/en\/wp-json\/wp\/v2\/product_brand?post=9693"},{"taxonomy":"product_cat","embeddable":true,"href":"https:\/\/techmasterdemexico.com\/en\/wp-json\/wp\/v2\/product_cat?post=9693"},{"taxonomy":"product_tag","embeddable":true,"href":"https:\/\/techmasterdemexico.com\/en\/wp-json\/wp\/v2\/product_tag?post=9693"}],"curies":[{"name":"wp","href":"https:\/\/api.w.org\/{rel}","templated":true}]}}