{"id":9164,"date":"2021-09-14T22:38:26","date_gmt":"2021-09-14T22:38:26","guid":{"rendered":"https:\/\/techmastermx.ddns.net\/producto\/localizador-de-cables-subterraneos-at-3500\/"},"modified":"2022-05-12T04:48:20","modified_gmt":"2022-05-12T04:48:20","slug":"localizador-de-cables-subterraneos-at-3500","status":"publish","type":"product","link":"https:\/\/techmasterdemexico.com\/en\/producto\/localizador-de-cables-subterraneos-at-3500\/","title":{"rendered":"Localizador de cables subterr\u00e1neos AT-3500"},"content":{"rendered":"<p>Localizador de cables subterr\u00e1neos Amprobe AT-3500<\/p>\n<ul>\n<li>Nota: Para obtener una versi\u00f3n actualizada de este localizador subterr\u00e1neo, consulte el UAT-620<\/li>\n<li>Localiza alambres, cables y tuber\u00edas energizados y desenergizados subterr\u00e1neos<\/li>\n<li>Tres modos de prueba para la mejor precisi\u00f3n<\/li>\n<li>Potencia pasiva (50\/60 Hz)<\/li>\n<li>Radio pasiva (RF)<\/li>\n<li>Generador de se\u00f1al activo T-3500 con modo de inducci\u00f3n conectado directamente al cable con cables de prueba o pinza opcional<\/li>\n<li>Medici\u00f3n de profundidad en modo activo hasta 16 &#8216;(4,9 m)<\/li>\n<li>Control de ganancia semiautom\u00e1tico: localizaci\u00f3n y control r\u00e1pidos de la se\u00f1al<\/li>\n<li>Frecuencia activa de 33 kHz: la mejor frecuencia para localizaci\u00f3n general<\/li>\n<li>Localizaci\u00f3n precisa de servicios enterrados y respuesta de medidor y sonido excepcionalmente r\u00e1pida con pantalla digital de gr\u00e1fico de barras de m\u00faltiples segmentos retroiluminada e indicadores audibles<\/li>\n<\/ul>\n<p>Mantenga la productividad alta y los costos operativos bajos con el localizador de cables subterr\u00e1neos Amprobe AT-3500. Es la soluci\u00f3n robusta y econ\u00f3mica para ubicar cables, alambres y tuber\u00edas subterr\u00e1neas si est\u00e1n energizados o desenergizados. Excelente para aplicaciones de iluminaci\u00f3n de estacionamientos y aeropuertos, identifica con precisi\u00f3n los servicios enterrados, con una respuesta de medidor y sonido excepcionalmente r\u00e1pida.<\/p>\n<p>El gr\u00e1fico de barras, retroiluminado, de m\u00faltiples segmentos, pantalla digital e indicadores audibles localizan f\u00e1cilmente cables y alambres. El localizador de cables subterr\u00e1neos AT-3500 emplea la frecuencia probada de 33 kHz para la mayor\u00eda de las aplicaciones de localizaci\u00f3n. Para evitar l\u00edneas en los sitios de construcci\u00f3n de servicios p\u00fablicos, tambi\u00e9n ofrece los modos de radio y energ\u00eda altamente sensibles. Tome medidas de profundidad con solo presionar un bot\u00f3n.<\/p>\n","protected":false},"excerpt":{"rendered":"<table class=\"t1\" cellspacing=\"0\" cellpadding=\"0\">\n<tbody>\n<tr>\n<td class=\"td1\" valign=\"middle\">\n<p class=\"p1\">Caracter\u00edstica<\/p>\n<\/td>\n<td class=\"td1\" valign=\"middle\"><\/td>\n<\/tr>\n<tr>\n<td class=\"td1\" valign=\"middle\">\n<p class=\"p1\">Rango y medici\u00f3n de profundidad del receptor<\/p>\n<\/td>\n<td class=\"td1\" valign=\"middle\">\n<p class=\"p1\">M\u00e1ximo 16 pies (4,9 m)<\/p>\n<\/td>\n<\/tr>\n<tr>\n<td class=\"td1\" valign=\"middle\">\n<p class=\"p1\">Frecuencias de rastreo pasivo<\/p>\n<\/td>\n<td class=\"td1\" valign=\"middle\">\n<p class=\"p1\">50 Hz \/ 60 Hz<\/p>\n<\/td>\n<\/tr>\n<tr>\n<td class=\"td1\" valign=\"middle\">\n<p class=\"p1\">Frecuencia del transmisor<\/p>\n<\/td>\n<td class=\"td1\" valign=\"middle\">\n<p class=\"p1\">\u00danico, no ajustable<\/p>\n<\/td>\n<\/tr>\n<tr>\n<td class=\"td1\" valign=\"middle\">\n<p class=\"p1\">Frecuencias activas del receptor (Hz)<\/p>\n<\/td>\n<td class=\"td1\" valign=\"middle\">\n<p class=\"p1\">32,768 kHz<\/p>\n<\/td>\n<\/tr>\n<tr>\n<td class=\"td1\" valign=\"middle\">\n<p class=\"p1\">Receptor de frecuencias pasivas (Hz)<\/p>\n<\/td>\n<td class=\"td1\" valign=\"middle\">\n<p class=\"p1\">Rango 1: radio de 15 kHz a 23 kHz<\/p>\n<p class=\"p1\">Rango 2: red el\u00e9ctrica 50 Hz \/ 60 Hz;<\/p>\n<p class=\"p1\">opcionalmente 100 Hz (puede ser ajustado por el personal de servicio de Amprobe)<\/p>\n<\/td>\n<\/tr>\n<tr>\n<td class=\"td1\" valign=\"middle\">\n<p class=\"p1\">Precisi\u00f3n de visualizaci\u00f3n de la profundidad del receptor<\/p>\n<\/td>\n<td class=\"td1\" valign=\"middle\">\n<p class=\"p1\">Rango 1: radio +\/- 20%<\/p>\n<p class=\"p1\">Rango 2: red el\u00e9ctrica +\/- 20%<\/p>\n<p class=\"p1\">Rango 3: transmisor +\/- 5% (&gt; 5 m (6-FT)),<\/p>\n<p class=\"p1\">+\/- 20% (&lt;5 m (15-FT) ))<\/p>\n<\/td>\n<\/tr>\n<tr>\n<td class=\"td1\" valign=\"middle\">\n<p class=\"p1\">Antena receptora (gu\u00eda izquierda \/ derecha sensible a la distancia)<\/p>\n<\/td>\n<td class=\"td1\" valign=\"middle\">\n<p class=\"p1\">&#8211;<\/p>\n<\/td>\n<\/tr>\n<tr>\n<td class=\"td1\" valign=\"middle\">\n<p class=\"p1\">ID de l\u00ednea (selecci\u00f3n de se\u00f1al, br\u00fajula de gu\u00eda, alerta de distorsi\u00f3n)<\/p>\n<\/td>\n<td class=\"td1\" valign=\"middle\">\n<p class=\"p1\">&#8211;<\/p>\n<\/td>\n<\/tr>\n<\/tbody>\n<\/table>\n","protected":false},"featured_media":9337,"template":"","meta":{"_acf_changed":false},"pwb-brand":[104],"product_brand":[],"product_cat":[366,101,183,181],"product_tag":[],"class_list":{"0":"post-9164","1":"product","2":"type-product","3":"status-publish","4":"has-post-thumbnail","6":"pwb-brand-amprobe","7":"product_cat-todos-los-productos","8":"product_cat-amprobe","9":"product_cat-localizadores-subterraneos","10":"product_cat-rastreador-de-cables","12":"first","13":"instock","14":"taxable","15":"shipping-taxable","16":"product-type-simple"},"acf":[],"yoast_head":"<!-- This site is optimized with the Yoast SEO plugin v27.4 - https:\/\/yoast.com\/product\/yoast-seo-wordpress\/ -->\n<title>Localizador de cables subterr\u00e1neos AT-3500 - Techmaster de Mexico<\/title>\n<meta name=\"robots\" content=\"index, follow, max-snippet:-1, max-image-preview:large, max-video-preview:-1\" \/>\n<link rel=\"canonical\" href=\"https:\/\/techmasterdemexico.com\/producto\/localizador-de-cables-subterraneos-at-3500\/\" \/>\n<meta property=\"og:locale\" content=\"en_US\" \/>\n<meta property=\"og:type\" content=\"article\" \/>\n<meta property=\"og:title\" content=\"Localizador de cables subterr\u00e1neos AT-3500 - Techmaster de Mexico\" \/>\n<meta property=\"og:description\" content=\"Caracter\u00edstica                  Rango y medici\u00f3n de profundidad del receptor         M\u00e1ximo 16 pies (4,9 m)               Frecuencias de rastreo pasivo         50 Hz \/ 60 Hz               Frecuencia del transmisor         \u00danico, no ajustable               Frecuencias activas del receptor (Hz)         32,768 kHz               Receptor de frecuencias pasivas (Hz)         Rango 1: radio de 15 kHz a 23 kHz   Rango 2: red el\u00e9ctrica 50 Hz \/ 60 Hz;   opcionalmente 100 Hz (puede ser ajustado por el personal de servicio de Amprobe)               Precisi\u00f3n de visualizaci\u00f3n de la profundidad del receptor         Rango 1: radio +\/- 20%   Rango 2: red el\u00e9ctrica +\/- 20%   Rango 3: transmisor +\/- 5% (&gt; 5 m (6-FT)),   +\/- 20% (&lt;5 m (15-FT) ))               Antena receptora (gu\u00eda izquierda \/ derecha sensible a la distancia)         -               ID de l\u00ednea (selecci\u00f3n de se\u00f1al, br\u00fajula de gu\u00eda, alerta de distorsi\u00f3n)         -\" \/>\n<meta property=\"og:url\" content=\"https:\/\/techmasterdemexico.com\/producto\/localizador-de-cables-subterraneos-at-3500\/\" \/>\n<meta property=\"og:site_name\" content=\"Techmaster de Mexico\" \/>\n<meta property=\"article:modified_time\" content=\"2022-05-12T04:48:20+00:00\" \/>\n<meta property=\"og:image\" content=\"https:\/\/techmasterdemexico.com\/wp-content\/uploads\/2021\/09\/PD_AT-3500-1.jpg\" \/>\n\t<meta property=\"og:image:width\" content=\"500\" \/>\n\t<meta property=\"og:image:height\" content=\"500\" \/>\n\t<meta property=\"og:image:type\" content=\"image\/jpeg\" \/>\n<meta name=\"twitter:card\" content=\"summary_large_image\" \/>\n<meta name=\"twitter:label1\" content=\"Est. reading time\" \/>\n\t<meta name=\"twitter:data1\" content=\"1 minute\" \/>\n<script type=\"application\/ld+json\" class=\"yoast-schema-graph\">{\"@context\":\"https:\\\/\\\/schema.org\",\"@graph\":[{\"@type\":\"WebPage\",\"@id\":\"https:\\\/\\\/techmasterdemexico.com\\\/producto\\\/localizador-de-cables-subterraneos-at-3500\\\/\",\"url\":\"https:\\\/\\\/techmasterdemexico.com\\\/producto\\\/localizador-de-cables-subterraneos-at-3500\\\/\",\"name\":\"Localizador de cables subterr\u00e1neos AT-3500 - Techmaster de Mexico\",\"isPartOf\":{\"@id\":\"https:\\\/\\\/techmasterdemexico.com\\\/#website\"},\"primaryImageOfPage\":{\"@id\":\"https:\\\/\\\/techmasterdemexico.com\\\/producto\\\/localizador-de-cables-subterraneos-at-3500\\\/#primaryimage\"},\"image\":{\"@id\":\"https:\\\/\\\/techmasterdemexico.com\\\/producto\\\/localizador-de-cables-subterraneos-at-3500\\\/#primaryimage\"},\"thumbnailUrl\":\"https:\\\/\\\/techmasterdemexico.com\\\/wp-content\\\/uploads\\\/2021\\\/09\\\/PD_AT-3500-1.jpg\",\"datePublished\":\"2021-09-14T22:38:26+00:00\",\"dateModified\":\"2022-05-12T04:48:20+00:00\",\"breadcrumb\":{\"@id\":\"https:\\\/\\\/techmasterdemexico.com\\\/producto\\\/localizador-de-cables-subterraneos-at-3500\\\/#breadcrumb\"},\"inLanguage\":\"en-US\",\"potentialAction\":[{\"@type\":\"ReadAction\",\"target\":[\"https:\\\/\\\/techmasterdemexico.com\\\/producto\\\/localizador-de-cables-subterraneos-at-3500\\\/\"]}]},{\"@type\":\"ImageObject\",\"inLanguage\":\"en-US\",\"@id\":\"https:\\\/\\\/techmasterdemexico.com\\\/producto\\\/localizador-de-cables-subterraneos-at-3500\\\/#primaryimage\",\"url\":\"https:\\\/\\\/techmasterdemexico.com\\\/wp-content\\\/uploads\\\/2021\\\/09\\\/PD_AT-3500-1.jpg\",\"contentUrl\":\"https:\\\/\\\/techmasterdemexico.com\\\/wp-content\\\/uploads\\\/2021\\\/09\\\/PD_AT-3500-1.jpg\",\"width\":500,\"height\":500},{\"@type\":\"BreadcrumbList\",\"@id\":\"https:\\\/\\\/techmasterdemexico.com\\\/producto\\\/localizador-de-cables-subterraneos-at-3500\\\/#breadcrumb\",\"itemListElement\":[{\"@type\":\"ListItem\",\"position\":1,\"name\":\"Portada\",\"item\":\"https:\\\/\\\/techmasterdemexico.com\\\/\"},{\"@type\":\"ListItem\",\"position\":2,\"name\":\"Localizador de cables subterr\u00e1neos AT-3500\"}]},{\"@type\":\"WebSite\",\"@id\":\"https:\\\/\\\/techmasterdemexico.com\\\/#website\",\"url\":\"https:\\\/\\\/techmasterdemexico.com\\\/\",\"name\":\"Techmaster de Mexico\",\"description\":\"\",\"potentialAction\":[{\"@type\":\"SearchAction\",\"target\":{\"@type\":\"EntryPoint\",\"urlTemplate\":\"https:\\\/\\\/techmasterdemexico.com\\\/?s={search_term_string}\"},\"query-input\":{\"@type\":\"PropertyValueSpecification\",\"valueRequired\":true,\"valueName\":\"search_term_string\"}}],\"inLanguage\":\"en-US\"}]}<\/script>\n<!-- \/ Yoast SEO plugin. -->","yoast_head_json":{"title":"Localizador de cables subterr\u00e1neos AT-3500 - Techmaster de Mexico","robots":{"index":"index","follow":"follow","max-snippet":"max-snippet:-1","max-image-preview":"max-image-preview:large","max-video-preview":"max-video-preview:-1"},"canonical":"https:\/\/techmasterdemexico.com\/producto\/localizador-de-cables-subterraneos-at-3500\/","og_locale":"en_US","og_type":"article","og_title":"Localizador de cables subterr\u00e1neos AT-3500 - Techmaster de Mexico","og_description":"Caracter\u00edstica                  Rango y medici\u00f3n de profundidad del receptor         M\u00e1ximo 16 pies (4,9 m)               Frecuencias de rastreo pasivo         50 Hz \/ 60 Hz               Frecuencia del transmisor         \u00danico, no ajustable               Frecuencias activas del receptor (Hz)         32,768 kHz               Receptor de frecuencias pasivas (Hz)         Rango 1: radio de 15 kHz a 23 kHz   Rango 2: red el\u00e9ctrica 50 Hz \/ 60 Hz;   opcionalmente 100 Hz (puede ser ajustado por el personal de servicio de Amprobe)               Precisi\u00f3n de visualizaci\u00f3n de la profundidad del receptor         Rango 1: radio +\/- 20%   Rango 2: red el\u00e9ctrica +\/- 20%   Rango 3: transmisor +\/- 5% (&gt; 5 m (6-FT)),   +\/- 20% (&lt;5 m (15-FT) ))               Antena receptora (gu\u00eda izquierda \/ derecha sensible a la distancia)         -               ID de l\u00ednea (selecci\u00f3n de se\u00f1al, br\u00fajula de gu\u00eda, alerta de distorsi\u00f3n)         -","og_url":"https:\/\/techmasterdemexico.com\/producto\/localizador-de-cables-subterraneos-at-3500\/","og_site_name":"Techmaster de Mexico","article_modified_time":"2022-05-12T04:48:20+00:00","og_image":[{"width":500,"height":500,"url":"https:\/\/techmasterdemexico.com\/wp-content\/uploads\/2021\/09\/PD_AT-3500-1.jpg","type":"image\/jpeg"}],"twitter_card":"summary_large_image","twitter_misc":{"Est. reading time":"1 minute"},"schema":{"@context":"https:\/\/schema.org","@graph":[{"@type":"WebPage","@id":"https:\/\/techmasterdemexico.com\/producto\/localizador-de-cables-subterraneos-at-3500\/","url":"https:\/\/techmasterdemexico.com\/producto\/localizador-de-cables-subterraneos-at-3500\/","name":"Localizador de cables subterr\u00e1neos AT-3500 - Techmaster de Mexico","isPartOf":{"@id":"https:\/\/techmasterdemexico.com\/#website"},"primaryImageOfPage":{"@id":"https:\/\/techmasterdemexico.com\/producto\/localizador-de-cables-subterraneos-at-3500\/#primaryimage"},"image":{"@id":"https:\/\/techmasterdemexico.com\/producto\/localizador-de-cables-subterraneos-at-3500\/#primaryimage"},"thumbnailUrl":"https:\/\/techmasterdemexico.com\/wp-content\/uploads\/2021\/09\/PD_AT-3500-1.jpg","datePublished":"2021-09-14T22:38:26+00:00","dateModified":"2022-05-12T04:48:20+00:00","breadcrumb":{"@id":"https:\/\/techmasterdemexico.com\/producto\/localizador-de-cables-subterraneos-at-3500\/#breadcrumb"},"inLanguage":"en-US","potentialAction":[{"@type":"ReadAction","target":["https:\/\/techmasterdemexico.com\/producto\/localizador-de-cables-subterraneos-at-3500\/"]}]},{"@type":"ImageObject","inLanguage":"en-US","@id":"https:\/\/techmasterdemexico.com\/producto\/localizador-de-cables-subterraneos-at-3500\/#primaryimage","url":"https:\/\/techmasterdemexico.com\/wp-content\/uploads\/2021\/09\/PD_AT-3500-1.jpg","contentUrl":"https:\/\/techmasterdemexico.com\/wp-content\/uploads\/2021\/09\/PD_AT-3500-1.jpg","width":500,"height":500},{"@type":"BreadcrumbList","@id":"https:\/\/techmasterdemexico.com\/producto\/localizador-de-cables-subterraneos-at-3500\/#breadcrumb","itemListElement":[{"@type":"ListItem","position":1,"name":"Portada","item":"https:\/\/techmasterdemexico.com\/"},{"@type":"ListItem","position":2,"name":"Localizador de cables subterr\u00e1neos AT-3500"}]},{"@type":"WebSite","@id":"https:\/\/techmasterdemexico.com\/#website","url":"https:\/\/techmasterdemexico.com\/","name":"Techmaster de Mexico","description":"","potentialAction":[{"@type":"SearchAction","target":{"@type":"EntryPoint","urlTemplate":"https:\/\/techmasterdemexico.com\/?s={search_term_string}"},"query-input":{"@type":"PropertyValueSpecification","valueRequired":true,"valueName":"search_term_string"}}],"inLanguage":"en-US"}]}},"brands":[{"id":104,"name":"Amprobe","slug":"amprobe"}],"_links":{"self":[{"href":"https:\/\/techmasterdemexico.com\/en\/wp-json\/wp\/v2\/product\/9164","targetHints":{"allow":["GET"]}}],"collection":[{"href":"https:\/\/techmasterdemexico.com\/en\/wp-json\/wp\/v2\/product"}],"about":[{"href":"https:\/\/techmasterdemexico.com\/en\/wp-json\/wp\/v2\/types\/product"}],"wp:featuredmedia":[{"embeddable":true,"href":"https:\/\/techmasterdemexico.com\/en\/wp-json\/wp\/v2\/media\/9337"}],"wp:attachment":[{"href":"https:\/\/techmasterdemexico.com\/en\/wp-json\/wp\/v2\/media?parent=9164"}],"wp:term":[{"taxonomy":"pwb-brand","embeddable":true,"href":"https:\/\/techmasterdemexico.com\/en\/wp-json\/wp\/v2\/pwb-brand?post=9164"},{"taxonomy":"product_brand","embeddable":true,"href":"https:\/\/techmasterdemexico.com\/en\/wp-json\/wp\/v2\/product_brand?post=9164"},{"taxonomy":"product_cat","embeddable":true,"href":"https:\/\/techmasterdemexico.com\/en\/wp-json\/wp\/v2\/product_cat?post=9164"},{"taxonomy":"product_tag","embeddable":true,"href":"https:\/\/techmasterdemexico.com\/en\/wp-json\/wp\/v2\/product_tag?post=9164"}],"curies":[{"name":"wp","href":"https:\/\/api.w.org\/{rel}","templated":true}]}}