{"id":9161,"date":"2021-09-14T22:38:24","date_gmt":"2021-09-14T22:38:24","guid":{"rendered":"https:\/\/techmastermx.ddns.net\/producto\/localizador-de-fallas-a-tierra-del-cable-af-600-a-frame\/"},"modified":"2022-05-12T04:48:21","modified_gmt":"2022-05-12T04:48:21","slug":"localizador-de-fallas-a-tierra-del-cable-af-600-a-frame","status":"publish","type":"product","link":"https:\/\/techmasterdemexico.com\/en\/producto\/localizador-de-fallas-a-tierra-del-cable-af-600-a-frame\/","title":{"rendered":"Localizador de fallas a tierra del cable AF-600 A-Frame"},"content":{"rendered":"<p>Localizador de fallas a tierra del cable Amprobe AF-600 A-Frame<\/p>\n<ul>\n<li>Accesorio opcional para la serie de localizadores de servicios p\u00fablicos subterr\u00e1neos Amprobe UAT-600<\/li>\n<li>Funciona en conjunto con el transmisor UAT-600-T<\/li>\n<li>Ubique fallas a tierra de cables y alambres, fallas en la cubierta o defectos en el revestimiento de la tuber\u00eda (se requiere el contacto directo de la empresa de servicios p\u00fablicos con la tierra para identificar una falla)<\/li>\n<li>Se utiliza para encontrar el punto donde el metal toca el suelo (el blindaje est\u00e1 oxidado \/ el amortiguador de goma est\u00e1 roto) y hay fugas de energ\u00eda, lo que genera ruido en un cable<\/li>\n<li>Encuentre el punto de fuga alrededor de un cable (las fallas a tierra son problemas comunes con los cables el\u00e9ctricos): ahorra dinero al identificar el punto de fuga<\/li>\n<li>Control de volumen ajustable<\/li>\n<li>La tecnolog\u00eda avanzada y el procesamiento de se\u00f1ales digitales hacen que el proceso de localizaci\u00f3n sea r\u00e1pido, preciso y sin ambig\u00fcedades:\n<p>1.La gu\u00eda de la br\u00fajula con intensidad de campo de falla num\u00e9rica indica la direcci\u00f3n al lugar de la falla<\/p>\n<p>2.La gu\u00eda de izquierda \/ derecha sensible a la distancia gu\u00eda al usuario a seguir con precisi\u00f3n la ruta de la utilidad enterrada<\/p>\n<p>3.El control autom\u00e1tico de ganancia detecta r\u00e1pidamente la se\u00f1al de seguimiento y ajusta con precisi\u00f3n la sensibilidad del A-Frame<\/li>\n<\/ul>\n<p>El buscador de fallas a tierra del cable AF-600 A-Frame est\u00e1 dise\u00f1ado espec\u00edficamente para la serie de localizadores de servicios p\u00fablicos subterr\u00e1neos Amprobe UAT-600. En combinaci\u00f3n con el transmisor UAT-600, se\u00f1alar\u00e1 el lugar donde un conductor met\u00e1lico del cable (ya sea una funda o un conductor met\u00e1lico del alambre) toca el suelo. Tambi\u00e9n puede detectar otros conductores a fallas a tierra, como defectos en el revestimiento de tuber\u00edas.<\/p>\n","protected":false},"excerpt":{"rendered":"<table class=\"t1\" cellspacing=\"0\" cellpadding=\"0\">\n<tbody>\n<tr>\n<td class=\"td1\" valign=\"middle\">\n<p class=\"p1\">Caracter\u00edsticas<\/p>\n<\/td>\n<td class=\"td1\" valign=\"middle\">\n<p class=\"p1\">AF-600 A-Frame<\/p>\n<\/td>\n<\/tr>\n<tr>\n<td class=\"td1\" valign=\"middle\">\n<p class=\"p1\">Modo de rastreo (desenergizado)<\/p>\n<\/td>\n<td class=\"td1\" valign=\"middle\">\n<p class=\"p1\">8 kHz<\/p>\n<\/td>\n<\/tr>\n<tr>\n<td class=\"td1\" valign=\"middle\">\n<p class=\"p1\">Modo de localizaci\u00f3n<\/p>\n<\/td>\n<td class=\"td1\" valign=\"middle\">\n<p class=\"p1\">Localizaci\u00f3n de fallas a tierra<\/p>\n<\/td>\n<\/tr>\n<tr>\n<td class=\"td1\" valign=\"middle\">\n<p class=\"p1\">Sensibilidad (t\u00edpica)<\/p>\n<\/td>\n<td class=\"td1\" valign=\"middle\">\n<p class=\"p1\">Modo de localizaci\u00f3n de cables a 1 metro de profundidad: 10 uA<\/p>\n<p class=\"p1\">Modo de localizaci\u00f3n de fallas: hasta 2 M\u03a9 de fallas<\/p>\n<\/td>\n<\/tr>\n<tr>\n<td class=\"td1\" valign=\"middle\">\n<p class=\"p1\">Retroiluminaci\u00f3n de la pantalla<\/p>\n<\/td>\n<td class=\"td1\" valign=\"middle\">\n<p class=\"p1\">Autom\u00e1tico<\/p>\n<\/td>\n<\/tr>\n<tr>\n<td class=\"td1\" valign=\"middle\">\n<p class=\"p1\">Indicaci\u00f3n de audio<\/p>\n<\/td>\n<td class=\"td1\" valign=\"middle\">\n<p class=\"p1\">El altavoz indica izquierda \/ derecha mediante tono pulsado \/ continuo<\/p>\n<\/td>\n<\/tr>\n<tr>\n<td class=\"td1\" valign=\"middle\">\n<p class=\"p1\">Transmisor compatible<\/p>\n<\/td>\n<td class=\"td1\" valign=\"middle\">\n<p class=\"p1\">Transmisor UAT-600-T<\/p>\n<\/td>\n<\/tr>\n<tr>\n<td class=\"td1\" valign=\"middle\">\n<p class=\"p1\">Monitor<\/p>\n<\/td>\n<td class=\"td1\" valign=\"middle\">\n<p class=\"p1\">Pantalla LCD para exteriores de 1,28 pulgadas, 128 x 128 BW con retroiluminaci\u00f3n autom\u00e1tica<\/p>\n<\/td>\n<\/tr>\n<tr>\n<td class=\"td1\" valign=\"middle\">\n<p class=\"p1\">Frecuencia de actualizaci\u00f3n<\/p>\n<\/td>\n<td class=\"td1\" valign=\"middle\">\n<p class=\"p1\">Instant\u00e1neo<\/p>\n<\/td>\n<\/tr>\n<tr>\n<td class=\"td1\" valign=\"middle\">\n<p class=\"p1\">Temperatura y humedad de funcionamiento<\/p>\n<\/td>\n<td class=\"td1\" valign=\"middle\">\n<p class=\"p1\">-4 \u00b0 F a 122 \u00b0 F (-20 \u00b0 C a 50 \u00b0 C), \u226490% RH<\/p>\n<\/td>\n<\/tr>\n<tr>\n<td class=\"td1\" valign=\"middle\">\n<p class=\"p1\">Temperatura y humedad de almacenamiento<\/p>\n<\/td>\n<td class=\"td1\" valign=\"middle\">\n<p class=\"p1\">-40 \u00b0 F a 140 \u00b0 F (-40 \u00b0 C a 60 \u00b0 C), \u226490% RH<\/p>\n<\/td>\n<\/tr>\n<tr>\n<td class=\"td1\" valign=\"middle\">\n<p class=\"p1\">Altitud operativa<\/p>\n<\/td>\n<td class=\"td1\" valign=\"middle\">\n<p class=\"p1\">&lt;6561 pies (&lt;2000 m)<\/p>\n<\/td>\n<\/tr>\n<tr>\n<td class=\"td1\" valign=\"middle\">\n<p class=\"p1\">Grado de contaminaci\u00f3n<\/p>\n<\/td>\n<td class=\"td1\" valign=\"middle\">\n<p class=\"p1\">2<\/p>\n<\/td>\n<\/tr>\n<tr>\n<td class=\"td1\" valign=\"middle\">\n<p class=\"p1\">Resistencia al agua y al polvo<\/p>\n<\/td>\n<td class=\"td1\" valign=\"middle\">\n<p class=\"p1\">IP54<\/p>\n<\/td>\n<\/tr>\n<tr>\n<td class=\"td1\" valign=\"middle\">\n<p class=\"p1\">A prueba de ca\u00eddas<\/p>\n<\/td>\n<td class=\"td1\" valign=\"middle\">\n<p class=\"p1\">3,28 pies (1 m)<\/p>\n<\/td>\n<\/tr>\n<tr>\n<td class=\"td1\" valign=\"middle\">\n<p class=\"p1\">Fuente de alimentaci\u00f3n<\/p>\n<\/td>\n<td class=\"td1\" valign=\"middle\">\n<p class=\"p1\">(6) pilas alcalinas AA de 1,5 V<\/p>\n<\/td>\n<\/tr>\n<tr>\n<td class=\"td1\" valign=\"middle\">\n<p class=\"p1\">Apagado autom\u00e1tico<\/p>\n<\/td>\n<td class=\"td1\" valign=\"middle\">\n<p class=\"p1\">15 minutos inactivo<\/p>\n<\/td>\n<\/tr>\n<tr>\n<td class=\"td1\" valign=\"middle\">\n<p class=\"p1\">Duraci\u00f3n de la bater\u00eda<\/p>\n<\/td>\n<td class=\"td1\" valign=\"middle\">\n<p class=\"p1\">Aprox. 60 horas a 70 \u00b0 F (21 \u00b0 C) (t\u00edpico)<\/p>\n<\/td>\n<\/tr>\n<tr>\n<td class=\"td1\" valign=\"middle\">\n<p class=\"p1\">Aprobaci\u00f3n de la agencia<\/p>\n<\/td>\n<td class=\"td1\" valign=\"middle\"><\/td>\n<\/tr>\n<tr>\n<td class=\"td1\" valign=\"middle\">\n<p class=\"p1\">Cumplimiento de seguridad<\/p>\n<\/td>\n<td class=\"td1\" valign=\"middle\">\n<p class=\"p1\">IEC 61010-1<\/p>\n<p class=\"p1\">CSA \/ UL 61010-1<\/p>\n<\/td>\n<\/tr>\n<tr>\n<td class=\"td1\" valign=\"middle\">\n<p class=\"p1\">Tama\u00f1o (alto x ancho x largo)<\/p>\n<\/td>\n<td class=\"td1\" valign=\"middle\">\n<p class=\"p1\">Aprox. 14 x 9 x 4,7 pulgadas (355 x 230 x 120 mm)<\/p>\n<\/td>\n<\/tr>\n<tr>\n<td class=\"td1\" valign=\"middle\">\n<p class=\"p1\">Peso<\/p>\n<\/td>\n<td class=\"td1\" valign=\"middle\">\n<p class=\"p1\">Aprox. 4,2 lb (1,9 kg) (bater\u00edas instaladas)<\/p>\n<\/td>\n<\/tr>\n<\/tbody>\n<\/table>\n","protected":false},"featured_media":9354,"template":"","meta":{"_acf_changed":false},"pwb-brand":[104],"product_brand":[],"product_cat":[366,101,183,181],"product_tag":[],"class_list":{"0":"post-9161","1":"product","2":"type-product","3":"status-publish","4":"has-post-thumbnail","6":"pwb-brand-amprobe","7":"product_cat-todos-los-productos","8":"product_cat-amprobe","9":"product_cat-localizadores-subterraneos","10":"product_cat-rastreador-de-cables","12":"first","13":"instock","14":"taxable","15":"shipping-taxable","16":"product-type-simple"},"acf":[],"yoast_head":"<!-- This site is optimized with the Yoast SEO plugin v27.4 - https:\/\/yoast.com\/product\/yoast-seo-wordpress\/ -->\n<title>Localizador de fallas a tierra del cable AF-600 A-Frame - Techmaster de Mexico<\/title>\n<meta name=\"robots\" content=\"index, follow, max-snippet:-1, max-image-preview:large, max-video-preview:-1\" \/>\n<link rel=\"canonical\" href=\"https:\/\/techmasterdemexico.com\/producto\/localizador-de-fallas-a-tierra-del-cable-af-600-a-frame\/\" \/>\n<meta property=\"og:locale\" content=\"en_US\" \/>\n<meta property=\"og:type\" content=\"article\" \/>\n<meta property=\"og:title\" content=\"Localizador de fallas a tierra del cable AF-600 A-Frame - Techmaster de Mexico\" \/>\n<meta property=\"og:description\" content=\"Caracter\u00edsticas         AF-600 A-Frame               Modo de rastreo (desenergizado)         8 kHz               Modo de localizaci\u00f3n         Localizaci\u00f3n de fallas a tierra               Sensibilidad (t\u00edpica)         Modo de localizaci\u00f3n de cables a 1 metro de profundidad: 10 uA   Modo de localizaci\u00f3n de fallas: hasta 2 M\u03a9 de fallas               Retroiluminaci\u00f3n de la pantalla         Autom\u00e1tico               Indicaci\u00f3n de audio         El altavoz indica izquierda \/ derecha mediante tono pulsado \/ continuo               Transmisor compatible         Transmisor UAT-600-T               Monitor         Pantalla LCD para exteriores de 1,28 pulgadas, 128 x 128 BW con retroiluminaci\u00f3n autom\u00e1tica               Frecuencia de actualizaci\u00f3n         Instant\u00e1neo               Temperatura y humedad de funcionamiento         -4 \u00b0 F a 122 \u00b0 F (-20 \u00b0 C a 50 \u00b0 C), \u226490% RH               Temperatura y humedad de almacenamiento         -40 \u00b0 F a 140 \u00b0 F (-40 \u00b0 C a 60 \u00b0 C), \u226490% RH               Altitud operativa         &lt;6561 pies (&lt;2000 m)               Grado de contaminaci\u00f3n         2               Resistencia al agua y al polvo         IP54               A prueba de ca\u00eddas         3,28 pies (1 m)               Fuente de alimentaci\u00f3n         (6) pilas alcalinas AA de 1,5 V               Apagado autom\u00e1tico         15 minutos inactivo               Duraci\u00f3n de la bater\u00eda         Aprox. 60 horas a 70 \u00b0 F (21 \u00b0 C) (t\u00edpico)               Aprobaci\u00f3n de la agencia                  Cumplimiento de seguridad         IEC 61010-1   CSA \/ UL 61010-1               Tama\u00f1o (alto x ancho x largo)         Aprox. 14 x 9 x 4,7 pulgadas (355 x 230 x 120 mm)               Peso         Aprox. 4,2 lb (1,9 kg) (bater\u00edas instaladas)\" \/>\n<meta property=\"og:url\" content=\"https:\/\/techmasterdemexico.com\/producto\/localizador-de-fallas-a-tierra-del-cable-af-600-a-frame\/\" \/>\n<meta property=\"og:site_name\" content=\"Techmaster de Mexico\" \/>\n<meta property=\"article:modified_time\" content=\"2022-05-12T04:48:21+00:00\" \/>\n<meta property=\"og:image\" content=\"https:\/\/techmasterdemexico.com\/wp-content\/uploads\/2021\/09\/PD_AF-600-2.jpg\" \/>\n\t<meta property=\"og:image:width\" content=\"500\" \/>\n\t<meta property=\"og:image:height\" content=\"500\" \/>\n\t<meta property=\"og:image:type\" content=\"image\/jpeg\" \/>\n<meta name=\"twitter:card\" content=\"summary_large_image\" \/>\n<meta name=\"twitter:label1\" content=\"Est. reading time\" \/>\n\t<meta name=\"twitter:data1\" content=\"2 minutes\" \/>\n<script type=\"application\/ld+json\" class=\"yoast-schema-graph\">{\"@context\":\"https:\\\/\\\/schema.org\",\"@graph\":[{\"@type\":\"WebPage\",\"@id\":\"https:\\\/\\\/techmasterdemexico.com\\\/producto\\\/localizador-de-fallas-a-tierra-del-cable-af-600-a-frame\\\/\",\"url\":\"https:\\\/\\\/techmasterdemexico.com\\\/producto\\\/localizador-de-fallas-a-tierra-del-cable-af-600-a-frame\\\/\",\"name\":\"Localizador de fallas a tierra del cable AF-600 A-Frame - Techmaster de Mexico\",\"isPartOf\":{\"@id\":\"https:\\\/\\\/techmasterdemexico.com\\\/#website\"},\"primaryImageOfPage\":{\"@id\":\"https:\\\/\\\/techmasterdemexico.com\\\/producto\\\/localizador-de-fallas-a-tierra-del-cable-af-600-a-frame\\\/#primaryimage\"},\"image\":{\"@id\":\"https:\\\/\\\/techmasterdemexico.com\\\/producto\\\/localizador-de-fallas-a-tierra-del-cable-af-600-a-frame\\\/#primaryimage\"},\"thumbnailUrl\":\"https:\\\/\\\/techmasterdemexico.com\\\/wp-content\\\/uploads\\\/2021\\\/09\\\/PD_AF-600-2.jpg\",\"datePublished\":\"2021-09-14T22:38:24+00:00\",\"dateModified\":\"2022-05-12T04:48:21+00:00\",\"breadcrumb\":{\"@id\":\"https:\\\/\\\/techmasterdemexico.com\\\/producto\\\/localizador-de-fallas-a-tierra-del-cable-af-600-a-frame\\\/#breadcrumb\"},\"inLanguage\":\"en-US\",\"potentialAction\":[{\"@type\":\"ReadAction\",\"target\":[\"https:\\\/\\\/techmasterdemexico.com\\\/producto\\\/localizador-de-fallas-a-tierra-del-cable-af-600-a-frame\\\/\"]}]},{\"@type\":\"ImageObject\",\"inLanguage\":\"en-US\",\"@id\":\"https:\\\/\\\/techmasterdemexico.com\\\/producto\\\/localizador-de-fallas-a-tierra-del-cable-af-600-a-frame\\\/#primaryimage\",\"url\":\"https:\\\/\\\/techmasterdemexico.com\\\/wp-content\\\/uploads\\\/2021\\\/09\\\/PD_AF-600-2.jpg\",\"contentUrl\":\"https:\\\/\\\/techmasterdemexico.com\\\/wp-content\\\/uploads\\\/2021\\\/09\\\/PD_AF-600-2.jpg\",\"width\":500,\"height\":500},{\"@type\":\"BreadcrumbList\",\"@id\":\"https:\\\/\\\/techmasterdemexico.com\\\/producto\\\/localizador-de-fallas-a-tierra-del-cable-af-600-a-frame\\\/#breadcrumb\",\"itemListElement\":[{\"@type\":\"ListItem\",\"position\":1,\"name\":\"Portada\",\"item\":\"https:\\\/\\\/techmasterdemexico.com\\\/\"},{\"@type\":\"ListItem\",\"position\":2,\"name\":\"Localizador de fallas a tierra del cable AF-600 A-Frame\"}]},{\"@type\":\"WebSite\",\"@id\":\"https:\\\/\\\/techmasterdemexico.com\\\/#website\",\"url\":\"https:\\\/\\\/techmasterdemexico.com\\\/\",\"name\":\"Techmaster de Mexico\",\"description\":\"\",\"potentialAction\":[{\"@type\":\"SearchAction\",\"target\":{\"@type\":\"EntryPoint\",\"urlTemplate\":\"https:\\\/\\\/techmasterdemexico.com\\\/?s={search_term_string}\"},\"query-input\":{\"@type\":\"PropertyValueSpecification\",\"valueRequired\":true,\"valueName\":\"search_term_string\"}}],\"inLanguage\":\"en-US\"}]}<\/script>\n<!-- \/ Yoast SEO plugin. -->","yoast_head_json":{"title":"Localizador de fallas a tierra del cable AF-600 A-Frame - Techmaster de Mexico","robots":{"index":"index","follow":"follow","max-snippet":"max-snippet:-1","max-image-preview":"max-image-preview:large","max-video-preview":"max-video-preview:-1"},"canonical":"https:\/\/techmasterdemexico.com\/producto\/localizador-de-fallas-a-tierra-del-cable-af-600-a-frame\/","og_locale":"en_US","og_type":"article","og_title":"Localizador de fallas a tierra del cable AF-600 A-Frame - Techmaster de Mexico","og_description":"Caracter\u00edsticas         AF-600 A-Frame               Modo de rastreo (desenergizado)         8 kHz               Modo de localizaci\u00f3n         Localizaci\u00f3n de fallas a tierra               Sensibilidad (t\u00edpica)         Modo de localizaci\u00f3n de cables a 1 metro de profundidad: 10 uA   Modo de localizaci\u00f3n de fallas: hasta 2 M\u03a9 de fallas               Retroiluminaci\u00f3n de la pantalla         Autom\u00e1tico               Indicaci\u00f3n de audio         El altavoz indica izquierda \/ derecha mediante tono pulsado \/ continuo               Transmisor compatible         Transmisor UAT-600-T               Monitor         Pantalla LCD para exteriores de 1,28 pulgadas, 128 x 128 BW con retroiluminaci\u00f3n autom\u00e1tica               Frecuencia de actualizaci\u00f3n         Instant\u00e1neo               Temperatura y humedad de funcionamiento         -4 \u00b0 F a 122 \u00b0 F (-20 \u00b0 C a 50 \u00b0 C), \u226490% RH               Temperatura y humedad de almacenamiento         -40 \u00b0 F a 140 \u00b0 F (-40 \u00b0 C a 60 \u00b0 C), \u226490% RH               Altitud operativa         &lt;6561 pies (&lt;2000 m)               Grado de contaminaci\u00f3n         2               Resistencia al agua y al polvo         IP54               A prueba de ca\u00eddas         3,28 pies (1 m)               Fuente de alimentaci\u00f3n         (6) pilas alcalinas AA de 1,5 V               Apagado autom\u00e1tico         15 minutos inactivo               Duraci\u00f3n de la bater\u00eda         Aprox. 60 horas a 70 \u00b0 F (21 \u00b0 C) (t\u00edpico)               Aprobaci\u00f3n de la agencia                  Cumplimiento de seguridad         IEC 61010-1   CSA \/ UL 61010-1               Tama\u00f1o (alto x ancho x largo)         Aprox. 14 x 9 x 4,7 pulgadas (355 x 230 x 120 mm)               Peso         Aprox. 4,2 lb (1,9 kg) (bater\u00edas instaladas)","og_url":"https:\/\/techmasterdemexico.com\/producto\/localizador-de-fallas-a-tierra-del-cable-af-600-a-frame\/","og_site_name":"Techmaster de Mexico","article_modified_time":"2022-05-12T04:48:21+00:00","og_image":[{"width":500,"height":500,"url":"https:\/\/techmasterdemexico.com\/wp-content\/uploads\/2021\/09\/PD_AF-600-2.jpg","type":"image\/jpeg"}],"twitter_card":"summary_large_image","twitter_misc":{"Est. reading time":"2 minutes"},"schema":{"@context":"https:\/\/schema.org","@graph":[{"@type":"WebPage","@id":"https:\/\/techmasterdemexico.com\/producto\/localizador-de-fallas-a-tierra-del-cable-af-600-a-frame\/","url":"https:\/\/techmasterdemexico.com\/producto\/localizador-de-fallas-a-tierra-del-cable-af-600-a-frame\/","name":"Localizador de fallas a tierra del cable AF-600 A-Frame - Techmaster de Mexico","isPartOf":{"@id":"https:\/\/techmasterdemexico.com\/#website"},"primaryImageOfPage":{"@id":"https:\/\/techmasterdemexico.com\/producto\/localizador-de-fallas-a-tierra-del-cable-af-600-a-frame\/#primaryimage"},"image":{"@id":"https:\/\/techmasterdemexico.com\/producto\/localizador-de-fallas-a-tierra-del-cable-af-600-a-frame\/#primaryimage"},"thumbnailUrl":"https:\/\/techmasterdemexico.com\/wp-content\/uploads\/2021\/09\/PD_AF-600-2.jpg","datePublished":"2021-09-14T22:38:24+00:00","dateModified":"2022-05-12T04:48:21+00:00","breadcrumb":{"@id":"https:\/\/techmasterdemexico.com\/producto\/localizador-de-fallas-a-tierra-del-cable-af-600-a-frame\/#breadcrumb"},"inLanguage":"en-US","potentialAction":[{"@type":"ReadAction","target":["https:\/\/techmasterdemexico.com\/producto\/localizador-de-fallas-a-tierra-del-cable-af-600-a-frame\/"]}]},{"@type":"ImageObject","inLanguage":"en-US","@id":"https:\/\/techmasterdemexico.com\/producto\/localizador-de-fallas-a-tierra-del-cable-af-600-a-frame\/#primaryimage","url":"https:\/\/techmasterdemexico.com\/wp-content\/uploads\/2021\/09\/PD_AF-600-2.jpg","contentUrl":"https:\/\/techmasterdemexico.com\/wp-content\/uploads\/2021\/09\/PD_AF-600-2.jpg","width":500,"height":500},{"@type":"BreadcrumbList","@id":"https:\/\/techmasterdemexico.com\/producto\/localizador-de-fallas-a-tierra-del-cable-af-600-a-frame\/#breadcrumb","itemListElement":[{"@type":"ListItem","position":1,"name":"Portada","item":"https:\/\/techmasterdemexico.com\/"},{"@type":"ListItem","position":2,"name":"Localizador de fallas a tierra del cable AF-600 A-Frame"}]},{"@type":"WebSite","@id":"https:\/\/techmasterdemexico.com\/#website","url":"https:\/\/techmasterdemexico.com\/","name":"Techmaster de Mexico","description":"","potentialAction":[{"@type":"SearchAction","target":{"@type":"EntryPoint","urlTemplate":"https:\/\/techmasterdemexico.com\/?s={search_term_string}"},"query-input":{"@type":"PropertyValueSpecification","valueRequired":true,"valueName":"search_term_string"}}],"inLanguage":"en-US"}]}},"brands":[{"id":104,"name":"Amprobe","slug":"amprobe"}],"_links":{"self":[{"href":"https:\/\/techmasterdemexico.com\/en\/wp-json\/wp\/v2\/product\/9161","targetHints":{"allow":["GET"]}}],"collection":[{"href":"https:\/\/techmasterdemexico.com\/en\/wp-json\/wp\/v2\/product"}],"about":[{"href":"https:\/\/techmasterdemexico.com\/en\/wp-json\/wp\/v2\/types\/product"}],"wp:featuredmedia":[{"embeddable":true,"href":"https:\/\/techmasterdemexico.com\/en\/wp-json\/wp\/v2\/media\/9354"}],"wp:attachment":[{"href":"https:\/\/techmasterdemexico.com\/en\/wp-json\/wp\/v2\/media?parent=9161"}],"wp:term":[{"taxonomy":"pwb-brand","embeddable":true,"href":"https:\/\/techmasterdemexico.com\/en\/wp-json\/wp\/v2\/pwb-brand?post=9161"},{"taxonomy":"product_brand","embeddable":true,"href":"https:\/\/techmasterdemexico.com\/en\/wp-json\/wp\/v2\/product_brand?post=9161"},{"taxonomy":"product_cat","embeddable":true,"href":"https:\/\/techmasterdemexico.com\/en\/wp-json\/wp\/v2\/product_cat?post=9161"},{"taxonomy":"product_tag","embeddable":true,"href":"https:\/\/techmasterdemexico.com\/en\/wp-json\/wp\/v2\/product_tag?post=9161"}],"curies":[{"name":"wp","href":"https:\/\/api.w.org\/{rel}","templated":true}]}}