{"id":9160,"date":"2021-09-14T22:38:23","date_gmt":"2021-09-14T22:38:23","guid":{"rendered":"https:\/\/techmastermx.ddns.net\/producto\/kit-de-localizador-de-servicios-publicos-subterraneos-uat-505\/"},"modified":"2022-05-12T04:48:54","modified_gmt":"2022-05-12T04:48:54","slug":"kit-de-localizador-de-servicios-publicos-subterraneos-uat-505","status":"publish","type":"product","link":"https:\/\/techmasterdemexico.com\/en\/producto\/kit-de-localizador-de-servicios-publicos-subterraneos-uat-505\/","title":{"rendered":"Kit de localizador de servicios p\u00fablicos subterr\u00e1neos UAT-505"},"content":{"rendered":"<p>Kit de localizaci\u00f3n de servicios p\u00fablicos subterr\u00e1neos Amprobe UAT-505<\/p>\n<ul>\n<li>Localiza alambres y cables energizados y desenergizados subterr\u00e1neos<\/li>\n<li>Localiza tuber\u00edas de metal subterr\u00e1neas<\/li>\n<li>M\u00faltiples modos de rastreo para localizar y rastrear servicios energizados y desenergizados en una variedad de aplicaciones: modo de energ\u00eda, modo de radio, modo de inducci\u00f3n y modo de conexi\u00f3n de cables de prueba directos<\/li>\n<li>Medici\u00f3n de profundidad de hasta 20 pies, detecci\u00f3n y rastreo de servicios p\u00fablicos enterrados hasta 100 pies de profundidad (solo en el modo de conexi\u00f3n de cables de prueba directa)<\/li>\n<li>El receptor cuenta con una pantalla de alto contraste con retroiluminaci\u00f3n autom\u00e1tica y control de ganancia semiautom\u00e1tico para una r\u00e1pida ubicaci\u00f3n y control de la se\u00f1al.<\/li>\n<li>Frecuencia de transmisi\u00f3n de 33 kHz: la mejor frecuencia para localizaci\u00f3n general<\/li>\n<li>Kit completo listo para usar: receptor, transmisor, cables de prueba, bater\u00edas y estuche de transporte<\/li>\n<\/ul>\n<p>El kit localizador de servicios p\u00fablicos subterr\u00e1neos Amprobe UAT-505 es la soluci\u00f3n robusta y econ\u00f3mica para ubicar alambres, cables y tuber\u00edas subterr\u00e1neos energizados y desenergizados. El transmisor utiliza la frecuencia probada de 33 kHz, que es ideal para la mayor\u00eda de las aplicaciones de localizaci\u00f3n. Con el receptor, rastree la se\u00f1al en los modos de conexi\u00f3n de cables de prueba directa o de inducci\u00f3n. El receptor presenta una respuesta r\u00e1pida de sonido y medidor y mediciones de profundidad f\u00e1ciles a 20 pies con solo presionar un bot\u00f3n, as\u00ed como modos de potencia y radio altamente sensibles que detectan cables energizados y se\u00f1ales de radio en l\u00edneas subterr\u00e1neas.<\/p>\n","protected":false},"excerpt":{"rendered":"<table class=\"t1\" cellspacing=\"0\" cellpadding=\"0\">\n<tbody>\n<tr>\n<td class=\"td1\" valign=\"middle\">\n<p class=\"p1\">Caracter\u00edsticas<\/p>\n<\/td>\n<td class=\"td1\" valign=\"middle\">\n<p class=\"p1\">Receptor UAT-600-R<\/p>\n<\/td>\n<td class=\"td1\" valign=\"middle\">\n<p class=\"p1\">Transmisor UAT-500-T<\/p>\n<\/td>\n<\/tr>\n<tr>\n<td class=\"td1\" valign=\"middle\">\n<p class=\"p1\">Categor\u00eda de medida<\/p>\n<\/td>\n<td class=\"td1\" valign=\"middle\">\n<p class=\"p1\">CAT IV 600 V<\/p>\n<\/td>\n<td class=\"td1\" valign=\"middle\">\n<p class=\"p1\">N \/ A<\/p>\n<\/td>\n<\/tr>\n<tr>\n<td class=\"td1\" valign=\"middle\">\n<p class=\"p1\">Voltaje \/ corriente de funcionamiento<\/p>\n<\/td>\n<td class=\"td1\" valign=\"middle\">\n<p class=\"p1\">0 hasta 600 V<\/p>\n<\/td>\n<td class=\"td1\" valign=\"middle\">\n<p class=\"p1\">Circuito desenergizado solo para el modo de conexi\u00f3n directa<\/p>\n<\/td>\n<\/tr>\n<tr>\n<td class=\"td1\" valign=\"middle\">\n<p class=\"p1\">Modos de frecuencia \/ rastreo de funcionamiento<\/p>\n<\/td>\n<td class=\"td1\" valign=\"middle\">\n<p class=\"p1\">Seguimiento activo: 33 kHz y 8 kHz<\/p>\n<p class=\"p1\">Rastreo pasivo: 50\/60 Hz y radio<\/p>\n<\/td>\n<td class=\"td1\" valign=\"middle\">\n<p class=\"p1\">Desenergizado:<\/p>\n<p class=\"p1\">&#8211; Modo de inducci\u00f3n<\/p>\n<p class=\"p1\">&#8211; Modo de conexi\u00f3n directa<\/p>\n<p class=\"p1\">&#8211; Modo de abrazadera<\/p>\n<\/td>\n<\/tr>\n<tr>\n<td class=\"td1\" valign=\"middle\">\n<p class=\"p1\">Modos de localizaci\u00f3n<\/p>\n<\/td>\n<td class=\"td1\" valign=\"middle\">\n<p class=\"p1\">Pico y nulo<\/p>\n<\/td>\n<td class=\"td1\" valign=\"middle\">\n<p class=\"p1\">&#8211;<\/p>\n<\/td>\n<\/tr>\n<tr>\n<td class=\"td1\" valign=\"middle\">\n<p class=\"p1\">Medici\u00f3n de profundidad y precisi\u00f3n<\/p>\n<\/td>\n<td class=\"td1\" valign=\"middle\">\n<p class=\"p1\">Hasta 20 pies<\/p>\n<p class=\"p1\">4 pulg. A 10 pies: pm; 3%<\/p>\n<p class=\"p1\">10 pies a 20 pies: pm; 5%<\/p>\n<\/td>\n<td class=\"td1\" valign=\"middle\">\n<p class=\"p1\">&#8211;<\/p>\n<\/td>\n<\/tr>\n<tr>\n<td class=\"td1\" valign=\"middle\">\n<p class=\"p1\">Retroiluminaci\u00f3n de la pantalla<\/p>\n<\/td>\n<td class=\"td1\" valign=\"middle\">\n<p class=\"p1\">Autom\u00e1tico<\/p>\n<\/td>\n<td class=\"td1\" valign=\"middle\">\n<p class=\"p1\">N \/ A<\/p>\n<\/td>\n<\/tr>\n<tr>\n<td class=\"td1\" valign=\"middle\">\n<p class=\"p1\">Indicaci\u00f3n de audio<\/p>\n<\/td>\n<td class=\"td1\" valign=\"middle\">\n<p class=\"p1\">Cada vez m\u00e1s cerca de la se\u00f1al<\/p>\n<\/td>\n<td class=\"td1\" valign=\"middle\">\n<p class=\"p1\">Modo de se\u00f1al continua: tono de audio continuo<\/p>\n<p class=\"p1\">Modo de se\u00f1al de pulso: tono de audio de pulso r\u00e1pido<\/p>\n<\/td>\n<\/tr>\n<tr>\n<td class=\"td1\" valign=\"middle\">\n<p class=\"p1\">Salida de potencia del modo de transmisi\u00f3n<\/p>\n<\/td>\n<td class=\"td1\" valign=\"middle\">\n<p class=\"p1\">&#8211;<\/p>\n<\/td>\n<td class=\"td1\" valign=\"middle\">\n<p class=\"p1\">Max. 1 vatio<\/p>\n<\/td>\n<\/tr>\n<tr>\n<td class=\"td1\" valign=\"middle\">\n<p class=\"p1\">Tensi\u00f3n de salida<\/p>\n<\/td>\n<td class=\"td1\" valign=\"middle\">\n<p class=\"p1\">&#8211;<\/p>\n<\/td>\n<td class=\"td1\" valign=\"middle\">\n<p class=\"p1\">Max. 35 V rms<\/p>\n<\/td>\n<\/tr>\n<tr>\n<td class=\"td1\" valign=\"middle\">\n<p class=\"p1\">Corriente de salida<\/p>\n<\/td>\n<td class=\"td1\" valign=\"middle\">\n<p class=\"p1\">&#8211;<\/p>\n<\/td>\n<td class=\"td1\" valign=\"middle\">\n<p class=\"p1\">Max. 100 mA rms<\/p>\n<\/td>\n<\/tr>\n<tr>\n<td class=\"td1\" valign=\"middle\">\n<p class=\"p1\">Ajuste de sensibilidad (control de ganancia)<\/p>\n<\/td>\n<td class=\"td1\" valign=\"middle\">\n<p class=\"p1\">s\u00ed<\/p>\n<\/td>\n<td class=\"td1\" valign=\"middle\">\n<p class=\"p1\">&#8211;<\/p>\n<\/td>\n<\/tr>\n<tr>\n<td class=\"td1\" valign=\"middle\">\n<p class=\"p1\">Sensibilidad a 1 m (t\u00edpica)<\/p>\n<\/td>\n<td class=\"td1\" valign=\"middle\">\n<p class=\"p1\">Potencia: 2 mA<\/p>\n<p class=\"p1\">Radio: 20 \u03bcA<\/p>\n<p class=\"p1\">8 kHz: 5 \u03bcA<\/p>\n<p class=\"p1\">33 kHz: 5 \u03bcA<\/p>\n<\/td>\n<td class=\"td1\" valign=\"middle\">\n<p class=\"p1\">&#8211;<\/p>\n<\/td>\n<\/tr>\n<tr>\n<td class=\"td1\" valign=\"middle\">\n<p class=\"p1\">Monitor<\/p>\n<\/td>\n<td class=\"td1\" valign=\"middle\">\n<p class=\"p1\">Pantalla LCD para exteriores de 4,3 pulgadas, 320 x 240 BW con retroiluminaci\u00f3n autom\u00e1tica<\/p>\n<\/td>\n<td class=\"td1\" valign=\"middle\">\n<p class=\"p1\">N \/ A<\/p>\n<\/td>\n<\/tr>\n<tr>\n<td class=\"td1\" valign=\"middle\">\n<p class=\"p1\">Frecuencia de actualizaci\u00f3n<\/p>\n<\/td>\n<td class=\"td1\" valign=\"middle\">\n<p class=\"p1\">Instant\u00e1neo<\/p>\n<\/td>\n<td class=\"td1\" valign=\"middle\">\n<p class=\"p1\">&#8211;<\/p>\n<\/td>\n<\/tr>\n<tr>\n<td class=\"td1\" valign=\"middle\">\n<p class=\"p1\">Temperatura y humedad de funcionamiento<\/p>\n<\/td>\n<td class=\"td1\" valign=\"middle\">\n<p class=\"p1\">-4 \u00b0 F a 122 \u00b0 F (-20 \u00b0 C a 50 \u00b0 C), \u226490% RH<\/p>\n<\/td>\n<td class=\"td1\" valign=\"middle\">\n<p class=\"p1\">-4 \u00b0 F a 122 \u00b0 F (-20 \u00b0 C a 50 \u00b0 C), \u226480% RH<\/p>\n<\/td>\n<\/tr>\n<tr>\n<td class=\"td1\" valign=\"middle\">\n<p class=\"p1\">Temperatura y humedad de almacenamiento<\/p>\n<\/td>\n<td class=\"td1\" valign=\"middle\">\n<p class=\"p1\">-40 \u00b0 F a 140 \u00b0 F (-40 \u00b0 C a 60 \u00b0 C), \u226490% RH<\/p>\n<\/td>\n<td class=\"td1\" valign=\"middle\">\n<p class=\"p1\">-40 \u00b0 F a 140 \u00b0 F (-40 \u00b0 C a 60 \u00b0 C), \u226480% RH<\/p>\n<\/td>\n<\/tr>\n<tr>\n<td class=\"td1\" valign=\"middle\">\n<p class=\"p1\">Altitud operativa<\/p>\n<\/td>\n<td class=\"td1\" valign=\"middle\">\n<p class=\"p1\">&lt;6561 pies (&lt;2000 m)<\/p>\n<\/td>\n<td class=\"td1\" valign=\"middle\"><\/td>\n<\/tr>\n<tr>\n<td class=\"td1\" valign=\"middle\">\n<p class=\"p1\">Grado de contaminaci\u00f3n<\/p>\n<\/td>\n<td class=\"td1\" valign=\"middle\">\n<p class=\"p1\">2<\/p>\n<\/td>\n<td class=\"td1\" valign=\"middle\"><\/td>\n<\/tr>\n<tr>\n<td class=\"td1\" valign=\"middle\">\n<p class=\"p1\">Resistencia al agua y al polvo<\/p>\n<\/td>\n<td class=\"td1\" valign=\"middle\">\n<p class=\"p1\">IP54<\/p>\n<\/td>\n<td class=\"td1\" valign=\"middle\"><\/td>\n<\/tr>\n<tr>\n<td class=\"td1\" valign=\"middle\">\n<p class=\"p1\">Fuente de alimentaci\u00f3n<\/p>\n<\/td>\n<td class=\"td1\" valign=\"middle\">\n<p class=\"p1\">(6) pilas alcalinas AA de 1,5 V<\/p>\n<\/td>\n<td class=\"td1\" valign=\"middle\">\n<p class=\"p1\">(4) pilas alcalinas de 1,5 VD<\/p>\n<\/td>\n<\/tr>\n<tr>\n<td class=\"td1\" valign=\"middle\">\n<p class=\"p1\">Apagado autom\u00e1tico<\/p>\n<\/td>\n<td class=\"td1\" valign=\"middle\">\n<p class=\"p1\">15 minutos inactivo<\/p>\n<\/td>\n<td class=\"td1\" valign=\"middle\">\n<p class=\"p1\">&#8211;<\/p>\n<\/td>\n<\/tr>\n<tr>\n<td class=\"td1\" valign=\"middle\">\n<p class=\"p1\">Duraci\u00f3n de la bater\u00eda<\/p>\n<\/td>\n<td class=\"td1\" valign=\"middle\">\n<p class=\"p1\">Aprox. 35 horas a 70 \u00b0 F (21 \u00b0 C) (t\u00edpico)<\/p>\n<\/td>\n<td class=\"td1\" valign=\"middle\">\n<p class=\"p1\">Aprox. 12 horas a 70 \u00b0 F (21 \u00b0 C) (t\u00edpico)<\/p>\n<\/td>\n<\/tr>\n<tr>\n<td class=\"td1\" valign=\"middle\">\n<p class=\"p1\">Aprobaci\u00f3n de la agencia<\/p>\n<\/td>\n<td class=\"td1\" valign=\"middle\">\n<p class=\"p2\"><span class=\"Apple-converted-space\">\u00a0 \u00a0<\/span><\/p>\n<\/td>\n<td class=\"td1\" valign=\"middle\"><\/td>\n<\/tr>\n<tr>\n<td class=\"td1\" valign=\"middle\">\n<p class=\"p1\">Cumplimiento de seguridad<\/p>\n<\/td>\n<td class=\"td1\" valign=\"middle\">\n<p class=\"p1\">IEC 61010-1, IEC 61010-2-033<\/p>\n<p class=\"p1\">CSA \/ UL 61010-1, CSA \/ UL 61010-2-033<\/p>\n<\/td>\n<td class=\"td1\" valign=\"middle\">\n<p class=\"p1\">IEC 61010-1, CSA \/ UL 61010-1<\/p>\n<p class=\"p1\">IEC 61010-031, CSA \/ UL 61010-031 (cables de prueba)<\/p>\n<\/td>\n<\/tr>\n<tr>\n<td class=\"td1\" valign=\"middle\">\n<p class=\"p1\">Tama\u00f1o (alto x ancho x largo)<\/p>\n<\/td>\n<td class=\"td1\" valign=\"middle\">\n<p class=\"p1\">Aprox. 11,9 x 4,7 x 30,7 pulgadas (302 x 120 x 779 mm)<\/p>\n<\/td>\n<td class=\"td1\" valign=\"middle\">\n<p class=\"p1\">Aprox. 18,1 x 3,5 x 2,6 pulgadas (460 x 90 x 65 mm)<\/p>\n<\/td>\n<\/tr>\n<tr>\n<td class=\"td1\" valign=\"middle\">\n<p class=\"p1\">Peso<\/p>\n<\/td>\n<td class=\"td1\" valign=\"middle\">\n<p class=\"p1\">Aprox. 4,2 lb (1,9 kg) (bater\u00edas instaladas)<\/p>\n<\/td>\n<td class=\"td1\" valign=\"middle\">\n<p class=\"p1\">Aprox. 3,9 lb (1,77 kg) (bater\u00edas instaladas)<\/p>\n<\/td>\n<\/tr>\n<\/tbody>\n<\/table>\n","protected":false},"featured_media":9360,"template":"","meta":{"_acf_changed":false},"pwb-brand":[104],"product_brand":[],"product_cat":[366,101,183,181],"product_tag":[],"class_list":{"0":"post-9160","1":"product","2":"type-product","3":"status-publish","4":"has-post-thumbnail","6":"pwb-brand-amprobe","7":"product_cat-todos-los-productos","8":"product_cat-amprobe","9":"product_cat-localizadores-subterraneos","10":"product_cat-rastreador-de-cables","12":"first","13":"instock","14":"taxable","15":"shipping-taxable","16":"product-type-simple"},"acf":[],"yoast_head":"<!-- This site is optimized with the Yoast SEO plugin v27.4 - https:\/\/yoast.com\/product\/yoast-seo-wordpress\/ -->\n<title>Kit de localizador de servicios p\u00fablicos subterr\u00e1neos UAT-505 - Techmaster de Mexico<\/title>\n<meta name=\"robots\" content=\"index, follow, max-snippet:-1, max-image-preview:large, max-video-preview:-1\" \/>\n<link rel=\"canonical\" href=\"https:\/\/techmasterdemexico.com\/producto\/kit-de-localizador-de-servicios-publicos-subterraneos-uat-505\/\" \/>\n<meta property=\"og:locale\" content=\"en_US\" \/>\n<meta property=\"og:type\" content=\"article\" \/>\n<meta property=\"og:title\" content=\"Kit de localizador de servicios p\u00fablicos subterr\u00e1neos UAT-505 - Techmaster de Mexico\" \/>\n<meta property=\"og:description\" content=\"Caracter\u00edsticas         Receptor UAT-600-R         Transmisor UAT-500-T               Categor\u00eda de medida         CAT IV 600 V         N \/ A               Voltaje \/ corriente de funcionamiento         0 hasta 600 V         Circuito desenergizado solo para el modo de conexi\u00f3n directa               Modos de frecuencia \/ rastreo de funcionamiento         Seguimiento activo: 33 kHz y 8 kHz   Rastreo pasivo: 50\/60 Hz y radio         Desenergizado:   - Modo de inducci\u00f3n   - Modo de conexi\u00f3n directa   - Modo de abrazadera               Modos de localizaci\u00f3n         Pico y nulo         -               Medici\u00f3n de profundidad y precisi\u00f3n         Hasta 20 pies   4 pulg. A 10 pies: pm; 3%   10 pies a 20 pies: pm; 5%         -               Retroiluminaci\u00f3n de la pantalla         Autom\u00e1tico         N \/ A               Indicaci\u00f3n de audio         Cada vez m\u00e1s cerca de la se\u00f1al         Modo de se\u00f1al continua: tono de audio continuo   Modo de se\u00f1al de pulso: tono de audio de pulso r\u00e1pido               Salida de potencia del modo de transmisi\u00f3n         -         Max. 1 vatio               Tensi\u00f3n de salida         -         Max. 35 V rms               Corriente de salida         -         Max. 100 mA rms               Ajuste de sensibilidad (control de ganancia)         s\u00ed         -               Sensibilidad a 1 m (t\u00edpica)         Potencia: 2 mA   Radio: 20 \u03bcA   8 kHz: 5 \u03bcA   33 kHz: 5 \u03bcA         -               Monitor         Pantalla LCD para exteriores de 4,3 pulgadas, 320 x 240 BW con retroiluminaci\u00f3n autom\u00e1tica         N \/ A               Frecuencia de actualizaci\u00f3n         Instant\u00e1neo         -               Temperatura y humedad de funcionamiento         -4 \u00b0 F a 122 \u00b0 F (-20 \u00b0 C a 50 \u00b0 C), \u226490% RH         -4 \u00b0 F a 122 \u00b0 F (-20 \u00b0 C a 50 \u00b0 C), \u226480% RH               Temperatura y humedad de almacenamiento         -40 \u00b0 F a 140 \u00b0 F (-40 \u00b0 C a 60 \u00b0 C), \u226490% RH         -40 \u00b0 F a 140 \u00b0 F (-40 \u00b0 C a 60 \u00b0 C), \u226480% RH               Altitud operativa         &lt;6561 pies (&lt;2000 m)                  Grado de contaminaci\u00f3n         2                  Resistencia al agua y al polvo         IP54                  Fuente de alimentaci\u00f3n         (6) pilas alcalinas AA de 1,5 V         (4) pilas alcalinas de 1,5 VD               Apagado autom\u00e1tico         15 minutos inactivo         -               Duraci\u00f3n de la bater\u00eda         Aprox. 35 horas a 70 \u00b0 F (21 \u00b0 C) (t\u00edpico)         Aprox. 12 horas a 70 \u00b0 F (21 \u00b0 C) (t\u00edpico)               Aprobaci\u00f3n de la agencia         \u00a0 \u00a0                  Cumplimiento de seguridad         IEC 61010-1, IEC 61010-2-033   CSA \/ UL 61010-1, CSA \/ UL 61010-2-033         IEC 61010-1, CSA \/ UL 61010-1   IEC 61010-031, CSA \/ UL 61010-031 (cables de prueba)               Tama\u00f1o (alto x ancho x largo)         Aprox. 11,9 x 4,7 x 30,7 pulgadas (302 x 120 x 779 mm)         Aprox. 18,1 x 3,5 x 2,6 pulgadas (460 x 90 x 65 mm)               Peso         Aprox. 4,2 lb (1,9 kg) (bater\u00edas instaladas)         Aprox. 3,9 lb (1,77 kg) (bater\u00edas instaladas)\" \/>\n<meta property=\"og:url\" content=\"https:\/\/techmasterdemexico.com\/producto\/kit-de-localizador-de-servicios-publicos-subterraneos-uat-505\/\" \/>\n<meta property=\"og:site_name\" content=\"Techmaster de Mexico\" \/>\n<meta property=\"article:modified_time\" content=\"2022-05-12T04:48:54+00:00\" \/>\n<meta property=\"og:image\" content=\"https:\/\/techmasterdemexico.com\/wp-content\/uploads\/2021\/09\/Ap-uat-505_02a_w.jpg\" \/>\n\t<meta property=\"og:image:width\" content=\"500\" \/>\n\t<meta property=\"og:image:height\" content=\"500\" \/>\n\t<meta property=\"og:image:type\" content=\"image\/jpeg\" \/>\n<meta name=\"twitter:card\" content=\"summary_large_image\" \/>\n<meta name=\"twitter:label1\" content=\"Est. reading time\" \/>\n\t<meta name=\"twitter:data1\" content=\"1 minute\" \/>\n<script type=\"application\/ld+json\" class=\"yoast-schema-graph\">{\"@context\":\"https:\\\/\\\/schema.org\",\"@graph\":[{\"@type\":\"WebPage\",\"@id\":\"https:\\\/\\\/techmasterdemexico.com\\\/producto\\\/kit-de-localizador-de-servicios-publicos-subterraneos-uat-505\\\/\",\"url\":\"https:\\\/\\\/techmasterdemexico.com\\\/producto\\\/kit-de-localizador-de-servicios-publicos-subterraneos-uat-505\\\/\",\"name\":\"Kit de localizador de servicios p\u00fablicos subterr\u00e1neos UAT-505 - Techmaster de Mexico\",\"isPartOf\":{\"@id\":\"https:\\\/\\\/techmasterdemexico.com\\\/#website\"},\"primaryImageOfPage\":{\"@id\":\"https:\\\/\\\/techmasterdemexico.com\\\/producto\\\/kit-de-localizador-de-servicios-publicos-subterraneos-uat-505\\\/#primaryimage\"},\"image\":{\"@id\":\"https:\\\/\\\/techmasterdemexico.com\\\/producto\\\/kit-de-localizador-de-servicios-publicos-subterraneos-uat-505\\\/#primaryimage\"},\"thumbnailUrl\":\"https:\\\/\\\/techmasterdemexico.com\\\/wp-content\\\/uploads\\\/2021\\\/09\\\/Ap-uat-505_02a_w.jpg\",\"datePublished\":\"2021-09-14T22:38:23+00:00\",\"dateModified\":\"2022-05-12T04:48:54+00:00\",\"breadcrumb\":{\"@id\":\"https:\\\/\\\/techmasterdemexico.com\\\/producto\\\/kit-de-localizador-de-servicios-publicos-subterraneos-uat-505\\\/#breadcrumb\"},\"inLanguage\":\"en-US\",\"potentialAction\":[{\"@type\":\"ReadAction\",\"target\":[\"https:\\\/\\\/techmasterdemexico.com\\\/producto\\\/kit-de-localizador-de-servicios-publicos-subterraneos-uat-505\\\/\"]}]},{\"@type\":\"ImageObject\",\"inLanguage\":\"en-US\",\"@id\":\"https:\\\/\\\/techmasterdemexico.com\\\/producto\\\/kit-de-localizador-de-servicios-publicos-subterraneos-uat-505\\\/#primaryimage\",\"url\":\"https:\\\/\\\/techmasterdemexico.com\\\/wp-content\\\/uploads\\\/2021\\\/09\\\/Ap-uat-505_02a_w.jpg\",\"contentUrl\":\"https:\\\/\\\/techmasterdemexico.com\\\/wp-content\\\/uploads\\\/2021\\\/09\\\/Ap-uat-505_02a_w.jpg\",\"width\":500,\"height\":500},{\"@type\":\"BreadcrumbList\",\"@id\":\"https:\\\/\\\/techmasterdemexico.com\\\/producto\\\/kit-de-localizador-de-servicios-publicos-subterraneos-uat-505\\\/#breadcrumb\",\"itemListElement\":[{\"@type\":\"ListItem\",\"position\":1,\"name\":\"Portada\",\"item\":\"https:\\\/\\\/techmasterdemexico.com\\\/\"},{\"@type\":\"ListItem\",\"position\":2,\"name\":\"Kit de localizador de servicios p\u00fablicos subterr\u00e1neos UAT-505\"}]},{\"@type\":\"WebSite\",\"@id\":\"https:\\\/\\\/techmasterdemexico.com\\\/#website\",\"url\":\"https:\\\/\\\/techmasterdemexico.com\\\/\",\"name\":\"Techmaster de Mexico\",\"description\":\"\",\"potentialAction\":[{\"@type\":\"SearchAction\",\"target\":{\"@type\":\"EntryPoint\",\"urlTemplate\":\"https:\\\/\\\/techmasterdemexico.com\\\/?s={search_term_string}\"},\"query-input\":{\"@type\":\"PropertyValueSpecification\",\"valueRequired\":true,\"valueName\":\"search_term_string\"}}],\"inLanguage\":\"en-US\"}]}<\/script>\n<!-- \/ Yoast SEO plugin. -->","yoast_head_json":{"title":"Kit de localizador de servicios p\u00fablicos subterr\u00e1neos UAT-505 - Techmaster de Mexico","robots":{"index":"index","follow":"follow","max-snippet":"max-snippet:-1","max-image-preview":"max-image-preview:large","max-video-preview":"max-video-preview:-1"},"canonical":"https:\/\/techmasterdemexico.com\/producto\/kit-de-localizador-de-servicios-publicos-subterraneos-uat-505\/","og_locale":"en_US","og_type":"article","og_title":"Kit de localizador de servicios p\u00fablicos subterr\u00e1neos UAT-505 - Techmaster de Mexico","og_description":"Caracter\u00edsticas         Receptor UAT-600-R         Transmisor UAT-500-T               Categor\u00eda de medida         CAT IV 600 V         N \/ A               Voltaje \/ corriente de funcionamiento         0 hasta 600 V         Circuito desenergizado solo para el modo de conexi\u00f3n directa               Modos de frecuencia \/ rastreo de funcionamiento         Seguimiento activo: 33 kHz y 8 kHz   Rastreo pasivo: 50\/60 Hz y radio         Desenergizado:   - Modo de inducci\u00f3n   - Modo de conexi\u00f3n directa   - Modo de abrazadera               Modos de localizaci\u00f3n         Pico y nulo         -               Medici\u00f3n de profundidad y precisi\u00f3n         Hasta 20 pies   4 pulg. A 10 pies: pm; 3%   10 pies a 20 pies: pm; 5%         -               Retroiluminaci\u00f3n de la pantalla         Autom\u00e1tico         N \/ A               Indicaci\u00f3n de audio         Cada vez m\u00e1s cerca de la se\u00f1al         Modo de se\u00f1al continua: tono de audio continuo   Modo de se\u00f1al de pulso: tono de audio de pulso r\u00e1pido               Salida de potencia del modo de transmisi\u00f3n         -         Max. 1 vatio               Tensi\u00f3n de salida         -         Max. 35 V rms               Corriente de salida         -         Max. 100 mA rms               Ajuste de sensibilidad (control de ganancia)         s\u00ed         -               Sensibilidad a 1 m (t\u00edpica)         Potencia: 2 mA   Radio: 20 \u03bcA   8 kHz: 5 \u03bcA   33 kHz: 5 \u03bcA         -               Monitor         Pantalla LCD para exteriores de 4,3 pulgadas, 320 x 240 BW con retroiluminaci\u00f3n autom\u00e1tica         N \/ A               Frecuencia de actualizaci\u00f3n         Instant\u00e1neo         -               Temperatura y humedad de funcionamiento         -4 \u00b0 F a 122 \u00b0 F (-20 \u00b0 C a 50 \u00b0 C), \u226490% RH         -4 \u00b0 F a 122 \u00b0 F (-20 \u00b0 C a 50 \u00b0 C), \u226480% RH               Temperatura y humedad de almacenamiento         -40 \u00b0 F a 140 \u00b0 F (-40 \u00b0 C a 60 \u00b0 C), \u226490% RH         -40 \u00b0 F a 140 \u00b0 F (-40 \u00b0 C a 60 \u00b0 C), \u226480% RH               Altitud operativa         &lt;6561 pies (&lt;2000 m)                  Grado de contaminaci\u00f3n         2                  Resistencia al agua y al polvo         IP54                  Fuente de alimentaci\u00f3n         (6) pilas alcalinas AA de 1,5 V         (4) pilas alcalinas de 1,5 VD               Apagado autom\u00e1tico         15 minutos inactivo         -               Duraci\u00f3n de la bater\u00eda         Aprox. 35 horas a 70 \u00b0 F (21 \u00b0 C) (t\u00edpico)         Aprox. 12 horas a 70 \u00b0 F (21 \u00b0 C) (t\u00edpico)               Aprobaci\u00f3n de la agencia         \u00a0 \u00a0                  Cumplimiento de seguridad         IEC 61010-1, IEC 61010-2-033   CSA \/ UL 61010-1, CSA \/ UL 61010-2-033         IEC 61010-1, CSA \/ UL 61010-1   IEC 61010-031, CSA \/ UL 61010-031 (cables de prueba)               Tama\u00f1o (alto x ancho x largo)         Aprox. 11,9 x 4,7 x 30,7 pulgadas (302 x 120 x 779 mm)         Aprox. 18,1 x 3,5 x 2,6 pulgadas (460 x 90 x 65 mm)               Peso         Aprox. 4,2 lb (1,9 kg) (bater\u00edas instaladas)         Aprox. 3,9 lb (1,77 kg) (bater\u00edas instaladas)","og_url":"https:\/\/techmasterdemexico.com\/producto\/kit-de-localizador-de-servicios-publicos-subterraneos-uat-505\/","og_site_name":"Techmaster de Mexico","article_modified_time":"2022-05-12T04:48:54+00:00","og_image":[{"width":500,"height":500,"url":"https:\/\/techmasterdemexico.com\/wp-content\/uploads\/2021\/09\/Ap-uat-505_02a_w.jpg","type":"image\/jpeg"}],"twitter_card":"summary_large_image","twitter_misc":{"Est. reading time":"1 minute"},"schema":{"@context":"https:\/\/schema.org","@graph":[{"@type":"WebPage","@id":"https:\/\/techmasterdemexico.com\/producto\/kit-de-localizador-de-servicios-publicos-subterraneos-uat-505\/","url":"https:\/\/techmasterdemexico.com\/producto\/kit-de-localizador-de-servicios-publicos-subterraneos-uat-505\/","name":"Kit de localizador de servicios p\u00fablicos subterr\u00e1neos UAT-505 - Techmaster de Mexico","isPartOf":{"@id":"https:\/\/techmasterdemexico.com\/#website"},"primaryImageOfPage":{"@id":"https:\/\/techmasterdemexico.com\/producto\/kit-de-localizador-de-servicios-publicos-subterraneos-uat-505\/#primaryimage"},"image":{"@id":"https:\/\/techmasterdemexico.com\/producto\/kit-de-localizador-de-servicios-publicos-subterraneos-uat-505\/#primaryimage"},"thumbnailUrl":"https:\/\/techmasterdemexico.com\/wp-content\/uploads\/2021\/09\/Ap-uat-505_02a_w.jpg","datePublished":"2021-09-14T22:38:23+00:00","dateModified":"2022-05-12T04:48:54+00:00","breadcrumb":{"@id":"https:\/\/techmasterdemexico.com\/producto\/kit-de-localizador-de-servicios-publicos-subterraneos-uat-505\/#breadcrumb"},"inLanguage":"en-US","potentialAction":[{"@type":"ReadAction","target":["https:\/\/techmasterdemexico.com\/producto\/kit-de-localizador-de-servicios-publicos-subterraneos-uat-505\/"]}]},{"@type":"ImageObject","inLanguage":"en-US","@id":"https:\/\/techmasterdemexico.com\/producto\/kit-de-localizador-de-servicios-publicos-subterraneos-uat-505\/#primaryimage","url":"https:\/\/techmasterdemexico.com\/wp-content\/uploads\/2021\/09\/Ap-uat-505_02a_w.jpg","contentUrl":"https:\/\/techmasterdemexico.com\/wp-content\/uploads\/2021\/09\/Ap-uat-505_02a_w.jpg","width":500,"height":500},{"@type":"BreadcrumbList","@id":"https:\/\/techmasterdemexico.com\/producto\/kit-de-localizador-de-servicios-publicos-subterraneos-uat-505\/#breadcrumb","itemListElement":[{"@type":"ListItem","position":1,"name":"Portada","item":"https:\/\/techmasterdemexico.com\/"},{"@type":"ListItem","position":2,"name":"Kit de localizador de servicios p\u00fablicos subterr\u00e1neos UAT-505"}]},{"@type":"WebSite","@id":"https:\/\/techmasterdemexico.com\/#website","url":"https:\/\/techmasterdemexico.com\/","name":"Techmaster de Mexico","description":"","potentialAction":[{"@type":"SearchAction","target":{"@type":"EntryPoint","urlTemplate":"https:\/\/techmasterdemexico.com\/?s={search_term_string}"},"query-input":{"@type":"PropertyValueSpecification","valueRequired":true,"valueName":"search_term_string"}}],"inLanguage":"en-US"}]}},"brands":[{"id":104,"name":"Amprobe","slug":"amprobe"}],"_links":{"self":[{"href":"https:\/\/techmasterdemexico.com\/en\/wp-json\/wp\/v2\/product\/9160","targetHints":{"allow":["GET"]}}],"collection":[{"href":"https:\/\/techmasterdemexico.com\/en\/wp-json\/wp\/v2\/product"}],"about":[{"href":"https:\/\/techmasterdemexico.com\/en\/wp-json\/wp\/v2\/types\/product"}],"wp:featuredmedia":[{"embeddable":true,"href":"https:\/\/techmasterdemexico.com\/en\/wp-json\/wp\/v2\/media\/9360"}],"wp:attachment":[{"href":"https:\/\/techmasterdemexico.com\/en\/wp-json\/wp\/v2\/media?parent=9160"}],"wp:term":[{"taxonomy":"pwb-brand","embeddable":true,"href":"https:\/\/techmasterdemexico.com\/en\/wp-json\/wp\/v2\/pwb-brand?post=9160"},{"taxonomy":"product_brand","embeddable":true,"href":"https:\/\/techmasterdemexico.com\/en\/wp-json\/wp\/v2\/product_brand?post=9160"},{"taxonomy":"product_cat","embeddable":true,"href":"https:\/\/techmasterdemexico.com\/en\/wp-json\/wp\/v2\/product_cat?post=9160"},{"taxonomy":"product_tag","embeddable":true,"href":"https:\/\/techmasterdemexico.com\/en\/wp-json\/wp\/v2\/product_tag?post=9160"}],"curies":[{"name":"wp","href":"https:\/\/api.w.org\/{rel}","templated":true}]}}