{"id":9159,"date":"2021-09-14T22:38:22","date_gmt":"2021-09-14T22:38:22","guid":{"rendered":"https:\/\/techmastermx.ddns.net\/producto\/kit-de-rastreador-de-cables-avanzado-at-6020\/"},"modified":"2023-02-24T12:59:58","modified_gmt":"2023-02-24T19:59:58","slug":"kit-de-rastreador-de-cables-avanzado-at-6020","status":"publish","type":"product","link":"https:\/\/techmasterdemexico.com\/en\/producto\/kit-de-rastreador-de-cables-avanzado-at-6020\/","title":{"rendered":"Kit de rastreador de cables avanzado AT-6020"},"content":{"rendered":"<p>Kit de rastreador de cables avanzado Amprobe AT-6020<\/p>\n<ul>\n<li>Traza cables en paredes, techos, suelos y esquinas.<\/li>\n<li>Localiza disyuntores y fusibles<\/li>\n<li>Identifica cortocircuitos e interrupciones<\/li>\n<li>Pantalla TFT LCD en color de alta resoluci\u00f3n de 2,5 \u2033<\/li>\n<li>Tres modos de se\u00f1al del transmisor<\/li>\n<li>Modo de &#8220;se\u00f1al alta&#8221; para circuitos normales<\/li>\n<li>Modo de &#8220;se\u00f1al baja&#8221; para un rastreo de precisi\u00f3n en \u00e1reas dif\u00edciles<\/li>\n<li>Modo &#8220;bucle&#8221; para circuitos desenergizados de bucle cerrado<\/li>\n<li>Cuatro modos de rastreo del receptor<\/li>\n<li>El modo &#8220;Escaneo r\u00e1pido&#8221; permite la detecci\u00f3n r\u00e1pida de cables a una distancia m\u00e1s larga<\/li>\n<li>El modo &#8220;Precisi\u00f3n&#8221; identifica con precisi\u00f3n cables o fallas ubicadas detr\u00e1s de paredes, pisos o techos<\/li>\n<li>El modo &#8220;Identificaci\u00f3n del interruptor&#8221; facilita la localizaci\u00f3n r\u00e1pida y sencilla del interruptor.<\/li>\n<li>El modo &#8220;Detecci\u00f3n de voltaje sin contacto&#8221; utiliza rastreo pasivo sin el transmisor para verificar si un cable est\u00e1 energizado.<\/li>\n<li>Dos modos de frecuencia seleccionados autom\u00e1ticamente para un rastreo confiable en circuitos energizados y desenergizados<\/li>\n<li>Viene con estuche r\u00edgido personalizado Amprobe, cables de prueba y accesorios<\/li>\n<li>Compatible con el accesorio de sujeci\u00f3n opcional Signal Clamp (CT-400) y el accesorio Hot Stick TIC 410A para extender su alcance<\/li>\n<\/ul>\n<p>El rastreador de cables m\u00e1s nuevo de Amprobe combina un receptor y un potente transmisor para localizar cables, disyuntores y fusibles energizados y desenergizados sin tener que desconectar ning\u00fan equipo. El receptor cuenta con cuatro modos de rastreo optimizados para una variedad de aplicaciones. Su capacidad de rastreo de interruptores completamente autom\u00e1tica ahorra tiempo y elimina la confusi\u00f3n de m\u00faltiples falsos positivos al detectar la se\u00f1al m\u00e1s alta registrada en un interruptor o fusible. El transmisor utiliza dos frecuencias optimizadas que permiten una se\u00f1al limpia y confiable. La abrazadera de se\u00f1al se puede utilizar en aplicaciones donde no hay acceso a conductores desnudos al permitir que el transmisor induzca una se\u00f1al en un cable a trav\u00e9s del aislamiento. Ya sea que sea un usuario novato o un experto, el kit de trazador de cables avanzado Amprobe AT-6000 lo ayudar\u00e1 a hacer el trabajo r\u00e1pidamente.<\/p>","protected":false},"excerpt":{"rendered":"<table class=\"t1\" cellspacing=\"0\" cellpadding=\"0\">\n<tbody>\n<tr>\n<td class=\"td1\" valign=\"middle\"><\/td>\n<td class=\"td1\" valign=\"middle\">\n<p class=\"p1\">Receptor AT-6000-R<\/p>\n<\/td>\n<td class=\"td1\" valign=\"middle\">\n<p class=\"p1\">Transmisor AT-6000-T<\/p>\n<\/td>\n<td class=\"td1\" valign=\"middle\">\n<p class=\"p1\">Abrazadera de se\u00f1al CT-400<\/p>\n<\/td>\n<\/tr>\n<tr>\n<td class=\"td1\" valign=\"middle\">\n<p class=\"p1\">Categor\u00eda de medida<\/p>\n<\/td>\n<td class=\"td1\" valign=\"middle\">\n<p class=\"p1\">CAT III 600 V<\/p>\n<\/td>\n<td class=\"td1\" valign=\"middle\">\n<p class=\"p1\">CAT III 600 V<\/p>\n<\/td>\n<td class=\"td1\" valign=\"middle\">\n<p class=\"p1\">CAT IV 600 V, CAT III 1000 V<\/p>\n<\/td>\n<\/tr>\n<tr>\n<td class=\"td1\" valign=\"middle\">\n<p class=\"p1\">Tensi\u00f3n de funcionamiento<\/p>\n<\/td>\n<td class=\"td1\" valign=\"middle\">\n<p class=\"p1\">0 a 600 V CA \/ CC<\/p>\n<\/td>\n<td class=\"td1\" valign=\"middle\">\n<p class=\"p1\">0 a 600 V CA \/ CC<\/p>\n<\/td>\n<td class=\"td1\" valign=\"middle\">\n<p class=\"p1\">0 a 1000 V CA<\/p>\n<\/td>\n<\/tr>\n<tr>\n<td class=\"td1\" valign=\"middle\">\n<p class=\"p1\">Frecuencia de operaci\u00f3n<\/p>\n<\/td>\n<td class=\"td1\" valign=\"middle\">\n<p class=\"p1\">Energizado: 6.25 kHz<\/p>\n<p class=\"p1\">Desenergizado: 32.768 kHz<\/p>\n<\/td>\n<td class=\"td1\" valign=\"middle\">\n<p class=\"p1\">Energizado: 6.25 kHz<\/p>\n<p class=\"p1\">Desenergizado: 32.768 kHz<\/p>\n<\/td>\n<td class=\"td1\" valign=\"middle\">\n<p class=\"p1\">Rastreo de cables: 32,768 kHz<\/p>\n<p class=\"p1\">Medici\u00f3n de corriente CA: 45 Hz a 400 Hz<\/p>\n<\/td>\n<\/tr>\n<tr>\n<td class=\"td1\" valign=\"middle\">\n<p class=\"p1\">Detecci\u00f3n de voltaje peligroso<\/p>\n<\/td>\n<td class=\"td1\" valign=\"middle\">\n<p class=\"p1\">Ver detecci\u00f3n de NCV<\/p>\n<\/td>\n<td class=\"td1\" valign=\"middle\">\n<p class=\"p1\">&gt; 30 V CA \/ CC<\/p>\n<\/td>\n<td class=\"td1\" valign=\"middle\">\n<p class=\"p1\">N \/ A<\/p>\n<\/td>\n<\/tr>\n<tr>\n<td class=\"td1\" valign=\"middle\">\n<p class=\"p1\">Indicaciones de se\u00f1ales<\/p>\n<\/td>\n<td class=\"td1\" valign=\"middle\">\n<p class=\"p1\">Pantalla num\u00e9rica, gr\u00e1fica de barras y pitido audible<\/p>\n<\/td>\n<td class=\"td1\" valign=\"middle\">\n<p class=\"p1\">LED y pitido audible<\/p>\n<\/td>\n<td class=\"td1\" valign=\"middle\">\n<p class=\"p1\">N \/ A<\/p>\n<\/td>\n<\/tr>\n<tr>\n<td class=\"td1\" valign=\"middle\">\n<p class=\"p1\">Salida actual de se\u00f1al (t\u00edpica)<\/p>\n<\/td>\n<td class=\"td1\" valign=\"middle\">\n<p class=\"p1\">N \/ A<\/p>\n<\/td>\n<td class=\"td1\" valign=\"middle\">\n<p class=\"p1\">Circuito energizado:<\/p>\n<p class=\"p1\">Modo HI: 60 mA RMS<\/p>\n<p class=\"p1\">Modo LO: 30 mA RMS<\/p>\n<p class=\"p1\">Circuito desenergizado:<\/p>\n<p class=\"p1\">Modo HI: 130 mA RMS<\/p>\n<p class=\"p1\">Modo LO: 40 mA RMS<\/p>\n<p class=\"p1\">Modo de bucle: 160 mA RMS<\/p>\n<\/td>\n<td class=\"td1\" valign=\"middle\">\n<p class=\"p1\">1 mA \/ A para medici\u00f3n de corriente CA con mult\u00edmetro<\/p>\n<\/td>\n<\/tr>\n<tr>\n<td class=\"td1\" valign=\"middle\">\n<p class=\"p1\">Salida de voltaje de se\u00f1al (nominal)<\/p>\n<\/td>\n<td class=\"td1\" valign=\"middle\">\n<p class=\"p1\">N \/ A<\/p>\n<\/td>\n<td class=\"td1\" valign=\"middle\">\n<p class=\"p1\">Circuito desenergizado:<\/p>\n<p class=\"p1\">BAJO: 29 V RMS, 120 Vp-p<\/p>\n<p class=\"p1\">ALTO : 33 V RMS, 140 Vp-p<\/p>\n<p class=\"p1\">Con CT-400:<\/p>\n<p class=\"p1\">modelo de lazo: 31 V RMS, 120 Vp-p<\/p>\n<\/td>\n<td class=\"td1\" valign=\"middle\">\n<p class=\"p1\">Circuito desenergizado:<\/p>\n<p class=\"p1\">2,4 V RMS, 24 Vp-p<\/p>\n<\/td>\n<\/tr>\n<tr>\n<td class=\"td1\" valign=\"middle\">\n<p class=\"p1\">Detecci\u00f3n de rango (aire libre)<\/p>\n<\/td>\n<td class=\"td1\" valign=\"middle\">\n<p class=\"p1\">Sensor de punta (energizado):<\/p>\n<p class=\"p1\">Distancia m\u00e1xima a trav\u00e9s del aire: hasta 20 pies (6,1 m)<\/p>\n<p class=\"p1\">Localizaci\u00f3n precisa: aprox. 5 cm (1,97 pulg.)<\/p>\n<p class=\"p1\">Sensor de punta (desactivado):<\/p>\n<p class=\"p1\">Distancia m\u00e1xima a trav\u00e9s del aire: hasta 4,5 m (14,7 pies)<\/p>\n<p class=\"p1\">Localizaci\u00f3n precisa: aprox.<\/p>\n<p class=\"p1\">Detecci\u00f3n NCV de 1,97 pulg. (5 cm) (40 a 400 Hz):<\/p>\n<p class=\"p1\">M\u00e1x. sensibilidad: 90 V hasta 6,56 pies (2 m)<\/p>\n<p class=\"p1\">M\u00edn. sensibilidad: 600 V hasta 0,39 pulg. (1 cm)<\/p>\n<\/td>\n<td class=\"td1\" valign=\"middle\">\n<p class=\"p1\">N \/ A<\/p>\n<\/td>\n<td class=\"td1\" valign=\"middle\">\n<p class=\"p1\">N \/ A<\/p>\n<\/td>\n<\/tr>\n<\/tbody>\n<\/table>\n","protected":false},"featured_media":9366,"template":"","meta":{"_acf_changed":false},"pwb-brand":[104],"product_brand":[],"product_cat":[366,101,181,182],"product_tag":[],"class_list":{"0":"post-9159","1":"product","2":"type-product","3":"status-publish","4":"has-post-thumbnail","6":"pwb-brand-amprobe","7":"product_cat-todos-los-productos","8":"product_cat-amprobe","9":"product_cat-rastreador-de-cables","10":"product_cat-trazadores-de-cables-avanzados","12":"first","13":"instock","14":"taxable","15":"shipping-taxable","16":"product-type-simple"},"acf":[],"yoast_head":"<!-- This site is optimized with the Yoast SEO plugin v27.4 - https:\/\/yoast.com\/product\/yoast-seo-wordpress\/ -->\n<title>Kit de rastreador de cables avanzado AT-6020 - Techmaster de Mexico<\/title>\n<meta name=\"robots\" content=\"index, follow, max-snippet:-1, max-image-preview:large, max-video-preview:-1\" \/>\n<link rel=\"canonical\" href=\"https:\/\/techmasterdemexico.com\/en\/producto\/kit-de-rastreador-de-cables-avanzado-at-6020\/\" \/>\n<meta property=\"og:locale\" content=\"en_US\" \/>\n<meta property=\"og:type\" content=\"article\" \/>\n<meta property=\"og:title\" content=\"Kit de rastreador de cables avanzado AT-6020 - Techmaster de Mexico\" \/>\n<meta property=\"og:description\" content=\"Receptor AT-6000-R         Transmisor AT-6000-T         Abrazadera de se\u00f1al CT-400               Categor\u00eda de medida         CAT III 600 V         CAT III 600 V         CAT IV 600 V, CAT III 1000 V               Tensi\u00f3n de funcionamiento         0 a 600 V CA \/ CC         0 a 600 V CA \/ CC         0 a 1000 V CA               Frecuencia de operaci\u00f3n         Energizado: 6.25 kHz   Desenergizado: 32.768 kHz         Energizado: 6.25 kHz   Desenergizado: 32.768 kHz         Rastreo de cables: 32,768 kHz   Medici\u00f3n de corriente CA: 45 Hz a 400 Hz               Detecci\u00f3n de voltaje peligroso         Ver detecci\u00f3n de NCV         &gt; 30 V CA \/ CC         N \/ A               Indicaciones de se\u00f1ales         Pantalla num\u00e9rica, gr\u00e1fica de barras y pitido audible         LED y pitido audible         N \/ A               Salida actual de se\u00f1al (t\u00edpica)         N \/ A         Circuito energizado:   Modo HI: 60 mA RMS   Modo LO: 30 mA RMS   Circuito desenergizado:   Modo HI: 130 mA RMS   Modo LO: 40 mA RMS   Modo de bucle: 160 mA RMS         1 mA \/ A para medici\u00f3n de corriente CA con mult\u00edmetro               Salida de voltaje de se\u00f1al (nominal)         N \/ A         Circuito desenergizado:   BAJO: 29 V RMS, 120 Vp-p   ALTO : 33 V RMS, 140 Vp-p   Con CT-400:   modelo de lazo: 31 V RMS, 120 Vp-p         Circuito desenergizado:   2,4 V RMS, 24 Vp-p               Detecci\u00f3n de rango (aire libre)         Sensor de punta (energizado):   Distancia m\u00e1xima a trav\u00e9s del aire: hasta 20 pies (6,1 m)   Localizaci\u00f3n precisa: aprox. 5 cm (1,97 pulg.)   Sensor de punta (desactivado):   Distancia m\u00e1xima a trav\u00e9s del aire: hasta 4,5 m (14,7 pies)   Localizaci\u00f3n precisa: aprox.   Detecci\u00f3n NCV de 1,97 pulg. (5 cm) (40 a 400 Hz):   M\u00e1x. sensibilidad: 90 V hasta 6,56 pies (2 m)   M\u00edn. sensibilidad: 600 V hasta 0,39 pulg. (1 cm)         N \/ A         N \/ A\" \/>\n<meta property=\"og:url\" content=\"https:\/\/techmasterdemexico.com\/en\/producto\/kit-de-rastreador-de-cables-avanzado-at-6020\/\" \/>\n<meta property=\"og:site_name\" content=\"Techmaster de Mexico\" \/>\n<meta property=\"article:modified_time\" content=\"2023-02-24T19:59:58+00:00\" \/>\n<meta property=\"og:image\" content=\"https:\/\/techmasterdemexico.com\/wp-content\/uploads\/2021\/09\/Wire-Tracer_535x363pxAT-6020.jpg\" \/>\n\t<meta property=\"og:image:width\" content=\"500\" \/>\n\t<meta property=\"og:image:height\" content=\"500\" \/>\n\t<meta property=\"og:image:type\" content=\"image\/jpeg\" \/>\n<meta name=\"twitter:card\" content=\"summary_large_image\" \/>\n<meta name=\"twitter:label1\" content=\"Est. reading time\" \/>\n\t<meta name=\"twitter:data1\" content=\"4 minutes\" \/>\n<script type=\"application\/ld+json\" class=\"yoast-schema-graph\">{\"@context\":\"https:\\\/\\\/schema.org\",\"@graph\":[{\"@type\":\"WebPage\",\"@id\":\"https:\\\/\\\/techmasterdemexico.com\\\/en\\\/producto\\\/kit-de-rastreador-de-cables-avanzado-at-6020\\\/\",\"url\":\"https:\\\/\\\/techmasterdemexico.com\\\/en\\\/producto\\\/kit-de-rastreador-de-cables-avanzado-at-6020\\\/\",\"name\":\"Kit de rastreador de cables avanzado AT-6020 - Techmaster de Mexico\",\"isPartOf\":{\"@id\":\"https:\\\/\\\/techmasterdemexico.com\\\/#website\"},\"primaryImageOfPage\":{\"@id\":\"https:\\\/\\\/techmasterdemexico.com\\\/en\\\/producto\\\/kit-de-rastreador-de-cables-avanzado-at-6020\\\/#primaryimage\"},\"image\":{\"@id\":\"https:\\\/\\\/techmasterdemexico.com\\\/en\\\/producto\\\/kit-de-rastreador-de-cables-avanzado-at-6020\\\/#primaryimage\"},\"thumbnailUrl\":\"https:\\\/\\\/techmasterdemexico.com\\\/wp-content\\\/uploads\\\/2021\\\/09\\\/Wire-Tracer_535x363pxAT-6020.jpg\",\"datePublished\":\"2021-09-14T22:38:22+00:00\",\"dateModified\":\"2023-02-24T19:59:58+00:00\",\"breadcrumb\":{\"@id\":\"https:\\\/\\\/techmasterdemexico.com\\\/en\\\/producto\\\/kit-de-rastreador-de-cables-avanzado-at-6020\\\/#breadcrumb\"},\"inLanguage\":\"en-US\",\"potentialAction\":[{\"@type\":\"ReadAction\",\"target\":[\"https:\\\/\\\/techmasterdemexico.com\\\/en\\\/producto\\\/kit-de-rastreador-de-cables-avanzado-at-6020\\\/\"]}]},{\"@type\":\"ImageObject\",\"inLanguage\":\"en-US\",\"@id\":\"https:\\\/\\\/techmasterdemexico.com\\\/en\\\/producto\\\/kit-de-rastreador-de-cables-avanzado-at-6020\\\/#primaryimage\",\"url\":\"https:\\\/\\\/techmasterdemexico.com\\\/wp-content\\\/uploads\\\/2021\\\/09\\\/Wire-Tracer_535x363pxAT-6020.jpg\",\"contentUrl\":\"https:\\\/\\\/techmasterdemexico.com\\\/wp-content\\\/uploads\\\/2021\\\/09\\\/Wire-Tracer_535x363pxAT-6020.jpg\",\"width\":500,\"height\":500},{\"@type\":\"BreadcrumbList\",\"@id\":\"https:\\\/\\\/techmasterdemexico.com\\\/en\\\/producto\\\/kit-de-rastreador-de-cables-avanzado-at-6020\\\/#breadcrumb\",\"itemListElement\":[{\"@type\":\"ListItem\",\"position\":1,\"name\":\"Portada\",\"item\":\"https:\\\/\\\/techmasterdemexico.com\\\/\"},{\"@type\":\"ListItem\",\"position\":2,\"name\":\"Kit de rastreador de cables avanzado AT-6020\"}]},{\"@type\":\"WebSite\",\"@id\":\"https:\\\/\\\/techmasterdemexico.com\\\/#website\",\"url\":\"https:\\\/\\\/techmasterdemexico.com\\\/\",\"name\":\"Techmaster de Mexico\",\"description\":\"\",\"potentialAction\":[{\"@type\":\"SearchAction\",\"target\":{\"@type\":\"EntryPoint\",\"urlTemplate\":\"https:\\\/\\\/techmasterdemexico.com\\\/?s={search_term_string}\"},\"query-input\":{\"@type\":\"PropertyValueSpecification\",\"valueRequired\":true,\"valueName\":\"search_term_string\"}}],\"inLanguage\":\"en-US\"}]}<\/script>\n<!-- \/ Yoast SEO plugin. -->","yoast_head_json":{"title":"Kit de rastreador de cables avanzado AT-6020 - Techmaster de Mexico","robots":{"index":"index","follow":"follow","max-snippet":"max-snippet:-1","max-image-preview":"max-image-preview:large","max-video-preview":"max-video-preview:-1"},"canonical":"https:\/\/techmasterdemexico.com\/en\/producto\/kit-de-rastreador-de-cables-avanzado-at-6020\/","og_locale":"en_US","og_type":"article","og_title":"Kit de rastreador de cables avanzado AT-6020 - Techmaster de Mexico","og_description":"Receptor AT-6000-R         Transmisor AT-6000-T         Abrazadera de se\u00f1al CT-400               Categor\u00eda de medida         CAT III 600 V         CAT III 600 V         CAT IV 600 V, CAT III 1000 V               Tensi\u00f3n de funcionamiento         0 a 600 V CA \/ CC         0 a 600 V CA \/ CC         0 a 1000 V CA               Frecuencia de operaci\u00f3n         Energizado: 6.25 kHz   Desenergizado: 32.768 kHz         Energizado: 6.25 kHz   Desenergizado: 32.768 kHz         Rastreo de cables: 32,768 kHz   Medici\u00f3n de corriente CA: 45 Hz a 400 Hz               Detecci\u00f3n de voltaje peligroso         Ver detecci\u00f3n de NCV         &gt; 30 V CA \/ CC         N \/ A               Indicaciones de se\u00f1ales         Pantalla num\u00e9rica, gr\u00e1fica de barras y pitido audible         LED y pitido audible         N \/ A               Salida actual de se\u00f1al (t\u00edpica)         N \/ A         Circuito energizado:   Modo HI: 60 mA RMS   Modo LO: 30 mA RMS   Circuito desenergizado:   Modo HI: 130 mA RMS   Modo LO: 40 mA RMS   Modo de bucle: 160 mA RMS         1 mA \/ A para medici\u00f3n de corriente CA con mult\u00edmetro               Salida de voltaje de se\u00f1al (nominal)         N \/ A         Circuito desenergizado:   BAJO: 29 V RMS, 120 Vp-p   ALTO : 33 V RMS, 140 Vp-p   Con CT-400:   modelo de lazo: 31 V RMS, 120 Vp-p         Circuito desenergizado:   2,4 V RMS, 24 Vp-p               Detecci\u00f3n de rango (aire libre)         Sensor de punta (energizado):   Distancia m\u00e1xima a trav\u00e9s del aire: hasta 20 pies (6,1 m)   Localizaci\u00f3n precisa: aprox. 5 cm (1,97 pulg.)   Sensor de punta (desactivado):   Distancia m\u00e1xima a trav\u00e9s del aire: hasta 4,5 m (14,7 pies)   Localizaci\u00f3n precisa: aprox.   Detecci\u00f3n NCV de 1,97 pulg. (5 cm) (40 a 400 Hz):   M\u00e1x. sensibilidad: 90 V hasta 6,56 pies (2 m)   M\u00edn. sensibilidad: 600 V hasta 0,39 pulg. (1 cm)         N \/ A         N \/ A","og_url":"https:\/\/techmasterdemexico.com\/en\/producto\/kit-de-rastreador-de-cables-avanzado-at-6020\/","og_site_name":"Techmaster de Mexico","article_modified_time":"2023-02-24T19:59:58+00:00","og_image":[{"width":500,"height":500,"url":"https:\/\/techmasterdemexico.com\/wp-content\/uploads\/2021\/09\/Wire-Tracer_535x363pxAT-6020.jpg","type":"image\/jpeg"}],"twitter_card":"summary_large_image","twitter_misc":{"Est. reading time":"4 minutes"},"schema":{"@context":"https:\/\/schema.org","@graph":[{"@type":"WebPage","@id":"https:\/\/techmasterdemexico.com\/en\/producto\/kit-de-rastreador-de-cables-avanzado-at-6020\/","url":"https:\/\/techmasterdemexico.com\/en\/producto\/kit-de-rastreador-de-cables-avanzado-at-6020\/","name":"Kit de rastreador de cables avanzado AT-6020 - Techmaster de Mexico","isPartOf":{"@id":"https:\/\/techmasterdemexico.com\/#website"},"primaryImageOfPage":{"@id":"https:\/\/techmasterdemexico.com\/en\/producto\/kit-de-rastreador-de-cables-avanzado-at-6020\/#primaryimage"},"image":{"@id":"https:\/\/techmasterdemexico.com\/en\/producto\/kit-de-rastreador-de-cables-avanzado-at-6020\/#primaryimage"},"thumbnailUrl":"https:\/\/techmasterdemexico.com\/wp-content\/uploads\/2021\/09\/Wire-Tracer_535x363pxAT-6020.jpg","datePublished":"2021-09-14T22:38:22+00:00","dateModified":"2023-02-24T19:59:58+00:00","breadcrumb":{"@id":"https:\/\/techmasterdemexico.com\/en\/producto\/kit-de-rastreador-de-cables-avanzado-at-6020\/#breadcrumb"},"inLanguage":"en-US","potentialAction":[{"@type":"ReadAction","target":["https:\/\/techmasterdemexico.com\/en\/producto\/kit-de-rastreador-de-cables-avanzado-at-6020\/"]}]},{"@type":"ImageObject","inLanguage":"en-US","@id":"https:\/\/techmasterdemexico.com\/en\/producto\/kit-de-rastreador-de-cables-avanzado-at-6020\/#primaryimage","url":"https:\/\/techmasterdemexico.com\/wp-content\/uploads\/2021\/09\/Wire-Tracer_535x363pxAT-6020.jpg","contentUrl":"https:\/\/techmasterdemexico.com\/wp-content\/uploads\/2021\/09\/Wire-Tracer_535x363pxAT-6020.jpg","width":500,"height":500},{"@type":"BreadcrumbList","@id":"https:\/\/techmasterdemexico.com\/en\/producto\/kit-de-rastreador-de-cables-avanzado-at-6020\/#breadcrumb","itemListElement":[{"@type":"ListItem","position":1,"name":"Portada","item":"https:\/\/techmasterdemexico.com\/"},{"@type":"ListItem","position":2,"name":"Kit de rastreador de cables avanzado AT-6020"}]},{"@type":"WebSite","@id":"https:\/\/techmasterdemexico.com\/#website","url":"https:\/\/techmasterdemexico.com\/","name":"Techmaster de Mexico","description":"","potentialAction":[{"@type":"SearchAction","target":{"@type":"EntryPoint","urlTemplate":"https:\/\/techmasterdemexico.com\/?s={search_term_string}"},"query-input":{"@type":"PropertyValueSpecification","valueRequired":true,"valueName":"search_term_string"}}],"inLanguage":"en-US"}]}},"brands":[{"id":104,"name":"Amprobe","slug":"amprobe"}],"_links":{"self":[{"href":"https:\/\/techmasterdemexico.com\/en\/wp-json\/wp\/v2\/product\/9159","targetHints":{"allow":["GET"]}}],"collection":[{"href":"https:\/\/techmasterdemexico.com\/en\/wp-json\/wp\/v2\/product"}],"about":[{"href":"https:\/\/techmasterdemexico.com\/en\/wp-json\/wp\/v2\/types\/product"}],"wp:featuredmedia":[{"embeddable":true,"href":"https:\/\/techmasterdemexico.com\/en\/wp-json\/wp\/v2\/media\/9366"}],"wp:attachment":[{"href":"https:\/\/techmasterdemexico.com\/en\/wp-json\/wp\/v2\/media?parent=9159"}],"wp:term":[{"taxonomy":"pwb-brand","embeddable":true,"href":"https:\/\/techmasterdemexico.com\/en\/wp-json\/wp\/v2\/pwb-brand?post=9159"},{"taxonomy":"product_brand","embeddable":true,"href":"https:\/\/techmasterdemexico.com\/en\/wp-json\/wp\/v2\/product_brand?post=9159"},{"taxonomy":"product_cat","embeddable":true,"href":"https:\/\/techmasterdemexico.com\/en\/wp-json\/wp\/v2\/product_cat?post=9159"},{"taxonomy":"product_tag","embeddable":true,"href":"https:\/\/techmasterdemexico.com\/en\/wp-json\/wp\/v2\/product_tag?post=9159"}],"curies":[{"name":"wp","href":"https:\/\/api.w.org\/{rel}","templated":true}]}}