{"id":9154,"date":"2021-09-14T22:38:17","date_gmt":"2021-09-14T22:38:17","guid":{"rendered":"https:\/\/techmastermx.ddns.net\/producto\/medidor-de-temperatura-y-humedad-relativa-thwd-5-con-bulbo-humedo-y-punto-de-rocio\/"},"modified":"2022-05-12T04:48:57","modified_gmt":"2022-05-12T04:48:57","slug":"medidor-de-temperatura-y-humedad-relativa-thwd-5-con-bulbo-humedo-y-punto-de-rocio","status":"publish","type":"product","link":"https:\/\/techmasterdemexico.com\/en\/producto\/medidor-de-temperatura-y-humedad-relativa-thwd-5-con-bulbo-humedo-y-punto-de-rocio\/","title":{"rendered":"Medidor de temperatura y humedad relativa THWD-5 con bulbo h\u00famedo y punto de roc\u00edo"},"content":{"rendered":"<p>El medidor de temperatura y humedad relativa THWD-5 con bulbo h\u00famedo y punto de roc\u00edo es un psicr\u00f3metro basado en microprocesador dise\u00f1ado para ingenieros y t\u00e9cnicos de HVAC y mantenimiento de plantas. Acceso f\u00e1cil y r\u00e1pido a los valores de bulbo h\u00famedo y punto de roc\u00edo, as\u00ed como a la humedad relativa y la temperatura. El THWD-5 est\u00e1 equipado con una sonda extendida para un f\u00e1cil acceso al objetivo, una gran pantalla LCD doble y se puede montar en un tr\u00edpode.<\/p>\n","protected":false},"excerpt":{"rendered":"<p>Medidor de temperatura y humedad relativa Amprobe THWD-5 con bulbo h\u00famedo y punto de roc\u00edo<\/p>\n<ul>\n<li>Cuatro medidas en un metro<\/li>\n<li>Humedad relativa, temperatura, punto de roc\u00edo y bulbo h\u00famedo<\/li>\n<li>Sonda extendida para un f\u00e1cil acceso al objetivo<\/li>\n<li>Gran pantalla doble digital con retroiluminaci\u00f3n<\/li>\n<li>Temperatura en \u00b0 C o \u00b0 F, seleccionable desde el panel frontal<\/li>\n<li>Mida la humedad relativa y la temperatura juntas<\/li>\n<li>Temperatura en \u00b0 C o \u00b0 F, seleccionable desde el panel frontal<\/li>\n<li>Resoluci\u00f3n de 0,1 grados para la temperatura<\/li>\n<li>Medidas m\u00ednimas y m\u00e1ximas almacenadas<\/li>\n<li>Retenci\u00f3n de datos para congelar la \u00faltima lectura de medici\u00f3n<\/li>\n<li>Montable en tr\u00edpode<\/li>\n<\/ul>\n","protected":false},"featured_media":9397,"template":"","meta":{"_acf_changed":false},"pwb-brand":[104],"product_brand":[],"product_cat":[366,101,151,102],"product_tag":[],"class_list":{"0":"post-9154","1":"product","2":"type-product","3":"status-publish","4":"has-post-thumbnail","6":"pwb-brand-amprobe","7":"product_cat-todos-los-productos","8":"product_cat-amprobe","9":"product_cat-comprobadores-de-temperatura-y-humedad","10":"product_cat-herramientas-hvac","12":"first","13":"instock","14":"taxable","15":"shipping-taxable","16":"product-type-simple"},"acf":[],"yoast_head":"<!-- This site is optimized with the Yoast SEO plugin v27.4 - https:\/\/yoast.com\/product\/yoast-seo-wordpress\/ -->\n<title>Medidor de temperatura y humedad relativa THWD-5 con bulbo h\u00famedo y punto de roc\u00edo - Techmaster de Mexico<\/title>\n<meta name=\"robots\" content=\"index, follow, max-snippet:-1, max-image-preview:large, max-video-preview:-1\" \/>\n<link rel=\"canonical\" href=\"https:\/\/techmasterdemexico.com\/producto\/medidor-de-temperatura-y-humedad-relativa-thwd-5-con-bulbo-humedo-y-punto-de-rocio\/\" \/>\n<meta property=\"og:locale\" content=\"en_US\" \/>\n<meta property=\"og:type\" content=\"article\" \/>\n<meta property=\"og:title\" content=\"Medidor de temperatura y humedad relativa THWD-5 con bulbo h\u00famedo y punto de roc\u00edo - Techmaster de Mexico\" \/>\n<meta property=\"og:description\" content=\"Medidor de temperatura y humedad relativa Amprobe THWD-5 con bulbo h\u00famedo y punto de roc\u00edo    Cuatro medidas en un metro   Humedad relativa, temperatura, punto de roc\u00edo y bulbo h\u00famedo   Sonda extendida para un f\u00e1cil acceso al objetivo   Gran pantalla doble digital con retroiluminaci\u00f3n   Temperatura en \u00b0 C o \u00b0 F, seleccionable desde el panel frontal   Mida la humedad relativa y la temperatura juntas   Temperatura en \u00b0 C o \u00b0 F, seleccionable desde el panel frontal   Resoluci\u00f3n de 0,1 grados para la temperatura   Medidas m\u00ednimas y m\u00e1ximas almacenadas   Retenci\u00f3n de datos para congelar la \u00faltima lectura de medici\u00f3n   Montable en tr\u00edpode\" \/>\n<meta property=\"og:url\" content=\"https:\/\/techmasterdemexico.com\/producto\/medidor-de-temperatura-y-humedad-relativa-thwd-5-con-bulbo-humedo-y-punto-de-rocio\/\" \/>\n<meta property=\"og:site_name\" content=\"Techmaster de Mexico\" \/>\n<meta property=\"article:modified_time\" content=\"2022-05-12T04:48:57+00:00\" \/>\n<meta property=\"og:image\" content=\"https:\/\/techmasterdemexico.com\/wp-content\/uploads\/2021\/09\/PD_THWD-5-1.jpg\" \/>\n\t<meta property=\"og:image:width\" content=\"363\" \/>\n\t<meta property=\"og:image:height\" content=\"363\" \/>\n\t<meta property=\"og:image:type\" content=\"image\/jpeg\" \/>\n<meta name=\"twitter:card\" content=\"summary_large_image\" \/>\n<script type=\"application\/ld+json\" class=\"yoast-schema-graph\">{\"@context\":\"https:\\\/\\\/schema.org\",\"@graph\":[{\"@type\":\"WebPage\",\"@id\":\"https:\\\/\\\/techmasterdemexico.com\\\/producto\\\/medidor-de-temperatura-y-humedad-relativa-thwd-5-con-bulbo-humedo-y-punto-de-rocio\\\/\",\"url\":\"https:\\\/\\\/techmasterdemexico.com\\\/producto\\\/medidor-de-temperatura-y-humedad-relativa-thwd-5-con-bulbo-humedo-y-punto-de-rocio\\\/\",\"name\":\"Medidor de temperatura y humedad relativa THWD-5 con bulbo h\u00famedo y punto de roc\u00edo - Techmaster de Mexico\",\"isPartOf\":{\"@id\":\"https:\\\/\\\/techmasterdemexico.com\\\/#website\"},\"primaryImageOfPage\":{\"@id\":\"https:\\\/\\\/techmasterdemexico.com\\\/producto\\\/medidor-de-temperatura-y-humedad-relativa-thwd-5-con-bulbo-humedo-y-punto-de-rocio\\\/#primaryimage\"},\"image\":{\"@id\":\"https:\\\/\\\/techmasterdemexico.com\\\/producto\\\/medidor-de-temperatura-y-humedad-relativa-thwd-5-con-bulbo-humedo-y-punto-de-rocio\\\/#primaryimage\"},\"thumbnailUrl\":\"https:\\\/\\\/techmasterdemexico.com\\\/wp-content\\\/uploads\\\/2021\\\/09\\\/PD_THWD-5-1.jpg\",\"datePublished\":\"2021-09-14T22:38:17+00:00\",\"dateModified\":\"2022-05-12T04:48:57+00:00\",\"breadcrumb\":{\"@id\":\"https:\\\/\\\/techmasterdemexico.com\\\/producto\\\/medidor-de-temperatura-y-humedad-relativa-thwd-5-con-bulbo-humedo-y-punto-de-rocio\\\/#breadcrumb\"},\"inLanguage\":\"en-US\",\"potentialAction\":[{\"@type\":\"ReadAction\",\"target\":[\"https:\\\/\\\/techmasterdemexico.com\\\/producto\\\/medidor-de-temperatura-y-humedad-relativa-thwd-5-con-bulbo-humedo-y-punto-de-rocio\\\/\"]}]},{\"@type\":\"ImageObject\",\"inLanguage\":\"en-US\",\"@id\":\"https:\\\/\\\/techmasterdemexico.com\\\/producto\\\/medidor-de-temperatura-y-humedad-relativa-thwd-5-con-bulbo-humedo-y-punto-de-rocio\\\/#primaryimage\",\"url\":\"https:\\\/\\\/techmasterdemexico.com\\\/wp-content\\\/uploads\\\/2021\\\/09\\\/PD_THWD-5-1.jpg\",\"contentUrl\":\"https:\\\/\\\/techmasterdemexico.com\\\/wp-content\\\/uploads\\\/2021\\\/09\\\/PD_THWD-5-1.jpg\",\"width\":363,\"height\":363},{\"@type\":\"BreadcrumbList\",\"@id\":\"https:\\\/\\\/techmasterdemexico.com\\\/producto\\\/medidor-de-temperatura-y-humedad-relativa-thwd-5-con-bulbo-humedo-y-punto-de-rocio\\\/#breadcrumb\",\"itemListElement\":[{\"@type\":\"ListItem\",\"position\":1,\"name\":\"Portada\",\"item\":\"https:\\\/\\\/techmasterdemexico.com\\\/\"},{\"@type\":\"ListItem\",\"position\":2,\"name\":\"Medidor de temperatura y humedad relativa THWD-5 con bulbo h\u00famedo y punto de roc\u00edo\"}]},{\"@type\":\"WebSite\",\"@id\":\"https:\\\/\\\/techmasterdemexico.com\\\/#website\",\"url\":\"https:\\\/\\\/techmasterdemexico.com\\\/\",\"name\":\"Techmaster de Mexico\",\"description\":\"\",\"potentialAction\":[{\"@type\":\"SearchAction\",\"target\":{\"@type\":\"EntryPoint\",\"urlTemplate\":\"https:\\\/\\\/techmasterdemexico.com\\\/?s={search_term_string}\"},\"query-input\":{\"@type\":\"PropertyValueSpecification\",\"valueRequired\":true,\"valueName\":\"search_term_string\"}}],\"inLanguage\":\"en-US\"}]}<\/script>\n<!-- \/ Yoast SEO plugin. -->","yoast_head_json":{"title":"Medidor de temperatura y humedad relativa THWD-5 con bulbo h\u00famedo y punto de roc\u00edo - Techmaster de Mexico","robots":{"index":"index","follow":"follow","max-snippet":"max-snippet:-1","max-image-preview":"max-image-preview:large","max-video-preview":"max-video-preview:-1"},"canonical":"https:\/\/techmasterdemexico.com\/producto\/medidor-de-temperatura-y-humedad-relativa-thwd-5-con-bulbo-humedo-y-punto-de-rocio\/","og_locale":"en_US","og_type":"article","og_title":"Medidor de temperatura y humedad relativa THWD-5 con bulbo h\u00famedo y punto de roc\u00edo - Techmaster de Mexico","og_description":"Medidor de temperatura y humedad relativa Amprobe THWD-5 con bulbo h\u00famedo y punto de roc\u00edo    Cuatro medidas en un metro   Humedad relativa, temperatura, punto de roc\u00edo y bulbo h\u00famedo   Sonda extendida para un f\u00e1cil acceso al objetivo   Gran pantalla doble digital con retroiluminaci\u00f3n   Temperatura en \u00b0 C o \u00b0 F, seleccionable desde el panel frontal   Mida la humedad relativa y la temperatura juntas   Temperatura en \u00b0 C o \u00b0 F, seleccionable desde el panel frontal   Resoluci\u00f3n de 0,1 grados para la temperatura   Medidas m\u00ednimas y m\u00e1ximas almacenadas   Retenci\u00f3n de datos para congelar la \u00faltima lectura de medici\u00f3n   Montable en tr\u00edpode","og_url":"https:\/\/techmasterdemexico.com\/producto\/medidor-de-temperatura-y-humedad-relativa-thwd-5-con-bulbo-humedo-y-punto-de-rocio\/","og_site_name":"Techmaster de Mexico","article_modified_time":"2022-05-12T04:48:57+00:00","og_image":[{"width":363,"height":363,"url":"https:\/\/techmasterdemexico.com\/wp-content\/uploads\/2021\/09\/PD_THWD-5-1.jpg","type":"image\/jpeg"}],"twitter_card":"summary_large_image","schema":{"@context":"https:\/\/schema.org","@graph":[{"@type":"WebPage","@id":"https:\/\/techmasterdemexico.com\/producto\/medidor-de-temperatura-y-humedad-relativa-thwd-5-con-bulbo-humedo-y-punto-de-rocio\/","url":"https:\/\/techmasterdemexico.com\/producto\/medidor-de-temperatura-y-humedad-relativa-thwd-5-con-bulbo-humedo-y-punto-de-rocio\/","name":"Medidor de temperatura y humedad relativa THWD-5 con bulbo h\u00famedo y punto de roc\u00edo - Techmaster de Mexico","isPartOf":{"@id":"https:\/\/techmasterdemexico.com\/#website"},"primaryImageOfPage":{"@id":"https:\/\/techmasterdemexico.com\/producto\/medidor-de-temperatura-y-humedad-relativa-thwd-5-con-bulbo-humedo-y-punto-de-rocio\/#primaryimage"},"image":{"@id":"https:\/\/techmasterdemexico.com\/producto\/medidor-de-temperatura-y-humedad-relativa-thwd-5-con-bulbo-humedo-y-punto-de-rocio\/#primaryimage"},"thumbnailUrl":"https:\/\/techmasterdemexico.com\/wp-content\/uploads\/2021\/09\/PD_THWD-5-1.jpg","datePublished":"2021-09-14T22:38:17+00:00","dateModified":"2022-05-12T04:48:57+00:00","breadcrumb":{"@id":"https:\/\/techmasterdemexico.com\/producto\/medidor-de-temperatura-y-humedad-relativa-thwd-5-con-bulbo-humedo-y-punto-de-rocio\/#breadcrumb"},"inLanguage":"en-US","potentialAction":[{"@type":"ReadAction","target":["https:\/\/techmasterdemexico.com\/producto\/medidor-de-temperatura-y-humedad-relativa-thwd-5-con-bulbo-humedo-y-punto-de-rocio\/"]}]},{"@type":"ImageObject","inLanguage":"en-US","@id":"https:\/\/techmasterdemexico.com\/producto\/medidor-de-temperatura-y-humedad-relativa-thwd-5-con-bulbo-humedo-y-punto-de-rocio\/#primaryimage","url":"https:\/\/techmasterdemexico.com\/wp-content\/uploads\/2021\/09\/PD_THWD-5-1.jpg","contentUrl":"https:\/\/techmasterdemexico.com\/wp-content\/uploads\/2021\/09\/PD_THWD-5-1.jpg","width":363,"height":363},{"@type":"BreadcrumbList","@id":"https:\/\/techmasterdemexico.com\/producto\/medidor-de-temperatura-y-humedad-relativa-thwd-5-con-bulbo-humedo-y-punto-de-rocio\/#breadcrumb","itemListElement":[{"@type":"ListItem","position":1,"name":"Portada","item":"https:\/\/techmasterdemexico.com\/"},{"@type":"ListItem","position":2,"name":"Medidor de temperatura y humedad relativa THWD-5 con bulbo h\u00famedo y punto de roc\u00edo"}]},{"@type":"WebSite","@id":"https:\/\/techmasterdemexico.com\/#website","url":"https:\/\/techmasterdemexico.com\/","name":"Techmaster de Mexico","description":"","potentialAction":[{"@type":"SearchAction","target":{"@type":"EntryPoint","urlTemplate":"https:\/\/techmasterdemexico.com\/?s={search_term_string}"},"query-input":{"@type":"PropertyValueSpecification","valueRequired":true,"valueName":"search_term_string"}}],"inLanguage":"en-US"}]}},"brands":[{"id":104,"name":"Amprobe","slug":"amprobe"}],"_links":{"self":[{"href":"https:\/\/techmasterdemexico.com\/en\/wp-json\/wp\/v2\/product\/9154","targetHints":{"allow":["GET"]}}],"collection":[{"href":"https:\/\/techmasterdemexico.com\/en\/wp-json\/wp\/v2\/product"}],"about":[{"href":"https:\/\/techmasterdemexico.com\/en\/wp-json\/wp\/v2\/types\/product"}],"wp:featuredmedia":[{"embeddable":true,"href":"https:\/\/techmasterdemexico.com\/en\/wp-json\/wp\/v2\/media\/9397"}],"wp:attachment":[{"href":"https:\/\/techmasterdemexico.com\/en\/wp-json\/wp\/v2\/media?parent=9154"}],"wp:term":[{"taxonomy":"pwb-brand","embeddable":true,"href":"https:\/\/techmasterdemexico.com\/en\/wp-json\/wp\/v2\/pwb-brand?post=9154"},{"taxonomy":"product_brand","embeddable":true,"href":"https:\/\/techmasterdemexico.com\/en\/wp-json\/wp\/v2\/product_brand?post=9154"},{"taxonomy":"product_cat","embeddable":true,"href":"https:\/\/techmasterdemexico.com\/en\/wp-json\/wp\/v2\/product_cat?post=9154"},{"taxonomy":"product_tag","embeddable":true,"href":"https:\/\/techmasterdemexico.com\/en\/wp-json\/wp\/v2\/product_tag?post=9154"}],"curies":[{"name":"wp","href":"https:\/\/api.w.org\/{rel}","templated":true}]}}