{"id":9153,"date":"2021-09-14T22:38:17","date_gmt":"2021-09-14T22:38:17","guid":{"rendered":"https:\/\/techmastermx.ddns.net\/producto\/medidor-de-temperatura-de-humedad-relativa-thwd-3\/"},"modified":"2022-05-12T04:48:57","modified_gmt":"2022-05-12T04:48:57","slug":"medidor-de-temperatura-de-humedad-relativa-thwd-3","status":"publish","type":"product","link":"https:\/\/techmasterdemexico.com\/en\/producto\/medidor-de-temperatura-de-humedad-relativa-thwd-3\/","title":{"rendered":"Medidor de temperatura de humedad relativa THWD-3"},"content":{"rendered":"<p>El THWD-3 utiliza un sensor de capacitancia de precisi\u00f3n para ofrecer un rendimiento preciso con estabilidad a largo plazo. Este instrumento de alta precisi\u00f3n mide el rango completo de humedad relativa de 0% a 100% y presenta un rango de medici\u00f3n de temperatura ambiente excepcionalmente amplio de -4 \u00b0 F a 140 \u00b0 F. El sensor est\u00e1 montado a lo largo del eje que se extiende desde la superficie superior de la unidad, lo que facilita el sondeo en conductos y \u00e1reas de dif\u00edcil acceso. La gran pantalla LCD muestra dos mediciones simult\u00e1neamente con una gama completa de opciones de visualizaci\u00f3n que incluyen retenci\u00f3n, m\u00ednimo, m\u00e1ximo, punto de roc\u00edo (DP) y bulbo h\u00famedo (WB).<\/p>\n","protected":false},"excerpt":{"rendered":"<p>Medidor de temperatura de humedad relativa Amprobe THWD-3<\/p>\n<ul>\n<li>Pantalla dual<\/li>\n<li>V\u00e1stago de sonda extendido para acceder f\u00e1cilmente a los conductos de aire<\/li>\n<li>Punto de roc\u00edo<\/li>\n<li>Bulbo h\u00famedo<\/li>\n<li>Lecturas m\u00ednimas \/ m\u00e1ximas<\/li>\n<li>Retenci\u00f3n de datos<\/li>\n<li>Sensor capacitivo con cubierta protectora<\/li>\n<li>Apagado autom\u00e1tico<\/li>\n<\/ul>\n","protected":false},"featured_media":9400,"template":"","meta":{"_acf_changed":false},"pwb-brand":[104],"product_brand":[],"product_cat":[366,101,151,102],"product_tag":[],"class_list":{"0":"post-9153","1":"product","2":"type-product","3":"status-publish","4":"has-post-thumbnail","6":"pwb-brand-amprobe","7":"product_cat-todos-los-productos","8":"product_cat-amprobe","9":"product_cat-comprobadores-de-temperatura-y-humedad","10":"product_cat-herramientas-hvac","12":"first","13":"instock","14":"taxable","15":"shipping-taxable","16":"product-type-simple"},"acf":[],"yoast_head":"<!-- This site is optimized with the Yoast SEO plugin v27.4 - https:\/\/yoast.com\/product\/yoast-seo-wordpress\/ -->\n<title>Medidor de temperatura de humedad relativa THWD-3 - Techmaster de Mexico<\/title>\n<meta name=\"robots\" content=\"index, follow, max-snippet:-1, max-image-preview:large, max-video-preview:-1\" \/>\n<link rel=\"canonical\" href=\"https:\/\/techmasterdemexico.com\/producto\/medidor-de-temperatura-de-humedad-relativa-thwd-3\/\" \/>\n<meta property=\"og:locale\" content=\"en_US\" \/>\n<meta property=\"og:type\" content=\"article\" \/>\n<meta property=\"og:title\" content=\"Medidor de temperatura de humedad relativa THWD-3 - Techmaster de Mexico\" \/>\n<meta property=\"og:description\" content=\"Medidor de temperatura de humedad relativa Amprobe THWD-3    Pantalla dual   V\u00e1stago de sonda extendido para acceder f\u00e1cilmente a los conductos de aire   Punto de roc\u00edo   Bulbo h\u00famedo   Lecturas m\u00ednimas \/ m\u00e1ximas   Retenci\u00f3n de datos   Sensor capacitivo con cubierta protectora   Apagado autom\u00e1tico\" \/>\n<meta property=\"og:url\" content=\"https:\/\/techmasterdemexico.com\/producto\/medidor-de-temperatura-de-humedad-relativa-thwd-3\/\" \/>\n<meta property=\"og:site_name\" content=\"Techmaster de Mexico\" \/>\n<meta property=\"article:modified_time\" content=\"2022-05-12T04:48:57+00:00\" \/>\n<meta property=\"og:image\" content=\"https:\/\/techmasterdemexico.com\/wp-content\/uploads\/2021\/09\/PD_THWD-3-2.jpg\" \/>\n\t<meta property=\"og:image:width\" content=\"363\" \/>\n\t<meta property=\"og:image:height\" content=\"363\" \/>\n\t<meta property=\"og:image:type\" content=\"image\/jpeg\" \/>\n<meta name=\"twitter:card\" content=\"summary_large_image\" \/>\n<meta name=\"twitter:label1\" content=\"Est. reading time\" \/>\n\t<meta name=\"twitter:data1\" content=\"1 minute\" \/>\n<script type=\"application\/ld+json\" class=\"yoast-schema-graph\">{\"@context\":\"https:\\\/\\\/schema.org\",\"@graph\":[{\"@type\":\"WebPage\",\"@id\":\"https:\\\/\\\/techmasterdemexico.com\\\/producto\\\/medidor-de-temperatura-de-humedad-relativa-thwd-3\\\/\",\"url\":\"https:\\\/\\\/techmasterdemexico.com\\\/producto\\\/medidor-de-temperatura-de-humedad-relativa-thwd-3\\\/\",\"name\":\"Medidor de temperatura de humedad relativa THWD-3 - Techmaster de Mexico\",\"isPartOf\":{\"@id\":\"https:\\\/\\\/techmasterdemexico.com\\\/#website\"},\"primaryImageOfPage\":{\"@id\":\"https:\\\/\\\/techmasterdemexico.com\\\/producto\\\/medidor-de-temperatura-de-humedad-relativa-thwd-3\\\/#primaryimage\"},\"image\":{\"@id\":\"https:\\\/\\\/techmasterdemexico.com\\\/producto\\\/medidor-de-temperatura-de-humedad-relativa-thwd-3\\\/#primaryimage\"},\"thumbnailUrl\":\"https:\\\/\\\/techmasterdemexico.com\\\/wp-content\\\/uploads\\\/2021\\\/09\\\/PD_THWD-3-2.jpg\",\"datePublished\":\"2021-09-14T22:38:17+00:00\",\"dateModified\":\"2022-05-12T04:48:57+00:00\",\"breadcrumb\":{\"@id\":\"https:\\\/\\\/techmasterdemexico.com\\\/producto\\\/medidor-de-temperatura-de-humedad-relativa-thwd-3\\\/#breadcrumb\"},\"inLanguage\":\"en-US\",\"potentialAction\":[{\"@type\":\"ReadAction\",\"target\":[\"https:\\\/\\\/techmasterdemexico.com\\\/producto\\\/medidor-de-temperatura-de-humedad-relativa-thwd-3\\\/\"]}]},{\"@type\":\"ImageObject\",\"inLanguage\":\"en-US\",\"@id\":\"https:\\\/\\\/techmasterdemexico.com\\\/producto\\\/medidor-de-temperatura-de-humedad-relativa-thwd-3\\\/#primaryimage\",\"url\":\"https:\\\/\\\/techmasterdemexico.com\\\/wp-content\\\/uploads\\\/2021\\\/09\\\/PD_THWD-3-2.jpg\",\"contentUrl\":\"https:\\\/\\\/techmasterdemexico.com\\\/wp-content\\\/uploads\\\/2021\\\/09\\\/PD_THWD-3-2.jpg\",\"width\":363,\"height\":363},{\"@type\":\"BreadcrumbList\",\"@id\":\"https:\\\/\\\/techmasterdemexico.com\\\/producto\\\/medidor-de-temperatura-de-humedad-relativa-thwd-3\\\/#breadcrumb\",\"itemListElement\":[{\"@type\":\"ListItem\",\"position\":1,\"name\":\"Portada\",\"item\":\"https:\\\/\\\/techmasterdemexico.com\\\/\"},{\"@type\":\"ListItem\",\"position\":2,\"name\":\"Medidor de temperatura de humedad relativa THWD-3\"}]},{\"@type\":\"WebSite\",\"@id\":\"https:\\\/\\\/techmasterdemexico.com\\\/#website\",\"url\":\"https:\\\/\\\/techmasterdemexico.com\\\/\",\"name\":\"Techmaster de Mexico\",\"description\":\"\",\"potentialAction\":[{\"@type\":\"SearchAction\",\"target\":{\"@type\":\"EntryPoint\",\"urlTemplate\":\"https:\\\/\\\/techmasterdemexico.com\\\/?s={search_term_string}\"},\"query-input\":{\"@type\":\"PropertyValueSpecification\",\"valueRequired\":true,\"valueName\":\"search_term_string\"}}],\"inLanguage\":\"en-US\"}]}<\/script>\n<!-- \/ Yoast SEO plugin. -->","yoast_head_json":{"title":"Medidor de temperatura de humedad relativa THWD-3 - Techmaster de Mexico","robots":{"index":"index","follow":"follow","max-snippet":"max-snippet:-1","max-image-preview":"max-image-preview:large","max-video-preview":"max-video-preview:-1"},"canonical":"https:\/\/techmasterdemexico.com\/producto\/medidor-de-temperatura-de-humedad-relativa-thwd-3\/","og_locale":"en_US","og_type":"article","og_title":"Medidor de temperatura de humedad relativa THWD-3 - Techmaster de Mexico","og_description":"Medidor de temperatura de humedad relativa Amprobe THWD-3    Pantalla dual   V\u00e1stago de sonda extendido para acceder f\u00e1cilmente a los conductos de aire   Punto de roc\u00edo   Bulbo h\u00famedo   Lecturas m\u00ednimas \/ m\u00e1ximas   Retenci\u00f3n de datos   Sensor capacitivo con cubierta protectora   Apagado autom\u00e1tico","og_url":"https:\/\/techmasterdemexico.com\/producto\/medidor-de-temperatura-de-humedad-relativa-thwd-3\/","og_site_name":"Techmaster de Mexico","article_modified_time":"2022-05-12T04:48:57+00:00","og_image":[{"width":363,"height":363,"url":"https:\/\/techmasterdemexico.com\/wp-content\/uploads\/2021\/09\/PD_THWD-3-2.jpg","type":"image\/jpeg"}],"twitter_card":"summary_large_image","twitter_misc":{"Est. reading time":"1 minute"},"schema":{"@context":"https:\/\/schema.org","@graph":[{"@type":"WebPage","@id":"https:\/\/techmasterdemexico.com\/producto\/medidor-de-temperatura-de-humedad-relativa-thwd-3\/","url":"https:\/\/techmasterdemexico.com\/producto\/medidor-de-temperatura-de-humedad-relativa-thwd-3\/","name":"Medidor de temperatura de humedad relativa THWD-3 - Techmaster de Mexico","isPartOf":{"@id":"https:\/\/techmasterdemexico.com\/#website"},"primaryImageOfPage":{"@id":"https:\/\/techmasterdemexico.com\/producto\/medidor-de-temperatura-de-humedad-relativa-thwd-3\/#primaryimage"},"image":{"@id":"https:\/\/techmasterdemexico.com\/producto\/medidor-de-temperatura-de-humedad-relativa-thwd-3\/#primaryimage"},"thumbnailUrl":"https:\/\/techmasterdemexico.com\/wp-content\/uploads\/2021\/09\/PD_THWD-3-2.jpg","datePublished":"2021-09-14T22:38:17+00:00","dateModified":"2022-05-12T04:48:57+00:00","breadcrumb":{"@id":"https:\/\/techmasterdemexico.com\/producto\/medidor-de-temperatura-de-humedad-relativa-thwd-3\/#breadcrumb"},"inLanguage":"en-US","potentialAction":[{"@type":"ReadAction","target":["https:\/\/techmasterdemexico.com\/producto\/medidor-de-temperatura-de-humedad-relativa-thwd-3\/"]}]},{"@type":"ImageObject","inLanguage":"en-US","@id":"https:\/\/techmasterdemexico.com\/producto\/medidor-de-temperatura-de-humedad-relativa-thwd-3\/#primaryimage","url":"https:\/\/techmasterdemexico.com\/wp-content\/uploads\/2021\/09\/PD_THWD-3-2.jpg","contentUrl":"https:\/\/techmasterdemexico.com\/wp-content\/uploads\/2021\/09\/PD_THWD-3-2.jpg","width":363,"height":363},{"@type":"BreadcrumbList","@id":"https:\/\/techmasterdemexico.com\/producto\/medidor-de-temperatura-de-humedad-relativa-thwd-3\/#breadcrumb","itemListElement":[{"@type":"ListItem","position":1,"name":"Portada","item":"https:\/\/techmasterdemexico.com\/"},{"@type":"ListItem","position":2,"name":"Medidor de temperatura de humedad relativa THWD-3"}]},{"@type":"WebSite","@id":"https:\/\/techmasterdemexico.com\/#website","url":"https:\/\/techmasterdemexico.com\/","name":"Techmaster de Mexico","description":"","potentialAction":[{"@type":"SearchAction","target":{"@type":"EntryPoint","urlTemplate":"https:\/\/techmasterdemexico.com\/?s={search_term_string}"},"query-input":{"@type":"PropertyValueSpecification","valueRequired":true,"valueName":"search_term_string"}}],"inLanguage":"en-US"}]}},"brands":[{"id":104,"name":"Amprobe","slug":"amprobe"}],"_links":{"self":[{"href":"https:\/\/techmasterdemexico.com\/en\/wp-json\/wp\/v2\/product\/9153","targetHints":{"allow":["GET"]}}],"collection":[{"href":"https:\/\/techmasterdemexico.com\/en\/wp-json\/wp\/v2\/product"}],"about":[{"href":"https:\/\/techmasterdemexico.com\/en\/wp-json\/wp\/v2\/types\/product"}],"wp:featuredmedia":[{"embeddable":true,"href":"https:\/\/techmasterdemexico.com\/en\/wp-json\/wp\/v2\/media\/9400"}],"wp:attachment":[{"href":"https:\/\/techmasterdemexico.com\/en\/wp-json\/wp\/v2\/media?parent=9153"}],"wp:term":[{"taxonomy":"pwb-brand","embeddable":true,"href":"https:\/\/techmasterdemexico.com\/en\/wp-json\/wp\/v2\/pwb-brand?post=9153"},{"taxonomy":"product_brand","embeddable":true,"href":"https:\/\/techmasterdemexico.com\/en\/wp-json\/wp\/v2\/product_brand?post=9153"},{"taxonomy":"product_cat","embeddable":true,"href":"https:\/\/techmasterdemexico.com\/en\/wp-json\/wp\/v2\/product_cat?post=9153"},{"taxonomy":"product_tag","embeddable":true,"href":"https:\/\/techmasterdemexico.com\/en\/wp-json\/wp\/v2\/product_tag?post=9153"}],"curies":[{"name":"wp","href":"https:\/\/api.w.org\/{rel}","templated":true}]}}