{"id":9151,"date":"2021-09-14T22:38:16","date_gmt":"2021-09-14T22:38:16","guid":{"rendered":"https:\/\/techmastermx.ddns.net\/producto\/medidor-de-humedad-relativa-estilo-sonda-compacta-th-1\/"},"modified":"2022-05-12T04:48:58","modified_gmt":"2022-05-12T04:48:58","slug":"medidor-de-humedad-relativa-estilo-sonda-compacta-th-1","status":"publish","type":"product","link":"https:\/\/techmasterdemexico.com\/en\/producto\/medidor-de-humedad-relativa-estilo-sonda-compacta-th-1\/","title":{"rendered":"Medidor de humedad relativa estilo sonda compacta TH-1"},"content":{"rendered":"<p>Lleve este peque\u00f1o medidor port\u00e1til de humedad relativa y temperatura, el Amprobe TH-1, a cualquier lugar para realizar mediciones r\u00e1pidas del nivel de comodidad. Pantalla dual f\u00e1cil de leer con retenci\u00f3n de datos para congelar el resultado de la medici\u00f3n en la pantalla. Sensor RH capacitivo de precisi\u00f3n con tapa protectora giratoria.<\/p>\n","protected":false},"excerpt":{"rendered":"<p>Medidor de humedad relativa estilo sonda compacta Amprobe TH-1<\/p>\n<ul>\n<li>El tama\u00f1o compacto va y mide en cualquier lugar<\/li>\n<li>Pantalla dual para HR y temperatura<\/li>\n<li>Tambi\u00e9n mide bulbo h\u00famedo y punto de roc\u00edo<\/li>\n<li>\u00b0 F \/ \u00b0 C seleccionable<\/li>\n<li>Almacena lecturas m\u00ednimas \/ m\u00e1ximas para comparaciones<\/li>\n<li>Funci\u00f3n de retenci\u00f3n de datos<\/li>\n<\/ul>\n","protected":false},"featured_media":9404,"template":"","meta":{"_acf_changed":false},"pwb-brand":[104],"product_brand":[],"product_cat":[366,101,151,102],"product_tag":[],"class_list":{"0":"post-9151","1":"product","2":"type-product","3":"status-publish","4":"has-post-thumbnail","6":"pwb-brand-amprobe","7":"product_cat-todos-los-productos","8":"product_cat-amprobe","9":"product_cat-comprobadores-de-temperatura-y-humedad","10":"product_cat-herramientas-hvac","12":"first","13":"instock","14":"taxable","15":"shipping-taxable","16":"product-type-simple"},"acf":[],"yoast_head":"<!-- This site is optimized with the Yoast SEO plugin v27.4 - https:\/\/yoast.com\/product\/yoast-seo-wordpress\/ -->\n<title>Medidor de humedad relativa estilo sonda compacta TH-1 - Techmaster de Mexico<\/title>\n<meta name=\"robots\" content=\"index, follow, max-snippet:-1, max-image-preview:large, max-video-preview:-1\" \/>\n<link rel=\"canonical\" href=\"https:\/\/techmasterdemexico.com\/producto\/medidor-de-humedad-relativa-estilo-sonda-compacta-th-1\/\" \/>\n<meta property=\"og:locale\" content=\"en_US\" \/>\n<meta property=\"og:type\" content=\"article\" \/>\n<meta property=\"og:title\" content=\"Medidor de humedad relativa estilo sonda compacta TH-1 - Techmaster de Mexico\" \/>\n<meta property=\"og:description\" content=\"Medidor de humedad relativa estilo sonda compacta Amprobe TH-1    El tama\u00f1o compacto va y mide en cualquier lugar   Pantalla dual para HR y temperatura   Tambi\u00e9n mide bulbo h\u00famedo y punto de roc\u00edo   \u00b0 F \/ \u00b0 C seleccionable   Almacena lecturas m\u00ednimas \/ m\u00e1ximas para comparaciones   Funci\u00f3n de retenci\u00f3n de datos\" \/>\n<meta property=\"og:url\" content=\"https:\/\/techmasterdemexico.com\/producto\/medidor-de-humedad-relativa-estilo-sonda-compacta-th-1\/\" \/>\n<meta property=\"og:site_name\" content=\"Techmaster de Mexico\" \/>\n<meta property=\"article:modified_time\" content=\"2022-05-12T04:48:58+00:00\" \/>\n<meta property=\"og:image\" content=\"https:\/\/techmasterdemexico.com\/wp-content\/uploads\/2021\/09\/PD_TH-1-1.jpg\" \/>\n\t<meta property=\"og:image:width\" content=\"363\" \/>\n\t<meta property=\"og:image:height\" content=\"363\" \/>\n\t<meta property=\"og:image:type\" content=\"image\/jpeg\" \/>\n<meta name=\"twitter:card\" content=\"summary_large_image\" \/>\n<script type=\"application\/ld+json\" class=\"yoast-schema-graph\">{\"@context\":\"https:\\\/\\\/schema.org\",\"@graph\":[{\"@type\":\"WebPage\",\"@id\":\"https:\\\/\\\/techmasterdemexico.com\\\/producto\\\/medidor-de-humedad-relativa-estilo-sonda-compacta-th-1\\\/\",\"url\":\"https:\\\/\\\/techmasterdemexico.com\\\/producto\\\/medidor-de-humedad-relativa-estilo-sonda-compacta-th-1\\\/\",\"name\":\"Medidor de humedad relativa estilo sonda compacta TH-1 - Techmaster de Mexico\",\"isPartOf\":{\"@id\":\"https:\\\/\\\/techmasterdemexico.com\\\/#website\"},\"primaryImageOfPage\":{\"@id\":\"https:\\\/\\\/techmasterdemexico.com\\\/producto\\\/medidor-de-humedad-relativa-estilo-sonda-compacta-th-1\\\/#primaryimage\"},\"image\":{\"@id\":\"https:\\\/\\\/techmasterdemexico.com\\\/producto\\\/medidor-de-humedad-relativa-estilo-sonda-compacta-th-1\\\/#primaryimage\"},\"thumbnailUrl\":\"https:\\\/\\\/techmasterdemexico.com\\\/wp-content\\\/uploads\\\/2021\\\/09\\\/PD_TH-1-1.jpg\",\"datePublished\":\"2021-09-14T22:38:16+00:00\",\"dateModified\":\"2022-05-12T04:48:58+00:00\",\"breadcrumb\":{\"@id\":\"https:\\\/\\\/techmasterdemexico.com\\\/producto\\\/medidor-de-humedad-relativa-estilo-sonda-compacta-th-1\\\/#breadcrumb\"},\"inLanguage\":\"en-US\",\"potentialAction\":[{\"@type\":\"ReadAction\",\"target\":[\"https:\\\/\\\/techmasterdemexico.com\\\/producto\\\/medidor-de-humedad-relativa-estilo-sonda-compacta-th-1\\\/\"]}]},{\"@type\":\"ImageObject\",\"inLanguage\":\"en-US\",\"@id\":\"https:\\\/\\\/techmasterdemexico.com\\\/producto\\\/medidor-de-humedad-relativa-estilo-sonda-compacta-th-1\\\/#primaryimage\",\"url\":\"https:\\\/\\\/techmasterdemexico.com\\\/wp-content\\\/uploads\\\/2021\\\/09\\\/PD_TH-1-1.jpg\",\"contentUrl\":\"https:\\\/\\\/techmasterdemexico.com\\\/wp-content\\\/uploads\\\/2021\\\/09\\\/PD_TH-1-1.jpg\",\"width\":363,\"height\":363},{\"@type\":\"BreadcrumbList\",\"@id\":\"https:\\\/\\\/techmasterdemexico.com\\\/producto\\\/medidor-de-humedad-relativa-estilo-sonda-compacta-th-1\\\/#breadcrumb\",\"itemListElement\":[{\"@type\":\"ListItem\",\"position\":1,\"name\":\"Portada\",\"item\":\"https:\\\/\\\/techmasterdemexico.com\\\/\"},{\"@type\":\"ListItem\",\"position\":2,\"name\":\"Medidor de humedad relativa estilo sonda compacta TH-1\"}]},{\"@type\":\"WebSite\",\"@id\":\"https:\\\/\\\/techmasterdemexico.com\\\/#website\",\"url\":\"https:\\\/\\\/techmasterdemexico.com\\\/\",\"name\":\"Techmaster de Mexico\",\"description\":\"\",\"potentialAction\":[{\"@type\":\"SearchAction\",\"target\":{\"@type\":\"EntryPoint\",\"urlTemplate\":\"https:\\\/\\\/techmasterdemexico.com\\\/?s={search_term_string}\"},\"query-input\":{\"@type\":\"PropertyValueSpecification\",\"valueRequired\":true,\"valueName\":\"search_term_string\"}}],\"inLanguage\":\"en-US\"}]}<\/script>\n<!-- \/ Yoast SEO plugin. -->","yoast_head_json":{"title":"Medidor de humedad relativa estilo sonda compacta TH-1 - Techmaster de Mexico","robots":{"index":"index","follow":"follow","max-snippet":"max-snippet:-1","max-image-preview":"max-image-preview:large","max-video-preview":"max-video-preview:-1"},"canonical":"https:\/\/techmasterdemexico.com\/producto\/medidor-de-humedad-relativa-estilo-sonda-compacta-th-1\/","og_locale":"en_US","og_type":"article","og_title":"Medidor de humedad relativa estilo sonda compacta TH-1 - Techmaster de Mexico","og_description":"Medidor de humedad relativa estilo sonda compacta Amprobe TH-1    El tama\u00f1o compacto va y mide en cualquier lugar   Pantalla dual para HR y temperatura   Tambi\u00e9n mide bulbo h\u00famedo y punto de roc\u00edo   \u00b0 F \/ \u00b0 C seleccionable   Almacena lecturas m\u00ednimas \/ m\u00e1ximas para comparaciones   Funci\u00f3n de retenci\u00f3n de datos","og_url":"https:\/\/techmasterdemexico.com\/producto\/medidor-de-humedad-relativa-estilo-sonda-compacta-th-1\/","og_site_name":"Techmaster de Mexico","article_modified_time":"2022-05-12T04:48:58+00:00","og_image":[{"width":363,"height":363,"url":"https:\/\/techmasterdemexico.com\/wp-content\/uploads\/2021\/09\/PD_TH-1-1.jpg","type":"image\/jpeg"}],"twitter_card":"summary_large_image","schema":{"@context":"https:\/\/schema.org","@graph":[{"@type":"WebPage","@id":"https:\/\/techmasterdemexico.com\/producto\/medidor-de-humedad-relativa-estilo-sonda-compacta-th-1\/","url":"https:\/\/techmasterdemexico.com\/producto\/medidor-de-humedad-relativa-estilo-sonda-compacta-th-1\/","name":"Medidor de humedad relativa estilo sonda compacta TH-1 - Techmaster de Mexico","isPartOf":{"@id":"https:\/\/techmasterdemexico.com\/#website"},"primaryImageOfPage":{"@id":"https:\/\/techmasterdemexico.com\/producto\/medidor-de-humedad-relativa-estilo-sonda-compacta-th-1\/#primaryimage"},"image":{"@id":"https:\/\/techmasterdemexico.com\/producto\/medidor-de-humedad-relativa-estilo-sonda-compacta-th-1\/#primaryimage"},"thumbnailUrl":"https:\/\/techmasterdemexico.com\/wp-content\/uploads\/2021\/09\/PD_TH-1-1.jpg","datePublished":"2021-09-14T22:38:16+00:00","dateModified":"2022-05-12T04:48:58+00:00","breadcrumb":{"@id":"https:\/\/techmasterdemexico.com\/producto\/medidor-de-humedad-relativa-estilo-sonda-compacta-th-1\/#breadcrumb"},"inLanguage":"en-US","potentialAction":[{"@type":"ReadAction","target":["https:\/\/techmasterdemexico.com\/producto\/medidor-de-humedad-relativa-estilo-sonda-compacta-th-1\/"]}]},{"@type":"ImageObject","inLanguage":"en-US","@id":"https:\/\/techmasterdemexico.com\/producto\/medidor-de-humedad-relativa-estilo-sonda-compacta-th-1\/#primaryimage","url":"https:\/\/techmasterdemexico.com\/wp-content\/uploads\/2021\/09\/PD_TH-1-1.jpg","contentUrl":"https:\/\/techmasterdemexico.com\/wp-content\/uploads\/2021\/09\/PD_TH-1-1.jpg","width":363,"height":363},{"@type":"BreadcrumbList","@id":"https:\/\/techmasterdemexico.com\/producto\/medidor-de-humedad-relativa-estilo-sonda-compacta-th-1\/#breadcrumb","itemListElement":[{"@type":"ListItem","position":1,"name":"Portada","item":"https:\/\/techmasterdemexico.com\/"},{"@type":"ListItem","position":2,"name":"Medidor de humedad relativa estilo sonda compacta TH-1"}]},{"@type":"WebSite","@id":"https:\/\/techmasterdemexico.com\/#website","url":"https:\/\/techmasterdemexico.com\/","name":"Techmaster de Mexico","description":"","potentialAction":[{"@type":"SearchAction","target":{"@type":"EntryPoint","urlTemplate":"https:\/\/techmasterdemexico.com\/?s={search_term_string}"},"query-input":{"@type":"PropertyValueSpecification","valueRequired":true,"valueName":"search_term_string"}}],"inLanguage":"en-US"}]}},"brands":[{"id":104,"name":"Amprobe","slug":"amprobe"}],"_links":{"self":[{"href":"https:\/\/techmasterdemexico.com\/en\/wp-json\/wp\/v2\/product\/9151","targetHints":{"allow":["GET"]}}],"collection":[{"href":"https:\/\/techmasterdemexico.com\/en\/wp-json\/wp\/v2\/product"}],"about":[{"href":"https:\/\/techmasterdemexico.com\/en\/wp-json\/wp\/v2\/types\/product"}],"wp:featuredmedia":[{"embeddable":true,"href":"https:\/\/techmasterdemexico.com\/en\/wp-json\/wp\/v2\/media\/9404"}],"wp:attachment":[{"href":"https:\/\/techmasterdemexico.com\/en\/wp-json\/wp\/v2\/media?parent=9151"}],"wp:term":[{"taxonomy":"pwb-brand","embeddable":true,"href":"https:\/\/techmasterdemexico.com\/en\/wp-json\/wp\/v2\/pwb-brand?post=9151"},{"taxonomy":"product_brand","embeddable":true,"href":"https:\/\/techmasterdemexico.com\/en\/wp-json\/wp\/v2\/product_brand?post=9151"},{"taxonomy":"product_cat","embeddable":true,"href":"https:\/\/techmasterdemexico.com\/en\/wp-json\/wp\/v2\/product_cat?post=9151"},{"taxonomy":"product_tag","embeddable":true,"href":"https:\/\/techmasterdemexico.com\/en\/wp-json\/wp\/v2\/product_tag?post=9151"}],"curies":[{"name":"wp","href":"https:\/\/api.w.org\/{rel}","templated":true}]}}