{"id":9148,"date":"2021-09-14T22:38:13","date_gmt":"2021-09-15T05:38:13","guid":{"rendered":"https:\/\/techmastermx.ddns.net\/producto\/camara-termica-irc-120\/"},"modified":"2025-06-26T12:39:13","modified_gmt":"2025-06-26T19:39:13","slug":"camara-termica-irc-120","status":"publish","type":"product","link":"https:\/\/techmasterdemexico.com\/en\/producto\/camara-termica-irc-120\/","title":{"rendered":"C\u00e1mara T\u00e9rmica IRC-120"},"content":{"rendered":"<p>La c\u00e1mara t\u00e9rmica Amprobe IRC-120, dise\u00f1ada para el profesional, es resistente con funcionalidad de apuntar y disparar para brindarle una imagen de mapa de calor visual para una identificaci\u00f3n r\u00e1pida y precisa de problemas relacionados con la temperatura. Solucione problemas de conexiones el\u00e9ctricas, motores, HVAC y fugas el\u00e9ctricas y de aislamiento alrededor de los edificios para identificar posibles ahorros de energ\u00eda. El IRC-120 se une a la Serie IRC-100 con algunas caracter\u00edsticas mejoradas: almacenamiento de datos, puntero l\u00e1ser, linterna y luz ultravioleta.<\/p>\n","protected":false},"excerpt":{"rendered":"<p>C\u00e1mara T\u00e9rmica Amprobe IRC-120<\/p>\n<ul>\n<li>Cinco en uno: imagen t\u00e9rmica, temperatura infrarroja, puntero l\u00e1ser, linterna y luz ultravioleta<\/li>\n<li>Almacenamiento de datos: m\u00e1s de 9999 im\u00e1genes descargables<\/li>\n<li>Combinaci\u00f3n de im\u00e1genes de mapa de calor infrarrojo al 0%, 25%, 50%, 75% y 100%<\/li>\n<li>Tres paletas de colores seleccionables: escala de grises, hierro caliente y arco iris<\/li>\n<li>Medici\u00f3n de temperatura en el punto central<\/li>\n<li>Lente sin enfoque<\/li>\n<li>Relaci\u00f3n de distancia al punto de 20: 1<\/li>\n<li>Emisividad ajustable de 0,10 a 1,00<\/li>\n<li>Funci\u00f3n de apagado autom\u00e1tico para ahorrar bater\u00eda<\/li>\n<li>Unidades de temperatura seleccionables en \u00b0 F y \u00b0 C<\/li>\n<li>Navegaci\u00f3n con joystick<\/li>\n<li>Marcadores fr\u00edos y calientes<\/li>\n<\/ul>\n","protected":false},"featured_media":9419,"template":"","meta":{"_acf_changed":false},"pwb-brand":[104],"product_brand":[],"product_cat":[366,101,180,102],"product_tag":[],"class_list":{"0":"post-9148","1":"product","2":"type-product","3":"status-publish","4":"has-post-thumbnail","6":"pwb-brand-amprobe","7":"product_cat-todos-los-productos","8":"product_cat-amprobe","9":"product_cat-camaras-termicas","10":"product_cat-herramientas-hvac","12":"first","13":"instock","14":"taxable","15":"shipping-taxable","16":"purchasable","17":"product-type-simple"},"acf":[],"yoast_head":"<!-- This site is optimized with the Yoast SEO plugin v27.4 - https:\/\/yoast.com\/product\/yoast-seo-wordpress\/ -->\n<title>C\u00e1mara T\u00e9rmica IRC-120 - Techmaster de Mexico<\/title>\n<meta name=\"robots\" content=\"index, follow, max-snippet:-1, max-image-preview:large, max-video-preview:-1\" \/>\n<link rel=\"canonical\" href=\"https:\/\/techmasterdemexico.com\/producto\/camara-termica-irc-120\/\" \/>\n<meta property=\"og:locale\" content=\"en_US\" \/>\n<meta property=\"og:type\" content=\"article\" \/>\n<meta property=\"og:title\" content=\"C\u00e1mara T\u00e9rmica IRC-120 - Techmaster de Mexico\" \/>\n<meta property=\"og:description\" content=\"C\u00e1mara T\u00e9rmica Amprobe IRC-120    Cinco en uno: imagen t\u00e9rmica, temperatura infrarroja, puntero l\u00e1ser, linterna y luz ultravioleta   Almacenamiento de datos: m\u00e1s de 9999 im\u00e1genes descargables   Combinaci\u00f3n de im\u00e1genes de mapa de calor infrarrojo al 0%, 25%, 50%, 75% y 100%   Tres paletas de colores seleccionables: escala de grises, hierro caliente y arco iris   Medici\u00f3n de temperatura en el punto central   Lente sin enfoque   Relaci\u00f3n de distancia al punto de 20: 1   Emisividad ajustable de 0,10 a 1,00   Funci\u00f3n de apagado autom\u00e1tico para ahorrar bater\u00eda   Unidades de temperatura seleccionables en \u00b0 F y \u00b0 C   Navegaci\u00f3n con joystick   Marcadores fr\u00edos y calientes\" \/>\n<meta property=\"og:url\" content=\"https:\/\/techmasterdemexico.com\/producto\/camara-termica-irc-120\/\" \/>\n<meta property=\"og:site_name\" content=\"Techmaster de Mexico\" \/>\n<meta property=\"article:modified_time\" content=\"2025-06-26T19:39:13+00:00\" \/>\n<meta property=\"og:image\" content=\"https:\/\/techmasterdemexico.com\/wp-content\/uploads\/2021\/09\/PD_IRC-120-1.jpg\" \/>\n\t<meta property=\"og:image:width\" content=\"363\" \/>\n\t<meta property=\"og:image:height\" content=\"363\" \/>\n\t<meta property=\"og:image:type\" content=\"image\/jpeg\" \/>\n<meta name=\"twitter:card\" content=\"summary_large_image\" \/>\n<script type=\"application\/ld+json\" class=\"yoast-schema-graph\">{\"@context\":\"https:\\\/\\\/schema.org\",\"@graph\":[{\"@type\":\"WebPage\",\"@id\":\"https:\\\/\\\/techmasterdemexico.com\\\/producto\\\/camara-termica-irc-120\\\/\",\"url\":\"https:\\\/\\\/techmasterdemexico.com\\\/producto\\\/camara-termica-irc-120\\\/\",\"name\":\"C\u00e1mara T\u00e9rmica IRC-120 - Techmaster de Mexico\",\"isPartOf\":{\"@id\":\"https:\\\/\\\/techmasterdemexico.com\\\/#website\"},\"primaryImageOfPage\":{\"@id\":\"https:\\\/\\\/techmasterdemexico.com\\\/producto\\\/camara-termica-irc-120\\\/#primaryimage\"},\"image\":{\"@id\":\"https:\\\/\\\/techmasterdemexico.com\\\/producto\\\/camara-termica-irc-120\\\/#primaryimage\"},\"thumbnailUrl\":\"https:\\\/\\\/techmasterdemexico.com\\\/wp-content\\\/uploads\\\/2021\\\/09\\\/PD_IRC-120-1.jpg\",\"datePublished\":\"2021-09-15T05:38:13+00:00\",\"dateModified\":\"2025-06-26T19:39:13+00:00\",\"breadcrumb\":{\"@id\":\"https:\\\/\\\/techmasterdemexico.com\\\/producto\\\/camara-termica-irc-120\\\/#breadcrumb\"},\"inLanguage\":\"en-US\",\"potentialAction\":[{\"@type\":\"ReadAction\",\"target\":[\"https:\\\/\\\/techmasterdemexico.com\\\/producto\\\/camara-termica-irc-120\\\/\"]}]},{\"@type\":\"ImageObject\",\"inLanguage\":\"en-US\",\"@id\":\"https:\\\/\\\/techmasterdemexico.com\\\/producto\\\/camara-termica-irc-120\\\/#primaryimage\",\"url\":\"https:\\\/\\\/techmasterdemexico.com\\\/wp-content\\\/uploads\\\/2021\\\/09\\\/PD_IRC-120-1.jpg\",\"contentUrl\":\"https:\\\/\\\/techmasterdemexico.com\\\/wp-content\\\/uploads\\\/2021\\\/09\\\/PD_IRC-120-1.jpg\",\"width\":363,\"height\":363},{\"@type\":\"BreadcrumbList\",\"@id\":\"https:\\\/\\\/techmasterdemexico.com\\\/producto\\\/camara-termica-irc-120\\\/#breadcrumb\",\"itemListElement\":[{\"@type\":\"ListItem\",\"position\":1,\"name\":\"Portada\",\"item\":\"https:\\\/\\\/techmasterdemexico.com\\\/\"},{\"@type\":\"ListItem\",\"position\":2,\"name\":\"C\u00e1mara T\u00e9rmica IRC-120\"}]},{\"@type\":\"WebSite\",\"@id\":\"https:\\\/\\\/techmasterdemexico.com\\\/#website\",\"url\":\"https:\\\/\\\/techmasterdemexico.com\\\/\",\"name\":\"Techmaster de Mexico\",\"description\":\"\",\"potentialAction\":[{\"@type\":\"SearchAction\",\"target\":{\"@type\":\"EntryPoint\",\"urlTemplate\":\"https:\\\/\\\/techmasterdemexico.com\\\/?s={search_term_string}\"},\"query-input\":{\"@type\":\"PropertyValueSpecification\",\"valueRequired\":true,\"valueName\":\"search_term_string\"}}],\"inLanguage\":\"en-US\"}]}<\/script>\n<!-- \/ Yoast SEO plugin. -->","yoast_head_json":{"title":"C\u00e1mara T\u00e9rmica IRC-120 - Techmaster de Mexico","robots":{"index":"index","follow":"follow","max-snippet":"max-snippet:-1","max-image-preview":"max-image-preview:large","max-video-preview":"max-video-preview:-1"},"canonical":"https:\/\/techmasterdemexico.com\/producto\/camara-termica-irc-120\/","og_locale":"en_US","og_type":"article","og_title":"C\u00e1mara T\u00e9rmica IRC-120 - Techmaster de Mexico","og_description":"C\u00e1mara T\u00e9rmica Amprobe IRC-120    Cinco en uno: imagen t\u00e9rmica, temperatura infrarroja, puntero l\u00e1ser, linterna y luz ultravioleta   Almacenamiento de datos: m\u00e1s de 9999 im\u00e1genes descargables   Combinaci\u00f3n de im\u00e1genes de mapa de calor infrarrojo al 0%, 25%, 50%, 75% y 100%   Tres paletas de colores seleccionables: escala de grises, hierro caliente y arco iris   Medici\u00f3n de temperatura en el punto central   Lente sin enfoque   Relaci\u00f3n de distancia al punto de 20: 1   Emisividad ajustable de 0,10 a 1,00   Funci\u00f3n de apagado autom\u00e1tico para ahorrar bater\u00eda   Unidades de temperatura seleccionables en \u00b0 F y \u00b0 C   Navegaci\u00f3n con joystick   Marcadores fr\u00edos y calientes","og_url":"https:\/\/techmasterdemexico.com\/producto\/camara-termica-irc-120\/","og_site_name":"Techmaster de Mexico","article_modified_time":"2025-06-26T19:39:13+00:00","og_image":[{"width":363,"height":363,"url":"https:\/\/techmasterdemexico.com\/wp-content\/uploads\/2021\/09\/PD_IRC-120-1.jpg","type":"image\/jpeg"}],"twitter_card":"summary_large_image","schema":{"@context":"https:\/\/schema.org","@graph":[{"@type":"WebPage","@id":"https:\/\/techmasterdemexico.com\/producto\/camara-termica-irc-120\/","url":"https:\/\/techmasterdemexico.com\/producto\/camara-termica-irc-120\/","name":"C\u00e1mara T\u00e9rmica IRC-120 - Techmaster de Mexico","isPartOf":{"@id":"https:\/\/techmasterdemexico.com\/#website"},"primaryImageOfPage":{"@id":"https:\/\/techmasterdemexico.com\/producto\/camara-termica-irc-120\/#primaryimage"},"image":{"@id":"https:\/\/techmasterdemexico.com\/producto\/camara-termica-irc-120\/#primaryimage"},"thumbnailUrl":"https:\/\/techmasterdemexico.com\/wp-content\/uploads\/2021\/09\/PD_IRC-120-1.jpg","datePublished":"2021-09-15T05:38:13+00:00","dateModified":"2025-06-26T19:39:13+00:00","breadcrumb":{"@id":"https:\/\/techmasterdemexico.com\/producto\/camara-termica-irc-120\/#breadcrumb"},"inLanguage":"en-US","potentialAction":[{"@type":"ReadAction","target":["https:\/\/techmasterdemexico.com\/producto\/camara-termica-irc-120\/"]}]},{"@type":"ImageObject","inLanguage":"en-US","@id":"https:\/\/techmasterdemexico.com\/producto\/camara-termica-irc-120\/#primaryimage","url":"https:\/\/techmasterdemexico.com\/wp-content\/uploads\/2021\/09\/PD_IRC-120-1.jpg","contentUrl":"https:\/\/techmasterdemexico.com\/wp-content\/uploads\/2021\/09\/PD_IRC-120-1.jpg","width":363,"height":363},{"@type":"BreadcrumbList","@id":"https:\/\/techmasterdemexico.com\/producto\/camara-termica-irc-120\/#breadcrumb","itemListElement":[{"@type":"ListItem","position":1,"name":"Portada","item":"https:\/\/techmasterdemexico.com\/"},{"@type":"ListItem","position":2,"name":"C\u00e1mara T\u00e9rmica IRC-120"}]},{"@type":"WebSite","@id":"https:\/\/techmasterdemexico.com\/#website","url":"https:\/\/techmasterdemexico.com\/","name":"Techmaster de Mexico","description":"","potentialAction":[{"@type":"SearchAction","target":{"@type":"EntryPoint","urlTemplate":"https:\/\/techmasterdemexico.com\/?s={search_term_string}"},"query-input":{"@type":"PropertyValueSpecification","valueRequired":true,"valueName":"search_term_string"}}],"inLanguage":"en-US"}]}},"brands":[{"id":104,"name":"Amprobe","slug":"amprobe"}],"_links":{"self":[{"href":"https:\/\/techmasterdemexico.com\/en\/wp-json\/wp\/v2\/product\/9148","targetHints":{"allow":["GET"]}}],"collection":[{"href":"https:\/\/techmasterdemexico.com\/en\/wp-json\/wp\/v2\/product"}],"about":[{"href":"https:\/\/techmasterdemexico.com\/en\/wp-json\/wp\/v2\/types\/product"}],"wp:featuredmedia":[{"embeddable":true,"href":"https:\/\/techmasterdemexico.com\/en\/wp-json\/wp\/v2\/media\/9419"}],"wp:attachment":[{"href":"https:\/\/techmasterdemexico.com\/en\/wp-json\/wp\/v2\/media?parent=9148"}],"wp:term":[{"taxonomy":"pwb-brand","embeddable":true,"href":"https:\/\/techmasterdemexico.com\/en\/wp-json\/wp\/v2\/pwb-brand?post=9148"},{"taxonomy":"product_brand","embeddable":true,"href":"https:\/\/techmasterdemexico.com\/en\/wp-json\/wp\/v2\/product_brand?post=9148"},{"taxonomy":"product_cat","embeddable":true,"href":"https:\/\/techmasterdemexico.com\/en\/wp-json\/wp\/v2\/product_cat?post=9148"},{"taxonomy":"product_tag","embeddable":true,"href":"https:\/\/techmasterdemexico.com\/en\/wp-json\/wp\/v2\/product_tag?post=9148"}],"curies":[{"name":"wp","href":"https:\/\/api.w.org\/{rel}","templated":true}]}}