{"id":9146,"date":"2021-09-14T22:38:12","date_gmt":"2021-09-15T05:38:12","guid":{"rendered":"https:\/\/techmastermx.ddns.net\/producto\/anemometro-tma10a-con-paleta-de-precision-flexible\/"},"modified":"2025-06-26T12:39:35","modified_gmt":"2025-06-26T19:39:35","slug":"anemometro-tma10a-con-paleta-de-precision-flexible","status":"publish","type":"product","link":"https:\/\/techmasterdemexico.com\/en\/producto\/anemometro-tma10a-con-paleta-de-precision-flexible\/","title":{"rendered":"Anem\u00f3metro TMA10A con paleta de precisi\u00f3n flexible"},"content":{"rendered":"<p>El anem\u00f3metro TMA10A con paleta de precisi\u00f3n flexible es ideal para los t\u00e9cnicos de HVAC \/ R que miden calefacci\u00f3n, ventilaci\u00f3n, aire acondicionado, refrigeraci\u00f3n, flujo de viento y temperatura en sistemas de aire acondicionado residenciales, comerciales e industriales. Ofrece numerosas funciones: util\u00edcelo para verificar la velocidad del aire en FPM (pies por minuto), el volumen de aire (flujo) CFM (pies c\u00fabicos por minuto) m\u00e1s la paleta remota permite una mayor flexibilidad de ubicaci\u00f3n de medici\u00f3n. Cambiar entre \u00b0 C y \u00b0 F. Ingrese el \u00e1rea de medici\u00f3n del flujo de aire para obtener resultados precisos de la velocidad del aire. Mida una fuente de flujo de aire para obtener un promedio m\u00f3vil continuo de hasta dos horas. Determine las lecturas m\u00ednima, m\u00e1xima y promedio de una fuente de aire de un solo punto.<\/p>\n<p>La pantalla doble grande permite ver tanto el flujo de aire como las mediciones de velocidad, adem\u00e1s de la temperatura. Cable flexible extendido para capacidades de acceso remoto a las paletas.<\/p>\n<p>Todas las mediciones del TMA10A pueden enviarse a una computadora para su creaci\u00f3n de gr\u00e1ficos o an\u00e1lisis mediante el software opcional modelo TM-SWA y el cable RS232. Se env\u00eda en un estuche r\u00edgido de lujo para proteger y transportar su anem\u00f3metro.<\/p>\n<p>Para medir la calidad del aire interior y para t\u00e9cnicos de HVAC \/ R que miden calefacci\u00f3n, ventilaci\u00f3n, aire acondicionado, refrigeraci\u00f3n, flujo de viento y temperatura en sistemas de aire acondicionado residenciales, comerciales e industriales.<\/p>\n","protected":false},"excerpt":{"rendered":"<p>Anem\u00f3metro Amprobe TMA10A con paleta de precisi\u00f3n flexible<\/p>\n<ul>\n<li>Mide la velocidad del aire o el flujo de aire<\/li>\n<li>Salida de interfaz RS232 con software y cable opcionales, TM-SWA<\/li>\n<li>Media m\u00f3vil continua durante hasta 2 horas<\/li>\n<li>Lectura MIN \/ MAX \/ AVG en un solo punto<\/li>\n<li>Promedio de velocidad del aire para m\u00faltiples puntos<\/li>\n<li>Retenci\u00f3n de datos para congelar la visualizaci\u00f3n de la medici\u00f3n de ambas lecturas<\/li>\n<li>Funci\u00f3n de apagado autom\u00e1tico<\/li>\n<li>Obtenga el promedio de flujo de aire (CFM) para multipunto<\/li>\n<\/ul>\n","protected":false},"featured_media":9500,"template":"","meta":{"_acf_changed":false},"pwb-brand":[104],"product_brand":[],"product_cat":[366,101,179,102],"product_tag":[],"class_list":{"0":"post-9146","1":"product","2":"type-product","3":"status-publish","4":"has-post-thumbnail","6":"pwb-brand-amprobe","7":"product_cat-todos-los-productos","8":"product_cat-amprobe","9":"product_cat-anemometros","10":"product_cat-herramientas-hvac","12":"first","13":"instock","14":"taxable","15":"shipping-taxable","16":"purchasable","17":"product-type-simple"},"acf":[],"yoast_head":"<!-- This site is optimized with the Yoast SEO plugin v27.4 - https:\/\/yoast.com\/product\/yoast-seo-wordpress\/ -->\n<title>Anem\u00f3metro TMA10A con paleta de precisi\u00f3n flexible - Techmaster de Mexico<\/title>\n<meta name=\"robots\" content=\"index, follow, max-snippet:-1, max-image-preview:large, max-video-preview:-1\" \/>\n<link rel=\"canonical\" href=\"https:\/\/techmasterdemexico.com\/producto\/anemometro-tma10a-con-paleta-de-precision-flexible\/\" \/>\n<meta property=\"og:locale\" content=\"en_US\" \/>\n<meta property=\"og:type\" content=\"article\" \/>\n<meta property=\"og:title\" content=\"Anem\u00f3metro TMA10A con paleta de precisi\u00f3n flexible - Techmaster de Mexico\" \/>\n<meta property=\"og:description\" content=\"Anem\u00f3metro Amprobe TMA10A con paleta de precisi\u00f3n flexible    Mide la velocidad del aire o el flujo de aire   Salida de interfaz RS232 con software y cable opcionales, TM-SWA   Media m\u00f3vil continua durante hasta 2 horas   Lectura MIN \/ MAX \/ AVG en un solo punto   Promedio de velocidad del aire para m\u00faltiples puntos   Retenci\u00f3n de datos para congelar la visualizaci\u00f3n de la medici\u00f3n de ambas lecturas   Funci\u00f3n de apagado autom\u00e1tico   Obtenga el promedio de flujo de aire (CFM) para multipunto\" \/>\n<meta property=\"og:url\" content=\"https:\/\/techmasterdemexico.com\/producto\/anemometro-tma10a-con-paleta-de-precision-flexible\/\" \/>\n<meta property=\"og:site_name\" content=\"Techmaster de Mexico\" \/>\n<meta property=\"article:modified_time\" content=\"2025-06-26T19:39:35+00:00\" \/>\n<meta property=\"og:image\" content=\"https:\/\/techmasterdemexico.com\/wp-content\/uploads\/2021\/09\/PD_TMA10A-1.jpg\" \/>\n\t<meta property=\"og:image:width\" content=\"363\" \/>\n\t<meta property=\"og:image:height\" content=\"363\" \/>\n\t<meta property=\"og:image:type\" content=\"image\/jpeg\" \/>\n<meta name=\"twitter:card\" content=\"summary_large_image\" \/>\n<meta name=\"twitter:label1\" content=\"Est. reading time\" \/>\n\t<meta name=\"twitter:data1\" content=\"1 minute\" \/>\n<script type=\"application\/ld+json\" class=\"yoast-schema-graph\">{\"@context\":\"https:\\\/\\\/schema.org\",\"@graph\":[{\"@type\":\"WebPage\",\"@id\":\"https:\\\/\\\/techmasterdemexico.com\\\/producto\\\/anemometro-tma10a-con-paleta-de-precision-flexible\\\/\",\"url\":\"https:\\\/\\\/techmasterdemexico.com\\\/producto\\\/anemometro-tma10a-con-paleta-de-precision-flexible\\\/\",\"name\":\"Anem\u00f3metro TMA10A con paleta de precisi\u00f3n flexible - Techmaster de Mexico\",\"isPartOf\":{\"@id\":\"https:\\\/\\\/techmasterdemexico.com\\\/#website\"},\"primaryImageOfPage\":{\"@id\":\"https:\\\/\\\/techmasterdemexico.com\\\/producto\\\/anemometro-tma10a-con-paleta-de-precision-flexible\\\/#primaryimage\"},\"image\":{\"@id\":\"https:\\\/\\\/techmasterdemexico.com\\\/producto\\\/anemometro-tma10a-con-paleta-de-precision-flexible\\\/#primaryimage\"},\"thumbnailUrl\":\"https:\\\/\\\/techmasterdemexico.com\\\/wp-content\\\/uploads\\\/2021\\\/09\\\/PD_TMA10A-1.jpg\",\"datePublished\":\"2021-09-15T05:38:12+00:00\",\"dateModified\":\"2025-06-26T19:39:35+00:00\",\"breadcrumb\":{\"@id\":\"https:\\\/\\\/techmasterdemexico.com\\\/producto\\\/anemometro-tma10a-con-paleta-de-precision-flexible\\\/#breadcrumb\"},\"inLanguage\":\"en-US\",\"potentialAction\":[{\"@type\":\"ReadAction\",\"target\":[\"https:\\\/\\\/techmasterdemexico.com\\\/producto\\\/anemometro-tma10a-con-paleta-de-precision-flexible\\\/\"]}]},{\"@type\":\"ImageObject\",\"inLanguage\":\"en-US\",\"@id\":\"https:\\\/\\\/techmasterdemexico.com\\\/producto\\\/anemometro-tma10a-con-paleta-de-precision-flexible\\\/#primaryimage\",\"url\":\"https:\\\/\\\/techmasterdemexico.com\\\/wp-content\\\/uploads\\\/2021\\\/09\\\/PD_TMA10A-1.jpg\",\"contentUrl\":\"https:\\\/\\\/techmasterdemexico.com\\\/wp-content\\\/uploads\\\/2021\\\/09\\\/PD_TMA10A-1.jpg\",\"width\":363,\"height\":363},{\"@type\":\"BreadcrumbList\",\"@id\":\"https:\\\/\\\/techmasterdemexico.com\\\/producto\\\/anemometro-tma10a-con-paleta-de-precision-flexible\\\/#breadcrumb\",\"itemListElement\":[{\"@type\":\"ListItem\",\"position\":1,\"name\":\"Portada\",\"item\":\"https:\\\/\\\/techmasterdemexico.com\\\/\"},{\"@type\":\"ListItem\",\"position\":2,\"name\":\"Anem\u00f3metro TMA10A con paleta de precisi\u00f3n flexible\"}]},{\"@type\":\"WebSite\",\"@id\":\"https:\\\/\\\/techmasterdemexico.com\\\/#website\",\"url\":\"https:\\\/\\\/techmasterdemexico.com\\\/\",\"name\":\"Techmaster de Mexico\",\"description\":\"\",\"potentialAction\":[{\"@type\":\"SearchAction\",\"target\":{\"@type\":\"EntryPoint\",\"urlTemplate\":\"https:\\\/\\\/techmasterdemexico.com\\\/?s={search_term_string}\"},\"query-input\":{\"@type\":\"PropertyValueSpecification\",\"valueRequired\":true,\"valueName\":\"search_term_string\"}}],\"inLanguage\":\"en-US\"}]}<\/script>\n<!-- \/ Yoast SEO plugin. -->","yoast_head_json":{"title":"Anem\u00f3metro TMA10A con paleta de precisi\u00f3n flexible - Techmaster de Mexico","robots":{"index":"index","follow":"follow","max-snippet":"max-snippet:-1","max-image-preview":"max-image-preview:large","max-video-preview":"max-video-preview:-1"},"canonical":"https:\/\/techmasterdemexico.com\/producto\/anemometro-tma10a-con-paleta-de-precision-flexible\/","og_locale":"en_US","og_type":"article","og_title":"Anem\u00f3metro TMA10A con paleta de precisi\u00f3n flexible - Techmaster de Mexico","og_description":"Anem\u00f3metro Amprobe TMA10A con paleta de precisi\u00f3n flexible    Mide la velocidad del aire o el flujo de aire   Salida de interfaz RS232 con software y cable opcionales, TM-SWA   Media m\u00f3vil continua durante hasta 2 horas   Lectura MIN \/ MAX \/ AVG en un solo punto   Promedio de velocidad del aire para m\u00faltiples puntos   Retenci\u00f3n de datos para congelar la visualizaci\u00f3n de la medici\u00f3n de ambas lecturas   Funci\u00f3n de apagado autom\u00e1tico   Obtenga el promedio de flujo de aire (CFM) para multipunto","og_url":"https:\/\/techmasterdemexico.com\/producto\/anemometro-tma10a-con-paleta-de-precision-flexible\/","og_site_name":"Techmaster de Mexico","article_modified_time":"2025-06-26T19:39:35+00:00","og_image":[{"width":363,"height":363,"url":"https:\/\/techmasterdemexico.com\/wp-content\/uploads\/2021\/09\/PD_TMA10A-1.jpg","type":"image\/jpeg"}],"twitter_card":"summary_large_image","twitter_misc":{"Est. reading time":"1 minute"},"schema":{"@context":"https:\/\/schema.org","@graph":[{"@type":"WebPage","@id":"https:\/\/techmasterdemexico.com\/producto\/anemometro-tma10a-con-paleta-de-precision-flexible\/","url":"https:\/\/techmasterdemexico.com\/producto\/anemometro-tma10a-con-paleta-de-precision-flexible\/","name":"Anem\u00f3metro TMA10A con paleta de precisi\u00f3n flexible - Techmaster de Mexico","isPartOf":{"@id":"https:\/\/techmasterdemexico.com\/#website"},"primaryImageOfPage":{"@id":"https:\/\/techmasterdemexico.com\/producto\/anemometro-tma10a-con-paleta-de-precision-flexible\/#primaryimage"},"image":{"@id":"https:\/\/techmasterdemexico.com\/producto\/anemometro-tma10a-con-paleta-de-precision-flexible\/#primaryimage"},"thumbnailUrl":"https:\/\/techmasterdemexico.com\/wp-content\/uploads\/2021\/09\/PD_TMA10A-1.jpg","datePublished":"2021-09-15T05:38:12+00:00","dateModified":"2025-06-26T19:39:35+00:00","breadcrumb":{"@id":"https:\/\/techmasterdemexico.com\/producto\/anemometro-tma10a-con-paleta-de-precision-flexible\/#breadcrumb"},"inLanguage":"en-US","potentialAction":[{"@type":"ReadAction","target":["https:\/\/techmasterdemexico.com\/producto\/anemometro-tma10a-con-paleta-de-precision-flexible\/"]}]},{"@type":"ImageObject","inLanguage":"en-US","@id":"https:\/\/techmasterdemexico.com\/producto\/anemometro-tma10a-con-paleta-de-precision-flexible\/#primaryimage","url":"https:\/\/techmasterdemexico.com\/wp-content\/uploads\/2021\/09\/PD_TMA10A-1.jpg","contentUrl":"https:\/\/techmasterdemexico.com\/wp-content\/uploads\/2021\/09\/PD_TMA10A-1.jpg","width":363,"height":363},{"@type":"BreadcrumbList","@id":"https:\/\/techmasterdemexico.com\/producto\/anemometro-tma10a-con-paleta-de-precision-flexible\/#breadcrumb","itemListElement":[{"@type":"ListItem","position":1,"name":"Portada","item":"https:\/\/techmasterdemexico.com\/"},{"@type":"ListItem","position":2,"name":"Anem\u00f3metro TMA10A con paleta de precisi\u00f3n flexible"}]},{"@type":"WebSite","@id":"https:\/\/techmasterdemexico.com\/#website","url":"https:\/\/techmasterdemexico.com\/","name":"Techmaster de Mexico","description":"","potentialAction":[{"@type":"SearchAction","target":{"@type":"EntryPoint","urlTemplate":"https:\/\/techmasterdemexico.com\/?s={search_term_string}"},"query-input":{"@type":"PropertyValueSpecification","valueRequired":true,"valueName":"search_term_string"}}],"inLanguage":"en-US"}]}},"brands":[{"id":104,"name":"Amprobe","slug":"amprobe"}],"_links":{"self":[{"href":"https:\/\/techmasterdemexico.com\/en\/wp-json\/wp\/v2\/product\/9146","targetHints":{"allow":["GET"]}}],"collection":[{"href":"https:\/\/techmasterdemexico.com\/en\/wp-json\/wp\/v2\/product"}],"about":[{"href":"https:\/\/techmasterdemexico.com\/en\/wp-json\/wp\/v2\/types\/product"}],"wp:featuredmedia":[{"embeddable":true,"href":"https:\/\/techmasterdemexico.com\/en\/wp-json\/wp\/v2\/media\/9500"}],"wp:attachment":[{"href":"https:\/\/techmasterdemexico.com\/en\/wp-json\/wp\/v2\/media?parent=9146"}],"wp:term":[{"taxonomy":"pwb-brand","embeddable":true,"href":"https:\/\/techmasterdemexico.com\/en\/wp-json\/wp\/v2\/pwb-brand?post=9146"},{"taxonomy":"product_brand","embeddable":true,"href":"https:\/\/techmasterdemexico.com\/en\/wp-json\/wp\/v2\/product_brand?post=9146"},{"taxonomy":"product_cat","embeddable":true,"href":"https:\/\/techmasterdemexico.com\/en\/wp-json\/wp\/v2\/product_cat?post=9146"},{"taxonomy":"product_tag","embeddable":true,"href":"https:\/\/techmasterdemexico.com\/en\/wp-json\/wp\/v2\/product_tag?post=9146"}],"curies":[{"name":"wp","href":"https:\/\/api.w.org\/{rel}","templated":true}]}}