{"id":9145,"date":"2021-09-14T22:38:12","date_gmt":"2021-09-14T22:38:12","guid":{"rendered":"https:\/\/techmastermx.ddns.net\/producto\/anemometro-de-alambre-caliente-tma-21hw-con-temperatura\/"},"modified":"2022-05-12T04:49:01","modified_gmt":"2022-05-12T04:49:01","slug":"anemometro-de-alambre-caliente-tma-21hw-con-temperatura","status":"publish","type":"product","link":"https:\/\/techmasterdemexico.com\/en\/producto\/anemometro-de-alambre-caliente-tma-21hw-con-temperatura\/","title":{"rendered":"Anem\u00f3metro de alambre caliente TMA-21HW con temperatura"},"content":{"rendered":"<p>La tecnolog\u00eda de anem\u00f3metro de hilo caliente Amprobe TMA-21HW elimina el uso de cojinetes y piezas giratorias. Debido a este hecho, el medidor es duradero y proporciona una precisi\u00f3n buena y estable de las mediciones. Se utiliza para t\u00e9cnicos de calidad del aire interior y HVAC \/ R que miden calefacci\u00f3n, ventilaci\u00f3n, aire acondicionado, refrigeraci\u00f3n, flujo de viento y temperatura en sistemas de aire acondicionado residenciales, comerciales e industriales<\/p>\n","protected":false},"excerpt":{"rendered":"<p>Anem\u00f3metro de alambre caliente Amprobe TMA-21HW con temperatura<\/p>\n<ul>\n<li>Term\u00f3metro de alta precisi\u00f3n con una precisi\u00f3n b\u00e1sica del 0,1% para mediciones precisas<\/li>\n<li>Sonda telesc\u00f3pica de respuesta r\u00e1pida para usar en lugares de dif\u00edcil acceso<\/li>\n<li>Volumen de flujo de aire (CFM, CMM)<\/li>\n<li>Velocidad m \/ s, ft \/ min, nudos, km \/ hr, mph<\/li>\n<li>Medici\u00f3n de temperatura y humedad relativa<\/li>\n<li>Retenci\u00f3n de datos y m\u00e1ximo \/ m\u00ednimo con sello de tiempo<\/li>\n<li>Memoria de datos y funci\u00f3n real (99 juegos)<\/li>\n<li>Capacidad de registro de datos autom\u00e1tico de 512 KB<\/li>\n<li>Gran pantalla LCD retroiluminada con 5 par\u00e1metros<\/li>\n<li>Ajuste de encendido \/ apagado autom\u00e1tico<\/li>\n<li>interfaz USB<\/li>\n<li>Sencillo y seguro de usar<\/li>\n<li>Accesorios incluidos: bater\u00edas, estuche r\u00edgido, cable USB y software en CD<\/li>\n<\/ul>\n","protected":false},"featured_media":9497,"template":"","meta":{"_acf_changed":false},"pwb-brand":[104],"product_brand":[],"product_cat":[366,101,179,102],"product_tag":[],"class_list":{"0":"post-9145","1":"product","2":"type-product","3":"status-publish","4":"has-post-thumbnail","6":"pwb-brand-amprobe","7":"product_cat-todos-los-productos","8":"product_cat-amprobe","9":"product_cat-anemometros","10":"product_cat-herramientas-hvac","12":"first","13":"instock","14":"taxable","15":"shipping-taxable","16":"product-type-simple"},"acf":[],"yoast_head":"<!-- This site is optimized with the Yoast SEO plugin v27.4 - https:\/\/yoast.com\/product\/yoast-seo-wordpress\/ -->\n<title>Anem\u00f3metro de alambre caliente TMA-21HW con temperatura - Techmaster de Mexico<\/title>\n<meta name=\"robots\" content=\"index, follow, max-snippet:-1, max-image-preview:large, max-video-preview:-1\" \/>\n<link rel=\"canonical\" href=\"https:\/\/techmasterdemexico.com\/producto\/anemometro-de-alambre-caliente-tma-21hw-con-temperatura\/\" \/>\n<meta property=\"og:locale\" content=\"en_US\" \/>\n<meta property=\"og:type\" content=\"article\" \/>\n<meta property=\"og:title\" content=\"Anem\u00f3metro de alambre caliente TMA-21HW con temperatura - Techmaster de Mexico\" \/>\n<meta property=\"og:description\" content=\"Anem\u00f3metro de alambre caliente Amprobe TMA-21HW con temperatura    Term\u00f3metro de alta precisi\u00f3n con una precisi\u00f3n b\u00e1sica del 0,1% para mediciones precisas   Sonda telesc\u00f3pica de respuesta r\u00e1pida para usar en lugares de dif\u00edcil acceso   Volumen de flujo de aire (CFM, CMM)   Velocidad m \/ s, ft \/ min, nudos, km \/ hr, mph   Medici\u00f3n de temperatura y humedad relativa   Retenci\u00f3n de datos y m\u00e1ximo \/ m\u00ednimo con sello de tiempo   Memoria de datos y funci\u00f3n real (99 juegos)   Capacidad de registro de datos autom\u00e1tico de 512 KB   Gran pantalla LCD retroiluminada con 5 par\u00e1metros   Ajuste de encendido \/ apagado autom\u00e1tico   interfaz USB   Sencillo y seguro de usar   Accesorios incluidos: bater\u00edas, estuche r\u00edgido, cable USB y software en CD\" \/>\n<meta property=\"og:url\" content=\"https:\/\/techmasterdemexico.com\/producto\/anemometro-de-alambre-caliente-tma-21hw-con-temperatura\/\" \/>\n<meta property=\"og:site_name\" content=\"Techmaster de Mexico\" \/>\n<meta property=\"article:modified_time\" content=\"2022-05-12T04:49:01+00:00\" \/>\n<meta property=\"og:image\" content=\"https:\/\/techmasterdemexico.com\/wp-content\/uploads\/2021\/09\/PD_TMA-21HW-1.jpg\" \/>\n\t<meta property=\"og:image:width\" content=\"363\" \/>\n\t<meta property=\"og:image:height\" content=\"363\" \/>\n\t<meta property=\"og:image:type\" content=\"image\/jpeg\" \/>\n<meta name=\"twitter:card\" content=\"summary_large_image\" \/>\n<script type=\"application\/ld+json\" class=\"yoast-schema-graph\">{\"@context\":\"https:\\\/\\\/schema.org\",\"@graph\":[{\"@type\":\"WebPage\",\"@id\":\"https:\\\/\\\/techmasterdemexico.com\\\/producto\\\/anemometro-de-alambre-caliente-tma-21hw-con-temperatura\\\/\",\"url\":\"https:\\\/\\\/techmasterdemexico.com\\\/producto\\\/anemometro-de-alambre-caliente-tma-21hw-con-temperatura\\\/\",\"name\":\"Anem\u00f3metro de alambre caliente TMA-21HW con temperatura - Techmaster de Mexico\",\"isPartOf\":{\"@id\":\"https:\\\/\\\/techmasterdemexico.com\\\/#website\"},\"primaryImageOfPage\":{\"@id\":\"https:\\\/\\\/techmasterdemexico.com\\\/producto\\\/anemometro-de-alambre-caliente-tma-21hw-con-temperatura\\\/#primaryimage\"},\"image\":{\"@id\":\"https:\\\/\\\/techmasterdemexico.com\\\/producto\\\/anemometro-de-alambre-caliente-tma-21hw-con-temperatura\\\/#primaryimage\"},\"thumbnailUrl\":\"https:\\\/\\\/techmasterdemexico.com\\\/wp-content\\\/uploads\\\/2021\\\/09\\\/PD_TMA-21HW-1.jpg\",\"datePublished\":\"2021-09-14T22:38:12+00:00\",\"dateModified\":\"2022-05-12T04:49:01+00:00\",\"breadcrumb\":{\"@id\":\"https:\\\/\\\/techmasterdemexico.com\\\/producto\\\/anemometro-de-alambre-caliente-tma-21hw-con-temperatura\\\/#breadcrumb\"},\"inLanguage\":\"en-US\",\"potentialAction\":[{\"@type\":\"ReadAction\",\"target\":[\"https:\\\/\\\/techmasterdemexico.com\\\/producto\\\/anemometro-de-alambre-caliente-tma-21hw-con-temperatura\\\/\"]}]},{\"@type\":\"ImageObject\",\"inLanguage\":\"en-US\",\"@id\":\"https:\\\/\\\/techmasterdemexico.com\\\/producto\\\/anemometro-de-alambre-caliente-tma-21hw-con-temperatura\\\/#primaryimage\",\"url\":\"https:\\\/\\\/techmasterdemexico.com\\\/wp-content\\\/uploads\\\/2021\\\/09\\\/PD_TMA-21HW-1.jpg\",\"contentUrl\":\"https:\\\/\\\/techmasterdemexico.com\\\/wp-content\\\/uploads\\\/2021\\\/09\\\/PD_TMA-21HW-1.jpg\",\"width\":363,\"height\":363},{\"@type\":\"BreadcrumbList\",\"@id\":\"https:\\\/\\\/techmasterdemexico.com\\\/producto\\\/anemometro-de-alambre-caliente-tma-21hw-con-temperatura\\\/#breadcrumb\",\"itemListElement\":[{\"@type\":\"ListItem\",\"position\":1,\"name\":\"Portada\",\"item\":\"https:\\\/\\\/techmasterdemexico.com\\\/\"},{\"@type\":\"ListItem\",\"position\":2,\"name\":\"Anem\u00f3metro de alambre caliente TMA-21HW con temperatura\"}]},{\"@type\":\"WebSite\",\"@id\":\"https:\\\/\\\/techmasterdemexico.com\\\/#website\",\"url\":\"https:\\\/\\\/techmasterdemexico.com\\\/\",\"name\":\"Techmaster de Mexico\",\"description\":\"\",\"potentialAction\":[{\"@type\":\"SearchAction\",\"target\":{\"@type\":\"EntryPoint\",\"urlTemplate\":\"https:\\\/\\\/techmasterdemexico.com\\\/?s={search_term_string}\"},\"query-input\":{\"@type\":\"PropertyValueSpecification\",\"valueRequired\":true,\"valueName\":\"search_term_string\"}}],\"inLanguage\":\"en-US\"}]}<\/script>\n<!-- \/ Yoast SEO plugin. -->","yoast_head_json":{"title":"Anem\u00f3metro de alambre caliente TMA-21HW con temperatura - Techmaster de Mexico","robots":{"index":"index","follow":"follow","max-snippet":"max-snippet:-1","max-image-preview":"max-image-preview:large","max-video-preview":"max-video-preview:-1"},"canonical":"https:\/\/techmasterdemexico.com\/producto\/anemometro-de-alambre-caliente-tma-21hw-con-temperatura\/","og_locale":"en_US","og_type":"article","og_title":"Anem\u00f3metro de alambre caliente TMA-21HW con temperatura - Techmaster de Mexico","og_description":"Anem\u00f3metro de alambre caliente Amprobe TMA-21HW con temperatura    Term\u00f3metro de alta precisi\u00f3n con una precisi\u00f3n b\u00e1sica del 0,1% para mediciones precisas   Sonda telesc\u00f3pica de respuesta r\u00e1pida para usar en lugares de dif\u00edcil acceso   Volumen de flujo de aire (CFM, CMM)   Velocidad m \/ s, ft \/ min, nudos, km \/ hr, mph   Medici\u00f3n de temperatura y humedad relativa   Retenci\u00f3n de datos y m\u00e1ximo \/ m\u00ednimo con sello de tiempo   Memoria de datos y funci\u00f3n real (99 juegos)   Capacidad de registro de datos autom\u00e1tico de 512 KB   Gran pantalla LCD retroiluminada con 5 par\u00e1metros   Ajuste de encendido \/ apagado autom\u00e1tico   interfaz USB   Sencillo y seguro de usar   Accesorios incluidos: bater\u00edas, estuche r\u00edgido, cable USB y software en CD","og_url":"https:\/\/techmasterdemexico.com\/producto\/anemometro-de-alambre-caliente-tma-21hw-con-temperatura\/","og_site_name":"Techmaster de Mexico","article_modified_time":"2022-05-12T04:49:01+00:00","og_image":[{"width":363,"height":363,"url":"https:\/\/techmasterdemexico.com\/wp-content\/uploads\/2021\/09\/PD_TMA-21HW-1.jpg","type":"image\/jpeg"}],"twitter_card":"summary_large_image","schema":{"@context":"https:\/\/schema.org","@graph":[{"@type":"WebPage","@id":"https:\/\/techmasterdemexico.com\/producto\/anemometro-de-alambre-caliente-tma-21hw-con-temperatura\/","url":"https:\/\/techmasterdemexico.com\/producto\/anemometro-de-alambre-caliente-tma-21hw-con-temperatura\/","name":"Anem\u00f3metro de alambre caliente TMA-21HW con temperatura - Techmaster de Mexico","isPartOf":{"@id":"https:\/\/techmasterdemexico.com\/#website"},"primaryImageOfPage":{"@id":"https:\/\/techmasterdemexico.com\/producto\/anemometro-de-alambre-caliente-tma-21hw-con-temperatura\/#primaryimage"},"image":{"@id":"https:\/\/techmasterdemexico.com\/producto\/anemometro-de-alambre-caliente-tma-21hw-con-temperatura\/#primaryimage"},"thumbnailUrl":"https:\/\/techmasterdemexico.com\/wp-content\/uploads\/2021\/09\/PD_TMA-21HW-1.jpg","datePublished":"2021-09-14T22:38:12+00:00","dateModified":"2022-05-12T04:49:01+00:00","breadcrumb":{"@id":"https:\/\/techmasterdemexico.com\/producto\/anemometro-de-alambre-caliente-tma-21hw-con-temperatura\/#breadcrumb"},"inLanguage":"en-US","potentialAction":[{"@type":"ReadAction","target":["https:\/\/techmasterdemexico.com\/producto\/anemometro-de-alambre-caliente-tma-21hw-con-temperatura\/"]}]},{"@type":"ImageObject","inLanguage":"en-US","@id":"https:\/\/techmasterdemexico.com\/producto\/anemometro-de-alambre-caliente-tma-21hw-con-temperatura\/#primaryimage","url":"https:\/\/techmasterdemexico.com\/wp-content\/uploads\/2021\/09\/PD_TMA-21HW-1.jpg","contentUrl":"https:\/\/techmasterdemexico.com\/wp-content\/uploads\/2021\/09\/PD_TMA-21HW-1.jpg","width":363,"height":363},{"@type":"BreadcrumbList","@id":"https:\/\/techmasterdemexico.com\/producto\/anemometro-de-alambre-caliente-tma-21hw-con-temperatura\/#breadcrumb","itemListElement":[{"@type":"ListItem","position":1,"name":"Portada","item":"https:\/\/techmasterdemexico.com\/"},{"@type":"ListItem","position":2,"name":"Anem\u00f3metro de alambre caliente TMA-21HW con temperatura"}]},{"@type":"WebSite","@id":"https:\/\/techmasterdemexico.com\/#website","url":"https:\/\/techmasterdemexico.com\/","name":"Techmaster de Mexico","description":"","potentialAction":[{"@type":"SearchAction","target":{"@type":"EntryPoint","urlTemplate":"https:\/\/techmasterdemexico.com\/?s={search_term_string}"},"query-input":{"@type":"PropertyValueSpecification","valueRequired":true,"valueName":"search_term_string"}}],"inLanguage":"en-US"}]}},"brands":[{"id":104,"name":"Amprobe","slug":"amprobe"}],"_links":{"self":[{"href":"https:\/\/techmasterdemexico.com\/en\/wp-json\/wp\/v2\/product\/9145","targetHints":{"allow":["GET"]}}],"collection":[{"href":"https:\/\/techmasterdemexico.com\/en\/wp-json\/wp\/v2\/product"}],"about":[{"href":"https:\/\/techmasterdemexico.com\/en\/wp-json\/wp\/v2\/types\/product"}],"wp:featuredmedia":[{"embeddable":true,"href":"https:\/\/techmasterdemexico.com\/en\/wp-json\/wp\/v2\/media\/9497"}],"wp:attachment":[{"href":"https:\/\/techmasterdemexico.com\/en\/wp-json\/wp\/v2\/media?parent=9145"}],"wp:term":[{"taxonomy":"pwb-brand","embeddable":true,"href":"https:\/\/techmasterdemexico.com\/en\/wp-json\/wp\/v2\/pwb-brand?post=9145"},{"taxonomy":"product_brand","embeddable":true,"href":"https:\/\/techmasterdemexico.com\/en\/wp-json\/wp\/v2\/product_brand?post=9145"},{"taxonomy":"product_cat","embeddable":true,"href":"https:\/\/techmasterdemexico.com\/en\/wp-json\/wp\/v2\/product_cat?post=9145"},{"taxonomy":"product_tag","embeddable":true,"href":"https:\/\/techmasterdemexico.com\/en\/wp-json\/wp\/v2\/product_tag?post=9145"}],"curies":[{"name":"wp","href":"https:\/\/api.w.org\/{rel}","templated":true}]}}