{"id":9144,"date":"2021-09-14T22:38:11","date_gmt":"2021-09-14T22:38:11","guid":{"rendered":"https:\/\/techmastermx.ddns.net\/producto\/anemometro-tma5-mini-vane\/"},"modified":"2022-05-12T04:49:02","modified_gmt":"2022-05-12T04:49:02","slug":"anemometro-tma5-mini-vane","status":"publish","type":"product","link":"https:\/\/techmasterdemexico.com\/en\/producto\/anemometro-tma5-mini-vane\/","title":{"rendered":"Anem\u00f3metro TMA5 Mini Vane"},"content":{"rendered":"<p>El Anem\u00f3metro Amprobe TMA5 Mini Vane es una herramienta compacta de bolsillo para la calidad del aire interior y los t\u00e9cnicos de HVAC \/ R que miden calefacci\u00f3n, ventilaci\u00f3n, aire acondicionado, flujo de viento de refrigeraci\u00f3n y temperatura en sistemas de aire acondicionado residenciales, comerciales e industriales.<\/p>\n","protected":false},"excerpt":{"rendered":"<p>Anem\u00f3metro Amprobe TMA5 Mini Vane<\/p>\n<ul>\n<li>Tama\u00f1o de bolsillo, dise\u00f1o compacto<\/li>\n<li>Medidas: velocidad del aire, temperatura, humedad, punto de roc\u00edo, bulbo h\u00famedo, sensaci\u00f3n t\u00e9rmica y temperatura ambiente<\/li>\n<li>Unidades de viento seleccionables: KNT (Nudo), BF (Beaufort), pies \/ m (pies por minuto), M \/ h (millas por hora), m \/ s (metros por segundo), km \/ h (kil\u00f3metros por hora)<\/li>\n<li>Unidades de temperatura seleccionables \u00b0 C o \u00b0 F<\/li>\n<li>Pantalla de velocidad m\u00e1xima del viento<\/li>\n<li>Respuesta de medici\u00f3n r\u00e1pida<\/li>\n<li>Sonda de temperatura externa<\/li>\n<li>Funcionamiento sencillo con dos botones<\/li>\n<li>Retenci\u00f3n de datos<\/li>\n<li>Apagado autom\u00e1tico con funci\u00f3n de desactivaci\u00f3n<\/li>\n<li>Indicaci\u00f3n de bater\u00eda baja<\/li>\n<li>Dise\u00f1o ergon\u00f3mico con correa para la mu\u00f1eca<\/li>\n<\/ul>\n","protected":false},"featured_media":9526,"template":"","meta":{"_acf_changed":false},"pwb-brand":[104],"product_brand":[],"product_cat":[366,101,179,102],"product_tag":[],"class_list":{"0":"post-9144","1":"product","2":"type-product","3":"status-publish","4":"has-post-thumbnail","6":"pwb-brand-amprobe","7":"product_cat-todos-los-productos","8":"product_cat-amprobe","9":"product_cat-anemometros","10":"product_cat-herramientas-hvac","12":"first","13":"instock","14":"taxable","15":"shipping-taxable","16":"product-type-simple"},"acf":[],"yoast_head":"<!-- This site is optimized with the Yoast SEO plugin v27.4 - https:\/\/yoast.com\/product\/yoast-seo-wordpress\/ -->\n<title>Anem\u00f3metro TMA5 Mini Vane - Techmaster de Mexico<\/title>\n<meta name=\"robots\" content=\"index, follow, max-snippet:-1, max-image-preview:large, max-video-preview:-1\" \/>\n<link rel=\"canonical\" href=\"https:\/\/techmasterdemexico.com\/producto\/anemometro-tma5-mini-vane\/\" \/>\n<meta property=\"og:locale\" content=\"en_US\" \/>\n<meta property=\"og:type\" content=\"article\" \/>\n<meta property=\"og:title\" content=\"Anem\u00f3metro TMA5 Mini Vane - Techmaster de Mexico\" \/>\n<meta property=\"og:description\" content=\"Anem\u00f3metro Amprobe TMA5 Mini Vane    Tama\u00f1o de bolsillo, dise\u00f1o compacto   Medidas: velocidad del aire, temperatura, humedad, punto de roc\u00edo, bulbo h\u00famedo, sensaci\u00f3n t\u00e9rmica y temperatura ambiente   Unidades de viento seleccionables: KNT (Nudo), BF (Beaufort), pies \/ m (pies por minuto), M \/ h (millas por hora), m \/ s (metros por segundo), km \/ h (kil\u00f3metros por hora)   Unidades de temperatura seleccionables \u00b0 C o \u00b0 F   Pantalla de velocidad m\u00e1xima del viento   Respuesta de medici\u00f3n r\u00e1pida   Sonda de temperatura externa   Funcionamiento sencillo con dos botones   Retenci\u00f3n de datos   Apagado autom\u00e1tico con funci\u00f3n de desactivaci\u00f3n   Indicaci\u00f3n de bater\u00eda baja   Dise\u00f1o ergon\u00f3mico con correa para la mu\u00f1eca\" \/>\n<meta property=\"og:url\" content=\"https:\/\/techmasterdemexico.com\/producto\/anemometro-tma5-mini-vane\/\" \/>\n<meta property=\"og:site_name\" content=\"Techmaster de Mexico\" \/>\n<meta property=\"article:modified_time\" content=\"2022-05-12T04:49:02+00:00\" \/>\n<meta property=\"og:image\" content=\"https:\/\/techmasterdemexico.com\/wp-content\/uploads\/2021\/09\/PD_TMA5-1.jpg\" \/>\n\t<meta property=\"og:image:width\" content=\"363\" \/>\n\t<meta property=\"og:image:height\" content=\"363\" \/>\n\t<meta property=\"og:image:type\" content=\"image\/jpeg\" \/>\n<meta name=\"twitter:card\" content=\"summary_large_image\" \/>\n<script type=\"application\/ld+json\" class=\"yoast-schema-graph\">{\"@context\":\"https:\\\/\\\/schema.org\",\"@graph\":[{\"@type\":\"WebPage\",\"@id\":\"https:\\\/\\\/techmasterdemexico.com\\\/producto\\\/anemometro-tma5-mini-vane\\\/\",\"url\":\"https:\\\/\\\/techmasterdemexico.com\\\/producto\\\/anemometro-tma5-mini-vane\\\/\",\"name\":\"Anem\u00f3metro TMA5 Mini Vane - Techmaster de Mexico\",\"isPartOf\":{\"@id\":\"https:\\\/\\\/techmasterdemexico.com\\\/#website\"},\"primaryImageOfPage\":{\"@id\":\"https:\\\/\\\/techmasterdemexico.com\\\/producto\\\/anemometro-tma5-mini-vane\\\/#primaryimage\"},\"image\":{\"@id\":\"https:\\\/\\\/techmasterdemexico.com\\\/producto\\\/anemometro-tma5-mini-vane\\\/#primaryimage\"},\"thumbnailUrl\":\"https:\\\/\\\/techmasterdemexico.com\\\/wp-content\\\/uploads\\\/2021\\\/09\\\/PD_TMA5-1.jpg\",\"datePublished\":\"2021-09-14T22:38:11+00:00\",\"dateModified\":\"2022-05-12T04:49:02+00:00\",\"breadcrumb\":{\"@id\":\"https:\\\/\\\/techmasterdemexico.com\\\/producto\\\/anemometro-tma5-mini-vane\\\/#breadcrumb\"},\"inLanguage\":\"en-US\",\"potentialAction\":[{\"@type\":\"ReadAction\",\"target\":[\"https:\\\/\\\/techmasterdemexico.com\\\/producto\\\/anemometro-tma5-mini-vane\\\/\"]}]},{\"@type\":\"ImageObject\",\"inLanguage\":\"en-US\",\"@id\":\"https:\\\/\\\/techmasterdemexico.com\\\/producto\\\/anemometro-tma5-mini-vane\\\/#primaryimage\",\"url\":\"https:\\\/\\\/techmasterdemexico.com\\\/wp-content\\\/uploads\\\/2021\\\/09\\\/PD_TMA5-1.jpg\",\"contentUrl\":\"https:\\\/\\\/techmasterdemexico.com\\\/wp-content\\\/uploads\\\/2021\\\/09\\\/PD_TMA5-1.jpg\",\"width\":363,\"height\":363},{\"@type\":\"BreadcrumbList\",\"@id\":\"https:\\\/\\\/techmasterdemexico.com\\\/producto\\\/anemometro-tma5-mini-vane\\\/#breadcrumb\",\"itemListElement\":[{\"@type\":\"ListItem\",\"position\":1,\"name\":\"Portada\",\"item\":\"https:\\\/\\\/techmasterdemexico.com\\\/\"},{\"@type\":\"ListItem\",\"position\":2,\"name\":\"Anem\u00f3metro TMA5 Mini Vane\"}]},{\"@type\":\"WebSite\",\"@id\":\"https:\\\/\\\/techmasterdemexico.com\\\/#website\",\"url\":\"https:\\\/\\\/techmasterdemexico.com\\\/\",\"name\":\"Techmaster de Mexico\",\"description\":\"\",\"potentialAction\":[{\"@type\":\"SearchAction\",\"target\":{\"@type\":\"EntryPoint\",\"urlTemplate\":\"https:\\\/\\\/techmasterdemexico.com\\\/?s={search_term_string}\"},\"query-input\":{\"@type\":\"PropertyValueSpecification\",\"valueRequired\":true,\"valueName\":\"search_term_string\"}}],\"inLanguage\":\"en-US\"}]}<\/script>\n<!-- \/ Yoast SEO plugin. -->","yoast_head_json":{"title":"Anem\u00f3metro TMA5 Mini Vane - Techmaster de Mexico","robots":{"index":"index","follow":"follow","max-snippet":"max-snippet:-1","max-image-preview":"max-image-preview:large","max-video-preview":"max-video-preview:-1"},"canonical":"https:\/\/techmasterdemexico.com\/producto\/anemometro-tma5-mini-vane\/","og_locale":"en_US","og_type":"article","og_title":"Anem\u00f3metro TMA5 Mini Vane - Techmaster de Mexico","og_description":"Anem\u00f3metro Amprobe TMA5 Mini Vane    Tama\u00f1o de bolsillo, dise\u00f1o compacto   Medidas: velocidad del aire, temperatura, humedad, punto de roc\u00edo, bulbo h\u00famedo, sensaci\u00f3n t\u00e9rmica y temperatura ambiente   Unidades de viento seleccionables: KNT (Nudo), BF (Beaufort), pies \/ m (pies por minuto), M \/ h (millas por hora), m \/ s (metros por segundo), km \/ h (kil\u00f3metros por hora)   Unidades de temperatura seleccionables \u00b0 C o \u00b0 F   Pantalla de velocidad m\u00e1xima del viento   Respuesta de medici\u00f3n r\u00e1pida   Sonda de temperatura externa   Funcionamiento sencillo con dos botones   Retenci\u00f3n de datos   Apagado autom\u00e1tico con funci\u00f3n de desactivaci\u00f3n   Indicaci\u00f3n de bater\u00eda baja   Dise\u00f1o ergon\u00f3mico con correa para la mu\u00f1eca","og_url":"https:\/\/techmasterdemexico.com\/producto\/anemometro-tma5-mini-vane\/","og_site_name":"Techmaster de Mexico","article_modified_time":"2022-05-12T04:49:02+00:00","og_image":[{"width":363,"height":363,"url":"https:\/\/techmasterdemexico.com\/wp-content\/uploads\/2021\/09\/PD_TMA5-1.jpg","type":"image\/jpeg"}],"twitter_card":"summary_large_image","schema":{"@context":"https:\/\/schema.org","@graph":[{"@type":"WebPage","@id":"https:\/\/techmasterdemexico.com\/producto\/anemometro-tma5-mini-vane\/","url":"https:\/\/techmasterdemexico.com\/producto\/anemometro-tma5-mini-vane\/","name":"Anem\u00f3metro TMA5 Mini Vane - Techmaster de Mexico","isPartOf":{"@id":"https:\/\/techmasterdemexico.com\/#website"},"primaryImageOfPage":{"@id":"https:\/\/techmasterdemexico.com\/producto\/anemometro-tma5-mini-vane\/#primaryimage"},"image":{"@id":"https:\/\/techmasterdemexico.com\/producto\/anemometro-tma5-mini-vane\/#primaryimage"},"thumbnailUrl":"https:\/\/techmasterdemexico.com\/wp-content\/uploads\/2021\/09\/PD_TMA5-1.jpg","datePublished":"2021-09-14T22:38:11+00:00","dateModified":"2022-05-12T04:49:02+00:00","breadcrumb":{"@id":"https:\/\/techmasterdemexico.com\/producto\/anemometro-tma5-mini-vane\/#breadcrumb"},"inLanguage":"en-US","potentialAction":[{"@type":"ReadAction","target":["https:\/\/techmasterdemexico.com\/producto\/anemometro-tma5-mini-vane\/"]}]},{"@type":"ImageObject","inLanguage":"en-US","@id":"https:\/\/techmasterdemexico.com\/producto\/anemometro-tma5-mini-vane\/#primaryimage","url":"https:\/\/techmasterdemexico.com\/wp-content\/uploads\/2021\/09\/PD_TMA5-1.jpg","contentUrl":"https:\/\/techmasterdemexico.com\/wp-content\/uploads\/2021\/09\/PD_TMA5-1.jpg","width":363,"height":363},{"@type":"BreadcrumbList","@id":"https:\/\/techmasterdemexico.com\/producto\/anemometro-tma5-mini-vane\/#breadcrumb","itemListElement":[{"@type":"ListItem","position":1,"name":"Portada","item":"https:\/\/techmasterdemexico.com\/"},{"@type":"ListItem","position":2,"name":"Anem\u00f3metro TMA5 Mini Vane"}]},{"@type":"WebSite","@id":"https:\/\/techmasterdemexico.com\/#website","url":"https:\/\/techmasterdemexico.com\/","name":"Techmaster de Mexico","description":"","potentialAction":[{"@type":"SearchAction","target":{"@type":"EntryPoint","urlTemplate":"https:\/\/techmasterdemexico.com\/?s={search_term_string}"},"query-input":{"@type":"PropertyValueSpecification","valueRequired":true,"valueName":"search_term_string"}}],"inLanguage":"en-US"}]}},"brands":[{"id":104,"name":"Amprobe","slug":"amprobe"}],"_links":{"self":[{"href":"https:\/\/techmasterdemexico.com\/en\/wp-json\/wp\/v2\/product\/9144","targetHints":{"allow":["GET"]}}],"collection":[{"href":"https:\/\/techmasterdemexico.com\/en\/wp-json\/wp\/v2\/product"}],"about":[{"href":"https:\/\/techmasterdemexico.com\/en\/wp-json\/wp\/v2\/types\/product"}],"wp:featuredmedia":[{"embeddable":true,"href":"https:\/\/techmasterdemexico.com\/en\/wp-json\/wp\/v2\/media\/9526"}],"wp:attachment":[{"href":"https:\/\/techmasterdemexico.com\/en\/wp-json\/wp\/v2\/media?parent=9144"}],"wp:term":[{"taxonomy":"pwb-brand","embeddable":true,"href":"https:\/\/techmasterdemexico.com\/en\/wp-json\/wp\/v2\/pwb-brand?post=9144"},{"taxonomy":"product_brand","embeddable":true,"href":"https:\/\/techmasterdemexico.com\/en\/wp-json\/wp\/v2\/product_brand?post=9144"},{"taxonomy":"product_cat","embeddable":true,"href":"https:\/\/techmasterdemexico.com\/en\/wp-json\/wp\/v2\/product_cat?post=9144"},{"taxonomy":"product_tag","embeddable":true,"href":"https:\/\/techmasterdemexico.com\/en\/wp-json\/wp\/v2\/product_tag?post=9144"}],"curies":[{"name":"wp","href":"https:\/\/api.w.org\/{rel}","templated":true}]}}