{"id":9142,"date":"2021-09-14T22:38:10","date_gmt":"2021-09-14T22:38:10","guid":{"rendered":"https:\/\/techmastermx.ddns.net\/producto\/termometro-termopar-tmd-53-tipo-k-j\/"},"modified":"2022-05-12T04:49:02","modified_gmt":"2022-05-12T04:49:02","slug":"termometro-termopar-tmd-53-tipo-k-j","status":"publish","type":"product","link":"https:\/\/techmasterdemexico.com\/en\/producto\/termometro-termopar-tmd-53-tipo-k-j\/","title":{"rendered":"Term\u00f3metro termopar TMD-53 tipo K \/ J"},"content":{"rendered":"<p>El term\u00f3metro Amprobe TMD-53 es una opci\u00f3n perfecta para t\u00e9cnicos y electricistas de HVAC \/ R, as\u00ed como para aplicaciones de investigaci\u00f3n, procesos industriales y control de calidad. Las entradas dobles permiten una medici\u00f3n sencilla de la temperatura de sobrecalentamiento y subenfriamiento, as\u00ed como mediciones de corte y de temperatura.<\/p>\n","protected":false},"excerpt":{"rendered":"<p>Term\u00f3metro termopar Amprobe TMD-53 tipo K \/ J<\/p>\n<ul>\n<li>Selecci\u00f3n de termopar tipo K \/ J<\/li>\n<li>Entrada dual<\/li>\n<li>MAX \/ MIN con funciones de tiempo transcurrido, AVG, REL, HOLD<\/li>\n<li>Ajuste de HORA, ajuste de REL<\/li>\n<li>Zumbador de advertencia con ajuste Hi \/ Lo<\/li>\n<li>Resoluci\u00f3n de 0,1 \u00b0 C a 0,2 \u00b0 F<\/li>\n<li>\u00b0 C \/ \u00b0 F seleccionable por el usuario<\/li>\n<\/ul>\n","protected":false},"featured_media":9532,"template":"","meta":{"_acf_changed":false},"pwb-brand":[104],"product_brand":[],"product_cat":[366,101,102,178],"product_tag":[],"class_list":{"0":"post-9142","1":"product","2":"type-product","3":"status-publish","4":"has-post-thumbnail","6":"pwb-brand-amprobe","7":"product_cat-todos-los-productos","8":"product_cat-amprobe","9":"product_cat-herramientas-hvac","10":"product_cat-termopar-y-rtd","12":"first","13":"instock","14":"taxable","15":"shipping-taxable","16":"product-type-simple"},"acf":[],"yoast_head":"<!-- This site is optimized with the Yoast SEO plugin v27.4 - https:\/\/yoast.com\/product\/yoast-seo-wordpress\/ -->\n<title>Term\u00f3metro termopar TMD-53 tipo K \/ J - Techmaster de Mexico<\/title>\n<meta name=\"robots\" content=\"index, follow, max-snippet:-1, max-image-preview:large, max-video-preview:-1\" \/>\n<link rel=\"canonical\" href=\"https:\/\/techmasterdemexico.com\/producto\/termometro-termopar-tmd-53-tipo-k-j\/\" \/>\n<meta property=\"og:locale\" content=\"en_US\" \/>\n<meta property=\"og:type\" content=\"article\" \/>\n<meta property=\"og:title\" content=\"Term\u00f3metro termopar TMD-53 tipo K \/ J - Techmaster de Mexico\" \/>\n<meta property=\"og:description\" content=\"Term\u00f3metro termopar Amprobe TMD-53 tipo K \/ J    Selecci\u00f3n de termopar tipo K \/ J   Entrada dual   MAX \/ MIN con funciones de tiempo transcurrido, AVG, REL, HOLD   Ajuste de HORA, ajuste de REL   Zumbador de advertencia con ajuste Hi \/ Lo   Resoluci\u00f3n de 0,1 \u00b0 C a 0,2 \u00b0 F   \u00b0 C \/ \u00b0 F seleccionable por el usuario\" \/>\n<meta property=\"og:url\" content=\"https:\/\/techmasterdemexico.com\/producto\/termometro-termopar-tmd-53-tipo-k-j\/\" \/>\n<meta property=\"og:site_name\" content=\"Techmaster de Mexico\" \/>\n<meta property=\"article:modified_time\" content=\"2022-05-12T04:49:02+00:00\" \/>\n<meta property=\"og:image\" content=\"https:\/\/techmasterdemexico.com\/wp-content\/uploads\/2021\/09\/PD_TMD-53-1.jpg\" \/>\n\t<meta property=\"og:image:width\" content=\"363\" \/>\n\t<meta property=\"og:image:height\" content=\"363\" \/>\n\t<meta property=\"og:image:type\" content=\"image\/jpeg\" \/>\n<meta name=\"twitter:card\" content=\"summary_large_image\" \/>\n<script type=\"application\/ld+json\" class=\"yoast-schema-graph\">{\"@context\":\"https:\\\/\\\/schema.org\",\"@graph\":[{\"@type\":\"WebPage\",\"@id\":\"https:\\\/\\\/techmasterdemexico.com\\\/producto\\\/termometro-termopar-tmd-53-tipo-k-j\\\/\",\"url\":\"https:\\\/\\\/techmasterdemexico.com\\\/producto\\\/termometro-termopar-tmd-53-tipo-k-j\\\/\",\"name\":\"Term\u00f3metro termopar TMD-53 tipo K \\\/ J - Techmaster de Mexico\",\"isPartOf\":{\"@id\":\"https:\\\/\\\/techmasterdemexico.com\\\/#website\"},\"primaryImageOfPage\":{\"@id\":\"https:\\\/\\\/techmasterdemexico.com\\\/producto\\\/termometro-termopar-tmd-53-tipo-k-j\\\/#primaryimage\"},\"image\":{\"@id\":\"https:\\\/\\\/techmasterdemexico.com\\\/producto\\\/termometro-termopar-tmd-53-tipo-k-j\\\/#primaryimage\"},\"thumbnailUrl\":\"https:\\\/\\\/techmasterdemexico.com\\\/wp-content\\\/uploads\\\/2021\\\/09\\\/PD_TMD-53-1.jpg\",\"datePublished\":\"2021-09-14T22:38:10+00:00\",\"dateModified\":\"2022-05-12T04:49:02+00:00\",\"breadcrumb\":{\"@id\":\"https:\\\/\\\/techmasterdemexico.com\\\/producto\\\/termometro-termopar-tmd-53-tipo-k-j\\\/#breadcrumb\"},\"inLanguage\":\"en-US\",\"potentialAction\":[{\"@type\":\"ReadAction\",\"target\":[\"https:\\\/\\\/techmasterdemexico.com\\\/producto\\\/termometro-termopar-tmd-53-tipo-k-j\\\/\"]}]},{\"@type\":\"ImageObject\",\"inLanguage\":\"en-US\",\"@id\":\"https:\\\/\\\/techmasterdemexico.com\\\/producto\\\/termometro-termopar-tmd-53-tipo-k-j\\\/#primaryimage\",\"url\":\"https:\\\/\\\/techmasterdemexico.com\\\/wp-content\\\/uploads\\\/2021\\\/09\\\/PD_TMD-53-1.jpg\",\"contentUrl\":\"https:\\\/\\\/techmasterdemexico.com\\\/wp-content\\\/uploads\\\/2021\\\/09\\\/PD_TMD-53-1.jpg\",\"width\":363,\"height\":363},{\"@type\":\"BreadcrumbList\",\"@id\":\"https:\\\/\\\/techmasterdemexico.com\\\/producto\\\/termometro-termopar-tmd-53-tipo-k-j\\\/#breadcrumb\",\"itemListElement\":[{\"@type\":\"ListItem\",\"position\":1,\"name\":\"Portada\",\"item\":\"https:\\\/\\\/techmasterdemexico.com\\\/\"},{\"@type\":\"ListItem\",\"position\":2,\"name\":\"Term\u00f3metro termopar TMD-53 tipo K \\\/ J\"}]},{\"@type\":\"WebSite\",\"@id\":\"https:\\\/\\\/techmasterdemexico.com\\\/#website\",\"url\":\"https:\\\/\\\/techmasterdemexico.com\\\/\",\"name\":\"Techmaster de Mexico\",\"description\":\"\",\"potentialAction\":[{\"@type\":\"SearchAction\",\"target\":{\"@type\":\"EntryPoint\",\"urlTemplate\":\"https:\\\/\\\/techmasterdemexico.com\\\/?s={search_term_string}\"},\"query-input\":{\"@type\":\"PropertyValueSpecification\",\"valueRequired\":true,\"valueName\":\"search_term_string\"}}],\"inLanguage\":\"en-US\"}]}<\/script>\n<!-- \/ Yoast SEO plugin. -->","yoast_head_json":{"title":"Term\u00f3metro termopar TMD-53 tipo K \/ J - Techmaster de Mexico","robots":{"index":"index","follow":"follow","max-snippet":"max-snippet:-1","max-image-preview":"max-image-preview:large","max-video-preview":"max-video-preview:-1"},"canonical":"https:\/\/techmasterdemexico.com\/producto\/termometro-termopar-tmd-53-tipo-k-j\/","og_locale":"en_US","og_type":"article","og_title":"Term\u00f3metro termopar TMD-53 tipo K \/ J - Techmaster de Mexico","og_description":"Term\u00f3metro termopar Amprobe TMD-53 tipo K \/ J    Selecci\u00f3n de termopar tipo K \/ J   Entrada dual   MAX \/ MIN con funciones de tiempo transcurrido, AVG, REL, HOLD   Ajuste de HORA, ajuste de REL   Zumbador de advertencia con ajuste Hi \/ Lo   Resoluci\u00f3n de 0,1 \u00b0 C a 0,2 \u00b0 F   \u00b0 C \/ \u00b0 F seleccionable por el usuario","og_url":"https:\/\/techmasterdemexico.com\/producto\/termometro-termopar-tmd-53-tipo-k-j\/","og_site_name":"Techmaster de Mexico","article_modified_time":"2022-05-12T04:49:02+00:00","og_image":[{"width":363,"height":363,"url":"https:\/\/techmasterdemexico.com\/wp-content\/uploads\/2021\/09\/PD_TMD-53-1.jpg","type":"image\/jpeg"}],"twitter_card":"summary_large_image","schema":{"@context":"https:\/\/schema.org","@graph":[{"@type":"WebPage","@id":"https:\/\/techmasterdemexico.com\/producto\/termometro-termopar-tmd-53-tipo-k-j\/","url":"https:\/\/techmasterdemexico.com\/producto\/termometro-termopar-tmd-53-tipo-k-j\/","name":"Term\u00f3metro termopar TMD-53 tipo K \/ J - Techmaster de Mexico","isPartOf":{"@id":"https:\/\/techmasterdemexico.com\/#website"},"primaryImageOfPage":{"@id":"https:\/\/techmasterdemexico.com\/producto\/termometro-termopar-tmd-53-tipo-k-j\/#primaryimage"},"image":{"@id":"https:\/\/techmasterdemexico.com\/producto\/termometro-termopar-tmd-53-tipo-k-j\/#primaryimage"},"thumbnailUrl":"https:\/\/techmasterdemexico.com\/wp-content\/uploads\/2021\/09\/PD_TMD-53-1.jpg","datePublished":"2021-09-14T22:38:10+00:00","dateModified":"2022-05-12T04:49:02+00:00","breadcrumb":{"@id":"https:\/\/techmasterdemexico.com\/producto\/termometro-termopar-tmd-53-tipo-k-j\/#breadcrumb"},"inLanguage":"en-US","potentialAction":[{"@type":"ReadAction","target":["https:\/\/techmasterdemexico.com\/producto\/termometro-termopar-tmd-53-tipo-k-j\/"]}]},{"@type":"ImageObject","inLanguage":"en-US","@id":"https:\/\/techmasterdemexico.com\/producto\/termometro-termopar-tmd-53-tipo-k-j\/#primaryimage","url":"https:\/\/techmasterdemexico.com\/wp-content\/uploads\/2021\/09\/PD_TMD-53-1.jpg","contentUrl":"https:\/\/techmasterdemexico.com\/wp-content\/uploads\/2021\/09\/PD_TMD-53-1.jpg","width":363,"height":363},{"@type":"BreadcrumbList","@id":"https:\/\/techmasterdemexico.com\/producto\/termometro-termopar-tmd-53-tipo-k-j\/#breadcrumb","itemListElement":[{"@type":"ListItem","position":1,"name":"Portada","item":"https:\/\/techmasterdemexico.com\/"},{"@type":"ListItem","position":2,"name":"Term\u00f3metro termopar TMD-53 tipo K \/ J"}]},{"@type":"WebSite","@id":"https:\/\/techmasterdemexico.com\/#website","url":"https:\/\/techmasterdemexico.com\/","name":"Techmaster de Mexico","description":"","potentialAction":[{"@type":"SearchAction","target":{"@type":"EntryPoint","urlTemplate":"https:\/\/techmasterdemexico.com\/?s={search_term_string}"},"query-input":{"@type":"PropertyValueSpecification","valueRequired":true,"valueName":"search_term_string"}}],"inLanguage":"en-US"}]}},"brands":[{"id":104,"name":"Amprobe","slug":"amprobe"}],"_links":{"self":[{"href":"https:\/\/techmasterdemexico.com\/en\/wp-json\/wp\/v2\/product\/9142","targetHints":{"allow":["GET"]}}],"collection":[{"href":"https:\/\/techmasterdemexico.com\/en\/wp-json\/wp\/v2\/product"}],"about":[{"href":"https:\/\/techmasterdemexico.com\/en\/wp-json\/wp\/v2\/types\/product"}],"wp:featuredmedia":[{"embeddable":true,"href":"https:\/\/techmasterdemexico.com\/en\/wp-json\/wp\/v2\/media\/9532"}],"wp:attachment":[{"href":"https:\/\/techmasterdemexico.com\/en\/wp-json\/wp\/v2\/media?parent=9142"}],"wp:term":[{"taxonomy":"pwb-brand","embeddable":true,"href":"https:\/\/techmasterdemexico.com\/en\/wp-json\/wp\/v2\/pwb-brand?post=9142"},{"taxonomy":"product_brand","embeddable":true,"href":"https:\/\/techmasterdemexico.com\/en\/wp-json\/wp\/v2\/product_brand?post=9142"},{"taxonomy":"product_cat","embeddable":true,"href":"https:\/\/techmasterdemexico.com\/en\/wp-json\/wp\/v2\/product_cat?post=9142"},{"taxonomy":"product_tag","embeddable":true,"href":"https:\/\/techmasterdemexico.com\/en\/wp-json\/wp\/v2\/product_tag?post=9142"}],"curies":[{"name":"wp","href":"https:\/\/api.w.org\/{rel}","templated":true}]}}