{"id":9141,"date":"2021-09-14T22:38:09","date_gmt":"2021-09-14T22:38:09","guid":{"rendered":"https:\/\/techmastermx.ddns.net\/producto\/medidor-de-temperatura-dual-tmd-10\/"},"modified":"2022-05-12T04:49:03","modified_gmt":"2022-05-12T04:49:03","slug":"medidor-de-temperatura-dual-tmd-10","status":"publish","type":"product","link":"https:\/\/techmasterdemexico.com\/en\/producto\/medidor-de-temperatura-dual-tmd-10\/","title":{"rendered":"Medidor de temperatura dual TMD-10"},"content":{"rendered":"<p>El term\u00f3metro port\u00e1til de temperatura dual Amprobe TMD-10 es un term\u00f3metro de entrada dual completamente port\u00e1til. Pantalla dual digital que muestra T1, T2 y T1-T2. Resultados de medici\u00f3n en grados Celsius o Fahrenheit seleccionables. Almacena y muestra valores m\u00ednimos y m\u00e1ximos. Mide la temperatura con termopares tipo K o tipo J.<\/p>\n","protected":false},"excerpt":{"rendered":"<p>Medidor de temperatura dual Amprobe TMD-10<\/p>\n<ul>\n<li>Compatible con termopares tipo K y J<\/li>\n<li>Temperatura dual para c\u00e1lculos sencillos de supercalentamiento y subenfriamiento<\/li>\n<li>Seleccionable \u00b0 F o \u00b0 C<\/li>\n<li>Grabaci\u00f3n m\u00ednima \/ m\u00e1xima<\/li>\n<li>Lectura relativa (T1 &#8211; T2)<\/li>\n<li>Funci\u00f3n de retenci\u00f3n de datos para retener la lectura en la pantalla para verla m\u00e1s tarde<\/li>\n<li>Indicaci\u00f3n de bater\u00eda baja<\/li>\n<\/ul>\n","protected":false},"featured_media":9541,"template":"","meta":{"_acf_changed":false},"pwb-brand":[104],"product_brand":[],"product_cat":[366,101,102,178],"product_tag":[],"class_list":{"0":"post-9141","1":"product","2":"type-product","3":"status-publish","4":"has-post-thumbnail","6":"pwb-brand-amprobe","7":"product_cat-todos-los-productos","8":"product_cat-amprobe","9":"product_cat-herramientas-hvac","10":"product_cat-termopar-y-rtd","12":"first","13":"instock","14":"taxable","15":"shipping-taxable","16":"product-type-simple"},"acf":[],"yoast_head":"<!-- This site is optimized with the Yoast SEO plugin v27.4 - https:\/\/yoast.com\/product\/yoast-seo-wordpress\/ -->\n<title>Medidor de temperatura dual TMD-10 - Techmaster de Mexico<\/title>\n<meta name=\"robots\" content=\"index, follow, max-snippet:-1, max-image-preview:large, max-video-preview:-1\" \/>\n<link rel=\"canonical\" href=\"https:\/\/techmasterdemexico.com\/producto\/medidor-de-temperatura-dual-tmd-10\/\" \/>\n<meta property=\"og:locale\" content=\"en_US\" \/>\n<meta property=\"og:type\" content=\"article\" \/>\n<meta property=\"og:title\" content=\"Medidor de temperatura dual TMD-10 - Techmaster de Mexico\" \/>\n<meta property=\"og:description\" content=\"[:es]  Medidor de temperatura dual Amprobe TMD-10       Compatible con termopares tipo K y J    Temperatura dual para c\u00e1lculos sencillos de supercalentamiento y subenfriamiento    Seleccionable \u00b0 F o \u00b0 C    Grabaci\u00f3n m\u00ednima \/ m\u00e1xima    Lectura relativa (T1 - T2)    Funci\u00f3n de retenci\u00f3n de datos para retener la lectura en la pantalla para verla m\u00e1s tarde    Indicaci\u00f3n de bater\u00eda baja     [:en]  Medidor de temperatura dual Amprobe TMD-10       Compatible con termopares tipo K y J    Temperatura dual para c\u00e1lculos sencillos de supercalentamiento y subenfriamiento    Seleccionable \u00b0 F o \u00b0 C    Grabaci\u00f3n m\u00ednima \/ m\u00e1xima    Lectura relativa (T1 - T2)    Funci\u00f3n de retenci\u00f3n de datos para retener la lectura en la pantalla para verla m\u00e1s tarde    Indicaci\u00f3n de bater\u00eda baja        [:]\" \/>\n<meta property=\"og:url\" content=\"https:\/\/techmasterdemexico.com\/producto\/medidor-de-temperatura-dual-tmd-10\/\" \/>\n<meta property=\"og:site_name\" content=\"Techmaster de Mexico\" \/>\n<meta property=\"article:modified_time\" content=\"2022-05-12T04:49:03+00:00\" \/>\n<meta property=\"og:image\" content=\"https:\/\/techmasterdemexico.com\/wp-content\/uploads\/2021\/09\/PD_TMD-10-1.jpg\" \/>\n\t<meta property=\"og:image:width\" content=\"363\" \/>\n\t<meta property=\"og:image:height\" content=\"363\" \/>\n\t<meta property=\"og:image:type\" content=\"image\/jpeg\" \/>\n<meta name=\"twitter:card\" content=\"summary_large_image\" \/>\n<script type=\"application\/ld+json\" class=\"yoast-schema-graph\">{\"@context\":\"https:\\\/\\\/schema.org\",\"@graph\":[{\"@type\":\"WebPage\",\"@id\":\"https:\\\/\\\/techmasterdemexico.com\\\/producto\\\/medidor-de-temperatura-dual-tmd-10\\\/\",\"url\":\"https:\\\/\\\/techmasterdemexico.com\\\/producto\\\/medidor-de-temperatura-dual-tmd-10\\\/\",\"name\":\"Medidor de temperatura dual TMD-10 - Techmaster de Mexico\",\"isPartOf\":{\"@id\":\"https:\\\/\\\/techmasterdemexico.com\\\/#website\"},\"primaryImageOfPage\":{\"@id\":\"https:\\\/\\\/techmasterdemexico.com\\\/producto\\\/medidor-de-temperatura-dual-tmd-10\\\/#primaryimage\"},\"image\":{\"@id\":\"https:\\\/\\\/techmasterdemexico.com\\\/producto\\\/medidor-de-temperatura-dual-tmd-10\\\/#primaryimage\"},\"thumbnailUrl\":\"https:\\\/\\\/techmasterdemexico.com\\\/wp-content\\\/uploads\\\/2021\\\/09\\\/PD_TMD-10-1.jpg\",\"datePublished\":\"2021-09-14T22:38:09+00:00\",\"dateModified\":\"2022-05-12T04:49:03+00:00\",\"breadcrumb\":{\"@id\":\"https:\\\/\\\/techmasterdemexico.com\\\/producto\\\/medidor-de-temperatura-dual-tmd-10\\\/#breadcrumb\"},\"inLanguage\":\"en-US\",\"potentialAction\":[{\"@type\":\"ReadAction\",\"target\":[\"https:\\\/\\\/techmasterdemexico.com\\\/producto\\\/medidor-de-temperatura-dual-tmd-10\\\/\"]}]},{\"@type\":\"ImageObject\",\"inLanguage\":\"en-US\",\"@id\":\"https:\\\/\\\/techmasterdemexico.com\\\/producto\\\/medidor-de-temperatura-dual-tmd-10\\\/#primaryimage\",\"url\":\"https:\\\/\\\/techmasterdemexico.com\\\/wp-content\\\/uploads\\\/2021\\\/09\\\/PD_TMD-10-1.jpg\",\"contentUrl\":\"https:\\\/\\\/techmasterdemexico.com\\\/wp-content\\\/uploads\\\/2021\\\/09\\\/PD_TMD-10-1.jpg\",\"width\":363,\"height\":363},{\"@type\":\"BreadcrumbList\",\"@id\":\"https:\\\/\\\/techmasterdemexico.com\\\/producto\\\/medidor-de-temperatura-dual-tmd-10\\\/#breadcrumb\",\"itemListElement\":[{\"@type\":\"ListItem\",\"position\":1,\"name\":\"Portada\",\"item\":\"https:\\\/\\\/techmasterdemexico.com\\\/\"},{\"@type\":\"ListItem\",\"position\":2,\"name\":\"Medidor de temperatura dual TMD-10\"}]},{\"@type\":\"WebSite\",\"@id\":\"https:\\\/\\\/techmasterdemexico.com\\\/#website\",\"url\":\"https:\\\/\\\/techmasterdemexico.com\\\/\",\"name\":\"Techmaster de Mexico\",\"description\":\"\",\"potentialAction\":[{\"@type\":\"SearchAction\",\"target\":{\"@type\":\"EntryPoint\",\"urlTemplate\":\"https:\\\/\\\/techmasterdemexico.com\\\/?s={search_term_string}\"},\"query-input\":{\"@type\":\"PropertyValueSpecification\",\"valueRequired\":true,\"valueName\":\"search_term_string\"}}],\"inLanguage\":\"en-US\"}]}<\/script>\n<!-- \/ Yoast SEO plugin. -->","yoast_head_json":{"title":"Medidor de temperatura dual TMD-10 - Techmaster de Mexico","robots":{"index":"index","follow":"follow","max-snippet":"max-snippet:-1","max-image-preview":"max-image-preview:large","max-video-preview":"max-video-preview:-1"},"canonical":"https:\/\/techmasterdemexico.com\/producto\/medidor-de-temperatura-dual-tmd-10\/","og_locale":"en_US","og_type":"article","og_title":"Medidor de temperatura dual TMD-10 - Techmaster de Mexico","og_description":"[:es]  Medidor de temperatura dual Amprobe TMD-10       Compatible con termopares tipo K y J    Temperatura dual para c\u00e1lculos sencillos de supercalentamiento y subenfriamiento    Seleccionable \u00b0 F o \u00b0 C    Grabaci\u00f3n m\u00ednima \/ m\u00e1xima    Lectura relativa (T1 - T2)    Funci\u00f3n de retenci\u00f3n de datos para retener la lectura en la pantalla para verla m\u00e1s tarde    Indicaci\u00f3n de bater\u00eda baja     [:en]  Medidor de temperatura dual Amprobe TMD-10       Compatible con termopares tipo K y J    Temperatura dual para c\u00e1lculos sencillos de supercalentamiento y subenfriamiento    Seleccionable \u00b0 F o \u00b0 C    Grabaci\u00f3n m\u00ednima \/ m\u00e1xima    Lectura relativa (T1 - T2)    Funci\u00f3n de retenci\u00f3n de datos para retener la lectura en la pantalla para verla m\u00e1s tarde    Indicaci\u00f3n de bater\u00eda baja        [:]","og_url":"https:\/\/techmasterdemexico.com\/producto\/medidor-de-temperatura-dual-tmd-10\/","og_site_name":"Techmaster de Mexico","article_modified_time":"2022-05-12T04:49:03+00:00","og_image":[{"width":363,"height":363,"url":"https:\/\/techmasterdemexico.com\/wp-content\/uploads\/2021\/09\/PD_TMD-10-1.jpg","type":"image\/jpeg"}],"twitter_card":"summary_large_image","schema":{"@context":"https:\/\/schema.org","@graph":[{"@type":"WebPage","@id":"https:\/\/techmasterdemexico.com\/producto\/medidor-de-temperatura-dual-tmd-10\/","url":"https:\/\/techmasterdemexico.com\/producto\/medidor-de-temperatura-dual-tmd-10\/","name":"Medidor de temperatura dual TMD-10 - Techmaster de Mexico","isPartOf":{"@id":"https:\/\/techmasterdemexico.com\/#website"},"primaryImageOfPage":{"@id":"https:\/\/techmasterdemexico.com\/producto\/medidor-de-temperatura-dual-tmd-10\/#primaryimage"},"image":{"@id":"https:\/\/techmasterdemexico.com\/producto\/medidor-de-temperatura-dual-tmd-10\/#primaryimage"},"thumbnailUrl":"https:\/\/techmasterdemexico.com\/wp-content\/uploads\/2021\/09\/PD_TMD-10-1.jpg","datePublished":"2021-09-14T22:38:09+00:00","dateModified":"2022-05-12T04:49:03+00:00","breadcrumb":{"@id":"https:\/\/techmasterdemexico.com\/producto\/medidor-de-temperatura-dual-tmd-10\/#breadcrumb"},"inLanguage":"en-US","potentialAction":[{"@type":"ReadAction","target":["https:\/\/techmasterdemexico.com\/producto\/medidor-de-temperatura-dual-tmd-10\/"]}]},{"@type":"ImageObject","inLanguage":"en-US","@id":"https:\/\/techmasterdemexico.com\/producto\/medidor-de-temperatura-dual-tmd-10\/#primaryimage","url":"https:\/\/techmasterdemexico.com\/wp-content\/uploads\/2021\/09\/PD_TMD-10-1.jpg","contentUrl":"https:\/\/techmasterdemexico.com\/wp-content\/uploads\/2021\/09\/PD_TMD-10-1.jpg","width":363,"height":363},{"@type":"BreadcrumbList","@id":"https:\/\/techmasterdemexico.com\/producto\/medidor-de-temperatura-dual-tmd-10\/#breadcrumb","itemListElement":[{"@type":"ListItem","position":1,"name":"Portada","item":"https:\/\/techmasterdemexico.com\/"},{"@type":"ListItem","position":2,"name":"Medidor de temperatura dual TMD-10"}]},{"@type":"WebSite","@id":"https:\/\/techmasterdemexico.com\/#website","url":"https:\/\/techmasterdemexico.com\/","name":"Techmaster de Mexico","description":"","potentialAction":[{"@type":"SearchAction","target":{"@type":"EntryPoint","urlTemplate":"https:\/\/techmasterdemexico.com\/?s={search_term_string}"},"query-input":{"@type":"PropertyValueSpecification","valueRequired":true,"valueName":"search_term_string"}}],"inLanguage":"en-US"}]}},"brands":[{"id":104,"name":"Amprobe","slug":"amprobe"}],"_links":{"self":[{"href":"https:\/\/techmasterdemexico.com\/en\/wp-json\/wp\/v2\/product\/9141","targetHints":{"allow":["GET"]}}],"collection":[{"href":"https:\/\/techmasterdemexico.com\/en\/wp-json\/wp\/v2\/product"}],"about":[{"href":"https:\/\/techmasterdemexico.com\/en\/wp-json\/wp\/v2\/types\/product"}],"wp:featuredmedia":[{"embeddable":true,"href":"https:\/\/techmasterdemexico.com\/en\/wp-json\/wp\/v2\/media\/9541"}],"wp:attachment":[{"href":"https:\/\/techmasterdemexico.com\/en\/wp-json\/wp\/v2\/media?parent=9141"}],"wp:term":[{"taxonomy":"pwb-brand","embeddable":true,"href":"https:\/\/techmasterdemexico.com\/en\/wp-json\/wp\/v2\/pwb-brand?post=9141"},{"taxonomy":"product_brand","embeddable":true,"href":"https:\/\/techmasterdemexico.com\/en\/wp-json\/wp\/v2\/product_brand?post=9141"},{"taxonomy":"product_cat","embeddable":true,"href":"https:\/\/techmasterdemexico.com\/en\/wp-json\/wp\/v2\/product_cat?post=9141"},{"taxonomy":"product_tag","embeddable":true,"href":"https:\/\/techmasterdemexico.com\/en\/wp-json\/wp\/v2\/product_tag?post=9141"}],"curies":[{"name":"wp","href":"https:\/\/api.w.org\/{rel}","templated":true}]}}