{"id":9140,"date":"2021-09-14T22:38:08","date_gmt":"2021-09-14T22:38:08","guid":{"rendered":"https:\/\/techmastermx.ddns.net\/producto\/termometro-termopar-tmd-50-tipo-k\/"},"modified":"2021-12-28T22:31:13","modified_gmt":"2021-12-28T22:31:13","slug":"termometro-termopar-tmd-50-tipo-k","status":"publish","type":"product","link":"https:\/\/techmasterdemexico.com\/en\/producto\/termometro-termopar-tmd-50-tipo-k\/","title":{"rendered":"Term\u00f3metro termopar TMD-50 tipo K"},"content":{"rendered":"<p>El term\u00f3metro Amprobe TMD-50 es la elecci\u00f3n profesional para t\u00e9cnicos de HVAC, electricistas, investigaci\u00f3n, procesos industriales y control de calidad, estos term\u00f3metros ofrecen entradas dobles para mediciones f\u00e1ciles de temperatura de supercalentamiento y subfr\u00eda.<\/p>\n<p>Para monitorear y rastrear las temperaturas, los term\u00f3metros de registro m\u00faltiple cuentan con relojes en tiempo real con calendario, intervalos de registro seleccionables por el usuario y f\u00e1cil recuperaci\u00f3n de datos usando las teclas arriba y abajo.<\/p>\n","protected":false},"excerpt":{"rendered":"<p>Term\u00f3metro termopar Amprobe TMD-50 tipo K<\/p>\n<ul>\n<li>Term\u00f3metro de alta precisi\u00f3n con una precisi\u00f3n b\u00e1sica del 0,1% para mediciones precisas<\/li>\n<li>Entrada doble T1, T2, T1-T2<\/li>\n<li>Pantalla grande, retroiluminada y f\u00e1cil de leer<\/li>\n<li>Ajuste de compensaci\u00f3n de termopar en campo<\/li>\n<li>Selecci\u00f3n \u00b0 C \/ \u00b0 F<\/li>\n<li>Funda protectora robusta<\/li>\n<li>Apagado autom\u00e1tico<\/li>\n<li>Funciones MIN \/ MAX \/ HOLD<\/li>\n<li>Funciones cero promedio \/ relativo<\/li>\n<\/ul>\n","protected":false},"featured_media":9550,"template":"","meta":{"_acf_changed":false},"pwb-brand":[104],"product_brand":[],"product_cat":[366,101,102,178],"product_tag":[],"class_list":{"0":"post-9140","1":"product","2":"type-product","3":"status-publish","4":"has-post-thumbnail","6":"pwb-brand-amprobe","7":"product_cat-todos-los-productos","8":"product_cat-amprobe","9":"product_cat-herramientas-hvac","10":"product_cat-termopar-y-rtd","12":"first","13":"instock","14":"taxable","15":"shipping-taxable","16":"product-type-simple"},"acf":[],"yoast_head":"<!-- This site is optimized with the Yoast SEO plugin v27.5 - https:\/\/yoast.com\/product\/yoast-seo-wordpress\/ -->\n<title>Term\u00f3metro termopar TMD-50 tipo K - Techmaster de Mexico<\/title>\n<meta name=\"robots\" content=\"index, follow, max-snippet:-1, max-image-preview:large, max-video-preview:-1\" \/>\n<link rel=\"canonical\" href=\"https:\/\/techmasterdemexico.com\/producto\/termometro-termopar-tmd-50-tipo-k\/\" \/>\n<meta property=\"og:locale\" content=\"en_US\" \/>\n<meta property=\"og:type\" content=\"article\" \/>\n<meta property=\"og:title\" content=\"Term\u00f3metro termopar TMD-50 tipo K - Techmaster de Mexico\" \/>\n<meta property=\"og:description\" content=\"[:es]  Term\u00f3metro termopar Amprobe TMD-50 tipo K       Term\u00f3metro de alta precisi\u00f3n con una precisi\u00f3n b\u00e1sica del 0,1% para mediciones precisas    Entrada doble T1, T2, T1-T2    Pantalla grande, retroiluminada y f\u00e1cil de leer    Ajuste de compensaci\u00f3n de termopar en campo    Selecci\u00f3n \u00b0 C \/ \u00b0 F    Funda protectora robusta    Apagado autom\u00e1tico    Funciones MIN \/ MAX \/ HOLD    Funciones cero promedio \/ relativo        [:en]  Term\u00f3metro termopar Amprobe TMD-50 tipo K       Term\u00f3metro de alta precisi\u00f3n con una precisi\u00f3n b\u00e1sica del 0,1% para mediciones precisas    Entrada doble T1, T2, T1-T2    Pantalla grande, retroiluminada y f\u00e1cil de leer    Ajuste de compensaci\u00f3n de termopar en campo    Selecci\u00f3n \u00b0 C \/ \u00b0 F    Funda protectora robusta    Apagado autom\u00e1tico    Funciones MIN \/ MAX \/ HOLD    Funciones cero promedio \/ relativo    [:]\" \/>\n<meta property=\"og:url\" content=\"https:\/\/techmasterdemexico.com\/producto\/termometro-termopar-tmd-50-tipo-k\/\" \/>\n<meta property=\"og:site_name\" content=\"Techmaster de Mexico\" \/>\n<meta property=\"article:modified_time\" content=\"2021-12-28T22:31:13+00:00\" \/>\n<meta property=\"og:image\" content=\"https:\/\/techmasterdemexico.com\/wp-content\/uploads\/2021\/09\/PD_TMD-50-1.jpg\" \/>\n\t<meta property=\"og:image:width\" content=\"363\" \/>\n\t<meta property=\"og:image:height\" content=\"363\" \/>\n\t<meta property=\"og:image:type\" content=\"image\/jpeg\" \/>\n<meta name=\"twitter:card\" content=\"summary_large_image\" \/>\n<script type=\"application\/ld+json\" class=\"yoast-schema-graph\">{\"@context\":\"https:\\\/\\\/schema.org\",\"@graph\":[{\"@type\":\"WebPage\",\"@id\":\"https:\\\/\\\/techmasterdemexico.com\\\/producto\\\/termometro-termopar-tmd-50-tipo-k\\\/\",\"url\":\"https:\\\/\\\/techmasterdemexico.com\\\/producto\\\/termometro-termopar-tmd-50-tipo-k\\\/\",\"name\":\"Term\u00f3metro termopar TMD-50 tipo K - Techmaster de Mexico\",\"isPartOf\":{\"@id\":\"https:\\\/\\\/techmasterdemexico.com\\\/#website\"},\"primaryImageOfPage\":{\"@id\":\"https:\\\/\\\/techmasterdemexico.com\\\/producto\\\/termometro-termopar-tmd-50-tipo-k\\\/#primaryimage\"},\"image\":{\"@id\":\"https:\\\/\\\/techmasterdemexico.com\\\/producto\\\/termometro-termopar-tmd-50-tipo-k\\\/#primaryimage\"},\"thumbnailUrl\":\"https:\\\/\\\/techmasterdemexico.com\\\/wp-content\\\/uploads\\\/2021\\\/09\\\/PD_TMD-50-1.jpg\",\"datePublished\":\"2021-09-14T22:38:08+00:00\",\"dateModified\":\"2021-12-28T22:31:13+00:00\",\"breadcrumb\":{\"@id\":\"https:\\\/\\\/techmasterdemexico.com\\\/producto\\\/termometro-termopar-tmd-50-tipo-k\\\/#breadcrumb\"},\"inLanguage\":\"en-US\",\"potentialAction\":[{\"@type\":\"ReadAction\",\"target\":[\"https:\\\/\\\/techmasterdemexico.com\\\/producto\\\/termometro-termopar-tmd-50-tipo-k\\\/\"]}]},{\"@type\":\"ImageObject\",\"inLanguage\":\"en-US\",\"@id\":\"https:\\\/\\\/techmasterdemexico.com\\\/producto\\\/termometro-termopar-tmd-50-tipo-k\\\/#primaryimage\",\"url\":\"https:\\\/\\\/techmasterdemexico.com\\\/wp-content\\\/uploads\\\/2021\\\/09\\\/PD_TMD-50-1.jpg\",\"contentUrl\":\"https:\\\/\\\/techmasterdemexico.com\\\/wp-content\\\/uploads\\\/2021\\\/09\\\/PD_TMD-50-1.jpg\",\"width\":363,\"height\":363},{\"@type\":\"BreadcrumbList\",\"@id\":\"https:\\\/\\\/techmasterdemexico.com\\\/producto\\\/termometro-termopar-tmd-50-tipo-k\\\/#breadcrumb\",\"itemListElement\":[{\"@type\":\"ListItem\",\"position\":1,\"name\":\"Portada\",\"item\":\"https:\\\/\\\/techmasterdemexico.com\\\/\"},{\"@type\":\"ListItem\",\"position\":2,\"name\":\"Term\u00f3metro termopar TMD-50 tipo K\"}]},{\"@type\":\"WebSite\",\"@id\":\"https:\\\/\\\/techmasterdemexico.com\\\/#website\",\"url\":\"https:\\\/\\\/techmasterdemexico.com\\\/\",\"name\":\"Techmaster de Mexico\",\"description\":\"\",\"potentialAction\":[{\"@type\":\"SearchAction\",\"target\":{\"@type\":\"EntryPoint\",\"urlTemplate\":\"https:\\\/\\\/techmasterdemexico.com\\\/?s={search_term_string}\"},\"query-input\":{\"@type\":\"PropertyValueSpecification\",\"valueRequired\":true,\"valueName\":\"search_term_string\"}}],\"inLanguage\":\"en-US\"}]}<\/script>\n<!-- \/ Yoast SEO plugin. -->","yoast_head_json":{"title":"Term\u00f3metro termopar TMD-50 tipo K - Techmaster de Mexico","robots":{"index":"index","follow":"follow","max-snippet":"max-snippet:-1","max-image-preview":"max-image-preview:large","max-video-preview":"max-video-preview:-1"},"canonical":"https:\/\/techmasterdemexico.com\/producto\/termometro-termopar-tmd-50-tipo-k\/","og_locale":"en_US","og_type":"article","og_title":"Term\u00f3metro termopar TMD-50 tipo K - Techmaster de Mexico","og_description":"[:es]  Term\u00f3metro termopar Amprobe TMD-50 tipo K       Term\u00f3metro de alta precisi\u00f3n con una precisi\u00f3n b\u00e1sica del 0,1% para mediciones precisas    Entrada doble T1, T2, T1-T2    Pantalla grande, retroiluminada y f\u00e1cil de leer    Ajuste de compensaci\u00f3n de termopar en campo    Selecci\u00f3n \u00b0 C \/ \u00b0 F    Funda protectora robusta    Apagado autom\u00e1tico    Funciones MIN \/ MAX \/ HOLD    Funciones cero promedio \/ relativo        [:en]  Term\u00f3metro termopar Amprobe TMD-50 tipo K       Term\u00f3metro de alta precisi\u00f3n con una precisi\u00f3n b\u00e1sica del 0,1% para mediciones precisas    Entrada doble T1, T2, T1-T2    Pantalla grande, retroiluminada y f\u00e1cil de leer    Ajuste de compensaci\u00f3n de termopar en campo    Selecci\u00f3n \u00b0 C \/ \u00b0 F    Funda protectora robusta    Apagado autom\u00e1tico    Funciones MIN \/ MAX \/ HOLD    Funciones cero promedio \/ relativo    [:]","og_url":"https:\/\/techmasterdemexico.com\/producto\/termometro-termopar-tmd-50-tipo-k\/","og_site_name":"Techmaster de Mexico","article_modified_time":"2021-12-28T22:31:13+00:00","og_image":[{"width":363,"height":363,"url":"https:\/\/techmasterdemexico.com\/wp-content\/uploads\/2021\/09\/PD_TMD-50-1.jpg","type":"image\/jpeg"}],"twitter_card":"summary_large_image","schema":{"@context":"https:\/\/schema.org","@graph":[{"@type":"WebPage","@id":"https:\/\/techmasterdemexico.com\/producto\/termometro-termopar-tmd-50-tipo-k\/","url":"https:\/\/techmasterdemexico.com\/producto\/termometro-termopar-tmd-50-tipo-k\/","name":"Term\u00f3metro termopar TMD-50 tipo K - Techmaster de Mexico","isPartOf":{"@id":"https:\/\/techmasterdemexico.com\/#website"},"primaryImageOfPage":{"@id":"https:\/\/techmasterdemexico.com\/producto\/termometro-termopar-tmd-50-tipo-k\/#primaryimage"},"image":{"@id":"https:\/\/techmasterdemexico.com\/producto\/termometro-termopar-tmd-50-tipo-k\/#primaryimage"},"thumbnailUrl":"https:\/\/techmasterdemexico.com\/wp-content\/uploads\/2021\/09\/PD_TMD-50-1.jpg","datePublished":"2021-09-14T22:38:08+00:00","dateModified":"2021-12-28T22:31:13+00:00","breadcrumb":{"@id":"https:\/\/techmasterdemexico.com\/producto\/termometro-termopar-tmd-50-tipo-k\/#breadcrumb"},"inLanguage":"en-US","potentialAction":[{"@type":"ReadAction","target":["https:\/\/techmasterdemexico.com\/producto\/termometro-termopar-tmd-50-tipo-k\/"]}]},{"@type":"ImageObject","inLanguage":"en-US","@id":"https:\/\/techmasterdemexico.com\/producto\/termometro-termopar-tmd-50-tipo-k\/#primaryimage","url":"https:\/\/techmasterdemexico.com\/wp-content\/uploads\/2021\/09\/PD_TMD-50-1.jpg","contentUrl":"https:\/\/techmasterdemexico.com\/wp-content\/uploads\/2021\/09\/PD_TMD-50-1.jpg","width":363,"height":363},{"@type":"BreadcrumbList","@id":"https:\/\/techmasterdemexico.com\/producto\/termometro-termopar-tmd-50-tipo-k\/#breadcrumb","itemListElement":[{"@type":"ListItem","position":1,"name":"Portada","item":"https:\/\/techmasterdemexico.com\/"},{"@type":"ListItem","position":2,"name":"Term\u00f3metro termopar TMD-50 tipo K"}]},{"@type":"WebSite","@id":"https:\/\/techmasterdemexico.com\/#website","url":"https:\/\/techmasterdemexico.com\/","name":"Techmaster de Mexico","description":"","potentialAction":[{"@type":"SearchAction","target":{"@type":"EntryPoint","urlTemplate":"https:\/\/techmasterdemexico.com\/?s={search_term_string}"},"query-input":{"@type":"PropertyValueSpecification","valueRequired":true,"valueName":"search_term_string"}}],"inLanguage":"en-US"}]}},"brands":[{"id":104,"name":"Amprobe","slug":"amprobe"}],"_links":{"self":[{"href":"https:\/\/techmasterdemexico.com\/en\/wp-json\/wp\/v2\/product\/9140","targetHints":{"allow":["GET"]}}],"collection":[{"href":"https:\/\/techmasterdemexico.com\/en\/wp-json\/wp\/v2\/product"}],"about":[{"href":"https:\/\/techmasterdemexico.com\/en\/wp-json\/wp\/v2\/types\/product"}],"wp:featuredmedia":[{"embeddable":true,"href":"https:\/\/techmasterdemexico.com\/en\/wp-json\/wp\/v2\/media\/9550"}],"wp:attachment":[{"href":"https:\/\/techmasterdemexico.com\/en\/wp-json\/wp\/v2\/media?parent=9140"}],"wp:term":[{"taxonomy":"pwb-brand","embeddable":true,"href":"https:\/\/techmasterdemexico.com\/en\/wp-json\/wp\/v2\/pwb-brand?post=9140"},{"taxonomy":"product_brand","embeddable":true,"href":"https:\/\/techmasterdemexico.com\/en\/wp-json\/wp\/v2\/product_brand?post=9140"},{"taxonomy":"product_cat","embeddable":true,"href":"https:\/\/techmasterdemexico.com\/en\/wp-json\/wp\/v2\/product_cat?post=9140"},{"taxonomy":"product_tag","embeddable":true,"href":"https:\/\/techmasterdemexico.com\/en\/wp-json\/wp\/v2\/product_tag?post=9140"}],"curies":[{"name":"wp","href":"https:\/\/api.w.org\/{rel}","templated":true}]}}