{"id":9138,"date":"2021-09-14T22:38:07","date_gmt":"2021-09-14T22:38:07","guid":{"rendered":"https:\/\/techmastermx.ddns.net\/producto\/termometro-rtd-digital-de-doble-entrada-rtd-10\/"},"modified":"2021-12-28T22:31:14","modified_gmt":"2021-12-28T22:31:14","slug":"termometro-rtd-digital-de-doble-entrada-rtd-10","status":"publish","type":"product","link":"https:\/\/techmasterdemexico.com\/en\/producto\/termometro-rtd-digital-de-doble-entrada-rtd-10\/","title":{"rendered":"Term\u00f3metro RTD digital de doble entrada RTD-10"},"content":{"rendered":"<p>El term\u00f3metro RTD digital de doble entrada RTD-10 se prefiere para aplicaciones de procesos industriales. Por lo general, proporciona una mayor precisi\u00f3n que los termopares y mantiene la estabilidad durante muchos a\u00f1os.<\/p>\n<p>Los dispositivos t\u00e9rmicos resistivos (RTD) se est\u00e1n convirtiendo en los sensores de temperatura preferidos para aplicaciones industriales de precisi\u00f3n. En lugar de generar voltaje, los RTD generan resistencia el\u00e9ctrica, que var\u00eda linealmente con la temperatura. Los term\u00f3metros Amprobe RTD mantienen la estabilidad a largo plazo para una repetibilidad superior de las mediciones, en comparaci\u00f3n con los termopares.<\/p>\n","protected":false},"excerpt":{"rendered":"<p>Term\u00f3metro RTD digital de doble entrada Amprobe RTD-10<\/p>\n<ul>\n<li>Funci\u00f3n de entrada dual RTD<\/li>\n<li>Est\u00e1ndar RTD Pt3916 \/ Pt3926 \/ Pt385<\/li>\n<li>\u00b0 C \/ \u00b0 F seleccionable por el usuario<\/li>\n<li>Zumbador de advertencia con ajuste alto \/ bajo<\/li>\n<li>Resoluci\u00f3n de 0,1 \u00b0 C a 0,2 \u00b0 F<\/li>\n<\/ul>\n","protected":false},"featured_media":9559,"template":"","meta":{"_acf_changed":false},"pwb-brand":[104],"product_brand":[],"product_cat":[366,101,102,178],"product_tag":[],"class_list":{"0":"post-9138","1":"product","2":"type-product","3":"status-publish","4":"has-post-thumbnail","6":"pwb-brand-amprobe","7":"product_cat-todos-los-productos","8":"product_cat-amprobe","9":"product_cat-herramientas-hvac","10":"product_cat-termopar-y-rtd","12":"first","13":"instock","14":"taxable","15":"shipping-taxable","16":"product-type-simple"},"acf":[],"yoast_head":"<!-- This site is optimized with the Yoast SEO plugin v27.4 - https:\/\/yoast.com\/product\/yoast-seo-wordpress\/ -->\n<title>Term\u00f3metro RTD digital de doble entrada RTD-10 - Techmaster de Mexico<\/title>\n<meta name=\"robots\" content=\"index, follow, max-snippet:-1, max-image-preview:large, max-video-preview:-1\" \/>\n<link rel=\"canonical\" href=\"https:\/\/techmasterdemexico.com\/en\/producto\/termometro-rtd-digital-de-doble-entrada-rtd-10\/\" \/>\n<meta property=\"og:locale\" content=\"en_US\" \/>\n<meta property=\"og:type\" content=\"article\" \/>\n<meta property=\"og:title\" content=\"Term\u00f3metro RTD digital de doble entrada RTD-10 - Techmaster de Mexico\" \/>\n<meta property=\"og:description\" content=\"[:es]   Term\u00f3metro RTD digital de doble entrada Amprobe RTD-10       Funci\u00f3n de entrada dual RTD    Est\u00e1ndar RTD Pt3916 \/ Pt3926 \/ Pt385    \u00b0 C \/ \u00b0 F seleccionable por el usuario    Zumbador de advertencia con ajuste alto \/ bajo    Resoluci\u00f3n de 0,1 \u00b0 C a 0,2 \u00b0 F      [:en]   Term\u00f3metro RTD digital de doble entrada Amprobe RTD-10       Funci\u00f3n de entrada dual RTD    Est\u00e1ndar RTD Pt3916 \/ Pt3926 \/ Pt385    \u00b0 C \/ \u00b0 F seleccionable por el usuario    Zumbador de advertencia con ajuste alto \/ bajo    Resoluci\u00f3n de 0,1 \u00b0 C a 0,2 \u00b0 F    [:]\" \/>\n<meta property=\"og:url\" content=\"https:\/\/techmasterdemexico.com\/en\/producto\/termometro-rtd-digital-de-doble-entrada-rtd-10\/\" \/>\n<meta property=\"og:site_name\" content=\"Techmaster de Mexico\" \/>\n<meta property=\"article:modified_time\" content=\"2021-12-28T22:31:14+00:00\" \/>\n<meta property=\"og:image\" content=\"https:\/\/techmasterdemexico.com\/wp-content\/uploads\/2021\/09\/PD_RTD-10-1.jpg\" \/>\n\t<meta property=\"og:image:width\" content=\"363\" \/>\n\t<meta property=\"og:image:height\" content=\"363\" \/>\n\t<meta property=\"og:image:type\" content=\"image\/jpeg\" \/>\n<meta name=\"twitter:card\" content=\"summary_large_image\" \/>\n<script type=\"application\/ld+json\" class=\"yoast-schema-graph\">{\"@context\":\"https:\\\/\\\/schema.org\",\"@graph\":[{\"@type\":\"WebPage\",\"@id\":\"https:\\\/\\\/techmasterdemexico.com\\\/en\\\/producto\\\/termometro-rtd-digital-de-doble-entrada-rtd-10\\\/\",\"url\":\"https:\\\/\\\/techmasterdemexico.com\\\/en\\\/producto\\\/termometro-rtd-digital-de-doble-entrada-rtd-10\\\/\",\"name\":\"Term\u00f3metro RTD digital de doble entrada RTD-10 - Techmaster de Mexico\",\"isPartOf\":{\"@id\":\"https:\\\/\\\/techmasterdemexico.com\\\/#website\"},\"primaryImageOfPage\":{\"@id\":\"https:\\\/\\\/techmasterdemexico.com\\\/en\\\/producto\\\/termometro-rtd-digital-de-doble-entrada-rtd-10\\\/#primaryimage\"},\"image\":{\"@id\":\"https:\\\/\\\/techmasterdemexico.com\\\/en\\\/producto\\\/termometro-rtd-digital-de-doble-entrada-rtd-10\\\/#primaryimage\"},\"thumbnailUrl\":\"https:\\\/\\\/techmasterdemexico.com\\\/wp-content\\\/uploads\\\/2021\\\/09\\\/PD_RTD-10-1.jpg\",\"datePublished\":\"2021-09-14T22:38:07+00:00\",\"dateModified\":\"2021-12-28T22:31:14+00:00\",\"breadcrumb\":{\"@id\":\"https:\\\/\\\/techmasterdemexico.com\\\/en\\\/producto\\\/termometro-rtd-digital-de-doble-entrada-rtd-10\\\/#breadcrumb\"},\"inLanguage\":\"en-US\",\"potentialAction\":[{\"@type\":\"ReadAction\",\"target\":[\"https:\\\/\\\/techmasterdemexico.com\\\/en\\\/producto\\\/termometro-rtd-digital-de-doble-entrada-rtd-10\\\/\"]}]},{\"@type\":\"ImageObject\",\"inLanguage\":\"en-US\",\"@id\":\"https:\\\/\\\/techmasterdemexico.com\\\/en\\\/producto\\\/termometro-rtd-digital-de-doble-entrada-rtd-10\\\/#primaryimage\",\"url\":\"https:\\\/\\\/techmasterdemexico.com\\\/wp-content\\\/uploads\\\/2021\\\/09\\\/PD_RTD-10-1.jpg\",\"contentUrl\":\"https:\\\/\\\/techmasterdemexico.com\\\/wp-content\\\/uploads\\\/2021\\\/09\\\/PD_RTD-10-1.jpg\",\"width\":363,\"height\":363},{\"@type\":\"BreadcrumbList\",\"@id\":\"https:\\\/\\\/techmasterdemexico.com\\\/en\\\/producto\\\/termometro-rtd-digital-de-doble-entrada-rtd-10\\\/#breadcrumb\",\"itemListElement\":[{\"@type\":\"ListItem\",\"position\":1,\"name\":\"Portada\",\"item\":\"https:\\\/\\\/techmasterdemexico.com\\\/\"},{\"@type\":\"ListItem\",\"position\":2,\"name\":\"Term\u00f3metro RTD digital de doble entrada RTD-10\"}]},{\"@type\":\"WebSite\",\"@id\":\"https:\\\/\\\/techmasterdemexico.com\\\/#website\",\"url\":\"https:\\\/\\\/techmasterdemexico.com\\\/\",\"name\":\"Techmaster de Mexico\",\"description\":\"\",\"potentialAction\":[{\"@type\":\"SearchAction\",\"target\":{\"@type\":\"EntryPoint\",\"urlTemplate\":\"https:\\\/\\\/techmasterdemexico.com\\\/?s={search_term_string}\"},\"query-input\":{\"@type\":\"PropertyValueSpecification\",\"valueRequired\":true,\"valueName\":\"search_term_string\"}}],\"inLanguage\":\"en-US\"}]}<\/script>\n<!-- \/ Yoast SEO plugin. -->","yoast_head_json":{"title":"Term\u00f3metro RTD digital de doble entrada RTD-10 - Techmaster de Mexico","robots":{"index":"index","follow":"follow","max-snippet":"max-snippet:-1","max-image-preview":"max-image-preview:large","max-video-preview":"max-video-preview:-1"},"canonical":"https:\/\/techmasterdemexico.com\/en\/producto\/termometro-rtd-digital-de-doble-entrada-rtd-10\/","og_locale":"en_US","og_type":"article","og_title":"Term\u00f3metro RTD digital de doble entrada RTD-10 - Techmaster de Mexico","og_description":"[:es]   Term\u00f3metro RTD digital de doble entrada Amprobe RTD-10       Funci\u00f3n de entrada dual RTD    Est\u00e1ndar RTD Pt3916 \/ Pt3926 \/ Pt385    \u00b0 C \/ \u00b0 F seleccionable por el usuario    Zumbador de advertencia con ajuste alto \/ bajo    Resoluci\u00f3n de 0,1 \u00b0 C a 0,2 \u00b0 F      [:en]   Term\u00f3metro RTD digital de doble entrada Amprobe RTD-10       Funci\u00f3n de entrada dual RTD    Est\u00e1ndar RTD Pt3916 \/ Pt3926 \/ Pt385    \u00b0 C \/ \u00b0 F seleccionable por el usuario    Zumbador de advertencia con ajuste alto \/ bajo    Resoluci\u00f3n de 0,1 \u00b0 C a 0,2 \u00b0 F    [:]","og_url":"https:\/\/techmasterdemexico.com\/en\/producto\/termometro-rtd-digital-de-doble-entrada-rtd-10\/","og_site_name":"Techmaster de Mexico","article_modified_time":"2021-12-28T22:31:14+00:00","og_image":[{"width":363,"height":363,"url":"https:\/\/techmasterdemexico.com\/wp-content\/uploads\/2021\/09\/PD_RTD-10-1.jpg","type":"image\/jpeg"}],"twitter_card":"summary_large_image","schema":{"@context":"https:\/\/schema.org","@graph":[{"@type":"WebPage","@id":"https:\/\/techmasterdemexico.com\/en\/producto\/termometro-rtd-digital-de-doble-entrada-rtd-10\/","url":"https:\/\/techmasterdemexico.com\/en\/producto\/termometro-rtd-digital-de-doble-entrada-rtd-10\/","name":"Term\u00f3metro RTD digital de doble entrada RTD-10 - Techmaster de Mexico","isPartOf":{"@id":"https:\/\/techmasterdemexico.com\/#website"},"primaryImageOfPage":{"@id":"https:\/\/techmasterdemexico.com\/en\/producto\/termometro-rtd-digital-de-doble-entrada-rtd-10\/#primaryimage"},"image":{"@id":"https:\/\/techmasterdemexico.com\/en\/producto\/termometro-rtd-digital-de-doble-entrada-rtd-10\/#primaryimage"},"thumbnailUrl":"https:\/\/techmasterdemexico.com\/wp-content\/uploads\/2021\/09\/PD_RTD-10-1.jpg","datePublished":"2021-09-14T22:38:07+00:00","dateModified":"2021-12-28T22:31:14+00:00","breadcrumb":{"@id":"https:\/\/techmasterdemexico.com\/en\/producto\/termometro-rtd-digital-de-doble-entrada-rtd-10\/#breadcrumb"},"inLanguage":"en-US","potentialAction":[{"@type":"ReadAction","target":["https:\/\/techmasterdemexico.com\/en\/producto\/termometro-rtd-digital-de-doble-entrada-rtd-10\/"]}]},{"@type":"ImageObject","inLanguage":"en-US","@id":"https:\/\/techmasterdemexico.com\/en\/producto\/termometro-rtd-digital-de-doble-entrada-rtd-10\/#primaryimage","url":"https:\/\/techmasterdemexico.com\/wp-content\/uploads\/2021\/09\/PD_RTD-10-1.jpg","contentUrl":"https:\/\/techmasterdemexico.com\/wp-content\/uploads\/2021\/09\/PD_RTD-10-1.jpg","width":363,"height":363},{"@type":"BreadcrumbList","@id":"https:\/\/techmasterdemexico.com\/en\/producto\/termometro-rtd-digital-de-doble-entrada-rtd-10\/#breadcrumb","itemListElement":[{"@type":"ListItem","position":1,"name":"Portada","item":"https:\/\/techmasterdemexico.com\/"},{"@type":"ListItem","position":2,"name":"Term\u00f3metro RTD digital de doble entrada RTD-10"}]},{"@type":"WebSite","@id":"https:\/\/techmasterdemexico.com\/#website","url":"https:\/\/techmasterdemexico.com\/","name":"Techmaster de Mexico","description":"","potentialAction":[{"@type":"SearchAction","target":{"@type":"EntryPoint","urlTemplate":"https:\/\/techmasterdemexico.com\/?s={search_term_string}"},"query-input":{"@type":"PropertyValueSpecification","valueRequired":true,"valueName":"search_term_string"}}],"inLanguage":"en-US"}]}},"brands":[{"id":104,"name":"Amprobe","slug":"amprobe"}],"_links":{"self":[{"href":"https:\/\/techmasterdemexico.com\/en\/wp-json\/wp\/v2\/product\/9138","targetHints":{"allow":["GET"]}}],"collection":[{"href":"https:\/\/techmasterdemexico.com\/en\/wp-json\/wp\/v2\/product"}],"about":[{"href":"https:\/\/techmasterdemexico.com\/en\/wp-json\/wp\/v2\/types\/product"}],"wp:featuredmedia":[{"embeddable":true,"href":"https:\/\/techmasterdemexico.com\/en\/wp-json\/wp\/v2\/media\/9559"}],"wp:attachment":[{"href":"https:\/\/techmasterdemexico.com\/en\/wp-json\/wp\/v2\/media?parent=9138"}],"wp:term":[{"taxonomy":"pwb-brand","embeddable":true,"href":"https:\/\/techmasterdemexico.com\/en\/wp-json\/wp\/v2\/pwb-brand?post=9138"},{"taxonomy":"product_brand","embeddable":true,"href":"https:\/\/techmasterdemexico.com\/en\/wp-json\/wp\/v2\/product_brand?post=9138"},{"taxonomy":"product_cat","embeddable":true,"href":"https:\/\/techmasterdemexico.com\/en\/wp-json\/wp\/v2\/product_cat?post=9138"},{"taxonomy":"product_tag","embeddable":true,"href":"https:\/\/techmasterdemexico.com\/en\/wp-json\/wp\/v2\/product_tag?post=9138"}],"curies":[{"name":"wp","href":"https:\/\/api.w.org\/{rel}","templated":true}]}}