{"id":9137,"date":"2021-09-14T22:38:07","date_gmt":"2021-09-14T22:38:07","guid":{"rendered":"https:\/\/techmastermx.ddns.net\/producto\/detector-de-fugas-de-gas-amprobe-gsd600\/"},"modified":"2021-12-28T22:31:13","modified_gmt":"2021-12-28T22:31:13","slug":"detector-de-fugas-de-gas-amprobe-gsd600","status":"publish","type":"product","link":"https:\/\/techmasterdemexico.com\/en\/producto\/detector-de-fugas-de-gas-amprobe-gsd600\/","title":{"rendered":"Detector de fugas de gas Amprobe GSD600"},"content":{"rendered":"<p>El detector de fugas de gas Amprobe GSD600 es un detector de fugas de gas de respuesta r\u00e1pida para gas metano y propano. El medidor emite un tono de frecuencia cuando se detecta gas. La frecuencia del pitido coincide con la concentraci\u00f3n del gas. Los LED muestran el nivel de gas presente en un \u00e1rea o habitaci\u00f3n. Detecte fugas de gas para sistemas de tuber\u00edas cerrados. Utilice la funci\u00f3n de silencio en \u00e1reas de trabajo silenciosas y utilice las pantallas LED. O un conector para auriculares est\u00e1ndar para escuchar el medidor en entornos ruidosos.<\/p>\n","protected":false},"excerpt":{"rendered":"<p>Detector de fugas de gas Amprobe GSD600<\/p>\n<ul>\n<li>Detecta gas metano y propano<\/li>\n<li>Identifica y localiza r\u00e1pidamente fugas de gas<\/li>\n<li>Caracter\u00edstica de calibraci\u00f3n autom\u00e1tica<\/li>\n<li>Alarma LED de 5 niveles:&gt; 40,&gt; 80,&gt; 160,&gt; 320 y&gt; 640 ppm<\/li>\n<li>Toma de auriculares incorporada con funci\u00f3n de silencio (auriculares no incluidos)<\/li>\n<li>Sonda flexible para acceder a \u00e1reas de medici\u00f3n dif\u00edciles<\/li>\n<li>Apagado autom\u00e1tico<\/li>\n<\/ul>\n","protected":false},"featured_media":9554,"template":"","meta":{"_acf_changed":false},"pwb-brand":[104],"product_brand":[],"product_cat":[366,101,177,102],"product_tag":[],"class_list":{"0":"post-9137","1":"product","2":"type-product","3":"status-publish","4":"has-post-thumbnail","6":"pwb-brand-amprobe","7":"product_cat-todos-los-productos","8":"product_cat-amprobe","9":"product_cat-detectores-de-fugas","10":"product_cat-herramientas-hvac","12":"first","13":"instock","14":"taxable","15":"shipping-taxable","16":"product-type-simple"},"acf":[],"yoast_head":"<!-- This site is optimized with the Yoast SEO plugin v27.5 - https:\/\/yoast.com\/product\/yoast-seo-wordpress\/ -->\n<title>Detector de fugas de gas Amprobe GSD600 - Techmaster de Mexico<\/title>\n<meta name=\"robots\" content=\"index, follow, max-snippet:-1, max-image-preview:large, max-video-preview:-1\" \/>\n<link rel=\"canonical\" href=\"https:\/\/techmasterdemexico.com\/producto\/detector-de-fugas-de-gas-amprobe-gsd600\/\" \/>\n<meta property=\"og:locale\" content=\"en_US\" \/>\n<meta property=\"og:type\" content=\"article\" \/>\n<meta property=\"og:title\" content=\"Detector de fugas de gas Amprobe GSD600 - Techmaster de Mexico\" \/>\n<meta property=\"og:description\" content=\"[:es]  Detector de fugas de gas Amprobe GSD600       Detecta gas metano y propano    Identifica y localiza r\u00e1pidamente fugas de gas    Caracter\u00edstica de calibraci\u00f3n autom\u00e1tica    Alarma LED de 5 niveles:&gt; 40,&gt; 80,&gt; 160,&gt; 320 y&gt; 640 ppm    Toma de auriculares incorporada con funci\u00f3n de silencio (auriculares no incluidos)    Sonda flexible para acceder a \u00e1reas de medici\u00f3n dif\u00edciles    Apagado autom\u00e1tico    [:en]  Detector de fugas de gas Amprobe GSD600       Detecta gas metano y propano    Identifica y localiza r\u00e1pidamente fugas de gas    Caracter\u00edstica de calibraci\u00f3n autom\u00e1tica    Alarma LED de 5 niveles:&gt; 40,&gt; 80,&gt; 160,&gt; 320 y&gt; 640 ppm    Toma de auriculares incorporada con funci\u00f3n de silencio (auriculares no incluidos)    Sonda flexible para acceder a \u00e1reas de medici\u00f3n dif\u00edciles    Apagado autom\u00e1tico       [:]\" \/>\n<meta property=\"og:url\" content=\"https:\/\/techmasterdemexico.com\/producto\/detector-de-fugas-de-gas-amprobe-gsd600\/\" \/>\n<meta property=\"og:site_name\" content=\"Techmaster de Mexico\" \/>\n<meta property=\"article:modified_time\" content=\"2021-12-28T22:31:13+00:00\" \/>\n<meta property=\"og:image\" content=\"https:\/\/techmasterdemexico.com\/wp-content\/uploads\/2021\/09\/PD_GSD600_b-416x282-1.jpg\" \/>\n\t<meta property=\"og:image:width\" content=\"282\" \/>\n\t<meta property=\"og:image:height\" content=\"282\" \/>\n\t<meta property=\"og:image:type\" content=\"image\/jpeg\" \/>\n<meta name=\"twitter:card\" content=\"summary_large_image\" \/>\n<meta name=\"twitter:label1\" content=\"Est. reading time\" \/>\n\t<meta name=\"twitter:data1\" content=\"1 minute\" \/>\n<script type=\"application\/ld+json\" class=\"yoast-schema-graph\">{\"@context\":\"https:\\\/\\\/schema.org\",\"@graph\":[{\"@type\":\"WebPage\",\"@id\":\"https:\\\/\\\/techmasterdemexico.com\\\/producto\\\/detector-de-fugas-de-gas-amprobe-gsd600\\\/\",\"url\":\"https:\\\/\\\/techmasterdemexico.com\\\/producto\\\/detector-de-fugas-de-gas-amprobe-gsd600\\\/\",\"name\":\"Detector de fugas de gas Amprobe GSD600 - Techmaster de Mexico\",\"isPartOf\":{\"@id\":\"https:\\\/\\\/techmasterdemexico.com\\\/#website\"},\"primaryImageOfPage\":{\"@id\":\"https:\\\/\\\/techmasterdemexico.com\\\/producto\\\/detector-de-fugas-de-gas-amprobe-gsd600\\\/#primaryimage\"},\"image\":{\"@id\":\"https:\\\/\\\/techmasterdemexico.com\\\/producto\\\/detector-de-fugas-de-gas-amprobe-gsd600\\\/#primaryimage\"},\"thumbnailUrl\":\"https:\\\/\\\/techmasterdemexico.com\\\/wp-content\\\/uploads\\\/2021\\\/09\\\/PD_GSD600_b-416x282-1.jpg\",\"datePublished\":\"2021-09-14T22:38:07+00:00\",\"dateModified\":\"2021-12-28T22:31:13+00:00\",\"breadcrumb\":{\"@id\":\"https:\\\/\\\/techmasterdemexico.com\\\/producto\\\/detector-de-fugas-de-gas-amprobe-gsd600\\\/#breadcrumb\"},\"inLanguage\":\"en-US\",\"potentialAction\":[{\"@type\":\"ReadAction\",\"target\":[\"https:\\\/\\\/techmasterdemexico.com\\\/producto\\\/detector-de-fugas-de-gas-amprobe-gsd600\\\/\"]}]},{\"@type\":\"ImageObject\",\"inLanguage\":\"en-US\",\"@id\":\"https:\\\/\\\/techmasterdemexico.com\\\/producto\\\/detector-de-fugas-de-gas-amprobe-gsd600\\\/#primaryimage\",\"url\":\"https:\\\/\\\/techmasterdemexico.com\\\/wp-content\\\/uploads\\\/2021\\\/09\\\/PD_GSD600_b-416x282-1.jpg\",\"contentUrl\":\"https:\\\/\\\/techmasterdemexico.com\\\/wp-content\\\/uploads\\\/2021\\\/09\\\/PD_GSD600_b-416x282-1.jpg\",\"width\":282,\"height\":282},{\"@type\":\"BreadcrumbList\",\"@id\":\"https:\\\/\\\/techmasterdemexico.com\\\/producto\\\/detector-de-fugas-de-gas-amprobe-gsd600\\\/#breadcrumb\",\"itemListElement\":[{\"@type\":\"ListItem\",\"position\":1,\"name\":\"Portada\",\"item\":\"https:\\\/\\\/techmasterdemexico.com\\\/\"},{\"@type\":\"ListItem\",\"position\":2,\"name\":\"Detector de fugas de gas Amprobe GSD600\"}]},{\"@type\":\"WebSite\",\"@id\":\"https:\\\/\\\/techmasterdemexico.com\\\/#website\",\"url\":\"https:\\\/\\\/techmasterdemexico.com\\\/\",\"name\":\"Techmaster de Mexico\",\"description\":\"\",\"potentialAction\":[{\"@type\":\"SearchAction\",\"target\":{\"@type\":\"EntryPoint\",\"urlTemplate\":\"https:\\\/\\\/techmasterdemexico.com\\\/?s={search_term_string}\"},\"query-input\":{\"@type\":\"PropertyValueSpecification\",\"valueRequired\":true,\"valueName\":\"search_term_string\"}}],\"inLanguage\":\"en-US\"}]}<\/script>\n<!-- \/ Yoast SEO plugin. -->","yoast_head_json":{"title":"Detector de fugas de gas Amprobe GSD600 - Techmaster de Mexico","robots":{"index":"index","follow":"follow","max-snippet":"max-snippet:-1","max-image-preview":"max-image-preview:large","max-video-preview":"max-video-preview:-1"},"canonical":"https:\/\/techmasterdemexico.com\/producto\/detector-de-fugas-de-gas-amprobe-gsd600\/","og_locale":"en_US","og_type":"article","og_title":"Detector de fugas de gas Amprobe GSD600 - Techmaster de Mexico","og_description":"[:es]  Detector de fugas de gas Amprobe GSD600       Detecta gas metano y propano    Identifica y localiza r\u00e1pidamente fugas de gas    Caracter\u00edstica de calibraci\u00f3n autom\u00e1tica    Alarma LED de 5 niveles:&gt; 40,&gt; 80,&gt; 160,&gt; 320 y&gt; 640 ppm    Toma de auriculares incorporada con funci\u00f3n de silencio (auriculares no incluidos)    Sonda flexible para acceder a \u00e1reas de medici\u00f3n dif\u00edciles    Apagado autom\u00e1tico    [:en]  Detector de fugas de gas Amprobe GSD600       Detecta gas metano y propano    Identifica y localiza r\u00e1pidamente fugas de gas    Caracter\u00edstica de calibraci\u00f3n autom\u00e1tica    Alarma LED de 5 niveles:&gt; 40,&gt; 80,&gt; 160,&gt; 320 y&gt; 640 ppm    Toma de auriculares incorporada con funci\u00f3n de silencio (auriculares no incluidos)    Sonda flexible para acceder a \u00e1reas de medici\u00f3n dif\u00edciles    Apagado autom\u00e1tico       [:]","og_url":"https:\/\/techmasterdemexico.com\/producto\/detector-de-fugas-de-gas-amprobe-gsd600\/","og_site_name":"Techmaster de Mexico","article_modified_time":"2021-12-28T22:31:13+00:00","og_image":[{"width":282,"height":282,"url":"https:\/\/techmasterdemexico.com\/wp-content\/uploads\/2021\/09\/PD_GSD600_b-416x282-1.jpg","type":"image\/jpeg"}],"twitter_card":"summary_large_image","twitter_misc":{"Est. reading time":"1 minute"},"schema":{"@context":"https:\/\/schema.org","@graph":[{"@type":"WebPage","@id":"https:\/\/techmasterdemexico.com\/producto\/detector-de-fugas-de-gas-amprobe-gsd600\/","url":"https:\/\/techmasterdemexico.com\/producto\/detector-de-fugas-de-gas-amprobe-gsd600\/","name":"Detector de fugas de gas Amprobe GSD600 - Techmaster de Mexico","isPartOf":{"@id":"https:\/\/techmasterdemexico.com\/#website"},"primaryImageOfPage":{"@id":"https:\/\/techmasterdemexico.com\/producto\/detector-de-fugas-de-gas-amprobe-gsd600\/#primaryimage"},"image":{"@id":"https:\/\/techmasterdemexico.com\/producto\/detector-de-fugas-de-gas-amprobe-gsd600\/#primaryimage"},"thumbnailUrl":"https:\/\/techmasterdemexico.com\/wp-content\/uploads\/2021\/09\/PD_GSD600_b-416x282-1.jpg","datePublished":"2021-09-14T22:38:07+00:00","dateModified":"2021-12-28T22:31:13+00:00","breadcrumb":{"@id":"https:\/\/techmasterdemexico.com\/producto\/detector-de-fugas-de-gas-amprobe-gsd600\/#breadcrumb"},"inLanguage":"en-US","potentialAction":[{"@type":"ReadAction","target":["https:\/\/techmasterdemexico.com\/producto\/detector-de-fugas-de-gas-amprobe-gsd600\/"]}]},{"@type":"ImageObject","inLanguage":"en-US","@id":"https:\/\/techmasterdemexico.com\/producto\/detector-de-fugas-de-gas-amprobe-gsd600\/#primaryimage","url":"https:\/\/techmasterdemexico.com\/wp-content\/uploads\/2021\/09\/PD_GSD600_b-416x282-1.jpg","contentUrl":"https:\/\/techmasterdemexico.com\/wp-content\/uploads\/2021\/09\/PD_GSD600_b-416x282-1.jpg","width":282,"height":282},{"@type":"BreadcrumbList","@id":"https:\/\/techmasterdemexico.com\/producto\/detector-de-fugas-de-gas-amprobe-gsd600\/#breadcrumb","itemListElement":[{"@type":"ListItem","position":1,"name":"Portada","item":"https:\/\/techmasterdemexico.com\/"},{"@type":"ListItem","position":2,"name":"Detector de fugas de gas Amprobe GSD600"}]},{"@type":"WebSite","@id":"https:\/\/techmasterdemexico.com\/#website","url":"https:\/\/techmasterdemexico.com\/","name":"Techmaster de Mexico","description":"","potentialAction":[{"@type":"SearchAction","target":{"@type":"EntryPoint","urlTemplate":"https:\/\/techmasterdemexico.com\/?s={search_term_string}"},"query-input":{"@type":"PropertyValueSpecification","valueRequired":true,"valueName":"search_term_string"}}],"inLanguage":"en-US"}]}},"brands":[{"id":104,"name":"Amprobe","slug":"amprobe"}],"_links":{"self":[{"href":"https:\/\/techmasterdemexico.com\/en\/wp-json\/wp\/v2\/product\/9137","targetHints":{"allow":["GET"]}}],"collection":[{"href":"https:\/\/techmasterdemexico.com\/en\/wp-json\/wp\/v2\/product"}],"about":[{"href":"https:\/\/techmasterdemexico.com\/en\/wp-json\/wp\/v2\/types\/product"}],"wp:featuredmedia":[{"embeddable":true,"href":"https:\/\/techmasterdemexico.com\/en\/wp-json\/wp\/v2\/media\/9554"}],"wp:attachment":[{"href":"https:\/\/techmasterdemexico.com\/en\/wp-json\/wp\/v2\/media?parent=9137"}],"wp:term":[{"taxonomy":"pwb-brand","embeddable":true,"href":"https:\/\/techmasterdemexico.com\/en\/wp-json\/wp\/v2\/pwb-brand?post=9137"},{"taxonomy":"product_brand","embeddable":true,"href":"https:\/\/techmasterdemexico.com\/en\/wp-json\/wp\/v2\/product_brand?post=9137"},{"taxonomy":"product_cat","embeddable":true,"href":"https:\/\/techmasterdemexico.com\/en\/wp-json\/wp\/v2\/product_cat?post=9137"},{"taxonomy":"product_tag","embeddable":true,"href":"https:\/\/techmasterdemexico.com\/en\/wp-json\/wp\/v2\/product_tag?post=9137"}],"curies":[{"name":"wp","href":"https:\/\/api.w.org\/{rel}","templated":true}]}}