{"id":9136,"date":"2021-09-14T22:38:06","date_gmt":"2021-09-14T22:38:06","guid":{"rendered":"https:\/\/techmastermx.ddns.net\/producto\/detector-de-fugas-de-refrigerante-rld-1\/"},"modified":"2021-12-28T22:31:14","modified_gmt":"2021-12-28T22:31:14","slug":"detector-de-fugas-de-refrigerante-rld-1","status":"publish","type":"product","link":"https:\/\/techmasterdemexico.com\/en\/producto\/detector-de-fugas-de-refrigerante-rld-1\/","title":{"rendered":"Detector de fugas de refrigerante RLD-1"},"content":{"rendered":"<p>Solucione problemas de sistemas de aire acondicionado de forma r\u00e1pida y precisa con el detector de fugas de refrigerante Amprobe RLD-1. La tecnolog\u00eda de vanguardia asegura lecturas precisas e inequ\u00edvocas y hace que la detecci\u00f3n de fugas en una amplia variedad de refrigerantes sea f\u00e1cil y r\u00e1pida.<\/p>\n","protected":false},"excerpt":{"rendered":"<p>Detector de fugas de refrigerante Amprobe RLD-1<\/p>\n<ul>\n<li>Identifica con precisi\u00f3n el lugar de las fugas de refrigerante en los sistemas de aire acondicionado<\/li>\n<li>El sensor detecta refrigerantes halogenados como R-134a, R-404A, R-407C, R-410A, R-22, Freon, etc.<\/li>\n<li>La bomba de succi\u00f3n proporciona una respuesta instant\u00e1nea y una limpieza r\u00e1pida del sensor, lo que acelera el proceso de detecci\u00f3n de fugas.<\/li>\n<li>Precisi\u00f3n de vanguardia con sensor de gas semiconductor controlado por microprocesador y procesamiento de se\u00f1al digital avanzado<\/li>\n<li>Indicaci\u00f3n clara de fugas con audio y pantalla LED visual tricolor<\/li>\n<li>Selector de sensibilidad de fuga alta-media-baja<\/li>\n<li>Indicaci\u00f3n de bater\u00eda baja<\/li>\n<li>Estuche de transporte incluido<\/li>\n<li>Sonda flexible de acero inoxidable de 15,5 \u2033<\/li>\n<li>Fuente de fuga de referencia incluida<\/li>\n<li>Restablecimiento de la concentraci\u00f3n ambiental<\/li>\n<li>Ventilador DC sin escobillas de larga duraci\u00f3n<\/li>\n<li>Compensaci\u00f3n autom\u00e1tica de fondo y cero<\/li>\n<\/ul>\n","protected":false},"featured_media":9563,"template":"","meta":{"_acf_changed":false},"pwb-brand":[104],"product_brand":[],"product_cat":[366,101,177,102],"product_tag":[],"class_list":{"0":"post-9136","1":"product","2":"type-product","3":"status-publish","4":"has-post-thumbnail","6":"pwb-brand-amprobe","7":"product_cat-todos-los-productos","8":"product_cat-amprobe","9":"product_cat-detectores-de-fugas","10":"product_cat-herramientas-hvac","12":"first","13":"instock","14":"taxable","15":"shipping-taxable","16":"product-type-simple"},"acf":[],"yoast_head":"<!-- This site is optimized with the Yoast SEO plugin v27.4 - https:\/\/yoast.com\/product\/yoast-seo-wordpress\/ -->\n<title>Detector de fugas de refrigerante RLD-1 - Techmaster de Mexico<\/title>\n<meta name=\"robots\" content=\"index, follow, max-snippet:-1, max-image-preview:large, max-video-preview:-1\" \/>\n<link rel=\"canonical\" href=\"https:\/\/techmasterdemexico.com\/producto\/detector-de-fugas-de-refrigerante-rld-1\/\" \/>\n<meta property=\"og:locale\" content=\"en_US\" \/>\n<meta property=\"og:type\" content=\"article\" \/>\n<meta property=\"og:title\" content=\"Detector de fugas de refrigerante RLD-1 - Techmaster de Mexico\" \/>\n<meta property=\"og:description\" content=\"[:es]  Detector de fugas de refrigerante Amprobe RLD-1       Identifica con precisi\u00f3n el lugar de las fugas de refrigerante en los sistemas de aire acondicionado    El sensor detecta refrigerantes halogenados como R-134a, R-404A, R-407C, R-410A, R-22, Freon, etc.    La bomba de succi\u00f3n proporciona una respuesta instant\u00e1nea y una limpieza r\u00e1pida del sensor, lo que acelera el proceso de detecci\u00f3n de fugas.    Precisi\u00f3n de vanguardia con sensor de gas semiconductor controlado por microprocesador y procesamiento de se\u00f1al digital avanzado    Indicaci\u00f3n clara de fugas con audio y pantalla LED visual tricolor    Selector de sensibilidad de fuga alta-media-baja    Indicaci\u00f3n de bater\u00eda baja    Estuche de transporte incluido    Sonda flexible de acero inoxidable de 15,5 \u2033    Fuente de fuga de referencia incluida    Restablecimiento de la concentraci\u00f3n ambiental    Ventilador DC sin escobillas de larga duraci\u00f3n    Compensaci\u00f3n autom\u00e1tica de fondo y cero       [:en]  Detector de fugas de refrigerante Amprobe RLD-1       Identifica con precisi\u00f3n el lugar de las fugas de refrigerante en los sistemas de aire acondicionado    El sensor detecta refrigerantes halogenados como R-134a, R-404A, R-407C, R-410A, R-22, Freon, etc.    La bomba de succi\u00f3n proporciona una respuesta instant\u00e1nea y una limpieza r\u00e1pida del sensor, lo que acelera el proceso de detecci\u00f3n de fugas.    Precisi\u00f3n de vanguardia con sensor de gas semiconductor controlado por microprocesador y procesamiento de se\u00f1al digital avanzado    Indicaci\u00f3n clara de fugas con audio y pantalla LED visual tricolor    Selector de sensibilidad de fuga alta-media-baja    Indicaci\u00f3n de bater\u00eda baja    Estuche de transporte incluido    Sonda flexible de acero inoxidable de 15,5 \u2033    Fuente de fuga de referencia incluida    Restablecimiento de la concentraci\u00f3n ambiental    Ventilador DC sin escobillas de larga duraci\u00f3n    Compensaci\u00f3n autom\u00e1tica de fondo y cero     [:]\" \/>\n<meta property=\"og:url\" content=\"https:\/\/techmasterdemexico.com\/producto\/detector-de-fugas-de-refrigerante-rld-1\/\" \/>\n<meta property=\"og:site_name\" content=\"Techmaster de Mexico\" \/>\n<meta property=\"article:modified_time\" content=\"2021-12-28T22:31:14+00:00\" \/>\n<meta property=\"og:image\" content=\"https:\/\/techmasterdemexico.com\/wp-content\/uploads\/2021\/09\/Ap-rld-1_01a_h.jpg\" \/>\n\t<meta property=\"og:image:width\" content=\"1000\" \/>\n\t<meta property=\"og:image:height\" content=\"1000\" \/>\n\t<meta property=\"og:image:type\" content=\"image\/jpeg\" \/>\n<meta name=\"twitter:card\" content=\"summary_large_image\" \/>\n<script type=\"application\/ld+json\" class=\"yoast-schema-graph\">{\"@context\":\"https:\\\/\\\/schema.org\",\"@graph\":[{\"@type\":\"WebPage\",\"@id\":\"https:\\\/\\\/techmasterdemexico.com\\\/producto\\\/detector-de-fugas-de-refrigerante-rld-1\\\/\",\"url\":\"https:\\\/\\\/techmasterdemexico.com\\\/producto\\\/detector-de-fugas-de-refrigerante-rld-1\\\/\",\"name\":\"Detector de fugas de refrigerante RLD-1 - Techmaster de Mexico\",\"isPartOf\":{\"@id\":\"https:\\\/\\\/techmasterdemexico.com\\\/#website\"},\"primaryImageOfPage\":{\"@id\":\"https:\\\/\\\/techmasterdemexico.com\\\/producto\\\/detector-de-fugas-de-refrigerante-rld-1\\\/#primaryimage\"},\"image\":{\"@id\":\"https:\\\/\\\/techmasterdemexico.com\\\/producto\\\/detector-de-fugas-de-refrigerante-rld-1\\\/#primaryimage\"},\"thumbnailUrl\":\"https:\\\/\\\/techmasterdemexico.com\\\/wp-content\\\/uploads\\\/2021\\\/09\\\/Ap-rld-1_01a_h.jpg\",\"datePublished\":\"2021-09-14T22:38:06+00:00\",\"dateModified\":\"2021-12-28T22:31:14+00:00\",\"breadcrumb\":{\"@id\":\"https:\\\/\\\/techmasterdemexico.com\\\/producto\\\/detector-de-fugas-de-refrigerante-rld-1\\\/#breadcrumb\"},\"inLanguage\":\"en-US\",\"potentialAction\":[{\"@type\":\"ReadAction\",\"target\":[\"https:\\\/\\\/techmasterdemexico.com\\\/producto\\\/detector-de-fugas-de-refrigerante-rld-1\\\/\"]}]},{\"@type\":\"ImageObject\",\"inLanguage\":\"en-US\",\"@id\":\"https:\\\/\\\/techmasterdemexico.com\\\/producto\\\/detector-de-fugas-de-refrigerante-rld-1\\\/#primaryimage\",\"url\":\"https:\\\/\\\/techmasterdemexico.com\\\/wp-content\\\/uploads\\\/2021\\\/09\\\/Ap-rld-1_01a_h.jpg\",\"contentUrl\":\"https:\\\/\\\/techmasterdemexico.com\\\/wp-content\\\/uploads\\\/2021\\\/09\\\/Ap-rld-1_01a_h.jpg\",\"width\":1000,\"height\":1000},{\"@type\":\"BreadcrumbList\",\"@id\":\"https:\\\/\\\/techmasterdemexico.com\\\/producto\\\/detector-de-fugas-de-refrigerante-rld-1\\\/#breadcrumb\",\"itemListElement\":[{\"@type\":\"ListItem\",\"position\":1,\"name\":\"Portada\",\"item\":\"https:\\\/\\\/techmasterdemexico.com\\\/\"},{\"@type\":\"ListItem\",\"position\":2,\"name\":\"Detector de fugas de refrigerante RLD-1\"}]},{\"@type\":\"WebSite\",\"@id\":\"https:\\\/\\\/techmasterdemexico.com\\\/#website\",\"url\":\"https:\\\/\\\/techmasterdemexico.com\\\/\",\"name\":\"Techmaster de Mexico\",\"description\":\"\",\"potentialAction\":[{\"@type\":\"SearchAction\",\"target\":{\"@type\":\"EntryPoint\",\"urlTemplate\":\"https:\\\/\\\/techmasterdemexico.com\\\/?s={search_term_string}\"},\"query-input\":{\"@type\":\"PropertyValueSpecification\",\"valueRequired\":true,\"valueName\":\"search_term_string\"}}],\"inLanguage\":\"en-US\"}]}<\/script>\n<!-- \/ Yoast SEO plugin. -->","yoast_head_json":{"title":"Detector de fugas de refrigerante RLD-1 - Techmaster de Mexico","robots":{"index":"index","follow":"follow","max-snippet":"max-snippet:-1","max-image-preview":"max-image-preview:large","max-video-preview":"max-video-preview:-1"},"canonical":"https:\/\/techmasterdemexico.com\/producto\/detector-de-fugas-de-refrigerante-rld-1\/","og_locale":"en_US","og_type":"article","og_title":"Detector de fugas de refrigerante RLD-1 - Techmaster de Mexico","og_description":"[:es]  Detector de fugas de refrigerante Amprobe RLD-1       Identifica con precisi\u00f3n el lugar de las fugas de refrigerante en los sistemas de aire acondicionado    El sensor detecta refrigerantes halogenados como R-134a, R-404A, R-407C, R-410A, R-22, Freon, etc.    La bomba de succi\u00f3n proporciona una respuesta instant\u00e1nea y una limpieza r\u00e1pida del sensor, lo que acelera el proceso de detecci\u00f3n de fugas.    Precisi\u00f3n de vanguardia con sensor de gas semiconductor controlado por microprocesador y procesamiento de se\u00f1al digital avanzado    Indicaci\u00f3n clara de fugas con audio y pantalla LED visual tricolor    Selector de sensibilidad de fuga alta-media-baja    Indicaci\u00f3n de bater\u00eda baja    Estuche de transporte incluido    Sonda flexible de acero inoxidable de 15,5 \u2033    Fuente de fuga de referencia incluida    Restablecimiento de la concentraci\u00f3n ambiental    Ventilador DC sin escobillas de larga duraci\u00f3n    Compensaci\u00f3n autom\u00e1tica de fondo y cero       [:en]  Detector de fugas de refrigerante Amprobe RLD-1       Identifica con precisi\u00f3n el lugar de las fugas de refrigerante en los sistemas de aire acondicionado    El sensor detecta refrigerantes halogenados como R-134a, R-404A, R-407C, R-410A, R-22, Freon, etc.    La bomba de succi\u00f3n proporciona una respuesta instant\u00e1nea y una limpieza r\u00e1pida del sensor, lo que acelera el proceso de detecci\u00f3n de fugas.    Precisi\u00f3n de vanguardia con sensor de gas semiconductor controlado por microprocesador y procesamiento de se\u00f1al digital avanzado    Indicaci\u00f3n clara de fugas con audio y pantalla LED visual tricolor    Selector de sensibilidad de fuga alta-media-baja    Indicaci\u00f3n de bater\u00eda baja    Estuche de transporte incluido    Sonda flexible de acero inoxidable de 15,5 \u2033    Fuente de fuga de referencia incluida    Restablecimiento de la concentraci\u00f3n ambiental    Ventilador DC sin escobillas de larga duraci\u00f3n    Compensaci\u00f3n autom\u00e1tica de fondo y cero     [:]","og_url":"https:\/\/techmasterdemexico.com\/producto\/detector-de-fugas-de-refrigerante-rld-1\/","og_site_name":"Techmaster de Mexico","article_modified_time":"2021-12-28T22:31:14+00:00","og_image":[{"width":1000,"height":1000,"url":"https:\/\/techmasterdemexico.com\/wp-content\/uploads\/2021\/09\/Ap-rld-1_01a_h.jpg","type":"image\/jpeg"}],"twitter_card":"summary_large_image","schema":{"@context":"https:\/\/schema.org","@graph":[{"@type":"WebPage","@id":"https:\/\/techmasterdemexico.com\/producto\/detector-de-fugas-de-refrigerante-rld-1\/","url":"https:\/\/techmasterdemexico.com\/producto\/detector-de-fugas-de-refrigerante-rld-1\/","name":"Detector de fugas de refrigerante RLD-1 - Techmaster de Mexico","isPartOf":{"@id":"https:\/\/techmasterdemexico.com\/#website"},"primaryImageOfPage":{"@id":"https:\/\/techmasterdemexico.com\/producto\/detector-de-fugas-de-refrigerante-rld-1\/#primaryimage"},"image":{"@id":"https:\/\/techmasterdemexico.com\/producto\/detector-de-fugas-de-refrigerante-rld-1\/#primaryimage"},"thumbnailUrl":"https:\/\/techmasterdemexico.com\/wp-content\/uploads\/2021\/09\/Ap-rld-1_01a_h.jpg","datePublished":"2021-09-14T22:38:06+00:00","dateModified":"2021-12-28T22:31:14+00:00","breadcrumb":{"@id":"https:\/\/techmasterdemexico.com\/producto\/detector-de-fugas-de-refrigerante-rld-1\/#breadcrumb"},"inLanguage":"en-US","potentialAction":[{"@type":"ReadAction","target":["https:\/\/techmasterdemexico.com\/producto\/detector-de-fugas-de-refrigerante-rld-1\/"]}]},{"@type":"ImageObject","inLanguage":"en-US","@id":"https:\/\/techmasterdemexico.com\/producto\/detector-de-fugas-de-refrigerante-rld-1\/#primaryimage","url":"https:\/\/techmasterdemexico.com\/wp-content\/uploads\/2021\/09\/Ap-rld-1_01a_h.jpg","contentUrl":"https:\/\/techmasterdemexico.com\/wp-content\/uploads\/2021\/09\/Ap-rld-1_01a_h.jpg","width":1000,"height":1000},{"@type":"BreadcrumbList","@id":"https:\/\/techmasterdemexico.com\/producto\/detector-de-fugas-de-refrigerante-rld-1\/#breadcrumb","itemListElement":[{"@type":"ListItem","position":1,"name":"Portada","item":"https:\/\/techmasterdemexico.com\/"},{"@type":"ListItem","position":2,"name":"Detector de fugas de refrigerante RLD-1"}]},{"@type":"WebSite","@id":"https:\/\/techmasterdemexico.com\/#website","url":"https:\/\/techmasterdemexico.com\/","name":"Techmaster de Mexico","description":"","potentialAction":[{"@type":"SearchAction","target":{"@type":"EntryPoint","urlTemplate":"https:\/\/techmasterdemexico.com\/?s={search_term_string}"},"query-input":{"@type":"PropertyValueSpecification","valueRequired":true,"valueName":"search_term_string"}}],"inLanguage":"en-US"}]}},"brands":[{"id":104,"name":"Amprobe","slug":"amprobe"}],"_links":{"self":[{"href":"https:\/\/techmasterdemexico.com\/en\/wp-json\/wp\/v2\/product\/9136","targetHints":{"allow":["GET"]}}],"collection":[{"href":"https:\/\/techmasterdemexico.com\/en\/wp-json\/wp\/v2\/product"}],"about":[{"href":"https:\/\/techmasterdemexico.com\/en\/wp-json\/wp\/v2\/types\/product"}],"wp:featuredmedia":[{"embeddable":true,"href":"https:\/\/techmasterdemexico.com\/en\/wp-json\/wp\/v2\/media\/9563"}],"wp:attachment":[{"href":"https:\/\/techmasterdemexico.com\/en\/wp-json\/wp\/v2\/media?parent=9136"}],"wp:term":[{"taxonomy":"pwb-brand","embeddable":true,"href":"https:\/\/techmasterdemexico.com\/en\/wp-json\/wp\/v2\/pwb-brand?post=9136"},{"taxonomy":"product_brand","embeddable":true,"href":"https:\/\/techmasterdemexico.com\/en\/wp-json\/wp\/v2\/product_brand?post=9136"},{"taxonomy":"product_cat","embeddable":true,"href":"https:\/\/techmasterdemexico.com\/en\/wp-json\/wp\/v2\/product_cat?post=9136"},{"taxonomy":"product_tag","embeddable":true,"href":"https:\/\/techmasterdemexico.com\/en\/wp-json\/wp\/v2\/product_tag?post=9136"}],"curies":[{"name":"wp","href":"https:\/\/api.w.org\/{rel}","templated":true}]}}