{"id":9134,"date":"2021-09-14T22:38:05","date_gmt":"2021-09-14T22:38:05","guid":{"rendered":"https:\/\/techmastermx.ddns.net\/producto\/detector-de-fugas-ultrasonico-uld-420\/"},"modified":"2021-12-28T22:31:15","modified_gmt":"2021-12-28T22:31:15","slug":"detector-de-fugas-ultrasonico-uld-420","status":"publish","type":"product","link":"https:\/\/techmasterdemexico.com\/en\/producto\/detector-de-fugas-ultrasonico-uld-420\/","title":{"rendered":"Detector de fugas ultras\u00f3nico ULD-420"},"content":{"rendered":"<p>Cuando el equipo comienza a fallar debido a una fuga de aire o gas o una vibraci\u00f3n, o una descarga el\u00e9ctrica, el punto de fuga emite una onda de sonido ultras\u00f3nico que est\u00e1 por encima del rango natural del o\u00eddo humano. El detector de fugas ultras\u00f3nico ULD-420 convierte este sonido ultras\u00f3nico en una se\u00f1al que se puede utilizar para se\u00f1alar la ubicaci\u00f3n exacta de la falla del equipo. Cuando trabaje en sistemas sin presi\u00f3n o la presi\u00f3n no sea suficiente para detectar o verificar una fuga con el receptor solo, use el transmisor.<\/p>\n","protected":false},"excerpt":{"rendered":"<p>Detector de fugas ultras\u00f3nico Amprobe ULD-420<\/p>\n<ul>\n<li>El transmisor genera una se\u00f1al ultras\u00f3nica cuando se trabaja en sistemas sin presi\u00f3n<\/li>\n<li>Tres filtros de receptor para eliminar las principales frecuencias de ruido en entornos ruidosos<\/li>\n<li>Sensibilidad del receptor ajustable para una localizaci\u00f3n precisa de fugas<\/li>\n<li>Rango de frecuencia de 20 kHz a 90 kHz: rango \u00f3ptimo para detectar una variedad de eventos de fugas<\/li>\n<li>Pantalla LCD de 2,5 &#8220;con gr\u00e1fico de barras<\/li>\n<li>Auriculares de calidad para ayudar a identificar la fuente de la fuga.<\/li>\n<li>El accesorio de par\u00e1bola dirige el ultrasonido hacia el sensor<\/li>\n<li>La extensi\u00f3n tubular desmontable proporciona un alcance adicional en \u00e1reas de dif\u00edcil acceso<\/li>\n<\/ul>\n<p>&nbsp;<\/p>\n","protected":false},"featured_media":9567,"template":"","meta":{"_acf_changed":false},"pwb-brand":[104],"product_brand":[],"product_cat":[366,101,177,102],"product_tag":[],"class_list":{"0":"post-9134","1":"product","2":"type-product","3":"status-publish","4":"has-post-thumbnail","6":"pwb-brand-amprobe","7":"product_cat-todos-los-productos","8":"product_cat-amprobe","9":"product_cat-detectores-de-fugas","10":"product_cat-herramientas-hvac","12":"first","13":"instock","14":"taxable","15":"shipping-taxable","16":"product-type-simple"},"acf":[],"yoast_head":"<!-- This site is optimized with the Yoast SEO plugin v27.4 - https:\/\/yoast.com\/product\/yoast-seo-wordpress\/ -->\n<title>Detector de fugas ultras\u00f3nico ULD-420 - Techmaster de Mexico<\/title>\n<meta name=\"robots\" content=\"index, follow, max-snippet:-1, max-image-preview:large, max-video-preview:-1\" \/>\n<link rel=\"canonical\" href=\"https:\/\/techmasterdemexico.com\/producto\/detector-de-fugas-ultrasonico-uld-420\/\" \/>\n<meta property=\"og:locale\" content=\"en_US\" \/>\n<meta property=\"og:type\" content=\"article\" \/>\n<meta property=\"og:title\" content=\"Detector de fugas ultras\u00f3nico ULD-420 - Techmaster de Mexico\" \/>\n<meta property=\"og:description\" content=\"Detector de fugas ultras\u00f3nico Amprobe ULD-420    El transmisor genera una se\u00f1al ultras\u00f3nica cuando se trabaja en sistemas sin presi\u00f3n   Tres filtros de receptor para eliminar las principales frecuencias de ruido en entornos ruidosos   Sensibilidad del receptor ajustable para una localizaci\u00f3n precisa de fugas   Rango de frecuencia de 20 kHz a 90 kHz: rango \u00f3ptimo para detectar una variedad de eventos de fugas   Pantalla LCD de 2,5 &quot;con gr\u00e1fico de barras   Auriculares de calidad para ayudar a identificar la fuente de la fuga.   El accesorio de par\u00e1bola dirige el ultrasonido hacia el sensor   La extensi\u00f3n tubular desmontable proporciona un alcance adicional en \u00e1reas de dif\u00edcil acceso   &nbsp;\" \/>\n<meta property=\"og:url\" content=\"https:\/\/techmasterdemexico.com\/producto\/detector-de-fugas-ultrasonico-uld-420\/\" \/>\n<meta property=\"og:site_name\" content=\"Techmaster de Mexico\" \/>\n<meta property=\"article:modified_time\" content=\"2021-12-28T22:31:15+00:00\" \/>\n<meta property=\"og:image\" content=\"https:\/\/techmasterdemexico.com\/wp-content\/uploads\/2021\/09\/PD_ULD-420-1.jpg\" \/>\n\t<meta property=\"og:image:width\" content=\"363\" \/>\n\t<meta property=\"og:image:height\" content=\"363\" \/>\n\t<meta property=\"og:image:type\" content=\"image\/jpeg\" \/>\n<meta name=\"twitter:card\" content=\"summary_large_image\" \/>\n<meta name=\"twitter:label1\" content=\"Est. reading time\" \/>\n\t<meta name=\"twitter:data1\" content=\"1 minute\" \/>\n<script type=\"application\/ld+json\" class=\"yoast-schema-graph\">{\"@context\":\"https:\\\/\\\/schema.org\",\"@graph\":[{\"@type\":\"WebPage\",\"@id\":\"https:\\\/\\\/techmasterdemexico.com\\\/producto\\\/detector-de-fugas-ultrasonico-uld-420\\\/\",\"url\":\"https:\\\/\\\/techmasterdemexico.com\\\/producto\\\/detector-de-fugas-ultrasonico-uld-420\\\/\",\"name\":\"Detector de fugas ultras\u00f3nico ULD-420 - Techmaster de Mexico\",\"isPartOf\":{\"@id\":\"https:\\\/\\\/techmasterdemexico.com\\\/#website\"},\"primaryImageOfPage\":{\"@id\":\"https:\\\/\\\/techmasterdemexico.com\\\/producto\\\/detector-de-fugas-ultrasonico-uld-420\\\/#primaryimage\"},\"image\":{\"@id\":\"https:\\\/\\\/techmasterdemexico.com\\\/producto\\\/detector-de-fugas-ultrasonico-uld-420\\\/#primaryimage\"},\"thumbnailUrl\":\"https:\\\/\\\/techmasterdemexico.com\\\/wp-content\\\/uploads\\\/2021\\\/09\\\/PD_ULD-420-1.jpg\",\"datePublished\":\"2021-09-14T22:38:05+00:00\",\"dateModified\":\"2021-12-28T22:31:15+00:00\",\"breadcrumb\":{\"@id\":\"https:\\\/\\\/techmasterdemexico.com\\\/producto\\\/detector-de-fugas-ultrasonico-uld-420\\\/#breadcrumb\"},\"inLanguage\":\"en-US\",\"potentialAction\":[{\"@type\":\"ReadAction\",\"target\":[\"https:\\\/\\\/techmasterdemexico.com\\\/producto\\\/detector-de-fugas-ultrasonico-uld-420\\\/\"]}]},{\"@type\":\"ImageObject\",\"inLanguage\":\"en-US\",\"@id\":\"https:\\\/\\\/techmasterdemexico.com\\\/producto\\\/detector-de-fugas-ultrasonico-uld-420\\\/#primaryimage\",\"url\":\"https:\\\/\\\/techmasterdemexico.com\\\/wp-content\\\/uploads\\\/2021\\\/09\\\/PD_ULD-420-1.jpg\",\"contentUrl\":\"https:\\\/\\\/techmasterdemexico.com\\\/wp-content\\\/uploads\\\/2021\\\/09\\\/PD_ULD-420-1.jpg\",\"width\":363,\"height\":363},{\"@type\":\"BreadcrumbList\",\"@id\":\"https:\\\/\\\/techmasterdemexico.com\\\/producto\\\/detector-de-fugas-ultrasonico-uld-420\\\/#breadcrumb\",\"itemListElement\":[{\"@type\":\"ListItem\",\"position\":1,\"name\":\"Portada\",\"item\":\"https:\\\/\\\/techmasterdemexico.com\\\/\"},{\"@type\":\"ListItem\",\"position\":2,\"name\":\"Detector de fugas ultras\u00f3nico ULD-420\"}]},{\"@type\":\"WebSite\",\"@id\":\"https:\\\/\\\/techmasterdemexico.com\\\/#website\",\"url\":\"https:\\\/\\\/techmasterdemexico.com\\\/\",\"name\":\"Techmaster de Mexico\",\"description\":\"\",\"potentialAction\":[{\"@type\":\"SearchAction\",\"target\":{\"@type\":\"EntryPoint\",\"urlTemplate\":\"https:\\\/\\\/techmasterdemexico.com\\\/?s={search_term_string}\"},\"query-input\":{\"@type\":\"PropertyValueSpecification\",\"valueRequired\":true,\"valueName\":\"search_term_string\"}}],\"inLanguage\":\"en-US\"}]}<\/script>\n<!-- \/ Yoast SEO plugin. -->","yoast_head_json":{"title":"Detector de fugas ultras\u00f3nico ULD-420 - Techmaster de Mexico","robots":{"index":"index","follow":"follow","max-snippet":"max-snippet:-1","max-image-preview":"max-image-preview:large","max-video-preview":"max-video-preview:-1"},"canonical":"https:\/\/techmasterdemexico.com\/producto\/detector-de-fugas-ultrasonico-uld-420\/","og_locale":"en_US","og_type":"article","og_title":"Detector de fugas ultras\u00f3nico ULD-420 - Techmaster de Mexico","og_description":"Detector de fugas ultras\u00f3nico Amprobe ULD-420    El transmisor genera una se\u00f1al ultras\u00f3nica cuando se trabaja en sistemas sin presi\u00f3n   Tres filtros de receptor para eliminar las principales frecuencias de ruido en entornos ruidosos   Sensibilidad del receptor ajustable para una localizaci\u00f3n precisa de fugas   Rango de frecuencia de 20 kHz a 90 kHz: rango \u00f3ptimo para detectar una variedad de eventos de fugas   Pantalla LCD de 2,5 \"con gr\u00e1fico de barras   Auriculares de calidad para ayudar a identificar la fuente de la fuga.   El accesorio de par\u00e1bola dirige el ultrasonido hacia el sensor   La extensi\u00f3n tubular desmontable proporciona un alcance adicional en \u00e1reas de dif\u00edcil acceso   &nbsp;","og_url":"https:\/\/techmasterdemexico.com\/producto\/detector-de-fugas-ultrasonico-uld-420\/","og_site_name":"Techmaster de Mexico","article_modified_time":"2021-12-28T22:31:15+00:00","og_image":[{"width":363,"height":363,"url":"https:\/\/techmasterdemexico.com\/wp-content\/uploads\/2021\/09\/PD_ULD-420-1.jpg","type":"image\/jpeg"}],"twitter_card":"summary_large_image","twitter_misc":{"Est. reading time":"1 minute"},"schema":{"@context":"https:\/\/schema.org","@graph":[{"@type":"WebPage","@id":"https:\/\/techmasterdemexico.com\/producto\/detector-de-fugas-ultrasonico-uld-420\/","url":"https:\/\/techmasterdemexico.com\/producto\/detector-de-fugas-ultrasonico-uld-420\/","name":"Detector de fugas ultras\u00f3nico ULD-420 - Techmaster de Mexico","isPartOf":{"@id":"https:\/\/techmasterdemexico.com\/#website"},"primaryImageOfPage":{"@id":"https:\/\/techmasterdemexico.com\/producto\/detector-de-fugas-ultrasonico-uld-420\/#primaryimage"},"image":{"@id":"https:\/\/techmasterdemexico.com\/producto\/detector-de-fugas-ultrasonico-uld-420\/#primaryimage"},"thumbnailUrl":"https:\/\/techmasterdemexico.com\/wp-content\/uploads\/2021\/09\/PD_ULD-420-1.jpg","datePublished":"2021-09-14T22:38:05+00:00","dateModified":"2021-12-28T22:31:15+00:00","breadcrumb":{"@id":"https:\/\/techmasterdemexico.com\/producto\/detector-de-fugas-ultrasonico-uld-420\/#breadcrumb"},"inLanguage":"en-US","potentialAction":[{"@type":"ReadAction","target":["https:\/\/techmasterdemexico.com\/producto\/detector-de-fugas-ultrasonico-uld-420\/"]}]},{"@type":"ImageObject","inLanguage":"en-US","@id":"https:\/\/techmasterdemexico.com\/producto\/detector-de-fugas-ultrasonico-uld-420\/#primaryimage","url":"https:\/\/techmasterdemexico.com\/wp-content\/uploads\/2021\/09\/PD_ULD-420-1.jpg","contentUrl":"https:\/\/techmasterdemexico.com\/wp-content\/uploads\/2021\/09\/PD_ULD-420-1.jpg","width":363,"height":363},{"@type":"BreadcrumbList","@id":"https:\/\/techmasterdemexico.com\/producto\/detector-de-fugas-ultrasonico-uld-420\/#breadcrumb","itemListElement":[{"@type":"ListItem","position":1,"name":"Portada","item":"https:\/\/techmasterdemexico.com\/"},{"@type":"ListItem","position":2,"name":"Detector de fugas ultras\u00f3nico ULD-420"}]},{"@type":"WebSite","@id":"https:\/\/techmasterdemexico.com\/#website","url":"https:\/\/techmasterdemexico.com\/","name":"Techmaster de Mexico","description":"","potentialAction":[{"@type":"SearchAction","target":{"@type":"EntryPoint","urlTemplate":"https:\/\/techmasterdemexico.com\/?s={search_term_string}"},"query-input":{"@type":"PropertyValueSpecification","valueRequired":true,"valueName":"search_term_string"}}],"inLanguage":"en-US"}]}},"brands":[{"id":104,"name":"Amprobe","slug":"amprobe"}],"_links":{"self":[{"href":"https:\/\/techmasterdemexico.com\/en\/wp-json\/wp\/v2\/product\/9134","targetHints":{"allow":["GET"]}}],"collection":[{"href":"https:\/\/techmasterdemexico.com\/en\/wp-json\/wp\/v2\/product"}],"about":[{"href":"https:\/\/techmasterdemexico.com\/en\/wp-json\/wp\/v2\/types\/product"}],"wp:featuredmedia":[{"embeddable":true,"href":"https:\/\/techmasterdemexico.com\/en\/wp-json\/wp\/v2\/media\/9567"}],"wp:attachment":[{"href":"https:\/\/techmasterdemexico.com\/en\/wp-json\/wp\/v2\/media?parent=9134"}],"wp:term":[{"taxonomy":"pwb-brand","embeddable":true,"href":"https:\/\/techmasterdemexico.com\/en\/wp-json\/wp\/v2\/pwb-brand?post=9134"},{"taxonomy":"product_brand","embeddable":true,"href":"https:\/\/techmasterdemexico.com\/en\/wp-json\/wp\/v2\/product_brand?post=9134"},{"taxonomy":"product_cat","embeddable":true,"href":"https:\/\/techmasterdemexico.com\/en\/wp-json\/wp\/v2\/product_cat?post=9134"},{"taxonomy":"product_tag","embeddable":true,"href":"https:\/\/techmasterdemexico.com\/en\/wp-json\/wp\/v2\/product_tag?post=9134"}],"curies":[{"name":"wp","href":"https:\/\/api.w.org\/{rel}","templated":true}]}}