{"id":9133,"date":"2021-09-14T22:38:04","date_gmt":"2021-09-14T22:38:04","guid":{"rendered":"https:\/\/techmastermx.ddns.net\/producto\/transmisor-ultrasonico-detector-de-fugas-uld-400-t\/"},"modified":"2021-12-28T22:31:16","modified_gmt":"2021-12-28T22:31:16","slug":"transmisor-ultrasonico-detector-de-fugas-uld-400-t","status":"publish","type":"product","link":"https:\/\/techmasterdemexico.com\/en\/producto\/transmisor-ultrasonico-detector-de-fugas-uld-400-t\/","title":{"rendered":"Transmisor ultras\u00f3nico detector de fugas ULD-400-T"},"content":{"rendered":"<p>El transmisor detector de fugas ultras\u00f3nico ULD-400-T puede generar se\u00f1ales ultras\u00f3nicas para lugares donde la fuga de gas \/ aire no tiene suficiente presi\u00f3n para crear un sonido ultras\u00f3nico. El transmisor permitir\u00e1 la detecci\u00f3n ultras\u00f3nica por parte del receptor en grietas y aberturas. El ULD-400-T est\u00e1 incluido en el kit ULD-420.<\/p>\n","protected":false},"excerpt":{"rendered":"<p>Transmisor ultras\u00f3nico detector de fugas Amprobe ULD-400-T<\/p>\n<ul>\n<li>Genera una se\u00f1al ultras\u00f3nica cuando se trabaja en sistemas sin presi\u00f3n<\/li>\n<li>La se\u00f1al es legible por el receptor ULD-400-R<\/li>\n<li>Encuentre fugas de aire y agua en parabrisas y ventanas de autom\u00f3viles, tanques de l\u00edquido y gas, ventanas de edificios, puertas, techos y m\u00e1s<\/li>\n<li>El kit ULD-420 incluye el transmisor ULD-400-T<\/li>\n<\/ul>\n","protected":false},"featured_media":9579,"template":"","meta":{"_acf_changed":false},"pwb-brand":[104],"product_brand":[],"product_cat":[366,101,177,102],"product_tag":[],"class_list":{"0":"post-9133","1":"product","2":"type-product","3":"status-publish","4":"has-post-thumbnail","6":"pwb-brand-amprobe","7":"product_cat-todos-los-productos","8":"product_cat-amprobe","9":"product_cat-detectores-de-fugas","10":"product_cat-herramientas-hvac","12":"first","13":"instock","14":"taxable","15":"shipping-taxable","16":"product-type-simple"},"acf":[],"yoast_head":"<!-- This site is optimized with the Yoast SEO plugin v27.4 - https:\/\/yoast.com\/product\/yoast-seo-wordpress\/ -->\n<title>Transmisor ultras\u00f3nico detector de fugas ULD-400-T - Techmaster de Mexico<\/title>\n<meta name=\"robots\" content=\"index, follow, max-snippet:-1, max-image-preview:large, max-video-preview:-1\" \/>\n<link rel=\"canonical\" href=\"https:\/\/techmasterdemexico.com\/producto\/transmisor-ultrasonico-detector-de-fugas-uld-400-t\/\" \/>\n<meta property=\"og:locale\" content=\"en_US\" \/>\n<meta property=\"og:type\" content=\"article\" \/>\n<meta property=\"og:title\" content=\"Transmisor ultras\u00f3nico detector de fugas ULD-400-T - Techmaster de Mexico\" \/>\n<meta property=\"og:description\" content=\"[:es]  Transmisor ultras\u00f3nico detector de fugas Amprobe ULD-400-T       Genera una se\u00f1al ultras\u00f3nica cuando se trabaja en sistemas sin presi\u00f3n    La se\u00f1al es legible por el receptor ULD-400-R    Encuentre fugas de aire y agua en parabrisas y ventanas de autom\u00f3viles, tanques de l\u00edquido y gas, ventanas de edificios, puertas, techos y m\u00e1s    El kit ULD-420 incluye el transmisor ULD-400-T     [:en]Transmisor ultras\u00f3nico detector de fugas Amprobe ULD-400-T   Genera una se\u00f1al ultras\u00f3nica cuando se trabaja en sistemas sin presi\u00f3n  La se\u00f1al es legible por el receptor ULD-400-R  Encuentre fugas de aire y agua en parabrisas y ventanas de autom\u00f3viles, tanques de l\u00edquido y gas, ventanas de edificios, puertas, techos y m\u00e1s  El kit ULD-420 incluye el transmisor ULD-400-T [:]\" \/>\n<meta property=\"og:url\" content=\"https:\/\/techmasterdemexico.com\/producto\/transmisor-ultrasonico-detector-de-fugas-uld-400-t\/\" \/>\n<meta property=\"og:site_name\" content=\"Techmaster de Mexico\" \/>\n<meta property=\"article:modified_time\" content=\"2021-12-28T22:31:16+00:00\" \/>\n<meta property=\"og:image\" content=\"https:\/\/techmasterdemexico.com\/wp-content\/uploads\/2021\/09\/PD_ULD-400-T.jpg\" \/>\n\t<meta property=\"og:image:width\" content=\"363\" \/>\n\t<meta property=\"og:image:height\" content=\"363\" \/>\n\t<meta property=\"og:image:type\" content=\"image\/jpeg\" \/>\n<meta name=\"twitter:card\" content=\"summary_large_image\" \/>\n<script type=\"application\/ld+json\" class=\"yoast-schema-graph\">{\"@context\":\"https:\\\/\\\/schema.org\",\"@graph\":[{\"@type\":\"WebPage\",\"@id\":\"https:\\\/\\\/techmasterdemexico.com\\\/producto\\\/transmisor-ultrasonico-detector-de-fugas-uld-400-t\\\/\",\"url\":\"https:\\\/\\\/techmasterdemexico.com\\\/producto\\\/transmisor-ultrasonico-detector-de-fugas-uld-400-t\\\/\",\"name\":\"Transmisor ultras\u00f3nico detector de fugas ULD-400-T - Techmaster de Mexico\",\"isPartOf\":{\"@id\":\"https:\\\/\\\/techmasterdemexico.com\\\/#website\"},\"primaryImageOfPage\":{\"@id\":\"https:\\\/\\\/techmasterdemexico.com\\\/producto\\\/transmisor-ultrasonico-detector-de-fugas-uld-400-t\\\/#primaryimage\"},\"image\":{\"@id\":\"https:\\\/\\\/techmasterdemexico.com\\\/producto\\\/transmisor-ultrasonico-detector-de-fugas-uld-400-t\\\/#primaryimage\"},\"thumbnailUrl\":\"https:\\\/\\\/techmasterdemexico.com\\\/wp-content\\\/uploads\\\/2021\\\/09\\\/PD_ULD-400-T.jpg\",\"datePublished\":\"2021-09-14T22:38:04+00:00\",\"dateModified\":\"2021-12-28T22:31:16+00:00\",\"breadcrumb\":{\"@id\":\"https:\\\/\\\/techmasterdemexico.com\\\/producto\\\/transmisor-ultrasonico-detector-de-fugas-uld-400-t\\\/#breadcrumb\"},\"inLanguage\":\"en-US\",\"potentialAction\":[{\"@type\":\"ReadAction\",\"target\":[\"https:\\\/\\\/techmasterdemexico.com\\\/producto\\\/transmisor-ultrasonico-detector-de-fugas-uld-400-t\\\/\"]}]},{\"@type\":\"ImageObject\",\"inLanguage\":\"en-US\",\"@id\":\"https:\\\/\\\/techmasterdemexico.com\\\/producto\\\/transmisor-ultrasonico-detector-de-fugas-uld-400-t\\\/#primaryimage\",\"url\":\"https:\\\/\\\/techmasterdemexico.com\\\/wp-content\\\/uploads\\\/2021\\\/09\\\/PD_ULD-400-T.jpg\",\"contentUrl\":\"https:\\\/\\\/techmasterdemexico.com\\\/wp-content\\\/uploads\\\/2021\\\/09\\\/PD_ULD-400-T.jpg\",\"width\":363,\"height\":363},{\"@type\":\"BreadcrumbList\",\"@id\":\"https:\\\/\\\/techmasterdemexico.com\\\/producto\\\/transmisor-ultrasonico-detector-de-fugas-uld-400-t\\\/#breadcrumb\",\"itemListElement\":[{\"@type\":\"ListItem\",\"position\":1,\"name\":\"Portada\",\"item\":\"https:\\\/\\\/techmasterdemexico.com\\\/\"},{\"@type\":\"ListItem\",\"position\":2,\"name\":\"Transmisor ultras\u00f3nico detector de fugas ULD-400-T\"}]},{\"@type\":\"WebSite\",\"@id\":\"https:\\\/\\\/techmasterdemexico.com\\\/#website\",\"url\":\"https:\\\/\\\/techmasterdemexico.com\\\/\",\"name\":\"Techmaster de Mexico\",\"description\":\"\",\"potentialAction\":[{\"@type\":\"SearchAction\",\"target\":{\"@type\":\"EntryPoint\",\"urlTemplate\":\"https:\\\/\\\/techmasterdemexico.com\\\/?s={search_term_string}\"},\"query-input\":{\"@type\":\"PropertyValueSpecification\",\"valueRequired\":true,\"valueName\":\"search_term_string\"}}],\"inLanguage\":\"en-US\"}]}<\/script>\n<!-- \/ Yoast SEO plugin. -->","yoast_head_json":{"title":"Transmisor ultras\u00f3nico detector de fugas ULD-400-T - Techmaster de Mexico","robots":{"index":"index","follow":"follow","max-snippet":"max-snippet:-1","max-image-preview":"max-image-preview:large","max-video-preview":"max-video-preview:-1"},"canonical":"https:\/\/techmasterdemexico.com\/producto\/transmisor-ultrasonico-detector-de-fugas-uld-400-t\/","og_locale":"en_US","og_type":"article","og_title":"Transmisor ultras\u00f3nico detector de fugas ULD-400-T - Techmaster de Mexico","og_description":"[:es]  Transmisor ultras\u00f3nico detector de fugas Amprobe ULD-400-T       Genera una se\u00f1al ultras\u00f3nica cuando se trabaja en sistemas sin presi\u00f3n    La se\u00f1al es legible por el receptor ULD-400-R    Encuentre fugas de aire y agua en parabrisas y ventanas de autom\u00f3viles, tanques de l\u00edquido y gas, ventanas de edificios, puertas, techos y m\u00e1s    El kit ULD-420 incluye el transmisor ULD-400-T     [:en]Transmisor ultras\u00f3nico detector de fugas Amprobe ULD-400-T   Genera una se\u00f1al ultras\u00f3nica cuando se trabaja en sistemas sin presi\u00f3n  La se\u00f1al es legible por el receptor ULD-400-R  Encuentre fugas de aire y agua en parabrisas y ventanas de autom\u00f3viles, tanques de l\u00edquido y gas, ventanas de edificios, puertas, techos y m\u00e1s  El kit ULD-420 incluye el transmisor ULD-400-T [:]","og_url":"https:\/\/techmasterdemexico.com\/producto\/transmisor-ultrasonico-detector-de-fugas-uld-400-t\/","og_site_name":"Techmaster de Mexico","article_modified_time":"2021-12-28T22:31:16+00:00","og_image":[{"width":363,"height":363,"url":"https:\/\/techmasterdemexico.com\/wp-content\/uploads\/2021\/09\/PD_ULD-400-T.jpg","type":"image\/jpeg"}],"twitter_card":"summary_large_image","schema":{"@context":"https:\/\/schema.org","@graph":[{"@type":"WebPage","@id":"https:\/\/techmasterdemexico.com\/producto\/transmisor-ultrasonico-detector-de-fugas-uld-400-t\/","url":"https:\/\/techmasterdemexico.com\/producto\/transmisor-ultrasonico-detector-de-fugas-uld-400-t\/","name":"Transmisor ultras\u00f3nico detector de fugas ULD-400-T - Techmaster de Mexico","isPartOf":{"@id":"https:\/\/techmasterdemexico.com\/#website"},"primaryImageOfPage":{"@id":"https:\/\/techmasterdemexico.com\/producto\/transmisor-ultrasonico-detector-de-fugas-uld-400-t\/#primaryimage"},"image":{"@id":"https:\/\/techmasterdemexico.com\/producto\/transmisor-ultrasonico-detector-de-fugas-uld-400-t\/#primaryimage"},"thumbnailUrl":"https:\/\/techmasterdemexico.com\/wp-content\/uploads\/2021\/09\/PD_ULD-400-T.jpg","datePublished":"2021-09-14T22:38:04+00:00","dateModified":"2021-12-28T22:31:16+00:00","breadcrumb":{"@id":"https:\/\/techmasterdemexico.com\/producto\/transmisor-ultrasonico-detector-de-fugas-uld-400-t\/#breadcrumb"},"inLanguage":"en-US","potentialAction":[{"@type":"ReadAction","target":["https:\/\/techmasterdemexico.com\/producto\/transmisor-ultrasonico-detector-de-fugas-uld-400-t\/"]}]},{"@type":"ImageObject","inLanguage":"en-US","@id":"https:\/\/techmasterdemexico.com\/producto\/transmisor-ultrasonico-detector-de-fugas-uld-400-t\/#primaryimage","url":"https:\/\/techmasterdemexico.com\/wp-content\/uploads\/2021\/09\/PD_ULD-400-T.jpg","contentUrl":"https:\/\/techmasterdemexico.com\/wp-content\/uploads\/2021\/09\/PD_ULD-400-T.jpg","width":363,"height":363},{"@type":"BreadcrumbList","@id":"https:\/\/techmasterdemexico.com\/producto\/transmisor-ultrasonico-detector-de-fugas-uld-400-t\/#breadcrumb","itemListElement":[{"@type":"ListItem","position":1,"name":"Portada","item":"https:\/\/techmasterdemexico.com\/"},{"@type":"ListItem","position":2,"name":"Transmisor ultras\u00f3nico detector de fugas ULD-400-T"}]},{"@type":"WebSite","@id":"https:\/\/techmasterdemexico.com\/#website","url":"https:\/\/techmasterdemexico.com\/","name":"Techmaster de Mexico","description":"","potentialAction":[{"@type":"SearchAction","target":{"@type":"EntryPoint","urlTemplate":"https:\/\/techmasterdemexico.com\/?s={search_term_string}"},"query-input":{"@type":"PropertyValueSpecification","valueRequired":true,"valueName":"search_term_string"}}],"inLanguage":"en-US"}]}},"brands":[{"id":104,"name":"Amprobe","slug":"amprobe"}],"_links":{"self":[{"href":"https:\/\/techmasterdemexico.com\/en\/wp-json\/wp\/v2\/product\/9133","targetHints":{"allow":["GET"]}}],"collection":[{"href":"https:\/\/techmasterdemexico.com\/en\/wp-json\/wp\/v2\/product"}],"about":[{"href":"https:\/\/techmasterdemexico.com\/en\/wp-json\/wp\/v2\/types\/product"}],"wp:featuredmedia":[{"embeddable":true,"href":"https:\/\/techmasterdemexico.com\/en\/wp-json\/wp\/v2\/media\/9579"}],"wp:attachment":[{"href":"https:\/\/techmasterdemexico.com\/en\/wp-json\/wp\/v2\/media?parent=9133"}],"wp:term":[{"taxonomy":"pwb-brand","embeddable":true,"href":"https:\/\/techmasterdemexico.com\/en\/wp-json\/wp\/v2\/pwb-brand?post=9133"},{"taxonomy":"product_brand","embeddable":true,"href":"https:\/\/techmasterdemexico.com\/en\/wp-json\/wp\/v2\/product_brand?post=9133"},{"taxonomy":"product_cat","embeddable":true,"href":"https:\/\/techmasterdemexico.com\/en\/wp-json\/wp\/v2\/product_cat?post=9133"},{"taxonomy":"product_tag","embeddable":true,"href":"https:\/\/techmasterdemexico.com\/en\/wp-json\/wp\/v2\/product_tag?post=9133"}],"curies":[{"name":"wp","href":"https:\/\/api.w.org\/{rel}","templated":true}]}}