{"id":9129,"date":"2021-09-14T22:38:01","date_gmt":"2021-09-14T22:38:01","guid":{"rendered":"https:\/\/techmastermx.ddns.net\/producto\/termometro-infrarrojo-amprobe-ir-730\/"},"modified":"2021-12-28T22:31:18","modified_gmt":"2021-12-28T22:31:18","slug":"termometro-infrarrojo-amprobe-ir-730","status":"publish","type":"product","link":"https:\/\/techmasterdemexico.com\/en\/producto\/termometro-infrarrojo-amprobe-ir-730\/","title":{"rendered":"Term\u00f3metro infrarrojo Amprobe IR-730"},"content":{"rendered":"<p>El Amprobe IR-730, un term\u00f3metro infrarrojo de 30: 1 con una relaci\u00f3n entre el punto y la distancia, ofrece la mejor precisi\u00f3n y tiempo de respuesta de su clase con un rango de medici\u00f3n de temperatura de -26 \u02daF a 2282 \u02daF (-32 \u00b0 C a 1250 \u00b0 C). El IR-730 est\u00e1 dise\u00f1ado espec\u00edficamente para aplicaciones de HVAC \/ R, electricidad, mantenimiento industrial, automotriz, as\u00ed como control de calidad y prevenci\u00f3n de incendios.<\/p>\n","protected":false},"excerpt":{"rendered":"<p>Term\u00f3metro infrarrojo Amprobe IR-730<\/p>\n<ul>\n<li>Revise las unidades de aire acondicionado, ventilaci\u00f3n, cojinetes, motores y transformadores en busca de sobrecalentamiento, conexiones el\u00e9ctricas y fusibles defectuosos.<\/li>\n<li>Relaci\u00f3n de distancia al punto 30: 1<\/li>\n<li>Rango de temperatura de -26 \u00b0 F a 2282 \u00b0 F<\/li>\n<li>Precisi\u00f3n precisa y tiempo de respuesta r\u00e1pido<\/li>\n<li>Puntero l\u00e1ser, pantalla LCD doble retroiluminada<\/li>\n<li>Retenci\u00f3n de visualizaci\u00f3n autom\u00e1tica y memoria MAX \/ MIN<\/li>\n<li>Emisividad ajustable para medir una variedad de materiales<\/li>\n<\/ul>\n","protected":false},"featured_media":9604,"template":"","meta":{"_acf_changed":false},"pwb-brand":[104],"product_brand":[],"product_cat":[366,101,102,176],"product_tag":[],"class_list":{"0":"post-9129","1":"product","2":"type-product","3":"status-publish","4":"has-post-thumbnail","6":"pwb-brand-amprobe","7":"product_cat-todos-los-productos","8":"product_cat-amprobe","9":"product_cat-herramientas-hvac","10":"product_cat-termometros-infrarrojos-herramientas-hvac","12":"first","13":"instock","14":"taxable","15":"shipping-taxable","16":"product-type-simple"},"acf":[],"yoast_head":"<!-- This site is optimized with the Yoast SEO plugin v27.4 - https:\/\/yoast.com\/product\/yoast-seo-wordpress\/ -->\n<title>Term\u00f3metro infrarrojo Amprobe IR-730 - Techmaster de Mexico<\/title>\n<meta name=\"robots\" content=\"index, follow, max-snippet:-1, max-image-preview:large, max-video-preview:-1\" \/>\n<link rel=\"canonical\" href=\"https:\/\/techmasterdemexico.com\/producto\/termometro-infrarrojo-amprobe-ir-730\/\" \/>\n<meta property=\"og:locale\" content=\"en_US\" \/>\n<meta property=\"og:type\" content=\"article\" \/>\n<meta property=\"og:title\" content=\"Term\u00f3metro infrarrojo Amprobe IR-730 - Techmaster de Mexico\" \/>\n<meta property=\"og:description\" content=\"[:es] Term\u00f3metro infrarrojo Amprobe IR-730     Revise las unidades de aire acondicionado, ventilaci\u00f3n, cojinetes, motores y transformadores en busca de sobrecalentamiento, conexiones el\u00e9ctricas y fusibles defectuosos.   Relaci\u00f3n de distancia al punto 30: 1   Rango de temperatura de -26 \u00b0 F a 2282 \u00b0 F   Precisi\u00f3n precisa y tiempo de respuesta r\u00e1pido   Puntero l\u00e1ser, pantalla LCD doble retroiluminada   Retenci\u00f3n de visualizaci\u00f3n autom\u00e1tica y memoria MAX \/ MIN   Emisividad ajustable para medir una variedad de materiales     [:en] Term\u00f3metro infrarrojo Amprobe IR-730     Revise las unidades de aire acondicionado, ventilaci\u00f3n, cojinetes, motores y transformadores en busca de sobrecalentamiento, conexiones el\u00e9ctricas y fusibles defectuosos.   Relaci\u00f3n de distancia al punto 30: 1   Rango de temperatura de -26 \u00b0 F a 2282 \u00b0 F   Precisi\u00f3n precisa y tiempo de respuesta r\u00e1pido   Puntero l\u00e1ser, pantalla LCD doble retroiluminada   Retenci\u00f3n de visualizaci\u00f3n autom\u00e1tica y memoria MAX \/ MIN   Emisividad ajustable para medir una variedad de materiales   [:]\" \/>\n<meta property=\"og:url\" content=\"https:\/\/techmasterdemexico.com\/producto\/termometro-infrarrojo-amprobe-ir-730\/\" \/>\n<meta property=\"og:site_name\" content=\"Techmaster de Mexico\" \/>\n<meta property=\"article:modified_time\" content=\"2021-12-28T22:31:18+00:00\" \/>\n<meta property=\"og:image\" content=\"https:\/\/techmasterdemexico.com\/wp-content\/uploads\/2021\/09\/PD_IR-730-1.jpg\" \/>\n\t<meta property=\"og:image:width\" content=\"363\" \/>\n\t<meta property=\"og:image:height\" content=\"363\" \/>\n\t<meta property=\"og:image:type\" content=\"image\/jpeg\" \/>\n<meta name=\"twitter:card\" content=\"summary_large_image\" \/>\n<script type=\"application\/ld+json\" class=\"yoast-schema-graph\">{\"@context\":\"https:\\\/\\\/schema.org\",\"@graph\":[{\"@type\":\"WebPage\",\"@id\":\"https:\\\/\\\/techmasterdemexico.com\\\/producto\\\/termometro-infrarrojo-amprobe-ir-730\\\/\",\"url\":\"https:\\\/\\\/techmasterdemexico.com\\\/producto\\\/termometro-infrarrojo-amprobe-ir-730\\\/\",\"name\":\"Term\u00f3metro infrarrojo Amprobe IR-730 - Techmaster de Mexico\",\"isPartOf\":{\"@id\":\"https:\\\/\\\/techmasterdemexico.com\\\/#website\"},\"primaryImageOfPage\":{\"@id\":\"https:\\\/\\\/techmasterdemexico.com\\\/producto\\\/termometro-infrarrojo-amprobe-ir-730\\\/#primaryimage\"},\"image\":{\"@id\":\"https:\\\/\\\/techmasterdemexico.com\\\/producto\\\/termometro-infrarrojo-amprobe-ir-730\\\/#primaryimage\"},\"thumbnailUrl\":\"https:\\\/\\\/techmasterdemexico.com\\\/wp-content\\\/uploads\\\/2021\\\/09\\\/PD_IR-730-1.jpg\",\"datePublished\":\"2021-09-14T22:38:01+00:00\",\"dateModified\":\"2021-12-28T22:31:18+00:00\",\"breadcrumb\":{\"@id\":\"https:\\\/\\\/techmasterdemexico.com\\\/producto\\\/termometro-infrarrojo-amprobe-ir-730\\\/#breadcrumb\"},\"inLanguage\":\"en-US\",\"potentialAction\":[{\"@type\":\"ReadAction\",\"target\":[\"https:\\\/\\\/techmasterdemexico.com\\\/producto\\\/termometro-infrarrojo-amprobe-ir-730\\\/\"]}]},{\"@type\":\"ImageObject\",\"inLanguage\":\"en-US\",\"@id\":\"https:\\\/\\\/techmasterdemexico.com\\\/producto\\\/termometro-infrarrojo-amprobe-ir-730\\\/#primaryimage\",\"url\":\"https:\\\/\\\/techmasterdemexico.com\\\/wp-content\\\/uploads\\\/2021\\\/09\\\/PD_IR-730-1.jpg\",\"contentUrl\":\"https:\\\/\\\/techmasterdemexico.com\\\/wp-content\\\/uploads\\\/2021\\\/09\\\/PD_IR-730-1.jpg\",\"width\":363,\"height\":363},{\"@type\":\"BreadcrumbList\",\"@id\":\"https:\\\/\\\/techmasterdemexico.com\\\/producto\\\/termometro-infrarrojo-amprobe-ir-730\\\/#breadcrumb\",\"itemListElement\":[{\"@type\":\"ListItem\",\"position\":1,\"name\":\"Portada\",\"item\":\"https:\\\/\\\/techmasterdemexico.com\\\/\"},{\"@type\":\"ListItem\",\"position\":2,\"name\":\"Term\u00f3metro infrarrojo Amprobe IR-730\"}]},{\"@type\":\"WebSite\",\"@id\":\"https:\\\/\\\/techmasterdemexico.com\\\/#website\",\"url\":\"https:\\\/\\\/techmasterdemexico.com\\\/\",\"name\":\"Techmaster de Mexico\",\"description\":\"\",\"potentialAction\":[{\"@type\":\"SearchAction\",\"target\":{\"@type\":\"EntryPoint\",\"urlTemplate\":\"https:\\\/\\\/techmasterdemexico.com\\\/?s={search_term_string}\"},\"query-input\":{\"@type\":\"PropertyValueSpecification\",\"valueRequired\":true,\"valueName\":\"search_term_string\"}}],\"inLanguage\":\"en-US\"}]}<\/script>\n<!-- \/ Yoast SEO plugin. -->","yoast_head_json":{"title":"Term\u00f3metro infrarrojo Amprobe IR-730 - Techmaster de Mexico","robots":{"index":"index","follow":"follow","max-snippet":"max-snippet:-1","max-image-preview":"max-image-preview:large","max-video-preview":"max-video-preview:-1"},"canonical":"https:\/\/techmasterdemexico.com\/producto\/termometro-infrarrojo-amprobe-ir-730\/","og_locale":"en_US","og_type":"article","og_title":"Term\u00f3metro infrarrojo Amprobe IR-730 - Techmaster de Mexico","og_description":"[:es] Term\u00f3metro infrarrojo Amprobe IR-730     Revise las unidades de aire acondicionado, ventilaci\u00f3n, cojinetes, motores y transformadores en busca de sobrecalentamiento, conexiones el\u00e9ctricas y fusibles defectuosos.   Relaci\u00f3n de distancia al punto 30: 1   Rango de temperatura de -26 \u00b0 F a 2282 \u00b0 F   Precisi\u00f3n precisa y tiempo de respuesta r\u00e1pido   Puntero l\u00e1ser, pantalla LCD doble retroiluminada   Retenci\u00f3n de visualizaci\u00f3n autom\u00e1tica y memoria MAX \/ MIN   Emisividad ajustable para medir una variedad de materiales     [:en] Term\u00f3metro infrarrojo Amprobe IR-730     Revise las unidades de aire acondicionado, ventilaci\u00f3n, cojinetes, motores y transformadores en busca de sobrecalentamiento, conexiones el\u00e9ctricas y fusibles defectuosos.   Relaci\u00f3n de distancia al punto 30: 1   Rango de temperatura de -26 \u00b0 F a 2282 \u00b0 F   Precisi\u00f3n precisa y tiempo de respuesta r\u00e1pido   Puntero l\u00e1ser, pantalla LCD doble retroiluminada   Retenci\u00f3n de visualizaci\u00f3n autom\u00e1tica y memoria MAX \/ MIN   Emisividad ajustable para medir una variedad de materiales   [:]","og_url":"https:\/\/techmasterdemexico.com\/producto\/termometro-infrarrojo-amprobe-ir-730\/","og_site_name":"Techmaster de Mexico","article_modified_time":"2021-12-28T22:31:18+00:00","og_image":[{"width":363,"height":363,"url":"https:\/\/techmasterdemexico.com\/wp-content\/uploads\/2021\/09\/PD_IR-730-1.jpg","type":"image\/jpeg"}],"twitter_card":"summary_large_image","schema":{"@context":"https:\/\/schema.org","@graph":[{"@type":"WebPage","@id":"https:\/\/techmasterdemexico.com\/producto\/termometro-infrarrojo-amprobe-ir-730\/","url":"https:\/\/techmasterdemexico.com\/producto\/termometro-infrarrojo-amprobe-ir-730\/","name":"Term\u00f3metro infrarrojo Amprobe IR-730 - Techmaster de Mexico","isPartOf":{"@id":"https:\/\/techmasterdemexico.com\/#website"},"primaryImageOfPage":{"@id":"https:\/\/techmasterdemexico.com\/producto\/termometro-infrarrojo-amprobe-ir-730\/#primaryimage"},"image":{"@id":"https:\/\/techmasterdemexico.com\/producto\/termometro-infrarrojo-amprobe-ir-730\/#primaryimage"},"thumbnailUrl":"https:\/\/techmasterdemexico.com\/wp-content\/uploads\/2021\/09\/PD_IR-730-1.jpg","datePublished":"2021-09-14T22:38:01+00:00","dateModified":"2021-12-28T22:31:18+00:00","breadcrumb":{"@id":"https:\/\/techmasterdemexico.com\/producto\/termometro-infrarrojo-amprobe-ir-730\/#breadcrumb"},"inLanguage":"en-US","potentialAction":[{"@type":"ReadAction","target":["https:\/\/techmasterdemexico.com\/producto\/termometro-infrarrojo-amprobe-ir-730\/"]}]},{"@type":"ImageObject","inLanguage":"en-US","@id":"https:\/\/techmasterdemexico.com\/producto\/termometro-infrarrojo-amprobe-ir-730\/#primaryimage","url":"https:\/\/techmasterdemexico.com\/wp-content\/uploads\/2021\/09\/PD_IR-730-1.jpg","contentUrl":"https:\/\/techmasterdemexico.com\/wp-content\/uploads\/2021\/09\/PD_IR-730-1.jpg","width":363,"height":363},{"@type":"BreadcrumbList","@id":"https:\/\/techmasterdemexico.com\/producto\/termometro-infrarrojo-amprobe-ir-730\/#breadcrumb","itemListElement":[{"@type":"ListItem","position":1,"name":"Portada","item":"https:\/\/techmasterdemexico.com\/"},{"@type":"ListItem","position":2,"name":"Term\u00f3metro infrarrojo Amprobe IR-730"}]},{"@type":"WebSite","@id":"https:\/\/techmasterdemexico.com\/#website","url":"https:\/\/techmasterdemexico.com\/","name":"Techmaster de Mexico","description":"","potentialAction":[{"@type":"SearchAction","target":{"@type":"EntryPoint","urlTemplate":"https:\/\/techmasterdemexico.com\/?s={search_term_string}"},"query-input":{"@type":"PropertyValueSpecification","valueRequired":true,"valueName":"search_term_string"}}],"inLanguage":"en-US"}]}},"brands":[{"id":104,"name":"Amprobe","slug":"amprobe"}],"_links":{"self":[{"href":"https:\/\/techmasterdemexico.com\/en\/wp-json\/wp\/v2\/product\/9129","targetHints":{"allow":["GET"]}}],"collection":[{"href":"https:\/\/techmasterdemexico.com\/en\/wp-json\/wp\/v2\/product"}],"about":[{"href":"https:\/\/techmasterdemexico.com\/en\/wp-json\/wp\/v2\/types\/product"}],"wp:featuredmedia":[{"embeddable":true,"href":"https:\/\/techmasterdemexico.com\/en\/wp-json\/wp\/v2\/media\/9604"}],"wp:attachment":[{"href":"https:\/\/techmasterdemexico.com\/en\/wp-json\/wp\/v2\/media?parent=9129"}],"wp:term":[{"taxonomy":"pwb-brand","embeddable":true,"href":"https:\/\/techmasterdemexico.com\/en\/wp-json\/wp\/v2\/pwb-brand?post=9129"},{"taxonomy":"product_brand","embeddable":true,"href":"https:\/\/techmasterdemexico.com\/en\/wp-json\/wp\/v2\/product_brand?post=9129"},{"taxonomy":"product_cat","embeddable":true,"href":"https:\/\/techmasterdemexico.com\/en\/wp-json\/wp\/v2\/product_cat?post=9129"},{"taxonomy":"product_tag","embeddable":true,"href":"https:\/\/techmasterdemexico.com\/en\/wp-json\/wp\/v2\/product_tag?post=9129"}],"curies":[{"name":"wp","href":"https:\/\/api.w.org\/{rel}","templated":true}]}}