{"id":9127,"date":"2021-09-14T22:37:54","date_gmt":"2021-09-14T22:37:54","guid":{"rendered":"https:\/\/techmastermx.ddns.net\/producto\/termometro-infrarrojo-de-bolsillo-ir-450\/"},"modified":"2021-12-28T22:31:19","modified_gmt":"2021-12-28T22:31:19","slug":"termometro-infrarrojo-de-bolsillo-ir-450","status":"publish","type":"product","link":"https:\/\/techmasterdemexico.com\/en\/producto\/termometro-infrarrojo-de-bolsillo-ir-450\/","title":{"rendered":"Term\u00f3metro infrarrojo de bolsillo IR-450"},"content":{"rendered":"<p>Term\u00f3metro infrarrojo de bolsillo, puntero l\u00e1ser y linterna 3 en 1<\/p>\n<p>Una herramienta imprescindible para las aplicaciones diarias, el term\u00f3metro infrarrojo de bolsillo, el puntero l\u00e1ser y la linterna Amprobe IR-450 3 en 1 ofrece un factor de forma excepcionalmente peque\u00f1o y conveniente con Relaci\u00f3n de distancia al punto de 8: 1, un puntero l\u00e1ser de alta calidad y una linterna LED. Mucho m\u00e1s port\u00e1til que los term\u00f3metros infrarrojos tradicionales, el term\u00f3metro infrarrojo de bolsillo IR-450 se puede utilizar f\u00e1cilmente para realizar comprobaciones de diagn\u00f3stico r\u00e1pidas en una amplia variedad de aplicaciones, entre las que se incluyen: HVAC \/ R, seguridad y protecci\u00f3n contra incendios, mantenimiento industrial, automoci\u00f3n y control de calidad.<\/p>\n","protected":false},"excerpt":{"rendered":"<p>Term\u00f3metro infrarrojo de bolsillo Amprobe IR-450<\/p>\n<ul>\n<li>Term\u00f3metro de bolsillo por infrarrojos con una relaci\u00f3n de distancia al punto de 8: 1<\/li>\n<li>\u00b0 F \/ \u00b0 C seleccionable<\/li>\n<li>Mantiene la lectura de temperatura durante 10 segundos<\/li>\n<li>Puntero l\u00e1ser brillante<\/li>\n<li>Linterna LED incorporada para iluminar \u00e1reas oscuras<\/li>\n<\/ul>\n","protected":false},"featured_media":9613,"template":"","meta":{"_acf_changed":false},"pwb-brand":[104],"product_brand":[],"product_cat":[366,101,102,176],"product_tag":[],"class_list":{"0":"post-9127","1":"product","2":"type-product","3":"status-publish","4":"has-post-thumbnail","6":"pwb-brand-amprobe","7":"product_cat-todos-los-productos","8":"product_cat-amprobe","9":"product_cat-herramientas-hvac","10":"product_cat-termometros-infrarrojos-herramientas-hvac","12":"first","13":"instock","14":"taxable","15":"shipping-taxable","16":"product-type-simple"},"acf":[],"yoast_head":"<!-- This site is optimized with the Yoast SEO plugin v27.4 - https:\/\/yoast.com\/product\/yoast-seo-wordpress\/ -->\n<title>Term\u00f3metro infrarrojo de bolsillo IR-450 - Techmaster de Mexico<\/title>\n<meta name=\"robots\" content=\"index, follow, max-snippet:-1, max-image-preview:large, max-video-preview:-1\" \/>\n<link rel=\"canonical\" href=\"https:\/\/techmasterdemexico.com\/producto\/termometro-infrarrojo-de-bolsillo-ir-450\/\" \/>\n<meta property=\"og:locale\" content=\"en_US\" \/>\n<meta property=\"og:type\" content=\"article\" \/>\n<meta property=\"og:title\" content=\"Term\u00f3metro infrarrojo de bolsillo IR-450 - Techmaster de Mexico\" \/>\n<meta property=\"og:description\" content=\"[:es] Term\u00f3metro infrarrojo de bolsillo Amprobe IR-450     Term\u00f3metro de bolsillo por infrarrojos con una relaci\u00f3n de distancia al punto de 8: 1   \u00b0 F \/ \u00b0 C seleccionable   Mantiene la lectura de temperatura durante 10 segundos   Puntero l\u00e1ser brillante   Linterna LED incorporada para iluminar \u00e1reas oscuras     [:en] Term\u00f3metro infrarrojo de bolsillo Amprobe IR-450     Term\u00f3metro de bolsillo por infrarrojos con una relaci\u00f3n de distancia al punto de 8: 1   \u00b0 F \/ \u00b0 C seleccionable   Mantiene la lectura de temperatura durante 10 segundos   Puntero l\u00e1ser brillante   Linterna LED incorporada para iluminar \u00e1reas oscuras    [:]\" \/>\n<meta property=\"og:url\" content=\"https:\/\/techmasterdemexico.com\/producto\/termometro-infrarrojo-de-bolsillo-ir-450\/\" \/>\n<meta property=\"og:site_name\" content=\"Techmaster de Mexico\" \/>\n<meta property=\"article:modified_time\" content=\"2021-12-28T22:31:19+00:00\" \/>\n<meta property=\"og:image\" content=\"https:\/\/techmasterdemexico.com\/wp-content\/uploads\/2021\/09\/PD_IR-450-1.jpg\" \/>\n\t<meta property=\"og:image:width\" content=\"363\" \/>\n\t<meta property=\"og:image:height\" content=\"363\" \/>\n\t<meta property=\"og:image:type\" content=\"image\/jpeg\" \/>\n<meta name=\"twitter:card\" content=\"summary_large_image\" \/>\n<meta name=\"twitter:label1\" content=\"Est. reading time\" \/>\n\t<meta name=\"twitter:data1\" content=\"1 minute\" \/>\n<script type=\"application\/ld+json\" class=\"yoast-schema-graph\">{\"@context\":\"https:\\\/\\\/schema.org\",\"@graph\":[{\"@type\":\"WebPage\",\"@id\":\"https:\\\/\\\/techmasterdemexico.com\\\/producto\\\/termometro-infrarrojo-de-bolsillo-ir-450\\\/\",\"url\":\"https:\\\/\\\/techmasterdemexico.com\\\/producto\\\/termometro-infrarrojo-de-bolsillo-ir-450\\\/\",\"name\":\"Term\u00f3metro infrarrojo de bolsillo IR-450 - Techmaster de Mexico\",\"isPartOf\":{\"@id\":\"https:\\\/\\\/techmasterdemexico.com\\\/#website\"},\"primaryImageOfPage\":{\"@id\":\"https:\\\/\\\/techmasterdemexico.com\\\/producto\\\/termometro-infrarrojo-de-bolsillo-ir-450\\\/#primaryimage\"},\"image\":{\"@id\":\"https:\\\/\\\/techmasterdemexico.com\\\/producto\\\/termometro-infrarrojo-de-bolsillo-ir-450\\\/#primaryimage\"},\"thumbnailUrl\":\"https:\\\/\\\/techmasterdemexico.com\\\/wp-content\\\/uploads\\\/2021\\\/09\\\/PD_IR-450-1.jpg\",\"datePublished\":\"2021-09-14T22:37:54+00:00\",\"dateModified\":\"2021-12-28T22:31:19+00:00\",\"breadcrumb\":{\"@id\":\"https:\\\/\\\/techmasterdemexico.com\\\/producto\\\/termometro-infrarrojo-de-bolsillo-ir-450\\\/#breadcrumb\"},\"inLanguage\":\"en-US\",\"potentialAction\":[{\"@type\":\"ReadAction\",\"target\":[\"https:\\\/\\\/techmasterdemexico.com\\\/producto\\\/termometro-infrarrojo-de-bolsillo-ir-450\\\/\"]}]},{\"@type\":\"ImageObject\",\"inLanguage\":\"en-US\",\"@id\":\"https:\\\/\\\/techmasterdemexico.com\\\/producto\\\/termometro-infrarrojo-de-bolsillo-ir-450\\\/#primaryimage\",\"url\":\"https:\\\/\\\/techmasterdemexico.com\\\/wp-content\\\/uploads\\\/2021\\\/09\\\/PD_IR-450-1.jpg\",\"contentUrl\":\"https:\\\/\\\/techmasterdemexico.com\\\/wp-content\\\/uploads\\\/2021\\\/09\\\/PD_IR-450-1.jpg\",\"width\":363,\"height\":363},{\"@type\":\"BreadcrumbList\",\"@id\":\"https:\\\/\\\/techmasterdemexico.com\\\/producto\\\/termometro-infrarrojo-de-bolsillo-ir-450\\\/#breadcrumb\",\"itemListElement\":[{\"@type\":\"ListItem\",\"position\":1,\"name\":\"Portada\",\"item\":\"https:\\\/\\\/techmasterdemexico.com\\\/\"},{\"@type\":\"ListItem\",\"position\":2,\"name\":\"Term\u00f3metro infrarrojo de bolsillo IR-450\"}]},{\"@type\":\"WebSite\",\"@id\":\"https:\\\/\\\/techmasterdemexico.com\\\/#website\",\"url\":\"https:\\\/\\\/techmasterdemexico.com\\\/\",\"name\":\"Techmaster de Mexico\",\"description\":\"\",\"potentialAction\":[{\"@type\":\"SearchAction\",\"target\":{\"@type\":\"EntryPoint\",\"urlTemplate\":\"https:\\\/\\\/techmasterdemexico.com\\\/?s={search_term_string}\"},\"query-input\":{\"@type\":\"PropertyValueSpecification\",\"valueRequired\":true,\"valueName\":\"search_term_string\"}}],\"inLanguage\":\"en-US\"}]}<\/script>\n<!-- \/ Yoast SEO plugin. -->","yoast_head_json":{"title":"Term\u00f3metro infrarrojo de bolsillo IR-450 - Techmaster de Mexico","robots":{"index":"index","follow":"follow","max-snippet":"max-snippet:-1","max-image-preview":"max-image-preview:large","max-video-preview":"max-video-preview:-1"},"canonical":"https:\/\/techmasterdemexico.com\/producto\/termometro-infrarrojo-de-bolsillo-ir-450\/","og_locale":"en_US","og_type":"article","og_title":"Term\u00f3metro infrarrojo de bolsillo IR-450 - Techmaster de Mexico","og_description":"[:es] Term\u00f3metro infrarrojo de bolsillo Amprobe IR-450     Term\u00f3metro de bolsillo por infrarrojos con una relaci\u00f3n de distancia al punto de 8: 1   \u00b0 F \/ \u00b0 C seleccionable   Mantiene la lectura de temperatura durante 10 segundos   Puntero l\u00e1ser brillante   Linterna LED incorporada para iluminar \u00e1reas oscuras     [:en] Term\u00f3metro infrarrojo de bolsillo Amprobe IR-450     Term\u00f3metro de bolsillo por infrarrojos con una relaci\u00f3n de distancia al punto de 8: 1   \u00b0 F \/ \u00b0 C seleccionable   Mantiene la lectura de temperatura durante 10 segundos   Puntero l\u00e1ser brillante   Linterna LED incorporada para iluminar \u00e1reas oscuras    [:]","og_url":"https:\/\/techmasterdemexico.com\/producto\/termometro-infrarrojo-de-bolsillo-ir-450\/","og_site_name":"Techmaster de Mexico","article_modified_time":"2021-12-28T22:31:19+00:00","og_image":[{"width":363,"height":363,"url":"https:\/\/techmasterdemexico.com\/wp-content\/uploads\/2021\/09\/PD_IR-450-1.jpg","type":"image\/jpeg"}],"twitter_card":"summary_large_image","twitter_misc":{"Est. reading time":"1 minute"},"schema":{"@context":"https:\/\/schema.org","@graph":[{"@type":"WebPage","@id":"https:\/\/techmasterdemexico.com\/producto\/termometro-infrarrojo-de-bolsillo-ir-450\/","url":"https:\/\/techmasterdemexico.com\/producto\/termometro-infrarrojo-de-bolsillo-ir-450\/","name":"Term\u00f3metro infrarrojo de bolsillo IR-450 - Techmaster de Mexico","isPartOf":{"@id":"https:\/\/techmasterdemexico.com\/#website"},"primaryImageOfPage":{"@id":"https:\/\/techmasterdemexico.com\/producto\/termometro-infrarrojo-de-bolsillo-ir-450\/#primaryimage"},"image":{"@id":"https:\/\/techmasterdemexico.com\/producto\/termometro-infrarrojo-de-bolsillo-ir-450\/#primaryimage"},"thumbnailUrl":"https:\/\/techmasterdemexico.com\/wp-content\/uploads\/2021\/09\/PD_IR-450-1.jpg","datePublished":"2021-09-14T22:37:54+00:00","dateModified":"2021-12-28T22:31:19+00:00","breadcrumb":{"@id":"https:\/\/techmasterdemexico.com\/producto\/termometro-infrarrojo-de-bolsillo-ir-450\/#breadcrumb"},"inLanguage":"en-US","potentialAction":[{"@type":"ReadAction","target":["https:\/\/techmasterdemexico.com\/producto\/termometro-infrarrojo-de-bolsillo-ir-450\/"]}]},{"@type":"ImageObject","inLanguage":"en-US","@id":"https:\/\/techmasterdemexico.com\/producto\/termometro-infrarrojo-de-bolsillo-ir-450\/#primaryimage","url":"https:\/\/techmasterdemexico.com\/wp-content\/uploads\/2021\/09\/PD_IR-450-1.jpg","contentUrl":"https:\/\/techmasterdemexico.com\/wp-content\/uploads\/2021\/09\/PD_IR-450-1.jpg","width":363,"height":363},{"@type":"BreadcrumbList","@id":"https:\/\/techmasterdemexico.com\/producto\/termometro-infrarrojo-de-bolsillo-ir-450\/#breadcrumb","itemListElement":[{"@type":"ListItem","position":1,"name":"Portada","item":"https:\/\/techmasterdemexico.com\/"},{"@type":"ListItem","position":2,"name":"Term\u00f3metro infrarrojo de bolsillo IR-450"}]},{"@type":"WebSite","@id":"https:\/\/techmasterdemexico.com\/#website","url":"https:\/\/techmasterdemexico.com\/","name":"Techmaster de Mexico","description":"","potentialAction":[{"@type":"SearchAction","target":{"@type":"EntryPoint","urlTemplate":"https:\/\/techmasterdemexico.com\/?s={search_term_string}"},"query-input":{"@type":"PropertyValueSpecification","valueRequired":true,"valueName":"search_term_string"}}],"inLanguage":"en-US"}]}},"brands":[{"id":104,"name":"Amprobe","slug":"amprobe"}],"_links":{"self":[{"href":"https:\/\/techmasterdemexico.com\/en\/wp-json\/wp\/v2\/product\/9127","targetHints":{"allow":["GET"]}}],"collection":[{"href":"https:\/\/techmasterdemexico.com\/en\/wp-json\/wp\/v2\/product"}],"about":[{"href":"https:\/\/techmasterdemexico.com\/en\/wp-json\/wp\/v2\/types\/product"}],"wp:featuredmedia":[{"embeddable":true,"href":"https:\/\/techmasterdemexico.com\/en\/wp-json\/wp\/v2\/media\/9613"}],"wp:attachment":[{"href":"https:\/\/techmasterdemexico.com\/en\/wp-json\/wp\/v2\/media?parent=9127"}],"wp:term":[{"taxonomy":"pwb-brand","embeddable":true,"href":"https:\/\/techmasterdemexico.com\/en\/wp-json\/wp\/v2\/pwb-brand?post=9127"},{"taxonomy":"product_brand","embeddable":true,"href":"https:\/\/techmasterdemexico.com\/en\/wp-json\/wp\/v2\/product_brand?post=9127"},{"taxonomy":"product_cat","embeddable":true,"href":"https:\/\/techmasterdemexico.com\/en\/wp-json\/wp\/v2\/product_cat?post=9127"},{"taxonomy":"product_tag","embeddable":true,"href":"https:\/\/techmasterdemexico.com\/en\/wp-json\/wp\/v2\/product_tag?post=9127"}],"curies":[{"name":"wp","href":"https:\/\/api.w.org\/{rel}","templated":true}]}}