{"id":9126,"date":"2021-09-14T22:37:54","date_gmt":"2021-09-14T22:37:54","guid":{"rendered":"https:\/\/techmastermx.ddns.net\/producto\/termometro-infrarrojo-ir608a-con-puntero-laser\/"},"modified":"2021-12-28T22:31:18","modified_gmt":"2021-12-28T22:31:18","slug":"termometro-infrarrojo-ir608a-con-puntero-laser","status":"publish","type":"product","link":"https:\/\/techmasterdemexico.com\/en\/producto\/termometro-infrarrojo-ir608a-con-puntero-laser\/","title":{"rendered":"Term\u00f3metro infrarrojo IR608A con puntero l\u00e1ser"},"content":{"rendered":"<p>Apunte y presione para mediciones de temperatura r\u00e1pidas y f\u00e1ciles.<\/p>\n<p>El IR608A es un term\u00f3metro infrarrojo con un puntero l\u00e1ser para facilitar la orientaci\u00f3n. Una herramienta de diagn\u00f3stico r\u00e1pida y eficaz para identificar problemas en una amplia variedad de aplicaciones como HVAC \/ R, seguridad y protecci\u00f3n contra incendios, mantenimiento industrial, automotriz y control de calidad. El IR608A es robusto pero ligero con un dise\u00f1o ergon\u00f3mico s\u00f3lido.<\/p>\n","protected":false},"excerpt":{"rendered":"<p>Term\u00f3metro infrarrojo Amprobe IR608A con puntero l\u00e1ser<\/p>\n<ul>\n<li>Dise\u00f1o de empu\u00f1adura de pistola para un agarre c\u00f3modo<\/li>\n<li>Lo suficientemente peque\u00f1o como para caber en su bolsillo<\/li>\n<li>Rango de medici\u00f3n: 18 \u00b0 C a 400 \u00b0 C (0 \u00b0 F a 750 \u00b0 F)<\/li>\n<li>Emisividad fija en 0,95<\/li>\n<li>Mira l\u00e1ser para una orientaci\u00f3n precisa (certificaci\u00f3n CE EN60825 clase II)<\/li>\n<li>Retenci\u00f3n de pantalla<\/li>\n<li>Tiempo de respuesta r\u00e1pido<\/li>\n<li>Relaci\u00f3n de distancia al tama\u00f1o del punto 8: 1<\/li>\n<li>Precisi\u00f3n al 2%<\/li>\n<li>Pantalla retroiluminada<\/li>\n<li>Distancia al tama\u00f1o del punto 8: 1<\/li>\n<li>Indicador de bater\u00eda baja: el icono de bater\u00eda aparece en la pantalla<\/li>\n<\/ul>\n","protected":false},"featured_media":9608,"template":"","meta":{"_acf_changed":false},"pwb-brand":[104],"product_brand":[],"product_cat":[366,101,102,176],"product_tag":[],"class_list":{"0":"post-9126","1":"product","2":"type-product","3":"status-publish","4":"has-post-thumbnail","6":"pwb-brand-amprobe","7":"product_cat-todos-los-productos","8":"product_cat-amprobe","9":"product_cat-herramientas-hvac","10":"product_cat-termometros-infrarrojos-herramientas-hvac","12":"first","13":"instock","14":"taxable","15":"shipping-taxable","16":"product-type-simple"},"acf":[],"yoast_head":"<!-- This site is optimized with the Yoast SEO plugin v27.4 - https:\/\/yoast.com\/product\/yoast-seo-wordpress\/ -->\n<title>Term\u00f3metro infrarrojo IR608A con puntero l\u00e1ser - Techmaster de Mexico<\/title>\n<meta name=\"robots\" content=\"index, follow, max-snippet:-1, max-image-preview:large, max-video-preview:-1\" \/>\n<link rel=\"canonical\" href=\"https:\/\/techmasterdemexico.com\/producto\/termometro-infrarrojo-ir608a-con-puntero-laser\/\" \/>\n<meta property=\"og:locale\" content=\"en_US\" \/>\n<meta property=\"og:type\" content=\"article\" \/>\n<meta property=\"og:title\" content=\"Term\u00f3metro infrarrojo IR608A con puntero l\u00e1ser - Techmaster de Mexico\" \/>\n<meta property=\"og:description\" content=\"Term\u00f3metro infrarrojo Amprobe IR608A con puntero l\u00e1ser    Dise\u00f1o de empu\u00f1adura de pistola para un agarre c\u00f3modo   Lo suficientemente peque\u00f1o como para caber en su bolsillo   Rango de medici\u00f3n: 18 \u00b0 C a 400 \u00b0 C (0 \u00b0 F a 750 \u00b0 F)   Emisividad fija en 0,95   Mira l\u00e1ser para una orientaci\u00f3n precisa (certificaci\u00f3n CE EN60825 clase II)   Retenci\u00f3n de pantalla   Tiempo de respuesta r\u00e1pido   Relaci\u00f3n de distancia al tama\u00f1o del punto 8: 1   Precisi\u00f3n al 2%   Pantalla retroiluminada   Distancia al tama\u00f1o del punto 8: 1   Indicador de bater\u00eda baja: el icono de bater\u00eda aparece en la pantalla\" \/>\n<meta property=\"og:url\" content=\"https:\/\/techmasterdemexico.com\/producto\/termometro-infrarrojo-ir608a-con-puntero-laser\/\" \/>\n<meta property=\"og:site_name\" content=\"Techmaster de Mexico\" \/>\n<meta property=\"article:modified_time\" content=\"2021-12-28T22:31:18+00:00\" \/>\n<meta property=\"og:image\" content=\"https:\/\/techmasterdemexico.com\/wp-content\/uploads\/2021\/09\/PD_IR608A-1.jpg\" \/>\n\t<meta property=\"og:image:width\" content=\"363\" \/>\n\t<meta property=\"og:image:height\" content=\"363\" \/>\n\t<meta property=\"og:image:type\" content=\"image\/jpeg\" \/>\n<meta name=\"twitter:card\" content=\"summary_large_image\" \/>\n<script type=\"application\/ld+json\" class=\"yoast-schema-graph\">{\"@context\":\"https:\\\/\\\/schema.org\",\"@graph\":[{\"@type\":\"WebPage\",\"@id\":\"https:\\\/\\\/techmasterdemexico.com\\\/producto\\\/termometro-infrarrojo-ir608a-con-puntero-laser\\\/\",\"url\":\"https:\\\/\\\/techmasterdemexico.com\\\/producto\\\/termometro-infrarrojo-ir608a-con-puntero-laser\\\/\",\"name\":\"Term\u00f3metro infrarrojo IR608A con puntero l\u00e1ser - Techmaster de Mexico\",\"isPartOf\":{\"@id\":\"https:\\\/\\\/techmasterdemexico.com\\\/#website\"},\"primaryImageOfPage\":{\"@id\":\"https:\\\/\\\/techmasterdemexico.com\\\/producto\\\/termometro-infrarrojo-ir608a-con-puntero-laser\\\/#primaryimage\"},\"image\":{\"@id\":\"https:\\\/\\\/techmasterdemexico.com\\\/producto\\\/termometro-infrarrojo-ir608a-con-puntero-laser\\\/#primaryimage\"},\"thumbnailUrl\":\"https:\\\/\\\/techmasterdemexico.com\\\/wp-content\\\/uploads\\\/2021\\\/09\\\/PD_IR608A-1.jpg\",\"datePublished\":\"2021-09-14T22:37:54+00:00\",\"dateModified\":\"2021-12-28T22:31:18+00:00\",\"breadcrumb\":{\"@id\":\"https:\\\/\\\/techmasterdemexico.com\\\/producto\\\/termometro-infrarrojo-ir608a-con-puntero-laser\\\/#breadcrumb\"},\"inLanguage\":\"en-US\",\"potentialAction\":[{\"@type\":\"ReadAction\",\"target\":[\"https:\\\/\\\/techmasterdemexico.com\\\/producto\\\/termometro-infrarrojo-ir608a-con-puntero-laser\\\/\"]}]},{\"@type\":\"ImageObject\",\"inLanguage\":\"en-US\",\"@id\":\"https:\\\/\\\/techmasterdemexico.com\\\/producto\\\/termometro-infrarrojo-ir608a-con-puntero-laser\\\/#primaryimage\",\"url\":\"https:\\\/\\\/techmasterdemexico.com\\\/wp-content\\\/uploads\\\/2021\\\/09\\\/PD_IR608A-1.jpg\",\"contentUrl\":\"https:\\\/\\\/techmasterdemexico.com\\\/wp-content\\\/uploads\\\/2021\\\/09\\\/PD_IR608A-1.jpg\",\"width\":363,\"height\":363},{\"@type\":\"BreadcrumbList\",\"@id\":\"https:\\\/\\\/techmasterdemexico.com\\\/producto\\\/termometro-infrarrojo-ir608a-con-puntero-laser\\\/#breadcrumb\",\"itemListElement\":[{\"@type\":\"ListItem\",\"position\":1,\"name\":\"Portada\",\"item\":\"https:\\\/\\\/techmasterdemexico.com\\\/\"},{\"@type\":\"ListItem\",\"position\":2,\"name\":\"Term\u00f3metro infrarrojo IR608A con puntero l\u00e1ser\"}]},{\"@type\":\"WebSite\",\"@id\":\"https:\\\/\\\/techmasterdemexico.com\\\/#website\",\"url\":\"https:\\\/\\\/techmasterdemexico.com\\\/\",\"name\":\"Techmaster de Mexico\",\"description\":\"\",\"potentialAction\":[{\"@type\":\"SearchAction\",\"target\":{\"@type\":\"EntryPoint\",\"urlTemplate\":\"https:\\\/\\\/techmasterdemexico.com\\\/?s={search_term_string}\"},\"query-input\":{\"@type\":\"PropertyValueSpecification\",\"valueRequired\":true,\"valueName\":\"search_term_string\"}}],\"inLanguage\":\"en-US\"}]}<\/script>\n<!-- \/ Yoast SEO plugin. -->","yoast_head_json":{"title":"Term\u00f3metro infrarrojo IR608A con puntero l\u00e1ser - Techmaster de Mexico","robots":{"index":"index","follow":"follow","max-snippet":"max-snippet:-1","max-image-preview":"max-image-preview:large","max-video-preview":"max-video-preview:-1"},"canonical":"https:\/\/techmasterdemexico.com\/producto\/termometro-infrarrojo-ir608a-con-puntero-laser\/","og_locale":"en_US","og_type":"article","og_title":"Term\u00f3metro infrarrojo IR608A con puntero l\u00e1ser - Techmaster de Mexico","og_description":"Term\u00f3metro infrarrojo Amprobe IR608A con puntero l\u00e1ser    Dise\u00f1o de empu\u00f1adura de pistola para un agarre c\u00f3modo   Lo suficientemente peque\u00f1o como para caber en su bolsillo   Rango de medici\u00f3n: 18 \u00b0 C a 400 \u00b0 C (0 \u00b0 F a 750 \u00b0 F)   Emisividad fija en 0,95   Mira l\u00e1ser para una orientaci\u00f3n precisa (certificaci\u00f3n CE EN60825 clase II)   Retenci\u00f3n de pantalla   Tiempo de respuesta r\u00e1pido   Relaci\u00f3n de distancia al tama\u00f1o del punto 8: 1   Precisi\u00f3n al 2%   Pantalla retroiluminada   Distancia al tama\u00f1o del punto 8: 1   Indicador de bater\u00eda baja: el icono de bater\u00eda aparece en la pantalla","og_url":"https:\/\/techmasterdemexico.com\/producto\/termometro-infrarrojo-ir608a-con-puntero-laser\/","og_site_name":"Techmaster de Mexico","article_modified_time":"2021-12-28T22:31:18+00:00","og_image":[{"width":363,"height":363,"url":"https:\/\/techmasterdemexico.com\/wp-content\/uploads\/2021\/09\/PD_IR608A-1.jpg","type":"image\/jpeg"}],"twitter_card":"summary_large_image","schema":{"@context":"https:\/\/schema.org","@graph":[{"@type":"WebPage","@id":"https:\/\/techmasterdemexico.com\/producto\/termometro-infrarrojo-ir608a-con-puntero-laser\/","url":"https:\/\/techmasterdemexico.com\/producto\/termometro-infrarrojo-ir608a-con-puntero-laser\/","name":"Term\u00f3metro infrarrojo IR608A con puntero l\u00e1ser - Techmaster de Mexico","isPartOf":{"@id":"https:\/\/techmasterdemexico.com\/#website"},"primaryImageOfPage":{"@id":"https:\/\/techmasterdemexico.com\/producto\/termometro-infrarrojo-ir608a-con-puntero-laser\/#primaryimage"},"image":{"@id":"https:\/\/techmasterdemexico.com\/producto\/termometro-infrarrojo-ir608a-con-puntero-laser\/#primaryimage"},"thumbnailUrl":"https:\/\/techmasterdemexico.com\/wp-content\/uploads\/2021\/09\/PD_IR608A-1.jpg","datePublished":"2021-09-14T22:37:54+00:00","dateModified":"2021-12-28T22:31:18+00:00","breadcrumb":{"@id":"https:\/\/techmasterdemexico.com\/producto\/termometro-infrarrojo-ir608a-con-puntero-laser\/#breadcrumb"},"inLanguage":"en-US","potentialAction":[{"@type":"ReadAction","target":["https:\/\/techmasterdemexico.com\/producto\/termometro-infrarrojo-ir608a-con-puntero-laser\/"]}]},{"@type":"ImageObject","inLanguage":"en-US","@id":"https:\/\/techmasterdemexico.com\/producto\/termometro-infrarrojo-ir608a-con-puntero-laser\/#primaryimage","url":"https:\/\/techmasterdemexico.com\/wp-content\/uploads\/2021\/09\/PD_IR608A-1.jpg","contentUrl":"https:\/\/techmasterdemexico.com\/wp-content\/uploads\/2021\/09\/PD_IR608A-1.jpg","width":363,"height":363},{"@type":"BreadcrumbList","@id":"https:\/\/techmasterdemexico.com\/producto\/termometro-infrarrojo-ir608a-con-puntero-laser\/#breadcrumb","itemListElement":[{"@type":"ListItem","position":1,"name":"Portada","item":"https:\/\/techmasterdemexico.com\/"},{"@type":"ListItem","position":2,"name":"Term\u00f3metro infrarrojo IR608A con puntero l\u00e1ser"}]},{"@type":"WebSite","@id":"https:\/\/techmasterdemexico.com\/#website","url":"https:\/\/techmasterdemexico.com\/","name":"Techmaster de Mexico","description":"","potentialAction":[{"@type":"SearchAction","target":{"@type":"EntryPoint","urlTemplate":"https:\/\/techmasterdemexico.com\/?s={search_term_string}"},"query-input":{"@type":"PropertyValueSpecification","valueRequired":true,"valueName":"search_term_string"}}],"inLanguage":"en-US"}]}},"brands":[{"id":104,"name":"Amprobe","slug":"amprobe"}],"_links":{"self":[{"href":"https:\/\/techmasterdemexico.com\/en\/wp-json\/wp\/v2\/product\/9126","targetHints":{"allow":["GET"]}}],"collection":[{"href":"https:\/\/techmasterdemexico.com\/en\/wp-json\/wp\/v2\/product"}],"about":[{"href":"https:\/\/techmasterdemexico.com\/en\/wp-json\/wp\/v2\/types\/product"}],"wp:featuredmedia":[{"embeddable":true,"href":"https:\/\/techmasterdemexico.com\/en\/wp-json\/wp\/v2\/media\/9608"}],"wp:attachment":[{"href":"https:\/\/techmasterdemexico.com\/en\/wp-json\/wp\/v2\/media?parent=9126"}],"wp:term":[{"taxonomy":"pwb-brand","embeddable":true,"href":"https:\/\/techmasterdemexico.com\/en\/wp-json\/wp\/v2\/pwb-brand?post=9126"},{"taxonomy":"product_brand","embeddable":true,"href":"https:\/\/techmasterdemexico.com\/en\/wp-json\/wp\/v2\/product_brand?post=9126"},{"taxonomy":"product_cat","embeddable":true,"href":"https:\/\/techmasterdemexico.com\/en\/wp-json\/wp\/v2\/product_cat?post=9126"},{"taxonomy":"product_tag","embeddable":true,"href":"https:\/\/techmasterdemexico.com\/en\/wp-json\/wp\/v2\/product_tag?post=9126"}],"curies":[{"name":"wp","href":"https:\/\/api.w.org\/{rel}","templated":true}]}}