{"id":9123,"date":"2021-09-14T22:37:52","date_gmt":"2021-09-14T22:37:52","guid":{"rendered":"https:\/\/techmastermx.ddns.net\/producto\/comprobador-de-aislamiento-industrial-de-alto-voltaje-amprobe-amb-50\/"},"modified":"2021-12-28T22:30:36","modified_gmt":"2021-12-28T22:30:36","slug":"comprobador-de-aislamiento-industrial-de-alto-voltaje-amprobe-amb-50","status":"publish","type":"product","link":"https:\/\/techmasterdemexico.com\/en\/producto\/comprobador-de-aislamiento-industrial-de-alto-voltaje-amprobe-amb-50\/","title":{"rendered":"Comprobador de aislamiento industrial de alto voltaje Amprobe AMB-50"},"content":{"rendered":"<p>El comprobador de aislamiento de alto voltaje Amprobe AMB-50 tiene las caracter\u00edsticas necesarias para el diagn\u00f3stico de aislamiento profesional. Cuenta con c\u00e1lculo de par\u00e1metros PI y DAR. La funci\u00f3n de comparaci\u00f3n pasa \/ no pasa ayuda a mejorar la productividad de las pruebas. Las lecturas se muestran claramente en una gran pantalla LCD retroiluminada. El software para PC compatible con Windows y el puerto de comunicaciones USB sirven para conectar el instrumento al PC y administrar los datos de prueba registrados.<\/p>\n","protected":false},"excerpt":{"rendered":"<p>Comprobador de aislamiento industrial de alto voltaje Amprobe AMB-50<\/p>\n<ul>\n<li>Pruebe el aislamiento de alambres, cables, transformadores, motores, supresores de sobretensi\u00f3n y generadores<\/li>\n<li>Voltajes de prueba seleccionables: un instrumento de prueba para sistemas de alto y bajo voltaje de 500\/1000\/2500 y 5000 V<\/li>\n<li>Medici\u00f3n de la resistencia de aislamiento hasta 1T \u03a9<\/li>\n<li>Temporizador programable seleccionable por el usuario (10 sa 30 min)<\/li>\n<li>Descarga autom\u00e1tica del objeto de prueba despu\u00e9s de completar la medici\u00f3n<\/li>\n<li>Herramientas diagnosticas<\/li>\n<li>\u00cdndice de polarizaci\u00f3n (PI)<\/li>\n<li>Relaci\u00f3n de absorci\u00f3n diel\u00e9ctrica (DAR)<\/li>\n<li>Funci\u00f3n de comparaci\u00f3n para establecer umbrales de aprobaci\u00f3n \/ falla para una medici\u00f3n y verificaci\u00f3n r\u00e1pidas<\/li>\n<li>Fuente de alimentaci\u00f3n dual: recept\u00e1culo o bater\u00edas<\/li>\n<li>Memoria interna incorporada que almacena 18 mediciones<\/li>\n<\/ul>\n","protected":false},"featured_media":9628,"template":"","meta":{"_acf_changed":false},"pwb-brand":[104],"product_brand":[],"product_cat":[366,101,173,175],"product_tag":[],"class_list":{"0":"post-9123","1":"product","2":"type-product","3":"status-publish","4":"has-post-thumbnail","6":"pwb-brand-amprobe","7":"product_cat-todos-los-productos","8":"product_cat-amprobe","9":"product_cat-comprobadores-de-calidad-de-energia","10":"product_cat-probadores-de-aislamiento-digitales","12":"first","13":"instock","14":"taxable","15":"shipping-taxable","16":"product-type-simple"},"acf":[],"yoast_head":"<!-- This site is optimized with the Yoast SEO plugin v27.4 - https:\/\/yoast.com\/product\/yoast-seo-wordpress\/ -->\n<title>Comprobador de aislamiento industrial de alto voltaje Amprobe AMB-50 - Techmaster de Mexico<\/title>\n<meta name=\"robots\" content=\"index, follow, max-snippet:-1, max-image-preview:large, max-video-preview:-1\" \/>\n<link rel=\"canonical\" href=\"https:\/\/techmasterdemexico.com\/producto\/comprobador-de-aislamiento-industrial-de-alto-voltaje-amprobe-amb-50\/\" \/>\n<meta property=\"og:locale\" content=\"en_US\" \/>\n<meta property=\"og:type\" content=\"article\" \/>\n<meta property=\"og:title\" content=\"Comprobador de aislamiento industrial de alto voltaje Amprobe AMB-50 - Techmaster de Mexico\" \/>\n<meta property=\"og:description\" content=\"Comprobador de aislamiento industrial de alto voltaje Amprobe AMB-50    Pruebe el aislamiento de alambres, cables, transformadores, motores, supresores de sobretensi\u00f3n y generadores   Voltajes de prueba seleccionables: un instrumento de prueba para sistemas de alto y bajo voltaje de 500\/1000\/2500 y 5000 V   Medici\u00f3n de la resistencia de aislamiento hasta 1T \u03a9   Temporizador programable seleccionable por el usuario (10 sa 30 min)   Descarga autom\u00e1tica del objeto de prueba despu\u00e9s de completar la medici\u00f3n   Herramientas diagnosticas   \u00cdndice de polarizaci\u00f3n (PI)   Relaci\u00f3n de absorci\u00f3n diel\u00e9ctrica (DAR)   Funci\u00f3n de comparaci\u00f3n para establecer umbrales de aprobaci\u00f3n \/ falla para una medici\u00f3n y verificaci\u00f3n r\u00e1pidas   Fuente de alimentaci\u00f3n dual: recept\u00e1culo o bater\u00edas   Memoria interna incorporada que almacena 18 mediciones\" \/>\n<meta property=\"og:url\" content=\"https:\/\/techmasterdemexico.com\/producto\/comprobador-de-aislamiento-industrial-de-alto-voltaje-amprobe-amb-50\/\" \/>\n<meta property=\"og:site_name\" content=\"Techmaster de Mexico\" \/>\n<meta property=\"article:modified_time\" content=\"2021-12-28T22:30:36+00:00\" \/>\n<meta property=\"og:image\" content=\"https:\/\/techmasterdemexico.com\/wp-content\/uploads\/2021\/09\/PD_AMB-50-1.jpg\" \/>\n\t<meta property=\"og:image:width\" content=\"363\" \/>\n\t<meta property=\"og:image:height\" content=\"363\" \/>\n\t<meta property=\"og:image:type\" content=\"image\/jpeg\" \/>\n<meta name=\"twitter:card\" content=\"summary_large_image\" \/>\n<script type=\"application\/ld+json\" class=\"yoast-schema-graph\">{\"@context\":\"https:\\\/\\\/schema.org\",\"@graph\":[{\"@type\":\"WebPage\",\"@id\":\"https:\\\/\\\/techmasterdemexico.com\\\/producto\\\/comprobador-de-aislamiento-industrial-de-alto-voltaje-amprobe-amb-50\\\/\",\"url\":\"https:\\\/\\\/techmasterdemexico.com\\\/producto\\\/comprobador-de-aislamiento-industrial-de-alto-voltaje-amprobe-amb-50\\\/\",\"name\":\"Comprobador de aislamiento industrial de alto voltaje Amprobe AMB-50 - Techmaster de Mexico\",\"isPartOf\":{\"@id\":\"https:\\\/\\\/techmasterdemexico.com\\\/#website\"},\"primaryImageOfPage\":{\"@id\":\"https:\\\/\\\/techmasterdemexico.com\\\/producto\\\/comprobador-de-aislamiento-industrial-de-alto-voltaje-amprobe-amb-50\\\/#primaryimage\"},\"image\":{\"@id\":\"https:\\\/\\\/techmasterdemexico.com\\\/producto\\\/comprobador-de-aislamiento-industrial-de-alto-voltaje-amprobe-amb-50\\\/#primaryimage\"},\"thumbnailUrl\":\"https:\\\/\\\/techmasterdemexico.com\\\/wp-content\\\/uploads\\\/2021\\\/09\\\/PD_AMB-50-1.jpg\",\"datePublished\":\"2021-09-14T22:37:52+00:00\",\"dateModified\":\"2021-12-28T22:30:36+00:00\",\"breadcrumb\":{\"@id\":\"https:\\\/\\\/techmasterdemexico.com\\\/producto\\\/comprobador-de-aislamiento-industrial-de-alto-voltaje-amprobe-amb-50\\\/#breadcrumb\"},\"inLanguage\":\"en-US\",\"potentialAction\":[{\"@type\":\"ReadAction\",\"target\":[\"https:\\\/\\\/techmasterdemexico.com\\\/producto\\\/comprobador-de-aislamiento-industrial-de-alto-voltaje-amprobe-amb-50\\\/\"]}]},{\"@type\":\"ImageObject\",\"inLanguage\":\"en-US\",\"@id\":\"https:\\\/\\\/techmasterdemexico.com\\\/producto\\\/comprobador-de-aislamiento-industrial-de-alto-voltaje-amprobe-amb-50\\\/#primaryimage\",\"url\":\"https:\\\/\\\/techmasterdemexico.com\\\/wp-content\\\/uploads\\\/2021\\\/09\\\/PD_AMB-50-1.jpg\",\"contentUrl\":\"https:\\\/\\\/techmasterdemexico.com\\\/wp-content\\\/uploads\\\/2021\\\/09\\\/PD_AMB-50-1.jpg\",\"width\":363,\"height\":363},{\"@type\":\"BreadcrumbList\",\"@id\":\"https:\\\/\\\/techmasterdemexico.com\\\/producto\\\/comprobador-de-aislamiento-industrial-de-alto-voltaje-amprobe-amb-50\\\/#breadcrumb\",\"itemListElement\":[{\"@type\":\"ListItem\",\"position\":1,\"name\":\"Portada\",\"item\":\"https:\\\/\\\/techmasterdemexico.com\\\/\"},{\"@type\":\"ListItem\",\"position\":2,\"name\":\"Comprobador de aislamiento industrial de alto voltaje Amprobe AMB-50\"}]},{\"@type\":\"WebSite\",\"@id\":\"https:\\\/\\\/techmasterdemexico.com\\\/#website\",\"url\":\"https:\\\/\\\/techmasterdemexico.com\\\/\",\"name\":\"Techmaster de Mexico\",\"description\":\"\",\"potentialAction\":[{\"@type\":\"SearchAction\",\"target\":{\"@type\":\"EntryPoint\",\"urlTemplate\":\"https:\\\/\\\/techmasterdemexico.com\\\/?s={search_term_string}\"},\"query-input\":{\"@type\":\"PropertyValueSpecification\",\"valueRequired\":true,\"valueName\":\"search_term_string\"}}],\"inLanguage\":\"en-US\"}]}<\/script>\n<!-- \/ Yoast SEO plugin. -->","yoast_head_json":{"title":"Comprobador de aislamiento industrial de alto voltaje Amprobe AMB-50 - Techmaster de Mexico","robots":{"index":"index","follow":"follow","max-snippet":"max-snippet:-1","max-image-preview":"max-image-preview:large","max-video-preview":"max-video-preview:-1"},"canonical":"https:\/\/techmasterdemexico.com\/producto\/comprobador-de-aislamiento-industrial-de-alto-voltaje-amprobe-amb-50\/","og_locale":"en_US","og_type":"article","og_title":"Comprobador de aislamiento industrial de alto voltaje Amprobe AMB-50 - Techmaster de Mexico","og_description":"Comprobador de aislamiento industrial de alto voltaje Amprobe AMB-50    Pruebe el aislamiento de alambres, cables, transformadores, motores, supresores de sobretensi\u00f3n y generadores   Voltajes de prueba seleccionables: un instrumento de prueba para sistemas de alto y bajo voltaje de 500\/1000\/2500 y 5000 V   Medici\u00f3n de la resistencia de aislamiento hasta 1T \u03a9   Temporizador programable seleccionable por el usuario (10 sa 30 min)   Descarga autom\u00e1tica del objeto de prueba despu\u00e9s de completar la medici\u00f3n   Herramientas diagnosticas   \u00cdndice de polarizaci\u00f3n (PI)   Relaci\u00f3n de absorci\u00f3n diel\u00e9ctrica (DAR)   Funci\u00f3n de comparaci\u00f3n para establecer umbrales de aprobaci\u00f3n \/ falla para una medici\u00f3n y verificaci\u00f3n r\u00e1pidas   Fuente de alimentaci\u00f3n dual: recept\u00e1culo o bater\u00edas   Memoria interna incorporada que almacena 18 mediciones","og_url":"https:\/\/techmasterdemexico.com\/producto\/comprobador-de-aislamiento-industrial-de-alto-voltaje-amprobe-amb-50\/","og_site_name":"Techmaster de Mexico","article_modified_time":"2021-12-28T22:30:36+00:00","og_image":[{"width":363,"height":363,"url":"https:\/\/techmasterdemexico.com\/wp-content\/uploads\/2021\/09\/PD_AMB-50-1.jpg","type":"image\/jpeg"}],"twitter_card":"summary_large_image","schema":{"@context":"https:\/\/schema.org","@graph":[{"@type":"WebPage","@id":"https:\/\/techmasterdemexico.com\/producto\/comprobador-de-aislamiento-industrial-de-alto-voltaje-amprobe-amb-50\/","url":"https:\/\/techmasterdemexico.com\/producto\/comprobador-de-aislamiento-industrial-de-alto-voltaje-amprobe-amb-50\/","name":"Comprobador de aislamiento industrial de alto voltaje Amprobe AMB-50 - Techmaster de Mexico","isPartOf":{"@id":"https:\/\/techmasterdemexico.com\/#website"},"primaryImageOfPage":{"@id":"https:\/\/techmasterdemexico.com\/producto\/comprobador-de-aislamiento-industrial-de-alto-voltaje-amprobe-amb-50\/#primaryimage"},"image":{"@id":"https:\/\/techmasterdemexico.com\/producto\/comprobador-de-aislamiento-industrial-de-alto-voltaje-amprobe-amb-50\/#primaryimage"},"thumbnailUrl":"https:\/\/techmasterdemexico.com\/wp-content\/uploads\/2021\/09\/PD_AMB-50-1.jpg","datePublished":"2021-09-14T22:37:52+00:00","dateModified":"2021-12-28T22:30:36+00:00","breadcrumb":{"@id":"https:\/\/techmasterdemexico.com\/producto\/comprobador-de-aislamiento-industrial-de-alto-voltaje-amprobe-amb-50\/#breadcrumb"},"inLanguage":"en-US","potentialAction":[{"@type":"ReadAction","target":["https:\/\/techmasterdemexico.com\/producto\/comprobador-de-aislamiento-industrial-de-alto-voltaje-amprobe-amb-50\/"]}]},{"@type":"ImageObject","inLanguage":"en-US","@id":"https:\/\/techmasterdemexico.com\/producto\/comprobador-de-aislamiento-industrial-de-alto-voltaje-amprobe-amb-50\/#primaryimage","url":"https:\/\/techmasterdemexico.com\/wp-content\/uploads\/2021\/09\/PD_AMB-50-1.jpg","contentUrl":"https:\/\/techmasterdemexico.com\/wp-content\/uploads\/2021\/09\/PD_AMB-50-1.jpg","width":363,"height":363},{"@type":"BreadcrumbList","@id":"https:\/\/techmasterdemexico.com\/producto\/comprobador-de-aislamiento-industrial-de-alto-voltaje-amprobe-amb-50\/#breadcrumb","itemListElement":[{"@type":"ListItem","position":1,"name":"Portada","item":"https:\/\/techmasterdemexico.com\/"},{"@type":"ListItem","position":2,"name":"Comprobador de aislamiento industrial de alto voltaje Amprobe AMB-50"}]},{"@type":"WebSite","@id":"https:\/\/techmasterdemexico.com\/#website","url":"https:\/\/techmasterdemexico.com\/","name":"Techmaster de Mexico","description":"","potentialAction":[{"@type":"SearchAction","target":{"@type":"EntryPoint","urlTemplate":"https:\/\/techmasterdemexico.com\/?s={search_term_string}"},"query-input":{"@type":"PropertyValueSpecification","valueRequired":true,"valueName":"search_term_string"}}],"inLanguage":"en-US"}]}},"brands":[{"id":104,"name":"Amprobe","slug":"amprobe"}],"_links":{"self":[{"href":"https:\/\/techmasterdemexico.com\/en\/wp-json\/wp\/v2\/product\/9123","targetHints":{"allow":["GET"]}}],"collection":[{"href":"https:\/\/techmasterdemexico.com\/en\/wp-json\/wp\/v2\/product"}],"about":[{"href":"https:\/\/techmasterdemexico.com\/en\/wp-json\/wp\/v2\/types\/product"}],"wp:featuredmedia":[{"embeddable":true,"href":"https:\/\/techmasterdemexico.com\/en\/wp-json\/wp\/v2\/media\/9628"}],"wp:attachment":[{"href":"https:\/\/techmasterdemexico.com\/en\/wp-json\/wp\/v2\/media?parent=9123"}],"wp:term":[{"taxonomy":"pwb-brand","embeddable":true,"href":"https:\/\/techmasterdemexico.com\/en\/wp-json\/wp\/v2\/pwb-brand?post=9123"},{"taxonomy":"product_brand","embeddable":true,"href":"https:\/\/techmasterdemexico.com\/en\/wp-json\/wp\/v2\/product_brand?post=9123"},{"taxonomy":"product_cat","embeddable":true,"href":"https:\/\/techmasterdemexico.com\/en\/wp-json\/wp\/v2\/product_cat?post=9123"},{"taxonomy":"product_tag","embeddable":true,"href":"https:\/\/techmasterdemexico.com\/en\/wp-json\/wp\/v2\/product_tag?post=9123"}],"curies":[{"name":"wp","href":"https:\/\/api.w.org\/{rel}","templated":true}]}}