{"id":9120,"date":"2021-09-14T22:37:50","date_gmt":"2021-09-14T22:37:50","guid":{"rendered":"https:\/\/techmastermx.ddns.net\/producto\/analizador-de-calidad-electrica-amprobe-dm-5\/"},"modified":"2021-12-28T22:30:38","modified_gmt":"2021-12-28T22:30:38","slug":"analizador-de-calidad-electrica-amprobe-dm-5","status":"publish","type":"product","link":"https:\/\/techmasterdemexico.com\/en\/producto\/analizador-de-calidad-electrica-amprobe-dm-5\/","title":{"rendered":"Analizador de calidad el\u00e9ctrica Amprobe DM-5"},"content":{"rendered":"<p>El analizador de calidad de energ\u00eda Amprobe DM-5 le permite descubrir f\u00e1cil y r\u00e1pidamente el origen y la magnitud de los problemas de calidad de energ\u00eda. Con la mitad del tama\u00f1o de los modelos anteriores, el DM-5 compacto brinda velocidad y eficiencia a trabajos de calidad de energ\u00eda que van desde el mantenimiento de rutina hasta la resoluci\u00f3n de problemas en la planta de maquinaria individual y paneles de distribuci\u00f3n de energ\u00eda. El software DM-5 proporciona un an\u00e1lisis completo con m\u00faltiples opciones de visualizaci\u00f3n de datos que le permite visualizar r\u00e1pidamente sus datos registrados para identificar problemas potenciales. Construido para usarse incluso en las instalaciones m\u00e1s grandes, el DM-5 ha sido probado en seguridad para cumplir con los est\u00e1ndares de seguridad m\u00e1s prestigiosos del mundo y est\u00e1 clasificado para CAT IV 300 V, CAT III 600 V, CAT II 1000 V.<\/p>\n","protected":false},"excerpt":{"rendered":"<p>Analizador de calidad el\u00e9ctrica Amprobe DM-5<\/p>\n<ul>\n<li>An\u00e1lisis completo con software incluido: m\u00faltiples opciones de visualizaci\u00f3n de datos le permiten visualizar r\u00e1pidamente sus datos registrados para identificar problemas potenciales.<\/li>\n<li>Gr\u00e1fico de la demanda m\u00e1xima de energ\u00eda Download Suite 3.0.1.1 incluye una amplia gama de herramientas visuales para ver los datos de forma r\u00e1pida y sencilla. Con el gr\u00e1fico hist\u00f3rico gen\u00e9rico, puede graficar la demanda m\u00e1xima de energ\u00eda, ver datos durante un per\u00edodo de tiempo extendido y acercar y alejar para ver los datos en una vista diferente.<\/li>\n<li>Copiar y pegar datos y gr\u00e1ficos sin procesar Este software le permite copiar y pegar datos y gr\u00e1ficos f\u00e1cilmente. Simplemente exporte datos sin procesar a un documento de Excel o copie y pegue gr\u00e1ficos para imprimir. \u00a1El software DM-5 es simple y f\u00e1cil de usar!<\/li>\n<li>Visualice las mediciones juntas y por separado: analice r\u00e1pidamente sus datos registrados para identificar problemas potenciales con la visualizaci\u00f3n de datos. Vea c\u00f3mo se relacionan los datos entre diferentes visualizaciones.<\/li>\n<li>Configuraci\u00f3n r\u00e1pida con gu\u00eda en pantalla: una gu\u00eda de configuraci\u00f3n paso a paso lo ayuda a asegurarse de capturar las medidas correctas.<\/li>\n<li>Monitoreo remoto en tiempo real en dispositivos de PC compatibles a trav\u00e9s de comunicaci\u00f3n Bluetooth<\/li>\n<li>Mide simult\u00e1neamente potencia, arm\u00f3nicos, forma de onda, calidad de la energ\u00eda (voltaje: 3 canales, corriente: 4 canales)<\/li>\n<li>Par\u00e1metros de prueba: voltaje, corriente, potencia activa \/ reactiva \/ aparente, FP y frecuencia, todo en una sola pantalla.<\/li>\n<li>Eventos de calidad de energ\u00eda: aumento, ca\u00edda, interrupci\u00f3n, transitorios, corriente de entrada y parpadeo.<\/li>\n<li>Grabaci\u00f3n autom\u00e1tica con memoria para hasta 1000 par\u00e1metros a intervalos definidos por el usuario.<\/li>\n<li>Viene completo con accesorios de medici\u00f3n, software para PC y estuche de transporte grande.<\/li>\n<\/ul>\n","protected":false},"featured_media":9647,"template":"","meta":{"_acf_changed":false},"pwb-brand":[104],"product_brand":[],"product_cat":[366,101,174,173],"product_tag":[],"class_list":{"0":"post-9120","1":"product","2":"type-product","3":"status-publish","4":"has-post-thumbnail","6":"pwb-brand-amprobe","7":"product_cat-todos-los-productos","8":"product_cat-amprobe","9":"product_cat-analizador-de-calidad-electrica","10":"product_cat-comprobadores-de-calidad-de-energia","12":"first","13":"instock","14":"taxable","15":"shipping-taxable","16":"product-type-simple"},"acf":[],"yoast_head":"<!-- This site is optimized with the Yoast SEO plugin v27.4 - https:\/\/yoast.com\/product\/yoast-seo-wordpress\/ -->\n<title>Analizador de calidad el\u00e9ctrica Amprobe DM-5 - Techmaster de Mexico<\/title>\n<meta name=\"robots\" content=\"index, follow, max-snippet:-1, max-image-preview:large, max-video-preview:-1\" \/>\n<link rel=\"canonical\" href=\"https:\/\/techmasterdemexico.com\/producto\/analizador-de-calidad-electrica-amprobe-dm-5\/\" \/>\n<meta property=\"og:locale\" content=\"en_US\" \/>\n<meta property=\"og:type\" content=\"article\" \/>\n<meta property=\"og:title\" content=\"Analizador de calidad el\u00e9ctrica Amprobe DM-5 - Techmaster de Mexico\" \/>\n<meta property=\"og:description\" content=\"Analizador de calidad el\u00e9ctrica Amprobe DM-5    An\u00e1lisis completo con software incluido: m\u00faltiples opciones de visualizaci\u00f3n de datos le permiten visualizar r\u00e1pidamente sus datos registrados para identificar problemas potenciales.   Gr\u00e1fico de la demanda m\u00e1xima de energ\u00eda Download Suite 3.0.1.1 incluye una amplia gama de herramientas visuales para ver los datos de forma r\u00e1pida y sencilla. Con el gr\u00e1fico hist\u00f3rico gen\u00e9rico, puede graficar la demanda m\u00e1xima de energ\u00eda, ver datos durante un per\u00edodo de tiempo extendido y acercar y alejar para ver los datos en una vista diferente.   Copiar y pegar datos y gr\u00e1ficos sin procesar Este software le permite copiar y pegar datos y gr\u00e1ficos f\u00e1cilmente. Simplemente exporte datos sin procesar a un documento de Excel o copie y pegue gr\u00e1ficos para imprimir. \u00a1El software DM-5 es simple y f\u00e1cil de usar!   Visualice las mediciones juntas y por separado: analice r\u00e1pidamente sus datos registrados para identificar problemas potenciales con la visualizaci\u00f3n de datos. Vea c\u00f3mo se relacionan los datos entre diferentes visualizaciones.   Configuraci\u00f3n r\u00e1pida con gu\u00eda en pantalla: una gu\u00eda de configuraci\u00f3n paso a paso lo ayuda a asegurarse de capturar las medidas correctas.   Monitoreo remoto en tiempo real en dispositivos de PC compatibles a trav\u00e9s de comunicaci\u00f3n Bluetooth   Mide simult\u00e1neamente potencia, arm\u00f3nicos, forma de onda, calidad de la energ\u00eda (voltaje: 3 canales, corriente: 4 canales)   Par\u00e1metros de prueba: voltaje, corriente, potencia activa \/ reactiva \/ aparente, FP y frecuencia, todo en una sola pantalla.   Eventos de calidad de energ\u00eda: aumento, ca\u00edda, interrupci\u00f3n, transitorios, corriente de entrada y parpadeo.   Grabaci\u00f3n autom\u00e1tica con memoria para hasta 1000 par\u00e1metros a intervalos definidos por el usuario.   Viene completo con accesorios de medici\u00f3n, software para PC y estuche de transporte grande.\" \/>\n<meta property=\"og:url\" content=\"https:\/\/techmasterdemexico.com\/producto\/analizador-de-calidad-electrica-amprobe-dm-5\/\" \/>\n<meta property=\"og:site_name\" content=\"Techmaster de Mexico\" \/>\n<meta property=\"article:modified_time\" content=\"2021-12-28T22:30:38+00:00\" \/>\n<meta property=\"og:image\" content=\"https:\/\/techmasterdemexico.com\/wp-content\/uploads\/2021\/09\/PD_DM-5-2.jpg\" \/>\n\t<meta property=\"og:image:width\" content=\"363\" \/>\n\t<meta property=\"og:image:height\" content=\"363\" \/>\n\t<meta property=\"og:image:type\" content=\"image\/jpeg\" \/>\n<meta name=\"twitter:card\" content=\"summary_large_image\" \/>\n<meta name=\"twitter:label1\" content=\"Est. reading time\" \/>\n\t<meta name=\"twitter:data1\" content=\"1 minute\" \/>\n<script type=\"application\/ld+json\" class=\"yoast-schema-graph\">{\"@context\":\"https:\\\/\\\/schema.org\",\"@graph\":[{\"@type\":\"WebPage\",\"@id\":\"https:\\\/\\\/techmasterdemexico.com\\\/producto\\\/analizador-de-calidad-electrica-amprobe-dm-5\\\/\",\"url\":\"https:\\\/\\\/techmasterdemexico.com\\\/producto\\\/analizador-de-calidad-electrica-amprobe-dm-5\\\/\",\"name\":\"Analizador de calidad el\u00e9ctrica Amprobe DM-5 - Techmaster de Mexico\",\"isPartOf\":{\"@id\":\"https:\\\/\\\/techmasterdemexico.com\\\/#website\"},\"primaryImageOfPage\":{\"@id\":\"https:\\\/\\\/techmasterdemexico.com\\\/producto\\\/analizador-de-calidad-electrica-amprobe-dm-5\\\/#primaryimage\"},\"image\":{\"@id\":\"https:\\\/\\\/techmasterdemexico.com\\\/producto\\\/analizador-de-calidad-electrica-amprobe-dm-5\\\/#primaryimage\"},\"thumbnailUrl\":\"https:\\\/\\\/techmasterdemexico.com\\\/wp-content\\\/uploads\\\/2021\\\/09\\\/PD_DM-5-2.jpg\",\"datePublished\":\"2021-09-14T22:37:50+00:00\",\"dateModified\":\"2021-12-28T22:30:38+00:00\",\"breadcrumb\":{\"@id\":\"https:\\\/\\\/techmasterdemexico.com\\\/producto\\\/analizador-de-calidad-electrica-amprobe-dm-5\\\/#breadcrumb\"},\"inLanguage\":\"en-US\",\"potentialAction\":[{\"@type\":\"ReadAction\",\"target\":[\"https:\\\/\\\/techmasterdemexico.com\\\/producto\\\/analizador-de-calidad-electrica-amprobe-dm-5\\\/\"]}]},{\"@type\":\"ImageObject\",\"inLanguage\":\"en-US\",\"@id\":\"https:\\\/\\\/techmasterdemexico.com\\\/producto\\\/analizador-de-calidad-electrica-amprobe-dm-5\\\/#primaryimage\",\"url\":\"https:\\\/\\\/techmasterdemexico.com\\\/wp-content\\\/uploads\\\/2021\\\/09\\\/PD_DM-5-2.jpg\",\"contentUrl\":\"https:\\\/\\\/techmasterdemexico.com\\\/wp-content\\\/uploads\\\/2021\\\/09\\\/PD_DM-5-2.jpg\",\"width\":363,\"height\":363},{\"@type\":\"BreadcrumbList\",\"@id\":\"https:\\\/\\\/techmasterdemexico.com\\\/producto\\\/analizador-de-calidad-electrica-amprobe-dm-5\\\/#breadcrumb\",\"itemListElement\":[{\"@type\":\"ListItem\",\"position\":1,\"name\":\"Portada\",\"item\":\"https:\\\/\\\/techmasterdemexico.com\\\/\"},{\"@type\":\"ListItem\",\"position\":2,\"name\":\"Analizador de calidad el\u00e9ctrica Amprobe DM-5\"}]},{\"@type\":\"WebSite\",\"@id\":\"https:\\\/\\\/techmasterdemexico.com\\\/#website\",\"url\":\"https:\\\/\\\/techmasterdemexico.com\\\/\",\"name\":\"Techmaster de Mexico\",\"description\":\"\",\"potentialAction\":[{\"@type\":\"SearchAction\",\"target\":{\"@type\":\"EntryPoint\",\"urlTemplate\":\"https:\\\/\\\/techmasterdemexico.com\\\/?s={search_term_string}\"},\"query-input\":{\"@type\":\"PropertyValueSpecification\",\"valueRequired\":true,\"valueName\":\"search_term_string\"}}],\"inLanguage\":\"en-US\"}]}<\/script>\n<!-- \/ Yoast SEO plugin. -->","yoast_head_json":{"title":"Analizador de calidad el\u00e9ctrica Amprobe DM-5 - Techmaster de Mexico","robots":{"index":"index","follow":"follow","max-snippet":"max-snippet:-1","max-image-preview":"max-image-preview:large","max-video-preview":"max-video-preview:-1"},"canonical":"https:\/\/techmasterdemexico.com\/producto\/analizador-de-calidad-electrica-amprobe-dm-5\/","og_locale":"en_US","og_type":"article","og_title":"Analizador de calidad el\u00e9ctrica Amprobe DM-5 - Techmaster de Mexico","og_description":"Analizador de calidad el\u00e9ctrica Amprobe DM-5    An\u00e1lisis completo con software incluido: m\u00faltiples opciones de visualizaci\u00f3n de datos le permiten visualizar r\u00e1pidamente sus datos registrados para identificar problemas potenciales.   Gr\u00e1fico de la demanda m\u00e1xima de energ\u00eda Download Suite 3.0.1.1 incluye una amplia gama de herramientas visuales para ver los datos de forma r\u00e1pida y sencilla. Con el gr\u00e1fico hist\u00f3rico gen\u00e9rico, puede graficar la demanda m\u00e1xima de energ\u00eda, ver datos durante un per\u00edodo de tiempo extendido y acercar y alejar para ver los datos en una vista diferente.   Copiar y pegar datos y gr\u00e1ficos sin procesar Este software le permite copiar y pegar datos y gr\u00e1ficos f\u00e1cilmente. Simplemente exporte datos sin procesar a un documento de Excel o copie y pegue gr\u00e1ficos para imprimir. \u00a1El software DM-5 es simple y f\u00e1cil de usar!   Visualice las mediciones juntas y por separado: analice r\u00e1pidamente sus datos registrados para identificar problemas potenciales con la visualizaci\u00f3n de datos. Vea c\u00f3mo se relacionan los datos entre diferentes visualizaciones.   Configuraci\u00f3n r\u00e1pida con gu\u00eda en pantalla: una gu\u00eda de configuraci\u00f3n paso a paso lo ayuda a asegurarse de capturar las medidas correctas.   Monitoreo remoto en tiempo real en dispositivos de PC compatibles a trav\u00e9s de comunicaci\u00f3n Bluetooth   Mide simult\u00e1neamente potencia, arm\u00f3nicos, forma de onda, calidad de la energ\u00eda (voltaje: 3 canales, corriente: 4 canales)   Par\u00e1metros de prueba: voltaje, corriente, potencia activa \/ reactiva \/ aparente, FP y frecuencia, todo en una sola pantalla.   Eventos de calidad de energ\u00eda: aumento, ca\u00edda, interrupci\u00f3n, transitorios, corriente de entrada y parpadeo.   Grabaci\u00f3n autom\u00e1tica con memoria para hasta 1000 par\u00e1metros a intervalos definidos por el usuario.   Viene completo con accesorios de medici\u00f3n, software para PC y estuche de transporte grande.","og_url":"https:\/\/techmasterdemexico.com\/producto\/analizador-de-calidad-electrica-amprobe-dm-5\/","og_site_name":"Techmaster de Mexico","article_modified_time":"2021-12-28T22:30:38+00:00","og_image":[{"width":363,"height":363,"url":"https:\/\/techmasterdemexico.com\/wp-content\/uploads\/2021\/09\/PD_DM-5-2.jpg","type":"image\/jpeg"}],"twitter_card":"summary_large_image","twitter_misc":{"Est. reading time":"1 minute"},"schema":{"@context":"https:\/\/schema.org","@graph":[{"@type":"WebPage","@id":"https:\/\/techmasterdemexico.com\/producto\/analizador-de-calidad-electrica-amprobe-dm-5\/","url":"https:\/\/techmasterdemexico.com\/producto\/analizador-de-calidad-electrica-amprobe-dm-5\/","name":"Analizador de calidad el\u00e9ctrica Amprobe DM-5 - Techmaster de Mexico","isPartOf":{"@id":"https:\/\/techmasterdemexico.com\/#website"},"primaryImageOfPage":{"@id":"https:\/\/techmasterdemexico.com\/producto\/analizador-de-calidad-electrica-amprobe-dm-5\/#primaryimage"},"image":{"@id":"https:\/\/techmasterdemexico.com\/producto\/analizador-de-calidad-electrica-amprobe-dm-5\/#primaryimage"},"thumbnailUrl":"https:\/\/techmasterdemexico.com\/wp-content\/uploads\/2021\/09\/PD_DM-5-2.jpg","datePublished":"2021-09-14T22:37:50+00:00","dateModified":"2021-12-28T22:30:38+00:00","breadcrumb":{"@id":"https:\/\/techmasterdemexico.com\/producto\/analizador-de-calidad-electrica-amprobe-dm-5\/#breadcrumb"},"inLanguage":"en-US","potentialAction":[{"@type":"ReadAction","target":["https:\/\/techmasterdemexico.com\/producto\/analizador-de-calidad-electrica-amprobe-dm-5\/"]}]},{"@type":"ImageObject","inLanguage":"en-US","@id":"https:\/\/techmasterdemexico.com\/producto\/analizador-de-calidad-electrica-amprobe-dm-5\/#primaryimage","url":"https:\/\/techmasterdemexico.com\/wp-content\/uploads\/2021\/09\/PD_DM-5-2.jpg","contentUrl":"https:\/\/techmasterdemexico.com\/wp-content\/uploads\/2021\/09\/PD_DM-5-2.jpg","width":363,"height":363},{"@type":"BreadcrumbList","@id":"https:\/\/techmasterdemexico.com\/producto\/analizador-de-calidad-electrica-amprobe-dm-5\/#breadcrumb","itemListElement":[{"@type":"ListItem","position":1,"name":"Portada","item":"https:\/\/techmasterdemexico.com\/"},{"@type":"ListItem","position":2,"name":"Analizador de calidad el\u00e9ctrica Amprobe DM-5"}]},{"@type":"WebSite","@id":"https:\/\/techmasterdemexico.com\/#website","url":"https:\/\/techmasterdemexico.com\/","name":"Techmaster de Mexico","description":"","potentialAction":[{"@type":"SearchAction","target":{"@type":"EntryPoint","urlTemplate":"https:\/\/techmasterdemexico.com\/?s={search_term_string}"},"query-input":{"@type":"PropertyValueSpecification","valueRequired":true,"valueName":"search_term_string"}}],"inLanguage":"en-US"}]}},"brands":[{"id":104,"name":"Amprobe","slug":"amprobe"}],"_links":{"self":[{"href":"https:\/\/techmasterdemexico.com\/en\/wp-json\/wp\/v2\/product\/9120","targetHints":{"allow":["GET"]}}],"collection":[{"href":"https:\/\/techmasterdemexico.com\/en\/wp-json\/wp\/v2\/product"}],"about":[{"href":"https:\/\/techmasterdemexico.com\/en\/wp-json\/wp\/v2\/types\/product"}],"wp:featuredmedia":[{"embeddable":true,"href":"https:\/\/techmasterdemexico.com\/en\/wp-json\/wp\/v2\/media\/9647"}],"wp:attachment":[{"href":"https:\/\/techmasterdemexico.com\/en\/wp-json\/wp\/v2\/media?parent=9120"}],"wp:term":[{"taxonomy":"pwb-brand","embeddable":true,"href":"https:\/\/techmasterdemexico.com\/en\/wp-json\/wp\/v2\/pwb-brand?post=9120"},{"taxonomy":"product_brand","embeddable":true,"href":"https:\/\/techmasterdemexico.com\/en\/wp-json\/wp\/v2\/product_brand?post=9120"},{"taxonomy":"product_cat","embeddable":true,"href":"https:\/\/techmasterdemexico.com\/en\/wp-json\/wp\/v2\/product_cat?post=9120"},{"taxonomy":"product_tag","embeddable":true,"href":"https:\/\/techmasterdemexico.com\/en\/wp-json\/wp\/v2\/product_tag?post=9120"}],"curies":[{"name":"wp","href":"https:\/\/api.w.org\/{rel}","templated":true}]}}