{"id":9119,"date":"2021-09-14T22:37:50","date_gmt":"2021-09-14T22:37:50","guid":{"rendered":"https:\/\/techmastermx.ddns.net\/producto\/comprobador-de-bateria-amprobe-bat-250\/"},"modified":"2021-12-28T22:30:37","modified_gmt":"2021-12-28T22:30:37","slug":"comprobador-de-bateria-amprobe-bat-250","status":"publish","type":"product","link":"https:\/\/techmasterdemexico.com\/en\/producto\/comprobador-de-bateria-amprobe-bat-250\/","title":{"rendered":"Comprobador de bater\u00eda Amprobe BAT-250"},"content":{"rendered":"<p>El comprobador de bater\u00edas Amprobe BAT-250 est\u00e1 dise\u00f1ado para mediciones de bater\u00edas confiables, c\u00f3modas y con una sola mano. El probador de dise\u00f1o \u00fanico ofrece un control deslizante ergon\u00f3mico y una base lateral en forma de V para sujetar mejor las bater\u00edas en su lugar durante la prueba y una forma de caja contorneada que se adapta perfectamente a su mano. Probar sus bater\u00edas nunca ha sido tan f\u00e1cil.<\/p>\n<p>La falla de la bater\u00eda es una de las causas m\u00e1s comunes de falla del sensor o del instrumento. El probador de bater\u00edas BAT-250 indica la cantidad de carga que queda en las bater\u00edas est\u00e1ndar y recargables. La aguja de la pantalla anal\u00f3gica se mueve en una escala calibrada codificada por colores para identificar r\u00e1pidamente el estado de la bater\u00eda &#8220;bueno&#8221; (verde), &#8220;bajo&#8221; (amarillo) y &#8220;reemplazar \/ recargar&#8221; (rojo). El BAT-250 prueba pilas tipo bot\u00f3n de 9 V, AA, AAA, C, D y 1,5 V.<\/p>\n","protected":false},"excerpt":{"rendered":"<p>Comprobador de bater\u00edas Amprobe BAT-250<\/p>\n<ul>\n<li>Pantalla codificada por colores de f\u00e1cil lectura con indicadores de &#8220;bueno&#8221;, &#8220;bajo&#8221; y &#8220;reemplazar \/ recargar&#8221;<\/li>\n<li>Prueba de pilas est\u00e1ndar y recargables: 9 V, AA, AAA, C, D, tipo bot\u00f3n de 1,5 V<\/li>\n<li>La base lateral sostiene las bater\u00edas en su lugar durante la prueba<\/li>\n<li>No se requieren bater\u00edas para operar<\/li>\n<li>La pantalla grande y vertical es m\u00e1s f\u00e1cil de leer<\/li>\n<li>La base en forma de V sostiene las bater\u00edas de forma segura en su lugar durante la prueba para obtener resultados precisos de forma constante<\/li>\n<li>Contactos de 9 V de alta calidad<\/li>\n<li>El control deslizante tiene una forma para facilitar la operaci\u00f3n y realizar pruebas con una sola mano<\/li>\n<li>La forma de la caja se adapta a su mano para una f\u00e1cil operaci\u00f3n.<\/li>\n<\/ul>\n","protected":false},"featured_media":9636,"template":"","meta":{"_acf_changed":false},"pwb-brand":[104],"product_brand":[],"product_cat":[366,105,101,172],"product_tag":[],"class_list":{"0":"post-9119","1":"product","2":"type-product","3":"status-publish","4":"has-post-thumbnail","6":"pwb-brand-amprobe","7":"product_cat-todos-los-productos","8":"product_cat-accesorios","9":"product_cat-amprobe","10":"product_cat-probadores-de-bateria","12":"first","13":"instock","14":"taxable","15":"shipping-taxable","16":"product-type-simple"},"acf":[],"yoast_head":"<!-- This site is optimized with the Yoast SEO plugin v27.4 - https:\/\/yoast.com\/product\/yoast-seo-wordpress\/ -->\n<title>Comprobador de bater\u00eda Amprobe BAT-250 - Techmaster de Mexico<\/title>\n<meta name=\"robots\" content=\"index, follow, max-snippet:-1, max-image-preview:large, max-video-preview:-1\" \/>\n<link rel=\"canonical\" href=\"https:\/\/techmasterdemexico.com\/producto\/comprobador-de-bateria-amprobe-bat-250\/\" \/>\n<meta property=\"og:locale\" content=\"en_US\" \/>\n<meta property=\"og:type\" content=\"article\" \/>\n<meta property=\"og:title\" content=\"Comprobador de bater\u00eda Amprobe BAT-250 - Techmaster de Mexico\" \/>\n<meta property=\"og:description\" content=\"[:es]Comprobador de bater\u00edas Amprobe BAT-250   Pantalla codificada por colores de f\u00e1cil lectura con indicadores de &quot;bueno&quot;, &quot;bajo&quot; y &quot;reemplazar \/ recargar&quot;  Prueba de pilas est\u00e1ndar y recargables: 9 V, AA, AAA, C, D, tipo bot\u00f3n de 1,5 V  La base lateral sostiene las bater\u00edas en su lugar durante la prueba  No se requieren bater\u00edas para operar  La pantalla grande y vertical es m\u00e1s f\u00e1cil de leer  La base en forma de V sostiene las bater\u00edas de forma segura en su lugar durante la prueba para obtener resultados precisos de forma constante  Contactos de 9 V de alta calidad  El control deslizante tiene una forma para facilitar la operaci\u00f3n y realizar pruebas con una sola mano  La forma de la caja se adapta a su mano para una f\u00e1cil operaci\u00f3n.   [:en] Comprobador de bater\u00edas Amprobe BAT-250     Pantalla codificada por colores de f\u00e1cil lectura con indicadores de &quot;bueno&quot;, &quot;bajo&quot; y &quot;reemplazar \/ recargar&quot;   Prueba de pilas est\u00e1ndar y recargables: 9 V, AA, AAA, C, D, tipo bot\u00f3n de 1,5 V   La base lateral sostiene las bater\u00edas en su lugar durante la prueba   No se requieren bater\u00edas para operar   La pantalla grande y vertical es m\u00e1s f\u00e1cil de leer   La base en forma de V sostiene las bater\u00edas de forma segura en su lugar durante la prueba para obtener resultados precisos de forma constante   Contactos de 9 V de alta calidad   El control deslizante tiene una forma para facilitar la operaci\u00f3n y realizar pruebas con una sola mano   La forma de la caja se adapta a su mano para una f\u00e1cil operaci\u00f3n.    [:]\" \/>\n<meta property=\"og:url\" content=\"https:\/\/techmasterdemexico.com\/producto\/comprobador-de-bateria-amprobe-bat-250\/\" \/>\n<meta property=\"og:site_name\" content=\"Techmaster de Mexico\" \/>\n<meta property=\"article:modified_time\" content=\"2021-12-28T22:30:37+00:00\" \/>\n<meta property=\"og:image\" content=\"https:\/\/techmasterdemexico.com\/wp-content\/uploads\/2021\/09\/PD_BAT-2501.jpg\" \/>\n\t<meta property=\"og:image:width\" content=\"363\" \/>\n\t<meta property=\"og:image:height\" content=\"363\" \/>\n\t<meta property=\"og:image:type\" content=\"image\/jpeg\" \/>\n<meta name=\"twitter:card\" content=\"summary_large_image\" \/>\n<meta name=\"twitter:label1\" content=\"Est. reading time\" \/>\n\t<meta name=\"twitter:data1\" content=\"1 minute\" \/>\n<script type=\"application\/ld+json\" class=\"yoast-schema-graph\">{\"@context\":\"https:\\\/\\\/schema.org\",\"@graph\":[{\"@type\":\"WebPage\",\"@id\":\"https:\\\/\\\/techmasterdemexico.com\\\/producto\\\/comprobador-de-bateria-amprobe-bat-250\\\/\",\"url\":\"https:\\\/\\\/techmasterdemexico.com\\\/producto\\\/comprobador-de-bateria-amprobe-bat-250\\\/\",\"name\":\"Comprobador de bater\u00eda Amprobe BAT-250 - Techmaster de Mexico\",\"isPartOf\":{\"@id\":\"https:\\\/\\\/techmasterdemexico.com\\\/#website\"},\"primaryImageOfPage\":{\"@id\":\"https:\\\/\\\/techmasterdemexico.com\\\/producto\\\/comprobador-de-bateria-amprobe-bat-250\\\/#primaryimage\"},\"image\":{\"@id\":\"https:\\\/\\\/techmasterdemexico.com\\\/producto\\\/comprobador-de-bateria-amprobe-bat-250\\\/#primaryimage\"},\"thumbnailUrl\":\"https:\\\/\\\/techmasterdemexico.com\\\/wp-content\\\/uploads\\\/2021\\\/09\\\/PD_BAT-2501.jpg\",\"datePublished\":\"2021-09-14T22:37:50+00:00\",\"dateModified\":\"2021-12-28T22:30:37+00:00\",\"breadcrumb\":{\"@id\":\"https:\\\/\\\/techmasterdemexico.com\\\/producto\\\/comprobador-de-bateria-amprobe-bat-250\\\/#breadcrumb\"},\"inLanguage\":\"en-US\",\"potentialAction\":[{\"@type\":\"ReadAction\",\"target\":[\"https:\\\/\\\/techmasterdemexico.com\\\/producto\\\/comprobador-de-bateria-amprobe-bat-250\\\/\"]}]},{\"@type\":\"ImageObject\",\"inLanguage\":\"en-US\",\"@id\":\"https:\\\/\\\/techmasterdemexico.com\\\/producto\\\/comprobador-de-bateria-amprobe-bat-250\\\/#primaryimage\",\"url\":\"https:\\\/\\\/techmasterdemexico.com\\\/wp-content\\\/uploads\\\/2021\\\/09\\\/PD_BAT-2501.jpg\",\"contentUrl\":\"https:\\\/\\\/techmasterdemexico.com\\\/wp-content\\\/uploads\\\/2021\\\/09\\\/PD_BAT-2501.jpg\",\"width\":363,\"height\":363},{\"@type\":\"BreadcrumbList\",\"@id\":\"https:\\\/\\\/techmasterdemexico.com\\\/producto\\\/comprobador-de-bateria-amprobe-bat-250\\\/#breadcrumb\",\"itemListElement\":[{\"@type\":\"ListItem\",\"position\":1,\"name\":\"Portada\",\"item\":\"https:\\\/\\\/techmasterdemexico.com\\\/\"},{\"@type\":\"ListItem\",\"position\":2,\"name\":\"Comprobador de bater\u00eda Amprobe BAT-250\"}]},{\"@type\":\"WebSite\",\"@id\":\"https:\\\/\\\/techmasterdemexico.com\\\/#website\",\"url\":\"https:\\\/\\\/techmasterdemexico.com\\\/\",\"name\":\"Techmaster de Mexico\",\"description\":\"\",\"potentialAction\":[{\"@type\":\"SearchAction\",\"target\":{\"@type\":\"EntryPoint\",\"urlTemplate\":\"https:\\\/\\\/techmasterdemexico.com\\\/?s={search_term_string}\"},\"query-input\":{\"@type\":\"PropertyValueSpecification\",\"valueRequired\":true,\"valueName\":\"search_term_string\"}}],\"inLanguage\":\"en-US\"}]}<\/script>\n<!-- \/ Yoast SEO plugin. -->","yoast_head_json":{"title":"Comprobador de bater\u00eda Amprobe BAT-250 - Techmaster de Mexico","robots":{"index":"index","follow":"follow","max-snippet":"max-snippet:-1","max-image-preview":"max-image-preview:large","max-video-preview":"max-video-preview:-1"},"canonical":"https:\/\/techmasterdemexico.com\/producto\/comprobador-de-bateria-amprobe-bat-250\/","og_locale":"en_US","og_type":"article","og_title":"Comprobador de bater\u00eda Amprobe BAT-250 - Techmaster de Mexico","og_description":"[:es]Comprobador de bater\u00edas Amprobe BAT-250   Pantalla codificada por colores de f\u00e1cil lectura con indicadores de \"bueno\", \"bajo\" y \"reemplazar \/ recargar\"  Prueba de pilas est\u00e1ndar y recargables: 9 V, AA, AAA, C, D, tipo bot\u00f3n de 1,5 V  La base lateral sostiene las bater\u00edas en su lugar durante la prueba  No se requieren bater\u00edas para operar  La pantalla grande y vertical es m\u00e1s f\u00e1cil de leer  La base en forma de V sostiene las bater\u00edas de forma segura en su lugar durante la prueba para obtener resultados precisos de forma constante  Contactos de 9 V de alta calidad  El control deslizante tiene una forma para facilitar la operaci\u00f3n y realizar pruebas con una sola mano  La forma de la caja se adapta a su mano para una f\u00e1cil operaci\u00f3n.   [:en] Comprobador de bater\u00edas Amprobe BAT-250     Pantalla codificada por colores de f\u00e1cil lectura con indicadores de \"bueno\", \"bajo\" y \"reemplazar \/ recargar\"   Prueba de pilas est\u00e1ndar y recargables: 9 V, AA, AAA, C, D, tipo bot\u00f3n de 1,5 V   La base lateral sostiene las bater\u00edas en su lugar durante la prueba   No se requieren bater\u00edas para operar   La pantalla grande y vertical es m\u00e1s f\u00e1cil de leer   La base en forma de V sostiene las bater\u00edas de forma segura en su lugar durante la prueba para obtener resultados precisos de forma constante   Contactos de 9 V de alta calidad   El control deslizante tiene una forma para facilitar la operaci\u00f3n y realizar pruebas con una sola mano   La forma de la caja se adapta a su mano para una f\u00e1cil operaci\u00f3n.    [:]","og_url":"https:\/\/techmasterdemexico.com\/producto\/comprobador-de-bateria-amprobe-bat-250\/","og_site_name":"Techmaster de Mexico","article_modified_time":"2021-12-28T22:30:37+00:00","og_image":[{"width":363,"height":363,"url":"https:\/\/techmasterdemexico.com\/wp-content\/uploads\/2021\/09\/PD_BAT-2501.jpg","type":"image\/jpeg"}],"twitter_card":"summary_large_image","twitter_misc":{"Est. reading time":"1 minute"},"schema":{"@context":"https:\/\/schema.org","@graph":[{"@type":"WebPage","@id":"https:\/\/techmasterdemexico.com\/producto\/comprobador-de-bateria-amprobe-bat-250\/","url":"https:\/\/techmasterdemexico.com\/producto\/comprobador-de-bateria-amprobe-bat-250\/","name":"Comprobador de bater\u00eda Amprobe BAT-250 - Techmaster de Mexico","isPartOf":{"@id":"https:\/\/techmasterdemexico.com\/#website"},"primaryImageOfPage":{"@id":"https:\/\/techmasterdemexico.com\/producto\/comprobador-de-bateria-amprobe-bat-250\/#primaryimage"},"image":{"@id":"https:\/\/techmasterdemexico.com\/producto\/comprobador-de-bateria-amprobe-bat-250\/#primaryimage"},"thumbnailUrl":"https:\/\/techmasterdemexico.com\/wp-content\/uploads\/2021\/09\/PD_BAT-2501.jpg","datePublished":"2021-09-14T22:37:50+00:00","dateModified":"2021-12-28T22:30:37+00:00","breadcrumb":{"@id":"https:\/\/techmasterdemexico.com\/producto\/comprobador-de-bateria-amprobe-bat-250\/#breadcrumb"},"inLanguage":"en-US","potentialAction":[{"@type":"ReadAction","target":["https:\/\/techmasterdemexico.com\/producto\/comprobador-de-bateria-amprobe-bat-250\/"]}]},{"@type":"ImageObject","inLanguage":"en-US","@id":"https:\/\/techmasterdemexico.com\/producto\/comprobador-de-bateria-amprobe-bat-250\/#primaryimage","url":"https:\/\/techmasterdemexico.com\/wp-content\/uploads\/2021\/09\/PD_BAT-2501.jpg","contentUrl":"https:\/\/techmasterdemexico.com\/wp-content\/uploads\/2021\/09\/PD_BAT-2501.jpg","width":363,"height":363},{"@type":"BreadcrumbList","@id":"https:\/\/techmasterdemexico.com\/producto\/comprobador-de-bateria-amprobe-bat-250\/#breadcrumb","itemListElement":[{"@type":"ListItem","position":1,"name":"Portada","item":"https:\/\/techmasterdemexico.com\/"},{"@type":"ListItem","position":2,"name":"Comprobador de bater\u00eda Amprobe BAT-250"}]},{"@type":"WebSite","@id":"https:\/\/techmasterdemexico.com\/#website","url":"https:\/\/techmasterdemexico.com\/","name":"Techmaster de Mexico","description":"","potentialAction":[{"@type":"SearchAction","target":{"@type":"EntryPoint","urlTemplate":"https:\/\/techmasterdemexico.com\/?s={search_term_string}"},"query-input":{"@type":"PropertyValueSpecification","valueRequired":true,"valueName":"search_term_string"}}],"inLanguage":"en-US"}]}},"brands":[{"id":104,"name":"Amprobe","slug":"amprobe"}],"_links":{"self":[{"href":"https:\/\/techmasterdemexico.com\/en\/wp-json\/wp\/v2\/product\/9119","targetHints":{"allow":["GET"]}}],"collection":[{"href":"https:\/\/techmasterdemexico.com\/en\/wp-json\/wp\/v2\/product"}],"about":[{"href":"https:\/\/techmasterdemexico.com\/en\/wp-json\/wp\/v2\/types\/product"}],"wp:featuredmedia":[{"embeddable":true,"href":"https:\/\/techmasterdemexico.com\/en\/wp-json\/wp\/v2\/media\/9636"}],"wp:attachment":[{"href":"https:\/\/techmasterdemexico.com\/en\/wp-json\/wp\/v2\/media?parent=9119"}],"wp:term":[{"taxonomy":"pwb-brand","embeddable":true,"href":"https:\/\/techmasterdemexico.com\/en\/wp-json\/wp\/v2\/pwb-brand?post=9119"},{"taxonomy":"product_brand","embeddable":true,"href":"https:\/\/techmasterdemexico.com\/en\/wp-json\/wp\/v2\/product_brand?post=9119"},{"taxonomy":"product_cat","embeddable":true,"href":"https:\/\/techmasterdemexico.com\/en\/wp-json\/wp\/v2\/product_cat?post=9119"},{"taxonomy":"product_tag","embeddable":true,"href":"https:\/\/techmasterdemexico.com\/en\/wp-json\/wp\/v2\/product_tag?post=9119"}],"curies":[{"name":"wp","href":"https:\/\/api.w.org\/{rel}","templated":true}]}}