{"id":9118,"date":"2021-09-14T22:37:49","date_gmt":"2021-09-14T22:37:49","guid":{"rendered":"https:\/\/techmastermx.ddns.net\/producto\/comprobador-de-impedancia-de-bateria-amprobe-bat-500-de-hasta-40-v\/"},"modified":"2021-12-28T22:30:38","modified_gmt":"2021-12-28T22:30:38","slug":"comprobador-de-impedancia-de-bateria-amprobe-bat-500-de-hasta-40-v","status":"publish","type":"product","link":"https:\/\/techmasterdemexico.com\/en\/producto\/comprobador-de-impedancia-de-bateria-amprobe-bat-500-de-hasta-40-v\/","title":{"rendered":"Comprobador de impedancia de bater\u00eda Amprobe BAT-500 de hasta 40 V"},"content":{"rendered":"<p>El probador de bater\u00edas Amprobe BAT-500 prueba las bater\u00edas de forma r\u00e1pida y precisa sin desconectarlas. Este probador de bater\u00edas cuenta con una funci\u00f3n de comparaci\u00f3n con indicaci\u00f3n de pasa \/ falla y prueba de velocidad de bater\u00edas de hasta 500 Ah. El probador de bater\u00edas Amprobe BAT-500, compacto y liviano, mide simult\u00e1neamente la resistencia y el voltaje de la bater\u00eda hasta 40 V.<\/p>\n","protected":false},"excerpt":{"rendered":"<p>Comprobador de impedancia de bater\u00eda Amprobe BAT-500 de hasta 40 V<\/p>\n<ul>\n<li>Prueba la impedancia de la bater\u00eda para calcular su vida real\n<p>Funciona con la mayor\u00eda de las bater\u00edas, bater\u00edas de almacenamiento compactas, alcalinas y de plomo-\u00e1cido hasta 500 Ah<\/li>\n<li>Medici\u00f3n de resistencia de hasta 40 ohmios y voltaje de hasta 40 V<\/li>\n<li>Las pruebas se realizan sin apagar una bater\u00eda<\/li>\n<li>Mida simult\u00e1neamente la resistencia y el voltaje de la bater\u00eda<\/li>\n<li>Funci\u00f3n de comparador para acceder r\u00e1pidamente a condiciones como pasa, advertencia o falla<\/li>\n<li>99 ubicaciones de memoria para almacenar resultados con funci\u00f3n de lectura<\/li>\n<li>Compacto y ligero<\/li>\n<li>Interfaz de PC RS232 para descargar los resultados de las pruebas a una PC para el an\u00e1lisis de tendencias \/ ciclo de vida<\/li>\n<\/ul>\n","protected":false},"featured_media":9657,"template":"","meta":{"_acf_changed":false},"pwb-brand":[104],"product_brand":[],"product_cat":[366,105,101,172],"product_tag":[],"class_list":{"0":"post-9118","1":"product","2":"type-product","3":"status-publish","4":"has-post-thumbnail","6":"pwb-brand-amprobe","7":"product_cat-todos-los-productos","8":"product_cat-accesorios","9":"product_cat-amprobe","10":"product_cat-probadores-de-bateria","12":"first","13":"instock","14":"taxable","15":"shipping-taxable","16":"product-type-simple"},"acf":[],"yoast_head":"<!-- This site is optimized with the Yoast SEO plugin v27.4 - https:\/\/yoast.com\/product\/yoast-seo-wordpress\/ -->\n<title>Comprobador de impedancia de bater\u00eda Amprobe BAT-500 de hasta 40 V - Techmaster de Mexico<\/title>\n<meta name=\"robots\" content=\"index, follow, max-snippet:-1, max-image-preview:large, max-video-preview:-1\" \/>\n<link rel=\"canonical\" href=\"https:\/\/techmasterdemexico.com\/producto\/comprobador-de-impedancia-de-bateria-amprobe-bat-500-de-hasta-40-v\/\" \/>\n<meta property=\"og:locale\" content=\"en_US\" \/>\n<meta property=\"og:type\" content=\"article\" \/>\n<meta property=\"og:title\" content=\"Comprobador de impedancia de bater\u00eda Amprobe BAT-500 de hasta 40 V - Techmaster de Mexico\" \/>\n<meta property=\"og:description\" content=\"Comprobador de impedancia de bater\u00eda Amprobe BAT-500 de hasta 40 V    Prueba la impedancia de la bater\u00eda para calcular su vida real  Funciona con la mayor\u00eda de las bater\u00edas, bater\u00edas de almacenamiento compactas, alcalinas y de plomo-\u00e1cido hasta 500 Ah   Medici\u00f3n de resistencia de hasta 40 ohmios y voltaje de hasta 40 V   Las pruebas se realizan sin apagar una bater\u00eda   Mida simult\u00e1neamente la resistencia y el voltaje de la bater\u00eda   Funci\u00f3n de comparador para acceder r\u00e1pidamente a condiciones como pasa, advertencia o falla   99 ubicaciones de memoria para almacenar resultados con funci\u00f3n de lectura   Compacto y ligero   Interfaz de PC RS232 para descargar los resultados de las pruebas a una PC para el an\u00e1lisis de tendencias \/ ciclo de vida\" \/>\n<meta property=\"og:url\" content=\"https:\/\/techmasterdemexico.com\/producto\/comprobador-de-impedancia-de-bateria-amprobe-bat-500-de-hasta-40-v\/\" \/>\n<meta property=\"og:site_name\" content=\"Techmaster de Mexico\" \/>\n<meta property=\"article:modified_time\" content=\"2021-12-28T22:30:38+00:00\" \/>\n<meta property=\"og:image\" content=\"https:\/\/techmasterdemexico.com\/wp-content\/uploads\/2021\/09\/Ap-bat-500_01a_h.jpg\" \/>\n\t<meta property=\"og:image:width\" content=\"1000\" \/>\n\t<meta property=\"og:image:height\" content=\"1000\" \/>\n\t<meta property=\"og:image:type\" content=\"image\/jpeg\" \/>\n<meta name=\"twitter:card\" content=\"summary_large_image\" \/>\n<script type=\"application\/ld+json\" class=\"yoast-schema-graph\">{\"@context\":\"https:\\\/\\\/schema.org\",\"@graph\":[{\"@type\":\"WebPage\",\"@id\":\"https:\\\/\\\/techmasterdemexico.com\\\/producto\\\/comprobador-de-impedancia-de-bateria-amprobe-bat-500-de-hasta-40-v\\\/\",\"url\":\"https:\\\/\\\/techmasterdemexico.com\\\/producto\\\/comprobador-de-impedancia-de-bateria-amprobe-bat-500-de-hasta-40-v\\\/\",\"name\":\"Comprobador de impedancia de bater\u00eda Amprobe BAT-500 de hasta 40 V - Techmaster de Mexico\",\"isPartOf\":{\"@id\":\"https:\\\/\\\/techmasterdemexico.com\\\/#website\"},\"primaryImageOfPage\":{\"@id\":\"https:\\\/\\\/techmasterdemexico.com\\\/producto\\\/comprobador-de-impedancia-de-bateria-amprobe-bat-500-de-hasta-40-v\\\/#primaryimage\"},\"image\":{\"@id\":\"https:\\\/\\\/techmasterdemexico.com\\\/producto\\\/comprobador-de-impedancia-de-bateria-amprobe-bat-500-de-hasta-40-v\\\/#primaryimage\"},\"thumbnailUrl\":\"https:\\\/\\\/techmasterdemexico.com\\\/wp-content\\\/uploads\\\/2021\\\/09\\\/Ap-bat-500_01a_h.jpg\",\"datePublished\":\"2021-09-14T22:37:49+00:00\",\"dateModified\":\"2021-12-28T22:30:38+00:00\",\"breadcrumb\":{\"@id\":\"https:\\\/\\\/techmasterdemexico.com\\\/producto\\\/comprobador-de-impedancia-de-bateria-amprobe-bat-500-de-hasta-40-v\\\/#breadcrumb\"},\"inLanguage\":\"en-US\",\"potentialAction\":[{\"@type\":\"ReadAction\",\"target\":[\"https:\\\/\\\/techmasterdemexico.com\\\/producto\\\/comprobador-de-impedancia-de-bateria-amprobe-bat-500-de-hasta-40-v\\\/\"]}]},{\"@type\":\"ImageObject\",\"inLanguage\":\"en-US\",\"@id\":\"https:\\\/\\\/techmasterdemexico.com\\\/producto\\\/comprobador-de-impedancia-de-bateria-amprobe-bat-500-de-hasta-40-v\\\/#primaryimage\",\"url\":\"https:\\\/\\\/techmasterdemexico.com\\\/wp-content\\\/uploads\\\/2021\\\/09\\\/Ap-bat-500_01a_h.jpg\",\"contentUrl\":\"https:\\\/\\\/techmasterdemexico.com\\\/wp-content\\\/uploads\\\/2021\\\/09\\\/Ap-bat-500_01a_h.jpg\",\"width\":1000,\"height\":1000},{\"@type\":\"BreadcrumbList\",\"@id\":\"https:\\\/\\\/techmasterdemexico.com\\\/producto\\\/comprobador-de-impedancia-de-bateria-amprobe-bat-500-de-hasta-40-v\\\/#breadcrumb\",\"itemListElement\":[{\"@type\":\"ListItem\",\"position\":1,\"name\":\"Portada\",\"item\":\"https:\\\/\\\/techmasterdemexico.com\\\/\"},{\"@type\":\"ListItem\",\"position\":2,\"name\":\"Comprobador de impedancia de bater\u00eda Amprobe BAT-500 de hasta 40 V\"}]},{\"@type\":\"WebSite\",\"@id\":\"https:\\\/\\\/techmasterdemexico.com\\\/#website\",\"url\":\"https:\\\/\\\/techmasterdemexico.com\\\/\",\"name\":\"Techmaster de Mexico\",\"description\":\"\",\"potentialAction\":[{\"@type\":\"SearchAction\",\"target\":{\"@type\":\"EntryPoint\",\"urlTemplate\":\"https:\\\/\\\/techmasterdemexico.com\\\/?s={search_term_string}\"},\"query-input\":{\"@type\":\"PropertyValueSpecification\",\"valueRequired\":true,\"valueName\":\"search_term_string\"}}],\"inLanguage\":\"en-US\"}]}<\/script>\n<!-- \/ Yoast SEO plugin. -->","yoast_head_json":{"title":"Comprobador de impedancia de bater\u00eda Amprobe BAT-500 de hasta 40 V - Techmaster de Mexico","robots":{"index":"index","follow":"follow","max-snippet":"max-snippet:-1","max-image-preview":"max-image-preview:large","max-video-preview":"max-video-preview:-1"},"canonical":"https:\/\/techmasterdemexico.com\/producto\/comprobador-de-impedancia-de-bateria-amprobe-bat-500-de-hasta-40-v\/","og_locale":"en_US","og_type":"article","og_title":"Comprobador de impedancia de bater\u00eda Amprobe BAT-500 de hasta 40 V - Techmaster de Mexico","og_description":"Comprobador de impedancia de bater\u00eda Amprobe BAT-500 de hasta 40 V    Prueba la impedancia de la bater\u00eda para calcular su vida real  Funciona con la mayor\u00eda de las bater\u00edas, bater\u00edas de almacenamiento compactas, alcalinas y de plomo-\u00e1cido hasta 500 Ah   Medici\u00f3n de resistencia de hasta 40 ohmios y voltaje de hasta 40 V   Las pruebas se realizan sin apagar una bater\u00eda   Mida simult\u00e1neamente la resistencia y el voltaje de la bater\u00eda   Funci\u00f3n de comparador para acceder r\u00e1pidamente a condiciones como pasa, advertencia o falla   99 ubicaciones de memoria para almacenar resultados con funci\u00f3n de lectura   Compacto y ligero   Interfaz de PC RS232 para descargar los resultados de las pruebas a una PC para el an\u00e1lisis de tendencias \/ ciclo de vida","og_url":"https:\/\/techmasterdemexico.com\/producto\/comprobador-de-impedancia-de-bateria-amprobe-bat-500-de-hasta-40-v\/","og_site_name":"Techmaster de Mexico","article_modified_time":"2021-12-28T22:30:38+00:00","og_image":[{"width":1000,"height":1000,"url":"https:\/\/techmasterdemexico.com\/wp-content\/uploads\/2021\/09\/Ap-bat-500_01a_h.jpg","type":"image\/jpeg"}],"twitter_card":"summary_large_image","schema":{"@context":"https:\/\/schema.org","@graph":[{"@type":"WebPage","@id":"https:\/\/techmasterdemexico.com\/producto\/comprobador-de-impedancia-de-bateria-amprobe-bat-500-de-hasta-40-v\/","url":"https:\/\/techmasterdemexico.com\/producto\/comprobador-de-impedancia-de-bateria-amprobe-bat-500-de-hasta-40-v\/","name":"Comprobador de impedancia de bater\u00eda Amprobe BAT-500 de hasta 40 V - Techmaster de Mexico","isPartOf":{"@id":"https:\/\/techmasterdemexico.com\/#website"},"primaryImageOfPage":{"@id":"https:\/\/techmasterdemexico.com\/producto\/comprobador-de-impedancia-de-bateria-amprobe-bat-500-de-hasta-40-v\/#primaryimage"},"image":{"@id":"https:\/\/techmasterdemexico.com\/producto\/comprobador-de-impedancia-de-bateria-amprobe-bat-500-de-hasta-40-v\/#primaryimage"},"thumbnailUrl":"https:\/\/techmasterdemexico.com\/wp-content\/uploads\/2021\/09\/Ap-bat-500_01a_h.jpg","datePublished":"2021-09-14T22:37:49+00:00","dateModified":"2021-12-28T22:30:38+00:00","breadcrumb":{"@id":"https:\/\/techmasterdemexico.com\/producto\/comprobador-de-impedancia-de-bateria-amprobe-bat-500-de-hasta-40-v\/#breadcrumb"},"inLanguage":"en-US","potentialAction":[{"@type":"ReadAction","target":["https:\/\/techmasterdemexico.com\/producto\/comprobador-de-impedancia-de-bateria-amprobe-bat-500-de-hasta-40-v\/"]}]},{"@type":"ImageObject","inLanguage":"en-US","@id":"https:\/\/techmasterdemexico.com\/producto\/comprobador-de-impedancia-de-bateria-amprobe-bat-500-de-hasta-40-v\/#primaryimage","url":"https:\/\/techmasterdemexico.com\/wp-content\/uploads\/2021\/09\/Ap-bat-500_01a_h.jpg","contentUrl":"https:\/\/techmasterdemexico.com\/wp-content\/uploads\/2021\/09\/Ap-bat-500_01a_h.jpg","width":1000,"height":1000},{"@type":"BreadcrumbList","@id":"https:\/\/techmasterdemexico.com\/producto\/comprobador-de-impedancia-de-bateria-amprobe-bat-500-de-hasta-40-v\/#breadcrumb","itemListElement":[{"@type":"ListItem","position":1,"name":"Portada","item":"https:\/\/techmasterdemexico.com\/"},{"@type":"ListItem","position":2,"name":"Comprobador de impedancia de bater\u00eda Amprobe BAT-500 de hasta 40 V"}]},{"@type":"WebSite","@id":"https:\/\/techmasterdemexico.com\/#website","url":"https:\/\/techmasterdemexico.com\/","name":"Techmaster de Mexico","description":"","potentialAction":[{"@type":"SearchAction","target":{"@type":"EntryPoint","urlTemplate":"https:\/\/techmasterdemexico.com\/?s={search_term_string}"},"query-input":{"@type":"PropertyValueSpecification","valueRequired":true,"valueName":"search_term_string"}}],"inLanguage":"en-US"}]}},"brands":[{"id":104,"name":"Amprobe","slug":"amprobe"}],"_links":{"self":[{"href":"https:\/\/techmasterdemexico.com\/en\/wp-json\/wp\/v2\/product\/9118","targetHints":{"allow":["GET"]}}],"collection":[{"href":"https:\/\/techmasterdemexico.com\/en\/wp-json\/wp\/v2\/product"}],"about":[{"href":"https:\/\/techmasterdemexico.com\/en\/wp-json\/wp\/v2\/types\/product"}],"wp:featuredmedia":[{"embeddable":true,"href":"https:\/\/techmasterdemexico.com\/en\/wp-json\/wp\/v2\/media\/9657"}],"wp:attachment":[{"href":"https:\/\/techmasterdemexico.com\/en\/wp-json\/wp\/v2\/media?parent=9118"}],"wp:term":[{"taxonomy":"pwb-brand","embeddable":true,"href":"https:\/\/techmasterdemexico.com\/en\/wp-json\/wp\/v2\/pwb-brand?post=9118"},{"taxonomy":"product_brand","embeddable":true,"href":"https:\/\/techmasterdemexico.com\/en\/wp-json\/wp\/v2\/product_brand?post=9118"},{"taxonomy":"product_cat","embeddable":true,"href":"https:\/\/techmasterdemexico.com\/en\/wp-json\/wp\/v2\/product_cat?post=9118"},{"taxonomy":"product_tag","embeddable":true,"href":"https:\/\/techmasterdemexico.com\/en\/wp-json\/wp\/v2\/product_tag?post=9118"}],"curies":[{"name":"wp","href":"https:\/\/api.w.org\/{rel}","templated":true}]}}