{"id":9110,"date":"2021-09-14T22:37:44","date_gmt":"2021-09-14T22:37:44","guid":{"rendered":"https:\/\/techmastermx.ddns.net\/producto\/cables-de-prueba-amprobe-tl35b\/"},"modified":"2021-12-28T22:30:42","modified_gmt":"2021-12-28T22:30:42","slug":"cables-de-prueba-amprobe-tl35b","status":"publish","type":"product","link":"https:\/\/techmasterdemexico.com\/en\/producto\/cables-de-prueba-amprobe-tl35b\/","title":{"rendered":"Cables de prueba Amprobe TL35B"},"content":{"rendered":"<p>Compatible con mult\u00edmetros, pinzas amperim\u00e9tricas y herramientas de prueba el\u00e9ctricas con terminales de entrada est\u00e1ndar. El juego de cables de prueba Amprobe TL35B contiene dos cables de aislamiento de cloruro de polivinilo (PVC) con dos puntas de sonda roscadas y dos pinzas de cocodrilo roscadas para conectar un medidor de prueba el\u00e9ctrico compatible a un dispositivo en aplicaciones de prueba el\u00e9ctrica. Los cables conductores tienen una longitud de 40 \u2033 y tienen puntas de sonda est\u00e1ndar que se sostienen contra el conductor durante la prueba. Las pinzas de cocodrilo se atornillan a las puntas de las sondas, tienen una abertura de mand\u00edbula de 0.60 \u2033 y tienen dientes que sujetan el conductor para proporcionar una conexi\u00f3n m\u00e1s segura y manos libres que las puntas de las sondas de prueba. Las puntas de la sonda y las pinzas cocodrilo incluidas est\u00e1n roscadas, lo que permite una conexi\u00f3n m\u00e1s segura que las puntas y pinzas sin rosca.<\/p>\n","protected":false},"excerpt":{"rendered":"<p>Cables de prueba Amprobe TL35B<\/p>\n<ul>\n<li>El juego de cables de prueba conecta un medidor de prueba el\u00e9ctrico compatible a un dispositivo para realizar pruebas<\/li>\n<li>El juego incluye dos cables conductores, dos puntas de sonda de prueba roscadas y dos pinzas de cocodrilo<\/li>\n<li>Aislamiento de cloruro de polivinilo (PVC)<\/li>\n<li>Las pinzas de cocodrilo roscadas tienen una abertura de mand\u00edbula de 0,60 \u2033 y dientes que sujetan el conductor para proporcionar una conexi\u00f3n m\u00e1s segura y manos libres que las puntas de las sondas<\/li>\n<\/ul>\n","protected":false},"featured_media":9681,"template":"","meta":{"_acf_changed":false},"pwb-brand":[104],"product_brand":[],"product_cat":[366,105,101,169],"product_tag":[],"class_list":{"0":"post-9110","1":"product","2":"type-product","3":"status-publish","4":"has-post-thumbnail","6":"pwb-brand-amprobe","7":"product_cat-todos-los-productos","8":"product_cat-accesorios","9":"product_cat-amprobe","10":"product_cat-cables-de-prueba","12":"first","13":"instock","14":"taxable","15":"shipping-taxable","16":"product-type-simple"},"acf":[],"yoast_head":"<!-- This site is optimized with the Yoast SEO plugin v27.4 - https:\/\/yoast.com\/product\/yoast-seo-wordpress\/ -->\n<title>Cables de prueba Amprobe TL35B - Techmaster de Mexico<\/title>\n<meta name=\"robots\" content=\"index, follow, max-snippet:-1, max-image-preview:large, max-video-preview:-1\" \/>\n<link rel=\"canonical\" href=\"https:\/\/techmasterdemexico.com\/producto\/cables-de-prueba-amprobe-tl35b\/\" \/>\n<meta property=\"og:locale\" content=\"en_US\" \/>\n<meta property=\"og:type\" content=\"article\" \/>\n<meta property=\"og:title\" content=\"Cables de prueba Amprobe TL35B - Techmaster de Mexico\" \/>\n<meta property=\"og:description\" content=\"Cables de prueba Amprobe TL35B    El juego de cables de prueba conecta un medidor de prueba el\u00e9ctrico compatible a un dispositivo para realizar pruebas   El juego incluye dos cables conductores, dos puntas de sonda de prueba roscadas y dos pinzas de cocodrilo   Aislamiento de cloruro de polivinilo (PVC)   Las pinzas de cocodrilo roscadas tienen una abertura de mand\u00edbula de 0,60 \u2033 y dientes que sujetan el conductor para proporcionar una conexi\u00f3n m\u00e1s segura y manos libres que las puntas de las sondas\" \/>\n<meta property=\"og:url\" content=\"https:\/\/techmasterdemexico.com\/producto\/cables-de-prueba-amprobe-tl35b\/\" \/>\n<meta property=\"og:site_name\" content=\"Techmaster de Mexico\" \/>\n<meta property=\"article:modified_time\" content=\"2021-12-28T22:30:42+00:00\" \/>\n<meta property=\"og:image\" content=\"https:\/\/techmasterdemexico.com\/wp-content\/uploads\/2021\/09\/35b.jpg\" \/>\n\t<meta property=\"og:image:width\" content=\"397\" \/>\n\t<meta property=\"og:image:height\" content=\"397\" \/>\n\t<meta property=\"og:image:type\" content=\"image\/jpeg\" \/>\n<meta name=\"twitter:card\" content=\"summary_large_image\" \/>\n<meta name=\"twitter:label1\" content=\"Est. reading time\" \/>\n\t<meta name=\"twitter:data1\" content=\"1 minute\" \/>\n<script type=\"application\/ld+json\" class=\"yoast-schema-graph\">{\"@context\":\"https:\\\/\\\/schema.org\",\"@graph\":[{\"@type\":\"WebPage\",\"@id\":\"https:\\\/\\\/techmasterdemexico.com\\\/producto\\\/cables-de-prueba-amprobe-tl35b\\\/\",\"url\":\"https:\\\/\\\/techmasterdemexico.com\\\/producto\\\/cables-de-prueba-amprobe-tl35b\\\/\",\"name\":\"Cables de prueba Amprobe TL35B - Techmaster de Mexico\",\"isPartOf\":{\"@id\":\"https:\\\/\\\/techmasterdemexico.com\\\/#website\"},\"primaryImageOfPage\":{\"@id\":\"https:\\\/\\\/techmasterdemexico.com\\\/producto\\\/cables-de-prueba-amprobe-tl35b\\\/#primaryimage\"},\"image\":{\"@id\":\"https:\\\/\\\/techmasterdemexico.com\\\/producto\\\/cables-de-prueba-amprobe-tl35b\\\/#primaryimage\"},\"thumbnailUrl\":\"https:\\\/\\\/techmasterdemexico.com\\\/wp-content\\\/uploads\\\/2021\\\/09\\\/35b.jpg\",\"datePublished\":\"2021-09-14T22:37:44+00:00\",\"dateModified\":\"2021-12-28T22:30:42+00:00\",\"breadcrumb\":{\"@id\":\"https:\\\/\\\/techmasterdemexico.com\\\/producto\\\/cables-de-prueba-amprobe-tl35b\\\/#breadcrumb\"},\"inLanguage\":\"en-US\",\"potentialAction\":[{\"@type\":\"ReadAction\",\"target\":[\"https:\\\/\\\/techmasterdemexico.com\\\/producto\\\/cables-de-prueba-amprobe-tl35b\\\/\"]}]},{\"@type\":\"ImageObject\",\"inLanguage\":\"en-US\",\"@id\":\"https:\\\/\\\/techmasterdemexico.com\\\/producto\\\/cables-de-prueba-amprobe-tl35b\\\/#primaryimage\",\"url\":\"https:\\\/\\\/techmasterdemexico.com\\\/wp-content\\\/uploads\\\/2021\\\/09\\\/35b.jpg\",\"contentUrl\":\"https:\\\/\\\/techmasterdemexico.com\\\/wp-content\\\/uploads\\\/2021\\\/09\\\/35b.jpg\",\"width\":397,\"height\":397},{\"@type\":\"BreadcrumbList\",\"@id\":\"https:\\\/\\\/techmasterdemexico.com\\\/producto\\\/cables-de-prueba-amprobe-tl35b\\\/#breadcrumb\",\"itemListElement\":[{\"@type\":\"ListItem\",\"position\":1,\"name\":\"Portada\",\"item\":\"https:\\\/\\\/techmasterdemexico.com\\\/\"},{\"@type\":\"ListItem\",\"position\":2,\"name\":\"Cables de prueba Amprobe TL35B\"}]},{\"@type\":\"WebSite\",\"@id\":\"https:\\\/\\\/techmasterdemexico.com\\\/#website\",\"url\":\"https:\\\/\\\/techmasterdemexico.com\\\/\",\"name\":\"Techmaster de Mexico\",\"description\":\"\",\"potentialAction\":[{\"@type\":\"SearchAction\",\"target\":{\"@type\":\"EntryPoint\",\"urlTemplate\":\"https:\\\/\\\/techmasterdemexico.com\\\/?s={search_term_string}\"},\"query-input\":{\"@type\":\"PropertyValueSpecification\",\"valueRequired\":true,\"valueName\":\"search_term_string\"}}],\"inLanguage\":\"en-US\"}]}<\/script>\n<!-- \/ Yoast SEO plugin. -->","yoast_head_json":{"title":"Cables de prueba Amprobe TL35B - Techmaster de Mexico","robots":{"index":"index","follow":"follow","max-snippet":"max-snippet:-1","max-image-preview":"max-image-preview:large","max-video-preview":"max-video-preview:-1"},"canonical":"https:\/\/techmasterdemexico.com\/producto\/cables-de-prueba-amprobe-tl35b\/","og_locale":"en_US","og_type":"article","og_title":"Cables de prueba Amprobe TL35B - Techmaster de Mexico","og_description":"Cables de prueba Amprobe TL35B    El juego de cables de prueba conecta un medidor de prueba el\u00e9ctrico compatible a un dispositivo para realizar pruebas   El juego incluye dos cables conductores, dos puntas de sonda de prueba roscadas y dos pinzas de cocodrilo   Aislamiento de cloruro de polivinilo (PVC)   Las pinzas de cocodrilo roscadas tienen una abertura de mand\u00edbula de 0,60 \u2033 y dientes que sujetan el conductor para proporcionar una conexi\u00f3n m\u00e1s segura y manos libres que las puntas de las sondas","og_url":"https:\/\/techmasterdemexico.com\/producto\/cables-de-prueba-amprobe-tl35b\/","og_site_name":"Techmaster de Mexico","article_modified_time":"2021-12-28T22:30:42+00:00","og_image":[{"width":397,"height":397,"url":"https:\/\/techmasterdemexico.com\/wp-content\/uploads\/2021\/09\/35b.jpg","type":"image\/jpeg"}],"twitter_card":"summary_large_image","twitter_misc":{"Est. reading time":"1 minute"},"schema":{"@context":"https:\/\/schema.org","@graph":[{"@type":"WebPage","@id":"https:\/\/techmasterdemexico.com\/producto\/cables-de-prueba-amprobe-tl35b\/","url":"https:\/\/techmasterdemexico.com\/producto\/cables-de-prueba-amprobe-tl35b\/","name":"Cables de prueba Amprobe TL35B - Techmaster de Mexico","isPartOf":{"@id":"https:\/\/techmasterdemexico.com\/#website"},"primaryImageOfPage":{"@id":"https:\/\/techmasterdemexico.com\/producto\/cables-de-prueba-amprobe-tl35b\/#primaryimage"},"image":{"@id":"https:\/\/techmasterdemexico.com\/producto\/cables-de-prueba-amprobe-tl35b\/#primaryimage"},"thumbnailUrl":"https:\/\/techmasterdemexico.com\/wp-content\/uploads\/2021\/09\/35b.jpg","datePublished":"2021-09-14T22:37:44+00:00","dateModified":"2021-12-28T22:30:42+00:00","breadcrumb":{"@id":"https:\/\/techmasterdemexico.com\/producto\/cables-de-prueba-amprobe-tl35b\/#breadcrumb"},"inLanguage":"en-US","potentialAction":[{"@type":"ReadAction","target":["https:\/\/techmasterdemexico.com\/producto\/cables-de-prueba-amprobe-tl35b\/"]}]},{"@type":"ImageObject","inLanguage":"en-US","@id":"https:\/\/techmasterdemexico.com\/producto\/cables-de-prueba-amprobe-tl35b\/#primaryimage","url":"https:\/\/techmasterdemexico.com\/wp-content\/uploads\/2021\/09\/35b.jpg","contentUrl":"https:\/\/techmasterdemexico.com\/wp-content\/uploads\/2021\/09\/35b.jpg","width":397,"height":397},{"@type":"BreadcrumbList","@id":"https:\/\/techmasterdemexico.com\/producto\/cables-de-prueba-amprobe-tl35b\/#breadcrumb","itemListElement":[{"@type":"ListItem","position":1,"name":"Portada","item":"https:\/\/techmasterdemexico.com\/"},{"@type":"ListItem","position":2,"name":"Cables de prueba Amprobe TL35B"}]},{"@type":"WebSite","@id":"https:\/\/techmasterdemexico.com\/#website","url":"https:\/\/techmasterdemexico.com\/","name":"Techmaster de Mexico","description":"","potentialAction":[{"@type":"SearchAction","target":{"@type":"EntryPoint","urlTemplate":"https:\/\/techmasterdemexico.com\/?s={search_term_string}"},"query-input":{"@type":"PropertyValueSpecification","valueRequired":true,"valueName":"search_term_string"}}],"inLanguage":"en-US"}]}},"brands":[{"id":104,"name":"Amprobe","slug":"amprobe"}],"_links":{"self":[{"href":"https:\/\/techmasterdemexico.com\/en\/wp-json\/wp\/v2\/product\/9110","targetHints":{"allow":["GET"]}}],"collection":[{"href":"https:\/\/techmasterdemexico.com\/en\/wp-json\/wp\/v2\/product"}],"about":[{"href":"https:\/\/techmasterdemexico.com\/en\/wp-json\/wp\/v2\/types\/product"}],"wp:featuredmedia":[{"embeddable":true,"href":"https:\/\/techmasterdemexico.com\/en\/wp-json\/wp\/v2\/media\/9681"}],"wp:attachment":[{"href":"https:\/\/techmasterdemexico.com\/en\/wp-json\/wp\/v2\/media?parent=9110"}],"wp:term":[{"taxonomy":"pwb-brand","embeddable":true,"href":"https:\/\/techmasterdemexico.com\/en\/wp-json\/wp\/v2\/pwb-brand?post=9110"},{"taxonomy":"product_brand","embeddable":true,"href":"https:\/\/techmasterdemexico.com\/en\/wp-json\/wp\/v2\/product_brand?post=9110"},{"taxonomy":"product_cat","embeddable":true,"href":"https:\/\/techmasterdemexico.com\/en\/wp-json\/wp\/v2\/product_cat?post=9110"},{"taxonomy":"product_tag","embeddable":true,"href":"https:\/\/techmasterdemexico.com\/en\/wp-json\/wp\/v2\/product_tag?post=9110"}],"curies":[{"name":"wp","href":"https:\/\/api.w.org\/{rel}","templated":true}]}}