{"id":9109,"date":"2021-09-14T22:37:44","date_gmt":"2021-09-14T22:37:44","guid":{"rendered":"https:\/\/techmastermx.ddns.net\/producto\/cables-de-prueba-amprobe-tl245a\/"},"modified":"2021-12-28T22:30:41","modified_gmt":"2021-12-28T22:30:41","slug":"cables-de-prueba-amprobe-tl245a","status":"publish","type":"product","link":"https:\/\/techmasterdemexico.com\/en\/producto\/cables-de-prueba-amprobe-tl245a\/","title":{"rendered":"Cables de prueba Amprobe TL245A"},"content":{"rendered":"<p>Los cables de prueba Amprobe TL245A son dos cables con aislamiento de silicona con dos puntas de sonda est\u00e1ndar para conectar un medidor de prueba el\u00e9ctrico compatible a un dispositivo en aplicaciones de prueba el\u00e9ctrica. Los cables conductores de 48 \u2033 tienen aislamiento de silicona para proteger las manos de los golpes y el calor. El aislamiento de silicona resiste la fusi\u00f3n en ambientes calientes y se vuelve quebradizo en los fr\u00edos, y mantiene la flexibilidad mejor que el aislamiento de cloruro de polivinilo (PVC). Las puntas de las sondas est\u00e1ndar se sostienen contra el conductor durante la prueba. Los cables conductores se pueden utilizar con dispositivos de prueba que tienen conectores universales de 4 mm.<\/p>\n","protected":false},"excerpt":{"rendered":"<p class=\"qtranxs-available-languages-message qtranxs-available-languages-message-en\">Sorry, this entry is only available in <a href=\"https:\/\/techmasterdemexico.com\/es\/wp-json\/wp\/v2\/product\/9109\" class=\"qtranxs-available-language-link qtranxs-available-language-link-es\" title=\"Espa\u00f1ol\">Espa\u00f1ol<\/a>.<\/p>\n","protected":false},"featured_media":9680,"template":"","meta":{"_acf_changed":false},"pwb-brand":[104],"product_brand":[],"product_cat":[366,105,101,169],"product_tag":[],"class_list":{"0":"post-9109","1":"product","2":"type-product","3":"status-publish","4":"has-post-thumbnail","6":"pwb-brand-amprobe","7":"product_cat-todos-los-productos","8":"product_cat-accesorios","9":"product_cat-amprobe","10":"product_cat-cables-de-prueba","12":"first","13":"instock","14":"taxable","15":"shipping-taxable","16":"product-type-simple"},"acf":[],"yoast_head":"<!-- This site is optimized with the Yoast SEO plugin v27.4 - https:\/\/yoast.com\/product\/yoast-seo-wordpress\/ -->\n<title>Cables de prueba Amprobe TL245A - Techmaster de Mexico<\/title>\n<meta name=\"robots\" content=\"index, follow, max-snippet:-1, max-image-preview:large, max-video-preview:-1\" \/>\n<link rel=\"canonical\" href=\"https:\/\/techmasterdemexico.com\/producto\/cables-de-prueba-amprobe-tl245a\/\" \/>\n<meta property=\"og:locale\" content=\"en_US\" \/>\n<meta property=\"og:type\" content=\"article\" \/>\n<meta property=\"og:title\" content=\"Cables de prueba Amprobe TL245A - Techmaster de Mexico\" \/>\n<meta property=\"og:description\" content=\"[:es]  Cables de prueba Amprobe TL245A    Los cables de prueba conectan un medidor de prueba el\u00e9ctrico compatible a un dispositivo para realizar pruebas   El juego incluye dos cables conductores de 48 \u2033 con dos puntas de sonda est\u00e1ndar   El aislamiento de silicona en los cables protege las manos de los golpes y el calor, resiste la fusi\u00f3n o la fragilidad en ambientes fr\u00edos o calientes y mantiene la flexibilidad mejor que el aislamiento de PVC   Los cables conductores se conectan a tomas de 4 mm   &nbsp;[:]\" \/>\n<meta property=\"og:url\" content=\"https:\/\/techmasterdemexico.com\/producto\/cables-de-prueba-amprobe-tl245a\/\" \/>\n<meta property=\"og:site_name\" content=\"Techmaster de Mexico\" \/>\n<meta property=\"article:modified_time\" content=\"2021-12-28T22:30:41+00:00\" \/>\n<meta property=\"og:image\" content=\"https:\/\/techmasterdemexico.com\/wp-content\/uploads\/2021\/09\/245a.jpg\" \/>\n\t<meta property=\"og:image:width\" content=\"600\" \/>\n\t<meta property=\"og:image:height\" content=\"600\" \/>\n\t<meta property=\"og:image:type\" content=\"image\/jpeg\" \/>\n<meta name=\"twitter:card\" content=\"summary_large_image\" \/>\n<meta name=\"twitter:label1\" content=\"Est. reading time\" \/>\n\t<meta name=\"twitter:data1\" content=\"1 minute\" \/>\n<script type=\"application\/ld+json\" class=\"yoast-schema-graph\">{\"@context\":\"https:\\\/\\\/schema.org\",\"@graph\":[{\"@type\":\"WebPage\",\"@id\":\"https:\\\/\\\/techmasterdemexico.com\\\/producto\\\/cables-de-prueba-amprobe-tl245a\\\/\",\"url\":\"https:\\\/\\\/techmasterdemexico.com\\\/producto\\\/cables-de-prueba-amprobe-tl245a\\\/\",\"name\":\"Cables de prueba Amprobe TL245A - Techmaster de Mexico\",\"isPartOf\":{\"@id\":\"https:\\\/\\\/techmasterdemexico.com\\\/#website\"},\"primaryImageOfPage\":{\"@id\":\"https:\\\/\\\/techmasterdemexico.com\\\/producto\\\/cables-de-prueba-amprobe-tl245a\\\/#primaryimage\"},\"image\":{\"@id\":\"https:\\\/\\\/techmasterdemexico.com\\\/producto\\\/cables-de-prueba-amprobe-tl245a\\\/#primaryimage\"},\"thumbnailUrl\":\"https:\\\/\\\/techmasterdemexico.com\\\/wp-content\\\/uploads\\\/2021\\\/09\\\/245a.jpg\",\"datePublished\":\"2021-09-14T22:37:44+00:00\",\"dateModified\":\"2021-12-28T22:30:41+00:00\",\"breadcrumb\":{\"@id\":\"https:\\\/\\\/techmasterdemexico.com\\\/producto\\\/cables-de-prueba-amprobe-tl245a\\\/#breadcrumb\"},\"inLanguage\":\"en-US\",\"potentialAction\":[{\"@type\":\"ReadAction\",\"target\":[\"https:\\\/\\\/techmasterdemexico.com\\\/producto\\\/cables-de-prueba-amprobe-tl245a\\\/\"]}]},{\"@type\":\"ImageObject\",\"inLanguage\":\"en-US\",\"@id\":\"https:\\\/\\\/techmasterdemexico.com\\\/producto\\\/cables-de-prueba-amprobe-tl245a\\\/#primaryimage\",\"url\":\"https:\\\/\\\/techmasterdemexico.com\\\/wp-content\\\/uploads\\\/2021\\\/09\\\/245a.jpg\",\"contentUrl\":\"https:\\\/\\\/techmasterdemexico.com\\\/wp-content\\\/uploads\\\/2021\\\/09\\\/245a.jpg\",\"width\":600,\"height\":600},{\"@type\":\"BreadcrumbList\",\"@id\":\"https:\\\/\\\/techmasterdemexico.com\\\/producto\\\/cables-de-prueba-amprobe-tl245a\\\/#breadcrumb\",\"itemListElement\":[{\"@type\":\"ListItem\",\"position\":1,\"name\":\"Portada\",\"item\":\"https:\\\/\\\/techmasterdemexico.com\\\/\"},{\"@type\":\"ListItem\",\"position\":2,\"name\":\"Cables de prueba Amprobe TL245A\"}]},{\"@type\":\"WebSite\",\"@id\":\"https:\\\/\\\/techmasterdemexico.com\\\/#website\",\"url\":\"https:\\\/\\\/techmasterdemexico.com\\\/\",\"name\":\"Techmaster de Mexico\",\"description\":\"\",\"potentialAction\":[{\"@type\":\"SearchAction\",\"target\":{\"@type\":\"EntryPoint\",\"urlTemplate\":\"https:\\\/\\\/techmasterdemexico.com\\\/?s={search_term_string}\"},\"query-input\":{\"@type\":\"PropertyValueSpecification\",\"valueRequired\":true,\"valueName\":\"search_term_string\"}}],\"inLanguage\":\"en-US\"}]}<\/script>\n<!-- \/ Yoast SEO plugin. -->","yoast_head_json":{"title":"Cables de prueba Amprobe TL245A - Techmaster de Mexico","robots":{"index":"index","follow":"follow","max-snippet":"max-snippet:-1","max-image-preview":"max-image-preview:large","max-video-preview":"max-video-preview:-1"},"canonical":"https:\/\/techmasterdemexico.com\/producto\/cables-de-prueba-amprobe-tl245a\/","og_locale":"en_US","og_type":"article","og_title":"Cables de prueba Amprobe TL245A - Techmaster de Mexico","og_description":"[:es]  Cables de prueba Amprobe TL245A    Los cables de prueba conectan un medidor de prueba el\u00e9ctrico compatible a un dispositivo para realizar pruebas   El juego incluye dos cables conductores de 48 \u2033 con dos puntas de sonda est\u00e1ndar   El aislamiento de silicona en los cables protege las manos de los golpes y el calor, resiste la fusi\u00f3n o la fragilidad en ambientes fr\u00edos o calientes y mantiene la flexibilidad mejor que el aislamiento de PVC   Los cables conductores se conectan a tomas de 4 mm   &nbsp;[:]","og_url":"https:\/\/techmasterdemexico.com\/producto\/cables-de-prueba-amprobe-tl245a\/","og_site_name":"Techmaster de Mexico","article_modified_time":"2021-12-28T22:30:41+00:00","og_image":[{"width":600,"height":600,"url":"https:\/\/techmasterdemexico.com\/wp-content\/uploads\/2021\/09\/245a.jpg","type":"image\/jpeg"}],"twitter_card":"summary_large_image","twitter_misc":{"Est. reading time":"1 minute"},"schema":{"@context":"https:\/\/schema.org","@graph":[{"@type":"WebPage","@id":"https:\/\/techmasterdemexico.com\/producto\/cables-de-prueba-amprobe-tl245a\/","url":"https:\/\/techmasterdemexico.com\/producto\/cables-de-prueba-amprobe-tl245a\/","name":"Cables de prueba Amprobe TL245A - Techmaster de Mexico","isPartOf":{"@id":"https:\/\/techmasterdemexico.com\/#website"},"primaryImageOfPage":{"@id":"https:\/\/techmasterdemexico.com\/producto\/cables-de-prueba-amprobe-tl245a\/#primaryimage"},"image":{"@id":"https:\/\/techmasterdemexico.com\/producto\/cables-de-prueba-amprobe-tl245a\/#primaryimage"},"thumbnailUrl":"https:\/\/techmasterdemexico.com\/wp-content\/uploads\/2021\/09\/245a.jpg","datePublished":"2021-09-14T22:37:44+00:00","dateModified":"2021-12-28T22:30:41+00:00","breadcrumb":{"@id":"https:\/\/techmasterdemexico.com\/producto\/cables-de-prueba-amprobe-tl245a\/#breadcrumb"},"inLanguage":"en-US","potentialAction":[{"@type":"ReadAction","target":["https:\/\/techmasterdemexico.com\/producto\/cables-de-prueba-amprobe-tl245a\/"]}]},{"@type":"ImageObject","inLanguage":"en-US","@id":"https:\/\/techmasterdemexico.com\/producto\/cables-de-prueba-amprobe-tl245a\/#primaryimage","url":"https:\/\/techmasterdemexico.com\/wp-content\/uploads\/2021\/09\/245a.jpg","contentUrl":"https:\/\/techmasterdemexico.com\/wp-content\/uploads\/2021\/09\/245a.jpg","width":600,"height":600},{"@type":"BreadcrumbList","@id":"https:\/\/techmasterdemexico.com\/producto\/cables-de-prueba-amprobe-tl245a\/#breadcrumb","itemListElement":[{"@type":"ListItem","position":1,"name":"Portada","item":"https:\/\/techmasterdemexico.com\/"},{"@type":"ListItem","position":2,"name":"Cables de prueba Amprobe TL245A"}]},{"@type":"WebSite","@id":"https:\/\/techmasterdemexico.com\/#website","url":"https:\/\/techmasterdemexico.com\/","name":"Techmaster de Mexico","description":"","potentialAction":[{"@type":"SearchAction","target":{"@type":"EntryPoint","urlTemplate":"https:\/\/techmasterdemexico.com\/?s={search_term_string}"},"query-input":{"@type":"PropertyValueSpecification","valueRequired":true,"valueName":"search_term_string"}}],"inLanguage":"en-US"}]}},"brands":[{"id":104,"name":"Amprobe","slug":"amprobe"}],"_links":{"self":[{"href":"https:\/\/techmasterdemexico.com\/en\/wp-json\/wp\/v2\/product\/9109","targetHints":{"allow":["GET"]}}],"collection":[{"href":"https:\/\/techmasterdemexico.com\/en\/wp-json\/wp\/v2\/product"}],"about":[{"href":"https:\/\/techmasterdemexico.com\/en\/wp-json\/wp\/v2\/types\/product"}],"wp:featuredmedia":[{"embeddable":true,"href":"https:\/\/techmasterdemexico.com\/en\/wp-json\/wp\/v2\/media\/9680"}],"wp:attachment":[{"href":"https:\/\/techmasterdemexico.com\/en\/wp-json\/wp\/v2\/media?parent=9109"}],"wp:term":[{"taxonomy":"pwb-brand","embeddable":true,"href":"https:\/\/techmasterdemexico.com\/en\/wp-json\/wp\/v2\/pwb-brand?post=9109"},{"taxonomy":"product_brand","embeddable":true,"href":"https:\/\/techmasterdemexico.com\/en\/wp-json\/wp\/v2\/product_brand?post=9109"},{"taxonomy":"product_cat","embeddable":true,"href":"https:\/\/techmasterdemexico.com\/en\/wp-json\/wp\/v2\/product_cat?post=9109"},{"taxonomy":"product_tag","embeddable":true,"href":"https:\/\/techmasterdemexico.com\/en\/wp-json\/wp\/v2\/product_tag?post=9109"}],"curies":[{"name":"wp","href":"https:\/\/api.w.org\/{rel}","templated":true}]}}