{"id":9069,"date":"2021-09-03T06:51:20","date_gmt":"2021-09-03T06:51:20","guid":{"rendered":"https:\/\/techmastermx.ddns.net\/?post_type=product&#038;p=9069"},"modified":"2021-12-28T22:29:41","modified_gmt":"2021-12-28T22:29:41","slug":"est-escaner-de-componentes-bobinados-19035-series-2","status":"publish","type":"product","link":"https:\/\/techmasterdemexico.com\/en\/producto\/est-escaner-de-componentes-bobinados-19035-series-2\/","title":{"rendered":"EST Escaner de componentes bobinados 19035 Series"},"content":{"rendered":"<p>Esc\u00e1ner EST h\u00edbrido para componentes de heridas &#8211; 19035<\/p>\n<p>Los elementos de prueba de verificaci\u00f3n de calidad para componentes de heridas son principalmente pruebas de Hipot de CA \/ CC y pruebas de resistencia de aislamiento (IR). La serie de esc\u00e1neres EST de componentes para heridas Chroma 19035 realiza estas y otras pruebas de seguridad para motores, transformadores y productos para heridas relacionados con calentadores. Estos esc\u00e1neres ofrecen un control de calidad confiable y un control de producto eficiente cuando se implementan para la verificaci\u00f3n de calidad por parte de los fabricantes de componentes enrollados.<\/p>\n<p>La serie Chroma 19035 admite una salida de alto voltaje de 5kVac \/ 6kVdc para cumplir con los requisitos de prueba de voltaje soportado para componentes enrollados y tiene una corriente de salida m\u00e1xima de hasta 30 mA. La medici\u00f3n de la prueba de resistencia de aislamiento (IR) var\u00eda de 1 M\u03a9 a 50 G\u03a9, y la salida de voltaje puede ser de hasta 5 kV; mientras que la prueba DCR puede medir los par\u00e1metros de resistencia de los componentes bobinados y las conexiones del circuito de prueba (verificaci\u00f3n de contacto) antes de realizar la prueba de tensi\u00f3n soportada.<\/p>\n<p>La serie 19035 tambi\u00e9n tiene potentes funciones para la detecci\u00f3n de descargas disruptivas y la verificaci\u00f3n abierta \/ corta (OSC), as\u00ed como par\u00e1metros programables de voltaje y tiempo para diversas caracter\u00edsticas de los DUT para aumentar la confiabilidad de las pruebas y la calidad del producto.<\/p>\n","protected":false},"excerpt":{"rendered":"<ul>\n<li>Prueba Hipot 5KVAC y 6KV DC<\/li>\n<li>Prueba de infrarrojos de 1m\u03a9 ~ 50G\u03a9 \/ 5kV<\/li>\n<li>Prueba DCR de 10m\u03a9 ~ 100k\u03a9<\/li>\n<li>Esc\u00e1ner de 8 canales<\/li>\n<li>Admite caja de escaneo de 16 canales (solo 19035)<\/li>\n<li>Verificaci\u00f3n de contacto de alta velocidad (HSCC)<\/li>\n<li>Funci\u00f3n SUB-STEP<\/li>\n<li>Verificaci\u00f3n abierta \/ corta (OSC)<\/li>\n<li>Protecci\u00f3n humana de GFI<\/li>\n<li>Detecci\u00f3n de flashover<\/li>\n<li>Funci\u00f3n de bloqueo de teclas<\/li>\n<li>Interfaz RS232 (est\u00e1ndar * 1)<\/li>\n<li>GPIB &amp; HANDLER (opcional)<\/li>\n<li>Interfaz amigable<\/li>\n<li>marca CE<\/li>\n<li>Garant\u00eda de f\u00e1brica de 2 a\u00f1os<\/li>\n<\/ul>\n","protected":false},"featured_media":9067,"template":"","meta":{"_acf_changed":false},"pwb-brand":[90],"product_brand":[],"product_cat":[366,91,94],"product_tag":[],"class_list":{"0":"post-9069","1":"product","2":"type-product","3":"status-publish","4":"has-post-thumbnail","6":"pwb-brand-chroma","7":"product_cat-todos-los-productos","8":"product_cat-chroma","9":"product_cat-hipot-safety-tester","11":"first","12":"instock","13":"taxable","14":"shipping-taxable","15":"product-type-simple"},"acf":[],"yoast_head":"<!-- This site is optimized with the Yoast SEO plugin v27.4 - https:\/\/yoast.com\/product\/yoast-seo-wordpress\/ -->\n<title>EST Escaner de componentes bobinados 19035 Series - Techmaster de Mexico<\/title>\n<meta name=\"robots\" content=\"index, follow, max-snippet:-1, max-image-preview:large, max-video-preview:-1\" \/>\n<link rel=\"canonical\" href=\"https:\/\/techmasterdemexico.com\/producto\/est-escaner-de-componentes-bobinados-19035-series-2\/\" \/>\n<meta property=\"og:locale\" content=\"en_US\" \/>\n<meta property=\"og:type\" content=\"article\" \/>\n<meta property=\"og:title\" content=\"EST Escaner de componentes bobinados 19035 Series - Techmaster de Mexico\" \/>\n<meta property=\"og:description\" content=\"Prueba Hipot 5KVAC y 6KV DC   Prueba de infrarrojos de 1m\u03a9 ~ 50G\u03a9 \/ 5kV   Prueba DCR de 10m\u03a9 ~ 100k\u03a9   Esc\u00e1ner de 8 canales   Admite caja de escaneo de 16 canales (solo 19035)   Verificaci\u00f3n de contacto de alta velocidad (HSCC)   Funci\u00f3n SUB-STEP   Verificaci\u00f3n abierta \/ corta (OSC)   Protecci\u00f3n humana de GFI   Detecci\u00f3n de flashover   Funci\u00f3n de bloqueo de teclas   Interfaz RS232 (est\u00e1ndar * 1)   GPIB &amp; HANDLER (opcional)   Interfaz amigable   marca CE   Garant\u00eda de f\u00e1brica de 2 a\u00f1os\" \/>\n<meta property=\"og:url\" content=\"https:\/\/techmasterdemexico.com\/producto\/est-escaner-de-componentes-bobinados-19035-series-2\/\" \/>\n<meta property=\"og:site_name\" content=\"Techmaster de Mexico\" \/>\n<meta property=\"article:modified_time\" content=\"2021-12-28T22:29:41+00:00\" \/>\n<meta property=\"og:image\" content=\"https:\/\/techmasterdemexico.com\/wp-content\/uploads\/2021\/09\/product_slider_ats_19035.jpg\" \/>\n\t<meta property=\"og:image:width\" content=\"500\" \/>\n\t<meta property=\"og:image:height\" content=\"500\" \/>\n\t<meta property=\"og:image:type\" content=\"image\/jpeg\" \/>\n<meta name=\"twitter:card\" content=\"summary_large_image\" \/>\n<meta name=\"twitter:label1\" content=\"Est. reading time\" \/>\n\t<meta name=\"twitter:data1\" content=\"1 minute\" \/>\n<script type=\"application\/ld+json\" class=\"yoast-schema-graph\">{\"@context\":\"https:\\\/\\\/schema.org\",\"@graph\":[{\"@type\":\"WebPage\",\"@id\":\"https:\\\/\\\/techmasterdemexico.com\\\/producto\\\/est-escaner-de-componentes-bobinados-19035-series-2\\\/\",\"url\":\"https:\\\/\\\/techmasterdemexico.com\\\/producto\\\/est-escaner-de-componentes-bobinados-19035-series-2\\\/\",\"name\":\"EST Escaner de componentes bobinados 19035 Series - Techmaster de Mexico\",\"isPartOf\":{\"@id\":\"https:\\\/\\\/techmasterdemexico.com\\\/#website\"},\"primaryImageOfPage\":{\"@id\":\"https:\\\/\\\/techmasterdemexico.com\\\/producto\\\/est-escaner-de-componentes-bobinados-19035-series-2\\\/#primaryimage\"},\"image\":{\"@id\":\"https:\\\/\\\/techmasterdemexico.com\\\/producto\\\/est-escaner-de-componentes-bobinados-19035-series-2\\\/#primaryimage\"},\"thumbnailUrl\":\"https:\\\/\\\/techmasterdemexico.com\\\/wp-content\\\/uploads\\\/2021\\\/09\\\/product_slider_ats_19035.jpg\",\"datePublished\":\"2021-09-03T06:51:20+00:00\",\"dateModified\":\"2021-12-28T22:29:41+00:00\",\"breadcrumb\":{\"@id\":\"https:\\\/\\\/techmasterdemexico.com\\\/producto\\\/est-escaner-de-componentes-bobinados-19035-series-2\\\/#breadcrumb\"},\"inLanguage\":\"en-US\",\"potentialAction\":[{\"@type\":\"ReadAction\",\"target\":[\"https:\\\/\\\/techmasterdemexico.com\\\/producto\\\/est-escaner-de-componentes-bobinados-19035-series-2\\\/\"]}]},{\"@type\":\"ImageObject\",\"inLanguage\":\"en-US\",\"@id\":\"https:\\\/\\\/techmasterdemexico.com\\\/producto\\\/est-escaner-de-componentes-bobinados-19035-series-2\\\/#primaryimage\",\"url\":\"https:\\\/\\\/techmasterdemexico.com\\\/wp-content\\\/uploads\\\/2021\\\/09\\\/product_slider_ats_19035.jpg\",\"contentUrl\":\"https:\\\/\\\/techmasterdemexico.com\\\/wp-content\\\/uploads\\\/2021\\\/09\\\/product_slider_ats_19035.jpg\",\"width\":500,\"height\":500},{\"@type\":\"BreadcrumbList\",\"@id\":\"https:\\\/\\\/techmasterdemexico.com\\\/producto\\\/est-escaner-de-componentes-bobinados-19035-series-2\\\/#breadcrumb\",\"itemListElement\":[{\"@type\":\"ListItem\",\"position\":1,\"name\":\"Portada\",\"item\":\"https:\\\/\\\/techmasterdemexico.com\\\/\"},{\"@type\":\"ListItem\",\"position\":2,\"name\":\"EST Escaner de componentes bobinados 19035 Series\"}]},{\"@type\":\"WebSite\",\"@id\":\"https:\\\/\\\/techmasterdemexico.com\\\/#website\",\"url\":\"https:\\\/\\\/techmasterdemexico.com\\\/\",\"name\":\"Techmaster de Mexico\",\"description\":\"\",\"potentialAction\":[{\"@type\":\"SearchAction\",\"target\":{\"@type\":\"EntryPoint\",\"urlTemplate\":\"https:\\\/\\\/techmasterdemexico.com\\\/?s={search_term_string}\"},\"query-input\":{\"@type\":\"PropertyValueSpecification\",\"valueRequired\":true,\"valueName\":\"search_term_string\"}}],\"inLanguage\":\"en-US\"}]}<\/script>\n<!-- \/ Yoast SEO plugin. -->","yoast_head_json":{"title":"EST Escaner de componentes bobinados 19035 Series - Techmaster de Mexico","robots":{"index":"index","follow":"follow","max-snippet":"max-snippet:-1","max-image-preview":"max-image-preview:large","max-video-preview":"max-video-preview:-1"},"canonical":"https:\/\/techmasterdemexico.com\/producto\/est-escaner-de-componentes-bobinados-19035-series-2\/","og_locale":"en_US","og_type":"article","og_title":"EST Escaner de componentes bobinados 19035 Series - Techmaster de Mexico","og_description":"Prueba Hipot 5KVAC y 6KV DC   Prueba de infrarrojos de 1m\u03a9 ~ 50G\u03a9 \/ 5kV   Prueba DCR de 10m\u03a9 ~ 100k\u03a9   Esc\u00e1ner de 8 canales   Admite caja de escaneo de 16 canales (solo 19035)   Verificaci\u00f3n de contacto de alta velocidad (HSCC)   Funci\u00f3n SUB-STEP   Verificaci\u00f3n abierta \/ corta (OSC)   Protecci\u00f3n humana de GFI   Detecci\u00f3n de flashover   Funci\u00f3n de bloqueo de teclas   Interfaz RS232 (est\u00e1ndar * 1)   GPIB &amp; HANDLER (opcional)   Interfaz amigable   marca CE   Garant\u00eda de f\u00e1brica de 2 a\u00f1os","og_url":"https:\/\/techmasterdemexico.com\/producto\/est-escaner-de-componentes-bobinados-19035-series-2\/","og_site_name":"Techmaster de Mexico","article_modified_time":"2021-12-28T22:29:41+00:00","og_image":[{"width":500,"height":500,"url":"https:\/\/techmasterdemexico.com\/wp-content\/uploads\/2021\/09\/product_slider_ats_19035.jpg","type":"image\/jpeg"}],"twitter_card":"summary_large_image","twitter_misc":{"Est. reading time":"1 minute"},"schema":{"@context":"https:\/\/schema.org","@graph":[{"@type":"WebPage","@id":"https:\/\/techmasterdemexico.com\/producto\/est-escaner-de-componentes-bobinados-19035-series-2\/","url":"https:\/\/techmasterdemexico.com\/producto\/est-escaner-de-componentes-bobinados-19035-series-2\/","name":"EST Escaner de componentes bobinados 19035 Series - Techmaster de Mexico","isPartOf":{"@id":"https:\/\/techmasterdemexico.com\/#website"},"primaryImageOfPage":{"@id":"https:\/\/techmasterdemexico.com\/producto\/est-escaner-de-componentes-bobinados-19035-series-2\/#primaryimage"},"image":{"@id":"https:\/\/techmasterdemexico.com\/producto\/est-escaner-de-componentes-bobinados-19035-series-2\/#primaryimage"},"thumbnailUrl":"https:\/\/techmasterdemexico.com\/wp-content\/uploads\/2021\/09\/product_slider_ats_19035.jpg","datePublished":"2021-09-03T06:51:20+00:00","dateModified":"2021-12-28T22:29:41+00:00","breadcrumb":{"@id":"https:\/\/techmasterdemexico.com\/producto\/est-escaner-de-componentes-bobinados-19035-series-2\/#breadcrumb"},"inLanguage":"en-US","potentialAction":[{"@type":"ReadAction","target":["https:\/\/techmasterdemexico.com\/producto\/est-escaner-de-componentes-bobinados-19035-series-2\/"]}]},{"@type":"ImageObject","inLanguage":"en-US","@id":"https:\/\/techmasterdemexico.com\/producto\/est-escaner-de-componentes-bobinados-19035-series-2\/#primaryimage","url":"https:\/\/techmasterdemexico.com\/wp-content\/uploads\/2021\/09\/product_slider_ats_19035.jpg","contentUrl":"https:\/\/techmasterdemexico.com\/wp-content\/uploads\/2021\/09\/product_slider_ats_19035.jpg","width":500,"height":500},{"@type":"BreadcrumbList","@id":"https:\/\/techmasterdemexico.com\/producto\/est-escaner-de-componentes-bobinados-19035-series-2\/#breadcrumb","itemListElement":[{"@type":"ListItem","position":1,"name":"Portada","item":"https:\/\/techmasterdemexico.com\/"},{"@type":"ListItem","position":2,"name":"EST Escaner de componentes bobinados 19035 Series"}]},{"@type":"WebSite","@id":"https:\/\/techmasterdemexico.com\/#website","url":"https:\/\/techmasterdemexico.com\/","name":"Techmaster de Mexico","description":"","potentialAction":[{"@type":"SearchAction","target":{"@type":"EntryPoint","urlTemplate":"https:\/\/techmasterdemexico.com\/?s={search_term_string}"},"query-input":{"@type":"PropertyValueSpecification","valueRequired":true,"valueName":"search_term_string"}}],"inLanguage":"en-US"}]}},"brands":[{"id":90,"name":"Chroma","slug":"chroma"}],"_links":{"self":[{"href":"https:\/\/techmasterdemexico.com\/en\/wp-json\/wp\/v2\/product\/9069","targetHints":{"allow":["GET"]}}],"collection":[{"href":"https:\/\/techmasterdemexico.com\/en\/wp-json\/wp\/v2\/product"}],"about":[{"href":"https:\/\/techmasterdemexico.com\/en\/wp-json\/wp\/v2\/types\/product"}],"wp:featuredmedia":[{"embeddable":true,"href":"https:\/\/techmasterdemexico.com\/en\/wp-json\/wp\/v2\/media\/9067"}],"wp:attachment":[{"href":"https:\/\/techmasterdemexico.com\/en\/wp-json\/wp\/v2\/media?parent=9069"}],"wp:term":[{"taxonomy":"pwb-brand","embeddable":true,"href":"https:\/\/techmasterdemexico.com\/en\/wp-json\/wp\/v2\/pwb-brand?post=9069"},{"taxonomy":"product_brand","embeddable":true,"href":"https:\/\/techmasterdemexico.com\/en\/wp-json\/wp\/v2\/product_brand?post=9069"},{"taxonomy":"product_cat","embeddable":true,"href":"https:\/\/techmasterdemexico.com\/en\/wp-json\/wp\/v2\/product_cat?post=9069"},{"taxonomy":"product_tag","embeddable":true,"href":"https:\/\/techmasterdemexico.com\/en\/wp-json\/wp\/v2\/product_tag?post=9069"}],"curies":[{"name":"wp","href":"https:\/\/api.w.org\/{rel}","templated":true}]}}