{"id":9039,"date":"2021-09-03T06:10:28","date_gmt":"2021-09-03T06:10:28","guid":{"rendered":"https:\/\/techmastermx.ddns.net\/producto\/fuente-de-alimentacion-de-cc-de-ultra-alta-estabilidad\/"},"modified":"2021-12-28T22:29:41","modified_gmt":"2021-12-28T22:29:41","slug":"fuente-de-alimentacion-de-cc-de-ultra-alta-estabilidad","status":"publish","type":"product","link":"https:\/\/techmasterdemexico.com\/en\/producto\/fuente-de-alimentacion-de-cc-de-ultra-alta-estabilidad\/","title":{"rendered":"Fuente de alimentaci\u00f3n de CC de ultra alta estabilidad"},"content":{"rendered":"<p>Fuente de alimentaci\u00f3n de CC de ultra alta estabilidad 62075H-30N<\/p>\n<p>La nueva fuente de alimentaci\u00f3n de CC de estabilidad ultra alta 62075H-30N de Chroma ofrece muchas ventajas \u00fanicas para los sistemas de fuente de alimentaci\u00f3n magn\u00e9tica en aplicaciones de sincrotr\u00f3n. Estas ventajas incluyen una excelente estabilidad de corriente de 1,25 mA \/ 0,5 horas y 2,5 mA \/ 8 horas, ondulaci\u00f3n de corriente extremadamente baja de 2,5 mA, corriente reproducible dentro de 10 mA, ajuste de precisi\u00f3n y lectura de la corriente de salida a trav\u00e9s de DAC de 20 bits \/ ADC de 24 bits.<\/p>\n<p>La potencia de salida 62075H-30N tiene un m\u00f3dulo de potencia m\u00e1ximo de 7.5kW \/ 30V \/ 250A con un gabinete de 4U de altura que se puede conectar f\u00e1cilmente como maestro o esclavo con tres unidades a 22.5kW \/ 30V \/ 750A en paralelo o dos unidades a 15kW \/ 60V \/ 250A en serie y operado como una unidad independiente a trav\u00e9s del bus del sistema.<\/p>\n<p>El 62075H-30N proporciona una fuente de corriente de salida de CC estable y potencia para mediciones de precisi\u00f3n. Ofrece un avanzado 250A \/ 30V ultra estable \u00b1 10 ppm (estabilidad de corriente \u00b1 1.25 mA) con alta eficiencia y alto factor de potencia en cumplimiento con el ahorro de energ\u00eda. Adem\u00e1s, tiene un control digital de 20 bits con lectura de pantalla fluorescente de vac\u00edo brillante.<\/p>\n<p>La fuente de alimentaci\u00f3n de estabilidad ultra alta 62075H-30N es muy f\u00e1cil de operar desde el teclado del panel frontal o el control remoto a trav\u00e9s de USB (est\u00e1ndar) y Ethernet \/ LXI (opcional). Su tama\u00f1o compacto de solo 4U se puede utilizar en un banco o se puede instalar en un bastidor est\u00e1ndar sin dificultad.<\/p>\n<p>Las caracter\u00edsticas incluyen el modo actual con control de bucles duales. Es capaz de proporcionar una respuesta de salida estable y r\u00e1pida que proporciona una excelente protecci\u00f3n para diferentes variaciones de carga.<\/p>\n<p>Las rutinas de autodiagn\u00f3stico y la protecci\u00f3n total contra la p\u00e9rdida de fase de voltaje, sobre \/ bajo voltaje en la entrada, sobre voltaje \/ corriente en la salida, sobrepotencia, sobretemperatura, falla del ventilador e inhibici\u00f3n remota garantizan la calidad y confiabilidad del instrumento incluso para el El sistema de suministro de energ\u00eda magn\u00e9tico m\u00e1s exigente en aplicaciones de sincrotr\u00f3n.<\/p>\n","protected":false},"excerpt":{"rendered":"<ul>\n<li>Rango de potencia: 7,5 kW<\/li>\n<li>Rango de voltaje: 0 ~ 30 V<\/li>\n<li>Rango actual: 0 ~ 250A<\/li>\n<li>Alta densidad de potencia (7.5KW en 4U)<\/li>\n<li>F\u00e1cil operaci\u00f3n en paralelo maestro \/ esclavo hasta 30 V \/ 750 A<\/li>\n<li>Funcionamiento sencillo de la serie Master \/ Slave hasta 60 V \/ 250 A<\/li>\n<li>Estabilidad actual: 2,5 mA (10 ppm)<\/li>\n<li>Programaci\u00f3n y medici\u00f3n de corriente de alta resoluci\u00f3n: DAC de 20 bits \/ ADC de 24 bits<\/li>\n<li>Control de velocidad de respuesta actual<\/li>\n<li>Digitalizaci\u00f3n de forma de onda de corriente de salida<\/li>\n<li>OVP, l\u00edmite de corriente, protecci\u00f3n t\u00e9rmica<\/li>\n<li>Interfaz USB est\u00e1ndar<\/li>\n<li>Interfaz Ethernet \/ LXI opcional<\/li>\n<li>Interbloqueo de seguridad y control de inhibici\u00f3n remota (I \/ P)<\/li>\n<li>Aplicaci\u00f3n de fuente de alimentaci\u00f3n magn\u00e9tica<\/li>\n<li>Certificaci\u00f3n CE<\/li>\n<\/ul>\n","protected":false},"featured_media":9040,"template":"","meta":{"_acf_changed":false},"pwb-brand":[90],"product_brand":[],"product_cat":[366,91,146],"product_tag":[],"class_list":{"0":"post-9039","1":"product","2":"type-product","3":"status-publish","4":"has-post-thumbnail","6":"pwb-brand-chroma","7":"product_cat-todos-los-productos","8":"product_cat-chroma","9":"product_cat-specialty-dc-power-supplies","11":"first","12":"instock","13":"taxable","14":"shipping-taxable","15":"product-type-simple"},"acf":[],"yoast_head":"<!-- This site is optimized with the Yoast SEO plugin v27.2 - https:\/\/yoast.com\/product\/yoast-seo-wordpress\/ -->\n<title>Fuente de alimentaci\u00f3n de CC de ultra alta estabilidad - Techmaster de Mexico<\/title>\n<meta name=\"robots\" content=\"index, follow, max-snippet:-1, max-image-preview:large, max-video-preview:-1\" \/>\n<link rel=\"canonical\" href=\"https:\/\/techmasterdemexico.com\/producto\/fuente-de-alimentacion-de-cc-de-ultra-alta-estabilidad\/\" \/>\n<meta property=\"og:locale\" content=\"en_US\" \/>\n<meta property=\"og:type\" content=\"article\" \/>\n<meta property=\"og:title\" content=\"Fuente de alimentaci\u00f3n de CC de ultra alta estabilidad - Techmaster de Mexico\" \/>\n<meta property=\"og:description\" content=\"Rango de potencia: 7,5 kW   Rango de voltaje: 0 ~ 30 V   Rango actual: 0 ~ 250A   Alta densidad de potencia (7.5KW en 4U)   F\u00e1cil operaci\u00f3n en paralelo maestro \/ esclavo hasta 30 V \/ 750 A   Funcionamiento sencillo de la serie Master \/ Slave hasta 60 V \/ 250 A   Estabilidad actual: 2,5 mA (10 ppm)   Programaci\u00f3n y medici\u00f3n de corriente de alta resoluci\u00f3n: DAC de 20 bits \/ ADC de 24 bits   Control de velocidad de respuesta actual   Digitalizaci\u00f3n de forma de onda de corriente de salida   OVP, l\u00edmite de corriente, protecci\u00f3n t\u00e9rmica   Interfaz USB est\u00e1ndar   Interfaz Ethernet \/ LXI opcional   Interbloqueo de seguridad y control de inhibici\u00f3n remota (I \/ P)   Aplicaci\u00f3n de fuente de alimentaci\u00f3n magn\u00e9tica   Certificaci\u00f3n CE\" \/>\n<meta property=\"og:url\" content=\"https:\/\/techmasterdemexico.com\/producto\/fuente-de-alimentacion-de-cc-de-ultra-alta-estabilidad\/\" \/>\n<meta property=\"og:site_name\" content=\"Techmaster de Mexico\" \/>\n<meta property=\"article:modified_time\" content=\"2021-12-28T22:29:41+00:00\" \/>\n<meta property=\"og:image\" content=\"https:\/\/techmasterdemexico.com\/wp-content\/uploads\/2021\/09\/product_slider_62075H-75N.jpg\" \/>\n\t<meta property=\"og:image:width\" content=\"500\" \/>\n\t<meta property=\"og:image:height\" content=\"500\" \/>\n\t<meta property=\"og:image:type\" content=\"image\/jpeg\" \/>\n<meta name=\"twitter:card\" content=\"summary_large_image\" \/>\n<meta name=\"twitter:label1\" content=\"Est. reading time\" \/>\n\t<meta name=\"twitter:data1\" content=\"2 minutes\" \/>\n<script type=\"application\/ld+json\" class=\"yoast-schema-graph\">{\"@context\":\"https:\/\/schema.org\",\"@graph\":[{\"@type\":\"WebPage\",\"@id\":\"https:\/\/techmasterdemexico.com\/producto\/fuente-de-alimentacion-de-cc-de-ultra-alta-estabilidad\/\",\"url\":\"https:\/\/techmasterdemexico.com\/producto\/fuente-de-alimentacion-de-cc-de-ultra-alta-estabilidad\/\",\"name\":\"Fuente de alimentaci\u00f3n de CC de ultra alta estabilidad - Techmaster de Mexico\",\"isPartOf\":{\"@id\":\"https:\/\/techmasterdemexico.com\/#website\"},\"primaryImageOfPage\":{\"@id\":\"https:\/\/techmasterdemexico.com\/producto\/fuente-de-alimentacion-de-cc-de-ultra-alta-estabilidad\/#primaryimage\"},\"image\":{\"@id\":\"https:\/\/techmasterdemexico.com\/producto\/fuente-de-alimentacion-de-cc-de-ultra-alta-estabilidad\/#primaryimage\"},\"thumbnailUrl\":\"https:\/\/techmasterdemexico.com\/wp-content\/uploads\/2021\/09\/product_slider_62075H-75N.jpg\",\"datePublished\":\"2021-09-03T06:10:28+00:00\",\"dateModified\":\"2021-12-28T22:29:41+00:00\",\"breadcrumb\":{\"@id\":\"https:\/\/techmasterdemexico.com\/producto\/fuente-de-alimentacion-de-cc-de-ultra-alta-estabilidad\/#breadcrumb\"},\"inLanguage\":\"en-US\",\"potentialAction\":[{\"@type\":\"ReadAction\",\"target\":[\"https:\/\/techmasterdemexico.com\/producto\/fuente-de-alimentacion-de-cc-de-ultra-alta-estabilidad\/\"]}]},{\"@type\":\"ImageObject\",\"inLanguage\":\"en-US\",\"@id\":\"https:\/\/techmasterdemexico.com\/producto\/fuente-de-alimentacion-de-cc-de-ultra-alta-estabilidad\/#primaryimage\",\"url\":\"https:\/\/techmasterdemexico.com\/wp-content\/uploads\/2021\/09\/product_slider_62075H-75N.jpg\",\"contentUrl\":\"https:\/\/techmasterdemexico.com\/wp-content\/uploads\/2021\/09\/product_slider_62075H-75N.jpg\",\"width\":500,\"height\":500},{\"@type\":\"BreadcrumbList\",\"@id\":\"https:\/\/techmasterdemexico.com\/producto\/fuente-de-alimentacion-de-cc-de-ultra-alta-estabilidad\/#breadcrumb\",\"itemListElement\":[{\"@type\":\"ListItem\",\"position\":1,\"name\":\"Portada\",\"item\":\"https:\/\/techmasterdemexico.com\/\"},{\"@type\":\"ListItem\",\"position\":2,\"name\":\"Fuente de alimentaci\u00f3n de CC de ultra alta estabilidad\"}]},{\"@type\":\"WebSite\",\"@id\":\"https:\/\/techmasterdemexico.com\/#website\",\"url\":\"https:\/\/techmasterdemexico.com\/\",\"name\":\"Techmaster de Mexico\",\"description\":\"\",\"potentialAction\":[{\"@type\":\"SearchAction\",\"target\":{\"@type\":\"EntryPoint\",\"urlTemplate\":\"https:\/\/techmasterdemexico.com\/?s={search_term_string}\"},\"query-input\":{\"@type\":\"PropertyValueSpecification\",\"valueRequired\":true,\"valueName\":\"search_term_string\"}}],\"inLanguage\":\"en-US\"}]}<\/script>\n<!-- \/ Yoast SEO plugin. -->","yoast_head_json":{"title":"Fuente de alimentaci\u00f3n de CC de ultra alta estabilidad - Techmaster de Mexico","robots":{"index":"index","follow":"follow","max-snippet":"max-snippet:-1","max-image-preview":"max-image-preview:large","max-video-preview":"max-video-preview:-1"},"canonical":"https:\/\/techmasterdemexico.com\/producto\/fuente-de-alimentacion-de-cc-de-ultra-alta-estabilidad\/","og_locale":"en_US","og_type":"article","og_title":"Fuente de alimentaci\u00f3n de CC de ultra alta estabilidad - Techmaster de Mexico","og_description":"Rango de potencia: 7,5 kW   Rango de voltaje: 0 ~ 30 V   Rango actual: 0 ~ 250A   Alta densidad de potencia (7.5KW en 4U)   F\u00e1cil operaci\u00f3n en paralelo maestro \/ esclavo hasta 30 V \/ 750 A   Funcionamiento sencillo de la serie Master \/ Slave hasta 60 V \/ 250 A   Estabilidad actual: 2,5 mA (10 ppm)   Programaci\u00f3n y medici\u00f3n de corriente de alta resoluci\u00f3n: DAC de 20 bits \/ ADC de 24 bits   Control de velocidad de respuesta actual   Digitalizaci\u00f3n de forma de onda de corriente de salida   OVP, l\u00edmite de corriente, protecci\u00f3n t\u00e9rmica   Interfaz USB est\u00e1ndar   Interfaz Ethernet \/ LXI opcional   Interbloqueo de seguridad y control de inhibici\u00f3n remota (I \/ P)   Aplicaci\u00f3n de fuente de alimentaci\u00f3n magn\u00e9tica   Certificaci\u00f3n CE","og_url":"https:\/\/techmasterdemexico.com\/producto\/fuente-de-alimentacion-de-cc-de-ultra-alta-estabilidad\/","og_site_name":"Techmaster de Mexico","article_modified_time":"2021-12-28T22:29:41+00:00","og_image":[{"width":500,"height":500,"url":"https:\/\/techmasterdemexico.com\/wp-content\/uploads\/2021\/09\/product_slider_62075H-75N.jpg","type":"image\/jpeg"}],"twitter_card":"summary_large_image","twitter_misc":{"Est. reading time":"2 minutes"},"schema":{"@context":"https:\/\/schema.org","@graph":[{"@type":"WebPage","@id":"https:\/\/techmasterdemexico.com\/producto\/fuente-de-alimentacion-de-cc-de-ultra-alta-estabilidad\/","url":"https:\/\/techmasterdemexico.com\/producto\/fuente-de-alimentacion-de-cc-de-ultra-alta-estabilidad\/","name":"Fuente de alimentaci\u00f3n de CC de ultra alta estabilidad - Techmaster de Mexico","isPartOf":{"@id":"https:\/\/techmasterdemexico.com\/#website"},"primaryImageOfPage":{"@id":"https:\/\/techmasterdemexico.com\/producto\/fuente-de-alimentacion-de-cc-de-ultra-alta-estabilidad\/#primaryimage"},"image":{"@id":"https:\/\/techmasterdemexico.com\/producto\/fuente-de-alimentacion-de-cc-de-ultra-alta-estabilidad\/#primaryimage"},"thumbnailUrl":"https:\/\/techmasterdemexico.com\/wp-content\/uploads\/2021\/09\/product_slider_62075H-75N.jpg","datePublished":"2021-09-03T06:10:28+00:00","dateModified":"2021-12-28T22:29:41+00:00","breadcrumb":{"@id":"https:\/\/techmasterdemexico.com\/producto\/fuente-de-alimentacion-de-cc-de-ultra-alta-estabilidad\/#breadcrumb"},"inLanguage":"en-US","potentialAction":[{"@type":"ReadAction","target":["https:\/\/techmasterdemexico.com\/producto\/fuente-de-alimentacion-de-cc-de-ultra-alta-estabilidad\/"]}]},{"@type":"ImageObject","inLanguage":"en-US","@id":"https:\/\/techmasterdemexico.com\/producto\/fuente-de-alimentacion-de-cc-de-ultra-alta-estabilidad\/#primaryimage","url":"https:\/\/techmasterdemexico.com\/wp-content\/uploads\/2021\/09\/product_slider_62075H-75N.jpg","contentUrl":"https:\/\/techmasterdemexico.com\/wp-content\/uploads\/2021\/09\/product_slider_62075H-75N.jpg","width":500,"height":500},{"@type":"BreadcrumbList","@id":"https:\/\/techmasterdemexico.com\/producto\/fuente-de-alimentacion-de-cc-de-ultra-alta-estabilidad\/#breadcrumb","itemListElement":[{"@type":"ListItem","position":1,"name":"Portada","item":"https:\/\/techmasterdemexico.com\/"},{"@type":"ListItem","position":2,"name":"Fuente de alimentaci\u00f3n de CC de ultra alta estabilidad"}]},{"@type":"WebSite","@id":"https:\/\/techmasterdemexico.com\/#website","url":"https:\/\/techmasterdemexico.com\/","name":"Techmaster de Mexico","description":"","potentialAction":[{"@type":"SearchAction","target":{"@type":"EntryPoint","urlTemplate":"https:\/\/techmasterdemexico.com\/?s={search_term_string}"},"query-input":{"@type":"PropertyValueSpecification","valueRequired":true,"valueName":"search_term_string"}}],"inLanguage":"en-US"}]}},"brands":[{"id":90,"name":"Chroma","slug":"chroma"}],"_links":{"self":[{"href":"https:\/\/techmasterdemexico.com\/en\/wp-json\/wp\/v2\/product\/9039","targetHints":{"allow":["GET"]}}],"collection":[{"href":"https:\/\/techmasterdemexico.com\/en\/wp-json\/wp\/v2\/product"}],"about":[{"href":"https:\/\/techmasterdemexico.com\/en\/wp-json\/wp\/v2\/types\/product"}],"wp:featuredmedia":[{"embeddable":true,"href":"https:\/\/techmasterdemexico.com\/en\/wp-json\/wp\/v2\/media\/9040"}],"wp:attachment":[{"href":"https:\/\/techmasterdemexico.com\/en\/wp-json\/wp\/v2\/media?parent=9039"}],"wp:term":[{"taxonomy":"pwb-brand","embeddable":true,"href":"https:\/\/techmasterdemexico.com\/en\/wp-json\/wp\/v2\/pwb-brand?post=9039"},{"taxonomy":"product_brand","embeddable":true,"href":"https:\/\/techmasterdemexico.com\/en\/wp-json\/wp\/v2\/product_brand?post=9039"},{"taxonomy":"product_cat","embeddable":true,"href":"https:\/\/techmasterdemexico.com\/en\/wp-json\/wp\/v2\/product_cat?post=9039"},{"taxonomy":"product_tag","embeddable":true,"href":"https:\/\/techmasterdemexico.com\/en\/wp-json\/wp\/v2\/product_tag?post=9039"}],"curies":[{"name":"wp","href":"https:\/\/api.w.org\/{rel}","templated":true}]}}