{"id":9038,"date":"2021-09-03T06:10:27","date_gmt":"2021-09-03T06:10:27","guid":{"rendered":"https:\/\/techmastermx.ddns.net\/producto\/fuente-de-alimentacion-de-cc-programable-simulador-de-paneles-solares\/"},"modified":"2021-12-28T22:29:42","modified_gmt":"2021-12-28T22:29:42","slug":"fuente-de-alimentacion-de-cc-programable-simulador-de-paneles-solares","status":"publish","type":"product","link":"https:\/\/techmasterdemexico.com\/en\/producto\/fuente-de-alimentacion-de-cc-programable-simulador-de-paneles-solares\/","title":{"rendered":"Fuente de alimentaci\u00f3n de CC programable (simulador de paneles solares)"},"content":{"rendered":"<p>Fuente de alimentaci\u00f3n de CC para simulador de matriz solar &#8211; 62000H-S<\/p>\n<p>Solar Array Simulator proporciona simulaci\u00f3n de curva IV programable con una respuesta transitoria incre\u00edblemente r\u00e1pida para la evaluaci\u00f3n del rendimiento MPPT en dispositivos inversores fotovoltaicos.<\/p>\n<p>El simulador de matriz solar programable 62000H-S proporciona simulaci\u00f3n de Voc (voltaje de circuito abierto) hasta 1800V e Isc (corriente de cortocircuito) hasta 30A. El 62000H-S proporciona una densidad de potencia l\u00edder en la industria en un paquete peque\u00f1o de 3U de altura. El Solar Array Simulator es muy estable y tiene una r\u00e1pida respuesta transitoria, ambos necesarios para la evaluaci\u00f3n del rendimiento de MPPT en dispositivos inversores fotovoltaicos.<\/p>\n","protected":false},"excerpt":{"rendered":"<ul>\n<li>Rango de voltaje: 0 ~ 600 V \/ 1000 V \/ 1800 V<\/li>\n<li>M\u00f3dulo de alta densidad de potencia de 3U \/ 15kW con f\u00e1cil operaci\u00f3n en paralelo maestro \/ esclavo de hasta 1.5MW<\/li>\n<li>Simulador de matriz solar de respuesta transitoria r\u00e1pida<\/li>\n<li>Simulaci\u00f3n de la caracter\u00edstica IV de varios materiales de c\u00e9lulas solares (factor de relleno)<\/li>\n<li>Simulaci\u00f3n de la intensidad de la irradiaci\u00f3n din\u00e1mica y el nivel de temperatura desde un d\u00eda despejado hasta condiciones de nubosidad<\/li>\n<li>Simulaci\u00f3n de salida de curva IV sombreada<\/li>\n<li>Corriente de fuga baja (&lt;3 mA)<\/li>\n<li>Medidas de precisi\u00f3n V &amp; I<\/li>\n<li>Programa IV autom\u00e1tico: 100 curvas IV y tiempo de permanencia 1-15.000 s<\/li>\n<li>Prueba de eficiencia MPPT est\u00e1tica y din\u00e1mica<\/li>\n<li>Datos registrados a trav\u00e9s de softpanel<\/li>\n<li>Interfaz est\u00e1ndar USB \/ RS232 \/ RS485<\/li>\n<li>Interfaz GPIB \/ Ethernet opcional<\/li>\n<li>An\u00e1lisis en tiempo real del seguimiento MPPT del inversor fotovoltaico a trav\u00e9s del panel de software<\/li>\n<li>Simulador de panel solar opcional para operaci\u00f3n<\/li>\n<\/ul>\n","protected":false},"featured_media":9042,"template":"","meta":{"_acf_changed":false},"pwb-brand":[90],"product_brand":[],"product_cat":[366,91,146],"product_tag":[],"class_list":{"0":"post-9038","1":"product","2":"type-product","3":"status-publish","4":"has-post-thumbnail","6":"pwb-brand-chroma","7":"product_cat-todos-los-productos","8":"product_cat-chroma","9":"product_cat-specialty-dc-power-supplies","11":"first","12":"instock","13":"taxable","14":"shipping-taxable","15":"product-type-simple"},"acf":[],"yoast_head":"<!-- This site is optimized with the Yoast SEO plugin v27.2 - https:\/\/yoast.com\/product\/yoast-seo-wordpress\/ -->\n<title>Fuente de alimentaci\u00f3n de CC programable (simulador de paneles solares) - Techmaster de Mexico<\/title>\n<meta name=\"robots\" content=\"index, follow, max-snippet:-1, max-image-preview:large, max-video-preview:-1\" \/>\n<link rel=\"canonical\" href=\"https:\/\/techmasterdemexico.com\/producto\/fuente-de-alimentacion-de-cc-programable-simulador-de-paneles-solares\/\" \/>\n<meta property=\"og:locale\" content=\"en_US\" \/>\n<meta property=\"og:type\" content=\"article\" \/>\n<meta property=\"og:title\" content=\"Fuente de alimentaci\u00f3n de CC programable (simulador de paneles solares) - Techmaster de Mexico\" \/>\n<meta property=\"og:description\" content=\"Rango de voltaje: 0 ~ 600 V \/ 1000 V \/ 1800 V   M\u00f3dulo de alta densidad de potencia de 3U \/ 15kW con f\u00e1cil operaci\u00f3n en paralelo maestro \/ esclavo de hasta 1.5MW   Simulador de matriz solar de respuesta transitoria r\u00e1pida   Simulaci\u00f3n de la caracter\u00edstica IV de varios materiales de c\u00e9lulas solares (factor de relleno)   Simulaci\u00f3n de la intensidad de la irradiaci\u00f3n din\u00e1mica y el nivel de temperatura desde un d\u00eda despejado hasta condiciones de nubosidad   Simulaci\u00f3n de salida de curva IV sombreada   Corriente de fuga baja (&lt;3 mA)   Medidas de precisi\u00f3n V &amp; I   Programa IV autom\u00e1tico: 100 curvas IV y tiempo de permanencia 1-15.000 s   Prueba de eficiencia MPPT est\u00e1tica y din\u00e1mica   Datos registrados a trav\u00e9s de softpanel   Interfaz est\u00e1ndar USB \/ RS232 \/ RS485   Interfaz GPIB \/ Ethernet opcional   An\u00e1lisis en tiempo real del seguimiento MPPT del inversor fotovoltaico a trav\u00e9s del panel de software   Simulador de panel solar opcional para operaci\u00f3n\" \/>\n<meta property=\"og:url\" content=\"https:\/\/techmasterdemexico.com\/producto\/fuente-de-alimentacion-de-cc-programable-simulador-de-paneles-solares\/\" \/>\n<meta property=\"og:site_name\" content=\"Techmaster de Mexico\" \/>\n<meta property=\"article:modified_time\" content=\"2021-12-28T22:29:42+00:00\" \/>\n<meta property=\"og:image\" content=\"https:\/\/techmasterdemexico.com\/wp-content\/uploads\/2021\/09\/product_slider_62000h-s.jpg\" \/>\n\t<meta property=\"og:image:width\" content=\"500\" \/>\n\t<meta property=\"og:image:height\" content=\"500\" \/>\n\t<meta property=\"og:image:type\" content=\"image\/jpeg\" \/>\n<meta name=\"twitter:card\" content=\"summary_large_image\" \/>\n<meta name=\"twitter:label1\" content=\"Est. reading time\" \/>\n\t<meta name=\"twitter:data1\" content=\"1 minute\" \/>\n<script type=\"application\/ld+json\" class=\"yoast-schema-graph\">{\"@context\":\"https:\/\/schema.org\",\"@graph\":[{\"@type\":\"WebPage\",\"@id\":\"https:\/\/techmasterdemexico.com\/producto\/fuente-de-alimentacion-de-cc-programable-simulador-de-paneles-solares\/\",\"url\":\"https:\/\/techmasterdemexico.com\/producto\/fuente-de-alimentacion-de-cc-programable-simulador-de-paneles-solares\/\",\"name\":\"Fuente de alimentaci\u00f3n de CC programable (simulador de paneles solares) - Techmaster de Mexico\",\"isPartOf\":{\"@id\":\"https:\/\/techmasterdemexico.com\/#website\"},\"primaryImageOfPage\":{\"@id\":\"https:\/\/techmasterdemexico.com\/producto\/fuente-de-alimentacion-de-cc-programable-simulador-de-paneles-solares\/#primaryimage\"},\"image\":{\"@id\":\"https:\/\/techmasterdemexico.com\/producto\/fuente-de-alimentacion-de-cc-programable-simulador-de-paneles-solares\/#primaryimage\"},\"thumbnailUrl\":\"https:\/\/techmasterdemexico.com\/wp-content\/uploads\/2021\/09\/product_slider_62000h-s.jpg\",\"datePublished\":\"2021-09-03T06:10:27+00:00\",\"dateModified\":\"2021-12-28T22:29:42+00:00\",\"breadcrumb\":{\"@id\":\"https:\/\/techmasterdemexico.com\/producto\/fuente-de-alimentacion-de-cc-programable-simulador-de-paneles-solares\/#breadcrumb\"},\"inLanguage\":\"en-US\",\"potentialAction\":[{\"@type\":\"ReadAction\",\"target\":[\"https:\/\/techmasterdemexico.com\/producto\/fuente-de-alimentacion-de-cc-programable-simulador-de-paneles-solares\/\"]}]},{\"@type\":\"ImageObject\",\"inLanguage\":\"en-US\",\"@id\":\"https:\/\/techmasterdemexico.com\/producto\/fuente-de-alimentacion-de-cc-programable-simulador-de-paneles-solares\/#primaryimage\",\"url\":\"https:\/\/techmasterdemexico.com\/wp-content\/uploads\/2021\/09\/product_slider_62000h-s.jpg\",\"contentUrl\":\"https:\/\/techmasterdemexico.com\/wp-content\/uploads\/2021\/09\/product_slider_62000h-s.jpg\",\"width\":500,\"height\":500},{\"@type\":\"BreadcrumbList\",\"@id\":\"https:\/\/techmasterdemexico.com\/producto\/fuente-de-alimentacion-de-cc-programable-simulador-de-paneles-solares\/#breadcrumb\",\"itemListElement\":[{\"@type\":\"ListItem\",\"position\":1,\"name\":\"Portada\",\"item\":\"https:\/\/techmasterdemexico.com\/\"},{\"@type\":\"ListItem\",\"position\":2,\"name\":\"Fuente de alimentaci\u00f3n de CC programable (simulador de paneles solares)\"}]},{\"@type\":\"WebSite\",\"@id\":\"https:\/\/techmasterdemexico.com\/#website\",\"url\":\"https:\/\/techmasterdemexico.com\/\",\"name\":\"Techmaster de Mexico\",\"description\":\"\",\"potentialAction\":[{\"@type\":\"SearchAction\",\"target\":{\"@type\":\"EntryPoint\",\"urlTemplate\":\"https:\/\/techmasterdemexico.com\/?s={search_term_string}\"},\"query-input\":{\"@type\":\"PropertyValueSpecification\",\"valueRequired\":true,\"valueName\":\"search_term_string\"}}],\"inLanguage\":\"en-US\"}]}<\/script>\n<!-- \/ Yoast SEO plugin. -->","yoast_head_json":{"title":"Fuente de alimentaci\u00f3n de CC programable (simulador de paneles solares) - Techmaster de Mexico","robots":{"index":"index","follow":"follow","max-snippet":"max-snippet:-1","max-image-preview":"max-image-preview:large","max-video-preview":"max-video-preview:-1"},"canonical":"https:\/\/techmasterdemexico.com\/producto\/fuente-de-alimentacion-de-cc-programable-simulador-de-paneles-solares\/","og_locale":"en_US","og_type":"article","og_title":"Fuente de alimentaci\u00f3n de CC programable (simulador de paneles solares) - Techmaster de Mexico","og_description":"Rango de voltaje: 0 ~ 600 V \/ 1000 V \/ 1800 V   M\u00f3dulo de alta densidad de potencia de 3U \/ 15kW con f\u00e1cil operaci\u00f3n en paralelo maestro \/ esclavo de hasta 1.5MW   Simulador de matriz solar de respuesta transitoria r\u00e1pida   Simulaci\u00f3n de la caracter\u00edstica IV de varios materiales de c\u00e9lulas solares (factor de relleno)   Simulaci\u00f3n de la intensidad de la irradiaci\u00f3n din\u00e1mica y el nivel de temperatura desde un d\u00eda despejado hasta condiciones de nubosidad   Simulaci\u00f3n de salida de curva IV sombreada   Corriente de fuga baja (&lt;3 mA)   Medidas de precisi\u00f3n V &amp; I   Programa IV autom\u00e1tico: 100 curvas IV y tiempo de permanencia 1-15.000 s   Prueba de eficiencia MPPT est\u00e1tica y din\u00e1mica   Datos registrados a trav\u00e9s de softpanel   Interfaz est\u00e1ndar USB \/ RS232 \/ RS485   Interfaz GPIB \/ Ethernet opcional   An\u00e1lisis en tiempo real del seguimiento MPPT del inversor fotovoltaico a trav\u00e9s del panel de software   Simulador de panel solar opcional para operaci\u00f3n","og_url":"https:\/\/techmasterdemexico.com\/producto\/fuente-de-alimentacion-de-cc-programable-simulador-de-paneles-solares\/","og_site_name":"Techmaster de Mexico","article_modified_time":"2021-12-28T22:29:42+00:00","og_image":[{"width":500,"height":500,"url":"https:\/\/techmasterdemexico.com\/wp-content\/uploads\/2021\/09\/product_slider_62000h-s.jpg","type":"image\/jpeg"}],"twitter_card":"summary_large_image","twitter_misc":{"Est. reading time":"1 minute"},"schema":{"@context":"https:\/\/schema.org","@graph":[{"@type":"WebPage","@id":"https:\/\/techmasterdemexico.com\/producto\/fuente-de-alimentacion-de-cc-programable-simulador-de-paneles-solares\/","url":"https:\/\/techmasterdemexico.com\/producto\/fuente-de-alimentacion-de-cc-programable-simulador-de-paneles-solares\/","name":"Fuente de alimentaci\u00f3n de CC programable (simulador de paneles solares) - Techmaster de Mexico","isPartOf":{"@id":"https:\/\/techmasterdemexico.com\/#website"},"primaryImageOfPage":{"@id":"https:\/\/techmasterdemexico.com\/producto\/fuente-de-alimentacion-de-cc-programable-simulador-de-paneles-solares\/#primaryimage"},"image":{"@id":"https:\/\/techmasterdemexico.com\/producto\/fuente-de-alimentacion-de-cc-programable-simulador-de-paneles-solares\/#primaryimage"},"thumbnailUrl":"https:\/\/techmasterdemexico.com\/wp-content\/uploads\/2021\/09\/product_slider_62000h-s.jpg","datePublished":"2021-09-03T06:10:27+00:00","dateModified":"2021-12-28T22:29:42+00:00","breadcrumb":{"@id":"https:\/\/techmasterdemexico.com\/producto\/fuente-de-alimentacion-de-cc-programable-simulador-de-paneles-solares\/#breadcrumb"},"inLanguage":"en-US","potentialAction":[{"@type":"ReadAction","target":["https:\/\/techmasterdemexico.com\/producto\/fuente-de-alimentacion-de-cc-programable-simulador-de-paneles-solares\/"]}]},{"@type":"ImageObject","inLanguage":"en-US","@id":"https:\/\/techmasterdemexico.com\/producto\/fuente-de-alimentacion-de-cc-programable-simulador-de-paneles-solares\/#primaryimage","url":"https:\/\/techmasterdemexico.com\/wp-content\/uploads\/2021\/09\/product_slider_62000h-s.jpg","contentUrl":"https:\/\/techmasterdemexico.com\/wp-content\/uploads\/2021\/09\/product_slider_62000h-s.jpg","width":500,"height":500},{"@type":"BreadcrumbList","@id":"https:\/\/techmasterdemexico.com\/producto\/fuente-de-alimentacion-de-cc-programable-simulador-de-paneles-solares\/#breadcrumb","itemListElement":[{"@type":"ListItem","position":1,"name":"Portada","item":"https:\/\/techmasterdemexico.com\/"},{"@type":"ListItem","position":2,"name":"Fuente de alimentaci\u00f3n de CC programable (simulador de paneles solares)"}]},{"@type":"WebSite","@id":"https:\/\/techmasterdemexico.com\/#website","url":"https:\/\/techmasterdemexico.com\/","name":"Techmaster de Mexico","description":"","potentialAction":[{"@type":"SearchAction","target":{"@type":"EntryPoint","urlTemplate":"https:\/\/techmasterdemexico.com\/?s={search_term_string}"},"query-input":{"@type":"PropertyValueSpecification","valueRequired":true,"valueName":"search_term_string"}}],"inLanguage":"en-US"}]}},"brands":[{"id":90,"name":"Chroma","slug":"chroma"}],"_links":{"self":[{"href":"https:\/\/techmasterdemexico.com\/en\/wp-json\/wp\/v2\/product\/9038","targetHints":{"allow":["GET"]}}],"collection":[{"href":"https:\/\/techmasterdemexico.com\/en\/wp-json\/wp\/v2\/product"}],"about":[{"href":"https:\/\/techmasterdemexico.com\/en\/wp-json\/wp\/v2\/types\/product"}],"wp:featuredmedia":[{"embeddable":true,"href":"https:\/\/techmasterdemexico.com\/en\/wp-json\/wp\/v2\/media\/9042"}],"wp:attachment":[{"href":"https:\/\/techmasterdemexico.com\/en\/wp-json\/wp\/v2\/media?parent=9038"}],"wp:term":[{"taxonomy":"pwb-brand","embeddable":true,"href":"https:\/\/techmasterdemexico.com\/en\/wp-json\/wp\/v2\/pwb-brand?post=9038"},{"taxonomy":"product_brand","embeddable":true,"href":"https:\/\/techmasterdemexico.com\/en\/wp-json\/wp\/v2\/product_brand?post=9038"},{"taxonomy":"product_cat","embeddable":true,"href":"https:\/\/techmasterdemexico.com\/en\/wp-json\/wp\/v2\/product_cat?post=9038"},{"taxonomy":"product_tag","embeddable":true,"href":"https:\/\/techmasterdemexico.com\/en\/wp-json\/wp\/v2\/product_tag?post=9038"}],"curies":[{"name":"wp","href":"https:\/\/api.w.org\/{rel}","templated":true}]}}