{"id":9036,"date":"2021-09-03T06:10:26","date_gmt":"2021-09-03T06:10:26","guid":{"rendered":"https:\/\/techmastermx.ddns.net\/producto\/fuente-de-alimentacion-de-cc-programable-62000p-series\/"},"modified":"2021-12-28T22:29:43","modified_gmt":"2021-12-28T22:29:43","slug":"fuente-de-alimentacion-de-cc-programable-62000p-series","status":"publish","type":"product","link":"https:\/\/techmasterdemexico.com\/en\/producto\/fuente-de-alimentacion-de-cc-programable-62000p-series\/","title":{"rendered":"Fuente de alimentaci\u00f3n de CC programable 62000P Series"},"content":{"rendered":"<p>Diferenciadores<\/p>\n<ul>\n<li>Constant Power Envelope significa que una de nuestras fuentes de alimentaci\u00f3n generalmente puede reemplazar 2 o 3 de otras marcas.<\/li>\n<li>Capacidad para generar formas de onda transitorias para realizar pruebas seg\u00fan los est\u00e1ndares de la industria para aeronaves, embarcaciones, autom\u00f3viles, etc.<\/li>\n<li>La lectura de alta precisi\u00f3n significa que las lecturas de eficiencia se pueden realizar directamente desde una fuente de CC en lugar de utilizar derivaciones externas y mult\u00edmetros digitales.<\/li>\n<li>Las se\u00f1ales de disparo de salida permiten que los osciloscopios y otros dispositivos se activen para las mediciones de tiempo<\/li>\n<li>Paneles blandos disponibles<\/li>\n<\/ul>\n<p><\/p>","protected":false},"excerpt":{"rendered":"<ul>\n<li>Rango de voltaje: 0 ~ 600 V<\/li>\n<li>Rango de potencia: 600 W, 1200 W, 2400 W, 5000 W<\/li>\n<li>Rango m\u00e1s amplio de voltaje y corriente dentro de la potencia nominal de la fuente de alimentaci\u00f3n<\/li>\n<li>Amplio rango de voltaje y corriente que permite que la unidad funcione a plena potencia en diferentes puntos de ajuste de voltaje<\/li>\n<li>Rango dual<\/li>\n<li>Encendido repetible<\/li>\n<li>Secuenciaci\u00f3n de formas de onda<\/li>\n<li>Programaci\u00f3n de alta velocidad<\/li>\n<li>Medidas de precisi\u00f3n V&amp;I<\/li>\n<li>Uso compartido de corriente para funcionamiento en paralelo con control maestro \/ esclavo<\/li>\n<li>\u00a1La opci\u00f3n LXI ya est\u00e1 disponible! Consulte el cumplimiento de LXI .<\/li>\n<\/ul>\n","protected":false},"featured_media":9046,"template":"","meta":{"_acf_changed":false},"pwb-brand":[90],"product_brand":[],"product_cat":[366,91,112],"product_tag":[],"class_list":{"0":"post-9036","1":"product","2":"type-product","3":"status-publish","4":"has-post-thumbnail","6":"pwb-brand-chroma","7":"product_cat-todos-los-productos","8":"product_cat-chroma","9":"product_cat-power-supplier","11":"first","12":"instock","13":"taxable","14":"shipping-taxable","15":"product-type-simple"},"acf":[],"yoast_head":"<!-- This site is optimized with the Yoast SEO plugin v27.2 - https:\/\/yoast.com\/product\/yoast-seo-wordpress\/ -->\n<title>Fuente de alimentaci\u00f3n de CC programable 62000P Series - Techmaster de Mexico<\/title>\n<meta name=\"robots\" content=\"index, follow, max-snippet:-1, max-image-preview:large, max-video-preview:-1\" \/>\n<link rel=\"canonical\" href=\"https:\/\/techmasterdemexico.com\/producto\/fuente-de-alimentacion-de-cc-programable-62000p-series\/\" \/>\n<meta property=\"og:locale\" content=\"en_US\" \/>\n<meta property=\"og:type\" content=\"article\" \/>\n<meta property=\"og:title\" content=\"Fuente de alimentaci\u00f3n de CC programable 62000P Series - Techmaster de Mexico\" \/>\n<meta property=\"og:description\" content=\"Rango de voltaje: 0 ~ 600 V   Rango de potencia: 600 W, 1200 W, 2400 W, 5000 W   Rango m\u00e1s amplio de voltaje y corriente dentro de la potencia nominal de la fuente de alimentaci\u00f3n   Amplio rango de voltaje y corriente que permite que la unidad funcione a plena potencia en diferentes puntos de ajuste de voltaje   Rango dual   Encendido repetible   Secuenciaci\u00f3n de formas de onda   Programaci\u00f3n de alta velocidad   Medidas de precisi\u00f3n V&amp;I   Uso compartido de corriente para funcionamiento en paralelo con control maestro \/ esclavo   \u00a1La opci\u00f3n LXI ya est\u00e1 disponible! Consulte el cumplimiento de LXI .\" \/>\n<meta property=\"og:url\" content=\"https:\/\/techmasterdemexico.com\/producto\/fuente-de-alimentacion-de-cc-programable-62000p-series\/\" \/>\n<meta property=\"og:site_name\" content=\"Techmaster de Mexico\" \/>\n<meta property=\"article:modified_time\" content=\"2021-12-28T22:29:43+00:00\" \/>\n<meta property=\"og:image\" content=\"https:\/\/techmasterdemexico.com\/wp-content\/uploads\/2021\/09\/product_slider_62000p_2_b.jpg\" \/>\n\t<meta property=\"og:image:width\" content=\"500\" \/>\n\t<meta property=\"og:image:height\" content=\"500\" \/>\n\t<meta property=\"og:image:type\" content=\"image\/jpeg\" \/>\n<meta name=\"twitter:card\" content=\"summary_large_image\" \/>\n<meta name=\"twitter:label1\" content=\"Est. reading time\" \/>\n\t<meta name=\"twitter:data1\" content=\"1 minute\" \/>\n<script type=\"application\/ld+json\" class=\"yoast-schema-graph\">{\"@context\":\"https:\/\/schema.org\",\"@graph\":[{\"@type\":\"WebPage\",\"@id\":\"https:\/\/techmasterdemexico.com\/producto\/fuente-de-alimentacion-de-cc-programable-62000p-series\/\",\"url\":\"https:\/\/techmasterdemexico.com\/producto\/fuente-de-alimentacion-de-cc-programable-62000p-series\/\",\"name\":\"Fuente de alimentaci\u00f3n de CC programable 62000P Series - Techmaster de Mexico\",\"isPartOf\":{\"@id\":\"https:\/\/techmasterdemexico.com\/#website\"},\"primaryImageOfPage\":{\"@id\":\"https:\/\/techmasterdemexico.com\/producto\/fuente-de-alimentacion-de-cc-programable-62000p-series\/#primaryimage\"},\"image\":{\"@id\":\"https:\/\/techmasterdemexico.com\/producto\/fuente-de-alimentacion-de-cc-programable-62000p-series\/#primaryimage\"},\"thumbnailUrl\":\"https:\/\/techmasterdemexico.com\/wp-content\/uploads\/2021\/09\/product_slider_62000p_2_b.jpg\",\"datePublished\":\"2021-09-03T06:10:26+00:00\",\"dateModified\":\"2021-12-28T22:29:43+00:00\",\"breadcrumb\":{\"@id\":\"https:\/\/techmasterdemexico.com\/producto\/fuente-de-alimentacion-de-cc-programable-62000p-series\/#breadcrumb\"},\"inLanguage\":\"en-US\",\"potentialAction\":[{\"@type\":\"ReadAction\",\"target\":[\"https:\/\/techmasterdemexico.com\/producto\/fuente-de-alimentacion-de-cc-programable-62000p-series\/\"]}]},{\"@type\":\"ImageObject\",\"inLanguage\":\"en-US\",\"@id\":\"https:\/\/techmasterdemexico.com\/producto\/fuente-de-alimentacion-de-cc-programable-62000p-series\/#primaryimage\",\"url\":\"https:\/\/techmasterdemexico.com\/wp-content\/uploads\/2021\/09\/product_slider_62000p_2_b.jpg\",\"contentUrl\":\"https:\/\/techmasterdemexico.com\/wp-content\/uploads\/2021\/09\/product_slider_62000p_2_b.jpg\",\"width\":500,\"height\":500},{\"@type\":\"BreadcrumbList\",\"@id\":\"https:\/\/techmasterdemexico.com\/producto\/fuente-de-alimentacion-de-cc-programable-62000p-series\/#breadcrumb\",\"itemListElement\":[{\"@type\":\"ListItem\",\"position\":1,\"name\":\"Portada\",\"item\":\"https:\/\/techmasterdemexico.com\/\"},{\"@type\":\"ListItem\",\"position\":2,\"name\":\"Fuente de alimentaci\u00f3n de CC programable 62000P Series\"}]},{\"@type\":\"WebSite\",\"@id\":\"https:\/\/techmasterdemexico.com\/#website\",\"url\":\"https:\/\/techmasterdemexico.com\/\",\"name\":\"Techmaster de Mexico\",\"description\":\"\",\"potentialAction\":[{\"@type\":\"SearchAction\",\"target\":{\"@type\":\"EntryPoint\",\"urlTemplate\":\"https:\/\/techmasterdemexico.com\/?s={search_term_string}\"},\"query-input\":{\"@type\":\"PropertyValueSpecification\",\"valueRequired\":true,\"valueName\":\"search_term_string\"}}],\"inLanguage\":\"en-US\"}]}<\/script>\n<!-- \/ Yoast SEO plugin. -->","yoast_head_json":{"title":"Fuente de alimentaci\u00f3n de CC programable 62000P Series - Techmaster de Mexico","robots":{"index":"index","follow":"follow","max-snippet":"max-snippet:-1","max-image-preview":"max-image-preview:large","max-video-preview":"max-video-preview:-1"},"canonical":"https:\/\/techmasterdemexico.com\/producto\/fuente-de-alimentacion-de-cc-programable-62000p-series\/","og_locale":"en_US","og_type":"article","og_title":"Fuente de alimentaci\u00f3n de CC programable 62000P Series - Techmaster de Mexico","og_description":"Rango de voltaje: 0 ~ 600 V   Rango de potencia: 600 W, 1200 W, 2400 W, 5000 W   Rango m\u00e1s amplio de voltaje y corriente dentro de la potencia nominal de la fuente de alimentaci\u00f3n   Amplio rango de voltaje y corriente que permite que la unidad funcione a plena potencia en diferentes puntos de ajuste de voltaje   Rango dual   Encendido repetible   Secuenciaci\u00f3n de formas de onda   Programaci\u00f3n de alta velocidad   Medidas de precisi\u00f3n V&amp;I   Uso compartido de corriente para funcionamiento en paralelo con control maestro \/ esclavo   \u00a1La opci\u00f3n LXI ya est\u00e1 disponible! Consulte el cumplimiento de LXI .","og_url":"https:\/\/techmasterdemexico.com\/producto\/fuente-de-alimentacion-de-cc-programable-62000p-series\/","og_site_name":"Techmaster de Mexico","article_modified_time":"2021-12-28T22:29:43+00:00","og_image":[{"width":500,"height":500,"url":"https:\/\/techmasterdemexico.com\/wp-content\/uploads\/2021\/09\/product_slider_62000p_2_b.jpg","type":"image\/jpeg"}],"twitter_card":"summary_large_image","twitter_misc":{"Est. reading time":"1 minute"},"schema":{"@context":"https:\/\/schema.org","@graph":[{"@type":"WebPage","@id":"https:\/\/techmasterdemexico.com\/producto\/fuente-de-alimentacion-de-cc-programable-62000p-series\/","url":"https:\/\/techmasterdemexico.com\/producto\/fuente-de-alimentacion-de-cc-programable-62000p-series\/","name":"Fuente de alimentaci\u00f3n de CC programable 62000P Series - Techmaster de Mexico","isPartOf":{"@id":"https:\/\/techmasterdemexico.com\/#website"},"primaryImageOfPage":{"@id":"https:\/\/techmasterdemexico.com\/producto\/fuente-de-alimentacion-de-cc-programable-62000p-series\/#primaryimage"},"image":{"@id":"https:\/\/techmasterdemexico.com\/producto\/fuente-de-alimentacion-de-cc-programable-62000p-series\/#primaryimage"},"thumbnailUrl":"https:\/\/techmasterdemexico.com\/wp-content\/uploads\/2021\/09\/product_slider_62000p_2_b.jpg","datePublished":"2021-09-03T06:10:26+00:00","dateModified":"2021-12-28T22:29:43+00:00","breadcrumb":{"@id":"https:\/\/techmasterdemexico.com\/producto\/fuente-de-alimentacion-de-cc-programable-62000p-series\/#breadcrumb"},"inLanguage":"en-US","potentialAction":[{"@type":"ReadAction","target":["https:\/\/techmasterdemexico.com\/producto\/fuente-de-alimentacion-de-cc-programable-62000p-series\/"]}]},{"@type":"ImageObject","inLanguage":"en-US","@id":"https:\/\/techmasterdemexico.com\/producto\/fuente-de-alimentacion-de-cc-programable-62000p-series\/#primaryimage","url":"https:\/\/techmasterdemexico.com\/wp-content\/uploads\/2021\/09\/product_slider_62000p_2_b.jpg","contentUrl":"https:\/\/techmasterdemexico.com\/wp-content\/uploads\/2021\/09\/product_slider_62000p_2_b.jpg","width":500,"height":500},{"@type":"BreadcrumbList","@id":"https:\/\/techmasterdemexico.com\/producto\/fuente-de-alimentacion-de-cc-programable-62000p-series\/#breadcrumb","itemListElement":[{"@type":"ListItem","position":1,"name":"Portada","item":"https:\/\/techmasterdemexico.com\/"},{"@type":"ListItem","position":2,"name":"Fuente de alimentaci\u00f3n de CC programable 62000P Series"}]},{"@type":"WebSite","@id":"https:\/\/techmasterdemexico.com\/#website","url":"https:\/\/techmasterdemexico.com\/","name":"Techmaster de Mexico","description":"","potentialAction":[{"@type":"SearchAction","target":{"@type":"EntryPoint","urlTemplate":"https:\/\/techmasterdemexico.com\/?s={search_term_string}"},"query-input":{"@type":"PropertyValueSpecification","valueRequired":true,"valueName":"search_term_string"}}],"inLanguage":"en-US"}]}},"brands":[{"id":90,"name":"Chroma","slug":"chroma"}],"_links":{"self":[{"href":"https:\/\/techmasterdemexico.com\/en\/wp-json\/wp\/v2\/product\/9036","targetHints":{"allow":["GET"]}}],"collection":[{"href":"https:\/\/techmasterdemexico.com\/en\/wp-json\/wp\/v2\/product"}],"about":[{"href":"https:\/\/techmasterdemexico.com\/en\/wp-json\/wp\/v2\/types\/product"}],"wp:featuredmedia":[{"embeddable":true,"href":"https:\/\/techmasterdemexico.com\/en\/wp-json\/wp\/v2\/media\/9046"}],"wp:attachment":[{"href":"https:\/\/techmasterdemexico.com\/en\/wp-json\/wp\/v2\/media?parent=9036"}],"wp:term":[{"taxonomy":"pwb-brand","embeddable":true,"href":"https:\/\/techmasterdemexico.com\/en\/wp-json\/wp\/v2\/pwb-brand?post=9036"},{"taxonomy":"product_brand","embeddable":true,"href":"https:\/\/techmasterdemexico.com\/en\/wp-json\/wp\/v2\/product_brand?post=9036"},{"taxonomy":"product_cat","embeddable":true,"href":"https:\/\/techmasterdemexico.com\/en\/wp-json\/wp\/v2\/product_cat?post=9036"},{"taxonomy":"product_tag","embeddable":true,"href":"https:\/\/techmasterdemexico.com\/en\/wp-json\/wp\/v2\/product_tag?post=9036"}],"curies":[{"name":"wp","href":"https:\/\/api.w.org\/{rel}","templated":true}]}}